{"id":3226,"date":"2013-08-05T09:28:55","date_gmt":"2013-08-05T09:28:55","guid":{"rendered":"http:\/\/www.humanium.org\/es\/?page_id=3226"},"modified":"2025-12-05T17:43:55","modified_gmt":"2025-12-05T17:43:55","slug":"japon","status":"publish","type":"page","link":"https:\/\/www.humanium.org\/es\/japon\/","title":{"rendered":"Ni\u00f1os de Jap\u00f3n"},"content":{"rendered":"<h1>Ni\u00f1os de Jap\u00f3n<\/h1>\n<h2>Descubriendo los Derechos del Ni\u00f1o en Jap\u00f3n<\/h2>\n<p style=\"text-align: center;\"><img loading=\"lazy\" decoding=\"async\" class=\"alignnone size-full wp-image-13875\" title=\"Ni\u00f1a de Jap\u00f3n \u00a9 Tolga Musato (flickr)\" src=\"https:\/\/www.humanium.org\/fr\/wp-content\/uploads\/2011\/08\/japon-fille-tolga-musato-flickr.jpg\" alt=\"\" width=\"144\" height=\"192\" \/>\u00a0<img loading=\"lazy\" decoding=\"async\" class=\"alignnone size-full wp-image-13876\" title=\"Ni\u00f1o de Jap\u00f3n \u00a9 Usr.c (flick)\" src=\"https:\/\/www.humanium.org\/fr\/wp-content\/uploads\/2011\/08\/japon-garcon-usr.c-flick.jpg\" alt=\"\" width=\"287\" height=\"191\" \/><\/p>\n<p>Hay una isla al Este de Asia que se llama Jap\u00f3n. Como tercera potencia mundial, sus habitantes gozan de una vida digna y de gran esperanza de vida, adem\u00e1s de presumir de un \u201cestatus\u201d privilegiado en materia de<a href=\"https:\/\/www.humanium.org\/es\/derechos-ninos\/\">\u00a0derechos infantiles<\/a>. No obstante, y a pesar de esta id\u00edlica imagen, el archipi\u00e9lago nip\u00f3n afronta ciertos problemas relativos a la infancia.<\/p>\n<h3>Principales problemas a los que se enfrentan los ni\u00f1os en Japon:<\/h3>\n<p><a href=\"https:\/\/www.humanium.org\/es\/pobreza-infantil\/\"><strong>Pobreza<\/strong><\/a><\/p>\n<p>M\u00e1s de un 15 por ciento de japoneses vive en la miseria. Se trata de una cifra muy chocante, sobre todo teniendo en cuenta que durante mucho tiempo Jap\u00f3n se ha considerado un pa\u00eds igualitario. Pero la situaci\u00f3n resulta a\u00fan m\u00e1s preocupante entre las familias monoparentales, especialmente las formadas por madres solteras que, a menudo, se ven obligadas a desempe\u00f1ar m\u00e1s de un empleo a la vez.<\/p>\n<p>Asimismo, el incremento del n\u00famero de <a href=\"https:\/\/www.humanium.org\/es\/pobreza-infantil\/\">ni\u00f1os pobres<\/a>\u00a0o de escasos recursos que se est\u00e1n beneficiando de becas escolares es un indicador de la expansi\u00f3n de la profunda pobreza que atraviesa el pa\u00eds. Desde el momento en que se les otorgan las ayudas, estos ni\u00f1os comienzan a vivir bajo una gran inseguridad y sus derechos fundamentales se ven r\u00e1pidamente comprometidos.<\/p>\n<p><a href=\"https:\/\/www.humanium.org\/es\/explotacion-sexual-infantil\/\"><strong>Abuso infantil<\/strong><\/a><\/p>\n<p><img loading=\"lazy\" decoding=\"async\" class=\"alignright size-full wp-image-14159\" title=\"\u201cLa vida en casa es un infierno para algunos ni\u00f1os\u201d \u00a9Benjamin Krause (flickr)\" src=\"https:\/\/www.humanium.org\/fr\/wp-content\/uploads\/2011\/09\/violences-benjaminkrause-flickr.jpg\" alt=\"\" width=\"136\" height=\"200\" \/> En Jap\u00f3n, los casos de<a href=\"https:\/\/www.humanium.org\/es\/abuso-infantil\/\"> abuso infantil<\/a> est\u00e1n alcanzando un nuevo r\u00e9cord. En los diez \u00faltimos a\u00f1os, las estad\u00edsticas han crecido exponencialmente: en 1990 hubo 1.000 casos de abusos (f\u00edsicos y sexuales), en comparaci\u00f3n con los 55.000 casos que se registraron en 2010.<\/p>\n<p>Ni\u00f1os descuidados, encerrados, malnutridos o incluso apaleados son una se\u00f1al clara de que el sistema de protecci\u00f3n de los ni\u00f1os japoneses est\u00e1 al borde del colapso. Para remediar esta situaci\u00f3n, se deber\u00eda educar y sensibilizar a las familias japonesas.<\/p>\n<p><a href=\"https:\/\/www.humanium.org\/es\/no-discriminacion\/\"><strong>Igualdad de derechos<\/strong><\/a><\/p>\n<p>En Jap\u00f3n existe una gran <a href=\"https:\/\/www.humanium.org\/es\/no-discriminacion\/\">discriminaci\u00f3n<\/a> en lo que se refiere a los <a href=\"https:\/\/www.humanium.org\/es\/derechos-ninos\/\">derechos de los ni\u00f1os<\/a>. Esta conciliaci\u00f3n de derechos se produce de dos formas: de raza y de g\u00e9nero.<\/p>\n<p>En cuanto a la discriminaci\u00f3n de g\u00e9nero, se considera que las ni\u00f1as deber\u00e1n ser buenas amas de casa, mientras que los ni\u00f1os deber\u00e1n alcanzar profesiones de prestigio.<\/p>\n<p>Respecto a la discriminaci\u00f3n racial, es habitual que los ni\u00f1os nacidos de padres no japoneses sean discriminados. Los otros ni\u00f1os les rechazan incluso en el \u00e1mbito escolar y son objeto de burla. Al afrontar esta situaci\u00f3n, los maestros y los padres casi nunca dejan que los ni\u00f1os sean conscientes de los problemas del racismo. Cuando lo que deber\u00edan hacer es ense\u00f1ar a los ni\u00f1os a respetarse mutuamente y a aceptar las diferencias.<\/p>\n<p><a href=\"https:\/\/www.humanium.org\/es\/derecho-educacion\/\"><strong>Derecho a la educaci\u00f3n<\/strong><\/a><\/p>\n<p><img loading=\"lazy\" decoding=\"async\" class=\"alignright size-full wp-image-14160\" title=\"La carrera por la excelencia comienza a una edad muy temprana en Jap\u00f3n \u00a9 Dana Spencer (flickr)\" src=\"https:\/\/www.humanium.org\/fr\/wp-content\/uploads\/2011\/09\/education-danaspencer-noretouch-flickr.jpg\" alt=\"\" width=\"236\" height=\"178\" \/> El sistema universitario japon\u00e9s es muy elitista. Desde la guarder\u00eda, los ni\u00f1os trabajan muy duro para acceder a la universidad e incluso hay guarder\u00edas en las que el simple acceso ya es competitivo.<\/p>\n<p>Como cabe esperar, las consecuencias son desastrosas para los ni\u00f1os, pues, bajo la presi\u00f3n constante del \u00abdeber de excelencia\u00bb, algunos terminan suicid\u00e1ndose como \u00fanica v\u00eda de escape. Por desgracia, en Jap\u00f3n se registran numerosos casos de estudiantes que llegan al extremo de quitarse la vida al no poder soportar la presi\u00f3n que les supone la escuela.<\/p>\n<p><a href=\"https:\/\/www.humanium.org\/es\/explotacion-sexual-infantil\/\"><strong>Explotaci\u00f3n sexual de los ni\u00f1os<\/strong><\/a><\/p>\n<p><img loading=\"lazy\" decoding=\"async\" class=\"alignright size-full wp-image-14162\" title=\"\u201cLa infancia es un derecho inalienable\u201d \u00a9 Aranmanoth (flickr)\" src=\"https:\/\/www.humanium.org\/fr\/wp-content\/uploads\/2011\/09\/exploitation-aranmanoth-flickr.jpg\" alt=\"\" width=\"124\" height=\"200\" \/>Jap\u00f3n es un pa\u00eds conocido en la regi\u00f3n por <a href=\"https:\/\/www.humanium.org\/es\/trata-ninos\/\">el tr\u00e1fico de j\u00f3venes adolescentes<\/a> de Asia, Latinoam\u00e9rica y Europa del Este, especialmente del sexo femenino. Les hacen creer que en Jap\u00f3n tendr\u00e1n un buen trabajo, pero la realidad es muy diferente: las obligan a convertirse en <a href=\"https:\/\/www.humanium.org\/es\/prostitucion-infantil\/\">prostitutas.<\/a><\/p>\n<p>Estas v\u00edctimas se encuentran desprotegidas y, a menudo, se las considera \u00abcriminales\u00bb por haber violado las leyes de inmigraci\u00f3n. Las j\u00f3venes terminan siendo deportadas a su pa\u00eds de origen sin ning\u00fan tipo de ayuda psicol\u00f3gica o material. Durante algunos a\u00f1os, Jap\u00f3n ha estdo priorizando este problemas entre sus programas sociales y de inmigraci\u00f3n, pero todav\u00eda se necesita avanzar en estas pol\u00edticas.<\/p>\n<p><strong>Medioambiente<\/strong><\/p>\n<p><img loading=\"lazy\" decoding=\"async\" class=\"alignright size-full wp-image-14163\" title=\"\u201cLa alta huella ecol\u00f3gica de Jap\u00f3n es nociva para la salud de los ni\u00f1os\u201d \u00a9 Paul Rossman (flickr)\" src=\"https:\/\/www.humanium.org\/fr\/wp-content\/uploads\/2011\/09\/environment-paulrossman-noretouch-flickr.jpg\" alt=\"\" width=\"259\" height=\"194\" \/>Con 4,9 toneladas de emisi\u00f3n de CO\u00b2 por habitante al a\u00f1o, se podr\u00eda decir que la situaci\u00f3n de Jap\u00f3n en cuanto a contaminaci\u00f3n podr\u00eda mejorarse. \u00c9sta tiene un impacto nocivo en las vidas de los ni\u00f1os y en sus perspectivas de futuro, ya que su derecho a vivir en un lugar saludable no se respeta. Por tanto, Jap\u00f3n tiene que esforzarse en reducir su huella ecol\u00f3gica (superficie de tierra necesaria para una persona de modo que pueda producir lo que consume y asimilar los residuos que utilice).<\/p>\n","protected":false},"excerpt":{"rendered":"<p>Ni\u00f1os de Jap\u00f3n Descubriendo los Derechos del Ni\u00f1o en Jap\u00f3n \u00a0 Hay una isla al Este de Asia que se llama Jap\u00f3n. Como tercera potencia mundial, sus habitantes gozan de una vida digna y de gran esperanza de vida, adem\u00e1s de presumir de un \u201cestatus\u201d privilegiado en materia de\u00a0derechos infantiles. No obstante, y a pesar [&hellip;]<\/p>\n","protected":false},"author":1,"featured_media":0,"parent":0,"menu_order":0,"comment_status":"closed","ping_status":"open","template":"","meta":{"footnotes":""},"class_list":["post-3226","page","type-page","status-publish","hentry"],"yoast_head":"<!-- This site is optimized with the Yoast SEO plugin v26.5 - https:\/\/yoast.com\/wordpress\/plugins\/seo\/ -->\n<title>Ni\u00f1os de Jap\u00f3n - Humanium<\/title>\n<meta name=\"description\" content=\"Jap\u00f3n tiene un \u201cestatus\u201d privilegiado en materia de\u00a0derechos infantiles. No obstante, el pa\u00eds afronta ciertos problemas relativos a la infancia.\" \/>\n<meta name=\"robots\" content=\"index, follow, max-snippet:-1, max-image-preview:large, max-video-preview:-1\" \/>\n<link rel=\"canonical\" href=\"https:\/\/www.humanium.org\/es\/japon\/\" \/>\n<meta property=\"og:locale\" content=\"es_ES\" \/>\n<meta property=\"og:type\" content=\"article\" \/>\n<meta property=\"og:title\" content=\"Ni\u00f1os de Jap\u00f3n - Humanium\" \/>\n<meta property=\"og:description\" content=\"Jap\u00f3n tiene un \u201cestatus\u201d privilegiado en materia de\u00a0derechos infantiles. No obstante, el pa\u00eds afronta ciertos problemas relativos a la infancia.\" \/>\n<meta property=\"og:url\" content=\"https:\/\/www.humanium.org\/es\/japon\/\" \/>\n<meta property=\"og:site_name\" content=\"Humanium\" \/>\n<meta property=\"article:modified_time\" content=\"2025-12-05T17:43:55+00:00\" \/>\n<meta name=\"twitter:card\" content=\"summary_large_image\" \/>\n<meta name=\"twitter:label1\" content=\"Tiempo de lectura\" \/>\n\t<meta name=\"twitter:data1\" content=\"5 minutos\" \/>\n<script type=\"application\/ld+json\" class=\"yoast-schema-graph\">{\"@context\":\"https:\/\/schema.org\",\"@graph\":[{\"@type\":\"WebPage\",\"@id\":\"https:\/\/www.humanium.org\/es\/japon\/\",\"url\":\"https:\/\/www.humanium.org\/es\/japon\/\",\"name\":\"Ni\u00f1os de Jap\u00f3n - Humanium\",\"isPartOf\":{\"@id\":\"https:\/\/www.humanium.org\/es\/#website\"},\"primaryImageOfPage\":{\"@id\":\"https:\/\/www.humanium.org\/es\/japon\/#primaryimage\"},\"image\":{\"@id\":\"https:\/\/www.humanium.org\/es\/japon\/#primaryimage\"},\"thumbnailUrl\":\"https:\/\/www.humanium.org\/fr\/wp-content\/uploads\/2011\/08\/japon-fille-tolga-musato-flickr.jpg\",\"datePublished\":\"2013-08-05T09:28:55+00:00\",\"dateModified\":\"2025-12-05T17:43:55+00:00\",\"description\":\"Jap\u00f3n tiene un \u201cestatus\u201d privilegiado en materia de\u00a0derechos infantiles. No obstante, el pa\u00eds afronta ciertos problemas relativos a la infancia.\",\"breadcrumb\":{\"@id\":\"https:\/\/www.humanium.org\/es\/japon\/#breadcrumb\"},\"inLanguage\":\"es\",\"potentialAction\":[{\"@type\":\"ReadAction\",\"target\":[\"https:\/\/www.humanium.org\/es\/japon\/\"]}]},{\"@type\":\"ImageObject\",\"inLanguage\":\"es\",\"@id\":\"https:\/\/www.humanium.org\/es\/japon\/#primaryimage\",\"url\":\"https:\/\/www.humanium.org\/fr\/wp-content\/uploads\/2011\/08\/japon-fille-tolga-musato-flickr.jpg\",\"contentUrl\":\"https:\/\/www.humanium.org\/fr\/wp-content\/uploads\/2011\/08\/japon-fille-tolga-musato-flickr.jpg\"},{\"@type\":\"BreadcrumbList\",\"@id\":\"https:\/\/www.humanium.org\/es\/japon\/#breadcrumb\",\"itemListElement\":[{\"@type\":\"ListItem\",\"position\":1,\"name\":\"Home\",\"item\":\"https:\/\/www.humanium.org\/es\/\"},{\"@type\":\"ListItem\",\"position\":2,\"name\":\"Ni\u00f1os de Jap\u00f3n\"}]},{\"@type\":\"WebSite\",\"@id\":\"https:\/\/www.humanium.org\/es\/#website\",\"url\":\"https:\/\/www.humanium.org\/es\/\",\"name\":\"Humanium\",\"description\":\"\u00a1Los ni\u00f1os primero!\",\"potentialAction\":[{\"@type\":\"SearchAction\",\"target\":{\"@type\":\"EntryPoint\",\"urlTemplate\":\"https:\/\/www.humanium.org\/es\/?s={search_term_string}\"},\"query-input\":{\"@type\":\"PropertyValueSpecification\",\"valueRequired\":true,\"valueName\":\"search_term_string\"}}],\"inLanguage\":\"es\"}]}<\/script>\n<!-- \/ Yoast SEO plugin. -->","yoast_head_json":{"title":"Ni\u00f1os de Jap\u00f3n - Humanium","description":"Jap\u00f3n tiene un \u201cestatus\u201d privilegiado en materia de\u00a0derechos infantiles. No obstante, el pa\u00eds afronta ciertos problemas relativos a la infancia.","robots":{"index":"index","follow":"follow","max-snippet":"max-snippet:-1","max-image-preview":"max-image-preview:large","max-video-preview":"max-video-preview:-1"},"canonical":"https:\/\/www.humanium.org\/es\/japon\/","og_locale":"es_ES","og_type":"article","og_title":"Ni\u00f1os de Jap\u00f3n - Humanium","og_description":"Jap\u00f3n tiene un \u201cestatus\u201d privilegiado en materia de\u00a0derechos infantiles. No obstante, el pa\u00eds afronta ciertos problemas relativos a la infancia.","og_url":"https:\/\/www.humanium.org\/es\/japon\/","og_site_name":"Humanium","article_modified_time":"2025-12-05T17:43:55+00:00","twitter_card":"summary_large_image","twitter_misc":{"Tiempo de lectura":"5 minutos"},"schema":{"@context":"https:\/\/schema.org","@graph":[{"@type":"WebPage","@id":"https:\/\/www.humanium.org\/es\/japon\/","url":"https:\/\/www.humanium.org\/es\/japon\/","name":"Ni\u00f1os de Jap\u00f3n - Humanium","isPartOf":{"@id":"https:\/\/www.humanium.org\/es\/#website"},"primaryImageOfPage":{"@id":"https:\/\/www.humanium.org\/es\/japon\/#primaryimage"},"image":{"@id":"https:\/\/www.humanium.org\/es\/japon\/#primaryimage"},"thumbnailUrl":"https:\/\/www.humanium.org\/fr\/wp-content\/uploads\/2011\/08\/japon-fille-tolga-musato-flickr.jpg","datePublished":"2013-08-05T09:28:55+00:00","dateModified":"2025-12-05T17:43:55+00:00","description":"Jap\u00f3n tiene un \u201cestatus\u201d privilegiado en materia de\u00a0derechos infantiles. No obstante, el pa\u00eds afronta ciertos problemas relativos a la infancia.","breadcrumb":{"@id":"https:\/\/www.humanium.org\/es\/japon\/#breadcrumb"},"inLanguage":"es","potentialAction":[{"@type":"ReadAction","target":["https:\/\/www.humanium.org\/es\/japon\/"]}]},{"@type":"ImageObject","inLanguage":"es","@id":"https:\/\/www.humanium.org\/es\/japon\/#primaryimage","url":"https:\/\/www.humanium.org\/fr\/wp-content\/uploads\/2011\/08\/japon-fille-tolga-musato-flickr.jpg","contentUrl":"https:\/\/www.humanium.org\/fr\/wp-content\/uploads\/2011\/08\/japon-fille-tolga-musato-flickr.jpg"},{"@type":"BreadcrumbList","@id":"https:\/\/www.humanium.org\/es\/japon\/#breadcrumb","itemListElement":[{"@type":"ListItem","position":1,"name":"Home","item":"https:\/\/www.humanium.org\/es\/"},{"@type":"ListItem","position":2,"name":"Ni\u00f1os de Jap\u00f3n"}]},{"@type":"WebSite","@id":"https:\/\/www.humanium.org\/es\/#website","url":"https:\/\/www.humanium.org\/es\/","name":"Humanium","description":"\u00a1Los ni\u00f1os primero!","potentialAction":[{"@type":"SearchAction","target":{"@type":"EntryPoint","urlTemplate":"https:\/\/www.humanium.org\/es\/?s={search_term_string}"},"query-input":{"@type":"PropertyValueSpecification","valueRequired":true,"valueName":"search_term_string"}}],"inLanguage":"es"}]}},"_links":{"self":[{"href":"https:\/\/www.humanium.org\/es\/wp-json\/wp\/v2\/pages\/3226","targetHints":{"allow":["GET"]}}],"collection":[{"href":"https:\/\/www.humanium.org\/es\/wp-json\/wp\/v2\/pages"}],"about":[{"href":"https:\/\/www.humanium.org\/es\/wp-json\/wp\/v2\/types\/page"}],"author":[{"embeddable":true,"href":"https:\/\/www.humanium.org\/es\/wp-json\/wp\/v2\/users\/1"}],"replies":[{"embeddable":true,"href":"https:\/\/www.humanium.org\/es\/wp-json\/wp\/v2\/comments?post=3226"}],"version-history":[{"count":3,"href":"https:\/\/www.humanium.org\/es\/wp-json\/wp\/v2\/pages\/3226\/revisions"}],"predecessor-version":[{"id":20416,"href":"https:\/\/www.humanium.org\/es\/wp-json\/wp\/v2\/pages\/3226\/revisions\/20416"}],"wp:attachment":[{"href":"https:\/\/www.humanium.org\/es\/wp-json\/wp\/v2\/media?parent=3226"}],"curies":[{"name":"wp","href":"https:\/\/api.w.org\/{rel}","templated":true}]}}