{"id":3268,"date":"2013-08-07T07:16:53","date_gmt":"2013-08-07T07:16:53","guid":{"rendered":"http:\/\/www.humanium.org\/es\/?page_id=3268"},"modified":"2023-10-22T12:40:56","modified_gmt":"2023-10-22T12:40:56","slug":"helpline","status":"publish","type":"page","link":"https:\/\/www.humanium.org\/es\/helpline\/","title":{"rendered":"Helpline"},"content":{"rendered":"<h2>Solicitud de ayuda para el respeto de los derechos de los ni\u00f1os<\/h2>\n<p>En el supuesto de que se constate alg\u00fan caso de violaci\u00f3n de los derechos infantiles de alg\u00fan menor, comun\u00edcate con nosotros. Humanium har\u00e1 todo lo posible por ofrecerte asesor\u00eda y consejos que te sirvan de orientaci\u00f3n o te pondr\u00e1n en contacto con las instituciones competentes, en caso de ser oportuno.<br>\nEstos datos ser\u00e1n utilizados exclusivamente por Humanium. Respetamos tu derecho a la privacidad: <a href=\"https:\/\/www.humanium.org\/es\/declaracion-de-confidencialidad\/\">Declaraci\u00f3n de confidencialidad<\/a>.<br>\n\n<div class=\"wpcf7 no-js\" id=\"wpcf7-f3270-o1\" lang=\"en-US\" dir=\"ltr\" data-wpcf7-id=\"3270\">\n<div class=\"screen-reader-response\"><p role=\"status\" aria-live=\"polite\" aria-atomic=\"true\"><\/p> <ul><\/ul><\/div>\n<form action=\"\/es\/wp-json\/wp\/v2\/pages\/3268#wpcf7-f3270-o1\" method=\"post\" class=\"wpcf7-form init\" aria-label=\"Contact form\" enctype=\"multipart\/form-data\" novalidate=\"novalidate\" data-status=\"init\">\n<fieldset class=\"hidden-fields-container\"><input type=\"hidden\" name=\"_wpcf7\" value=\"3270\" \/><input type=\"hidden\" name=\"_wpcf7_version\" value=\"6.1.4\" \/><input type=\"hidden\" name=\"_wpcf7_locale\" value=\"en_US\" \/><input type=\"hidden\" name=\"_wpcf7_unit_tag\" value=\"wpcf7-f3270-o1\" \/><input type=\"hidden\" name=\"_wpcf7_container_post\" value=\"0\" \/><input type=\"hidden\" name=\"_wpcf7_posted_data_hash\" value=\"\" \/>\n<\/fieldset>\n<p><span style=\"font-size: 0.7em; color: #999999;\">* required fields<\/span>\n<\/p>\n<div class=\"col-sm-12 col-md-12 col-lg-12 col-xl-12\">\n\t<h2>Informaci\u00f3n\n\t<\/h2>\n<\/div>\n<div class=\"col-sm-12 col-md-12 col-lg-6 col-xl-6\">\n\t<p><label>Titulo<sup>*<\/sup><\/label><br \/>\n<span class=\"wpcf7-form-control-wrap\" data-name=\"champ_civ\"><select class=\"wpcf7-form-control wpcf7-select wpcf7-validates-as-required\" aria-required=\"true\" aria-invalid=\"false\" name=\"champ_civ\"><option value=\"\">&#8212;Please choose an option&#8212;<\/option><option value=\"Se\u00f1ora\">Se\u00f1ora<\/option><option value=\"Se\u00f1or\">Se\u00f1or<\/option><\/select><\/span>\n\t<\/p>\n<\/div>\n<div class=\"col-sm-12 col-md-12 col-lg-6 col-xl-6\">\n\t<p><label>Apellido<sup>*<\/sup><\/label><br \/>\n<span class=\"wpcf7-form-control-wrap\" data-name=\"champ_nom\"><input size=\"20\" maxlength=\"400\" class=\"wpcf7-form-control wpcf7-text wpcf7-validates-as-required\" aria-required=\"true\" aria-invalid=\"false\" value=\"\" type=\"text\" name=\"champ_nom\" \/><\/span>\n\t<\/p>\n<\/div>\n<div class=\"col-sm-12 col-md-12 col-lg-6 col-xl-6\">\n\t<p><label>Nombre<sup>*<\/sup><\/label><br \/>\n<span class=\"wpcf7-form-control-wrap\" data-name=\"champ_prenom\"><input size=\"20\" maxlength=\"400\" class=\"wpcf7-form-control wpcf7-text wpcf7-validates-as-required\" aria-required=\"true\" aria-invalid=\"false\" value=\"\" type=\"text\" name=\"champ_prenom\" \/><\/span>\n\t<\/p>\n<\/div>\n<div class=\"col-sm-12 col-md-12 col-lg-6 col-xl-6\">\n\t<p><label>Nacionalidad<sup>*<\/sup><\/label><br \/>\n<span class=\"wpcf7-form-control-wrap\" data-name=\"champ_nationalite\"><input size=\"20\" maxlength=\"400\" class=\"wpcf7-form-control wpcf7-text wpcf7-validates-as-required\" aria-required=\"true\" aria-invalid=\"false\" value=\"\" type=\"text\" name=\"champ_nationalite\" \/><\/span>\n\t<\/p>\n<\/div>\n<div class=\"col-sm-12 col-md-12 col-lg-12 col-xl-12\">\n\t<p><label>Correo electr\u00f3nico<sup>*<\/sup><\/label><br \/>\n<span class=\"wpcf7-form-control-wrap\" data-name=\"champ_email\"><input size=\"50\" maxlength=\"400\" class=\"wpcf7-form-control wpcf7-email wpcf7-validates-as-required wpcf7-text wpcf7-validates-as-email\" aria-required=\"true\" aria-invalid=\"false\" value=\"\" type=\"email\" name=\"champ_email\" \/><\/span>\n\t<\/p>\n<\/div>\n<div class=\"col-sm-12 col-md-12 col-lg-6 col-xl-6\">\n\t<p><label>Pa\u00eds de residencia<sup>*<\/sup><\/label><br \/>\n<span class=\"wpcf7-form-control-wrap\" data-name=\"champ_paysresidence\"><input size=\"20\" maxlength=\"400\" class=\"wpcf7-form-control wpcf7-text wpcf7-validates-as-required\" aria-required=\"true\" aria-invalid=\"false\" value=\"\" type=\"text\" name=\"champ_paysresidence\" \/><\/span>\n\t<\/p>\n<\/div>\n<div class=\"col-sm-12 col-md-12 col-lg-6 col-xl-6\">\n\t<p><label>Ciudad<sup>*<\/sup><\/label><br \/>\n<span class=\"wpcf7-form-control-wrap\" data-name=\"champ_ville\"><input size=\"20\" maxlength=\"400\" class=\"wpcf7-form-control wpcf7-text wpcf7-validates-as-required\" aria-required=\"true\" aria-invalid=\"false\" value=\"\" type=\"text\" name=\"champ_ville\" \/><\/span>\n\t<\/p>\n<\/div>\n<h2>Ni\u00f1o afectado\n<\/h2>\n<div class=\"col-sm-12 col-md-12 col-lg-6 col-xl-6\">\n\t<p><label>Nombre del ni\u00f1o<sup>*<\/sup><\/label><br \/>\n<span class=\"wpcf7-form-control-wrap\" data-name=\"champ_childname\"><input size=\"20\" maxlength=\"400\" class=\"wpcf7-form-control wpcf7-text wpcf7-validates-as-required\" aria-required=\"true\" aria-invalid=\"false\" value=\"\" type=\"text\" name=\"champ_childname\" \/><\/span>\n\t<\/p>\n<\/div>\n<div class=\"col-sm-12 col-md-12 col-lg-6 col-xl-6\">\n\t<p><label>Edad<sup>*<\/sup><\/label><br \/>\n<span class=\"wpcf7-form-control-wrap\" data-name=\"child_age\"><input size=\"10\" maxlength=\"400\" class=\"wpcf7-form-control wpcf7-text wpcf7-validates-as-required\" aria-required=\"true\" aria-invalid=\"false\" value=\"\" type=\"text\" name=\"child_age\" \/><\/span>\n\t<\/p>\n<\/div>\n<div class=\"col-sm-12 col-md-12 col-lg-12 col-xl-12\">\n\t<p><label>Nacionalidad del ni\u00f1o<sup>*<\/sup><\/label><br \/>\n<span class=\"wpcf7-form-control-wrap\" data-name=\"champ_childnationality\"><input size=\"20\" maxlength=\"400\" class=\"wpcf7-form-control wpcf7-text wpcf7-validates-as-required\" aria-required=\"true\" aria-invalid=\"false\" value=\"\" type=\"text\" name=\"champ_childnationality\" \/><\/span>\n\t<\/p>\n<\/div>\n<div class=\"col-sm-12 col-md-12 col-lg-12 col-xl-12\">\n\t<p><label>V\u00ednculo con el ni\u00f1o afectado<sup>*<\/sup><\/label><br \/>\n<span class=\"wpcf7-form-control-wrap\" data-name=\"champ_childrelationship\"><input size=\"30\" maxlength=\"400\" class=\"wpcf7-form-control wpcf7-text wpcf7-validates-as-required\" aria-required=\"true\" aria-invalid=\"false\" value=\"\" type=\"text\" name=\"champ_childrelationship\" \/><\/span>\n\t<\/p>\n<\/div>\n<h2>Asunto\n<\/h2>\n<div class=\"col-sm-12 col-md-12 col-lg-12 col-xl-12\">\n\t<p><label>Theme<sup>*<\/sup><\/label><br \/>\n<span class=\"wpcf7-form-control-wrap\" data-name=\"champ_theme\"><select class=\"wpcf7-form-control wpcf7-select wpcf7-validates-as-required\" aria-required=\"true\" aria-invalid=\"false\" name=\"champ_theme\"><option value=\"Informaci\u00f3n general\/Asesoramiento legal\">Informaci\u00f3n general\/Asesoramiento legal<\/option><option value=\"Procedimiento de asilo\">Procedimiento de asilo<\/option><option value=\"Asistencia psicol\u00f3gica\">Asistencia psicol\u00f3gica<\/option><option value=\"Adopci\u00f3n\">Adopci\u00f3n<\/option><option value=\"Discriminaci\u00f3n\">Discriminaci\u00f3n<\/option><option value=\"Educaci\u00f3n\">Educaci\u00f3n<\/option><option value=\"Inmigraci\u00f3n\/Refugiados\">Inmigraci\u00f3n\/Refugiados<\/option><option value=\"Matrimonio\/Divorcio\/Separaci\u00f3n\">Matrimonio\/Divorcio\/Separaci\u00f3n<\/option><option value=\"Problemas econ\u00f3micos\">Problemas econ\u00f3micos<\/option><option value=\"Reagrupaci\u00f3n familiar\">Reagrupaci\u00f3n familiar<\/option><option value=\"Salud\/Acceso a atenci\u00f3n sanitaria\">Salud\/Acceso a atenci\u00f3n sanitaria<\/option><option value=\"Trabajo\/Explotaci\u00f3n\">Trabajo\/Explotaci\u00f3n<\/option><option value=\"Violencia\/Maltrato\">Violencia\/Maltrato<\/option><option value=\"Otros\">Otros<\/option><\/select><\/span>\n\t<\/p>\n<\/div>\n<div class=\"col-sm-12 col-md-12 col-lg-12 col-xl-12\">\n\t<p><label>Duraci\u00f3n de la situaci\u00f3n<sup>*<\/sup><\/label><br \/>\n<span class=\"wpcf7-form-control-wrap\" data-name=\"champ_duration\"><input size=\"15\" maxlength=\"400\" class=\"wpcf7-form-control wpcf7-text wpcf7-validates-as-required\" aria-required=\"true\" aria-invalid=\"false\" value=\"\" type=\"text\" name=\"champ_duration\" \/><\/span>\n\t<\/p>\n<\/div>\n<div class=\"col-sm-12 col-md-12 col-lg-12 col-xl-12\">\n\t<p><label>Gestiones ya realizadas<sup>*<\/sup><\/label><br \/>\n<span class=\"wpcf7-form-control-wrap\" data-name=\"champ_actionsteps\"><input size=\"40\" maxlength=\"400\" class=\"wpcf7-form-control wpcf7-text wpcf7-validates-as-required\" aria-required=\"true\" aria-invalid=\"false\" value=\"\" type=\"text\" name=\"champ_actionsteps\" \/><\/span>\n\t<\/p>\n<\/div>\n<div class=\"col-sm-12 col-md-12 col-lg-6 col-xl-6\">\n\t<p><label>\u00bfYa tiene usted abogado?<sup>*<\/sup><\/label><br \/>\n<span class=\"wpcf7-form-control-wrap\" data-name=\"champ_lawyer\"><select class=\"wpcf7-form-control wpcf7-select wpcf7-validates-as-required\" aria-required=\"true\" aria-invalid=\"false\" name=\"champ_lawyer\"><option value=\"Si\">Si<\/option><option value=\"No\">No<\/option><\/select><\/span>\n\t<\/p>\n<\/div>\n<div class=\"col-sm-12 col-md-12 col-lg-6 col-xl-6\">\n\t<p><label>\u00bfDispone de recursos financieros que le permitan hacer frente a posibles costas judiciales?<sup>*<\/sup><\/label><br \/>\n<span class=\"wpcf7-form-control-wrap\" data-name=\"champ_finance\"><select class=\"wpcf7-form-control wpcf7-select wpcf7-validates-as-required\" aria-required=\"true\" aria-invalid=\"false\" name=\"champ_finance\"><option value=\"Recursos ampliamente suficientes\">Recursos ampliamente suficientes<\/option><option value=\"Recursos m\u00e1s bien suficientes\">Recursos m\u00e1s bien suficientes<\/option><option value=\"Recursos medianamente suficientes\">Recursos medianamente suficientes<\/option><option value=\"Recursos totalmente insuficientes\">Recursos totalmente insuficientes<\/option><\/select><\/span>\n\t<\/p>\n<\/div>\n<div class=\"col-sm-12 col-md-12 col-lg-6 col-xl-6\">\n\t<p><label>Ingresos mensuales<sup>*<\/sup><\/label><br \/>\n<span class=\"wpcf7-form-control-wrap\" data-name=\"champ_income\"><input size=\"10\" maxlength=\"400\" class=\"wpcf7-form-control wpcf7-text wpcf7-validates-as-required\" aria-required=\"true\" aria-invalid=\"false\" value=\"\" type=\"text\" name=\"champ_income\" \/><\/span>\n\t<\/p>\n<\/div>\n<div class=\"col-sm-12 col-md-12 col-lg-6 col-xl-6\">\n\t<p><label>Divisa<sup>*<\/sup><\/label><br \/>\n<span class=\"wpcf7-form-control-wrap\" data-name=\"champ_currency\"><input size=\"10\" maxlength=\"400\" class=\"wpcf7-form-control wpcf7-text wpcf7-validates-as-required\" aria-required=\"true\" aria-invalid=\"false\" value=\"\" type=\"text\" name=\"champ_currency\" \/><\/span>\n\t<\/p>\n<\/div>\n<div class=\"col-sm-12 col-md-12 col-lg-12 col-xl-12\">\n\t<p><label>Breve descripci\u00f3n de la petici\u00f3n<sup>*<\/sup><\/label><br \/>\n<span class=\"wpcf7-form-control-wrap\" data-name=\"champ_messagedescription\"><textarea cols=\"40\" rows=\"10\" maxlength=\"2000\" class=\"wpcf7-form-control wpcf7-textarea wpcf7-validates-as-required\" aria-required=\"true\" aria-invalid=\"false\" name=\"champ_messagedescription\"><\/textarea><\/span>\n\t<\/p>\n<\/div>\n<div class=\"col-sm-12 col-md-12 col-lg-12 col-xl-12\">\n\t<p><label>Adjuntos<\/label><br \/>\n<span class=\"wpcf7-form-control-wrap\" data-name=\"champ_file1\"><input size=\"40\" class=\"wpcf7-form-control wpcf7-file\" accept=\"audio\/*,video\/*,image\/*\" aria-invalid=\"false\" type=\"file\" name=\"champ_file1\" \/><\/span><br \/>\n<span class=\"wpcf7-form-control-wrap\" data-name=\"champ_file2\"><input size=\"40\" class=\"wpcf7-form-control wpcf7-file\" accept=\"audio\/*,video\/*,image\/*\" aria-invalid=\"false\" type=\"file\" name=\"champ_file2\" \/><\/span><br \/>\n<em>Espera nuestra respuesta para la transmisi\u00f3n de cualquier informaci\u00f3n adicional.<\/em>\n\t<\/p>\n<\/div>\n<div class=\"col-sm-12 col-md-12 col-lg-12 col-xl-12\">\n\t<p><input class=\"wpcf7-form-control wpcf7-submit has-spinner\" type=\"submit\" value=\"Enviar\" \/>\n\t<\/p>\n<\/div><p style=\"display: none !important;\" class=\"akismet-fields-container\" data-prefix=\"_wpcf7_ak_\"><label>&#916;<textarea name=\"_wpcf7_ak_hp_textarea\" cols=\"45\" rows=\"8\" maxlength=\"100\"><\/textarea><\/label><input type=\"hidden\" id=\"ak_js_1\" name=\"_wpcf7_ak_js\" value=\"56\"\/><script>document.getElementById( \"ak_js_1\" ).setAttribute( \"value\", ( new Date() ).getTime() );<\/script><\/p><div class=\"wpcf7-response-output\" aria-hidden=\"true\"><\/div>\n<\/form>\n<\/div>\n<\/p>\n\n\n<hr class=\"wp-block-separator has-alpha-channel-opacity\"\/>\n\n\n\n<p><em>Humanium cumple el Reglamento General de Protecci\u00f3n de Datos (RGPD). Para saber c\u00f3mo recopilamos, almacenamos, gestionamos y procesamos sus datos personales de conformidad con el RGPD, consulte nuestro Aviso de Privacidad.<\/em><\/p>\n","protected":false},"excerpt":{"rendered":"<p>Solicitud de ayuda para el respeto de los derechos de los ni\u00f1os En el supuesto de que se constate alg\u00fan caso de violaci\u00f3n de los derechos infantiles de alg\u00fan menor, comun\u00edcate con nosotros. Humanium har\u00e1 todo lo posible por ofrecerte asesor\u00eda y consejos que te sirvan de orientaci\u00f3n o te pondr\u00e1n en contacto con las [&hellip;]<\/p>\n","protected":false},"author":1,"featured_media":0,"parent":0,"menu_order":0,"comment_status":"closed","ping_status":"open","template":"","meta":{"footnotes":""},"class_list":["post-3268","page","type-page","status-publish","hentry"],"yoast_head":"<!-- This site is optimized with the Yoast SEO plugin v26.5 - https:\/\/yoast.com\/wordpress\/plugins\/seo\/ -->\n<title>Helpline - Humanium<\/title>\n<meta name=\"robots\" content=\"index, follow, max-snippet:-1, max-image-preview:large, max-video-preview:-1\" \/>\n<link rel=\"canonical\" href=\"https:\/\/www.humanium.org\/es\/helpline\/\" \/>\n<meta property=\"og:locale\" content=\"es_ES\" \/>\n<meta property=\"og:type\" content=\"article\" \/>\n<meta property=\"og:title\" content=\"Helpline - Humanium\" \/>\n<meta property=\"og:description\" content=\"Solicitud de ayuda para el respeto de los derechos de los ni\u00f1os En el supuesto de que se constate alg\u00fan caso de violaci\u00f3n de los derechos infantiles de alg\u00fan menor, comun\u00edcate con nosotros. Humanium har\u00e1 todo lo posible por ofrecerte asesor\u00eda y consejos que te sirvan de orientaci\u00f3n o te pondr\u00e1n en contacto con las [&hellip;]\" \/>\n<meta property=\"og:url\" content=\"https:\/\/www.humanium.org\/es\/helpline\/\" \/>\n<meta property=\"og:site_name\" content=\"Humanium\" \/>\n<meta property=\"article:modified_time\" content=\"2023-10-22T12:40:56+00:00\" \/>\n<meta name=\"twitter:card\" content=\"summary_large_image\" \/>\n<meta name=\"twitter:label1\" content=\"Tiempo de lectura\" \/>\n\t<meta name=\"twitter:data1\" content=\"1 minuto\" \/>\n<script type=\"application\/ld+json\" class=\"yoast-schema-graph\">{\"@context\":\"https:\/\/schema.org\",\"@graph\":[{\"@type\":\"WebPage\",\"@id\":\"https:\/\/www.humanium.org\/es\/helpline\/\",\"url\":\"https:\/\/www.humanium.org\/es\/helpline\/\",\"name\":\"Helpline - Humanium\",\"isPartOf\":{\"@id\":\"https:\/\/www.humanium.org\/es\/#website\"},\"datePublished\":\"2013-08-07T07:16:53+00:00\",\"dateModified\":\"2023-10-22T12:40:56+00:00\",\"breadcrumb\":{\"@id\":\"https:\/\/www.humanium.org\/es\/helpline\/#breadcrumb\"},\"inLanguage\":\"es\",\"potentialAction\":[{\"@type\":\"ReadAction\",\"target\":[\"https:\/\/www.humanium.org\/es\/helpline\/\"]}]},{\"@type\":\"BreadcrumbList\",\"@id\":\"https:\/\/www.humanium.org\/es\/helpline\/#breadcrumb\",\"itemListElement\":[{\"@type\":\"ListItem\",\"position\":1,\"name\":\"Home\",\"item\":\"https:\/\/www.humanium.org\/es\/\"},{\"@type\":\"ListItem\",\"position\":2,\"name\":\"Helpline\"}]},{\"@type\":\"WebSite\",\"@id\":\"https:\/\/www.humanium.org\/es\/#website\",\"url\":\"https:\/\/www.humanium.org\/es\/\",\"name\":\"Humanium\",\"description\":\"\u00a1Los ni\u00f1os primero!\",\"potentialAction\":[{\"@type\":\"SearchAction\",\"target\":{\"@type\":\"EntryPoint\",\"urlTemplate\":\"https:\/\/www.humanium.org\/es\/?s={search_term_string}\"},\"query-input\":{\"@type\":\"PropertyValueSpecification\",\"valueRequired\":true,\"valueName\":\"search_term_string\"}}],\"inLanguage\":\"es\"}]}<\/script>\n<!-- \/ Yoast SEO plugin. -->","yoast_head_json":{"title":"Helpline - Humanium","robots":{"index":"index","follow":"follow","max-snippet":"max-snippet:-1","max-image-preview":"max-image-preview:large","max-video-preview":"max-video-preview:-1"},"canonical":"https:\/\/www.humanium.org\/es\/helpline\/","og_locale":"es_ES","og_type":"article","og_title":"Helpline - Humanium","og_description":"Solicitud de ayuda para el respeto de los derechos de los ni\u00f1os En el supuesto de que se constate alg\u00fan caso de violaci\u00f3n de los derechos infantiles de alg\u00fan menor, comun\u00edcate con nosotros. Humanium har\u00e1 todo lo posible por ofrecerte asesor\u00eda y consejos que te sirvan de orientaci\u00f3n o te pondr\u00e1n en contacto con las [&hellip;]","og_url":"https:\/\/www.humanium.org\/es\/helpline\/","og_site_name":"Humanium","article_modified_time":"2023-10-22T12:40:56+00:00","twitter_card":"summary_large_image","twitter_misc":{"Tiempo de lectura":"1 minuto"},"schema":{"@context":"https:\/\/schema.org","@graph":[{"@type":"WebPage","@id":"https:\/\/www.humanium.org\/es\/helpline\/","url":"https:\/\/www.humanium.org\/es\/helpline\/","name":"Helpline - Humanium","isPartOf":{"@id":"https:\/\/www.humanium.org\/es\/#website"},"datePublished":"2013-08-07T07:16:53+00:00","dateModified":"2023-10-22T12:40:56+00:00","breadcrumb":{"@id":"https:\/\/www.humanium.org\/es\/helpline\/#breadcrumb"},"inLanguage":"es","potentialAction":[{"@type":"ReadAction","target":["https:\/\/www.humanium.org\/es\/helpline\/"]}]},{"@type":"BreadcrumbList","@id":"https:\/\/www.humanium.org\/es\/helpline\/#breadcrumb","itemListElement":[{"@type":"ListItem","position":1,"name":"Home","item":"https:\/\/www.humanium.org\/es\/"},{"@type":"ListItem","position":2,"name":"Helpline"}]},{"@type":"WebSite","@id":"https:\/\/www.humanium.org\/es\/#website","url":"https:\/\/www.humanium.org\/es\/","name":"Humanium","description":"\u00a1Los ni\u00f1os primero!","potentialAction":[{"@type":"SearchAction","target":{"@type":"EntryPoint","urlTemplate":"https:\/\/www.humanium.org\/es\/?s={search_term_string}"},"query-input":{"@type":"PropertyValueSpecification","valueRequired":true,"valueName":"search_term_string"}}],"inLanguage":"es"}]}},"_links":{"self":[{"href":"https:\/\/www.humanium.org\/es\/wp-json\/wp\/v2\/pages\/3268","targetHints":{"allow":["GET"]}}],"collection":[{"href":"https:\/\/www.humanium.org\/es\/wp-json\/wp\/v2\/pages"}],"about":[{"href":"https:\/\/www.humanium.org\/es\/wp-json\/wp\/v2\/types\/page"}],"author":[{"embeddable":true,"href":"https:\/\/www.humanium.org\/es\/wp-json\/wp\/v2\/users\/1"}],"replies":[{"embeddable":true,"href":"https:\/\/www.humanium.org\/es\/wp-json\/wp\/v2\/comments?post=3268"}],"version-history":[{"count":4,"href":"https:\/\/www.humanium.org\/es\/wp-json\/wp\/v2\/pages\/3268\/revisions"}],"predecessor-version":[{"id":18225,"href":"https:\/\/www.humanium.org\/es\/wp-json\/wp\/v2\/pages\/3268\/revisions\/18225"}],"wp:attachment":[{"href":"https:\/\/www.humanium.org\/es\/wp-json\/wp\/v2\/media?parent=3268"}],"curies":[{"name":"wp","href":"https:\/\/api.w.org\/{rel}","templated":true}]}}