{"id":3275,"date":"2013-08-07T09:48:57","date_gmt":"2013-08-07T09:48:57","guid":{"rendered":"http:\/\/www.humanium.org\/es\/?page_id=3275"},"modified":"2025-12-05T17:54:47","modified_gmt":"2025-12-05T17:54:47","slug":"irlanda","status":"publish","type":"page","link":"https:\/\/www.humanium.org\/es\/irlanda\/","title":{"rendered":"Ni\u00f1os en Irlanda"},"content":{"rendered":"<h1>Ni\u00f1os en Irlanda<\/h1>\n<h2>Descubriendo los Derechos del Ni\u00f1o en Irlanda<\/h2>\n<p style=\"text-align: center;\"><img loading=\"lazy\" decoding=\"async\" class=\"alignnone size-full wp-image-24562\" title=\"Ni\u00f1a irlandesa \u00a9 adwritter (flickr)\" src=\"https:\/\/www.humanium.org\/fr\/wp-content\/uploads\/2012\/09\/adwritter.jpg\" alt=\"\" width=\"195\" height=\"200\" \/> <img loading=\"lazy\" decoding=\"async\" class=\"alignnone size-full wp-image-24564\" title=\"Ni\u00f1o irlandesa \u00a9 jOSE-m.-vASQUEZ (flickr)\" src=\"https:\/\/www.humanium.org\/fr\/wp-content\/uploads\/2012\/09\/jOSE-m.-vASQUEZ.jpg\" alt=\"\" width=\"178\" height=\"200\" \/><\/p>\n<p style=\"text-align: left;\">En general, los ni\u00f1os en Irlanda tienen una muy buena calidad de vida. No obstante, con el fin de atender mejor la Convenci\u00f3n Internacional de los Derechos del Ni\u00f1o, Irlanda debe esforzarse m\u00e1s. El respeto de algunos principios como la no discriminaci\u00f3n o la prohibici\u00f3n de la violencia contra los ni\u00f1os todav\u00eda debe mejorar, y esto, en un dif\u00edcil contexto econ\u00f3mico.<\/p>\n<h3>Principales problemas a los que se enfrentan los ni\u00f1os en Irlanda:<\/h3>\n<p><a href=\"https:\/\/www.humanium.org\/es\/pobreza-infantil\/\"><strong>Pobreza<\/strong><\/a><\/p>\n<p>Las ayudas sociales destinadas a los hogares m\u00e1s pobres no son suficientes y porello sufren los ni\u00f1os m\u00e1s desfavorecidos. Las familias monoparentales son las m\u00e1s afectadas, y la crisis financiera ha acentuado m\u00e1s este fen\u00f3meno debido al aumento del desempleo y a\u00fan m\u00e1s importante a las restricciones presupuestarias del gobierno.<\/p>\n<p><strong><a href=\"https:\/\/www.humanium.org\/es\/no-discriminacion\/\">Discriminaci\u00f3n<\/a><\/strong><\/p>\n<p><strong style=\"line-height: 24px;\"><a style=\"color: #ff4b33;\" href=\"https:\/\/www.humanium.org\/fr\/wp-content\/uploads\/2012\/09\/tim-ellis.jpg\"><img loading=\"lazy\" decoding=\"async\" class=\"alignright wp-image-24573\" title=\"La pobreza afecta a muchos ni\u00f1os en Irlanda \u00a9 tim-ellis (Flickr)\" src=\"https:\/\/www.humanium.org\/fr\/wp-content\/uploads\/2012\/09\/tim-ellis-199x300.jpg\" alt=\"\" width=\"159\" height=\"240\" \/><\/a><\/strong>Existen casos de <a href=\"https:\/\/www.humanium.org\/es\/no-discriminacion\/\">discriminaci\u00f3n<\/a> hacia la minor\u00eda gitana, los viajeros<span style=\"text-decoration: line-through;\">,<\/span> y los<a href=\"https:\/\/www.humanium.org\/es\/ninos-discapacitados\/\"> ni\u00f1os discapacitados<\/a>, principalmente en la admisi\u00f3n a las <a href=\"https:\/\/www.humanium.org\/es\/derecho-educacion\/\">escuelas<\/a>, y en el acceso a la vivienda y a los servicios b\u00e1sicos de<a href=\"https:\/\/www.humanium.org\/es\/derecho-salud\/\"> salud<\/a>.<\/p>\n<p>Parece que a\u00fan existen comportamientos y frases racistas en las escuelas, en la primaria y secundaria, por parte de profesores y de los dem\u00e1s ni\u00f1os.<\/p>\n<p>Los esfuerzos de Irlanda para integrar o familiarizar los ni\u00f1os de las comunidades extranjeras a la cultura irlandesa no son suficientes y su marginalizaci\u00f3n sigue siendo un problema.<\/p>\n<p><a href=\"https:\/\/www.humanium.org\/es\/derecho-proteccion\/\"><strong>Protecci\u00f3n de la infancia<\/strong><\/a><br \/>\nUn informe con mucha acogida medi\u00e1tica ha publicado casos de <a href=\"https:\/\/www.humanium.org\/es\/abuso-infantil\/\">maltrato<\/a> en donde se dice que m\u00e1s de 30 000 ni\u00f1os han sido v\u00edctimas, quienes el gobierno hab\u00eda ubicado en instituciones cat\u00f3licas entre 1936 y 2000. Por lo general, las denuncias no se registran ni se hacen investigaciones al respecto.<\/p>\n<p><img loading=\"lazy\" decoding=\"async\" class=\"alignright size-medium wp-image-24569\" title=\"Casos importe de la violencia tortura se cometieron durante los a\u00f1os \u00a9 southworth-sailor (Flickr)\" src=\"https:\/\/www.humanium.org\/fr\/wp-content\/uploads\/2012\/09\/southworth-sailor-225x300.jpg\" alt=\"\" width=\"225\" height=\"300\" \/>Otro informe se\u00f1ala cientos de casos de<a href=\"https:\/\/www.humanium.org\/es\/explotacion-sexual-infantil\/\"> abuso sexual<\/a> y de maltrato cometido por sacerdotes entre 1975 y 2004, a\u00fan ocultos por la <a href=\"https:\/\/www.humanium.org\/es\/religion\/\">Iglesia<\/a> y las autoridades. Los ni\u00f1os no han sido protegidos y algunos de ellos incluso ya murieron sin que los culpables hayan sido castigados.<\/p>\n<p>Estos asuntos reflejan los grandes vac\u00edos del sistema de <a href=\"https:\/\/www.humanium.org\/es\/derecho-proteccion\/\">protecci\u00f3n<\/a> y cuidado de los ni\u00f1os. En los dos casos, se habla de tortura y de actos inadmisibles que han sido cubiertos por la poblaci\u00f3n y por las autoridades en diferentes niveles.<\/p>\n<p>En 2010 deb\u00eda organizarse un referendo relacionado con la introducci\u00f3n de una nueva disposici\u00f3n sobre <a href=\"https:\/\/www.humanium.org\/es\/derechos\/\">los derechos del ni\u00f1o<\/a> en la Constituci\u00f3n. El objetivo era prevenir tales abusos. No obstante, este proyecto ha sido aplazado, al igual que las directrices para la<a href=\"https:\/\/www.humanium.org\/es\/derecho-proteccion\/\"> protecci\u00f3n del ni\u00f1o<\/a> que Irlanda deb\u00eda incluir en sus leyes nacionales. Por tal motivo se corre el riesgo de que este tipo de violaciones sigan present\u00e1ndose bajo las mismas condiciones.<\/p>\n<p><a href=\"https:\/\/www.humanium.org\/es\/abuso-infantil\/\"><strong>Maltrato dom\u00e9stico<\/strong><\/a><\/p>\n<p>Al interior de la familia los castigos corporales no se proh\u00edben expl\u00edcitamente. Es lamentable la falta de sensibilizaci\u00f3n de la poblaci\u00f3n en cuanto a las formas no violentas de <a href=\"https:\/\/www.humanium.org\/es\/derecho-educacion\/\">educaci\u00f3n<\/a> y disciplina, y a los efectos nefastos de los castigos corporales.<\/p>\n<p>Adem\u00e1s, es una l\u00e1stima que Irlanda no luche m\u00e1s contra las <a href=\"https:\/\/www.humanium.org\/es\/mutilacion-genital\/\">mutilaciones de genitales<\/a> en las mujeres practicadas en su territorio.<\/p>\n<p><a href=\"https:\/\/www.humanium.org\/es\/ninos-detenidos\/\"><strong>Encarcelamiento de menores<\/strong><\/a><\/p>\n<p>Algunas medidas, como el encarcelamiento, todav\u00eda se aplican con frecuencia<span style=\"text-decoration: line-through;\">,<\/span>, cuando deber\u00edan utilizarse \u00fanicamente como \u00faltimo recurso. La falta de medidas alternativas a la reclusi\u00f3n de menores es igualmente deplorable<\/p>\n<p>Por otra parte, no todos los menores estar\u00edan recluidos en celdas separadas de los adultos. Por ejemplo, algunos centros para j\u00f3venes de 18 a 21 a\u00f1os reciben menores de 16 a 17 a\u00f1os y rechazan al acceso de las asociaciones de defensa de los derechos del ni\u00f1o que desean visitar los lugares para verificar las condiciones de encarcelamiento de menores.<\/p>\n<p><strong>Inter\u00e9s superior del ni\u00f1o<\/strong><\/p>\n<p><img loading=\"lazy\" decoding=\"async\" class=\"alignright wp-image-24572\" title=\"Las minor\u00edas son objeto de discriminaci\u00f3n en su acceso a la atenci\u00f3n sanitaria y la escuela. \u00a9 pixieclipx (Flickr)\" src=\"https:\/\/www.humanium.org\/fr\/wp-content\/uploads\/2012\/09\/pixieclipx-300x223.jpg\" alt=\"\" width=\"243\" height=\"181\" \/>La opini\u00f3n del ni\u00f1o y la noci\u00f3n de inter\u00e9s superior todav\u00eda se tienen muy poco en cuenta durante los diferentes procesos legislativos y las decisiones administrativas\u00a0y judiciales.<\/p>\n<p>Igualmente, la religi\u00f3n cat\u00f3lica, muy presente en Irlanda, tiene una gran influencia en el sistema escolar. Los ni\u00f1os que no son cat\u00f3licos no pueden elegir una <a href=\"https:\/\/www.humanium.org\/es\/derecho-educacion\/\">educaci\u00f3n<\/a> religiosa diferente, o incluso una laica.<\/p>\n<p><a href=\"https:\/\/www.humanium.org\/es\/derecho-salud\/\"><strong>Salud<\/strong><\/a><\/p>\n<p>Los ni\u00f1os m\u00e1s vulnerables, principalmente los <a href=\"https:\/\/www.humanium.org\/es\/ninos-desplazados\/\">refugiados<\/a>, tienen grandes dificultades para acceder a cuidados gratuitos. El cuidado de los ni\u00f1os que padecen <a href=\"https:\/\/www.humanium.org\/es\/ninos-discapacitados\/\">enfermedades mentales<\/a> es muy criticable por la falta de estructuras y de servicios adaptados a sus necesidades y a los de sus familias.<\/p>\n<p>Los ni\u00f1os v\u00edctimas de problemas psicol\u00f3gicos muchas veces reciben tratamiento con adultos, cuando necesitar\u00edan un cuidado especial. Faltan igualmente estructuras y prestaciones sociales destinadas a ayudar a los <a href=\"https:\/\/www.humanium.org\/es\/ninos-huerfanos\/\">hu\u00e9rfanos.<\/a><\/p>\n<p><strong>Adolescentes<\/strong><\/p>\n<p><strong><a href=\"https:\/\/www.humanium.org\/fr\/wp-content\/uploads\/2012\/09\/bunchofpants.jpg\"><img loading=\"lazy\" decoding=\"async\" class=\"alignright wp-image-24570\" title=\"El alcohol es un flagelo en los adolescentes \u00a9 bunchofpants (Flickr)\" src=\"https:\/\/www.humanium.org\/fr\/wp-content\/uploads\/2012\/09\/bunchofpants-300x225.jpg\" alt=\"\" width=\"192\" height=\"144\" \/><\/a><\/strong>Los j\u00f3venes consumen mucho alcohol y la falta de campa\u00f1as de sensibilizaci\u00f3n sobre los efectos nefastos de esta sustancia en la salud es lamentable. Adem\u00e1s, la tasa de suicidio de los j\u00f3venes es bastante elevada y parece estar relacionada con este consumo.<\/p>\n<p>A los adolescentes tambi\u00e9n les falta recibir cursos de educaci\u00f3n sexual. La ausencia de informaci\u00f3n al respecto se refleja en las consecuencias sobre la salud de estos menores. El riesgo de transmisi\u00f3n sexual de enfermedades es m\u00e1s elevado. Adem\u00e1s, como la interrupci\u00f3n voluntaria del embarazo es prohibida, las j\u00f3venes que desean abortar deben hacerlo clandestinamente y muchas veces en condiciones de higiene deplorables.<\/p>\n","protected":false},"excerpt":{"rendered":"<p>Ni\u00f1os en Irlanda Descubriendo los Derechos del Ni\u00f1o en Irlanda En general, los ni\u00f1os en Irlanda tienen una muy buena calidad de vida. No obstante, con el fin de atender mejor la Convenci\u00f3n Internacional de los Derechos del Ni\u00f1o, Irlanda debe esforzarse m\u00e1s. El respeto de algunos principios como la no discriminaci\u00f3n o la prohibici\u00f3n [&hellip;]<\/p>\n","protected":false},"author":1,"featured_media":0,"parent":0,"menu_order":0,"comment_status":"closed","ping_status":"open","template":"","meta":{"footnotes":""},"class_list":["post-3275","page","type-page","status-publish","hentry"],"yoast_head":"<!-- This site is optimized with the Yoast SEO plugin v26.5 - https:\/\/yoast.com\/wordpress\/plugins\/seo\/ -->\n<title>Ni\u00f1os en Irlanda - Humanium<\/title>\n<meta name=\"description\" content=\"En Irlanda, el respeto de algunos principios como la no discriminaci\u00f3n o la prohibici\u00f3n de la violencia contra los ni\u00f1os todav\u00eda debe mejorar.\" \/>\n<meta name=\"robots\" content=\"index, follow, max-snippet:-1, max-image-preview:large, max-video-preview:-1\" \/>\n<link rel=\"canonical\" href=\"https:\/\/www.humanium.org\/es\/irlanda\/\" \/>\n<meta property=\"og:locale\" content=\"es_ES\" \/>\n<meta property=\"og:type\" content=\"article\" \/>\n<meta property=\"og:title\" content=\"Ni\u00f1os en Irlanda - Humanium\" \/>\n<meta property=\"og:description\" content=\"En Irlanda, el respeto de algunos principios como la no discriminaci\u00f3n o la prohibici\u00f3n de la violencia contra los ni\u00f1os todav\u00eda debe mejorar.\" \/>\n<meta property=\"og:url\" content=\"https:\/\/www.humanium.org\/es\/irlanda\/\" \/>\n<meta property=\"og:site_name\" content=\"Humanium\" \/>\n<meta property=\"article:modified_time\" content=\"2025-12-05T17:54:47+00:00\" \/>\n<meta name=\"twitter:card\" content=\"summary_large_image\" \/>\n<meta name=\"twitter:label1\" content=\"Tiempo de lectura\" \/>\n\t<meta name=\"twitter:data1\" content=\"6 minutos\" \/>\n<script type=\"application\/ld+json\" class=\"yoast-schema-graph\">{\"@context\":\"https:\/\/schema.org\",\"@graph\":[{\"@type\":\"WebPage\",\"@id\":\"https:\/\/www.humanium.org\/es\/irlanda\/\",\"url\":\"https:\/\/www.humanium.org\/es\/irlanda\/\",\"name\":\"Ni\u00f1os en Irlanda - Humanium\",\"isPartOf\":{\"@id\":\"https:\/\/www.humanium.org\/es\/#website\"},\"primaryImageOfPage\":{\"@id\":\"https:\/\/www.humanium.org\/es\/irlanda\/#primaryimage\"},\"image\":{\"@id\":\"https:\/\/www.humanium.org\/es\/irlanda\/#primaryimage\"},\"thumbnailUrl\":\"https:\/\/www.humanium.org\/fr\/wp-content\/uploads\/2012\/09\/adwritter.jpg\",\"datePublished\":\"2013-08-07T09:48:57+00:00\",\"dateModified\":\"2025-12-05T17:54:47+00:00\",\"description\":\"En Irlanda, el respeto de algunos principios como la no discriminaci\u00f3n o la prohibici\u00f3n de la violencia contra los ni\u00f1os todav\u00eda debe mejorar.\",\"breadcrumb\":{\"@id\":\"https:\/\/www.humanium.org\/es\/irlanda\/#breadcrumb\"},\"inLanguage\":\"es\",\"potentialAction\":[{\"@type\":\"ReadAction\",\"target\":[\"https:\/\/www.humanium.org\/es\/irlanda\/\"]}]},{\"@type\":\"ImageObject\",\"inLanguage\":\"es\",\"@id\":\"https:\/\/www.humanium.org\/es\/irlanda\/#primaryimage\",\"url\":\"https:\/\/www.humanium.org\/fr\/wp-content\/uploads\/2012\/09\/adwritter.jpg\",\"contentUrl\":\"https:\/\/www.humanium.org\/fr\/wp-content\/uploads\/2012\/09\/adwritter.jpg\"},{\"@type\":\"BreadcrumbList\",\"@id\":\"https:\/\/www.humanium.org\/es\/irlanda\/#breadcrumb\",\"itemListElement\":[{\"@type\":\"ListItem\",\"position\":1,\"name\":\"Home\",\"item\":\"https:\/\/www.humanium.org\/es\/\"},{\"@type\":\"ListItem\",\"position\":2,\"name\":\"Ni\u00f1os en Irlanda\"}]},{\"@type\":\"WebSite\",\"@id\":\"https:\/\/www.humanium.org\/es\/#website\",\"url\":\"https:\/\/www.humanium.org\/es\/\",\"name\":\"Humanium\",\"description\":\"\u00a1Los ni\u00f1os primero!\",\"potentialAction\":[{\"@type\":\"SearchAction\",\"target\":{\"@type\":\"EntryPoint\",\"urlTemplate\":\"https:\/\/www.humanium.org\/es\/?s={search_term_string}\"},\"query-input\":{\"@type\":\"PropertyValueSpecification\",\"valueRequired\":true,\"valueName\":\"search_term_string\"}}],\"inLanguage\":\"es\"}]}<\/script>\n<!-- \/ Yoast SEO plugin. -->","yoast_head_json":{"title":"Ni\u00f1os en Irlanda - Humanium","description":"En Irlanda, el respeto de algunos principios como la no discriminaci\u00f3n o la prohibici\u00f3n de la violencia contra los ni\u00f1os todav\u00eda debe mejorar.","robots":{"index":"index","follow":"follow","max-snippet":"max-snippet:-1","max-image-preview":"max-image-preview:large","max-video-preview":"max-video-preview:-1"},"canonical":"https:\/\/www.humanium.org\/es\/irlanda\/","og_locale":"es_ES","og_type":"article","og_title":"Ni\u00f1os en Irlanda - Humanium","og_description":"En Irlanda, el respeto de algunos principios como la no discriminaci\u00f3n o la prohibici\u00f3n de la violencia contra los ni\u00f1os todav\u00eda debe mejorar.","og_url":"https:\/\/www.humanium.org\/es\/irlanda\/","og_site_name":"Humanium","article_modified_time":"2025-12-05T17:54:47+00:00","twitter_card":"summary_large_image","twitter_misc":{"Tiempo de lectura":"6 minutos"},"schema":{"@context":"https:\/\/schema.org","@graph":[{"@type":"WebPage","@id":"https:\/\/www.humanium.org\/es\/irlanda\/","url":"https:\/\/www.humanium.org\/es\/irlanda\/","name":"Ni\u00f1os en Irlanda - Humanium","isPartOf":{"@id":"https:\/\/www.humanium.org\/es\/#website"},"primaryImageOfPage":{"@id":"https:\/\/www.humanium.org\/es\/irlanda\/#primaryimage"},"image":{"@id":"https:\/\/www.humanium.org\/es\/irlanda\/#primaryimage"},"thumbnailUrl":"https:\/\/www.humanium.org\/fr\/wp-content\/uploads\/2012\/09\/adwritter.jpg","datePublished":"2013-08-07T09:48:57+00:00","dateModified":"2025-12-05T17:54:47+00:00","description":"En Irlanda, el respeto de algunos principios como la no discriminaci\u00f3n o la prohibici\u00f3n de la violencia contra los ni\u00f1os todav\u00eda debe mejorar.","breadcrumb":{"@id":"https:\/\/www.humanium.org\/es\/irlanda\/#breadcrumb"},"inLanguage":"es","potentialAction":[{"@type":"ReadAction","target":["https:\/\/www.humanium.org\/es\/irlanda\/"]}]},{"@type":"ImageObject","inLanguage":"es","@id":"https:\/\/www.humanium.org\/es\/irlanda\/#primaryimage","url":"https:\/\/www.humanium.org\/fr\/wp-content\/uploads\/2012\/09\/adwritter.jpg","contentUrl":"https:\/\/www.humanium.org\/fr\/wp-content\/uploads\/2012\/09\/adwritter.jpg"},{"@type":"BreadcrumbList","@id":"https:\/\/www.humanium.org\/es\/irlanda\/#breadcrumb","itemListElement":[{"@type":"ListItem","position":1,"name":"Home","item":"https:\/\/www.humanium.org\/es\/"},{"@type":"ListItem","position":2,"name":"Ni\u00f1os en Irlanda"}]},{"@type":"WebSite","@id":"https:\/\/www.humanium.org\/es\/#website","url":"https:\/\/www.humanium.org\/es\/","name":"Humanium","description":"\u00a1Los ni\u00f1os primero!","potentialAction":[{"@type":"SearchAction","target":{"@type":"EntryPoint","urlTemplate":"https:\/\/www.humanium.org\/es\/?s={search_term_string}"},"query-input":{"@type":"PropertyValueSpecification","valueRequired":true,"valueName":"search_term_string"}}],"inLanguage":"es"}]}},"_links":{"self":[{"href":"https:\/\/www.humanium.org\/es\/wp-json\/wp\/v2\/pages\/3275","targetHints":{"allow":["GET"]}}],"collection":[{"href":"https:\/\/www.humanium.org\/es\/wp-json\/wp\/v2\/pages"}],"about":[{"href":"https:\/\/www.humanium.org\/es\/wp-json\/wp\/v2\/types\/page"}],"author":[{"embeddable":true,"href":"https:\/\/www.humanium.org\/es\/wp-json\/wp\/v2\/users\/1"}],"replies":[{"embeddable":true,"href":"https:\/\/www.humanium.org\/es\/wp-json\/wp\/v2\/comments?post=3275"}],"version-history":[{"count":3,"href":"https:\/\/www.humanium.org\/es\/wp-json\/wp\/v2\/pages\/3275\/revisions"}],"predecessor-version":[{"id":20457,"href":"https:\/\/www.humanium.org\/es\/wp-json\/wp\/v2\/pages\/3275\/revisions\/20457"}],"wp:attachment":[{"href":"https:\/\/www.humanium.org\/es\/wp-json\/wp\/v2\/media?parent=3275"}],"curies":[{"name":"wp","href":"https:\/\/api.w.org\/{rel}","templated":true}]}}