{"id":329,"date":"2012-12-03T08:19:51","date_gmt":"2012-12-03T08:19:51","guid":{"rendered":"http:\/\/www.humanium.org\/es\/?page_id=329"},"modified":"2024-05-18T07:27:39","modified_gmt":"2024-05-18T07:27:39","slug":"pobreza","status":"publish","type":"page","link":"https:\/\/www.humanium.org\/es\/enfoques-tematicos\/pobreza\/","title":{"rendered":"Pobreza"},"content":{"rendered":"<h1>Pobreza<\/h1>\n<hr align=\"left\" size=\"4\" width=\"20%\" \/>\n<h2 style=\"margin-bottom: 10px;\"><a href=\"https:\/\/www.humanium.org\/es\/enfoques-tematicos\/pobreza\/pobreza-infantil\/\" target=\"_blank\" rel=\"noopener\"><img loading=\"lazy\" decoding=\"async\" class=\"wp-image-18826 alignleft\" src=\"https:\/\/www.humanium.org\/es\/wp-content\/uploads\/2024\/05\/Shutterstock_635352692-2-300x300.jpg\" alt=\"\" width=\"146\" height=\"146\" srcset=\"https:\/\/www.humanium.org\/es\/wp-content\/uploads\/2024\/05\/Shutterstock_635352692-2-300x300.jpg 300w, https:\/\/www.humanium.org\/es\/wp-content\/uploads\/2024\/05\/Shutterstock_635352692-2-150x150.jpg 150w, https:\/\/www.humanium.org\/es\/wp-content\/uploads\/2024\/05\/Shutterstock_635352692-2-768x768.jpg 768w, https:\/\/www.humanium.org\/es\/wp-content\/uploads\/2024\/05\/Shutterstock_635352692-2-830x830.jpg 830w, https:\/\/www.humanium.org\/es\/wp-content\/uploads\/2024\/05\/Shutterstock_635352692-2-230x230.jpg 230w, https:\/\/www.humanium.org\/es\/wp-content\/uploads\/2024\/05\/Shutterstock_635352692-2-350x350.jpg 350w, https:\/\/www.humanium.org\/es\/wp-content\/uploads\/2024\/05\/Shutterstock_635352692-2-480x480.jpg 480w, https:\/\/www.humanium.org\/es\/wp-content\/uploads\/2024\/05\/Shutterstock_635352692-2.jpg 900w\" sizes=\"auto, (max-width: 146px) 100vw, 146px\" \/>Pobreza infantil<\/a><\/h2>\n<p>La pobreza infantil es una realidad nefasta para millones de ni\u00f1os en todo el mundo y se calcula que 385 millones viven en la pobreza extrema. Las causas siguen siendo la falta de viviendas razonables, los empleos mal remunerados y la falta de acceso a necesidades b\u00e1sicas.<\/p>\n<hr \/>\n<h2 style=\"margin-bottom: 10px;\"><a href=\"https:\/\/www.humanium.org\/es\/enfoques-tematicos\/pobreza\/ninos-calle\/\" target=\"_blank\" rel=\"noopener\"><img loading=\"lazy\" decoding=\"async\" class=\"wp-image-18827 alignleft\" src=\"https:\/\/www.humanium.org\/es\/wp-content\/uploads\/2024\/05\/Shutterstock_331225082-300x300.jpg\" alt=\"\" width=\"150\" height=\"150\" srcset=\"https:\/\/www.humanium.org\/es\/wp-content\/uploads\/2024\/05\/Shutterstock_331225082-300x300.jpg 300w, https:\/\/www.humanium.org\/es\/wp-content\/uploads\/2024\/05\/Shutterstock_331225082-150x150.jpg 150w, https:\/\/www.humanium.org\/es\/wp-content\/uploads\/2024\/05\/Shutterstock_331225082-768x768.jpg 768w, https:\/\/www.humanium.org\/es\/wp-content\/uploads\/2024\/05\/Shutterstock_331225082-830x830.jpg 830w, https:\/\/www.humanium.org\/es\/wp-content\/uploads\/2024\/05\/Shutterstock_331225082-230x230.jpg 230w, https:\/\/www.humanium.org\/es\/wp-content\/uploads\/2024\/05\/Shutterstock_331225082-350x350.jpg 350w, https:\/\/www.humanium.org\/es\/wp-content\/uploads\/2024\/05\/Shutterstock_331225082-480x480.jpg 480w, https:\/\/www.humanium.org\/es\/wp-content\/uploads\/2024\/05\/Shutterstock_331225082.jpg 900w\" sizes=\"auto, (max-width: 150px) 100vw, 150px\" \/>Ni\u00f1os de la calle<\/a><\/h2>\n<p>En todo el mundo existen ni\u00f1os que se quedan sin hogar y se ven obligados a buscarse la vida en la calle por numerosas razones, principalmente a causa de la pobreza, la guerra, haber sufrido previamente violencia, abusos, explotaci\u00f3n y desesperaci\u00f3n.<\/p>\n<hr \/>\n<h2 style=\"margin-bottom: 10px;\"><a href=\"https:\/\/www.humanium.org\/es\/enfoques-tematicos\/pobreza\/ninos-en-las-zonas-urbanas\/\" target=\"_blank\" rel=\"noopener\"><img loading=\"lazy\" decoding=\"async\" class=\" wp-image-18689 alignleft\" src=\"https:\/\/www.humanium.org\/es\/wp-content\/uploads\/2024\/04\/Shutterstock_1279710976-1-300x300.jpg\" alt=\"\" width=\"149\" height=\"149\" srcset=\"https:\/\/www.humanium.org\/es\/wp-content\/uploads\/2024\/04\/Shutterstock_1279710976-1-300x300.jpg 300w, https:\/\/www.humanium.org\/es\/wp-content\/uploads\/2024\/04\/Shutterstock_1279710976-1-150x150.jpg 150w, https:\/\/www.humanium.org\/es\/wp-content\/uploads\/2024\/04\/Shutterstock_1279710976-1-768x768.jpg 768w, https:\/\/www.humanium.org\/es\/wp-content\/uploads\/2024\/04\/Shutterstock_1279710976-1-830x830.jpg 830w, https:\/\/www.humanium.org\/es\/wp-content\/uploads\/2024\/04\/Shutterstock_1279710976-1-230x230.jpg 230w, https:\/\/www.humanium.org\/es\/wp-content\/uploads\/2024\/04\/Shutterstock_1279710976-1-350x350.jpg 350w, https:\/\/www.humanium.org\/es\/wp-content\/uploads\/2024\/04\/Shutterstock_1279710976-1-480x480.jpg 480w, https:\/\/www.humanium.org\/es\/wp-content\/uploads\/2024\/04\/Shutterstock_1279710976-1.jpg 900w\" sizes=\"auto, (max-width: 149px) 100vw, 149px\" \/>La ni\u00f1ez en las zonas urbanas<\/a><\/h2>\n<p style=\"margin-bottom: 1px;\">La malnutrici\u00f3n, la inequidad en el sistema de salud, la desigualdad en las oportunidades educativas, la contaminaci\u00f3n atmosf\u00e9rica, el tr\u00e1fico vehicular y los entornos violentos y abusivos son algunos de los graves problemas que afectan a los ni\u00f1os y ni\u00f1as que viven en las zonas urbanas.<\/p>\n<hr \/>\n<h2 style=\"margin-bottom: 10px;\"><a href=\"https:\/\/www.humanium.org\/es\/los-ninos-en-zonas-rurales\/\" target=\"_blank\" rel=\"noopener\"><img loading=\"lazy\" decoding=\"async\" class=\"wp-image-18702 alignleft\" src=\"https:\/\/www.humanium.org\/es\/wp-content\/uploads\/2024\/04\/Shutterstock_2440871751-1-300x300.jpg\" alt=\"\" width=\"147\" height=\"147\" srcset=\"https:\/\/www.humanium.org\/es\/wp-content\/uploads\/2024\/04\/Shutterstock_2440871751-1-300x300.jpg 300w, https:\/\/www.humanium.org\/es\/wp-content\/uploads\/2024\/04\/Shutterstock_2440871751-1-1024x1024.jpg 1024w, https:\/\/www.humanium.org\/es\/wp-content\/uploads\/2024\/04\/Shutterstock_2440871751-1-150x150.jpg 150w, https:\/\/www.humanium.org\/es\/wp-content\/uploads\/2024\/04\/Shutterstock_2440871751-1-768x768.jpg 768w, https:\/\/www.humanium.org\/es\/wp-content\/uploads\/2024\/04\/Shutterstock_2440871751-1-1536x1536.jpg 1536w, https:\/\/www.humanium.org\/es\/wp-content\/uploads\/2024\/04\/Shutterstock_2440871751-1-830x830.jpg 830w, https:\/\/www.humanium.org\/es\/wp-content\/uploads\/2024\/04\/Shutterstock_2440871751-1-230x230.jpg 230w, https:\/\/www.humanium.org\/es\/wp-content\/uploads\/2024\/04\/Shutterstock_2440871751-1-350x350.jpg 350w, https:\/\/www.humanium.org\/es\/wp-content\/uploads\/2024\/04\/Shutterstock_2440871751-1-480x480.jpg 480w, https:\/\/www.humanium.org\/es\/wp-content\/uploads\/2024\/04\/Shutterstock_2440871751-1.jpg 1575w\" sizes=\"auto, (max-width: 147px) 100vw, 147px\" \/>La ni\u00f1ez en las zonas\u00a0rurales<br \/>\n<\/a><\/h2>\n<p>Los desaf\u00edos que deben enfrentar los ni\u00f1os en zonas rurales est\u00e1n relacionados con la pobreza, la falta de acceso a la educaci\u00f3n y el transporte y la violencia. La vida en comunidades rurales tambi\u00e9n puede presentar aspectos positivos, como el sentimiento de pertenencia a una comunidad.<\/p>\n<hr \/>\n","protected":false},"excerpt":{"rendered":"<p>Pobreza Pobreza infantil La pobreza infantil es una realidad nefasta para millones de ni\u00f1os en todo el mundo y se calcula que 385 millones viven en la pobreza extrema. Las causas siguen siendo la falta de viviendas razonables, los empleos mal remunerados y la falta de acceso a necesidades b\u00e1sicas. Ni\u00f1os de la calle En [&hellip;]<\/p>\n","protected":false},"author":1,"featured_media":0,"parent":283,"menu_order":0,"comment_status":"closed","ping_status":"closed","template":"","meta":{"footnotes":""},"class_list":["post-329","page","type-page","status-publish","hentry"],"yoast_head":"<!-- This site is optimized with the Yoast SEO plugin v26.5 - https:\/\/yoast.com\/wordpress\/plugins\/seo\/ -->\n<title>Pobreza - Humanium<\/title>\n<meta name=\"description\" content=\"Los ni\u00f1os son las v\u00edctimas m\u00e1s vulnerables de la pobreza, lo que hace de esta la causa principal de la violaci\u00f3n de sus derechos fundamentales.\" \/>\n<meta name=\"robots\" content=\"index, follow, max-snippet:-1, max-image-preview:large, max-video-preview:-1\" \/>\n<link rel=\"canonical\" href=\"https:\/\/www.humanium.org\/es\/enfoques-tematicos\/pobreza\/\" \/>\n<meta property=\"og:locale\" content=\"es_ES\" \/>\n<meta property=\"og:type\" content=\"article\" \/>\n<meta property=\"og:title\" content=\"Pobreza - Humanium\" \/>\n<meta property=\"og:description\" content=\"Los ni\u00f1os son las v\u00edctimas m\u00e1s vulnerables de la pobreza, lo que hace de esta la causa principal de la violaci\u00f3n de sus derechos fundamentales.\" \/>\n<meta property=\"og:url\" content=\"https:\/\/www.humanium.org\/es\/enfoques-tematicos\/pobreza\/\" \/>\n<meta property=\"og:site_name\" content=\"Humanium\" \/>\n<meta property=\"article:modified_time\" content=\"2024-05-18T07:27:39+00:00\" \/>\n<meta property=\"og:image\" content=\"https:\/\/www.humanium.org\/es\/wp-content\/uploads\/2024\/05\/Shutterstock_635352692-2-300x300.jpg\" \/>\n<meta name=\"twitter:card\" content=\"summary_large_image\" \/>\n<meta name=\"twitter:label1\" content=\"Tiempo de lectura\" \/>\n\t<meta name=\"twitter:data1\" content=\"2 minutos\" \/>\n<script type=\"application\/ld+json\" class=\"yoast-schema-graph\">{\"@context\":\"https:\/\/schema.org\",\"@graph\":[{\"@type\":\"WebPage\",\"@id\":\"https:\/\/www.humanium.org\/es\/enfoques-tematicos\/pobreza\/\",\"url\":\"https:\/\/www.humanium.org\/es\/enfoques-tematicos\/pobreza\/\",\"name\":\"Pobreza - Humanium\",\"isPartOf\":{\"@id\":\"https:\/\/www.humanium.org\/es\/#website\"},\"primaryImageOfPage\":{\"@id\":\"https:\/\/www.humanium.org\/es\/enfoques-tematicos\/pobreza\/#primaryimage\"},\"image\":{\"@id\":\"https:\/\/www.humanium.org\/es\/enfoques-tematicos\/pobreza\/#primaryimage\"},\"thumbnailUrl\":\"https:\/\/www.humanium.org\/es\/wp-content\/uploads\/2024\/05\/Shutterstock_635352692-2-300x300.jpg\",\"datePublished\":\"2012-12-03T08:19:51+00:00\",\"dateModified\":\"2024-05-18T07:27:39+00:00\",\"description\":\"Los ni\u00f1os son las v\u00edctimas m\u00e1s vulnerables de la pobreza, lo que hace de esta la causa principal de la violaci\u00f3n de sus derechos fundamentales.\",\"breadcrumb\":{\"@id\":\"https:\/\/www.humanium.org\/es\/enfoques-tematicos\/pobreza\/#breadcrumb\"},\"inLanguage\":\"es\",\"potentialAction\":[{\"@type\":\"ReadAction\",\"target\":[\"https:\/\/www.humanium.org\/es\/enfoques-tematicos\/pobreza\/\"]}]},{\"@type\":\"ImageObject\",\"inLanguage\":\"es\",\"@id\":\"https:\/\/www.humanium.org\/es\/enfoques-tematicos\/pobreza\/#primaryimage\",\"url\":\"https:\/\/www.humanium.org\/es\/wp-content\/uploads\/2024\/05\/Shutterstock_635352692-2.jpg\",\"contentUrl\":\"https:\/\/www.humanium.org\/es\/wp-content\/uploads\/2024\/05\/Shutterstock_635352692-2.jpg\",\"width\":900,\"height\":900},{\"@type\":\"BreadcrumbList\",\"@id\":\"https:\/\/www.humanium.org\/es\/enfoques-tematicos\/pobreza\/#breadcrumb\",\"itemListElement\":[{\"@type\":\"ListItem\",\"position\":1,\"name\":\"Home\",\"item\":\"https:\/\/www.humanium.org\/es\/\"},{\"@type\":\"ListItem\",\"position\":2,\"name\":\"Enfoques tem\u00e1ticos\",\"item\":\"https:\/\/www.humanium.org\/es\/enfoques-tematicos\/\"},{\"@type\":\"ListItem\",\"position\":3,\"name\":\"Pobreza\"}]},{\"@type\":\"WebSite\",\"@id\":\"https:\/\/www.humanium.org\/es\/#website\",\"url\":\"https:\/\/www.humanium.org\/es\/\",\"name\":\"Humanium\",\"description\":\"\u00a1Los ni\u00f1os primero!\",\"potentialAction\":[{\"@type\":\"SearchAction\",\"target\":{\"@type\":\"EntryPoint\",\"urlTemplate\":\"https:\/\/www.humanium.org\/es\/?s={search_term_string}\"},\"query-input\":{\"@type\":\"PropertyValueSpecification\",\"valueRequired\":true,\"valueName\":\"search_term_string\"}}],\"inLanguage\":\"es\"}]}<\/script>\n<!-- \/ Yoast SEO plugin. -->","yoast_head_json":{"title":"Pobreza - Humanium","description":"Los ni\u00f1os son las v\u00edctimas m\u00e1s vulnerables de la pobreza, lo que hace de esta la causa principal de la violaci\u00f3n de sus derechos fundamentales.","robots":{"index":"index","follow":"follow","max-snippet":"max-snippet:-1","max-image-preview":"max-image-preview:large","max-video-preview":"max-video-preview:-1"},"canonical":"https:\/\/www.humanium.org\/es\/enfoques-tematicos\/pobreza\/","og_locale":"es_ES","og_type":"article","og_title":"Pobreza - Humanium","og_description":"Los ni\u00f1os son las v\u00edctimas m\u00e1s vulnerables de la pobreza, lo que hace de esta la causa principal de la violaci\u00f3n de sus derechos fundamentales.","og_url":"https:\/\/www.humanium.org\/es\/enfoques-tematicos\/pobreza\/","og_site_name":"Humanium","article_modified_time":"2024-05-18T07:27:39+00:00","og_image":[{"url":"https:\/\/www.humanium.org\/es\/wp-content\/uploads\/2024\/05\/Shutterstock_635352692-2-300x300.jpg","type":"","width":"","height":""}],"twitter_card":"summary_large_image","twitter_misc":{"Tiempo de lectura":"2 minutos"},"schema":{"@context":"https:\/\/schema.org","@graph":[{"@type":"WebPage","@id":"https:\/\/www.humanium.org\/es\/enfoques-tematicos\/pobreza\/","url":"https:\/\/www.humanium.org\/es\/enfoques-tematicos\/pobreza\/","name":"Pobreza - Humanium","isPartOf":{"@id":"https:\/\/www.humanium.org\/es\/#website"},"primaryImageOfPage":{"@id":"https:\/\/www.humanium.org\/es\/enfoques-tematicos\/pobreza\/#primaryimage"},"image":{"@id":"https:\/\/www.humanium.org\/es\/enfoques-tematicos\/pobreza\/#primaryimage"},"thumbnailUrl":"https:\/\/www.humanium.org\/es\/wp-content\/uploads\/2024\/05\/Shutterstock_635352692-2-300x300.jpg","datePublished":"2012-12-03T08:19:51+00:00","dateModified":"2024-05-18T07:27:39+00:00","description":"Los ni\u00f1os son las v\u00edctimas m\u00e1s vulnerables de la pobreza, lo que hace de esta la causa principal de la violaci\u00f3n de sus derechos fundamentales.","breadcrumb":{"@id":"https:\/\/www.humanium.org\/es\/enfoques-tematicos\/pobreza\/#breadcrumb"},"inLanguage":"es","potentialAction":[{"@type":"ReadAction","target":["https:\/\/www.humanium.org\/es\/enfoques-tematicos\/pobreza\/"]}]},{"@type":"ImageObject","inLanguage":"es","@id":"https:\/\/www.humanium.org\/es\/enfoques-tematicos\/pobreza\/#primaryimage","url":"https:\/\/www.humanium.org\/es\/wp-content\/uploads\/2024\/05\/Shutterstock_635352692-2.jpg","contentUrl":"https:\/\/www.humanium.org\/es\/wp-content\/uploads\/2024\/05\/Shutterstock_635352692-2.jpg","width":900,"height":900},{"@type":"BreadcrumbList","@id":"https:\/\/www.humanium.org\/es\/enfoques-tematicos\/pobreza\/#breadcrumb","itemListElement":[{"@type":"ListItem","position":1,"name":"Home","item":"https:\/\/www.humanium.org\/es\/"},{"@type":"ListItem","position":2,"name":"Enfoques tem\u00e1ticos","item":"https:\/\/www.humanium.org\/es\/enfoques-tematicos\/"},{"@type":"ListItem","position":3,"name":"Pobreza"}]},{"@type":"WebSite","@id":"https:\/\/www.humanium.org\/es\/#website","url":"https:\/\/www.humanium.org\/es\/","name":"Humanium","description":"\u00a1Los ni\u00f1os primero!","potentialAction":[{"@type":"SearchAction","target":{"@type":"EntryPoint","urlTemplate":"https:\/\/www.humanium.org\/es\/?s={search_term_string}"},"query-input":{"@type":"PropertyValueSpecification","valueRequired":true,"valueName":"search_term_string"}}],"inLanguage":"es"}]}},"_links":{"self":[{"href":"https:\/\/www.humanium.org\/es\/wp-json\/wp\/v2\/pages\/329","targetHints":{"allow":["GET"]}}],"collection":[{"href":"https:\/\/www.humanium.org\/es\/wp-json\/wp\/v2\/pages"}],"about":[{"href":"https:\/\/www.humanium.org\/es\/wp-json\/wp\/v2\/types\/page"}],"author":[{"embeddable":true,"href":"https:\/\/www.humanium.org\/es\/wp-json\/wp\/v2\/users\/1"}],"replies":[{"embeddable":true,"href":"https:\/\/www.humanium.org\/es\/wp-json\/wp\/v2\/comments?post=329"}],"version-history":[{"count":11,"href":"https:\/\/www.humanium.org\/es\/wp-json\/wp\/v2\/pages\/329\/revisions"}],"predecessor-version":[{"id":18829,"href":"https:\/\/www.humanium.org\/es\/wp-json\/wp\/v2\/pages\/329\/revisions\/18829"}],"up":[{"embeddable":true,"href":"https:\/\/www.humanium.org\/es\/wp-json\/wp\/v2\/pages\/283"}],"wp:attachment":[{"href":"https:\/\/www.humanium.org\/es\/wp-json\/wp\/v2\/media?parent=329"}],"curies":[{"name":"wp","href":"https:\/\/api.w.org\/{rel}","templated":true}]}}