{"id":3309,"date":"2013-08-08T08:29:10","date_gmt":"2013-08-08T08:29:10","guid":{"rendered":"http:\/\/www.humanium.org\/es\/?page_id=3309"},"modified":"2025-12-05T17:45:04","modified_gmt":"2025-12-05T17:45:04","slug":"corea-del-sur","status":"publish","type":"page","link":"https:\/\/www.humanium.org\/es\/corea-del-sur\/","title":{"rendered":"Ni\u00f1os de Corea del Sur"},"content":{"rendered":"<h1>Ni\u00f1os de Corea del Sur<\/h1>\n<h2>Descubriendo los derechos infantiles en Corea del Sur<\/h2>\n<p style=\"text-align: center;\"><img loading=\"lazy\" decoding=\"async\" class=\"alignnone size-full wp-image-13694\" title=\"Ni\u00f1a de Corea del Sur \u00a9 Tomcensani (flickr)\" src=\"https:\/\/www.humanium.org\/fr\/wp-content\/uploads\/2011\/08\/coree-sud-fille-tomcensani-flickr.jpg\" alt=\"\" width=\"208\" height=\"200\" \/> <img loading=\"lazy\" decoding=\"async\" class=\"alignnone size-full wp-image-13695\" title=\"Ni\u00f1o de Corea del Sur \u00a9 Hyello8 (flickr)\" src=\"https:\/\/www.humanium.org\/fr\/wp-content\/uploads\/2011\/08\/coree-sud-garcon-nyello8-flickr.jpg\" alt=\"\" width=\"153\" height=\"200\" \/><\/p>\n<p>Corea del Sur, conocida oficialmente como Rep\u00fablica de Corea, cuenta con una de las econom\u00edas m\u00e1s poderosas del Este de Asia. No s\u00f3lo es beneficiaria de ayuda humanitaria sino que tambi\u00e9n es proveedora de ella. Sin embargo, a pesar de sus avances, Corea del Sur a\u00fan enfrenta algunos problemas, notablemente en el \u00e1rea de los derechos infantiles.<\/p>\n<h3>Principales problemas a los que se enfrentan los ni\u00f1os en Corea del sur :<\/h3>\n<p><strong><a href=\"https:\/\/www.humanium.org\/es\/abuso-infantil\/\">Abuso y Maltrato<\/a><\/strong><\/p>\n<p>En teor\u00eda, el <a href=\"https:\/\/www.humanium.org\/es\/abuso-infantil\/\">castigo corporal<\/a> est\u00e1 prohibido. Sin embargo, a\u00fan se da tanto en los hogares como en las instituciones educativas. Los maestros no se oponen a maltratar o golpear a los estudiantes. Los padres usan el castigo corporal porque creen que esto refuerza el car\u00e1cter de sus hijos y demuestra cu\u00e1nto los aman.<\/p>\n<p><a href=\"https:\/\/www.humanium.org\/es\/derecho-educacion\/\"><strong>Educaci\u00f3n<\/strong><\/a> <img loading=\"lazy\" decoding=\"async\" class=\"alignright\" style=\"line-height: 24px;\" title=\"El sistema educativo surcoreano es muy competitivo. \u00a9nyello8 (flickr)\" src=\"https:\/\/www.humanium.org\/fr\/wp-content\/uploads\/2011\/08\/coree-sud-education-nyello8-flickr.jpg\" alt=\"\" width=\"300\" height=\"200\" \/><\/p>\n<p>El <a href=\"https:\/\/www.humanium.org\/es\/derecho-educacion\/\">sistema educativo<\/a> de Corea del Sur es muy competitivo. Los ni\u00f1os son sometidos a una presi\u00f3n considerable y algunos no pueden con ella. Algunos hasta son conducidos al suicidio porque no pueden lidiar con la competencia y el abuso que sufren por parte de sus maestros. Se han establecido campa\u00f1as de prevenci\u00f3n pero no constituyen una respuesta suficiente al problema del suicidio de menores.<\/p>\n<p><a href=\"https:\/\/www.humanium.org\/es\/no-discriminacion\/\"><strong>Discriminaci\u00f3n<\/strong><\/a> <img loading=\"lazy\" decoding=\"async\" class=\"alignright\" style=\"line-height: 24px;\" title=\"Los ni\u00f1os de matrimonios internacionales tienen dificultades para hablar coreano. \u00a9onbangladesh (flickr)\" src=\"https:\/\/www.humanium.org\/fr\/wp-content\/uploads\/2011\/08\/coree-sud-discrimination-onbangladesh-flickr.jpg\" alt=\"\" width=\"200\" height=\"150\" \/><\/p>\n<p>Los ni\u00f1os de matrimonios internacionales experimentan algunas dificultades para hablar coreano. Por ende, sufren problemas de comprensi\u00f3n y aprendizaje en la escuela. Esto los lleva a sufrir acoso escolar por parte de sus compa\u00f1eros y maestros. Debido a la d\u00e9bil situaci\u00f3n financiera de sus padres, no tienen acceso a todas las ventajas educativas que otros ni\u00f1os s\u00ed tienen.<\/p>\n<p><a href=\"https:\/\/www.humanium.org\/es\/ninos-discapacitados\/\"><strong>Ni\u00f1os discapacitados<\/strong><\/a><\/p>\n<p><a href=\"https:\/\/www.humanium.org\/es\/ninos-discapacitados\/\">Los ni\u00f1os que sufren de discapacidades mentales o f\u00edsicas<\/a>\u00a0a menudo son marginados por el sistema de protecci\u00f3n social. No asisten a la escuela y no tienen un lugar en la sociedad civil. M\u00e1s a\u00fan, los ni\u00f1os discapacitados no pueden adaptarse a su situaci\u00f3n porque no tienen acceso a cuidados <a href=\"https:\/\/www.humanium.org\/es\/derecho-salud\/\">sanitarios<\/a>\u00a0que satisfagan sus necesidades.<\/p>\n<p><strong><a href=\"https:\/\/www.humanium.org\/es\/derecho-proteccion\/\">Libertad de Expresi\u00f3n<\/a><\/strong> <img loading=\"lazy\" decoding=\"async\" class=\"alignright size-full wp-image-13821\" title=\"En algunas instituciones educativas las opiniones de los ni\u00f1os no se consideran importantes. \u00a9 Marcella Bonna (flickr)\" src=\"https:\/\/www.humanium.org\/fr\/wp-content\/uploads\/2011\/08\/coree-sud-expression-flickr.jpg\" alt=\"\" width=\"225\" height=\"150\" \/><\/p>\n<p>En ciertas instituciones educativas la opini\u00f3n de los ni\u00f1os no tiene ning\u00fan peso. El Comit\u00e9 de Derechos del Ni\u00f1o ha recomendado que el gobierno de Corea del Sur haga algo m\u00e1s para respetar la participaci\u00f3n y las ideas de los ni\u00f1os en el entorno es decir, dentro de sus hogares, en la escuela y en la sociedad en general.<\/p>\n<p><strong><a href=\"https:\/\/www.humanium.org\/es\/explotacion-sexual-infantil\"> Explotaci\u00f3n<\/a><\/strong><\/p>\n<p>Corea del Sur es fuente, paso y destino del comercio sexual, particularmente el de mujeres y ni\u00f1as. Ni\u00f1as chinas pasan por Corea del Sur antes de ser enviadas a Estados Unidos, donde se convertir\u00e1n en v\u00edctimas de explotaci\u00f3n sexual. Mujeres de Rusia, Uzbekist\u00e1n, China y Filipinas, Tailandia y otros pa\u00edses del sur de Asia son explotadas econ\u00f3mica y sexualmente. Son atra\u00eddas a Corea del Sur con falsas promesas de trabajo y una vez que est\u00e1n ah\u00ed encuentran que han sido prometidas a hombres surcoreanos o que el trabajo en cuesti\u00f3n est\u00e1 relacionado con el turismo sexual.<\/p>\n<p><strong>Problemas Ambientales<\/strong><\/p>\n<p>Aproximadamente 3,7 millones de toneladas de CO2 se producen cada a\u00f1o por cada habitante de Corea del Sur. El impacto de la contaminaci\u00f3n en los ni\u00f1os es muy negativo. Pone en riesgo su derecho a vivir y crecer en un ambiente sano y resta valor a sus perspectivas futuras. Corea del Sur ha progresado en la reducci\u00f3n de su huella ecol\u00f3gica pero a\u00fan falta mucho por hacer.<\/p>\n","protected":false},"excerpt":{"rendered":"<p>Ni\u00f1os de Corea del Sur Descubriendo los derechos infantiles en Corea del Sur Corea del Sur, conocida oficialmente como Rep\u00fablica de Corea, cuenta con una de las econom\u00edas m\u00e1s poderosas del Este de Asia. No s\u00f3lo es beneficiaria de ayuda humanitaria sino que tambi\u00e9n es proveedora de ella. Sin embargo, a pesar de sus avances, [&hellip;]<\/p>\n","protected":false},"author":1,"featured_media":0,"parent":0,"menu_order":0,"comment_status":"closed","ping_status":"open","template":"","meta":{"footnotes":""},"class_list":["post-3309","page","type-page","status-publish","hentry"],"yoast_head":"<!-- This site is optimized with the Yoast SEO plugin v26.5 - https:\/\/yoast.com\/wordpress\/plugins\/seo\/ -->\n<title>Ni\u00f1os de Corea del Sur - Humanium<\/title>\n<meta name=\"description\" content=\"A pesar de sus avances, Corea del Sur a\u00fan enfrenta algunos problemas, notablemente en el \u00e1rea de los derechos infantiles.\" \/>\n<meta name=\"robots\" content=\"index, follow, max-snippet:-1, max-image-preview:large, max-video-preview:-1\" \/>\n<link rel=\"canonical\" href=\"https:\/\/www.humanium.org\/es\/corea-del-sur\/\" \/>\n<meta property=\"og:locale\" content=\"es_ES\" \/>\n<meta property=\"og:type\" content=\"article\" \/>\n<meta property=\"og:title\" content=\"Ni\u00f1os de Corea del Sur - Humanium\" \/>\n<meta property=\"og:description\" content=\"A pesar de sus avances, Corea del Sur a\u00fan enfrenta algunos problemas, notablemente en el \u00e1rea de los derechos infantiles.\" \/>\n<meta property=\"og:url\" content=\"https:\/\/www.humanium.org\/es\/corea-del-sur\/\" \/>\n<meta property=\"og:site_name\" content=\"Humanium\" \/>\n<meta property=\"article:modified_time\" content=\"2025-12-05T17:45:04+00:00\" \/>\n<meta name=\"twitter:card\" content=\"summary_large_image\" \/>\n<meta name=\"twitter:label1\" content=\"Tiempo de lectura\" \/>\n\t<meta name=\"twitter:data1\" content=\"4 minutos\" \/>\n<script type=\"application\/ld+json\" class=\"yoast-schema-graph\">{\"@context\":\"https:\/\/schema.org\",\"@graph\":[{\"@type\":\"WebPage\",\"@id\":\"https:\/\/www.humanium.org\/es\/corea-del-sur\/\",\"url\":\"https:\/\/www.humanium.org\/es\/corea-del-sur\/\",\"name\":\"Ni\u00f1os de Corea del Sur - Humanium\",\"isPartOf\":{\"@id\":\"https:\/\/www.humanium.org\/es\/#website\"},\"primaryImageOfPage\":{\"@id\":\"https:\/\/www.humanium.org\/es\/corea-del-sur\/#primaryimage\"},\"image\":{\"@id\":\"https:\/\/www.humanium.org\/es\/corea-del-sur\/#primaryimage\"},\"thumbnailUrl\":\"https:\/\/www.humanium.org\/fr\/wp-content\/uploads\/2011\/08\/coree-sud-fille-tomcensani-flickr.jpg\",\"datePublished\":\"2013-08-08T08:29:10+00:00\",\"dateModified\":\"2025-12-05T17:45:04+00:00\",\"description\":\"A pesar de sus avances, Corea del Sur a\u00fan enfrenta algunos problemas, notablemente en el \u00e1rea de los derechos infantiles.\",\"breadcrumb\":{\"@id\":\"https:\/\/www.humanium.org\/es\/corea-del-sur\/#breadcrumb\"},\"inLanguage\":\"es\",\"potentialAction\":[{\"@type\":\"ReadAction\",\"target\":[\"https:\/\/www.humanium.org\/es\/corea-del-sur\/\"]}]},{\"@type\":\"ImageObject\",\"inLanguage\":\"es\",\"@id\":\"https:\/\/www.humanium.org\/es\/corea-del-sur\/#primaryimage\",\"url\":\"https:\/\/www.humanium.org\/fr\/wp-content\/uploads\/2011\/08\/coree-sud-fille-tomcensani-flickr.jpg\",\"contentUrl\":\"https:\/\/www.humanium.org\/fr\/wp-content\/uploads\/2011\/08\/coree-sud-fille-tomcensani-flickr.jpg\"},{\"@type\":\"BreadcrumbList\",\"@id\":\"https:\/\/www.humanium.org\/es\/corea-del-sur\/#breadcrumb\",\"itemListElement\":[{\"@type\":\"ListItem\",\"position\":1,\"name\":\"Home\",\"item\":\"https:\/\/www.humanium.org\/es\/\"},{\"@type\":\"ListItem\",\"position\":2,\"name\":\"Ni\u00f1os de Corea del Sur\"}]},{\"@type\":\"WebSite\",\"@id\":\"https:\/\/www.humanium.org\/es\/#website\",\"url\":\"https:\/\/www.humanium.org\/es\/\",\"name\":\"Humanium\",\"description\":\"\u00a1Los ni\u00f1os primero!\",\"potentialAction\":[{\"@type\":\"SearchAction\",\"target\":{\"@type\":\"EntryPoint\",\"urlTemplate\":\"https:\/\/www.humanium.org\/es\/?s={search_term_string}\"},\"query-input\":{\"@type\":\"PropertyValueSpecification\",\"valueRequired\":true,\"valueName\":\"search_term_string\"}}],\"inLanguage\":\"es\"}]}<\/script>\n<!-- \/ Yoast SEO plugin. -->","yoast_head_json":{"title":"Ni\u00f1os de Corea del Sur - Humanium","description":"A pesar de sus avances, Corea del Sur a\u00fan enfrenta algunos problemas, notablemente en el \u00e1rea de los derechos infantiles.","robots":{"index":"index","follow":"follow","max-snippet":"max-snippet:-1","max-image-preview":"max-image-preview:large","max-video-preview":"max-video-preview:-1"},"canonical":"https:\/\/www.humanium.org\/es\/corea-del-sur\/","og_locale":"es_ES","og_type":"article","og_title":"Ni\u00f1os de Corea del Sur - Humanium","og_description":"A pesar de sus avances, Corea del Sur a\u00fan enfrenta algunos problemas, notablemente en el \u00e1rea de los derechos infantiles.","og_url":"https:\/\/www.humanium.org\/es\/corea-del-sur\/","og_site_name":"Humanium","article_modified_time":"2025-12-05T17:45:04+00:00","twitter_card":"summary_large_image","twitter_misc":{"Tiempo de lectura":"4 minutos"},"schema":{"@context":"https:\/\/schema.org","@graph":[{"@type":"WebPage","@id":"https:\/\/www.humanium.org\/es\/corea-del-sur\/","url":"https:\/\/www.humanium.org\/es\/corea-del-sur\/","name":"Ni\u00f1os de Corea del Sur - Humanium","isPartOf":{"@id":"https:\/\/www.humanium.org\/es\/#website"},"primaryImageOfPage":{"@id":"https:\/\/www.humanium.org\/es\/corea-del-sur\/#primaryimage"},"image":{"@id":"https:\/\/www.humanium.org\/es\/corea-del-sur\/#primaryimage"},"thumbnailUrl":"https:\/\/www.humanium.org\/fr\/wp-content\/uploads\/2011\/08\/coree-sud-fille-tomcensani-flickr.jpg","datePublished":"2013-08-08T08:29:10+00:00","dateModified":"2025-12-05T17:45:04+00:00","description":"A pesar de sus avances, Corea del Sur a\u00fan enfrenta algunos problemas, notablemente en el \u00e1rea de los derechos infantiles.","breadcrumb":{"@id":"https:\/\/www.humanium.org\/es\/corea-del-sur\/#breadcrumb"},"inLanguage":"es","potentialAction":[{"@type":"ReadAction","target":["https:\/\/www.humanium.org\/es\/corea-del-sur\/"]}]},{"@type":"ImageObject","inLanguage":"es","@id":"https:\/\/www.humanium.org\/es\/corea-del-sur\/#primaryimage","url":"https:\/\/www.humanium.org\/fr\/wp-content\/uploads\/2011\/08\/coree-sud-fille-tomcensani-flickr.jpg","contentUrl":"https:\/\/www.humanium.org\/fr\/wp-content\/uploads\/2011\/08\/coree-sud-fille-tomcensani-flickr.jpg"},{"@type":"BreadcrumbList","@id":"https:\/\/www.humanium.org\/es\/corea-del-sur\/#breadcrumb","itemListElement":[{"@type":"ListItem","position":1,"name":"Home","item":"https:\/\/www.humanium.org\/es\/"},{"@type":"ListItem","position":2,"name":"Ni\u00f1os de Corea del Sur"}]},{"@type":"WebSite","@id":"https:\/\/www.humanium.org\/es\/#website","url":"https:\/\/www.humanium.org\/es\/","name":"Humanium","description":"\u00a1Los ni\u00f1os primero!","potentialAction":[{"@type":"SearchAction","target":{"@type":"EntryPoint","urlTemplate":"https:\/\/www.humanium.org\/es\/?s={search_term_string}"},"query-input":{"@type":"PropertyValueSpecification","valueRequired":true,"valueName":"search_term_string"}}],"inLanguage":"es"}]}},"_links":{"self":[{"href":"https:\/\/www.humanium.org\/es\/wp-json\/wp\/v2\/pages\/3309","targetHints":{"allow":["GET"]}}],"collection":[{"href":"https:\/\/www.humanium.org\/es\/wp-json\/wp\/v2\/pages"}],"about":[{"href":"https:\/\/www.humanium.org\/es\/wp-json\/wp\/v2\/types\/page"}],"author":[{"embeddable":true,"href":"https:\/\/www.humanium.org\/es\/wp-json\/wp\/v2\/users\/1"}],"replies":[{"embeddable":true,"href":"https:\/\/www.humanium.org\/es\/wp-json\/wp\/v2\/comments?post=3309"}],"version-history":[{"count":4,"href":"https:\/\/www.humanium.org\/es\/wp-json\/wp\/v2\/pages\/3309\/revisions"}],"predecessor-version":[{"id":20424,"href":"https:\/\/www.humanium.org\/es\/wp-json\/wp\/v2\/pages\/3309\/revisions\/20424"}],"wp:attachment":[{"href":"https:\/\/www.humanium.org\/es\/wp-json\/wp\/v2\/media?parent=3309"}],"curies":[{"name":"wp","href":"https:\/\/api.w.org\/{rel}","templated":true}]}}