{"id":3327,"date":"2013-08-09T11:21:44","date_gmt":"2013-08-09T11:21:44","guid":{"rendered":"http:\/\/www.humanium.org\/es\/?page_id=3327"},"modified":"2025-12-05T17:55:40","modified_gmt":"2025-12-05T17:55:40","slug":"espana","status":"publish","type":"page","link":"https:\/\/www.humanium.org\/es\/espana\/","title":{"rendered":"Ni\u00f1os de Espa\u00f1a"},"content":{"rendered":"<h1>Ni\u00f1os de Espa\u00f1a<\/h1>\n<h2>Descubriendo los derechos del ni\u00f1o en Espa\u00f1a<\/h2>\n<p style=\"text-align: center;\"><img loading=\"lazy\" decoding=\"async\" class=\"alignnone size-full wp-image-18546\" title=\"Ni\u00f1a de Espa\u00f1a \u00a9 Maessive (flickr)\" src=\"https:\/\/www.humanium.org\/fr\/wp-content\/uploads\/2011\/11\/fillette-maessive-flickr.jpg\" alt=\"\" width=\"129\" height=\"200\" \/>\u00a0<img loading=\"lazy\" decoding=\"async\" class=\"size-full wp-image-12028 alignnone\" title=\"Ni\u00f1o de Espa\u00f1a \u00a9 Cesarastudillo (flickr)\" src=\"https:\/\/www.humanium.org\/fr\/wp-content\/uploads\/2011\/07\/garcon-cesarastudillo-flickr1.jpg\" alt=\"\" width=\"133\" height=\"200\" \/><\/p>\n<p>Aunque es un pa\u00eds europeo econ\u00f3micamente avanzado, Espa\u00f1a tiene una tasa bastante alta de pobreza. Hay grandes diferencias entre pobres y ricos, lo que ha llevado a la discriminaci\u00f3n hacia los ni\u00f1os provenientes de familias pobres y de escasos recursos, hecho que impide el pleno goce de sus derechos.<\/p>\n<h3>Principales problemas a los que se enfrentan los ni\u00f1os en Espa\u00f1a :<\/h3>\n<p><a href=\"https:\/\/www.humanium.org\/es\/pobreza-infantil\/\"><strong>Pobreza<\/strong><\/a><\/p>\n<p>Espa\u00f1a tiene un obst\u00e1culo dif\u00edcil de superar: la pobreza. M\u00e1s del 20% de la poblaci\u00f3n vive por debajo del <a href=\"https:\/\/www.humanium.org\/es\/pobreza-infantil\/\">umbral de la pobreza<\/a>.<img loading=\"lazy\" decoding=\"async\" class=\"alignright\" title=\"La pobreza tiene efectos nocivos en la vida de los ni\u00f1os \u00a9 Dr John2005 (flickr)\" src=\"https:\/\/www.humanium.org\/fr\/wp-content\/uploads\/2011\/07\/pauvrete-dr-john2005-flickr1.jpg\" alt=\"\" width=\"249\" height=\"231\" \/><\/p>\n<p>Esta estad\u00edstica es una tragedia para un pa\u00eds con un nivel de vida muy alto, y tiene consecuencias negativas en la situaci\u00f3n de los ni\u00f1os.<\/p>\n<p>Debido a un apoyo financiero insuficiente, estos ni\u00f1os tienen un acceso limitado a la educaci\u00f3n, la salud y alimentos nutritivos.<\/p>\n<p><a href=\"https:\/\/www.humanium.org\/es\/derecho-salud\/\"><strong>El derecho a la salud<\/strong><\/a><\/p>\n<p>El<a href=\"https:\/\/www.humanium.org\/es\/derecho-salud\/\"> sistema sanitario<\/a> espa\u00f1ol est\u00e1 bastante bien desarrollado, el personal y los materiales m\u00e9dicos se ponen a disposici\u00f3n de la poblaci\u00f3n. Adem\u00e1s, la asistencia sanitaria en Espa\u00f1a es gratuita, un elemento importante en la lucha contra la <a href=\"https:\/\/www.humanium.org\/es\/no-discriminacion\/\">discriminaci\u00f3n<\/a>.<\/p>\n<p>Sin embargo, el porcentaje de personas con VIH sigue siendo elevado. Las autoridades sanitarias deben continuar con las campa\u00f1as de informaci\u00f3n sobre c\u00f3mo prevenir la transmisi\u00f3n del VIH a los ni\u00f1os con el fin de limitar la propagaci\u00f3n de la enfermedad.<\/p>\n<p><a href=\"https:\/\/www.humanium.org\/es\/abuso-infantil\/\"><strong>Violencia<\/strong><\/a><\/p>\n<p>Pese a la presencia de los servicios de protecci\u00f3n de menores, todos los a\u00f1os Espa\u00f1a informa de muchos casos de maltrato infantil. En 2007, se denunciaron unos 800.000 casos de violencia dom\u00e9stica.<\/p>\n<p>Las v\u00edctimas de <a href=\"https:\/\/www.humanium.org\/es\/abuso-infantil\/\">maltrato infantil<\/a> pueden ser tanto los testigos como las v\u00edctimas directas. Es tr\u00e1gico el hecho que algunos ni\u00f1os mueran porque son de diferentes nacionalidades.<img loading=\"lazy\" decoding=\"async\" class=\"alignright\" title=\"-Algunos ni\u00f1os son v\u00edctimas de la violencia en los centros de detenci\u00f3n \u00a9 Isafmedia (flickr)\" src=\"https:\/\/www.humanium.org\/fr\/wp-content\/uploads\/2011\/07\/violence-isafmedia.flickr2.jpg\" alt=\"\" width=\"176\" height=\"250\" \/><\/p>\n<p>Los ni\u00f1os inmigrantes retenidos en centros de detenci\u00f3n son v\u00edctimas de violencia tanto f\u00edsica como psicol\u00f3gica. A veces se les priva de educaci\u00f3n, recreo y salidas al exterior, incluso, al estar aislados, se vuelven a\u00fan m\u00e1s agresivos. Un informe de 2009 del Mediador Nacional mencion\u00f3 que ten\u00edan que administrar medicamentos para calmar a muchos de los ni\u00f1os.<\/p>\n<p><a href=\"https:\/\/www.humanium.org\/es\/ninos-desplazados\/\"><strong>Ni\u00f1os refugiados<\/strong><\/a><\/p>\n<p>Espa\u00f1a se enfrenta a una gran cantidad de inmigrantes procedentes de \u00c1frica y Europa del Este. Estos<a href=\"https:\/\/www.humanium.org\/es\/ninos-desplazados\/\"> inmigrantes o refugiados<\/a> llegan en grupos y muy a menudo traen a sus hijos consigo.<\/p>\n<p>Los ni\u00f1os, vulnerables y d\u00e9biles, a menudo tienen que caminar durante horas o se esconden en camiones con el fin de llegar a Espa\u00f1a. El viaje puede llegar a ser mortal; algunos pierden la vida en el camino.<\/p>\n<p>Una vez que arriban, no est\u00e1 garantizado que su situaci\u00f3n mejore. Muchos de estos menores se encuentran solos en Espa\u00f1a, sin sus padres. Sin comida, se enfrentan a vivir en la calle con un <a href=\"https:\/\/www.humanium.org\/es\/derecho-agua\/\">acceso limitado al agua<\/a>.<\/p>\n<p>El gobierno espa\u00f1ol debe mejorar no solamente su reacci\u00f3n, sino tambi\u00e9n las condiciones en que los ni\u00f1os regresan a su pa\u00eds de origen.<\/p>\n<p><strong><a href=\"https:\/\/www.humanium.org\/es\/no-discriminacion\/\">Discriminaci\u00f3n<\/a><\/strong><br \/>\n<img loading=\"lazy\" decoding=\"async\" class=\"alignright\" title=\"Los ni\u00f1os inmigrantes son las principales v\u00edctimas de la discriminaci\u00f3n \u00a9 Martathegoodone (flickr)\" src=\"https:\/\/www.humanium.org\/fr\/wp-content\/uploads\/2011\/07\/discrimination-martathegoodone-flickr.jpg\" alt=\"\" width=\"202\" height=\"223\" \/><\/p>\n<p>Los ni\u00f1os roman\u00edes y los ni\u00f1os inmigrantes son los m\u00e1s afectados. Principalmente debido a su origen extranjero, su acceso a la educaci\u00f3n es limitado, e incluso prohibido.<\/p>\n<p>Se han hecho cambios positivos, pero a\u00fan queda mucho por hacer. Como signatario de la Convenci\u00f3n Internacional sobre los Derechos del Ni\u00f1o, Espa\u00f1a debe tratar de erradicar todas las formas de discriminaci\u00f3n que afectan a los ni\u00f1os en su pa\u00eds.<\/p>\n<p><a href=\"https:\/\/www.humanium.org\/es\/derecho-proteccion\/\"><strong>Protecci\u00f3n legal y penal<\/strong><\/a><\/p>\n<p>En Espa\u00f1a, de acuerdo con la ley actual, los ni\u00f1os extranjeros reciben la misma protecci\u00f3n legal y penal que los ni\u00f1os espa\u00f1oles. Pero, en realidad, esto no siempre se cumple.<\/p>\n<p>Los ni\u00f1os inmigrantes, por ejemplo, se encuentran con respuestas lentas y retrasos por parte de las autoridades espa\u00f1olas. Estos ni\u00f1os son retenidos en centros de detenci\u00f3n en los que no siempre se respetan sus derechos.<\/p>\n","protected":false},"excerpt":{"rendered":"<p>Ni\u00f1os de Espa\u00f1a Descubriendo los derechos del ni\u00f1o en Espa\u00f1a \u00a0 Aunque es un pa\u00eds europeo econ\u00f3micamente avanzado, Espa\u00f1a tiene una tasa bastante alta de pobreza. Hay grandes diferencias entre pobres y ricos, lo que ha llevado a la discriminaci\u00f3n hacia los ni\u00f1os provenientes de familias pobres y de escasos recursos, hecho que impide el [&hellip;]<\/p>\n","protected":false},"author":1,"featured_media":0,"parent":0,"menu_order":0,"comment_status":"closed","ping_status":"open","template":"","meta":{"footnotes":""},"class_list":["post-3327","page","type-page","status-publish","hentry"],"yoast_head":"<!-- This site is optimized with the Yoast SEO plugin v26.5 - https:\/\/yoast.com\/wordpress\/plugins\/seo\/ -->\n<title>Ni\u00f1os de Espa\u00f1a - Humanium<\/title>\n<meta name=\"description\" content=\"En Espa\u00f1a, la discriminaci\u00f3n hacia los ni\u00f1os provenientes de familias pobres y de escasos recursos, impide el pleno goce de sus derechos.\" \/>\n<meta name=\"robots\" content=\"index, follow, max-snippet:-1, max-image-preview:large, max-video-preview:-1\" \/>\n<link rel=\"canonical\" href=\"https:\/\/www.humanium.org\/es\/espana\/\" \/>\n<meta property=\"og:locale\" content=\"es_ES\" \/>\n<meta property=\"og:type\" content=\"article\" \/>\n<meta property=\"og:title\" content=\"Ni\u00f1os de Espa\u00f1a - Humanium\" \/>\n<meta property=\"og:description\" content=\"En Espa\u00f1a, la discriminaci\u00f3n hacia los ni\u00f1os provenientes de familias pobres y de escasos recursos, impide el pleno goce de sus derechos.\" \/>\n<meta property=\"og:url\" content=\"https:\/\/www.humanium.org\/es\/espana\/\" \/>\n<meta property=\"og:site_name\" content=\"Humanium\" \/>\n<meta property=\"article:modified_time\" content=\"2025-12-05T17:55:40+00:00\" \/>\n<meta property=\"og:image\" content=\"https:\/\/www.humanium.org\/es\/wp-content\/uploads\/2024\/02\/shutterstock_1097654576-scaled.jpg\" \/>\n\t<meta property=\"og:image:width\" content=\"2560\" \/>\n\t<meta property=\"og:image:height\" content=\"1706\" \/>\n\t<meta property=\"og:image:type\" content=\"image\/jpeg\" \/>\n<meta name=\"twitter:card\" content=\"summary_large_image\" \/>\n<meta name=\"twitter:label1\" content=\"Tiempo de lectura\" \/>\n\t<meta name=\"twitter:data1\" content=\"4 minutos\" \/>\n<script type=\"application\/ld+json\" class=\"yoast-schema-graph\">{\"@context\":\"https:\/\/schema.org\",\"@graph\":[{\"@type\":\"WebPage\",\"@id\":\"https:\/\/www.humanium.org\/es\/espana\/\",\"url\":\"https:\/\/www.humanium.org\/es\/espana\/\",\"name\":\"Ni\u00f1os de Espa\u00f1a - Humanium\",\"isPartOf\":{\"@id\":\"https:\/\/www.humanium.org\/es\/#website\"},\"primaryImageOfPage\":{\"@id\":\"https:\/\/www.humanium.org\/es\/espana\/#primaryimage\"},\"image\":{\"@id\":\"https:\/\/www.humanium.org\/es\/espana\/#primaryimage\"},\"thumbnailUrl\":\"https:\/\/www.humanium.org\/fr\/wp-content\/uploads\/2011\/11\/fillette-maessive-flickr.jpg\",\"datePublished\":\"2013-08-09T11:21:44+00:00\",\"dateModified\":\"2025-12-05T17:55:40+00:00\",\"description\":\"En Espa\u00f1a, la discriminaci\u00f3n hacia los ni\u00f1os provenientes de familias pobres y de escasos recursos, impide el pleno goce de sus derechos.\",\"breadcrumb\":{\"@id\":\"https:\/\/www.humanium.org\/es\/espana\/#breadcrumb\"},\"inLanguage\":\"es\",\"potentialAction\":[{\"@type\":\"ReadAction\",\"target\":[\"https:\/\/www.humanium.org\/es\/espana\/\"]}]},{\"@type\":\"ImageObject\",\"inLanguage\":\"es\",\"@id\":\"https:\/\/www.humanium.org\/es\/espana\/#primaryimage\",\"url\":\"https:\/\/www.humanium.org\/fr\/wp-content\/uploads\/2011\/11\/fillette-maessive-flickr.jpg\",\"contentUrl\":\"https:\/\/www.humanium.org\/fr\/wp-content\/uploads\/2011\/11\/fillette-maessive-flickr.jpg\"},{\"@type\":\"BreadcrumbList\",\"@id\":\"https:\/\/www.humanium.org\/es\/espana\/#breadcrumb\",\"itemListElement\":[{\"@type\":\"ListItem\",\"position\":1,\"name\":\"Home\",\"item\":\"https:\/\/www.humanium.org\/es\/\"},{\"@type\":\"ListItem\",\"position\":2,\"name\":\"Ni\u00f1os de Espa\u00f1a\"}]},{\"@type\":\"WebSite\",\"@id\":\"https:\/\/www.humanium.org\/es\/#website\",\"url\":\"https:\/\/www.humanium.org\/es\/\",\"name\":\"Humanium\",\"description\":\"\u00a1Los ni\u00f1os primero!\",\"potentialAction\":[{\"@type\":\"SearchAction\",\"target\":{\"@type\":\"EntryPoint\",\"urlTemplate\":\"https:\/\/www.humanium.org\/es\/?s={search_term_string}\"},\"query-input\":{\"@type\":\"PropertyValueSpecification\",\"valueRequired\":true,\"valueName\":\"search_term_string\"}}],\"inLanguage\":\"es\"}]}<\/script>\n<!-- \/ Yoast SEO plugin. -->","yoast_head_json":{"title":"Ni\u00f1os de Espa\u00f1a - Humanium","description":"En Espa\u00f1a, la discriminaci\u00f3n hacia los ni\u00f1os provenientes de familias pobres y de escasos recursos, impide el pleno goce de sus derechos.","robots":{"index":"index","follow":"follow","max-snippet":"max-snippet:-1","max-image-preview":"max-image-preview:large","max-video-preview":"max-video-preview:-1"},"canonical":"https:\/\/www.humanium.org\/es\/espana\/","og_locale":"es_ES","og_type":"article","og_title":"Ni\u00f1os de Espa\u00f1a - Humanium","og_description":"En Espa\u00f1a, la discriminaci\u00f3n hacia los ni\u00f1os provenientes de familias pobres y de escasos recursos, impide el pleno goce de sus derechos.","og_url":"https:\/\/www.humanium.org\/es\/espana\/","og_site_name":"Humanium","article_modified_time":"2025-12-05T17:55:40+00:00","og_image":[{"width":2560,"height":1706,"url":"https:\/\/www.humanium.org\/es\/wp-content\/uploads\/2024\/02\/shutterstock_1097654576-scaled.jpg","type":"image\/jpeg"}],"twitter_card":"summary_large_image","twitter_misc":{"Tiempo de lectura":"4 minutos"},"schema":{"@context":"https:\/\/schema.org","@graph":[{"@type":"WebPage","@id":"https:\/\/www.humanium.org\/es\/espana\/","url":"https:\/\/www.humanium.org\/es\/espana\/","name":"Ni\u00f1os de Espa\u00f1a - Humanium","isPartOf":{"@id":"https:\/\/www.humanium.org\/es\/#website"},"primaryImageOfPage":{"@id":"https:\/\/www.humanium.org\/es\/espana\/#primaryimage"},"image":{"@id":"https:\/\/www.humanium.org\/es\/espana\/#primaryimage"},"thumbnailUrl":"https:\/\/www.humanium.org\/fr\/wp-content\/uploads\/2011\/11\/fillette-maessive-flickr.jpg","datePublished":"2013-08-09T11:21:44+00:00","dateModified":"2025-12-05T17:55:40+00:00","description":"En Espa\u00f1a, la discriminaci\u00f3n hacia los ni\u00f1os provenientes de familias pobres y de escasos recursos, impide el pleno goce de sus derechos.","breadcrumb":{"@id":"https:\/\/www.humanium.org\/es\/espana\/#breadcrumb"},"inLanguage":"es","potentialAction":[{"@type":"ReadAction","target":["https:\/\/www.humanium.org\/es\/espana\/"]}]},{"@type":"ImageObject","inLanguage":"es","@id":"https:\/\/www.humanium.org\/es\/espana\/#primaryimage","url":"https:\/\/www.humanium.org\/fr\/wp-content\/uploads\/2011\/11\/fillette-maessive-flickr.jpg","contentUrl":"https:\/\/www.humanium.org\/fr\/wp-content\/uploads\/2011\/11\/fillette-maessive-flickr.jpg"},{"@type":"BreadcrumbList","@id":"https:\/\/www.humanium.org\/es\/espana\/#breadcrumb","itemListElement":[{"@type":"ListItem","position":1,"name":"Home","item":"https:\/\/www.humanium.org\/es\/"},{"@type":"ListItem","position":2,"name":"Ni\u00f1os de Espa\u00f1a"}]},{"@type":"WebSite","@id":"https:\/\/www.humanium.org\/es\/#website","url":"https:\/\/www.humanium.org\/es\/","name":"Humanium","description":"\u00a1Los ni\u00f1os primero!","potentialAction":[{"@type":"SearchAction","target":{"@type":"EntryPoint","urlTemplate":"https:\/\/www.humanium.org\/es\/?s={search_term_string}"},"query-input":{"@type":"PropertyValueSpecification","valueRequired":true,"valueName":"search_term_string"}}],"inLanguage":"es"}]}},"_links":{"self":[{"href":"https:\/\/www.humanium.org\/es\/wp-json\/wp\/v2\/pages\/3327","targetHints":{"allow":["GET"]}}],"collection":[{"href":"https:\/\/www.humanium.org\/es\/wp-json\/wp\/v2\/pages"}],"about":[{"href":"https:\/\/www.humanium.org\/es\/wp-json\/wp\/v2\/types\/page"}],"author":[{"embeddable":true,"href":"https:\/\/www.humanium.org\/es\/wp-json\/wp\/v2\/users\/1"}],"replies":[{"embeddable":true,"href":"https:\/\/www.humanium.org\/es\/wp-json\/wp\/v2\/comments?post=3327"}],"version-history":[{"count":3,"href":"https:\/\/www.humanium.org\/es\/wp-json\/wp\/v2\/pages\/3327\/revisions"}],"predecessor-version":[{"id":20464,"href":"https:\/\/www.humanium.org\/es\/wp-json\/wp\/v2\/pages\/3327\/revisions\/20464"}],"wp:attachment":[{"href":"https:\/\/www.humanium.org\/es\/wp-json\/wp\/v2\/media?parent=3327"}],"curies":[{"name":"wp","href":"https:\/\/api.w.org\/{rel}","templated":true}]}}