{"id":336,"date":"2012-12-03T08:33:55","date_gmt":"2012-12-03T08:33:55","guid":{"rendered":"http:\/\/www.humanium.org\/es\/?page_id=336"},"modified":"2024-09-08T18:50:55","modified_gmt":"2024-09-08T18:50:55","slug":"violencia","status":"publish","type":"page","link":"https:\/\/www.humanium.org\/es\/enfoques-tematicos\/violencia\/","title":{"rendered":"Violencia"},"content":{"rendered":"<h1>Violencia<\/h1>\n<hr align=\"left\" size=\"4\" width=\"18%\" \/>\n<h2 style=\"margin-bottom: 10px;\"><strong><a href=\"https:\/\/www.humanium.org\/es\/enfoques-tematicos\/violencia\/ninos-guerra\/\"><img loading=\"lazy\" decoding=\"async\" class=\"wp-image-18788 alignleft\" src=\"https:\/\/www.humanium.org\/es\/wp-content\/uploads\/2024\/05\/Small-image-300x300.jpg\" alt=\"\" width=\"148\" height=\"148\" srcset=\"https:\/\/www.humanium.org\/es\/wp-content\/uploads\/2024\/05\/Small-image-300x300.jpg 300w, https:\/\/www.humanium.org\/es\/wp-content\/uploads\/2024\/05\/Small-image-150x150.jpg 150w, https:\/\/www.humanium.org\/es\/wp-content\/uploads\/2024\/05\/Small-image-768x768.jpg 768w, https:\/\/www.humanium.org\/es\/wp-content\/uploads\/2024\/05\/Small-image-830x830.jpg 830w, https:\/\/www.humanium.org\/es\/wp-content\/uploads\/2024\/05\/Small-image-230x230.jpg 230w, https:\/\/www.humanium.org\/es\/wp-content\/uploads\/2024\/05\/Small-image-350x350.jpg 350w, https:\/\/www.humanium.org\/es\/wp-content\/uploads\/2024\/05\/Small-image-480x480.jpg 480w, https:\/\/www.humanium.org\/es\/wp-content\/uploads\/2024\/05\/Small-image.jpg 900w\" sizes=\"auto, (max-width: 148px) 100vw, 148px\" \/>Ni\u00f1os en contextos b\u00e9licos<\/a><\/strong><\/h2>\n<p>Se estima que m\u00e1s de 400 millones de ni\u00f1os est\u00e1n actualmente viviendo en pa\u00edses en donde ocurren guerras o otro tipo de conflictos violentos y se enfrentan a una exposici\u00f3n desproporcionada a cr\u00edmenes crueles y violentos.<\/p>\n<hr \/>\n<h2 style=\"margin-bottom: 10px;\"><strong><a href=\"https:\/\/www.humanium.org\/es\/enfoques-tematicos\/violencia\/ninos-soldado\/\"><img loading=\"lazy\" decoding=\"async\" class=\"wp-image-18934 alignleft\" src=\"https:\/\/www.humanium.org\/es\/wp-content\/uploads\/2024\/06\/Shutterstock_1186227025-1-300x300.jpg\" alt=\"\" width=\"149\" height=\"149\" srcset=\"https:\/\/www.humanium.org\/es\/wp-content\/uploads\/2024\/06\/Shutterstock_1186227025-1-300x300.jpg 300w, https:\/\/www.humanium.org\/es\/wp-content\/uploads\/2024\/06\/Shutterstock_1186227025-1-150x150.jpg 150w, https:\/\/www.humanium.org\/es\/wp-content\/uploads\/2024\/06\/Shutterstock_1186227025-1-768x768.jpg 768w, https:\/\/www.humanium.org\/es\/wp-content\/uploads\/2024\/06\/Shutterstock_1186227025-1-830x830.jpg 830w, https:\/\/www.humanium.org\/es\/wp-content\/uploads\/2024\/06\/Shutterstock_1186227025-1-230x230.jpg 230w, https:\/\/www.humanium.org\/es\/wp-content\/uploads\/2024\/06\/Shutterstock_1186227025-1-350x350.jpg 350w, https:\/\/www.humanium.org\/es\/wp-content\/uploads\/2024\/06\/Shutterstock_1186227025-1-480x480.jpg 480w, https:\/\/www.humanium.org\/es\/wp-content\/uploads\/2024\/06\/Shutterstock_1186227025-1.jpg 900w\" sizes=\"auto, (max-width: 149px) 100vw, 149px\" \/>Ni\u00f1os soldado<\/a><\/strong><\/h2>\n<p>Un ni\u00f1o soldado es todo ser humano menor de 18 a\u00f1os que es reclutado forzosamente para participar en conflictos armados. Estos ni\u00f1os se ven implicados en guerras, lo que a menudo se debe a diversos factores, tales como la pobreza, la\u00a0violencia\u00a0o la falta de educaci\u00f3n.<\/p>\n<hr \/>\n<h2 style=\"margin-bottom: 10px;\"><strong><a href=\"https:\/\/www.humanium.org\/es\/enfoques-tematicos\/violencia\/abuso-infantil\/\"><img loading=\"lazy\" decoding=\"async\" class=\" wp-image-19101 alignleft\" src=\"https:\/\/www.humanium.org\/es\/wp-content\/uploads\/2024\/09\/Shutterstock_710271955-300x300.jpg\" alt=\"\" width=\"157\" height=\"157\" srcset=\"https:\/\/www.humanium.org\/es\/wp-content\/uploads\/2024\/09\/Shutterstock_710271955-300x300.jpg 300w, https:\/\/www.humanium.org\/es\/wp-content\/uploads\/2024\/09\/Shutterstock_710271955-150x150.jpg 150w, https:\/\/www.humanium.org\/es\/wp-content\/uploads\/2024\/09\/Shutterstock_710271955-768x768.jpg 768w, https:\/\/www.humanium.org\/es\/wp-content\/uploads\/2024\/09\/Shutterstock_710271955-830x830.jpg 830w, https:\/\/www.humanium.org\/es\/wp-content\/uploads\/2024\/09\/Shutterstock_710271955-230x230.jpg 230w, https:\/\/www.humanium.org\/es\/wp-content\/uploads\/2024\/09\/Shutterstock_710271955-350x350.jpg 350w, https:\/\/www.humanium.org\/es\/wp-content\/uploads\/2024\/09\/Shutterstock_710271955-480x480.jpg 480w, https:\/\/www.humanium.org\/es\/wp-content\/uploads\/2024\/09\/Shutterstock_710271955.jpg 900w\" sizes=\"auto, (max-width: 157px) 100vw, 157px\" \/>Abuso infantil<\/a><\/strong><\/h2>\n<p>El abuso infantil llega a todos los rincones del mundo y a menudo ocurre en lugares y \u00e1reas donde los ni\u00f1os deber\u00edan estar m\u00e1s protegidos: dentro de los hogares, en las escuelas y a trav\u00e9s de Internet. Estos abusos suelen perpetrarlos personas que se han ganado la confianza de los ni\u00f1os.<\/p>\n<h2 style=\"margin-bottom: 10px;\"><a href=\"https:\/\/www.humanium.org\/es\/enfoques-tematicos\/violencia\/abuso-infantil\/\"><img loading=\"lazy\" decoding=\"async\" class=\"wp-image-16247 alignleft\" src=\"https:\/\/www.humanium.org\/es\/wp-content\/uploads\/2021\/10\/shutterstock_1503499058_small-image.jpg\" alt=\"\" width=\"158\" height=\"158\" srcset=\"https:\/\/www.humanium.org\/es\/wp-content\/uploads\/2021\/10\/shutterstock_1503499058_small-image.jpg 200w, https:\/\/www.humanium.org\/es\/wp-content\/uploads\/2021\/10\/shutterstock_1503499058_small-image-150x150.jpg 150w\" sizes=\"auto, (max-width: 158px) 100vw, 158px\" \/><\/a><strong><a href=\"https:\/\/www.humanium.org\/es\/acoso-escolar-bullying\/\">Acoso escolar (\u2018Bullying\u2019)<\/a><\/strong><\/h2>\n<p>A diario, en todo el mundo, ni\u00f1os se ven sometidos a formas perjudiciales de acoso escolar que est\u00e1n en constante evoluci\u00f3n. El bullying o el acoso escolar es un obst\u00e1culo grave para el desarrollo infantil, que afecta negativamente a la salud mental y f\u00edsica de los ni\u00f1os, as\u00ed como a su capacidad para afrontar los retos educativos.<\/p>\n<h2 style=\"margin-bottom: 10px;\"><img loading=\"lazy\" decoding=\"async\" class=\"wp-image-16337 alignleft\" src=\"https:\/\/www.humanium.org\/es\/wp-content\/uploads\/2021\/10\/shutterstock_150543002_small-image.jpg\" alt=\"\" width=\"160\" height=\"160\" srcset=\"https:\/\/www.humanium.org\/es\/wp-content\/uploads\/2021\/10\/shutterstock_150543002_small-image.jpg 200w, https:\/\/www.humanium.org\/es\/wp-content\/uploads\/2021\/10\/shutterstock_150543002_small-image-150x150.jpg 150w\" sizes=\"auto, (max-width: 160px) 100vw, 160px\" \/><strong><a href=\"https:\/\/www.humanium.org\/es\/tiroteos-escolares\/\">Tiroteos escolares<\/a><\/strong><\/h2>\n<p>La expresi\u00f3n \u00abtiroteo escolar\u00bb se suele utilizar para referirse a los actos de violencia cometidos con armas de fuego por alumnos o ex alumnos o tambi\u00e9n por personas externas dentro de un centro escolar.<\/p>\n<hr \/>\n","protected":false},"excerpt":{"rendered":"<p>Violencia Ni\u00f1os en contextos b\u00e9licos Se estima que m\u00e1s de 400 millones de ni\u00f1os est\u00e1n actualmente viviendo en pa\u00edses en donde ocurren guerras o otro tipo de conflictos violentos y se enfrentan a una exposici\u00f3n desproporcionada a cr\u00edmenes crueles y violentos. Ni\u00f1os soldado Un ni\u00f1o soldado es todo ser humano menor de 18 a\u00f1os que [&hellip;]<\/p>\n","protected":false},"author":1,"featured_media":0,"parent":283,"menu_order":0,"comment_status":"closed","ping_status":"closed","template":"","meta":{"footnotes":""},"class_list":["post-336","page","type-page","status-publish","hentry"],"yoast_head":"<!-- This site is optimized with the Yoast SEO plugin v26.5 - https:\/\/yoast.com\/wordpress\/plugins\/seo\/ -->\n<title>Violencia - Humanium<\/title>\n<meta name=\"description\" content=\"Los ni\u00f1os son las v\u00edctimas m\u00e1s vulnerables de los conflictos.\u00a0Se estima que unos 10 millones de ni\u00f1os han sido asesinados en contextos b\u00e9licos.\" \/>\n<meta name=\"robots\" content=\"index, follow, max-snippet:-1, max-image-preview:large, max-video-preview:-1\" \/>\n<link rel=\"canonical\" href=\"https:\/\/www.humanium.org\/es\/enfoques-tematicos\/violencia\/\" \/>\n<meta property=\"og:locale\" content=\"es_ES\" \/>\n<meta property=\"og:type\" content=\"article\" \/>\n<meta property=\"og:title\" content=\"Violencia - Humanium\" \/>\n<meta property=\"og:description\" content=\"Los ni\u00f1os son las v\u00edctimas m\u00e1s vulnerables de los conflictos.\u00a0Se estima que unos 10 millones de ni\u00f1os han sido asesinados en contextos b\u00e9licos.\" \/>\n<meta property=\"og:url\" content=\"https:\/\/www.humanium.org\/es\/enfoques-tematicos\/violencia\/\" \/>\n<meta property=\"og:site_name\" content=\"Humanium\" \/>\n<meta property=\"article:modified_time\" content=\"2024-09-08T18:50:55+00:00\" \/>\n<meta property=\"og:image\" content=\"https:\/\/www.humanium.org\/es\/wp-content\/uploads\/2024\/05\/Small-image-300x300.jpg\" \/>\n<meta name=\"twitter:card\" content=\"summary_large_image\" \/>\n<meta name=\"twitter:label1\" content=\"Tiempo de lectura\" \/>\n\t<meta name=\"twitter:data1\" content=\"3 minutos\" \/>\n<script type=\"application\/ld+json\" class=\"yoast-schema-graph\">{\"@context\":\"https:\/\/schema.org\",\"@graph\":[{\"@type\":\"WebPage\",\"@id\":\"https:\/\/www.humanium.org\/es\/enfoques-tematicos\/violencia\/\",\"url\":\"https:\/\/www.humanium.org\/es\/enfoques-tematicos\/violencia\/\",\"name\":\"Violencia - Humanium\",\"isPartOf\":{\"@id\":\"https:\/\/www.humanium.org\/es\/#website\"},\"primaryImageOfPage\":{\"@id\":\"https:\/\/www.humanium.org\/es\/enfoques-tematicos\/violencia\/#primaryimage\"},\"image\":{\"@id\":\"https:\/\/www.humanium.org\/es\/enfoques-tematicos\/violencia\/#primaryimage\"},\"thumbnailUrl\":\"https:\/\/www.humanium.org\/es\/wp-content\/uploads\/2024\/05\/Small-image-300x300.jpg\",\"datePublished\":\"2012-12-03T08:33:55+00:00\",\"dateModified\":\"2024-09-08T18:50:55+00:00\",\"description\":\"Los ni\u00f1os son las v\u00edctimas m\u00e1s vulnerables de los conflictos.\u00a0Se estima que unos 10 millones de ni\u00f1os han sido asesinados en contextos b\u00e9licos.\",\"breadcrumb\":{\"@id\":\"https:\/\/www.humanium.org\/es\/enfoques-tematicos\/violencia\/#breadcrumb\"},\"inLanguage\":\"es\",\"potentialAction\":[{\"@type\":\"ReadAction\",\"target\":[\"https:\/\/www.humanium.org\/es\/enfoques-tematicos\/violencia\/\"]}]},{\"@type\":\"ImageObject\",\"inLanguage\":\"es\",\"@id\":\"https:\/\/www.humanium.org\/es\/enfoques-tematicos\/violencia\/#primaryimage\",\"url\":\"https:\/\/www.humanium.org\/es\/wp-content\/uploads\/2024\/05\/Small-image.jpg\",\"contentUrl\":\"https:\/\/www.humanium.org\/es\/wp-content\/uploads\/2024\/05\/Small-image.jpg\",\"width\":900,\"height\":900},{\"@type\":\"BreadcrumbList\",\"@id\":\"https:\/\/www.humanium.org\/es\/enfoques-tematicos\/violencia\/#breadcrumb\",\"itemListElement\":[{\"@type\":\"ListItem\",\"position\":1,\"name\":\"Home\",\"item\":\"https:\/\/www.humanium.org\/es\/\"},{\"@type\":\"ListItem\",\"position\":2,\"name\":\"Enfoques tem\u00e1ticos\",\"item\":\"https:\/\/www.humanium.org\/es\/enfoques-tematicos\/\"},{\"@type\":\"ListItem\",\"position\":3,\"name\":\"Violencia\"}]},{\"@type\":\"WebSite\",\"@id\":\"https:\/\/www.humanium.org\/es\/#website\",\"url\":\"https:\/\/www.humanium.org\/es\/\",\"name\":\"Humanium\",\"description\":\"\u00a1Los ni\u00f1os primero!\",\"potentialAction\":[{\"@type\":\"SearchAction\",\"target\":{\"@type\":\"EntryPoint\",\"urlTemplate\":\"https:\/\/www.humanium.org\/es\/?s={search_term_string}\"},\"query-input\":{\"@type\":\"PropertyValueSpecification\",\"valueRequired\":true,\"valueName\":\"search_term_string\"}}],\"inLanguage\":\"es\"}]}<\/script>\n<!-- \/ Yoast SEO plugin. -->","yoast_head_json":{"title":"Violencia - Humanium","description":"Los ni\u00f1os son las v\u00edctimas m\u00e1s vulnerables de los conflictos.\u00a0Se estima que unos 10 millones de ni\u00f1os han sido asesinados en contextos b\u00e9licos.","robots":{"index":"index","follow":"follow","max-snippet":"max-snippet:-1","max-image-preview":"max-image-preview:large","max-video-preview":"max-video-preview:-1"},"canonical":"https:\/\/www.humanium.org\/es\/enfoques-tematicos\/violencia\/","og_locale":"es_ES","og_type":"article","og_title":"Violencia - Humanium","og_description":"Los ni\u00f1os son las v\u00edctimas m\u00e1s vulnerables de los conflictos.\u00a0Se estima que unos 10 millones de ni\u00f1os han sido asesinados en contextos b\u00e9licos.","og_url":"https:\/\/www.humanium.org\/es\/enfoques-tematicos\/violencia\/","og_site_name":"Humanium","article_modified_time":"2024-09-08T18:50:55+00:00","og_image":[{"url":"https:\/\/www.humanium.org\/es\/wp-content\/uploads\/2024\/05\/Small-image-300x300.jpg","type":"","width":"","height":""}],"twitter_card":"summary_large_image","twitter_misc":{"Tiempo de lectura":"3 minutos"},"schema":{"@context":"https:\/\/schema.org","@graph":[{"@type":"WebPage","@id":"https:\/\/www.humanium.org\/es\/enfoques-tematicos\/violencia\/","url":"https:\/\/www.humanium.org\/es\/enfoques-tematicos\/violencia\/","name":"Violencia - Humanium","isPartOf":{"@id":"https:\/\/www.humanium.org\/es\/#website"},"primaryImageOfPage":{"@id":"https:\/\/www.humanium.org\/es\/enfoques-tematicos\/violencia\/#primaryimage"},"image":{"@id":"https:\/\/www.humanium.org\/es\/enfoques-tematicos\/violencia\/#primaryimage"},"thumbnailUrl":"https:\/\/www.humanium.org\/es\/wp-content\/uploads\/2024\/05\/Small-image-300x300.jpg","datePublished":"2012-12-03T08:33:55+00:00","dateModified":"2024-09-08T18:50:55+00:00","description":"Los ni\u00f1os son las v\u00edctimas m\u00e1s vulnerables de los conflictos.\u00a0Se estima que unos 10 millones de ni\u00f1os han sido asesinados en contextos b\u00e9licos.","breadcrumb":{"@id":"https:\/\/www.humanium.org\/es\/enfoques-tematicos\/violencia\/#breadcrumb"},"inLanguage":"es","potentialAction":[{"@type":"ReadAction","target":["https:\/\/www.humanium.org\/es\/enfoques-tematicos\/violencia\/"]}]},{"@type":"ImageObject","inLanguage":"es","@id":"https:\/\/www.humanium.org\/es\/enfoques-tematicos\/violencia\/#primaryimage","url":"https:\/\/www.humanium.org\/es\/wp-content\/uploads\/2024\/05\/Small-image.jpg","contentUrl":"https:\/\/www.humanium.org\/es\/wp-content\/uploads\/2024\/05\/Small-image.jpg","width":900,"height":900},{"@type":"BreadcrumbList","@id":"https:\/\/www.humanium.org\/es\/enfoques-tematicos\/violencia\/#breadcrumb","itemListElement":[{"@type":"ListItem","position":1,"name":"Home","item":"https:\/\/www.humanium.org\/es\/"},{"@type":"ListItem","position":2,"name":"Enfoques tem\u00e1ticos","item":"https:\/\/www.humanium.org\/es\/enfoques-tematicos\/"},{"@type":"ListItem","position":3,"name":"Violencia"}]},{"@type":"WebSite","@id":"https:\/\/www.humanium.org\/es\/#website","url":"https:\/\/www.humanium.org\/es\/","name":"Humanium","description":"\u00a1Los ni\u00f1os primero!","potentialAction":[{"@type":"SearchAction","target":{"@type":"EntryPoint","urlTemplate":"https:\/\/www.humanium.org\/es\/?s={search_term_string}"},"query-input":{"@type":"PropertyValueSpecification","valueRequired":true,"valueName":"search_term_string"}}],"inLanguage":"es"}]}},"_links":{"self":[{"href":"https:\/\/www.humanium.org\/es\/wp-json\/wp\/v2\/pages\/336","targetHints":{"allow":["GET"]}}],"collection":[{"href":"https:\/\/www.humanium.org\/es\/wp-json\/wp\/v2\/pages"}],"about":[{"href":"https:\/\/www.humanium.org\/es\/wp-json\/wp\/v2\/types\/page"}],"author":[{"embeddable":true,"href":"https:\/\/www.humanium.org\/es\/wp-json\/wp\/v2\/users\/1"}],"replies":[{"embeddable":true,"href":"https:\/\/www.humanium.org\/es\/wp-json\/wp\/v2\/comments?post=336"}],"version-history":[{"count":17,"href":"https:\/\/www.humanium.org\/es\/wp-json\/wp\/v2\/pages\/336\/revisions"}],"predecessor-version":[{"id":19104,"href":"https:\/\/www.humanium.org\/es\/wp-json\/wp\/v2\/pages\/336\/revisions\/19104"}],"up":[{"embeddable":true,"href":"https:\/\/www.humanium.org\/es\/wp-json\/wp\/v2\/pages\/283"}],"wp:attachment":[{"href":"https:\/\/www.humanium.org\/es\/wp-json\/wp\/v2\/media?parent=336"}],"curies":[{"name":"wp","href":"https:\/\/api.w.org\/{rel}","templated":true}]}}