{"id":3384,"date":"2013-08-19T13:15:24","date_gmt":"2013-08-19T13:15:24","guid":{"rendered":"http:\/\/www.humanium.org\/es\/?page_id=3384"},"modified":"2025-12-05T18:00:57","modified_gmt":"2025-12-05T18:00:57","slug":"portugal","status":"publish","type":"page","link":"https:\/\/www.humanium.org\/es\/portugal\/","title":{"rendered":"Ni\u00f1os de Portugal"},"content":{"rendered":"<h1>Ni\u00f1os de Portugal<\/h1>\n<h2>Descubriendo los Derechos del Ni\u00f1o en Portugal<\/h2>\n<p style=\"text-align: center;\"><img loading=\"lazy\" decoding=\"async\" class=\"alignnone size-full wp-image-22065\" title=\"Chica joven \u00a9 Blazouf (Flickr)\" src=\"https:\/\/www.humanium.org\/fr\/wp-content\/uploads\/2012\/07\/jeune-fille-blazouf.jpg\" alt=\"\" width=\"224\" height=\"200\" \/>\u00a0<img loading=\"lazy\" decoding=\"async\" class=\"alignnome size-full wp-image-21724\" title=\"Chico joven de Portugal \u00a9 Marionzetta (Flickr)\" src=\"https:\/\/www.humanium.org\/fr\/wp-content\/uploads\/2012\/07\/jeune-garcon-marionzetta.jpg\" alt=\"\" width=\"150\" height=\"200\" \/><\/p>\n<p>La ratificaci\u00f3n de Portugal de la<a href=\"https:\/\/www.humanium.org\/es\/convencion\/\"> Convenci\u00f3n de los Derechos del Ni\u00f1o<\/a> ha despertado un gran inter\u00e9s en los ni\u00f1os, y se han asignado recursos importantes para asegurar la <a href=\"https:\/\/www.humanium.org\/es\/derecho-educacion\/\">educaci\u00f3n<\/a>, la <a href=\"https:\/\/www.humanium.org\/es\/derecho-salud\/\">salud<\/a> y el bienestar de estos j\u00f3venes. Sin embargo, el nivel de <a href=\"https:\/\/www.humanium.org\/es\/pobreza-infantil\/\">pobreza<\/a> que sufren los ni\u00f1os portugueses es preocupante, sobre todo desde la reciente crisis econ\u00f3mica que ha afectado a numerosas familias y ha conllevado cambios en las vidas de los ni\u00f1os.<\/p>\n<h3>Principales problemas que afectan a los ni\u00f1os en Portugal:<\/h3>\n<p><a href=\"https:\/\/www.humanium.org\/es\/pobreza-infantil\/\"><strong>Pobreza<\/strong><\/a><br \/>\n<img loading=\"lazy\" decoding=\"async\" class=\"alignright wp-image-22068\" title=\"Ni\u00f1os pobres de Portugal \u00a9 Frproart (Flickr)\" src=\"https:\/\/www.humanium.org\/fr\/wp-content\/uploads\/2012\/07\/enfants-portugal-frproart1.jpg\" alt=\"\" width=\"224\" height=\"160\" \/><br \/>\nPortugal est\u00e1 entre los ocho primeros pa\u00edses con mayor nivel de <a href=\"https:\/\/www.humanium.org\/es\/pobreza-infantil\/\">pobreza<\/a> en ni\u00f1os de Europa. Desde 2009, la <a href=\"https:\/\/www.humanium.org\/es\/pobreza-infantil\/\">pobreza<\/a> ha aumentado en Portugal: el 20% de los ni\u00f1os o uno de cada cinco, vive por debajo del umbral de la <a href=\"https:\/\/www.humanium.org\/es\/pobreza-infantil\/\">pobreza<\/a>. Los padres de estos ni\u00f1os normalmente no tienen empleo fijo o est\u00e1n desempleados.<br \/>\nAlgunas de estas familias no tienen un hogar y viven en los barrios pobres o en las calles de Lisboa u Oporto. Se debe destacar que tres de cada diez ni\u00f1os viven en un estado de privaci\u00f3n, un ejemplo de ello es que carecen de tres comidas completas al d\u00eda.<\/p>\n<p><a href=\"https:\/\/www.humanium.org\/es\/derecho-salud\/\"><strong>Salud<\/strong><\/a><\/p>\n<p>Portugal tiene la mayor tasa de casos diagnosticados de <a href=\"https:\/\/www.humanium.org\/es\/ninos-sida\/\">VIH\/SIDA<\/a> de Europa occidental. A pesar de las campa\u00f1as de prevenci\u00f3n, algunos estudios ponen de relieve que los j\u00f3venes usan los preservativos de forma inadecuada.<\/p>\n<p><a href=\"https:\/\/www.humanium.org\/es\/abuso-infantil\/\"><strong>Violencia hacia los ni\u00f1os <\/strong><\/a><\/p>\n<p>Portugal est\u00e1 dentro del ranking de los tres pa\u00edses con la mayor tasa de muertes infantiles por maltrato: el 90% de los ni\u00f1os que sufren abusos son v\u00edctimas de <a href=\"https:\/\/www.humanium.org\/es\/abuso-infantil\/\">violencia dom\u00e9stica<\/a>, lo cual puede conllevar graves consecuencias en el desarrollo f\u00edsico y ps\u00edquico de estos ni\u00f1os.<\/p>\n<p><a href=\"https:\/\/www.humanium.org\/es\/trabajo-infantil\/\"><strong>Mano de obra infantil<\/strong><\/a><\/p>\n<p><img loading=\"lazy\" decoding=\"async\" class=\"alignright wp-image-22069\" title=\"La mano de obra infantil todav\u00eda prevalece en Portugal \u00a9 Marcdonn (Flickr)\" src=\"https:\/\/www.humanium.org\/fr\/wp-content\/uploads\/2012\/07\/enfants-travail-marcdonn.jpg\" alt=\"\" width=\"240\" height=\"160\" \/>A pesar de la campa\u00f1a para acabar definitivamente con la mano de obra infantil, esta pr\u00e1ctica todav\u00eda existe, aunque, seg\u00fan datos oficiales, est\u00e1 en detrimento. Sin embargo, debido a algunos problemas que surgieron a la hora de verificar estos datos, este descenso es dudoso.<\/p>\n<p>Mientras que la ley proh\u00edbe la mano de obra infantil, los j\u00f3venes menores de 16 a\u00f1os procedentes de las comunidades de \u201cRoma\u201d a menudo mendigan en las calles. Una consecuencia de la crisis econ\u00f3mica es el gran n\u00famero de ni\u00f1os que abandonan el colegio para <a href=\"https:\/\/www.humanium.org\/es\/trabajo-infantil\/\">trabajar<\/a> y apoyar a sus familias. Este hecho afecta m\u00e1s a los ni\u00f1os del norte de Portugal que a los del sur. Los contratan b\u00e1sicamente en el sector textil, en las f\u00e1bricas de calzado y en la construcci\u00f3n. Los<a href=\"https:\/\/www.humanium.org\/es\/trabajo-infantil\/\"> ni\u00f1os que trabajan<\/a> en la fabricaci\u00f3n de zapatos ganan menos de un euro por hora y corren el riesgo de acabar dejando el colegio y carecer as\u00ed de cualificaciones profesionales.<\/p>\n<p><a href=\"https:\/\/www.humanium.org\/es\/no-discriminacion\/\"><strong>Derecho a la no discriminaci\u00f3n<\/strong><\/a><\/p>\n<p>Aunque Portugal se ha afiliado a la Convenci\u00f3n Internacional de la Eliminaci\u00f3n de Todas las Formas de Discriminaci\u00f3n Racial, la comunidad de \u201cRoma\u201d es objeto de <a href=\"https:\/\/www.humanium.org\/es\/no-discriminacion\/\">discriminaci\u00f3n<\/a>, en concreto, en cuanto a la vivienda, la <a href=\"https:\/\/www.humanium.org\/es\/derecho-salud\/\">salud<\/a> y la <a href=\"https:\/\/www.humanium.org\/es\/derecho-educacion\/\">educaci\u00f3n<\/a>. El gobierno portugu\u00e9s ha puesto en pr\u00e1ctica programas para reubicar a los ciudadanos de \u201cRoma\u201d que viven en condiciones precarias. Sin embargo, hay problemas de transporte en lugares a las afueras de la zona urbana que se est\u00e1n rehabilitando. Estos problemas de transporte afectan negativamente en el acceso de servicios b\u00e1sicos necesarios para los ni\u00f1os. Los estudios muestran que la tasa de ni\u00f1os inscritos en los colegios es menor en \u201cRoma\u201d que en cualquier otro sitio de Portugal.<\/p>\n<p><a href=\"https:\/\/www.humanium.org\/es\/trata-ninos\/\"><strong>Tr\u00e1fico de ni\u00f1os<\/strong><\/a><\/p>\n<p>Muchos ni\u00f1os de Brasil, del este de Europa y de \u00c1frica son enviados a Portugal. Se les usa en la industria hotelera, como personal del servicio dom\u00e9stico o para la <a href=\"https:\/\/www.humanium.org\/es\/prostitucion-infantil\/\">prostituci\u00f3n<\/a>. Estos ni\u00f1os normalmente sufren de <a href=\"https:\/\/www.humanium.org\/es\/abuso-infantil\/\">maltratos<\/a> y <a href=\"https:\/\/www.humanium.org\/es\/explotacion-sexual-infantil\/\">abusos sexuales<\/a>.<\/p>\n<p><a href=\"https:\/\/www.humanium.org\/es\/explotacion-sexual-infantil\/\"><strong>Explotaci\u00f3n sexual de ni\u00f1os<\/strong><\/a><\/p>\n<p><img loading=\"lazy\" decoding=\"async\" class=\"alignright wp-image-22070\" title=\"El tr\u00e1fico de ni\u00f1os para abusar sexualmente de ellos es un grave problema en Portugal \u00a9 Hugo brth (Flickr)\" src=\"https:\/\/www.humanium.org\/fr\/wp-content\/uploads\/2012\/07\/exploitationenfant.jpg\" alt=\"\" width=\"230\" height=\"160\" \/>\u00a0Debido a vac\u00edos legales, el tr\u00e1fico de ni\u00f1os para la <a href=\"https:\/\/www.humanium.org\/es\/explotacion-sexual-infantil\/\">explotaci\u00f3n sexual<\/a> sigue siendo un grave problema en Portugal. Las ni\u00f1as, sobre todo si provienen de familias pobres, son las m\u00e1s vulnerables.<\/p>\n<p><strong>Medio Ambiente<\/strong><\/p>\n<p>Con 5,7 toneladas de emisiones de CO2 per c\u00e1pita al a\u00f1o, Portugal no se podr\u00eda considerar un modelo a seguir en cuanto a asuntos medioambientales. Al igual que los adultos, los ni\u00f1os deber\u00edan tener la posibilidad de crecer en un ambiente saludable. Sin embargo, Portugal, como muchos otros pa\u00edses, no ofrece un ambiente favorable para la salud de sus ciudadanos, especialmente para los ni\u00f1os.<\/p>\n","protected":false},"excerpt":{"rendered":"<p>Ni\u00f1os de Portugal Descubriendo los Derechos del Ni\u00f1o en Portugal \u00a0 La ratificaci\u00f3n de Portugal de la Convenci\u00f3n de los Derechos del Ni\u00f1o ha despertado un gran inter\u00e9s en los ni\u00f1os, y se han asignado recursos importantes para asegurar la educaci\u00f3n, la salud y el bienestar de estos j\u00f3venes. Sin embargo, el nivel de pobreza [&hellip;]<\/p>\n","protected":false},"author":1,"featured_media":0,"parent":0,"menu_order":0,"comment_status":"closed","ping_status":"open","template":"","meta":{"footnotes":""},"class_list":["post-3384","page","type-page","status-publish","hentry"],"yoast_head":"<!-- This site is optimized with the Yoast SEO plugin v26.5 - https:\/\/yoast.com\/wordpress\/plugins\/seo\/ -->\n<title>Ni\u00f1os de Portugal - Humanium<\/title>\n<meta name=\"description\" content=\"Portugal ha asignado recursos importantes para asegurar los derechos del ni\u00f1o. Pero el nivel de pobreza que sufren muchos ni\u00f1os portugueses es preocupante.\" \/>\n<meta name=\"robots\" content=\"index, follow, max-snippet:-1, max-image-preview:large, max-video-preview:-1\" \/>\n<link rel=\"canonical\" href=\"https:\/\/www.humanium.org\/es\/portugal\/\" \/>\n<meta property=\"og:locale\" content=\"es_ES\" \/>\n<meta property=\"og:type\" content=\"article\" \/>\n<meta property=\"og:title\" content=\"Ni\u00f1os de Portugal - Humanium\" \/>\n<meta property=\"og:description\" content=\"Portugal ha asignado recursos importantes para asegurar los derechos del ni\u00f1o. Pero el nivel de pobreza que sufren muchos ni\u00f1os portugueses es preocupante.\" \/>\n<meta property=\"og:url\" content=\"https:\/\/www.humanium.org\/es\/portugal\/\" \/>\n<meta property=\"og:site_name\" content=\"Humanium\" \/>\n<meta property=\"article:modified_time\" content=\"2025-12-05T18:00:57+00:00\" \/>\n<meta name=\"twitter:card\" content=\"summary_large_image\" \/>\n<meta name=\"twitter:label1\" content=\"Tiempo de lectura\" \/>\n\t<meta name=\"twitter:data1\" content=\"5 minutos\" \/>\n<script type=\"application\/ld+json\" class=\"yoast-schema-graph\">{\"@context\":\"https:\/\/schema.org\",\"@graph\":[{\"@type\":\"WebPage\",\"@id\":\"https:\/\/www.humanium.org\/es\/portugal\/\",\"url\":\"https:\/\/www.humanium.org\/es\/portugal\/\",\"name\":\"Ni\u00f1os de Portugal - Humanium\",\"isPartOf\":{\"@id\":\"https:\/\/www.humanium.org\/es\/#website\"},\"primaryImageOfPage\":{\"@id\":\"https:\/\/www.humanium.org\/es\/portugal\/#primaryimage\"},\"image\":{\"@id\":\"https:\/\/www.humanium.org\/es\/portugal\/#primaryimage\"},\"thumbnailUrl\":\"https:\/\/www.humanium.org\/fr\/wp-content\/uploads\/2012\/07\/jeune-fille-blazouf.jpg\",\"datePublished\":\"2013-08-19T13:15:24+00:00\",\"dateModified\":\"2025-12-05T18:00:57+00:00\",\"description\":\"Portugal ha asignado recursos importantes para asegurar los derechos del ni\u00f1o. Pero el nivel de pobreza que sufren muchos ni\u00f1os portugueses es preocupante.\",\"breadcrumb\":{\"@id\":\"https:\/\/www.humanium.org\/es\/portugal\/#breadcrumb\"},\"inLanguage\":\"es\",\"potentialAction\":[{\"@type\":\"ReadAction\",\"target\":[\"https:\/\/www.humanium.org\/es\/portugal\/\"]}]},{\"@type\":\"ImageObject\",\"inLanguage\":\"es\",\"@id\":\"https:\/\/www.humanium.org\/es\/portugal\/#primaryimage\",\"url\":\"https:\/\/www.humanium.org\/fr\/wp-content\/uploads\/2012\/07\/jeune-fille-blazouf.jpg\",\"contentUrl\":\"https:\/\/www.humanium.org\/fr\/wp-content\/uploads\/2012\/07\/jeune-fille-blazouf.jpg\"},{\"@type\":\"BreadcrumbList\",\"@id\":\"https:\/\/www.humanium.org\/es\/portugal\/#breadcrumb\",\"itemListElement\":[{\"@type\":\"ListItem\",\"position\":1,\"name\":\"Home\",\"item\":\"https:\/\/www.humanium.org\/es\/\"},{\"@type\":\"ListItem\",\"position\":2,\"name\":\"Ni\u00f1os de Portugal\"}]},{\"@type\":\"WebSite\",\"@id\":\"https:\/\/www.humanium.org\/es\/#website\",\"url\":\"https:\/\/www.humanium.org\/es\/\",\"name\":\"Humanium\",\"description\":\"\u00a1Los ni\u00f1os primero!\",\"potentialAction\":[{\"@type\":\"SearchAction\",\"target\":{\"@type\":\"EntryPoint\",\"urlTemplate\":\"https:\/\/www.humanium.org\/es\/?s={search_term_string}\"},\"query-input\":{\"@type\":\"PropertyValueSpecification\",\"valueRequired\":true,\"valueName\":\"search_term_string\"}}],\"inLanguage\":\"es\"}]}<\/script>\n<!-- \/ Yoast SEO plugin. -->","yoast_head_json":{"title":"Ni\u00f1os de Portugal - Humanium","description":"Portugal ha asignado recursos importantes para asegurar los derechos del ni\u00f1o. Pero el nivel de pobreza que sufren muchos ni\u00f1os portugueses es preocupante.","robots":{"index":"index","follow":"follow","max-snippet":"max-snippet:-1","max-image-preview":"max-image-preview:large","max-video-preview":"max-video-preview:-1"},"canonical":"https:\/\/www.humanium.org\/es\/portugal\/","og_locale":"es_ES","og_type":"article","og_title":"Ni\u00f1os de Portugal - Humanium","og_description":"Portugal ha asignado recursos importantes para asegurar los derechos del ni\u00f1o. Pero el nivel de pobreza que sufren muchos ni\u00f1os portugueses es preocupante.","og_url":"https:\/\/www.humanium.org\/es\/portugal\/","og_site_name":"Humanium","article_modified_time":"2025-12-05T18:00:57+00:00","twitter_card":"summary_large_image","twitter_misc":{"Tiempo de lectura":"5 minutos"},"schema":{"@context":"https:\/\/schema.org","@graph":[{"@type":"WebPage","@id":"https:\/\/www.humanium.org\/es\/portugal\/","url":"https:\/\/www.humanium.org\/es\/portugal\/","name":"Ni\u00f1os de Portugal - Humanium","isPartOf":{"@id":"https:\/\/www.humanium.org\/es\/#website"},"primaryImageOfPage":{"@id":"https:\/\/www.humanium.org\/es\/portugal\/#primaryimage"},"image":{"@id":"https:\/\/www.humanium.org\/es\/portugal\/#primaryimage"},"thumbnailUrl":"https:\/\/www.humanium.org\/fr\/wp-content\/uploads\/2012\/07\/jeune-fille-blazouf.jpg","datePublished":"2013-08-19T13:15:24+00:00","dateModified":"2025-12-05T18:00:57+00:00","description":"Portugal ha asignado recursos importantes para asegurar los derechos del ni\u00f1o. Pero el nivel de pobreza que sufren muchos ni\u00f1os portugueses es preocupante.","breadcrumb":{"@id":"https:\/\/www.humanium.org\/es\/portugal\/#breadcrumb"},"inLanguage":"es","potentialAction":[{"@type":"ReadAction","target":["https:\/\/www.humanium.org\/es\/portugal\/"]}]},{"@type":"ImageObject","inLanguage":"es","@id":"https:\/\/www.humanium.org\/es\/portugal\/#primaryimage","url":"https:\/\/www.humanium.org\/fr\/wp-content\/uploads\/2012\/07\/jeune-fille-blazouf.jpg","contentUrl":"https:\/\/www.humanium.org\/fr\/wp-content\/uploads\/2012\/07\/jeune-fille-blazouf.jpg"},{"@type":"BreadcrumbList","@id":"https:\/\/www.humanium.org\/es\/portugal\/#breadcrumb","itemListElement":[{"@type":"ListItem","position":1,"name":"Home","item":"https:\/\/www.humanium.org\/es\/"},{"@type":"ListItem","position":2,"name":"Ni\u00f1os de Portugal"}]},{"@type":"WebSite","@id":"https:\/\/www.humanium.org\/es\/#website","url":"https:\/\/www.humanium.org\/es\/","name":"Humanium","description":"\u00a1Los ni\u00f1os primero!","potentialAction":[{"@type":"SearchAction","target":{"@type":"EntryPoint","urlTemplate":"https:\/\/www.humanium.org\/es\/?s={search_term_string}"},"query-input":{"@type":"PropertyValueSpecification","valueRequired":true,"valueName":"search_term_string"}}],"inLanguage":"es"}]}},"_links":{"self":[{"href":"https:\/\/www.humanium.org\/es\/wp-json\/wp\/v2\/pages\/3384","targetHints":{"allow":["GET"]}}],"collection":[{"href":"https:\/\/www.humanium.org\/es\/wp-json\/wp\/v2\/pages"}],"about":[{"href":"https:\/\/www.humanium.org\/es\/wp-json\/wp\/v2\/types\/page"}],"author":[{"embeddable":true,"href":"https:\/\/www.humanium.org\/es\/wp-json\/wp\/v2\/users\/1"}],"replies":[{"embeddable":true,"href":"https:\/\/www.humanium.org\/es\/wp-json\/wp\/v2\/comments?post=3384"}],"version-history":[{"count":3,"href":"https:\/\/www.humanium.org\/es\/wp-json\/wp\/v2\/pages\/3384\/revisions"}],"predecessor-version":[{"id":20490,"href":"https:\/\/www.humanium.org\/es\/wp-json\/wp\/v2\/pages\/3384\/revisions\/20490"}],"wp:attachment":[{"href":"https:\/\/www.humanium.org\/es\/wp-json\/wp\/v2\/media?parent=3384"}],"curies":[{"name":"wp","href":"https:\/\/api.w.org\/{rel}","templated":true}]}}