{"id":339,"date":"2012-12-03T08:39:14","date_gmt":"2012-12-03T08:39:14","guid":{"rendered":"http:\/\/www.humanium.org\/es\/?page_id=339"},"modified":"2024-09-14T14:09:55","modified_gmt":"2024-09-14T14:09:55","slug":"discriminacion","status":"publish","type":"page","link":"https:\/\/www.humanium.org\/es\/enfoques-tematicos\/discriminacion\/","title":{"rendered":"Discriminaci\u00f3n"},"content":{"rendered":"<h1>Discriminaci\u00f3n<\/h1>\n<hr align=\"left\" size=\"4\" width=\"28%\" \/>\n<h2 style=\"margin-bottom: 10px;\"><a href=\"https:\/\/www.humanium.org\/es\/enfoques-tematicos\/discriminacion\/no-discriminacion\/\"><img loading=\"lazy\" decoding=\"async\" class=\" wp-image-18852 alignleft\" src=\"https:\/\/www.humanium.org\/es\/wp-content\/uploads\/2024\/06\/Shutterstock_1661078926-300x300.jpg\" alt=\"\" width=\"151\" height=\"151\" srcset=\"https:\/\/www.humanium.org\/es\/wp-content\/uploads\/2024\/06\/Shutterstock_1661078926-300x300.jpg 300w, https:\/\/www.humanium.org\/es\/wp-content\/uploads\/2024\/06\/Shutterstock_1661078926-150x150.jpg 150w, https:\/\/www.humanium.org\/es\/wp-content\/uploads\/2024\/06\/Shutterstock_1661078926-768x768.jpg 768w, https:\/\/www.humanium.org\/es\/wp-content\/uploads\/2024\/06\/Shutterstock_1661078926-830x830.jpg 830w, https:\/\/www.humanium.org\/es\/wp-content\/uploads\/2024\/06\/Shutterstock_1661078926-230x230.jpg 230w, https:\/\/www.humanium.org\/es\/wp-content\/uploads\/2024\/06\/Shutterstock_1661078926-350x350.jpg 350w, https:\/\/www.humanium.org\/es\/wp-content\/uploads\/2024\/06\/Shutterstock_1661078926-480x480.jpg 480w, https:\/\/www.humanium.org\/es\/wp-content\/uploads\/2024\/06\/Shutterstock_1661078926.jpg 900w\" sizes=\"auto, (max-width: 151px) 100vw, 151px\" \/>No-discriminaci\u00f3n<\/a><\/h2>\n<p>El derecho a la no discriminaci\u00f3n es un derecho complejo y vital que constituye la piedra angular de la realizaci\u00f3n de los derechos humanos y la Convenci\u00f3n Internacional sobre los Derechos del Ni\u00f1o se basa en sus ideales.<\/p>\n<hr \/>\n<h2 style=\"margin-bottom: 10px;\"><img loading=\"lazy\" decoding=\"async\" class=\" wp-image-18869 alignleft\" src=\"https:\/\/www.humanium.org\/es\/wp-content\/uploads\/2024\/06\/Shutterstock_1403939687-1-300x300.jpg\" alt=\"\" width=\"146\" height=\"146\" srcset=\"https:\/\/www.humanium.org\/es\/wp-content\/uploads\/2024\/06\/Shutterstock_1403939687-1-300x300.jpg 300w, https:\/\/www.humanium.org\/es\/wp-content\/uploads\/2024\/06\/Shutterstock_1403939687-1-150x150.jpg 150w, https:\/\/www.humanium.org\/es\/wp-content\/uploads\/2024\/06\/Shutterstock_1403939687-1-768x768.jpg 768w, https:\/\/www.humanium.org\/es\/wp-content\/uploads\/2024\/06\/Shutterstock_1403939687-1-830x830.jpg 830w, https:\/\/www.humanium.org\/es\/wp-content\/uploads\/2024\/06\/Shutterstock_1403939687-1-230x230.jpg 230w, https:\/\/www.humanium.org\/es\/wp-content\/uploads\/2024\/06\/Shutterstock_1403939687-1-350x350.jpg 350w, https:\/\/www.humanium.org\/es\/wp-content\/uploads\/2024\/06\/Shutterstock_1403939687-1-480x480.jpg 480w, https:\/\/www.humanium.org\/es\/wp-content\/uploads\/2024\/06\/Shutterstock_1403939687-1.jpg 900w\" sizes=\"auto, (max-width: 146px) 100vw, 146px\" \/><a href=\"https:\/\/www.humanium.org\/es\/enfoques-tematicos\/discriminacion\/ninos-minoritarios\/\">Ni\u00f1os minoritarios<\/a><\/h2>\n<p>En todo el mundo se discrimina a los ni\u00f1os por el hecho de formar parte de un grupo o comunidad minoritaria. Cuando pertenecen a m\u00e1s de un grupo minoritario, esta discriminaci\u00f3n se acent\u00faa.<\/p>\n<hr \/>\n<h2><img loading=\"lazy\" decoding=\"async\" class=\"wp-image-18971 alignleft\" src=\"https:\/\/www.humanium.org\/es\/wp-content\/uploads\/2024\/07\/Shutterstock_1072871408-300x300.jpg\" alt=\"\" width=\"148\" height=\"148\" srcset=\"https:\/\/www.humanium.org\/es\/wp-content\/uploads\/2024\/07\/Shutterstock_1072871408-300x300.jpg 300w, https:\/\/www.humanium.org\/es\/wp-content\/uploads\/2024\/07\/Shutterstock_1072871408-150x150.jpg 150w, https:\/\/www.humanium.org\/es\/wp-content\/uploads\/2024\/07\/Shutterstock_1072871408-768x768.jpg 768w, https:\/\/www.humanium.org\/es\/wp-content\/uploads\/2024\/07\/Shutterstock_1072871408-830x830.jpg 830w, https:\/\/www.humanium.org\/es\/wp-content\/uploads\/2024\/07\/Shutterstock_1072871408-230x230.jpg 230w, https:\/\/www.humanium.org\/es\/wp-content\/uploads\/2024\/07\/Shutterstock_1072871408-350x350.jpg 350w, https:\/\/www.humanium.org\/es\/wp-content\/uploads\/2024\/07\/Shutterstock_1072871408-480x480.jpg 480w, https:\/\/www.humanium.org\/es\/wp-content\/uploads\/2024\/07\/Shutterstock_1072871408.jpg 900w\" sizes=\"auto, (max-width: 148px) 100vw, 148px\" \/><a href=\"https:\/\/www.humanium.org\/es\/los-ninos-indigenas\/\">Los ni\u00f1os ind\u00edgenas<\/a><\/h2>\n<p>Los ni\u00f1os ind\u00edgenas se enfrentan a numerosos desaf\u00edos para hacer valer sus derechos fundamentales, especialmente a la pobreza, a la discriminaci\u00f3n y a la amenaza a su cultura.<\/p>\n<hr \/>\n<h2 style=\"margin-bottom: 10px;\"><a href=\"https:\/\/www.humanium.org\/es\/enfoques-tematicos\/discriminacion\/ninos-discapacitados\/\"><img loading=\"lazy\" decoding=\"async\" class=\" wp-image-19019 alignleft\" src=\"https:\/\/www.humanium.org\/es\/wp-content\/uploads\/2024\/08\/Shutterstock_2477075233-1-300x300.jpg\" alt=\"\" width=\"156\" height=\"156\" srcset=\"https:\/\/www.humanium.org\/es\/wp-content\/uploads\/2024\/08\/Shutterstock_2477075233-1-300x300.jpg 300w, https:\/\/www.humanium.org\/es\/wp-content\/uploads\/2024\/08\/Shutterstock_2477075233-1-150x150.jpg 150w, https:\/\/www.humanium.org\/es\/wp-content\/uploads\/2024\/08\/Shutterstock_2477075233-1-768x768.jpg 768w, https:\/\/www.humanium.org\/es\/wp-content\/uploads\/2024\/08\/Shutterstock_2477075233-1-830x830.jpg 830w, https:\/\/www.humanium.org\/es\/wp-content\/uploads\/2024\/08\/Shutterstock_2477075233-1-230x230.jpg 230w, https:\/\/www.humanium.org\/es\/wp-content\/uploads\/2024\/08\/Shutterstock_2477075233-1-350x350.jpg 350w, https:\/\/www.humanium.org\/es\/wp-content\/uploads\/2024\/08\/Shutterstock_2477075233-1-480x480.jpg 480w, https:\/\/www.humanium.org\/es\/wp-content\/uploads\/2024\/08\/Shutterstock_2477075233-1.jpg 900w\" sizes=\"auto, (max-width: 156px) 100vw, 156px\" \/>Ni\u00f1os discapacitados<\/a><\/h2>\n<p>El 15 % de la poblaci\u00f3n mundial tiene alg\u00fan tipo de discapacidad. Los ni\u00f1os con discapacidad, que suponen 240 millones de entre todas las personas con discapacidad del mundo, son quienes m\u00e1s sufren la marginaci\u00f3n en todas las sociedades.<\/p>\n<hr \/>\n<h2><a href=\"https:\/\/www.humanium.org\/es\/enfoques-tematicos\/discriminacion\/derechos-ninas\/\"><img loading=\"lazy\" decoding=\"async\" class=\" wp-image-19105 alignleft\" src=\"https:\/\/www.humanium.org\/es\/wp-content\/uploads\/2024\/09\/Shutterstock_1207813390-300x300.jpg\" alt=\"\" width=\"150\" height=\"150\" srcset=\"https:\/\/www.humanium.org\/es\/wp-content\/uploads\/2024\/09\/Shutterstock_1207813390-300x300.jpg 300w, https:\/\/www.humanium.org\/es\/wp-content\/uploads\/2024\/09\/Shutterstock_1207813390-150x150.jpg 150w, https:\/\/www.humanium.org\/es\/wp-content\/uploads\/2024\/09\/Shutterstock_1207813390-768x768.jpg 768w, https:\/\/www.humanium.org\/es\/wp-content\/uploads\/2024\/09\/Shutterstock_1207813390-830x830.jpg 830w, https:\/\/www.humanium.org\/es\/wp-content\/uploads\/2024\/09\/Shutterstock_1207813390-230x230.jpg 230w, https:\/\/www.humanium.org\/es\/wp-content\/uploads\/2024\/09\/Shutterstock_1207813390-350x350.jpg 350w, https:\/\/www.humanium.org\/es\/wp-content\/uploads\/2024\/09\/Shutterstock_1207813390-480x480.jpg 480w, https:\/\/www.humanium.org\/es\/wp-content\/uploads\/2024\/09\/Shutterstock_1207813390.jpg 900w\" sizes=\"auto, (max-width: 150px) 100vw, 150px\" \/>Derechos de la ni\u00f1as<\/a><\/h2>\n<p>Las ni\u00f1as tienen el derecho a disfrutar de sus\u00a0derechos fundamentales\u00a0tanto como sus hom\u00f3logos masculinos. Sin embargo, la realidad muestra un panorama diferente.<\/p>\n<hr \/>\n<h2><a href=\"https:\/\/www.humanium.org\/es\/enfoques-tematicos\/discriminacion\/derechos-nino-lgbtq\/\"><img loading=\"lazy\" decoding=\"async\" class=\" wp-image-19125 alignleft\" src=\"https:\/\/www.humanium.org\/es\/wp-content\/uploads\/2024\/09\/Shutterstock_2175158991-1-300x300.jpg\" alt=\"\" width=\"151\" height=\"151\" srcset=\"https:\/\/www.humanium.org\/es\/wp-content\/uploads\/2024\/09\/Shutterstock_2175158991-1-300x300.jpg 300w, https:\/\/www.humanium.org\/es\/wp-content\/uploads\/2024\/09\/Shutterstock_2175158991-1-150x150.jpg 150w, https:\/\/www.humanium.org\/es\/wp-content\/uploads\/2024\/09\/Shutterstock_2175158991-1-768x768.jpg 768w, https:\/\/www.humanium.org\/es\/wp-content\/uploads\/2024\/09\/Shutterstock_2175158991-1-830x830.jpg 830w, https:\/\/www.humanium.org\/es\/wp-content\/uploads\/2024\/09\/Shutterstock_2175158991-1-230x230.jpg 230w, https:\/\/www.humanium.org\/es\/wp-content\/uploads\/2024\/09\/Shutterstock_2175158991-1-350x350.jpg 350w, https:\/\/www.humanium.org\/es\/wp-content\/uploads\/2024\/09\/Shutterstock_2175158991-1-480x480.jpg 480w, https:\/\/www.humanium.org\/es\/wp-content\/uploads\/2024\/09\/Shutterstock_2175158991-1.jpg 900w\" sizes=\"auto, (max-width: 151px) 100vw, 151px\" \/>J\u00f3venes LGTBQ+<\/a><\/h2>\n<p>Adem\u00e1s de tener que lidiar con la discriminaci\u00f3n, el bullying e incluso la violencia por su orientaci\u00f3n sexual o identidad de g\u00e9nero, los j\u00f3venes de la comunidad LGTBQ tambi\u00e9n se enfrentan a acciones para cambiar la orientaci\u00f3n sexual a trav\u00e9s de la terapia o la religi\u00f3n.<\/p>\n","protected":false},"excerpt":{"rendered":"<p>Discriminaci\u00f3n No-discriminaci\u00f3n El derecho a la no discriminaci\u00f3n es un derecho complejo y vital que constituye la piedra angular de la realizaci\u00f3n de los derechos humanos y la Convenci\u00f3n Internacional sobre los Derechos del Ni\u00f1o se basa en sus ideales. Ni\u00f1os minoritarios En todo el mundo se discrimina a los ni\u00f1os por el hecho de [&hellip;]<\/p>\n","protected":false},"author":1,"featured_media":0,"parent":283,"menu_order":0,"comment_status":"closed","ping_status":"closed","template":"","meta":{"footnotes":""},"class_list":["post-339","page","type-page","status-publish","hentry"],"yoast_head":"<!-- This site is optimized with the Yoast SEO plugin v26.5 - https:\/\/yoast.com\/wordpress\/plugins\/seo\/ -->\n<title>Discriminaci\u00f3n - Humanium<\/title>\n<meta name=\"description\" content=\"Todos los ni\u00f1os deben ser tratados, protegidos y cuidados del mismo modo. Sin embargo, muchos ni\u00f1os son v\u00edctimas de discriminaci\u00f3n.\" \/>\n<meta name=\"robots\" content=\"index, follow, max-snippet:-1, max-image-preview:large, max-video-preview:-1\" \/>\n<link rel=\"canonical\" href=\"https:\/\/www.humanium.org\/es\/enfoques-tematicos\/discriminacion\/\" \/>\n<meta property=\"og:locale\" content=\"es_ES\" \/>\n<meta property=\"og:type\" content=\"article\" \/>\n<meta property=\"og:title\" content=\"Discriminaci\u00f3n - Humanium\" \/>\n<meta property=\"og:description\" content=\"Todos los ni\u00f1os deben ser tratados, protegidos y cuidados del mismo modo. Sin embargo, muchos ni\u00f1os son v\u00edctimas de discriminaci\u00f3n.\" \/>\n<meta property=\"og:url\" content=\"https:\/\/www.humanium.org\/es\/enfoques-tematicos\/discriminacion\/\" \/>\n<meta property=\"og:site_name\" content=\"Humanium\" \/>\n<meta property=\"article:modified_time\" content=\"2024-09-14T14:09:55+00:00\" \/>\n<meta property=\"og:image\" content=\"https:\/\/www.humanium.org\/es\/wp-content\/uploads\/2024\/06\/Shutterstock_1661078926-300x300.jpg\" \/>\n<meta name=\"twitter:card\" content=\"summary_large_image\" \/>\n<meta name=\"twitter:label1\" content=\"Tiempo de lectura\" \/>\n\t<meta name=\"twitter:data1\" content=\"3 minutos\" \/>\n<script type=\"application\/ld+json\" class=\"yoast-schema-graph\">{\"@context\":\"https:\/\/schema.org\",\"@graph\":[{\"@type\":\"WebPage\",\"@id\":\"https:\/\/www.humanium.org\/es\/enfoques-tematicos\/discriminacion\/\",\"url\":\"https:\/\/www.humanium.org\/es\/enfoques-tematicos\/discriminacion\/\",\"name\":\"Discriminaci\u00f3n - Humanium\",\"isPartOf\":{\"@id\":\"https:\/\/www.humanium.org\/es\/#website\"},\"primaryImageOfPage\":{\"@id\":\"https:\/\/www.humanium.org\/es\/enfoques-tematicos\/discriminacion\/#primaryimage\"},\"image\":{\"@id\":\"https:\/\/www.humanium.org\/es\/enfoques-tematicos\/discriminacion\/#primaryimage\"},\"thumbnailUrl\":\"https:\/\/www.humanium.org\/es\/wp-content\/uploads\/2024\/06\/Shutterstock_1661078926-300x300.jpg\",\"datePublished\":\"2012-12-03T08:39:14+00:00\",\"dateModified\":\"2024-09-14T14:09:55+00:00\",\"description\":\"Todos los ni\u00f1os deben ser tratados, protegidos y cuidados del mismo modo. Sin embargo, muchos ni\u00f1os son v\u00edctimas de discriminaci\u00f3n.\",\"breadcrumb\":{\"@id\":\"https:\/\/www.humanium.org\/es\/enfoques-tematicos\/discriminacion\/#breadcrumb\"},\"inLanguage\":\"es\",\"potentialAction\":[{\"@type\":\"ReadAction\",\"target\":[\"https:\/\/www.humanium.org\/es\/enfoques-tematicos\/discriminacion\/\"]}]},{\"@type\":\"ImageObject\",\"inLanguage\":\"es\",\"@id\":\"https:\/\/www.humanium.org\/es\/enfoques-tematicos\/discriminacion\/#primaryimage\",\"url\":\"https:\/\/www.humanium.org\/es\/wp-content\/uploads\/2024\/06\/Shutterstock_1661078926.jpg\",\"contentUrl\":\"https:\/\/www.humanium.org\/es\/wp-content\/uploads\/2024\/06\/Shutterstock_1661078926.jpg\",\"width\":900,\"height\":900},{\"@type\":\"BreadcrumbList\",\"@id\":\"https:\/\/www.humanium.org\/es\/enfoques-tematicos\/discriminacion\/#breadcrumb\",\"itemListElement\":[{\"@type\":\"ListItem\",\"position\":1,\"name\":\"Home\",\"item\":\"https:\/\/www.humanium.org\/es\/\"},{\"@type\":\"ListItem\",\"position\":2,\"name\":\"Enfoques tem\u00e1ticos\",\"item\":\"https:\/\/www.humanium.org\/es\/enfoques-tematicos\/\"},{\"@type\":\"ListItem\",\"position\":3,\"name\":\"Discriminaci\u00f3n\"}]},{\"@type\":\"WebSite\",\"@id\":\"https:\/\/www.humanium.org\/es\/#website\",\"url\":\"https:\/\/www.humanium.org\/es\/\",\"name\":\"Humanium\",\"description\":\"\u00a1Los ni\u00f1os primero!\",\"potentialAction\":[{\"@type\":\"SearchAction\",\"target\":{\"@type\":\"EntryPoint\",\"urlTemplate\":\"https:\/\/www.humanium.org\/es\/?s={search_term_string}\"},\"query-input\":{\"@type\":\"PropertyValueSpecification\",\"valueRequired\":true,\"valueName\":\"search_term_string\"}}],\"inLanguage\":\"es\"}]}<\/script>\n<!-- \/ Yoast SEO plugin. -->","yoast_head_json":{"title":"Discriminaci\u00f3n - Humanium","description":"Todos los ni\u00f1os deben ser tratados, protegidos y cuidados del mismo modo. Sin embargo, muchos ni\u00f1os son v\u00edctimas de discriminaci\u00f3n.","robots":{"index":"index","follow":"follow","max-snippet":"max-snippet:-1","max-image-preview":"max-image-preview:large","max-video-preview":"max-video-preview:-1"},"canonical":"https:\/\/www.humanium.org\/es\/enfoques-tematicos\/discriminacion\/","og_locale":"es_ES","og_type":"article","og_title":"Discriminaci\u00f3n - Humanium","og_description":"Todos los ni\u00f1os deben ser tratados, protegidos y cuidados del mismo modo. Sin embargo, muchos ni\u00f1os son v\u00edctimas de discriminaci\u00f3n.","og_url":"https:\/\/www.humanium.org\/es\/enfoques-tematicos\/discriminacion\/","og_site_name":"Humanium","article_modified_time":"2024-09-14T14:09:55+00:00","og_image":[{"url":"https:\/\/www.humanium.org\/es\/wp-content\/uploads\/2024\/06\/Shutterstock_1661078926-300x300.jpg","type":"","width":"","height":""}],"twitter_card":"summary_large_image","twitter_misc":{"Tiempo de lectura":"3 minutos"},"schema":{"@context":"https:\/\/schema.org","@graph":[{"@type":"WebPage","@id":"https:\/\/www.humanium.org\/es\/enfoques-tematicos\/discriminacion\/","url":"https:\/\/www.humanium.org\/es\/enfoques-tematicos\/discriminacion\/","name":"Discriminaci\u00f3n - Humanium","isPartOf":{"@id":"https:\/\/www.humanium.org\/es\/#website"},"primaryImageOfPage":{"@id":"https:\/\/www.humanium.org\/es\/enfoques-tematicos\/discriminacion\/#primaryimage"},"image":{"@id":"https:\/\/www.humanium.org\/es\/enfoques-tematicos\/discriminacion\/#primaryimage"},"thumbnailUrl":"https:\/\/www.humanium.org\/es\/wp-content\/uploads\/2024\/06\/Shutterstock_1661078926-300x300.jpg","datePublished":"2012-12-03T08:39:14+00:00","dateModified":"2024-09-14T14:09:55+00:00","description":"Todos los ni\u00f1os deben ser tratados, protegidos y cuidados del mismo modo. Sin embargo, muchos ni\u00f1os son v\u00edctimas de discriminaci\u00f3n.","breadcrumb":{"@id":"https:\/\/www.humanium.org\/es\/enfoques-tematicos\/discriminacion\/#breadcrumb"},"inLanguage":"es","potentialAction":[{"@type":"ReadAction","target":["https:\/\/www.humanium.org\/es\/enfoques-tematicos\/discriminacion\/"]}]},{"@type":"ImageObject","inLanguage":"es","@id":"https:\/\/www.humanium.org\/es\/enfoques-tematicos\/discriminacion\/#primaryimage","url":"https:\/\/www.humanium.org\/es\/wp-content\/uploads\/2024\/06\/Shutterstock_1661078926.jpg","contentUrl":"https:\/\/www.humanium.org\/es\/wp-content\/uploads\/2024\/06\/Shutterstock_1661078926.jpg","width":900,"height":900},{"@type":"BreadcrumbList","@id":"https:\/\/www.humanium.org\/es\/enfoques-tematicos\/discriminacion\/#breadcrumb","itemListElement":[{"@type":"ListItem","position":1,"name":"Home","item":"https:\/\/www.humanium.org\/es\/"},{"@type":"ListItem","position":2,"name":"Enfoques tem\u00e1ticos","item":"https:\/\/www.humanium.org\/es\/enfoques-tematicos\/"},{"@type":"ListItem","position":3,"name":"Discriminaci\u00f3n"}]},{"@type":"WebSite","@id":"https:\/\/www.humanium.org\/es\/#website","url":"https:\/\/www.humanium.org\/es\/","name":"Humanium","description":"\u00a1Los ni\u00f1os primero!","potentialAction":[{"@type":"SearchAction","target":{"@type":"EntryPoint","urlTemplate":"https:\/\/www.humanium.org\/es\/?s={search_term_string}"},"query-input":{"@type":"PropertyValueSpecification","valueRequired":true,"valueName":"search_term_string"}}],"inLanguage":"es"}]}},"_links":{"self":[{"href":"https:\/\/www.humanium.org\/es\/wp-json\/wp\/v2\/pages\/339","targetHints":{"allow":["GET"]}}],"collection":[{"href":"https:\/\/www.humanium.org\/es\/wp-json\/wp\/v2\/pages"}],"about":[{"href":"https:\/\/www.humanium.org\/es\/wp-json\/wp\/v2\/types\/page"}],"author":[{"embeddable":true,"href":"https:\/\/www.humanium.org\/es\/wp-json\/wp\/v2\/users\/1"}],"replies":[{"embeddable":true,"href":"https:\/\/www.humanium.org\/es\/wp-json\/wp\/v2\/comments?post=339"}],"version-history":[{"count":19,"href":"https:\/\/www.humanium.org\/es\/wp-json\/wp\/v2\/pages\/339\/revisions"}],"predecessor-version":[{"id":19127,"href":"https:\/\/www.humanium.org\/es\/wp-json\/wp\/v2\/pages\/339\/revisions\/19127"}],"up":[{"embeddable":true,"href":"https:\/\/www.humanium.org\/es\/wp-json\/wp\/v2\/pages\/283"}],"wp:attachment":[{"href":"https:\/\/www.humanium.org\/es\/wp-json\/wp\/v2\/media?parent=339"}],"curies":[{"name":"wp","href":"https:\/\/api.w.org\/{rel}","templated":true}]}}