{"id":3391,"date":"2013-08-09T11:08:33","date_gmt":"2013-08-09T11:08:33","guid":{"rendered":"http:\/\/www.humanium.org\/es\/?page_id=3391"},"modified":"2025-12-05T18:06:41","modified_gmt":"2025-12-05T18:06:41","slug":"iran","status":"publish","type":"page","link":"https:\/\/www.humanium.org\/es\/iran\/","title":{"rendered":"Ni\u00f1os de Ir\u00e1n"},"content":{"rendered":"<h1>Ni\u00f1os de la Rep\u00fablica Isl\u00e1mica de Ir\u00e1n<\/h1>\n<h2>Descubriendo los Derechos del Ni\u00f1o en Ir\u00e1n<\/h2>\n<p style=\"text-align: center;\">\u00a0<img loading=\"lazy\" decoding=\"async\" class=\"alignnone  wp-image-16954\" src=\"https:\/\/www.humanium.org\/es\/wp-content\/uploads\/2022\/06\/Shutterstock_2148860795-1-300x296.jpg\" alt=\"\" width=\"173\" height=\"171\" srcset=\"https:\/\/www.humanium.org\/es\/wp-content\/uploads\/2022\/06\/Shutterstock_2148860795-1-300x296.jpg 300w, https:\/\/www.humanium.org\/es\/wp-content\/uploads\/2022\/06\/Shutterstock_2148860795-1-230x227.jpg 230w, https:\/\/www.humanium.org\/es\/wp-content\/uploads\/2022\/06\/Shutterstock_2148860795-1-350x345.jpg 350w, https:\/\/www.humanium.org\/es\/wp-content\/uploads\/2022\/06\/Shutterstock_2148860795-1.jpg 400w\" sizes=\"auto, (max-width: 173px) 100vw, 173px\" \/> <img loading=\"lazy\" decoding=\"async\" class=\"alignnone  wp-image-16950\" src=\"https:\/\/www.humanium.org\/es\/wp-content\/uploads\/2022\/06\/Shutterstock_1133610680-286x300.jpg\" alt=\"\" width=\"163\" height=\"171\" srcset=\"https:\/\/www.humanium.org\/es\/wp-content\/uploads\/2022\/06\/Shutterstock_1133610680-286x300.jpg 286w, https:\/\/www.humanium.org\/es\/wp-content\/uploads\/2022\/06\/Shutterstock_1133610680-975x1024.jpg 975w, https:\/\/www.humanium.org\/es\/wp-content\/uploads\/2022\/06\/Shutterstock_1133610680-768x806.jpg 768w, https:\/\/www.humanium.org\/es\/wp-content\/uploads\/2022\/06\/Shutterstock_1133610680-1463x1536.jpg 1463w, https:\/\/www.humanium.org\/es\/wp-content\/uploads\/2022\/06\/Shutterstock_1133610680-830x871.jpg 830w, https:\/\/www.humanium.org\/es\/wp-content\/uploads\/2022\/06\/Shutterstock_1133610680-230x241.jpg 230w, https:\/\/www.humanium.org\/es\/wp-content\/uploads\/2022\/06\/Shutterstock_1133610680-350x367.jpg 350w, https:\/\/www.humanium.org\/es\/wp-content\/uploads\/2022\/06\/Shutterstock_1133610680-480x504.jpg 480w, https:\/\/www.humanium.org\/es\/wp-content\/uploads\/2022\/06\/Shutterstock_1133610680.jpg 1702w\" sizes=\"auto, (max-width: 163px) 100vw, 163px\" \/><\/p>\n<p>La situaci\u00f3n de los ni\u00f1os en el pa\u00eds es complicada: cada mes, m\u00e1s de 100 ni\u00f1os mueren de hambre o a causa de las reyertas en las calles y de enfermedades. Por ese motivo, las autoridades nacionales est\u00e1n buscando soluciones para solucionar algunos de los problemas a los que se enfrentan, como el trabajo y el tr\u00e1fico infantil. No obstante, las mismas autoridades son las que a veces violan los derechos fundamentales de los ni\u00f1os con sus actuaciones; a d\u00eda de hoy, Ir\u00e1n es uno de los \u00fanicos pa\u00edses que sigue aplicando la pena de muerte a los menores de 18 a\u00f1os.<\/p>\n<h3>Principales problemas que afectan a los ni\u00f1os en Ir\u00e1n:<\/h3>\n<p><strong><a href=\"https:\/\/www.humanium.org\/es\/pobreza-infantil\/\">Pobreza<\/a><\/strong><\/p>\n<p><img loading=\"lazy\" decoding=\"async\" class=\" wp-image-16949 alignright\" src=\"https:\/\/www.humanium.org\/es\/wp-content\/uploads\/2022\/06\/shutterstock_1101346547-300x200.jpg\" alt=\"\" width=\"276\" height=\"184\" srcset=\"https:\/\/www.humanium.org\/es\/wp-content\/uploads\/2022\/06\/shutterstock_1101346547-300x200.jpg 300w, https:\/\/www.humanium.org\/es\/wp-content\/uploads\/2022\/06\/shutterstock_1101346547-1024x683.jpg 1024w, https:\/\/www.humanium.org\/es\/wp-content\/uploads\/2022\/06\/shutterstock_1101346547-768x512.jpg 768w, https:\/\/www.humanium.org\/es\/wp-content\/uploads\/2022\/06\/shutterstock_1101346547-1536x1024.jpg 1536w, https:\/\/www.humanium.org\/es\/wp-content\/uploads\/2022\/06\/shutterstock_1101346547-2048x1366.jpg 2048w, https:\/\/www.humanium.org\/es\/wp-content\/uploads\/2022\/06\/shutterstock_1101346547-830x553.jpg 830w, https:\/\/www.humanium.org\/es\/wp-content\/uploads\/2022\/06\/shutterstock_1101346547-230x153.jpg 230w, https:\/\/www.humanium.org\/es\/wp-content\/uploads\/2022\/06\/shutterstock_1101346547-350x233.jpg 350w, https:\/\/www.humanium.org\/es\/wp-content\/uploads\/2022\/06\/shutterstock_1101346547-480x320.jpg 480w, https:\/\/www.humanium.org\/es\/wp-content\/uploads\/2022\/06\/shutterstock_1101346547-272x182.jpg 272w\" sizes=\"auto, (max-width: 276px) 100vw, 276px\" \/><\/p>\n<p>Si bien es cierto que Ir\u00e1n es un pa\u00eds que dispone gran cantidad de recursos naturales, las redes de tr\u00e1fico de drogas y los grupos terroristas se hacen con ellos y los controlan a su antojo. Por tanto, la poblaci\u00f3n vive en la pobreza.<\/p>\n<p>De hecho, seg\u00fan las cifras oficiales, el 80% de la poblaci\u00f3n iran\u00ed vive en el <a href=\"https:\/\/www.humanium.org\/es\/pobreza-infantil\/\">umbral de la pobreza<\/a>, siendo los ni\u00f1os de las zonas rurales, uno de los colectivos m\u00e1s afectados por este fen\u00f3meno.<\/p>\n<p><strong><a href=\"https:\/\/www.humanium.org\/es\/derecho-salud\/\">Salud<\/a><\/strong><\/p>\n<p>Seg\u00fan el art\u00edculo 24 de <a href=\"https:\/\/www.humanium.org\/es\/convencion\/\">Convenci\u00f3n Internacional sobre los Derechos del Ni\u00f1o<\/a>, \u201ctodos los ni\u00f1os deben disfrutar de un buen estado de salud y beneficiarse de los servicios de sanidad\u201d. En Ir\u00e1n, la tasa de <a href=\"https:\/\/www.humanium.org\/es\/mortalidad-infantil\/\">mortalidad infantil<\/a> entre los menores de 5 a\u00f1os es muy elevada y la prematuridad, la neumon\u00eda, la congesti\u00f3n p\u00e9lvica y la diarrea son las causas principales de muerte entre los m\u00e1s peque\u00f1os.<\/p>\n<p>La salud de las madres ha mejorado en los \u00faltimos a\u00f1os, pero la desnutrici\u00f3n todav\u00eda sigue siendo un problema grave sobre todo en las zonas rurales.<\/p>\n<p><strong><a href=\"https:\/\/www.humanium.org\/es\/derecho-educacion\/\">Educaci\u00f3n<\/a><\/strong><\/p>\n<p><img loading=\"lazy\" decoding=\"async\" class=\" wp-image-16951 alignright\" src=\"https:\/\/www.humanium.org\/es\/wp-content\/uploads\/2022\/06\/shutterstock_1368263135-300x225.jpg\" alt=\"\" width=\"239\" height=\"179\" srcset=\"https:\/\/www.humanium.org\/es\/wp-content\/uploads\/2022\/06\/shutterstock_1368263135-300x225.jpg 300w, https:\/\/www.humanium.org\/es\/wp-content\/uploads\/2022\/06\/shutterstock_1368263135-1024x768.jpg 1024w, https:\/\/www.humanium.org\/es\/wp-content\/uploads\/2022\/06\/shutterstock_1368263135-768x576.jpg 768w, https:\/\/www.humanium.org\/es\/wp-content\/uploads\/2022\/06\/shutterstock_1368263135-1536x1152.jpg 1536w, https:\/\/www.humanium.org\/es\/wp-content\/uploads\/2022\/06\/shutterstock_1368263135-2048x1536.jpg 2048w, https:\/\/www.humanium.org\/es\/wp-content\/uploads\/2022\/06\/shutterstock_1368263135-830x623.jpg 830w, https:\/\/www.humanium.org\/es\/wp-content\/uploads\/2022\/06\/shutterstock_1368263135-230x173.jpg 230w, https:\/\/www.humanium.org\/es\/wp-content\/uploads\/2022\/06\/shutterstock_1368263135-350x263.jpg 350w, https:\/\/www.humanium.org\/es\/wp-content\/uploads\/2022\/06\/shutterstock_1368263135-480x360.jpg 480w\" sizes=\"auto, (max-width: 239px) 100vw, 239px\" \/><\/p>\n<p>Ir\u00e1n ofrece una educaci\u00f3n gratuita y obligatoria a los ni\u00f1os hasta los 11 a\u00f1os. Sin embargo, en las zonas rurales, los m\u00e1s peque\u00f1os apenas acuden a los colegios, especialmente en el caso de las ni\u00f1as.<br \/>\nLos lugares m\u00e1s remotos del pa\u00eds todav\u00eda requieren muchas mejoras de infraestructura.<\/p>\n<p><strong><a href=\"https:\/\/www.humanium.org\/es\/no-discriminacion\/\">Derecho a la no discriminaci\u00f3n<\/a><\/strong><\/p>\n<p>En la sociedad iran\u00ed, el hombre ocupa un lugar m\u00e1s importante que la mujer. El <a href=\"https:\/\/www.humanium.org\/es\/derecho-educacion\/\">sistema educativo<\/a> del pa\u00eds ayuda a la difusi\u00f3n de un sistema de creencias religiosas en el que las mujeres son consideradas seres inferiores. Por ejemplo, se ense\u00f1a a los alumnos que las mujeres pertenecen a los hombres y que, estos \u00faltimos, tienen derecho a castigar a sus esposas si no obedecen sus \u00f3rdenes. Asimismo, las mujeres son vistas como una fuente de corrupci\u00f3n.<\/p>\n<p>No obstante, en los \u00faltimos a\u00f1os el n\u00famero de mujeres j\u00f3venes en las universidades es mayor que el de los varones.<\/p>\n<p><a href=\"https:\/\/www.humanium.org\/es\/justicia-juvenil\/\"><strong>Los menores y el sistema judicial<\/strong><\/a><\/p>\n<p>Ir\u00e1n es uno de los cinco pa\u00edses que junto con Paquist\u00e1n, Arabia Saud\u00ed, Sud\u00e1n y Yemen aplican la <a href=\"https:\/\/www.humanium.org\/es\/justicia-juvenil\/\">pena de muerte <\/a> a los menores de 18 a\u00f1os. Los <a href=\"https:\/\/www.humanium.org\/es\/ninos-detenidos\/\">ni\u00f1os detenidos<\/a> no tienen<a href=\"https:\/\/www.humanium.org\/es\/leyes-justicia-infantil-2\/\"> dderecho al debido proceso<\/a> y son condenados a muerte cada vez con m\u00e1s frecuencia. Adem\u00e1s, los ni\u00f1os pobres no disponen de medios financieros suficientes para cubrir los gastos derivados de los procesos judiciales.<\/p>\n<p>La tasa de menores condenados a muerte se ha incrementado bajo el r\u00e9gimen de Mahmoud Ahmadinejad, presidente actual de la Rep\u00fablica de Ir\u00e1n. Las autoridades contin\u00faan ejecutando a ni\u00f1os incluso bajo la presi\u00f3n de organizaciones pro defensa de los derechos humanos que denuncian esta pr\u00e1ctica.<\/p>\n<p><strong><a href=\"https:\/\/www.humanium.org\/es\/matrimonio-infantil\/\">Matrimonio de menores<\/a><\/strong><\/p>\n<p>Seg\u00fan la ley iran\u00ed, la edad m\u00ednima para contraer matrimonio es de 13 a\u00f1os para las ni\u00f1as y de 15 para los ni\u00f1os. No obstante, no es de extra\u00f1ar que en las zonas rurales muchas j\u00f3venes contraigan <a href=\"https:\/\/www.humanium.org\/es\/matrimonio-infantil\/\">matrimonio<\/a> mucho antes debido a motivos econ\u00f3micos.<\/p>\n<p>Lo que es peor a\u00fan, hay reportes que j\u00f3venes iran\u00edes est\u00e1n siendo vendidas y forzadas a contraer matrimonio con paquistan\u00edes que las explotan sexualmente.<\/p>\n<p><strong><a href=\"https:\/\/www.humanium.org\/es\/trata-ninos\/\">Tr\u00e1fico infantil<\/a><\/strong><\/p>\n<p>En Ir\u00e1n la <a href=\"https:\/\/www.humanium.org\/es\/prostitucion-infantil\/\">prostituci\u00f3n<\/a> y el <a href=\"https:\/\/www.humanium.org\/es\/trata-ninos\/\">tr\u00e1fico de ni\u00f1os<\/a> ocurren de manera alarmante. Muchos de los ni\u00f1os iran\u00edes son vendidos en el mercado negro de explotaci\u00f3n sexual en Pakist\u00e1n, Turqu\u00eda, Emiratos \u00c1rabes, Bar\u00e9in o Europa. J\u00f3venes varones y mujeres de entre 9 y 14 a\u00f1os pueden ser vendidos por cantidades comprendidas entre 15 y 20 d\u00f3lares. En Ir\u00e1n los principales compradores son conductores de camiones, dirigentes religiosos y trabajadores inmigrantes afganos.<\/p>\n<p>Asimismo, los ni\u00f1os de pa\u00edses vecinos, especialmente Afganist\u00e1n y Pakist\u00e1n que cruzan las fronteras en un n\u00famero cada vez mayor para trabajar en los prost\u00edbulos del sur de Ir\u00e1n.<\/p>\n<p><strong><a href=\"https:\/\/www.humanium.org\/es\/ninos-calle\/\">Los ni\u00f1os de la calle<\/a><\/strong><\/p>\n<p><img loading=\"lazy\" decoding=\"async\" class=\" wp-image-16953 alignright\" src=\"https:\/\/www.humanium.org\/es\/wp-content\/uploads\/2022\/06\/shutterstock_1718926753-300x200.jpg\" alt=\"\" width=\"246\" height=\"164\" srcset=\"https:\/\/www.humanium.org\/es\/wp-content\/uploads\/2022\/06\/shutterstock_1718926753-300x200.jpg 300w, https:\/\/www.humanium.org\/es\/wp-content\/uploads\/2022\/06\/shutterstock_1718926753-1024x683.jpg 1024w, https:\/\/www.humanium.org\/es\/wp-content\/uploads\/2022\/06\/shutterstock_1718926753-768x512.jpg 768w, https:\/\/www.humanium.org\/es\/wp-content\/uploads\/2022\/06\/shutterstock_1718926753-1536x1024.jpg 1536w, https:\/\/www.humanium.org\/es\/wp-content\/uploads\/2022\/06\/shutterstock_1718926753-2048x1365.jpg 2048w, https:\/\/www.humanium.org\/es\/wp-content\/uploads\/2022\/06\/shutterstock_1718926753-830x553.jpg 830w, https:\/\/www.humanium.org\/es\/wp-content\/uploads\/2022\/06\/shutterstock_1718926753-230x153.jpg 230w, https:\/\/www.humanium.org\/es\/wp-content\/uploads\/2022\/06\/shutterstock_1718926753-350x233.jpg 350w, https:\/\/www.humanium.org\/es\/wp-content\/uploads\/2022\/06\/shutterstock_1718926753-480x320.jpg 480w, https:\/\/www.humanium.org\/es\/wp-content\/uploads\/2022\/06\/shutterstock_1718926753-272x182.jpg 272w\" sizes=\"auto, (max-width: 246px) 100vw, 246px\" \/><\/p>\n<p>Los <a href=\"https:\/\/www.humanium.org\/es\/ninos-calle\/\">ni\u00f1os sin hogar<\/a> es un problema serio en Ir\u00e1n. La mayor\u00eda de estos ni\u00f1os no son hu\u00e9rfanos, pero nacen en el seno de familias con problemas de abuso de droga, por lo que se ven forzados a vivir en la calle. Otros son hijos de refugiados o de padres desempleados que se ven obligados a trabajar para ayudar a mantener a sus familias.<\/p>\n<p>En la actualidad se estima que al menos 200 mil ni\u00f1os viven en las calles. Estos duermen en edificios abandonados, contenedores o autom\u00f3viles y necesitan encontrar trabajo para satisfacer sus necesidades o las de su familia.<\/p>\n<p>Vulnerables y abandonados, estos ni\u00f1os iran\u00edes son presas f\u00e1ciles de adultos depravados que no dudan en abusar de ellos. M\u00e1s del 60% de esta j\u00f3venes han sido v\u00edctimas de<a href=\"https:\/\/www.humanium.org\/es\/explotacion-sexual-infantil\/\">abuso sexual<\/a> durante la primera semana de su estancia en la calle. Cada 6 d\u00edas, una ni\u00f1a es violada y asesinada en Teher\u00e1n.<\/p>\n<p><strong><a href=\"https:\/\/www.humanium.org\/es\/trabajo-infantil\/\">Trabajo infantil<\/a><\/strong><\/p>\n<p>Se estima que el 14% de los ni\u00f1os iran\u00edes se ven obligados a <a href=\"https:\/\/www.humanium.org\/es\/trabajo-infantil\/\">trabajar<\/a> en condiciones peligrosas o insalubres. Estos ni\u00f1os usualmente trabajan en las calles, en f\u00e1bricas de autom\u00f3viles o de alfombras, o en la prostituci\u00f3n. Su salud y educaci\u00f3n pasan entonces a un segundo plano, por lo que piensan que no existe la posibilidad de que su vida mejore.<\/p>\n","protected":false},"excerpt":{"rendered":"<p>Ni\u00f1os de la Rep\u00fablica Isl\u00e1mica de Ir\u00e1n Descubriendo los Derechos del Ni\u00f1o en Ir\u00e1n \u00a0 La situaci\u00f3n de los ni\u00f1os en el pa\u00eds es complicada: cada mes, m\u00e1s de 100 ni\u00f1os mueren de hambre o a causa de las reyertas en las calles y de enfermedades. Por ese motivo, las autoridades nacionales est\u00e1n buscando soluciones [&hellip;]<\/p>\n","protected":false},"author":1,"featured_media":0,"parent":0,"menu_order":0,"comment_status":"closed","ping_status":"open","template":"","meta":{"footnotes":""},"class_list":["post-3391","page","type-page","status-publish","hentry"],"yoast_head":"<!-- This site is optimized with the Yoast SEO plugin v26.5 - https:\/\/yoast.com\/wordpress\/plugins\/seo\/ -->\n<title>Ni\u00f1os de Ir\u00e1n - Humanium<\/title>\n<meta name=\"description\" content=\"En Ir\u00e1n, las autoridades nacionales que buscan solucionar los problemas de los ni\u00f1os, son tambi\u00e9n aquellas que violan los derechos de estos.\" \/>\n<meta name=\"robots\" content=\"index, follow, max-snippet:-1, max-image-preview:large, max-video-preview:-1\" \/>\n<link rel=\"canonical\" href=\"https:\/\/www.humanium.org\/es\/iran\/\" \/>\n<meta property=\"og:locale\" content=\"es_ES\" \/>\n<meta property=\"og:type\" content=\"article\" \/>\n<meta property=\"og:title\" content=\"Ni\u00f1os de Ir\u00e1n - Humanium\" \/>\n<meta property=\"og:description\" content=\"En Ir\u00e1n, las autoridades nacionales que buscan solucionar los problemas de los ni\u00f1os, son tambi\u00e9n aquellas que violan los derechos de estos.\" \/>\n<meta property=\"og:url\" content=\"https:\/\/www.humanium.org\/es\/iran\/\" \/>\n<meta property=\"og:site_name\" content=\"Humanium\" \/>\n<meta property=\"article:modified_time\" content=\"2025-12-05T18:06:41+00:00\" \/>\n<meta property=\"og:image\" content=\"https:\/\/www.humanium.org\/es\/wp-content\/uploads\/2022\/06\/Shutterstock_2148860795-1.jpg\" \/>\n\t<meta property=\"og:image:width\" content=\"400\" \/>\n\t<meta property=\"og:image:height\" content=\"394\" \/>\n\t<meta property=\"og:image:type\" content=\"image\/jpeg\" \/>\n<meta name=\"twitter:card\" content=\"summary_large_image\" \/>\n<meta name=\"twitter:label1\" content=\"Tiempo de lectura\" \/>\n\t<meta name=\"twitter:data1\" content=\"7 minutos\" \/>\n<script type=\"application\/ld+json\" class=\"yoast-schema-graph\">{\"@context\":\"https:\/\/schema.org\",\"@graph\":[{\"@type\":\"WebPage\",\"@id\":\"https:\/\/www.humanium.org\/es\/iran\/\",\"url\":\"https:\/\/www.humanium.org\/es\/iran\/\",\"name\":\"Ni\u00f1os de Ir\u00e1n - Humanium\",\"isPartOf\":{\"@id\":\"https:\/\/www.humanium.org\/es\/#website\"},\"primaryImageOfPage\":{\"@id\":\"https:\/\/www.humanium.org\/es\/iran\/#primaryimage\"},\"image\":{\"@id\":\"https:\/\/www.humanium.org\/es\/iran\/#primaryimage\"},\"thumbnailUrl\":\"https:\/\/www.humanium.org\/es\/wp-content\/uploads\/2022\/06\/Shutterstock_2148860795-1-300x296.jpg\",\"datePublished\":\"2013-08-09T11:08:33+00:00\",\"dateModified\":\"2025-12-05T18:06:41+00:00\",\"description\":\"En Ir\u00e1n, las autoridades nacionales que buscan solucionar los problemas de los ni\u00f1os, son tambi\u00e9n aquellas que violan los derechos de estos.\",\"breadcrumb\":{\"@id\":\"https:\/\/www.humanium.org\/es\/iran\/#breadcrumb\"},\"inLanguage\":\"es\",\"potentialAction\":[{\"@type\":\"ReadAction\",\"target\":[\"https:\/\/www.humanium.org\/es\/iran\/\"]}]},{\"@type\":\"ImageObject\",\"inLanguage\":\"es\",\"@id\":\"https:\/\/www.humanium.org\/es\/iran\/#primaryimage\",\"url\":\"https:\/\/www.humanium.org\/es\/wp-content\/uploads\/2022\/06\/Shutterstock_2148860795-1.jpg\",\"contentUrl\":\"https:\/\/www.humanium.org\/es\/wp-content\/uploads\/2022\/06\/Shutterstock_2148860795-1.jpg\",\"width\":400,\"height\":394},{\"@type\":\"BreadcrumbList\",\"@id\":\"https:\/\/www.humanium.org\/es\/iran\/#breadcrumb\",\"itemListElement\":[{\"@type\":\"ListItem\",\"position\":1,\"name\":\"Home\",\"item\":\"https:\/\/www.humanium.org\/es\/\"},{\"@type\":\"ListItem\",\"position\":2,\"name\":\"Ni\u00f1os de Ir\u00e1n\"}]},{\"@type\":\"WebSite\",\"@id\":\"https:\/\/www.humanium.org\/es\/#website\",\"url\":\"https:\/\/www.humanium.org\/es\/\",\"name\":\"Humanium\",\"description\":\"\u00a1Los ni\u00f1os primero!\",\"potentialAction\":[{\"@type\":\"SearchAction\",\"target\":{\"@type\":\"EntryPoint\",\"urlTemplate\":\"https:\/\/www.humanium.org\/es\/?s={search_term_string}\"},\"query-input\":{\"@type\":\"PropertyValueSpecification\",\"valueRequired\":true,\"valueName\":\"search_term_string\"}}],\"inLanguage\":\"es\"}]}<\/script>\n<!-- \/ Yoast SEO plugin. -->","yoast_head_json":{"title":"Ni\u00f1os de Ir\u00e1n - Humanium","description":"En Ir\u00e1n, las autoridades nacionales que buscan solucionar los problemas de los ni\u00f1os, son tambi\u00e9n aquellas que violan los derechos de estos.","robots":{"index":"index","follow":"follow","max-snippet":"max-snippet:-1","max-image-preview":"max-image-preview:large","max-video-preview":"max-video-preview:-1"},"canonical":"https:\/\/www.humanium.org\/es\/iran\/","og_locale":"es_ES","og_type":"article","og_title":"Ni\u00f1os de Ir\u00e1n - Humanium","og_description":"En Ir\u00e1n, las autoridades nacionales que buscan solucionar los problemas de los ni\u00f1os, son tambi\u00e9n aquellas que violan los derechos de estos.","og_url":"https:\/\/www.humanium.org\/es\/iran\/","og_site_name":"Humanium","article_modified_time":"2025-12-05T18:06:41+00:00","og_image":[{"width":400,"height":394,"url":"https:\/\/www.humanium.org\/es\/wp-content\/uploads\/2022\/06\/Shutterstock_2148860795-1.jpg","type":"image\/jpeg"}],"twitter_card":"summary_large_image","twitter_misc":{"Tiempo de lectura":"7 minutos"},"schema":{"@context":"https:\/\/schema.org","@graph":[{"@type":"WebPage","@id":"https:\/\/www.humanium.org\/es\/iran\/","url":"https:\/\/www.humanium.org\/es\/iran\/","name":"Ni\u00f1os de Ir\u00e1n - Humanium","isPartOf":{"@id":"https:\/\/www.humanium.org\/es\/#website"},"primaryImageOfPage":{"@id":"https:\/\/www.humanium.org\/es\/iran\/#primaryimage"},"image":{"@id":"https:\/\/www.humanium.org\/es\/iran\/#primaryimage"},"thumbnailUrl":"https:\/\/www.humanium.org\/es\/wp-content\/uploads\/2022\/06\/Shutterstock_2148860795-1-300x296.jpg","datePublished":"2013-08-09T11:08:33+00:00","dateModified":"2025-12-05T18:06:41+00:00","description":"En Ir\u00e1n, las autoridades nacionales que buscan solucionar los problemas de los ni\u00f1os, son tambi\u00e9n aquellas que violan los derechos de estos.","breadcrumb":{"@id":"https:\/\/www.humanium.org\/es\/iran\/#breadcrumb"},"inLanguage":"es","potentialAction":[{"@type":"ReadAction","target":["https:\/\/www.humanium.org\/es\/iran\/"]}]},{"@type":"ImageObject","inLanguage":"es","@id":"https:\/\/www.humanium.org\/es\/iran\/#primaryimage","url":"https:\/\/www.humanium.org\/es\/wp-content\/uploads\/2022\/06\/Shutterstock_2148860795-1.jpg","contentUrl":"https:\/\/www.humanium.org\/es\/wp-content\/uploads\/2022\/06\/Shutterstock_2148860795-1.jpg","width":400,"height":394},{"@type":"BreadcrumbList","@id":"https:\/\/www.humanium.org\/es\/iran\/#breadcrumb","itemListElement":[{"@type":"ListItem","position":1,"name":"Home","item":"https:\/\/www.humanium.org\/es\/"},{"@type":"ListItem","position":2,"name":"Ni\u00f1os de Ir\u00e1n"}]},{"@type":"WebSite","@id":"https:\/\/www.humanium.org\/es\/#website","url":"https:\/\/www.humanium.org\/es\/","name":"Humanium","description":"\u00a1Los ni\u00f1os primero!","potentialAction":[{"@type":"SearchAction","target":{"@type":"EntryPoint","urlTemplate":"https:\/\/www.humanium.org\/es\/?s={search_term_string}"},"query-input":{"@type":"PropertyValueSpecification","valueRequired":true,"valueName":"search_term_string"}}],"inLanguage":"es"}]}},"_links":{"self":[{"href":"https:\/\/www.humanium.org\/es\/wp-json\/wp\/v2\/pages\/3391","targetHints":{"allow":["GET"]}}],"collection":[{"href":"https:\/\/www.humanium.org\/es\/wp-json\/wp\/v2\/pages"}],"about":[{"href":"https:\/\/www.humanium.org\/es\/wp-json\/wp\/v2\/types\/page"}],"author":[{"embeddable":true,"href":"https:\/\/www.humanium.org\/es\/wp-json\/wp\/v2\/users\/1"}],"replies":[{"embeddable":true,"href":"https:\/\/www.humanium.org\/es\/wp-json\/wp\/v2\/comments?post=3391"}],"version-history":[{"count":5,"href":"https:\/\/www.humanium.org\/es\/wp-json\/wp\/v2\/pages\/3391\/revisions"}],"predecessor-version":[{"id":20520,"href":"https:\/\/www.humanium.org\/es\/wp-json\/wp\/v2\/pages\/3391\/revisions\/20520"}],"wp:attachment":[{"href":"https:\/\/www.humanium.org\/es\/wp-json\/wp\/v2\/media?parent=3391"}],"curies":[{"name":"wp","href":"https:\/\/api.w.org\/{rel}","templated":true}]}}