{"id":3425,"date":"2013-08-10T14:36:50","date_gmt":"2013-08-10T14:36:50","guid":{"rendered":"http:\/\/www.humanium.org\/es\/?page_id=3425"},"modified":"2025-12-05T18:06:27","modified_gmt":"2025-12-05T18:06:27","slug":"jordania","status":"publish","type":"page","link":"https:\/\/www.humanium.org\/es\/jordania\/","title":{"rendered":"Ni\u00f1os de Jordania"},"content":{"rendered":"<h1>Ni\u00f1os de Jordania<\/h1>\n<h2>Descubriendo los Derechos del Ni\u00f1o en Jordania<\/h2>\n<p style=\"text-align: center;\">\u00a0 <img loading=\"lazy\" decoding=\"async\" class=\"alignnone size-full wp-image-13106\" title=\"Ni\u00f1a de Jordania \u00a9 Xavi Talleda (flickr)\" src=\"https:\/\/www.humanium.org\/fr\/wp-content\/uploads\/2011\/08\/fillette-xavi-talleda-flickr.jpg\" alt=\"\" width=\"216\" height=\"200\" \/> <img loading=\"lazy\" decoding=\"async\" class=\"alignnone size-full wp-image-13105\" title=\"Ni\u00f1o de Jordania \u00a9 Kenski (flickr)\" src=\"https:\/\/www.humanium.org\/fr\/wp-content\/uploads\/2011\/08\/garcon-kenski-no-retouch-flickr.jpg\" alt=\"\" width=\"294\" height=\"200\" \/><\/p>\n<p>Jordania, una monarqu\u00eda constitucional liderada por el rey Abdullah II Ben Hussein, ha desarrollado y mejorado el nivel de vida de sus ciudadanos en los \u00faltimos a\u00f1os. Sin embargo, y a pesar de la ratificaci\u00f3n de la <a href=\"https:\/\/www.humanium.org\/es\/convencion\/\">Convenci\u00f3n Internacional de los Derechos del Ni\u00f1o<\/a>, ciertos derechos relativos a la juventud jordana no se respetan.<\/p>\n<h3>Principales problemas que afectan a los ni\u00f1os en Jordania<\/h3>\n<p><strong><a href=\"https:\/\/www.humanium.org\/es\/pobreza-infantil\/\">Pobreza<\/a><\/strong><\/p>\n<p><img loading=\"lazy\" decoding=\"async\" class=\"size-full wp-image-13151 alignright\" title=\"Una parte de la poblaci\u00f3n a\u00fan vive por debajo del umbral de la pobreza \u00a9 Centocammelli (flickr)\" src=\"https:\/\/www.humanium.org\/fr\/wp-content\/uploads\/2011\/08\/pauvrete-centocammelli-flicr.jpg\" alt=\"\" width=\"208\" height=\"126\" \/>Jordania no se enfrenta a una inmensa <a href=\"https:\/\/www.humanium.org\/es\/pobreza-infantil\/\">pobreza <\/a>. Sin embargo, el 14% de la poblaci\u00f3n a\u00fan vive por debajo del umbral de la pobreza.<\/p>\n<p>Los ni\u00f1os de las familias pobres son los m\u00e1s vulnerables. Condenados al ostracismo por su estatus, algunos de sus derechos b\u00e1sicos son violados, como el derecho a la sanidad, la educaci\u00f3n, etc.<\/p>\n<p><strong><a href=\"https:\/\/www.humanium.org\/es\/derecho-salud\/\">Derecho a la salud<\/a><\/strong><\/p>\n<p>El sistema sanitario de Jordania est\u00e1 mejorando a\u00f1o tras a\u00f1o. Sin embargo, algunos aspectos de la <a href=\"https:\/\/www.humanium.org\/es\/derecho-salud\/\">salud,<\/a> incluyendo aquellos relacionados con los ni\u00f1os todav\u00eda deben mejorarse.<\/p>\n<p>De hecho, un 13% de los ni\u00f1os nacen con menos peso del debido y 25 de cada 1000 mueren antes de los 5 a\u00f1os de edad. Este dato, sin dudas, ha sufrido cambios pero, aun as\u00ed, muestra que en Jordania el sistema sanitario no permite todav\u00eda a los j\u00f3venes jordanos tener una buena salud.<\/p>\n<p><strong><a href=\"https:\/\/www.humanium.org\/es\/derecho-educacion\/\">Derecho a la Educaci\u00f3n<\/a><\/strong><\/p>\n<p><img loading=\"lazy\" decoding=\"async\" class=\"size-full wp-image-13150 alignright\" title=\"Algunos problemas permanecen en el sistema educativo de Jordania \u00a9 Efareport (flickr)\" src=\"https:\/\/www.humanium.org\/fr\/wp-content\/uploads\/2011\/08\/education-efareport-flickr.jpg\" alt=\"\" width=\"201\" height=\"134\" \/>La escuela p\u00fablica es gratuita para permitir a todos los ni\u00f1os acceder a ella. La escolarizaci\u00f3n es obligatoria desde los 6 hasta los 16 a\u00f1os. Los profesores est\u00e1n muy mal pagados y las instalaciones a veces son inadecuadas. Estas condiciones limitan el<br \/>\ndesarrollo de la <a href=\"https:\/\/www.humanium.org\/es\/derecho-educacion\/\">educaci\u00f3n en Jordania<\/a>.<\/p>\n<p>Para solucionarlo, se han abierto muchas escuelas privadas que proponen m\u00e9todos de estudios diferentes: estilo occidental, co-educaci\u00f3n y educaci\u00f3n diferenciada\u2026 Esta alternativa no es una soluci\u00f3ny se ha la criticado constantemente porque los ni\u00f1os de familias modestas no pueden acceder a ella.<\/p>\n<p><strong>Matrimonio infantil<\/strong><\/p>\n<p>La edad legal para <a href=\"https:\/\/www.humanium.org\/es\/matrimonio-infantil\/\">casarse<\/a> en Jordania es 18 a\u00f1os para ni\u00f1as y ni\u00f1os. Sin embargo, un ni\u00f1o de 15 a\u00f1os puede casarse con el consentimiento de un juez y de un tutor. Muy a menudo las ni\u00f1as se ven obligadas a casarse por sus padres.<\/p>\n<p>Se estima que un 10% de los j\u00f3venes jordanos se han casado antes de los 18 a\u00f1os. La mayor\u00eda, obligados.<\/p>\n<p>Adem\u00e1s, en las \u00e1reas rurales los matrimonios forzados se han convertido en una alternativa al asesinato por honor, es decir, a menudo se obliga a una chica que ha sido violada a casarse con su violador para preservar el honor de la familia y tambi\u00e9n la vida del hombre responsable.<\/p>\n<p><strong><a href=\"https:\/\/www.humanium.org\/es\/abuso-infantil\/\">Violencia infantil<\/a><\/strong><\/p>\n<p><img loading=\"lazy\" decoding=\"async\" class=\"alignright size-full wp-image-13152\" title=\"El maltrato verbal contra los ni\u00f1os jordanos es muy com\u00fan \u00a9 Craigfinlay (flickr)\" src=\"https:\/\/www.humanium.org\/fr\/wp-content\/uploads\/2011\/08\/violence-craigfinlay-flickr.jpg\" alt=\"\" width=\"201\" height=\"140\" \/>En Jordania la violencia toma muchas formas: f\u00edsica, moral o sexual. <a href=\"https:\/\/www.humanium.org\/es\/abuso-infantil\/\">Estos abusos<\/a> ocurren en el hogar y en la escuela. Temerosos y avergonzados, muchos ni\u00f1os no se atreven a hablar de la agresi\u00f3n por miedo a las repercusiones violentas.<\/p>\n<p>Las cifras son alarmantes; se estima que el 70% de los ni\u00f1os son v\u00edctimas de agresiones verbales y el 50% de ataques f\u00edsicos.<\/p>\n<p>Las lagunas del sistema legal sobre c\u00f3mo tratar este tema son importantes. Con bastante frecuencia la pena impuesta a los autores de la agresi\u00f3n es muy ben\u00e9vola y que lleva a que sigan realizando estas pr\u00e1cticas.<\/p>\n<p><strong><a href=\"https:\/\/www.humanium.org\/es\/derecho-identidad\/\">Derecho a la identidad<\/a><\/strong><\/p>\n<p>En Jordania que una madre otorgue su <a href=\"https:\/\/www.humanium.org\/es\/derecho-identidad\/\">nacionalidad<\/a> a su hijo puede ser dif\u00edcil. Seg\u00fan las leyes de este pa\u00eds, una mujer jordana casada con un extranjero no puede dar su nacionalidad a su hijo.<\/p>\n<p>Adem\u00e1s, el gobierno tambi\u00e9n se ha negado a registrar a algunos ni\u00f1os hijos de madres solteras, o a hijos de un matrimonio interreligioso. Por eso, muchos ni\u00f1os son <a href=\"https:\/\/www.humanium.org\/es\/apatridas-invisibles\/\">ap\u00e1tridas<\/a>, lo que limita su derecho a la libre circulaci\u00f3n, el acceso a la educaci\u00f3n p\u00fablica y a otros servicios gubernamentales.<\/p>\n<p><strong><a href=\"https:\/\/www.humanium.org\/es\/ninos-detenidos\/\">Detenci\u00f3n de menores<\/a><\/strong><\/p>\n<p>Los ni\u00f1os confinados en centros estatales para menores pueden ser objeto de m\u00faltiples actos de violencia. De hecho, algunos supervisores de estos establecimientos no dudan en agredir verbal o <a href=\"https:\/\/www.humanium.org\/es\/explotacion-sexual-infantil\/\">sexualmente<\/a> a estos ni\u00f1os.<\/p>\n","protected":false},"excerpt":{"rendered":"<p>Ni\u00f1os de Jordania Descubriendo los Derechos del Ni\u00f1o en Jordania \u00a0 Jordania, una monarqu\u00eda constitucional liderada por el rey Abdullah II Ben Hussein, ha desarrollado y mejorado el nivel de vida de sus ciudadanos en los \u00faltimos a\u00f1os. Sin embargo, y a pesar de la ratificaci\u00f3n de la Convenci\u00f3n Internacional de los Derechos del Ni\u00f1o, [&hellip;]<\/p>\n","protected":false},"author":1,"featured_media":0,"parent":0,"menu_order":0,"comment_status":"closed","ping_status":"open","template":"","meta":{"footnotes":""},"class_list":["post-3425","page","type-page","status-publish","hentry"],"yoast_head":"<!-- This site is optimized with the Yoast SEO plugin v26.5 - https:\/\/yoast.com\/wordpress\/plugins\/seo\/ -->\n<title>Ni\u00f1os de Jordania - Humanium<\/title>\n<meta name=\"description\" content=\"En Jordania, a pesar de la ratificaci\u00f3n de la Convenci\u00f3n Internacional de los Derechos del Ni\u00f1o, ciertos derechos relativos a la juventud no se respetan.\" \/>\n<meta name=\"robots\" content=\"index, follow, max-snippet:-1, max-image-preview:large, max-video-preview:-1\" \/>\n<link rel=\"canonical\" href=\"https:\/\/www.humanium.org\/es\/jordania\/\" \/>\n<meta property=\"og:locale\" content=\"es_ES\" \/>\n<meta property=\"og:type\" content=\"article\" \/>\n<meta property=\"og:title\" content=\"Ni\u00f1os de Jordania - Humanium\" \/>\n<meta property=\"og:description\" content=\"En Jordania, a pesar de la ratificaci\u00f3n de la Convenci\u00f3n Internacional de los Derechos del Ni\u00f1o, ciertos derechos relativos a la juventud no se respetan.\" \/>\n<meta property=\"og:url\" content=\"https:\/\/www.humanium.org\/es\/jordania\/\" \/>\n<meta property=\"og:site_name\" content=\"Humanium\" \/>\n<meta property=\"article:modified_time\" content=\"2025-12-05T18:06:27+00:00\" \/>\n<meta property=\"og:image\" content=\"https:\/\/www.humanium.org\/es\/wp-content\/uploads\/2019\/10\/shutterstock_210171145-1.jpg\" \/>\n\t<meta property=\"og:image:width\" content=\"1000\" \/>\n\t<meta property=\"og:image:height\" content=\"576\" \/>\n\t<meta property=\"og:image:type\" content=\"image\/jpeg\" \/>\n<meta name=\"twitter:card\" content=\"summary_large_image\" \/>\n<meta name=\"twitter:label1\" content=\"Tiempo de lectura\" \/>\n\t<meta name=\"twitter:data1\" content=\"5 minutos\" \/>\n<script type=\"application\/ld+json\" class=\"yoast-schema-graph\">{\"@context\":\"https:\/\/schema.org\",\"@graph\":[{\"@type\":\"WebPage\",\"@id\":\"https:\/\/www.humanium.org\/es\/jordania\/\",\"url\":\"https:\/\/www.humanium.org\/es\/jordania\/\",\"name\":\"Ni\u00f1os de Jordania - Humanium\",\"isPartOf\":{\"@id\":\"https:\/\/www.humanium.org\/es\/#website\"},\"primaryImageOfPage\":{\"@id\":\"https:\/\/www.humanium.org\/es\/jordania\/#primaryimage\"},\"image\":{\"@id\":\"https:\/\/www.humanium.org\/es\/jordania\/#primaryimage\"},\"thumbnailUrl\":\"https:\/\/www.humanium.org\/fr\/wp-content\/uploads\/2011\/08\/fillette-xavi-talleda-flickr.jpg\",\"datePublished\":\"2013-08-10T14:36:50+00:00\",\"dateModified\":\"2025-12-05T18:06:27+00:00\",\"description\":\"En Jordania, a pesar de la ratificaci\u00f3n de la Convenci\u00f3n Internacional de los Derechos del Ni\u00f1o, ciertos derechos relativos a la juventud no se respetan.\",\"breadcrumb\":{\"@id\":\"https:\/\/www.humanium.org\/es\/jordania\/#breadcrumb\"},\"inLanguage\":\"es\",\"potentialAction\":[{\"@type\":\"ReadAction\",\"target\":[\"https:\/\/www.humanium.org\/es\/jordania\/\"]}]},{\"@type\":\"ImageObject\",\"inLanguage\":\"es\",\"@id\":\"https:\/\/www.humanium.org\/es\/jordania\/#primaryimage\",\"url\":\"https:\/\/www.humanium.org\/fr\/wp-content\/uploads\/2011\/08\/fillette-xavi-talleda-flickr.jpg\",\"contentUrl\":\"https:\/\/www.humanium.org\/fr\/wp-content\/uploads\/2011\/08\/fillette-xavi-talleda-flickr.jpg\"},{\"@type\":\"BreadcrumbList\",\"@id\":\"https:\/\/www.humanium.org\/es\/jordania\/#breadcrumb\",\"itemListElement\":[{\"@type\":\"ListItem\",\"position\":1,\"name\":\"Home\",\"item\":\"https:\/\/www.humanium.org\/es\/\"},{\"@type\":\"ListItem\",\"position\":2,\"name\":\"Ni\u00f1os de Jordania\"}]},{\"@type\":\"WebSite\",\"@id\":\"https:\/\/www.humanium.org\/es\/#website\",\"url\":\"https:\/\/www.humanium.org\/es\/\",\"name\":\"Humanium\",\"description\":\"\u00a1Los ni\u00f1os primero!\",\"potentialAction\":[{\"@type\":\"SearchAction\",\"target\":{\"@type\":\"EntryPoint\",\"urlTemplate\":\"https:\/\/www.humanium.org\/es\/?s={search_term_string}\"},\"query-input\":{\"@type\":\"PropertyValueSpecification\",\"valueRequired\":true,\"valueName\":\"search_term_string\"}}],\"inLanguage\":\"es\"}]}<\/script>\n<!-- \/ Yoast SEO plugin. -->","yoast_head_json":{"title":"Ni\u00f1os de Jordania - Humanium","description":"En Jordania, a pesar de la ratificaci\u00f3n de la Convenci\u00f3n Internacional de los Derechos del Ni\u00f1o, ciertos derechos relativos a la juventud no se respetan.","robots":{"index":"index","follow":"follow","max-snippet":"max-snippet:-1","max-image-preview":"max-image-preview:large","max-video-preview":"max-video-preview:-1"},"canonical":"https:\/\/www.humanium.org\/es\/jordania\/","og_locale":"es_ES","og_type":"article","og_title":"Ni\u00f1os de Jordania - Humanium","og_description":"En Jordania, a pesar de la ratificaci\u00f3n de la Convenci\u00f3n Internacional de los Derechos del Ni\u00f1o, ciertos derechos relativos a la juventud no se respetan.","og_url":"https:\/\/www.humanium.org\/es\/jordania\/","og_site_name":"Humanium","article_modified_time":"2025-12-05T18:06:27+00:00","og_image":[{"width":1000,"height":576,"url":"https:\/\/www.humanium.org\/es\/wp-content\/uploads\/2019\/10\/shutterstock_210171145-1.jpg","type":"image\/jpeg"}],"twitter_card":"summary_large_image","twitter_misc":{"Tiempo de lectura":"5 minutos"},"schema":{"@context":"https:\/\/schema.org","@graph":[{"@type":"WebPage","@id":"https:\/\/www.humanium.org\/es\/jordania\/","url":"https:\/\/www.humanium.org\/es\/jordania\/","name":"Ni\u00f1os de Jordania - Humanium","isPartOf":{"@id":"https:\/\/www.humanium.org\/es\/#website"},"primaryImageOfPage":{"@id":"https:\/\/www.humanium.org\/es\/jordania\/#primaryimage"},"image":{"@id":"https:\/\/www.humanium.org\/es\/jordania\/#primaryimage"},"thumbnailUrl":"https:\/\/www.humanium.org\/fr\/wp-content\/uploads\/2011\/08\/fillette-xavi-talleda-flickr.jpg","datePublished":"2013-08-10T14:36:50+00:00","dateModified":"2025-12-05T18:06:27+00:00","description":"En Jordania, a pesar de la ratificaci\u00f3n de la Convenci\u00f3n Internacional de los Derechos del Ni\u00f1o, ciertos derechos relativos a la juventud no se respetan.","breadcrumb":{"@id":"https:\/\/www.humanium.org\/es\/jordania\/#breadcrumb"},"inLanguage":"es","potentialAction":[{"@type":"ReadAction","target":["https:\/\/www.humanium.org\/es\/jordania\/"]}]},{"@type":"ImageObject","inLanguage":"es","@id":"https:\/\/www.humanium.org\/es\/jordania\/#primaryimage","url":"https:\/\/www.humanium.org\/fr\/wp-content\/uploads\/2011\/08\/fillette-xavi-talleda-flickr.jpg","contentUrl":"https:\/\/www.humanium.org\/fr\/wp-content\/uploads\/2011\/08\/fillette-xavi-talleda-flickr.jpg"},{"@type":"BreadcrumbList","@id":"https:\/\/www.humanium.org\/es\/jordania\/#breadcrumb","itemListElement":[{"@type":"ListItem","position":1,"name":"Home","item":"https:\/\/www.humanium.org\/es\/"},{"@type":"ListItem","position":2,"name":"Ni\u00f1os de Jordania"}]},{"@type":"WebSite","@id":"https:\/\/www.humanium.org\/es\/#website","url":"https:\/\/www.humanium.org\/es\/","name":"Humanium","description":"\u00a1Los ni\u00f1os primero!","potentialAction":[{"@type":"SearchAction","target":{"@type":"EntryPoint","urlTemplate":"https:\/\/www.humanium.org\/es\/?s={search_term_string}"},"query-input":{"@type":"PropertyValueSpecification","valueRequired":true,"valueName":"search_term_string"}}],"inLanguage":"es"}]}},"_links":{"self":[{"href":"https:\/\/www.humanium.org\/es\/wp-json\/wp\/v2\/pages\/3425","targetHints":{"allow":["GET"]}}],"collection":[{"href":"https:\/\/www.humanium.org\/es\/wp-json\/wp\/v2\/pages"}],"about":[{"href":"https:\/\/www.humanium.org\/es\/wp-json\/wp\/v2\/types\/page"}],"author":[{"embeddable":true,"href":"https:\/\/www.humanium.org\/es\/wp-json\/wp\/v2\/users\/1"}],"replies":[{"embeddable":true,"href":"https:\/\/www.humanium.org\/es\/wp-json\/wp\/v2\/comments?post=3425"}],"version-history":[{"count":3,"href":"https:\/\/www.humanium.org\/es\/wp-json\/wp\/v2\/pages\/3425\/revisions"}],"predecessor-version":[{"id":20518,"href":"https:\/\/www.humanium.org\/es\/wp-json\/wp\/v2\/pages\/3425\/revisions\/20518"}],"wp:attachment":[{"href":"https:\/\/www.humanium.org\/es\/wp-json\/wp\/v2\/media?parent=3425"}],"curies":[{"name":"wp","href":"https:\/\/api.w.org\/{rel}","templated":true}]}}