{"id":343,"date":"2012-12-03T08:44:18","date_gmt":"2012-12-03T08:44:18","guid":{"rendered":"http:\/\/www.humanium.org\/es\/?page_id=343"},"modified":"2024-10-26T14:35:35","modified_gmt":"2024-10-26T14:35:35","slug":"practicas-culturales","status":"publish","type":"page","link":"https:\/\/www.humanium.org\/es\/enfoques-tematicos\/practicas-culturales\/","title":{"rendered":"Pr\u00e1cticas Culturales"},"content":{"rendered":"<h1>Pr\u00e1cticas Culturales<\/h1>\n<hr align=\"left\" size=\"4\" width=\"36%\" \/>\n<h2 style=\"margin-bottom: 10px;\"><a href=\"https:\/\/www.humanium.org\/es\/enfoques-tematicos\/practicas-culturales\/mutilacion-genital\/\"><img loading=\"lazy\" decoding=\"async\" class=\" wp-image-19196 alignleft\" src=\"https:\/\/www.humanium.org\/es\/wp-content\/uploads\/2024\/10\/Shutterstock_2095149223-1-300x300.jpg\" alt=\"\" width=\"152\" height=\"152\" srcset=\"https:\/\/www.humanium.org\/es\/wp-content\/uploads\/2024\/10\/Shutterstock_2095149223-1-300x300.jpg 300w, https:\/\/www.humanium.org\/es\/wp-content\/uploads\/2024\/10\/Shutterstock_2095149223-1-150x150.jpg 150w, https:\/\/www.humanium.org\/es\/wp-content\/uploads\/2024\/10\/Shutterstock_2095149223-1-768x768.jpg 768w, https:\/\/www.humanium.org\/es\/wp-content\/uploads\/2024\/10\/Shutterstock_2095149223-1-830x830.jpg 830w, https:\/\/www.humanium.org\/es\/wp-content\/uploads\/2024\/10\/Shutterstock_2095149223-1-230x230.jpg 230w, https:\/\/www.humanium.org\/es\/wp-content\/uploads\/2024\/10\/Shutterstock_2095149223-1-350x350.jpg 350w, https:\/\/www.humanium.org\/es\/wp-content\/uploads\/2024\/10\/Shutterstock_2095149223-1-480x480.jpg 480w, https:\/\/www.humanium.org\/es\/wp-content\/uploads\/2024\/10\/Shutterstock_2095149223-1.jpg 900w\" sizes=\"auto, (max-width: 152px) 100vw, 152px\" \/>Mutilaci\u00f3n genital femenina (MGF)<\/a><\/h2>\n<p>La MGF es una forma de violencia contra las ni\u00f1as y las mujeres, adem\u00e1s de una forma de abuso infantil que afecta hoy a aproximadamente 200 millones de ni\u00f1as y mujeres. La MGF se registra actualmente en 92 pa\u00edses de todo el mundo.<\/p>\n<hr \/>\n<h2 style=\"margin-bottom: 10px;\"><a href=\"https:\/\/www.humanium.org\/es\/enfoques-tematicos\/practicas-culturales\/matrimonio-infantil\/\"><img loading=\"lazy\" decoding=\"async\" class=\" wp-image-19086 alignleft\" src=\"https:\/\/www.humanium.org\/es\/wp-content\/uploads\/2024\/09\/Shutterstock_2095149343-300x300.jpg\" alt=\"\" width=\"148\" height=\"148\" srcset=\"https:\/\/www.humanium.org\/es\/wp-content\/uploads\/2024\/09\/Shutterstock_2095149343-300x300.jpg 300w, https:\/\/www.humanium.org\/es\/wp-content\/uploads\/2024\/09\/Shutterstock_2095149343-150x150.jpg 150w, https:\/\/www.humanium.org\/es\/wp-content\/uploads\/2024\/09\/Shutterstock_2095149343-768x768.jpg 768w, https:\/\/www.humanium.org\/es\/wp-content\/uploads\/2024\/09\/Shutterstock_2095149343-830x830.jpg 830w, https:\/\/www.humanium.org\/es\/wp-content\/uploads\/2024\/09\/Shutterstock_2095149343-230x230.jpg 230w, https:\/\/www.humanium.org\/es\/wp-content\/uploads\/2024\/09\/Shutterstock_2095149343-350x350.jpg 350w, https:\/\/www.humanium.org\/es\/wp-content\/uploads\/2024\/09\/Shutterstock_2095149343-480x480.jpg 480w, https:\/\/www.humanium.org\/es\/wp-content\/uploads\/2024\/09\/Shutterstock_2095149343.jpg 900w\" sizes=\"auto, (max-width: 148px) 100vw, 148px\" \/>Matrimonio infantil<\/a><\/h2>\n<p>El matrimonio infantil, oficialmente conocido como \u201cmatrimonio y uniones infantiles, tempranos y forzados\u201d (MUITF) es un t\u00e9rmino impulsado por una multitud de factores relacionados entre s\u00ed, y que, en su mayor\u00eda, est\u00e1n vinculados a normas y condiciones sociales m\u00e1s generales.<\/p>\n<hr \/>\n<h2 style=\"margin-bottom: 10px;\"><a href=\"https:\/\/www.humanium.org\/es\/enfoques-tematicos\/practicas-culturales\/religion\/\"><img loading=\"lazy\" decoding=\"async\" class=\" wp-image-19222 alignleft\" src=\"https:\/\/www.humanium.org\/es\/wp-content\/uploads\/2024\/10\/Shutterstock_1313369675-1-300x300.jpg\" alt=\"\" width=\"149\" height=\"149\" srcset=\"https:\/\/www.humanium.org\/es\/wp-content\/uploads\/2024\/10\/Shutterstock_1313369675-1-300x300.jpg 300w, https:\/\/www.humanium.org\/es\/wp-content\/uploads\/2024\/10\/Shutterstock_1313369675-1-150x150.jpg 150w, https:\/\/www.humanium.org\/es\/wp-content\/uploads\/2024\/10\/Shutterstock_1313369675-1-768x768.jpg 768w, https:\/\/www.humanium.org\/es\/wp-content\/uploads\/2024\/10\/Shutterstock_1313369675-1-830x830.jpg 830w, https:\/\/www.humanium.org\/es\/wp-content\/uploads\/2024\/10\/Shutterstock_1313369675-1-230x230.jpg 230w, https:\/\/www.humanium.org\/es\/wp-content\/uploads\/2024\/10\/Shutterstock_1313369675-1-350x350.jpg 350w, https:\/\/www.humanium.org\/es\/wp-content\/uploads\/2024\/10\/Shutterstock_1313369675-1-480x480.jpg 480w, https:\/\/www.humanium.org\/es\/wp-content\/uploads\/2024\/10\/Shutterstock_1313369675-1.jpg 900w\" sizes=\"auto, (max-width: 149px) 100vw, 149px\" \/>Ni\u00f1os y la religi\u00f3n<\/a><\/h2>\n<p>Estudios revelan que 2050 s\u00f3lo el 13% de la poblaci\u00f3n mundial no tendr\u00e1 religi\u00f3n. Esta estad\u00edstica refleja el importante papel que desempe\u00f1a la religi\u00f3n en la configuraci\u00f3n de nuestro mundo y nuestras vidas y, en consecuencia, su repercusi\u00f3n directa en los ni\u00f1os.<\/p>\n<hr \/>\n<h2 style=\"margin-bottom: 10px;\"><a href=\"https:\/\/www.humanium.org\/es\/enfoques-tematicos\/practicas-culturales\/infanticidio\/\"><img loading=\"lazy\" decoding=\"async\" class=\" wp-image-18965 alignleft\" src=\"https:\/\/www.humanium.org\/es\/wp-content\/uploads\/2024\/07\/Shutterstock_1659396958-1-300x300.jpg\" alt=\"\" width=\"150\" height=\"150\" srcset=\"https:\/\/www.humanium.org\/es\/wp-content\/uploads\/2024\/07\/Shutterstock_1659396958-1-300x300.jpg 300w, https:\/\/www.humanium.org\/es\/wp-content\/uploads\/2024\/07\/Shutterstock_1659396958-1-150x150.jpg 150w, https:\/\/www.humanium.org\/es\/wp-content\/uploads\/2024\/07\/Shutterstock_1659396958-1-768x768.jpg 768w, https:\/\/www.humanium.org\/es\/wp-content\/uploads\/2024\/07\/Shutterstock_1659396958-1-830x830.jpg 830w, https:\/\/www.humanium.org\/es\/wp-content\/uploads\/2024\/07\/Shutterstock_1659396958-1-230x230.jpg 230w, https:\/\/www.humanium.org\/es\/wp-content\/uploads\/2024\/07\/Shutterstock_1659396958-1-350x350.jpg 350w, https:\/\/www.humanium.org\/es\/wp-content\/uploads\/2024\/07\/Shutterstock_1659396958-1-480x480.jpg 480w, https:\/\/www.humanium.org\/es\/wp-content\/uploads\/2024\/07\/Shutterstock_1659396958-1.jpg 900w\" sizes=\"auto, (max-width: 150px) 100vw, 150px\" \/>Infanticidio<\/a><\/h2>\n<p>El infanticidio, el acto consciente de acabar con la vida de un ni\u00f1o muy peque\u00f1o, sigue siendo un problema preocupante en la sociedad. Aunque la frecuencia de esta pr\u00e1ctica ha disminuido con el paso del tiempo, sigue sirviendo para recordarnos la profunda violaci\u00f3n del derecho a la vida inherente del ni\u00f1o.<\/p>\n","protected":false},"excerpt":{"rendered":"<p>Pr\u00e1cticas Culturales Mutilaci\u00f3n genital femenina (MGF) La MGF es una forma de violencia contra las ni\u00f1as y las mujeres, adem\u00e1s de una forma de abuso infantil que afecta hoy a aproximadamente 200 millones de ni\u00f1as y mujeres. La MGF se registra actualmente en 92 pa\u00edses de todo el mundo. Matrimonio infantil El matrimonio infantil, oficialmente [&hellip;]<\/p>\n","protected":false},"author":1,"featured_media":0,"parent":283,"menu_order":0,"comment_status":"closed","ping_status":"closed","template":"","meta":{"footnotes":""},"class_list":["post-343","page","type-page","status-publish","hentry"],"yoast_head":"<!-- This site is optimized with the Yoast SEO plugin v26.5 - https:\/\/yoast.com\/wordpress\/plugins\/seo\/ -->\n<title>Pr\u00e1cticas Culturales - Humanium<\/title>\n<meta name=\"description\" content=\"Practicas culturales tales como: la mutilaci\u00f3n genital; el matrimonio infantil; los ni\u00f1os y la religi\u00f3n; el infanticidio.\" \/>\n<meta name=\"robots\" content=\"index, follow, max-snippet:-1, max-image-preview:large, max-video-preview:-1\" \/>\n<link rel=\"canonical\" href=\"https:\/\/www.humanium.org\/es\/enfoques-tematicos\/practicas-culturales\/\" \/>\n<meta property=\"og:locale\" content=\"es_ES\" \/>\n<meta property=\"og:type\" content=\"article\" \/>\n<meta property=\"og:title\" content=\"Pr\u00e1cticas Culturales - Humanium\" \/>\n<meta property=\"og:description\" content=\"Practicas culturales tales como: la mutilaci\u00f3n genital; el matrimonio infantil; los ni\u00f1os y la religi\u00f3n; el infanticidio.\" \/>\n<meta property=\"og:url\" content=\"https:\/\/www.humanium.org\/es\/enfoques-tematicos\/practicas-culturales\/\" \/>\n<meta property=\"og:site_name\" content=\"Humanium\" \/>\n<meta property=\"article:modified_time\" content=\"2024-10-26T14:35:35+00:00\" \/>\n<meta property=\"og:image\" content=\"https:\/\/www.humanium.org\/es\/wp-content\/uploads\/2024\/10\/Shutterstock_2095149223-1-300x300.jpg\" \/>\n<meta name=\"twitter:card\" content=\"summary_large_image\" \/>\n<meta name=\"twitter:label1\" content=\"Tiempo de lectura\" \/>\n\t<meta name=\"twitter:data1\" content=\"2 minutos\" \/>\n<script type=\"application\/ld+json\" class=\"yoast-schema-graph\">{\"@context\":\"https:\/\/schema.org\",\"@graph\":[{\"@type\":\"WebPage\",\"@id\":\"https:\/\/www.humanium.org\/es\/enfoques-tematicos\/practicas-culturales\/\",\"url\":\"https:\/\/www.humanium.org\/es\/enfoques-tematicos\/practicas-culturales\/\",\"name\":\"Pr\u00e1cticas Culturales - Humanium\",\"isPartOf\":{\"@id\":\"https:\/\/www.humanium.org\/es\/#website\"},\"primaryImageOfPage\":{\"@id\":\"https:\/\/www.humanium.org\/es\/enfoques-tematicos\/practicas-culturales\/#primaryimage\"},\"image\":{\"@id\":\"https:\/\/www.humanium.org\/es\/enfoques-tematicos\/practicas-culturales\/#primaryimage\"},\"thumbnailUrl\":\"https:\/\/www.humanium.org\/es\/wp-content\/uploads\/2024\/10\/Shutterstock_2095149223-1-300x300.jpg\",\"datePublished\":\"2012-12-03T08:44:18+00:00\",\"dateModified\":\"2024-10-26T14:35:35+00:00\",\"description\":\"Practicas culturales tales como: la mutilaci\u00f3n genital; el matrimonio infantil; los ni\u00f1os y la religi\u00f3n; el infanticidio.\",\"breadcrumb\":{\"@id\":\"https:\/\/www.humanium.org\/es\/enfoques-tematicos\/practicas-culturales\/#breadcrumb\"},\"inLanguage\":\"es\",\"potentialAction\":[{\"@type\":\"ReadAction\",\"target\":[\"https:\/\/www.humanium.org\/es\/enfoques-tematicos\/practicas-culturales\/\"]}]},{\"@type\":\"ImageObject\",\"inLanguage\":\"es\",\"@id\":\"https:\/\/www.humanium.org\/es\/enfoques-tematicos\/practicas-culturales\/#primaryimage\",\"url\":\"https:\/\/www.humanium.org\/es\/wp-content\/uploads\/2024\/10\/Shutterstock_2095149223-1.jpg\",\"contentUrl\":\"https:\/\/www.humanium.org\/es\/wp-content\/uploads\/2024\/10\/Shutterstock_2095149223-1.jpg\",\"width\":900,\"height\":900},{\"@type\":\"BreadcrumbList\",\"@id\":\"https:\/\/www.humanium.org\/es\/enfoques-tematicos\/practicas-culturales\/#breadcrumb\",\"itemListElement\":[{\"@type\":\"ListItem\",\"position\":1,\"name\":\"Home\",\"item\":\"https:\/\/www.humanium.org\/es\/\"},{\"@type\":\"ListItem\",\"position\":2,\"name\":\"Enfoques tem\u00e1ticos\",\"item\":\"https:\/\/www.humanium.org\/es\/enfoques-tematicos\/\"},{\"@type\":\"ListItem\",\"position\":3,\"name\":\"Pr\u00e1cticas Culturales\"}]},{\"@type\":\"WebSite\",\"@id\":\"https:\/\/www.humanium.org\/es\/#website\",\"url\":\"https:\/\/www.humanium.org\/es\/\",\"name\":\"Humanium\",\"description\":\"\u00a1Los ni\u00f1os primero!\",\"potentialAction\":[{\"@type\":\"SearchAction\",\"target\":{\"@type\":\"EntryPoint\",\"urlTemplate\":\"https:\/\/www.humanium.org\/es\/?s={search_term_string}\"},\"query-input\":{\"@type\":\"PropertyValueSpecification\",\"valueRequired\":true,\"valueName\":\"search_term_string\"}}],\"inLanguage\":\"es\"}]}<\/script>\n<!-- \/ Yoast SEO plugin. -->","yoast_head_json":{"title":"Pr\u00e1cticas Culturales - Humanium","description":"Practicas culturales tales como: la mutilaci\u00f3n genital; el matrimonio infantil; los ni\u00f1os y la religi\u00f3n; el infanticidio.","robots":{"index":"index","follow":"follow","max-snippet":"max-snippet:-1","max-image-preview":"max-image-preview:large","max-video-preview":"max-video-preview:-1"},"canonical":"https:\/\/www.humanium.org\/es\/enfoques-tematicos\/practicas-culturales\/","og_locale":"es_ES","og_type":"article","og_title":"Pr\u00e1cticas Culturales - Humanium","og_description":"Practicas culturales tales como: la mutilaci\u00f3n genital; el matrimonio infantil; los ni\u00f1os y la religi\u00f3n; el infanticidio.","og_url":"https:\/\/www.humanium.org\/es\/enfoques-tematicos\/practicas-culturales\/","og_site_name":"Humanium","article_modified_time":"2024-10-26T14:35:35+00:00","og_image":[{"url":"https:\/\/www.humanium.org\/es\/wp-content\/uploads\/2024\/10\/Shutterstock_2095149223-1-300x300.jpg","type":"","width":"","height":""}],"twitter_card":"summary_large_image","twitter_misc":{"Tiempo de lectura":"2 minutos"},"schema":{"@context":"https:\/\/schema.org","@graph":[{"@type":"WebPage","@id":"https:\/\/www.humanium.org\/es\/enfoques-tematicos\/practicas-culturales\/","url":"https:\/\/www.humanium.org\/es\/enfoques-tematicos\/practicas-culturales\/","name":"Pr\u00e1cticas Culturales - Humanium","isPartOf":{"@id":"https:\/\/www.humanium.org\/es\/#website"},"primaryImageOfPage":{"@id":"https:\/\/www.humanium.org\/es\/enfoques-tematicos\/practicas-culturales\/#primaryimage"},"image":{"@id":"https:\/\/www.humanium.org\/es\/enfoques-tematicos\/practicas-culturales\/#primaryimage"},"thumbnailUrl":"https:\/\/www.humanium.org\/es\/wp-content\/uploads\/2024\/10\/Shutterstock_2095149223-1-300x300.jpg","datePublished":"2012-12-03T08:44:18+00:00","dateModified":"2024-10-26T14:35:35+00:00","description":"Practicas culturales tales como: la mutilaci\u00f3n genital; el matrimonio infantil; los ni\u00f1os y la religi\u00f3n; el infanticidio.","breadcrumb":{"@id":"https:\/\/www.humanium.org\/es\/enfoques-tematicos\/practicas-culturales\/#breadcrumb"},"inLanguage":"es","potentialAction":[{"@type":"ReadAction","target":["https:\/\/www.humanium.org\/es\/enfoques-tematicos\/practicas-culturales\/"]}]},{"@type":"ImageObject","inLanguage":"es","@id":"https:\/\/www.humanium.org\/es\/enfoques-tematicos\/practicas-culturales\/#primaryimage","url":"https:\/\/www.humanium.org\/es\/wp-content\/uploads\/2024\/10\/Shutterstock_2095149223-1.jpg","contentUrl":"https:\/\/www.humanium.org\/es\/wp-content\/uploads\/2024\/10\/Shutterstock_2095149223-1.jpg","width":900,"height":900},{"@type":"BreadcrumbList","@id":"https:\/\/www.humanium.org\/es\/enfoques-tematicos\/practicas-culturales\/#breadcrumb","itemListElement":[{"@type":"ListItem","position":1,"name":"Home","item":"https:\/\/www.humanium.org\/es\/"},{"@type":"ListItem","position":2,"name":"Enfoques tem\u00e1ticos","item":"https:\/\/www.humanium.org\/es\/enfoques-tematicos\/"},{"@type":"ListItem","position":3,"name":"Pr\u00e1cticas Culturales"}]},{"@type":"WebSite","@id":"https:\/\/www.humanium.org\/es\/#website","url":"https:\/\/www.humanium.org\/es\/","name":"Humanium","description":"\u00a1Los ni\u00f1os primero!","potentialAction":[{"@type":"SearchAction","target":{"@type":"EntryPoint","urlTemplate":"https:\/\/www.humanium.org\/es\/?s={search_term_string}"},"query-input":{"@type":"PropertyValueSpecification","valueRequired":true,"valueName":"search_term_string"}}],"inLanguage":"es"}]}},"_links":{"self":[{"href":"https:\/\/www.humanium.org\/es\/wp-json\/wp\/v2\/pages\/343","targetHints":{"allow":["GET"]}}],"collection":[{"href":"https:\/\/www.humanium.org\/es\/wp-json\/wp\/v2\/pages"}],"about":[{"href":"https:\/\/www.humanium.org\/es\/wp-json\/wp\/v2\/types\/page"}],"author":[{"embeddable":true,"href":"https:\/\/www.humanium.org\/es\/wp-json\/wp\/v2\/users\/1"}],"replies":[{"embeddable":true,"href":"https:\/\/www.humanium.org\/es\/wp-json\/wp\/v2\/comments?post=343"}],"version-history":[{"count":11,"href":"https:\/\/www.humanium.org\/es\/wp-json\/wp\/v2\/pages\/343\/revisions"}],"predecessor-version":[{"id":19224,"href":"https:\/\/www.humanium.org\/es\/wp-json\/wp\/v2\/pages\/343\/revisions\/19224"}],"up":[{"embeddable":true,"href":"https:\/\/www.humanium.org\/es\/wp-json\/wp\/v2\/pages\/283"}],"wp:attachment":[{"href":"https:\/\/www.humanium.org\/es\/wp-json\/wp\/v2\/media?parent=343"}],"curies":[{"name":"wp","href":"https:\/\/api.w.org\/{rel}","templated":true}]}}