{"id":346,"date":"2012-12-03T08:48:34","date_gmt":"2012-12-03T08:48:34","guid":{"rendered":"http:\/\/www.humanium.org\/es\/?page_id=346"},"modified":"2024-12-21T15:07:42","modified_gmt":"2024-12-21T15:07:42","slug":"salud","status":"publish","type":"page","link":"https:\/\/www.humanium.org\/es\/enfoques-tematicos\/salud\/","title":{"rendered":"Salud"},"content":{"rendered":"\n<h1 class=\"wp-block-heading\">Salud<\/h1>\n\n\n\n<hr class=\"wp-block-separator has-alpha-channel-opacity\"\/>\n\n\n<div class=\"wp-block-image\">\n<figure class=\"alignleft size-full is-resized\"><img loading=\"lazy\" decoding=\"async\" width=\"900\" height=\"900\" src=\"https:\/\/www.humanium.org\/es\/wp-content\/uploads\/2024\/08\/Shutterstock_2416028877-1.jpg\" alt=\"\" class=\"wp-image-19068\" style=\"width:150px;height:auto\" srcset=\"https:\/\/www.humanium.org\/es\/wp-content\/uploads\/2024\/08\/Shutterstock_2416028877-1.jpg 900w, https:\/\/www.humanium.org\/es\/wp-content\/uploads\/2024\/08\/Shutterstock_2416028877-1-300x300.jpg 300w, https:\/\/www.humanium.org\/es\/wp-content\/uploads\/2024\/08\/Shutterstock_2416028877-1-150x150.jpg 150w, https:\/\/www.humanium.org\/es\/wp-content\/uploads\/2024\/08\/Shutterstock_2416028877-1-768x768.jpg 768w, https:\/\/www.humanium.org\/es\/wp-content\/uploads\/2024\/08\/Shutterstock_2416028877-1-830x830.jpg 830w, https:\/\/www.humanium.org\/es\/wp-content\/uploads\/2024\/08\/Shutterstock_2416028877-1-230x230.jpg 230w, https:\/\/www.humanium.org\/es\/wp-content\/uploads\/2024\/08\/Shutterstock_2416028877-1-350x350.jpg 350w, https:\/\/www.humanium.org\/es\/wp-content\/uploads\/2024\/08\/Shutterstock_2416028877-1-480x480.jpg 480w\" sizes=\"auto, (max-width: 900px) 100vw, 900px\" \/><\/figure>\n<\/div>\n\n\n<h2 class=\"wp-block-heading\"><a href=\"https:\/\/www.humanium.org\/es\/enfoques-tematicos\/salud\/mortalidad-infantil\/\">Mortalidad infantil<\/a><\/h2>\n\n\n\n<p>Gracias a algunos esfuerzos notables por garantizar la supervivencia infantil sostenible, el mundo ha reconocido y avanzado hacia el pleno disfrute del derecho a la vida de todo ni\u00f1o.<\/p>\n\n\n\n<hr class=\"wp-block-separator has-alpha-channel-opacity\"\/>\n\n\n<div class=\"wp-block-image\">\n<figure class=\"alignleft size-full is-resized\"><img loading=\"lazy\" decoding=\"async\" width=\"900\" height=\"900\" src=\"https:\/\/www.humanium.org\/es\/wp-content\/uploads\/2024\/11\/Shutterstock_758190052-1.jpg\" alt=\"\" class=\"wp-image-19245\" style=\"width:150px;height:auto\" srcset=\"https:\/\/www.humanium.org\/es\/wp-content\/uploads\/2024\/11\/Shutterstock_758190052-1.jpg 900w, https:\/\/www.humanium.org\/es\/wp-content\/uploads\/2024\/11\/Shutterstock_758190052-1-300x300.jpg 300w, https:\/\/www.humanium.org\/es\/wp-content\/uploads\/2024\/11\/Shutterstock_758190052-1-150x150.jpg 150w, https:\/\/www.humanium.org\/es\/wp-content\/uploads\/2024\/11\/Shutterstock_758190052-1-768x768.jpg 768w, https:\/\/www.humanium.org\/es\/wp-content\/uploads\/2024\/11\/Shutterstock_758190052-1-830x830.jpg 830w, https:\/\/www.humanium.org\/es\/wp-content\/uploads\/2024\/11\/Shutterstock_758190052-1-230x230.jpg 230w, https:\/\/www.humanium.org\/es\/wp-content\/uploads\/2024\/11\/Shutterstock_758190052-1-350x350.jpg 350w, https:\/\/www.humanium.org\/es\/wp-content\/uploads\/2024\/11\/Shutterstock_758190052-1-480x480.jpg 480w\" sizes=\"auto, (max-width: 900px) 100vw, 900px\" \/><\/figure>\n<\/div>\n\n\n<h2 class=\"wp-block-heading\"><a href=\"https:\/\/www.humanium.org\/es\/enfoques-tematicos\/salud\/ninos-sida\/\">Ni\u00f1os con VIH\/SIDA<\/a><\/h2>\n\n\n\n<p>El virus de inmunodeficiencia humana (VIH) y su etapa m\u00e1s grave, el s\u00edndrome de inmunodeficiencia adquirida (SIDA), afectan a 39 millones de personas en todo el mundo. De este grupo de personas afectadas, 2,58 millones son ni\u00f1os menores de 19 a\u00f1os.<\/p>\n\n\n\n<hr class=\"wp-block-separator has-alpha-channel-opacity\"\/>\n\n\n<div class=\"wp-block-image\">\n<figure class=\"alignleft size-full is-resized\"><img loading=\"lazy\" decoding=\"async\" width=\"900\" height=\"900\" src=\"https:\/\/www.humanium.org\/es\/wp-content\/uploads\/2024\/11\/Shutterstock_662071522-1.jpg\" alt=\"\" class=\"wp-image-19299\" style=\"width:150px;height:auto\" srcset=\"https:\/\/www.humanium.org\/es\/wp-content\/uploads\/2024\/11\/Shutterstock_662071522-1.jpg 900w, https:\/\/www.humanium.org\/es\/wp-content\/uploads\/2024\/11\/Shutterstock_662071522-1-300x300.jpg 300w, https:\/\/www.humanium.org\/es\/wp-content\/uploads\/2024\/11\/Shutterstock_662071522-1-150x150.jpg 150w, https:\/\/www.humanium.org\/es\/wp-content\/uploads\/2024\/11\/Shutterstock_662071522-1-768x768.jpg 768w, https:\/\/www.humanium.org\/es\/wp-content\/uploads\/2024\/11\/Shutterstock_662071522-1-830x830.jpg 830w, https:\/\/www.humanium.org\/es\/wp-content\/uploads\/2024\/11\/Shutterstock_662071522-1-230x230.jpg 230w, https:\/\/www.humanium.org\/es\/wp-content\/uploads\/2024\/11\/Shutterstock_662071522-1-350x350.jpg 350w, https:\/\/www.humanium.org\/es\/wp-content\/uploads\/2024\/11\/Shutterstock_662071522-1-480x480.jpg 480w\" sizes=\"auto, (max-width: 900px) 100vw, 900px\" \/><\/figure>\n<\/div>\n\n\n<h2 class=\"wp-block-heading\"><a href=\"https:\/\/www.humanium.org\/es\/enfoques-tematicos\/salud\/suicidio-infantil\/\">El suicidio en ni\u00f1os<\/a><\/h2>\n\n\n\n<p>Las tensiones sociales y econ\u00f3micas, los trastornos de salud f\u00edsica y mental, los abusos, los traumas familiares, los estudios y la orientaci\u00f3n sexual son algunos de los factores que llevan a ni\u00f1os a tener pensamientos suicidas.<\/p>\n\n\n\n<hr class=\"wp-block-separator has-alpha-channel-opacity\"\/>\n\n\n<div class=\"wp-block-image\">\n<figure class=\"alignleft size-full is-resized\"><img loading=\"lazy\" decoding=\"async\" width=\"900\" height=\"900\" src=\"https:\/\/www.humanium.org\/es\/wp-content\/uploads\/2024\/12\/Shutterstock_2059338980-2.jpg\" alt=\"\" class=\"wp-image-19340\" style=\"width:150px;height:auto\" srcset=\"https:\/\/www.humanium.org\/es\/wp-content\/uploads\/2024\/12\/Shutterstock_2059338980-2.jpg 900w, https:\/\/www.humanium.org\/es\/wp-content\/uploads\/2024\/12\/Shutterstock_2059338980-2-300x300.jpg 300w, https:\/\/www.humanium.org\/es\/wp-content\/uploads\/2024\/12\/Shutterstock_2059338980-2-150x150.jpg 150w, https:\/\/www.humanium.org\/es\/wp-content\/uploads\/2024\/12\/Shutterstock_2059338980-2-768x768.jpg 768w, https:\/\/www.humanium.org\/es\/wp-content\/uploads\/2024\/12\/Shutterstock_2059338980-2-830x830.jpg 830w, https:\/\/www.humanium.org\/es\/wp-content\/uploads\/2024\/12\/Shutterstock_2059338980-2-230x230.jpg 230w, https:\/\/www.humanium.org\/es\/wp-content\/uploads\/2024\/12\/Shutterstock_2059338980-2-350x350.jpg 350w, https:\/\/www.humanium.org\/es\/wp-content\/uploads\/2024\/12\/Shutterstock_2059338980-2-480x480.jpg 480w\" sizes=\"auto, (max-width: 900px) 100vw, 900px\" \/><\/figure>\n<\/div>\n\n\n<h2 class=\"wp-block-heading\"><a href=\"https:\/\/www.humanium.org\/es\/la-sexualidad-de-los-adolescentes\/\">Sexualidad en la adolescencia<\/a><\/h2>\n\n\n\n<p>Explorar y expresar la propia sexualidad es una parte natural del desarrollo humano, especialmente durante la adolescencia. Esta parte involucra cambios f\u00edsicos, hormonales, y psicol\u00f3gicos que moldean a los individuos.<\/p>\n\n\n\n<hr class=\"wp-block-separator has-alpha-channel-opacity\"\/>\n\n\n\n<div class=\"wp-block-columns is-layout-flex wp-container-core-columns-is-layout-9d6595d7 wp-block-columns-is-layout-flex\">\n<div class=\"wp-block-column is-layout-flow wp-block-column-is-layout-flow\" style=\"flex-basis:100%\"><div class=\"wp-block-image\">\n<figure class=\"alignleft size-full is-resized\"><img loading=\"lazy\" decoding=\"async\" width=\"900\" height=\"900\" src=\"https:\/\/www.humanium.org\/es\/wp-content\/uploads\/2024\/10\/Small-image.jpg\" alt=\"\" class=\"wp-image-19171\" style=\"width:147px;height:auto\" srcset=\"https:\/\/www.humanium.org\/es\/wp-content\/uploads\/2024\/10\/Small-image.jpg 900w, https:\/\/www.humanium.org\/es\/wp-content\/uploads\/2024\/10\/Small-image-300x300.jpg 300w, https:\/\/www.humanium.org\/es\/wp-content\/uploads\/2024\/10\/Small-image-150x150.jpg 150w, https:\/\/www.humanium.org\/es\/wp-content\/uploads\/2024\/10\/Small-image-768x768.jpg 768w, https:\/\/www.humanium.org\/es\/wp-content\/uploads\/2024\/10\/Small-image-830x830.jpg 830w, https:\/\/www.humanium.org\/es\/wp-content\/uploads\/2024\/10\/Small-image-230x230.jpg 230w, https:\/\/www.humanium.org\/es\/wp-content\/uploads\/2024\/10\/Small-image-350x350.jpg 350w, https:\/\/www.humanium.org\/es\/wp-content\/uploads\/2024\/10\/Small-image-480x480.jpg 480w\" sizes=\"auto, (max-width: 900px) 100vw, 900px\" \/><\/figure>\n<\/div>\n\n\n<h2 class=\"wp-block-heading\" id=\"block-ec6820b6-7143-448c-ba2f-c56288b9f89e\"><a href=\"https:\/\/www.humanium.org\/es\/la-infancia-y-la-dependencia-drogas-alcohol\/\" target=\"_blank\" rel=\"noreferrer noopener\">Los ni\u00f1os y las adicciones<\/a><\/h2>\n\n\n\n<p>El abuso de sustancias en los ni\u00f1os es un problema prevalente y multifac\u00e9tico que en algunos casos depende de factores gen\u00e9ticos o del entorno familiar, pero que generalmente inicia con la exposici\u00f3n a drogas y alcohol durante la adolescencia.<\/p>\n\n\n\n<hr class=\"wp-block-separator has-alpha-channel-opacity\"\/>\n\n\n<div class=\"wp-block-image\">\n<figure class=\"alignleft size-full is-resized\"><img loading=\"lazy\" decoding=\"async\" width=\"900\" height=\"900\" src=\"https:\/\/www.humanium.org\/es\/wp-content\/uploads\/2024\/12\/Shutterstock_2012367962-1.jpg\" alt=\"\" class=\"wp-image-19362\" style=\"width:147px;height:auto\" srcset=\"https:\/\/www.humanium.org\/es\/wp-content\/uploads\/2024\/12\/Shutterstock_2012367962-1.jpg 900w, https:\/\/www.humanium.org\/es\/wp-content\/uploads\/2024\/12\/Shutterstock_2012367962-1-300x300.jpg 300w, https:\/\/www.humanium.org\/es\/wp-content\/uploads\/2024\/12\/Shutterstock_2012367962-1-150x150.jpg 150w, https:\/\/www.humanium.org\/es\/wp-content\/uploads\/2024\/12\/Shutterstock_2012367962-1-768x768.jpg 768w, https:\/\/www.humanium.org\/es\/wp-content\/uploads\/2024\/12\/Shutterstock_2012367962-1-830x830.jpg 830w, https:\/\/www.humanium.org\/es\/wp-content\/uploads\/2024\/12\/Shutterstock_2012367962-1-230x230.jpg 230w, https:\/\/www.humanium.org\/es\/wp-content\/uploads\/2024\/12\/Shutterstock_2012367962-1-350x350.jpg 350w, https:\/\/www.humanium.org\/es\/wp-content\/uploads\/2024\/12\/Shutterstock_2012367962-1-480x480.jpg 480w\" sizes=\"auto, (max-width: 900px) 100vw, 900px\" \/><\/figure>\n<\/div>\n\n\n<h2 class=\"wp-block-heading\" id=\"block-ec6820b6-7143-448c-ba2f-c56288b9f89e\"><a href=\"https:\/\/www.humanium.org\/es\/enfoques-tematicos\/salud\/ninos-enfermos\/\">Enfermedades infantiles<\/a><\/h2>\n\n\n\n<p>Adem\u00e1s del acceso limitado a la sanidad, factores como la desnutrici\u00f3n, la falta de vacunaci\u00f3n y h\u00e1bitos de higiene inadecuados contribuyen al aumento de enfermedades y de la tasa de mortalidad entre los ni\u00f1os.<\/p>\n<\/div>\n<\/div>\n\n\n\n<hr class=\"wp-block-separator has-alpha-channel-opacity\"\/>\n\n\n<div class=\"wp-block-image\">\n<figure class=\"alignleft size-full is-resized\"><img loading=\"lazy\" decoding=\"async\" width=\"1024\" height=\"683\" src=\"https:\/\/www.humanium.org\/es\/wp-content\/uploads\/2024\/02\/shutterstock_232819528-1024x683-1.jpg\" alt=\"\" class=\"wp-image-18535\" style=\"aspect-ratio:1;object-fit:cover;width:148px;height:auto\" srcset=\"https:\/\/www.humanium.org\/es\/wp-content\/uploads\/2024\/02\/shutterstock_232819528-1024x683-1.jpg 1024w, https:\/\/www.humanium.org\/es\/wp-content\/uploads\/2024\/02\/shutterstock_232819528-1024x683-1-300x200.jpg 300w, https:\/\/www.humanium.org\/es\/wp-content\/uploads\/2024\/02\/shutterstock_232819528-1024x683-1-768x512.jpg 768w, https:\/\/www.humanium.org\/es\/wp-content\/uploads\/2024\/02\/shutterstock_232819528-1024x683-1-830x554.jpg 830w, https:\/\/www.humanium.org\/es\/wp-content\/uploads\/2024\/02\/shutterstock_232819528-1024x683-1-230x153.jpg 230w, https:\/\/www.humanium.org\/es\/wp-content\/uploads\/2024\/02\/shutterstock_232819528-1024x683-1-350x233.jpg 350w, https:\/\/www.humanium.org\/es\/wp-content\/uploads\/2024\/02\/shutterstock_232819528-1024x683-1-480x320.jpg 480w, https:\/\/www.humanium.org\/es\/wp-content\/uploads\/2024\/02\/shutterstock_232819528-1024x683-1-272x182.jpg 272w\" sizes=\"auto, (max-width: 1024px) 100vw, 1024px\" \/><\/figure>\n<\/div>\n\n\n<h2 class=\"wp-block-heading\"><a href=\"https:\/\/www.humanium.org\/es\/tept-en-ninos-y-adolescentes\/?fbclid=IwAR2NF-CQTHxB_ZmhHPnABHIkdGqvuI70sl7hw-9tpVG_OwjuUXdwNr0puWg\">TEPT en ni\u00f1os y adolescentes<\/a><\/h2>\n\n\n\n<p>El trastorno de estr\u00e9s postraum\u00e1tico infantil (TEPT) a menudo aparece cuando un ni\u00f1o ha vivido o presenciado una situaci\u00f3n altamente estresante. Esto puede derivar en un gran sufrimiento emocional y f\u00edsico, pues pueden revivir la situaci\u00f3n traum\u00e1tica y sufrir pesadillas y alteraciones del sue\u00f1o.<\/p>\n","protected":false},"excerpt":{"rendered":"<p>Salud Mortalidad infantil Gracias a algunos esfuerzos notables por garantizar la supervivencia infantil sostenible, el mundo ha reconocido y avanzado hacia el pleno disfrute del derecho a la vida de todo ni\u00f1o. Ni\u00f1os con VIH\/SIDA El virus de inmunodeficiencia humana (VIH) y su etapa m\u00e1s grave, el s\u00edndrome de inmunodeficiencia adquirida (SIDA), afectan a 39 [&hellip;]<\/p>\n","protected":false},"author":1,"featured_media":0,"parent":283,"menu_order":0,"comment_status":"closed","ping_status":"closed","template":"","meta":{"footnotes":""},"class_list":["post-346","page","type-page","status-publish","hentry"],"yoast_head":"<!-- This site is optimized with the Yoast SEO plugin v26.5 - https:\/\/yoast.com\/wordpress\/plugins\/seo\/ -->\n<title>Salud - Humanium<\/title>\n<meta name=\"description\" content=\"Numerosas enfermedades atacan a los ni\u00f1os, por ello abordaremos temas como: la mortalidad infantil; los ni\u00f1os y el SIDA; suicidio infantil; ni\u00f1os enfermos.\" \/>\n<meta name=\"robots\" content=\"index, follow, max-snippet:-1, max-image-preview:large, max-video-preview:-1\" \/>\n<link rel=\"canonical\" href=\"https:\/\/www.humanium.org\/es\/enfoques-tematicos\/salud\/\" \/>\n<meta property=\"og:locale\" content=\"es_ES\" \/>\n<meta property=\"og:type\" content=\"article\" \/>\n<meta property=\"og:title\" content=\"Salud - Humanium\" \/>\n<meta property=\"og:description\" content=\"Numerosas enfermedades atacan a los ni\u00f1os, por ello abordaremos temas como: la mortalidad infantil; los ni\u00f1os y el SIDA; suicidio infantil; ni\u00f1os enfermos.\" \/>\n<meta property=\"og:url\" content=\"https:\/\/www.humanium.org\/es\/enfoques-tematicos\/salud\/\" \/>\n<meta property=\"og:site_name\" content=\"Humanium\" \/>\n<meta property=\"article:modified_time\" content=\"2024-12-21T15:07:42+00:00\" \/>\n<meta property=\"og:image\" content=\"https:\/\/www.humanium.org\/es\/wp-content\/uploads\/2024\/08\/Shutterstock_2416028877-1.jpg\" \/>\n<meta name=\"twitter:card\" content=\"summary_large_image\" \/>\n<meta name=\"twitter:label1\" content=\"Tiempo de lectura\" \/>\n\t<meta name=\"twitter:data1\" content=\"3 minutos\" \/>\n<script type=\"application\/ld+json\" class=\"yoast-schema-graph\">{\"@context\":\"https:\/\/schema.org\",\"@graph\":[{\"@type\":\"WebPage\",\"@id\":\"https:\/\/www.humanium.org\/es\/enfoques-tematicos\/salud\/\",\"url\":\"https:\/\/www.humanium.org\/es\/enfoques-tematicos\/salud\/\",\"name\":\"Salud - Humanium\",\"isPartOf\":{\"@id\":\"https:\/\/www.humanium.org\/es\/#website\"},\"primaryImageOfPage\":{\"@id\":\"https:\/\/www.humanium.org\/es\/enfoques-tematicos\/salud\/#primaryimage\"},\"image\":{\"@id\":\"https:\/\/www.humanium.org\/es\/enfoques-tematicos\/salud\/#primaryimage\"},\"thumbnailUrl\":\"https:\/\/www.humanium.org\/es\/wp-content\/uploads\/2024\/08\/Shutterstock_2416028877-1.jpg\",\"datePublished\":\"2012-12-03T08:48:34+00:00\",\"dateModified\":\"2024-12-21T15:07:42+00:00\",\"description\":\"Numerosas enfermedades atacan a los ni\u00f1os, por ello abordaremos temas como: la mortalidad infantil; los ni\u00f1os y el SIDA; suicidio infantil; ni\u00f1os enfermos.\",\"breadcrumb\":{\"@id\":\"https:\/\/www.humanium.org\/es\/enfoques-tematicos\/salud\/#breadcrumb\"},\"inLanguage\":\"es\",\"potentialAction\":[{\"@type\":\"ReadAction\",\"target\":[\"https:\/\/www.humanium.org\/es\/enfoques-tematicos\/salud\/\"]}]},{\"@type\":\"ImageObject\",\"inLanguage\":\"es\",\"@id\":\"https:\/\/www.humanium.org\/es\/enfoques-tematicos\/salud\/#primaryimage\",\"url\":\"https:\/\/www.humanium.org\/es\/wp-content\/uploads\/2024\/08\/Shutterstock_2416028877-1.jpg\",\"contentUrl\":\"https:\/\/www.humanium.org\/es\/wp-content\/uploads\/2024\/08\/Shutterstock_2416028877-1.jpg\",\"width\":900,\"height\":900},{\"@type\":\"BreadcrumbList\",\"@id\":\"https:\/\/www.humanium.org\/es\/enfoques-tematicos\/salud\/#breadcrumb\",\"itemListElement\":[{\"@type\":\"ListItem\",\"position\":1,\"name\":\"Home\",\"item\":\"https:\/\/www.humanium.org\/es\/\"},{\"@type\":\"ListItem\",\"position\":2,\"name\":\"Enfoques tem\u00e1ticos\",\"item\":\"https:\/\/www.humanium.org\/es\/enfoques-tematicos\/\"},{\"@type\":\"ListItem\",\"position\":3,\"name\":\"Salud\"}]},{\"@type\":\"WebSite\",\"@id\":\"https:\/\/www.humanium.org\/es\/#website\",\"url\":\"https:\/\/www.humanium.org\/es\/\",\"name\":\"Humanium\",\"description\":\"\u00a1Los ni\u00f1os primero!\",\"potentialAction\":[{\"@type\":\"SearchAction\",\"target\":{\"@type\":\"EntryPoint\",\"urlTemplate\":\"https:\/\/www.humanium.org\/es\/?s={search_term_string}\"},\"query-input\":{\"@type\":\"PropertyValueSpecification\",\"valueRequired\":true,\"valueName\":\"search_term_string\"}}],\"inLanguage\":\"es\"}]}<\/script>\n<!-- \/ Yoast SEO plugin. -->","yoast_head_json":{"title":"Salud - Humanium","description":"Numerosas enfermedades atacan a los ni\u00f1os, por ello abordaremos temas como: la mortalidad infantil; los ni\u00f1os y el SIDA; suicidio infantil; ni\u00f1os enfermos.","robots":{"index":"index","follow":"follow","max-snippet":"max-snippet:-1","max-image-preview":"max-image-preview:large","max-video-preview":"max-video-preview:-1"},"canonical":"https:\/\/www.humanium.org\/es\/enfoques-tematicos\/salud\/","og_locale":"es_ES","og_type":"article","og_title":"Salud - Humanium","og_description":"Numerosas enfermedades atacan a los ni\u00f1os, por ello abordaremos temas como: la mortalidad infantil; los ni\u00f1os y el SIDA; suicidio infantil; ni\u00f1os enfermos.","og_url":"https:\/\/www.humanium.org\/es\/enfoques-tematicos\/salud\/","og_site_name":"Humanium","article_modified_time":"2024-12-21T15:07:42+00:00","og_image":[{"url":"https:\/\/www.humanium.org\/es\/wp-content\/uploads\/2024\/08\/Shutterstock_2416028877-1.jpg","type":"","width":"","height":""}],"twitter_card":"summary_large_image","twitter_misc":{"Tiempo de lectura":"3 minutos"},"schema":{"@context":"https:\/\/schema.org","@graph":[{"@type":"WebPage","@id":"https:\/\/www.humanium.org\/es\/enfoques-tematicos\/salud\/","url":"https:\/\/www.humanium.org\/es\/enfoques-tematicos\/salud\/","name":"Salud - Humanium","isPartOf":{"@id":"https:\/\/www.humanium.org\/es\/#website"},"primaryImageOfPage":{"@id":"https:\/\/www.humanium.org\/es\/enfoques-tematicos\/salud\/#primaryimage"},"image":{"@id":"https:\/\/www.humanium.org\/es\/enfoques-tematicos\/salud\/#primaryimage"},"thumbnailUrl":"https:\/\/www.humanium.org\/es\/wp-content\/uploads\/2024\/08\/Shutterstock_2416028877-1.jpg","datePublished":"2012-12-03T08:48:34+00:00","dateModified":"2024-12-21T15:07:42+00:00","description":"Numerosas enfermedades atacan a los ni\u00f1os, por ello abordaremos temas como: la mortalidad infantil; los ni\u00f1os y el SIDA; suicidio infantil; ni\u00f1os enfermos.","breadcrumb":{"@id":"https:\/\/www.humanium.org\/es\/enfoques-tematicos\/salud\/#breadcrumb"},"inLanguage":"es","potentialAction":[{"@type":"ReadAction","target":["https:\/\/www.humanium.org\/es\/enfoques-tematicos\/salud\/"]}]},{"@type":"ImageObject","inLanguage":"es","@id":"https:\/\/www.humanium.org\/es\/enfoques-tematicos\/salud\/#primaryimage","url":"https:\/\/www.humanium.org\/es\/wp-content\/uploads\/2024\/08\/Shutterstock_2416028877-1.jpg","contentUrl":"https:\/\/www.humanium.org\/es\/wp-content\/uploads\/2024\/08\/Shutterstock_2416028877-1.jpg","width":900,"height":900},{"@type":"BreadcrumbList","@id":"https:\/\/www.humanium.org\/es\/enfoques-tematicos\/salud\/#breadcrumb","itemListElement":[{"@type":"ListItem","position":1,"name":"Home","item":"https:\/\/www.humanium.org\/es\/"},{"@type":"ListItem","position":2,"name":"Enfoques tem\u00e1ticos","item":"https:\/\/www.humanium.org\/es\/enfoques-tematicos\/"},{"@type":"ListItem","position":3,"name":"Salud"}]},{"@type":"WebSite","@id":"https:\/\/www.humanium.org\/es\/#website","url":"https:\/\/www.humanium.org\/es\/","name":"Humanium","description":"\u00a1Los ni\u00f1os primero!","potentialAction":[{"@type":"SearchAction","target":{"@type":"EntryPoint","urlTemplate":"https:\/\/www.humanium.org\/es\/?s={search_term_string}"},"query-input":{"@type":"PropertyValueSpecification","valueRequired":true,"valueName":"search_term_string"}}],"inLanguage":"es"}]}},"_links":{"self":[{"href":"https:\/\/www.humanium.org\/es\/wp-json\/wp\/v2\/pages\/346","targetHints":{"allow":["GET"]}}],"collection":[{"href":"https:\/\/www.humanium.org\/es\/wp-json\/wp\/v2\/pages"}],"about":[{"href":"https:\/\/www.humanium.org\/es\/wp-json\/wp\/v2\/types\/page"}],"author":[{"embeddable":true,"href":"https:\/\/www.humanium.org\/es\/wp-json\/wp\/v2\/users\/1"}],"replies":[{"embeddable":true,"href":"https:\/\/www.humanium.org\/es\/wp-json\/wp\/v2\/comments?post=346"}],"version-history":[{"count":25,"href":"https:\/\/www.humanium.org\/es\/wp-json\/wp\/v2\/pages\/346\/revisions"}],"predecessor-version":[{"id":19363,"href":"https:\/\/www.humanium.org\/es\/wp-json\/wp\/v2\/pages\/346\/revisions\/19363"}],"up":[{"embeddable":true,"href":"https:\/\/www.humanium.org\/es\/wp-json\/wp\/v2\/pages\/283"}],"wp:attachment":[{"href":"https:\/\/www.humanium.org\/es\/wp-json\/wp\/v2\/media?parent=346"}],"curies":[{"name":"wp","href":"https:\/\/api.w.org\/{rel}","templated":true}]}}