{"id":3463,"date":"2013-08-12T09:07:12","date_gmt":"2013-08-12T09:07:12","guid":{"rendered":"http:\/\/www.humanium.org\/es\/?page_id=3463"},"modified":"2025-12-05T18:13:08","modified_gmt":"2025-12-05T18:13:08","slug":"grecia","status":"publish","type":"page","link":"https:\/\/www.humanium.org\/es\/grecia\/","title":{"rendered":"Ni\u00f1os de Grecia"},"content":{"rendered":"<h1>Ni\u00f1os de Grecia<\/h1>\n<h2>Descubriendo los derechos infantiles en Grecia<\/h2>\n<p style=\"text-align: center;\"><img loading=\"lazy\" decoding=\"async\" class=\"alignnone size-thumbnail wp-image-18866\" title=\"Ni\u00f1a griega \u00a9 Greekadman\" src=\"https:\/\/www.humanium.org\/fr\/wp-content\/uploads\/2012\/02\/fillette-grecque-\u00a9-greekadman-150x150.jpg\" alt=\"\" width=\"150\" height=\"150\" \/> <img loading=\"lazy\" decoding=\"async\" class=\"alignnone size-thumbnail wp-image-18868\" title=\"Ni\u00f1o griego \u00a9 Greekadman\" src=\"https:\/\/www.humanium.org\/fr\/wp-content\/uploads\/2012\/02\/garcon-grec\u00a9greekadman-150x150.jpg\" alt=\"\" width=\"150\" height=\"150\" \/><\/p>\n<p>Desde el inicio de la crisis, los griegos, y especialmente los ni\u00f1os, han sufrido un empeoramiento de sus condiciones de vida. Se enfrentan a dificultades cada vez mayores (como el abandono), debido a los crecientes niveles de pobreza. Los ni\u00f1os pertenecientes a minor\u00edas \u00e9tnicas son objeto de discriminaci\u00f3n y v\u00edctimas del tr\u00e1fico humano con motivos sexuales o comerciales. Por un pa\u00eds miembro de la Uni\u00f3n Europea, la situaci\u00f3n actual de los ni\u00f1os griegos es muy preocupante.<\/p>\n<h3>Principales problemas que afectan a los ni\u00f1os en Grecia<\/h3>\n<p><strong><strong><img loading=\"lazy\" decoding=\"async\" class=\"alignright size-thumbnail wp-image-18873\" title=\"En Grecia, las familias no tienen todos los recursos para proporcionar juguetes para sus hijos \u00a9 Greekadman (flickr)\" src=\"https:\/\/www.humanium.org\/fr\/wp-content\/uploads\/2012\/02\/pauvrete-\u00a9-greekadman-150x150.jpg\" alt=\"\" width=\"150\" height=\"150\" \/>Pobreza<\/strong><\/strong><\/p>\n<p>La crisis financiera en Grecia est\u00e1 derivando progresivamente en crisis social, con un incremento en los niveles de <a href=\"https:\/\/www.humanium.org\/es\/pobreza-infantil\/\">pobreza<\/a> del pa\u00eds.<\/p>\n<p>Comparado con otros pa\u00edses de la UE, el n\u00famero de ni\u00f1os que viven en el nivel de la pobreza es alto. En 2007, el 9,7% de los ni\u00f1os menores de 18 a\u00f1os viv\u00edan en familias con ingresos un 40% inferiores que la media nacional.<\/p>\n<p>Lo que es m\u00e1s grave, el 19,7% de los ni\u00f1os viven en familias que no pueden cubrir sus necesidades b\u00e1sicas.<\/p>\n<p>Un estudio de 2008 subray\u00f3 el hecho de que la <a href=\"https:\/\/www.humanium.org\/es\/pobreza-infantil\/\">pobreza<\/a> afectaba principalmente a los hijos de padres desempleados, con falta de <a href=\"https:\/\/www.humanium.org\/es\/derecho-educacion\/\">educaci\u00f3n<\/a> o pertenecientes en familias numerosas.<\/p>\n<p><strong><a href=\"https:\/\/www.humanium.org\/es\/derecho-educacion\/\">Derecho a la educaci\u00f3n<\/a><\/strong><\/p>\n<p><strong><img loading=\"lazy\" decoding=\"async\" class=\"alignright size-thumbnail wp-image-18874\" title=\"En Grecia, la escuela es obligatoria desde los 6 a 15 a\u00f1os \u00a9 Teacher dude's BBQ (flickr)\" src=\"https:\/\/www.humanium.org\/fr\/wp-content\/uploads\/2012\/02\/education-\u00a9-teacherdudesbbq-150x150.jpg\" alt=\"\" width=\"150\" height=\"150\" \/><\/strong>En Grecia, la educaci\u00f3n p\u00fablica es gratuita desde la educaci\u00f3n primaria hasta la universidad. Es obligatoria entre los 6 y los 15 a\u00f1os.<\/p>\n<p>La existencia de muchas minor\u00edas \u00e9tnicas, significa que existen \u00abescuelas interculturales\u00bb para ni\u00f1os pertenecientes a estas minor\u00edas, bien por ser inmigrantes o porque proceden de parejas mixtas. El objetivo<br \/>\nde estas escuelas es incrementar la conciencia entre los estudiantes de su propia cultura y valores, con consecuentemente, introducirlos al conjunto de tradiciones presentes en la sociedad griega.<\/p>\n<p>La idea es de facilitar la integraci\u00f3n de los ni\u00f1os inmigrantes en el mismo tiempo que se preserva la lengua y la cultura de sus padres. Desafortunadamente, en la vida real, su principal misi\u00f3n parece ser ense\u00f1ar la lengua y la cultura griegas.<\/p>\n<p><strong>Derecho a la salud<\/strong><\/p>\n<p>Cualquier persona que viva en Grecia tiene <a href=\"https:\/\/www.humanium.org\/es\/derecho-salud\/\">derecho a la atenci\u00f3n sanitaria<\/a>, para est\u00e0 misma ocasi\u00f3n su estatus de residentelo permite muy facilmente.<\/p>\n<p><strong><img loading=\"lazy\" decoding=\"async\" class=\"alignright wp-image-18875\" title=\"El acceso a la atenci\u00f3n m\u00e9dica es cada vez m\u00e1s dif\u00edcil \u00a9 Greekadman (flickr)\" src=\"https:\/\/www.humanium.org\/fr\/wp-content\/uploads\/2012\/02\/sante-\u00a9-greekadman-150x150.jpg\" alt=\"\" width=\"150\" height=\"150\" \/><\/strong>Sin embargo, el sector <a href=\"https:\/\/www.humanium.org\/es\/derecho-salud\/\">sanitario<\/a> se ha visto especialmente castigado por la crisis. Los pacientes deben pagar una tasa de 5\u20ac por cada visita en hospital. Los m\u00e9dicos suelen pedir a sus pacientes que compren sus propias escayolas, agujas y vendas ya que los hospitales ya no tienen existencias.<\/p>\n<p>Seg\u00fan M\u00e9dicos del Mundo, la situaci\u00f3n est\u00e1 empeorando. Esta organizaci\u00f3n ha empezado a distribuir productos nutricionales enriquecidos a algunos ni\u00f1os; las familias m\u00e1s vulnerables no pueden hacer frente a la situaci\u00f3n. Hay gente que est\u00e1 yendo directamente a las sedes de las ONGs para realizarse revisiones m\u00e9dicas gratis y la situaci\u00f3n es cada vez m\u00e1s dif\u00edcil de manejar.<\/p>\n<p><strong><a href=\"https:\/\/www.humanium.org\/es\/ninos-sida\/\">SIDA<\/a><\/strong><\/p>\n<p>Seg\u00fan el Centro Hel\u00e9nico de Control y Prevenci\u00f3n de Enfermedades (una organizaci\u00f3n sanitaria financiada por el Ministerio de Sanidad), el n\u00famero de ni\u00f1os con <a href=\"https:\/\/www.humanium.org\/es\/ninos-sida\/\">SIDA<\/a> es bajo. Sin embargo, se han diagnosticado transmisiones de madre a hijo como consecuencia de deficiencias en el control de las mujeres embarazadas.<\/p>\n<p>Ahora se llevan a cabo tests sistem\u00e1ticos de SIDA en mujeres embarazadas para prevenir su transmisi\u00f3n de madre a hijo.<\/p>\n<p><strong><a href=\"https:\/\/www.humanium.org\/es\/abuso-infantil\/\">Abuso infantil<\/a><\/strong><\/p>\n<h4><em>Maltrato f\u00edsico<\/em><\/h4>\n<p>No hay estad\u00edsticas nacionales sobre el <a href=\"https:\/\/www.humanium.org\/es\/abuso-infantil\/\">abuso infantil<\/a> en Grecia, principalmente porque las autoridades no est\u00e1n obligadas a informar de los casos.<\/p>\n<p><img loading=\"lazy\" decoding=\"async\" class=\"alignright size-thumbnail wp-image-18876\" title=\"En Grecia, la tasa de maltrato infantil es alta \u00a9 South Worth Sailor (flickr)\" src=\"https:\/\/www.humanium.org\/fr\/wp-content\/uploads\/2012\/02\/maltraitance-\u00a9-southworthsailor-150x150.jpg\" alt=\"\" width=\"150\" height=\"150\" \/>Sin embargo, la ley griega prohibe la <a href=\"https:\/\/www.humanium.org\/es\/abuso-infantil\/\">violencia<\/a> hacia los ni\u00f1os en la escuela y en casa. Aun as\u00ed, esto no evita que el 60% de los padres griegos inflijan <a href=\"https:\/\/www.humanium.org\/es\/abuso-infantil\/\">castigos corporales<\/a>a sus hijos. A los ojos de la ley, el uso de castigos corporales como un procedimiento disciplinario constituye un abuso de la autoridad paterna y los acusados de ello deben ir a prisi\u00f3n.<\/p>\n<p>Se han puesto en marcha programas de prevenci\u00f3n, as\u00ed como programas para las v\u00edctimas de <a href=\"https:\/\/www.humanium.org\/es\/abuso-infantil\/\">abuso<\/a>para mejorar la situaci\u00f3n.<\/p>\n<h4><em>Abuso sexual<\/em><\/h4>\n<p>En Grecia, algunos ni\u00f1os tambi\u00e9n son v\u00edctimas de <a href=\"https:\/\/www.humanium.org\/es\/explotacion-sexual-infantil\/\">abusos sexuales<\/a>, lo que puede incluir abusos de su propia familia. Esta situaci\u00f3n es especialmente alarmante porque Grecia ha decidido recientemente considerar la pedofilia como una discapacidad.<\/p>\n<p><strong>Trabajo infantil<\/strong><\/p>\n<p>La constituci\u00f3n griega prohibe de forma general el <a href=\"https:\/\/www.humanium.org\/es\/trabajo-infantil\/\">trabajo infantil<\/a>. No obstante, la edad laboral m\u00ednima es de 15 a\u00f1os, o de 12 si se trabaja en un negocio familiar.<\/p>\n<p>Muchos ni\u00f1os son <a href=\"https:\/\/www.humanium.org\/es\/trabajo-infantil\/\">forzados a trabajar<\/a> para ayudar a sustentar a sus familias, incluso algunos padres env\u00edan a los ni\u00f1os a pedir limosna en las calles. En Grecia, desgraciadamente, estas actividades no son castigables por la ley a pesar de la ratificaci\u00f3n griega de la Convenci\u00f3n sobre Peores Pr\u00e1cticas de Trabajo Infantil.<\/p>\n<p>El gobierno y muchas ONGs creen que la mayor\u00eda de los ni\u00f1os que piden en las calles son rumanos o albanos v\u00edctimas del tr\u00e1fico humano.<\/p>\n<p><strong><a href=\"https:\/\/www.humanium.org\/fr\/wp-content\/uploads\/2012\/02\/trafic-enfants-\u00a9-xamogelo.jpg\"><img loading=\"lazy\" decoding=\"async\" class=\"alignright wp-image-18881\" title=\"La trata de ni\u00f1os es muy com\u00fan en Grecia y es que los ni\u00f1os de las minor\u00edas que son m\u00e1s a menudo el tema \u00a9 Xamogelo (flickr)\" src=\"https:\/\/www.humanium.org\/fr\/wp-content\/uploads\/2012\/02\/trafic-enfants-\u00a9-xamogelo-150x150.jpg\" alt=\"\" width=\"150\" height=\"150\" \/><\/a><a href=\"https:\/\/www.humanium.org\/es\/trata-ninos\/\">Tr\u00e1fico infantil<\/a><\/strong><\/p>\n<p>Grecia se ha convertido en un pa\u00eds de tr\u00e1nsito, as\u00ed como un destino para un gran n\u00famero de inmigrantes, lo que ha llevado a un incremento sustancial de todo tipo de <a href=\"https:\/\/www.humanium.org\/es\/trata-ninos\/\">tr\u00e1fico,<\/a> como <a href=\"https:\/\/www.humanium.org\/es\/prostitucion-infantil\/\/\">prostituci\u00f3n<\/a> y <a href=\"https:\/\/www.humanium.org\/es\/explotacion-sexual-infantil\/\">pornograf\u00eda infantil<\/a>.<\/p>\n<h4><em>Tr\u00e1fico infantil con fines comerciales<\/em><\/h4>\n<p>En Grecia, la mayor\u00eda <a href=\"https:\/\/www.humanium.org\/es\/ninos-calle\/\">ni\u00f1os de la calle<\/a> han sido objeto de <a href=\"https:\/\/www.humanium.org\/es\/trata-ninos\/\">trata<\/a>. Muchos de ellos provienen de la comunidad gitana o de Albania.<\/p>\n<p>Estos ni\u00f1os no van al colegio y ocupan sus d\u00edas en las calles, restaurantes y hoteles, pidiendo, robando, limpiando parabrisas o vendiendo baratijas con la esperanza de ganar dinero para los traficantes que los trajeron a Grecia.<\/p>\n<p>Los traficantes se dieron cuenta r\u00e1pidamente que importar ni\u00f1os era f\u00e1cil y rentable. Actualmente, el <a href=\"https:\/\/www.humanium.org\/es\/trata-ninos\/\">tr\u00e1fico de ni\u00f1os<\/a>\u00a0para fines comerciales ha ido en aumento.<\/p>\n<p>Peor a\u00fan, algunos padres venden a sus hijos o los alquilan a los traficantes a cambio de un pago mensual.<\/p>\n<h4>Tr\u00e1fico infantil para la explotaci\u00f3n sexual<\/h4>\n<p>Muchas j\u00f3venes son v\u00edctimas del <a href=\"https:\/\/www.humanium.org\/es\/trata-ninos\/\">tr\u00e1fico<\/a> \u00e0 des <a href=\"https:\/\/www.humanium.org\/es\/explotacion-sexual-infantil\/\">sexual<\/a>. Muchas j\u00f3venes son v\u00edctimas del tr\u00e1fico sexual. Recientemente, mujeres inmigrantes ilegales son <a href=\"https:\/\/www.humanium.org\/es\/trabajo-infantil\/\">forzadas a ejercer<\/a> como <a href=\"https:\/\/www.humanium.org\/es\/prostitucion-infantil\/\">prostitutas<\/a> o son amenazadas de denuncia ante las autoridades para ser deportadas.<\/p>\n<p><strong><a href=\"https:\/\/www.humanium.org\/es\/ninos-desplazados\/\">Ni\u00f1os desplazados<\/a><\/strong><\/p>\n<p>Grecia es un polo migratorio por su posici\u00f3n geogr\u00e1fica. Por lo tanto, cada a\u00f1o es testigo de la llegada de muchos nuevos inmigrantes, incluyendo ni\u00f1os que, en su mayor parte, escapan de sus pa\u00edses en busca de una vida mejor.<\/p>\n<h4><em>Menores no acompa\u00f1ados<\/em><\/h4>\n<p>Un gran n\u00famero de <a href=\"https:\/\/www.humanium.org\/es\/ninos-desplazados\/\">menores no acompa\u00f1ados<\/a>, de pa\u00edses como Albania, Bulgaria, Kazakhstan, etc., se encuentran en Grecia.<\/p>\n<h4><em>Ni\u00f1os detenidos<\/em><\/h4>\n<h4><img loading=\"lazy\" decoding=\"async\" class=\"alignright\" title=\"Un gran n\u00famero de menores no acompa\u00f1ados se celebr\u00f3 en Grecia en condiciones muy inhumanas \u00a9 Greekadman\" src=\"https:\/\/www.humanium.org\/fr\/wp-content\/uploads\/2012\/02\/abandon-\u00a9-greekadman-150x150.jpg\" alt=\"\" width=\"150\" height=\"150\" \/><\/h4>\n<p>Estos ni\u00f1os son detenidos frecuentemente en condiciones inhumanas. En Grecia, los centros de detenci\u00f3n est\u00e1n masificados, las mujeres y los ni\u00f1os se api\u00f1an en las mismas celdas que los hombres. Las condiciones higi\u00e9nicas son igualmente deplorables, hasta el punto de que ponen en peligro la <a href=\"https:\/\/www.humanium.org\/es\/derecho-salud\/\">la salud<\/a> de los detenidos.<\/p>\n<p>En Diciembre de 2010, 120 menores inmigrantes no acompa\u00f1ados estaban entre los 450 detenidos en el Centro de detenci\u00f3n de Fylakio-Kyprinou, seg\u00fan Human Rights Watch. Hab\u00edan estado semanas, o incluso<br \/>\nmeses, en el centro, junto con adultos con los que compart\u00edan incluso sus colchones.<\/p>\n<p>Aunque se supone que Grecia protege a los menores, y s\u00f3lo los detiene como \u00faltimo recurso, demasiados ni\u00f1os son privados de libertad en condiciones horrendas. Esto se produce a pesar de la obligaci\u00f3n legal de las autoridades de tratar de forma humana a cualquier persona en suelo griego, independientemente de su status legal.<\/p>\n<p><strong><a href=\"https:\/\/www.humanium.org\/fr\/orphelins\/\">Ni\u00f1os abandonados<\/a><\/strong><\/p>\n<p>Como consecuencia de la actual crisis, los casos de <a href=\"https:\/\/www.humanium.org\/es\/ninos-huerfanos\/\">ni\u00f1os abandonados<\/a> se han incrementado mucho en los \u00faltimos meses.<\/p>\n<p>Muchos adultos han perdido sus empleos y se han sentido incapaces financieramente de cuidar de sus hijos. Algunos padres los dejan en el colegio y nunca los vienen a recoger; otros, los acompa\u00f1an a centros originalmente destinados al cuidado de <a href=\"https:\/\/www.humanium.org\/es\/abuso-infantil\/\">ni\u00f1os maltratadoss<\/a>.<\/p>\n<p>Actualmente, aproximadamente la mitad de las solicitudes de admisi\u00f3n provienen de padres muy <a href=\"https:\/\/www.humanium.org\/es\/pobreza-infantil\/\">pobres<\/a> que prefieren renunciar a sus hijos que verlos como indigentes.<\/p>\n<p><strong>Ni\u00f1os pertenecientes a minor\u00edas<\/strong><\/p>\n<p><strong><img loading=\"lazy\" decoding=\"async\" class=\"alignright size-thumbnail wp-image-18879\" title=\"Ni\u00f1os de las minor\u00edas que viven en Grecia son a menudo discriminados \u00a9 Chris John Beckett (flickr)\" src=\"https:\/\/www.humanium.org\/fr\/wp-content\/uploads\/2012\/02\/minorites-\u00a9-chrisjohnbeckett-150x150.jpg\" alt=\"\" width=\"150\" height=\"150\" \/><\/strong>La poblaci\u00f3n de Grecia tiene numerosas minor\u00edas \u00e9tnicas turcos, rumanos, b\u00falgaros, armenios, albanos y macedonios.<\/p>\n<p>Los ni\u00f1os de las minor\u00edas a menudo son objeto de <a href=\"https:\/\/www.humanium.org\/es\/no-discriminacion\/\">discriminaci\u00f3n<\/a>. En Grecia, los rumanos se enfrentan a una serie de dificultades en relaci\u00f3n al empleo, a los servicios p\u00fablicos, la<a href=\"https:\/\/www.humanium.org\/es\/derecho-educacion\/\">educaci\u00f3n<\/a> y el acceso a la vivienda.<\/p>\n<p>M\u00e1s a\u00fan, la comunicaci\u00f3n de la informaci\u00f3n sobre contraceptivos y pr\u00e1cticas <a href=\"https:\/\/www.humanium.org\/es\/derecho-salud\/\">saludables<\/a> suele ser complicada para los ni\u00f1os de las minor\u00edas. Los padres de estos ni\u00f1os tambi\u00e9n tienen problemas\u00a0con el registro de nacimientos, \u00a0lo que significa, muchas veces, que muchos ni\u00f1os <a href=\"https:\/\/www.humanium.org\/es\/derecho-identidad\/\">no cuentan con certificados o partidas de nacimiento<\/a>.<\/p>\n","protected":false},"excerpt":{"rendered":"<p>Ni\u00f1os de Grecia Descubriendo los derechos infantiles en Grecia Desde el inicio de la crisis, los griegos, y especialmente los ni\u00f1os, han sufrido un empeoramiento de sus condiciones de vida. Se enfrentan a dificultades cada vez mayores (como el abandono), debido a los crecientes niveles de pobreza. Los ni\u00f1os pertenecientes a minor\u00edas \u00e9tnicas son objeto [&hellip;]<\/p>\n","protected":false},"author":1,"featured_media":0,"parent":0,"menu_order":0,"comment_status":"closed","ping_status":"open","template":"","meta":{"footnotes":""},"class_list":["post-3463","page","type-page","status-publish","hentry"],"yoast_head":"<!-- This site is optimized with the Yoast SEO plugin v26.5 - https:\/\/yoast.com\/wordpress\/plugins\/seo\/ -->\n<title>Ni\u00f1os de Grecia - Humanium<\/title>\n<meta name=\"description\" content=\"Los ni\u00f1os griegos pertenecientes a minor\u00edas \u00e9tnicas son objeto de discriminaci\u00f3n y v\u00edctimas del tr\u00e1fico humano con motivos sexuales o comerciales.\" \/>\n<meta name=\"robots\" content=\"index, follow, max-snippet:-1, max-image-preview:large, max-video-preview:-1\" \/>\n<link rel=\"canonical\" href=\"https:\/\/www.humanium.org\/es\/grecia\/\" \/>\n<meta property=\"og:locale\" content=\"es_ES\" \/>\n<meta property=\"og:type\" content=\"article\" \/>\n<meta property=\"og:title\" content=\"Ni\u00f1os de Grecia - Humanium\" \/>\n<meta property=\"og:description\" content=\"Los ni\u00f1os griegos pertenecientes a minor\u00edas \u00e9tnicas son objeto de discriminaci\u00f3n y v\u00edctimas del tr\u00e1fico humano con motivos sexuales o comerciales.\" \/>\n<meta property=\"og:url\" content=\"https:\/\/www.humanium.org\/es\/grecia\/\" \/>\n<meta property=\"og:site_name\" content=\"Humanium\" \/>\n<meta property=\"article:modified_time\" content=\"2025-12-05T18:13:08+00:00\" \/>\n<meta name=\"twitter:card\" content=\"summary_large_image\" \/>\n<meta name=\"twitter:label1\" content=\"Tiempo de lectura\" \/>\n\t<meta name=\"twitter:data1\" content=\"9 minutos\" \/>\n<script type=\"application\/ld+json\" class=\"yoast-schema-graph\">{\"@context\":\"https:\/\/schema.org\",\"@graph\":[{\"@type\":\"WebPage\",\"@id\":\"https:\/\/www.humanium.org\/es\/grecia\/\",\"url\":\"https:\/\/www.humanium.org\/es\/grecia\/\",\"name\":\"Ni\u00f1os de Grecia - Humanium\",\"isPartOf\":{\"@id\":\"https:\/\/www.humanium.org\/es\/#website\"},\"datePublished\":\"2013-08-12T09:07:12+00:00\",\"dateModified\":\"2025-12-05T18:13:08+00:00\",\"description\":\"Los ni\u00f1os griegos pertenecientes a minor\u00edas \u00e9tnicas son objeto de discriminaci\u00f3n y v\u00edctimas del tr\u00e1fico humano con motivos sexuales o comerciales.\",\"breadcrumb\":{\"@id\":\"https:\/\/www.humanium.org\/es\/grecia\/#breadcrumb\"},\"inLanguage\":\"es\",\"potentialAction\":[{\"@type\":\"ReadAction\",\"target\":[\"https:\/\/www.humanium.org\/es\/grecia\/\"]}]},{\"@type\":\"BreadcrumbList\",\"@id\":\"https:\/\/www.humanium.org\/es\/grecia\/#breadcrumb\",\"itemListElement\":[{\"@type\":\"ListItem\",\"position\":1,\"name\":\"Home\",\"item\":\"https:\/\/www.humanium.org\/es\/\"},{\"@type\":\"ListItem\",\"position\":2,\"name\":\"Ni\u00f1os de Grecia\"}]},{\"@type\":\"WebSite\",\"@id\":\"https:\/\/www.humanium.org\/es\/#website\",\"url\":\"https:\/\/www.humanium.org\/es\/\",\"name\":\"Humanium\",\"description\":\"\u00a1Los ni\u00f1os primero!\",\"potentialAction\":[{\"@type\":\"SearchAction\",\"target\":{\"@type\":\"EntryPoint\",\"urlTemplate\":\"https:\/\/www.humanium.org\/es\/?s={search_term_string}\"},\"query-input\":{\"@type\":\"PropertyValueSpecification\",\"valueRequired\":true,\"valueName\":\"search_term_string\"}}],\"inLanguage\":\"es\"}]}<\/script>\n<!-- \/ Yoast SEO plugin. -->","yoast_head_json":{"title":"Ni\u00f1os de Grecia - Humanium","description":"Los ni\u00f1os griegos pertenecientes a minor\u00edas \u00e9tnicas son objeto de discriminaci\u00f3n y v\u00edctimas del tr\u00e1fico humano con motivos sexuales o comerciales.","robots":{"index":"index","follow":"follow","max-snippet":"max-snippet:-1","max-image-preview":"max-image-preview:large","max-video-preview":"max-video-preview:-1"},"canonical":"https:\/\/www.humanium.org\/es\/grecia\/","og_locale":"es_ES","og_type":"article","og_title":"Ni\u00f1os de Grecia - Humanium","og_description":"Los ni\u00f1os griegos pertenecientes a minor\u00edas \u00e9tnicas son objeto de discriminaci\u00f3n y v\u00edctimas del tr\u00e1fico humano con motivos sexuales o comerciales.","og_url":"https:\/\/www.humanium.org\/es\/grecia\/","og_site_name":"Humanium","article_modified_time":"2025-12-05T18:13:08+00:00","twitter_card":"summary_large_image","twitter_misc":{"Tiempo de lectura":"9 minutos"},"schema":{"@context":"https:\/\/schema.org","@graph":[{"@type":"WebPage","@id":"https:\/\/www.humanium.org\/es\/grecia\/","url":"https:\/\/www.humanium.org\/es\/grecia\/","name":"Ni\u00f1os de Grecia - Humanium","isPartOf":{"@id":"https:\/\/www.humanium.org\/es\/#website"},"datePublished":"2013-08-12T09:07:12+00:00","dateModified":"2025-12-05T18:13:08+00:00","description":"Los ni\u00f1os griegos pertenecientes a minor\u00edas \u00e9tnicas son objeto de discriminaci\u00f3n y v\u00edctimas del tr\u00e1fico humano con motivos sexuales o comerciales.","breadcrumb":{"@id":"https:\/\/www.humanium.org\/es\/grecia\/#breadcrumb"},"inLanguage":"es","potentialAction":[{"@type":"ReadAction","target":["https:\/\/www.humanium.org\/es\/grecia\/"]}]},{"@type":"BreadcrumbList","@id":"https:\/\/www.humanium.org\/es\/grecia\/#breadcrumb","itemListElement":[{"@type":"ListItem","position":1,"name":"Home","item":"https:\/\/www.humanium.org\/es\/"},{"@type":"ListItem","position":2,"name":"Ni\u00f1os de Grecia"}]},{"@type":"WebSite","@id":"https:\/\/www.humanium.org\/es\/#website","url":"https:\/\/www.humanium.org\/es\/","name":"Humanium","description":"\u00a1Los ni\u00f1os primero!","potentialAction":[{"@type":"SearchAction","target":{"@type":"EntryPoint","urlTemplate":"https:\/\/www.humanium.org\/es\/?s={search_term_string}"},"query-input":{"@type":"PropertyValueSpecification","valueRequired":true,"valueName":"search_term_string"}}],"inLanguage":"es"}]}},"_links":{"self":[{"href":"https:\/\/www.humanium.org\/es\/wp-json\/wp\/v2\/pages\/3463","targetHints":{"allow":["GET"]}}],"collection":[{"href":"https:\/\/www.humanium.org\/es\/wp-json\/wp\/v2\/pages"}],"about":[{"href":"https:\/\/www.humanium.org\/es\/wp-json\/wp\/v2\/types\/page"}],"author":[{"embeddable":true,"href":"https:\/\/www.humanium.org\/es\/wp-json\/wp\/v2\/users\/1"}],"replies":[{"embeddable":true,"href":"https:\/\/www.humanium.org\/es\/wp-json\/wp\/v2\/comments?post=3463"}],"version-history":[{"count":4,"href":"https:\/\/www.humanium.org\/es\/wp-json\/wp\/v2\/pages\/3463\/revisions"}],"predecessor-version":[{"id":20720,"href":"https:\/\/www.humanium.org\/es\/wp-json\/wp\/v2\/pages\/3463\/revisions\/20720"}],"wp:attachment":[{"href":"https:\/\/www.humanium.org\/es\/wp-json\/wp\/v2\/media?parent=3463"}],"curies":[{"name":"wp","href":"https:\/\/api.w.org\/{rel}","templated":true}]}}