{"id":3486,"date":"2013-08-12T10:36:53","date_gmt":"2013-08-12T10:36:53","guid":{"rendered":"http:\/\/www.humanium.org\/es\/?page_id=3486"},"modified":"2025-12-05T17:44:30","modified_gmt":"2025-12-05T17:44:30","slug":"indonesia","status":"publish","type":"page","link":"https:\/\/www.humanium.org\/es\/indonesia\/","title":{"rendered":"Ni\u00f1os de Indonesia"},"content":{"rendered":"<h1>Ni\u00f1os de Indonesia<\/h1>\n<h2>Descubriendo los Derechos del Ni\u00f1o en Indonesia<\/h2>\n<p style=\"text-align: center;\"><img loading=\"lazy\" decoding=\"async\" class=\"alignnone size-full wp-image-13668\" title=\"Ni\u00f1a de Indonesia \u00a9 Clifb (flickr)\" src=\"https:\/\/www.humanium.org\/fr\/wp-content\/uploads\/2011\/08\/fillette-clifb-flickr.jpg\" alt=\"\" width=\"122\" height=\"200\" \/>\u00a0 <img loading=\"lazy\" decoding=\"async\" class=\"alignnone size-full wp-image-13672\" title=\"Ni\u00f1o de Indonesia \u00a9 John yavuz can (flivkr)\" src=\"https:\/\/www.humanium.org\/fr\/wp-content\/uploads\/2011\/08\/garcon-john-yavuz-can-flivkr.jpg\" alt=\"\" width=\"171\" height=\"200\" \/><\/p>\n<p>Con innumerables recursos naturales que se extienden a lo largo de m\u00e1s de 13.000 islas, Indonesia se encuentra hoy en un periodo de gran desarrollo. Lamentablemente, este avance econ\u00f3mico no beneficia a toda la poblaci\u00f3n. Muchos ni\u00f1os contin\u00faan viviendo en condiciones insalubres y por lo tanto, no gozan de sus derechos.<\/p>\n<h3>Principales problemas que afectan a los ni\u00f1os en Indonesia<\/h3>\n<p><strong><a href=\"https:\/\/www.humanium.org\/es\/pobreza-infantil\/\">Pobreza<\/a><\/strong><\/p>\n<p><img loading=\"lazy\" decoding=\"async\" class=\"size-full wp-image-13914 alignright\" title=\"Muchos ni\u00f1os indonesios viven en la pobreza \u00a9 Rhtraveler (flickr)\" src=\"https:\/\/www.humanium.org\/fr\/wp-content\/uploads\/2011\/08\/pauvrete-rhtraveler-flick.jpg\" alt=\"\" width=\"221\" height=\"147\" \/>A pesar del auge econ\u00f3mico, un tercio de la poblaci\u00f3n a\u00fan vive por debajo de la <a href=\"https:\/\/www.humanium.org\/es\/pobreza-infantil\/\">l\u00ednea de pobreza<\/a>. El pa\u00eds, dividido en 13\u200a000 islas, no logr\u00f3 mejorar la condici\u00f3n de vida de todas sus familias.<\/p>\n<p>En consecuencia, muchos ni\u00f1os que viven en las islas m\u00e1s alejadas tienen un acceso muy limitado a la alimentaci\u00f3n, agua y el cuidado de salud.<\/p>\n<p><strong><a href=\"https:\/\/www.humanium.org\/es\/derecho-salud\/\">Derecho a la salud<\/a><\/strong><\/p>\n<p><img loading=\"lazy\" decoding=\"async\" class=\"alignright size-full wp-image-13915\" title=\"El sistema de salud en Indonesia no est\u00e1 lo suficientemente desarrollado como para&lt;br \/&gt;&lt;br \/&gt;&lt;br \/&gt;&lt;br \/&gt;&lt;br \/&gt; brindar el cuidado necesario a todos los habitantes \u00a9 Pacom (flickr)\" src=\"https:\/\/www.humanium.org\/fr\/wp-content\/uploads\/2011\/08\/sante-pacom-flickr-no-retouch.jpg\" alt=\"\" width=\"236\" height=\"156\" \/>Indonesia enfrenta numerosos problemas en lo que respecta a la <a href=\"https:\/\/www.humanium.org\/es\/derecho-salud\/\">salud<\/a>. Por ejemplo, los datos de las tasas de <a href=\"https:\/\/www.humanium.org\/es\/mortalidad-infantil\/\">mortalidad infantil <\/a>son catastr\u00f3ficos: casi el 40% de los ni\u00f1os indonesios muere antes de los 5 a\u00f1os de edad.<\/p>\n<p>Los reci\u00e9n nacidos conforman otro grupo: son v\u00edctimas de numerosas enfermedades, tan comunes en este pa\u00eds, como el bajo peso.<\/p>\n<p><strong><a href=\"https:\/\/www.humanium.org\/es\/abuso-infantil\/\">Violencia infantil<\/a><\/strong><\/p>\n<p>Es un problema recurrente; miles de ni\u00f1os son v\u00edctimas de la <a href=\"https:\/\/www.humanium.org\/es\/abuso-infantil\/\">violencia<\/a> a\u00f1o tras a\u00f1o. Los casos incluyen violencia\u00a0<a href=\"https:\/\/www.humanium.org\/es\/explotacion-sexual-infantil\/\">sexual<\/a>, psicol\u00f3gica o f\u00edsica.<\/p>\n<p><a href=\"https:\/\/www.humanium.org\/es\/explotacion-sexual-infantil\/\">La explotaci\u00f3n sexual<\/a> a la que est\u00e1n expuestos los menores, especialmente las ni\u00f1as j\u00f3venes, es muy com\u00fan. A menudo, los mismos padres las llevan a prostituirse para poder pagar las cuentas. Este<br \/>\n\u00faltimo grupo de menores est\u00e1 sujeto a todo tipo de violencia traum\u00e1tica.<\/p>\n<p>Adem\u00e1s, como Indonesia se conoce por el turismo sexual, muchas mujeres j\u00f3venes creen que en alg\u00fan momento conocer\u00e1n a un occidental que les ofrecer\u00e1 mucho dinero y mejores condiciones de vida a cambio de sus servicios.<\/p>\n<p><strong><a href=\"https:\/\/www.humanium.org\/es\/derecho-educacion\/\">Derecho a la educaci\u00f3n<\/a><\/strong><\/p>\n<p><img loading=\"lazy\" decoding=\"async\" class=\"size-full wp-image-13916 alignright\" title=\"A pesar de la obligatoriedad de la educaci\u00f3n, muchos ni\u00f1os no la reciben \u00a9 Mariskar (flickr)\" src=\"https:\/\/www.humanium.org\/fr\/wp-content\/uploads\/2011\/08\/education-mariskar-flickr.jpg\" alt=\"\" width=\"191\" height=\"135\" \/>La ley en Indonesia establece <a href=\"https:\/\/www.humanium.org\/es\/derecho-educacion\/\">la educaci\u00f3n<\/a> para todos. Sin embargo, esta ley no se aplica en todas las provincias.<\/p>\n<p>Un gran n\u00famero de ni\u00f1os indonesios asiste a la escuela primaria. Se calcula que el 85% est\u00e1 inscripto, pero esta cifra deber\u00eda mejorar y alcanzar la totalidad de la poblaci\u00f3n infantil para que todos se beneficien la educaci\u00f3n, sin importar su posici\u00f3n social.<\/p>\n<p>No obstante, una cantidad alarmante de estos ni\u00f1os no contin\u00faa en el nivel secundario. La necesidad de ganar dinero adquiere mayor prioridad que la educaci\u00f3n. Los menores m\u00e1s afectados por esta falta de educaci\u00f3n son aquellos de familias pobres y, particularmente ni\u00f1as, que a menudo terminan siendo amas de casa.<\/p>\n<p><strong><a href=\"https:\/\/www.humanium.org\/es\/ninos-calle\/\">Ni\u00f1os de la calle<\/a><\/strong><\/p>\n<p>Se calcula que 7500 ni\u00f1os viven en la zona metropolitana de Yakarta. Esta cifra es de por s\u00ed sorprendente y desconcertante, y m\u00e1s a\u00fan si uno piensa en la totalidad de ni\u00f1os afectados por este problema en todo el territorio de Indonesia.<\/p>\n<p>Estos menores, que a menudo abandonan sus hogares tras ser v\u00edctimas de la violencia dom\u00e9stica, el abuso sexual o la pobreza, terminan en las <a href=\"https:\/\/www.humanium.org\/es\/ninos-calle\/\">calles<\/a>\u00a0a la deriva. All\u00ed deben encontrar una manera de conseguir comida y dinero para sobrevivir en estas condiciones insalubres.<\/p>\n<p>Se han abierto centros de bienvenida para recibir estos casos, pero son insuficientes dada la cantidad de ni\u00f1os que hay deambulando por las calles.<\/p>\n<p><strong><a href=\"https:\/\/www.humanium.org\/es\/trabajo-infantil\/\/\">Trabajo infantil<\/a><\/strong><\/p>\n<p><img loading=\"lazy\" decoding=\"async\" class=\"size-full wp-image-13917 alignright\" title=\"Los ni\u00f1os indonesios a menudo trabajan como empleados dom\u00e9sticos o jornaleros en los arrozales \u00a9 Flickr\" src=\"https:\/\/www.humanium.org\/fr\/wp-content\/uploads\/2011\/08\/travail-enfants-no-retouch-flickr.jpg\" alt=\"\" width=\"192\" height=\"128\" \/>En Indonesia, el <a href=\"https:\/\/www.humanium.org\/es\/trabajo-infantil\/\">trabajo infantil<\/a>, adquiere varias formas: dom\u00e9stico, en arrozales, en agricultura como jornaleros, etc.<\/p>\n<p>La mayor\u00eda de ellos son reclutados en la calle y, como no tienen otra manera de ganar dinero, lo hacen para cubrir sus necesidades b\u00e1sicas.<\/p>\n<p><strong><a href=\"https:\/\/www.humanium.org\/es\/matrimonio-infantil\/\">Matrimonios infantiles<\/a><\/strong><\/p>\n<p>La ley en Indonesia establece que la edad m\u00ednima para contraer <a href=\"https:\/\/www.humanium.org\/es\/matrimonio-infantil\/\">matrimonio<\/a> es 16 a\u00f1os en las ni\u00f1as y 19 en los varones, ya que ante las leyes, los menores de 18 a\u00f1os son ni\u00f1os.<\/p>\n<p>Las j\u00f3venes que se casan antes de los 18 a\u00f1os son consideradas adultas legales. De este modo, la tradici\u00f3n sobrevive, especialmente en las regiones m\u00e1s remotas y carentes de privilegios donde muchas ni\u00f1as se casan siendo muy j\u00f3venes. Casi el 20% de las muchachas contrae matrimonio antes de cumplir 18 a\u00f1os.<\/p>\n<p>Esto representa un peligro ya que no comprenden las consecuencias del matrimonio en sus propias vidas.<\/p>\n<p><strong><a href=\"https:\/\/www.humanium.org\/es\/derecho-identidad\/\">Derecho a la identidad<\/a><\/strong><\/p>\n<p>En Indonesia, la ciudadan\u00eda se adquiere por medio de los padres o por nacimiento en el territorio. Adem\u00e1s, es necesario estar registrado ante las autoridades a fin de ser reconocido ciudadano indonesio.<\/p>\n<p>Esto tiene un defecto porque el <a href=\"https:\/\/www.humanium.org\/es\/derecho-identidad\/\">registro de nacimientos<\/a> en Indonesia no es gratis. Entonces, muchos padres con ingresos limitados no siguen estos procedimientos, sin saber que esto traer\u00e1 serias consecuencias para sus hijos. Se calcula que m\u00e1s de la mitad de los ni\u00f1os indonesios no est\u00e1n registrados.<\/p>\n<p>Estos ni\u00f1os tendr\u00e1n dificultades para ejercer su derecho a la educaci\u00f3n, a los beneficios sociales, etc.<\/p>\n","protected":false},"excerpt":{"rendered":"<p>Ni\u00f1os de Indonesia Descubriendo los Derechos del Ni\u00f1o en Indonesia \u00a0 Con innumerables recursos naturales que se extienden a lo largo de m\u00e1s de 13.000 islas, Indonesia se encuentra hoy en un periodo de gran desarrollo. Lamentablemente, este avance econ\u00f3mico no beneficia a toda la poblaci\u00f3n. Muchos ni\u00f1os contin\u00faan viviendo en condiciones insalubres y por [&hellip;]<\/p>\n","protected":false},"author":1,"featured_media":0,"parent":0,"menu_order":0,"comment_status":"closed","ping_status":"open","template":"","meta":{"footnotes":""},"class_list":["post-3486","page","type-page","status-publish","hentry"],"yoast_head":"<!-- This site is optimized with the Yoast SEO plugin v26.5 - https:\/\/yoast.com\/wordpress\/plugins\/seo\/ -->\n<title>Ni\u00f1os de Indonesia - Humanium<\/title>\n<meta name=\"description\" content=\"A pesar del actual gran desarrollo de Indonesia, muchos ni\u00f1os contin\u00faan viviendo en condiciones insalubres y por lo tanto, no gozan de sus derechos.\" \/>\n<meta name=\"robots\" content=\"index, follow, max-snippet:-1, max-image-preview:large, max-video-preview:-1\" \/>\n<link rel=\"canonical\" href=\"https:\/\/www.humanium.org\/es\/indonesia\/\" \/>\n<meta property=\"og:locale\" content=\"es_ES\" \/>\n<meta property=\"og:type\" content=\"article\" \/>\n<meta property=\"og:title\" content=\"Ni\u00f1os de Indonesia - Humanium\" \/>\n<meta property=\"og:description\" content=\"A pesar del actual gran desarrollo de Indonesia, muchos ni\u00f1os contin\u00faan viviendo en condiciones insalubres y por lo tanto, no gozan de sus derechos.\" \/>\n<meta property=\"og:url\" content=\"https:\/\/www.humanium.org\/es\/indonesia\/\" \/>\n<meta property=\"og:site_name\" content=\"Humanium\" \/>\n<meta property=\"article:modified_time\" content=\"2025-12-05T17:44:30+00:00\" \/>\n<meta name=\"twitter:card\" content=\"summary_large_image\" \/>\n<meta name=\"twitter:label1\" content=\"Tiempo de lectura\" \/>\n\t<meta name=\"twitter:data1\" content=\"5 minutos\" \/>\n<script type=\"application\/ld+json\" class=\"yoast-schema-graph\">{\"@context\":\"https:\/\/schema.org\",\"@graph\":[{\"@type\":\"WebPage\",\"@id\":\"https:\/\/www.humanium.org\/es\/indonesia\/\",\"url\":\"https:\/\/www.humanium.org\/es\/indonesia\/\",\"name\":\"Ni\u00f1os de Indonesia - Humanium\",\"isPartOf\":{\"@id\":\"https:\/\/www.humanium.org\/es\/#website\"},\"primaryImageOfPage\":{\"@id\":\"https:\/\/www.humanium.org\/es\/indonesia\/#primaryimage\"},\"image\":{\"@id\":\"https:\/\/www.humanium.org\/es\/indonesia\/#primaryimage\"},\"thumbnailUrl\":\"https:\/\/www.humanium.org\/fr\/wp-content\/uploads\/2011\/08\/fillette-clifb-flickr.jpg\",\"datePublished\":\"2013-08-12T10:36:53+00:00\",\"dateModified\":\"2025-12-05T17:44:30+00:00\",\"description\":\"A pesar del actual gran desarrollo de Indonesia, muchos ni\u00f1os contin\u00faan viviendo en condiciones insalubres y por lo tanto, no gozan de sus derechos.\",\"breadcrumb\":{\"@id\":\"https:\/\/www.humanium.org\/es\/indonesia\/#breadcrumb\"},\"inLanguage\":\"es\",\"potentialAction\":[{\"@type\":\"ReadAction\",\"target\":[\"https:\/\/www.humanium.org\/es\/indonesia\/\"]}]},{\"@type\":\"ImageObject\",\"inLanguage\":\"es\",\"@id\":\"https:\/\/www.humanium.org\/es\/indonesia\/#primaryimage\",\"url\":\"https:\/\/www.humanium.org\/fr\/wp-content\/uploads\/2011\/08\/fillette-clifb-flickr.jpg\",\"contentUrl\":\"https:\/\/www.humanium.org\/fr\/wp-content\/uploads\/2011\/08\/fillette-clifb-flickr.jpg\"},{\"@type\":\"BreadcrumbList\",\"@id\":\"https:\/\/www.humanium.org\/es\/indonesia\/#breadcrumb\",\"itemListElement\":[{\"@type\":\"ListItem\",\"position\":1,\"name\":\"Home\",\"item\":\"https:\/\/www.humanium.org\/es\/\"},{\"@type\":\"ListItem\",\"position\":2,\"name\":\"Ni\u00f1os de Indonesia\"}]},{\"@type\":\"WebSite\",\"@id\":\"https:\/\/www.humanium.org\/es\/#website\",\"url\":\"https:\/\/www.humanium.org\/es\/\",\"name\":\"Humanium\",\"description\":\"\u00a1Los ni\u00f1os primero!\",\"potentialAction\":[{\"@type\":\"SearchAction\",\"target\":{\"@type\":\"EntryPoint\",\"urlTemplate\":\"https:\/\/www.humanium.org\/es\/?s={search_term_string}\"},\"query-input\":{\"@type\":\"PropertyValueSpecification\",\"valueRequired\":true,\"valueName\":\"search_term_string\"}}],\"inLanguage\":\"es\"}]}<\/script>\n<!-- \/ Yoast SEO plugin. -->","yoast_head_json":{"title":"Ni\u00f1os de Indonesia - Humanium","description":"A pesar del actual gran desarrollo de Indonesia, muchos ni\u00f1os contin\u00faan viviendo en condiciones insalubres y por lo tanto, no gozan de sus derechos.","robots":{"index":"index","follow":"follow","max-snippet":"max-snippet:-1","max-image-preview":"max-image-preview:large","max-video-preview":"max-video-preview:-1"},"canonical":"https:\/\/www.humanium.org\/es\/indonesia\/","og_locale":"es_ES","og_type":"article","og_title":"Ni\u00f1os de Indonesia - Humanium","og_description":"A pesar del actual gran desarrollo de Indonesia, muchos ni\u00f1os contin\u00faan viviendo en condiciones insalubres y por lo tanto, no gozan de sus derechos.","og_url":"https:\/\/www.humanium.org\/es\/indonesia\/","og_site_name":"Humanium","article_modified_time":"2025-12-05T17:44:30+00:00","twitter_card":"summary_large_image","twitter_misc":{"Tiempo de lectura":"5 minutos"},"schema":{"@context":"https:\/\/schema.org","@graph":[{"@type":"WebPage","@id":"https:\/\/www.humanium.org\/es\/indonesia\/","url":"https:\/\/www.humanium.org\/es\/indonesia\/","name":"Ni\u00f1os de Indonesia - Humanium","isPartOf":{"@id":"https:\/\/www.humanium.org\/es\/#website"},"primaryImageOfPage":{"@id":"https:\/\/www.humanium.org\/es\/indonesia\/#primaryimage"},"image":{"@id":"https:\/\/www.humanium.org\/es\/indonesia\/#primaryimage"},"thumbnailUrl":"https:\/\/www.humanium.org\/fr\/wp-content\/uploads\/2011\/08\/fillette-clifb-flickr.jpg","datePublished":"2013-08-12T10:36:53+00:00","dateModified":"2025-12-05T17:44:30+00:00","description":"A pesar del actual gran desarrollo de Indonesia, muchos ni\u00f1os contin\u00faan viviendo en condiciones insalubres y por lo tanto, no gozan de sus derechos.","breadcrumb":{"@id":"https:\/\/www.humanium.org\/es\/indonesia\/#breadcrumb"},"inLanguage":"es","potentialAction":[{"@type":"ReadAction","target":["https:\/\/www.humanium.org\/es\/indonesia\/"]}]},{"@type":"ImageObject","inLanguage":"es","@id":"https:\/\/www.humanium.org\/es\/indonesia\/#primaryimage","url":"https:\/\/www.humanium.org\/fr\/wp-content\/uploads\/2011\/08\/fillette-clifb-flickr.jpg","contentUrl":"https:\/\/www.humanium.org\/fr\/wp-content\/uploads\/2011\/08\/fillette-clifb-flickr.jpg"},{"@type":"BreadcrumbList","@id":"https:\/\/www.humanium.org\/es\/indonesia\/#breadcrumb","itemListElement":[{"@type":"ListItem","position":1,"name":"Home","item":"https:\/\/www.humanium.org\/es\/"},{"@type":"ListItem","position":2,"name":"Ni\u00f1os de Indonesia"}]},{"@type":"WebSite","@id":"https:\/\/www.humanium.org\/es\/#website","url":"https:\/\/www.humanium.org\/es\/","name":"Humanium","description":"\u00a1Los ni\u00f1os primero!","potentialAction":[{"@type":"SearchAction","target":{"@type":"EntryPoint","urlTemplate":"https:\/\/www.humanium.org\/es\/?s={search_term_string}"},"query-input":{"@type":"PropertyValueSpecification","valueRequired":true,"valueName":"search_term_string"}}],"inLanguage":"es"}]}},"_links":{"self":[{"href":"https:\/\/www.humanium.org\/es\/wp-json\/wp\/v2\/pages\/3486","targetHints":{"allow":["GET"]}}],"collection":[{"href":"https:\/\/www.humanium.org\/es\/wp-json\/wp\/v2\/pages"}],"about":[{"href":"https:\/\/www.humanium.org\/es\/wp-json\/wp\/v2\/types\/page"}],"author":[{"embeddable":true,"href":"https:\/\/www.humanium.org\/es\/wp-json\/wp\/v2\/users\/1"}],"replies":[{"embeddable":true,"href":"https:\/\/www.humanium.org\/es\/wp-json\/wp\/v2\/comments?post=3486"}],"version-history":[{"count":4,"href":"https:\/\/www.humanium.org\/es\/wp-json\/wp\/v2\/pages\/3486\/revisions"}],"predecessor-version":[{"id":20420,"href":"https:\/\/www.humanium.org\/es\/wp-json\/wp\/v2\/pages\/3486\/revisions\/20420"}],"wp:attachment":[{"href":"https:\/\/www.humanium.org\/es\/wp-json\/wp\/v2\/media?parent=3486"}],"curies":[{"name":"wp","href":"https:\/\/api.w.org\/{rel}","templated":true}]}}