{"id":349,"date":"2012-12-03T08:53:31","date_gmt":"2012-12-03T08:53:31","guid":{"rendered":"http:\/\/www.humanium.org\/es\/?page_id=349"},"modified":"2025-05-17T11:40:53","modified_gmt":"2025-05-17T11:40:53","slug":"aislamiento-desarraigo","status":"publish","type":"page","link":"https:\/\/www.humanium.org\/es\/enfoques-tematicos\/aislamiento-desarraigo\/","title":{"rendered":"Aislamiento y desarraigo"},"content":{"rendered":"<h1>Aislamiento y desarraigo<\/h1>\n<hr align=\"left\" size=\"4\" width=\"48%\" \/>\n<h2 style=\"margin-bottom: 10px;\"><a href=\"https:\/\/www.humanium.org\/es\/enfoques-tematicos\/aislamiento-desarraigo\/ninos-huerfanos\/\"><img loading=\"lazy\" decoding=\"async\" class=\"wp-image-19149 alignleft\" src=\"https:\/\/www.humanium.org\/es\/wp-content\/uploads\/2024\/09\/Shutterstock_2500604267_small-image-300x300.jpg\" alt=\"\" width=\"144\" height=\"144\" srcset=\"https:\/\/www.humanium.org\/es\/wp-content\/uploads\/2024\/09\/Shutterstock_2500604267_small-image-300x300.jpg 300w, https:\/\/www.humanium.org\/es\/wp-content\/uploads\/2024\/09\/Shutterstock_2500604267_small-image-150x150.jpg 150w, https:\/\/www.humanium.org\/es\/wp-content\/uploads\/2024\/09\/Shutterstock_2500604267_small-image-768x768.jpg 768w, https:\/\/www.humanium.org\/es\/wp-content\/uploads\/2024\/09\/Shutterstock_2500604267_small-image-830x830.jpg 830w, https:\/\/www.humanium.org\/es\/wp-content\/uploads\/2024\/09\/Shutterstock_2500604267_small-image-230x230.jpg 230w, https:\/\/www.humanium.org\/es\/wp-content\/uploads\/2024\/09\/Shutterstock_2500604267_small-image-350x350.jpg 350w, https:\/\/www.humanium.org\/es\/wp-content\/uploads\/2024\/09\/Shutterstock_2500604267_small-image-480x480.jpg 480w, https:\/\/www.humanium.org\/es\/wp-content\/uploads\/2024\/09\/Shutterstock_2500604267_small-image.jpg 900w\" sizes=\"auto, (max-width: 144px) 100vw, 144px\" \/>Ni\u00f1os hu\u00e9rfanos<\/a><\/h2>\n<p>Se calcula que existen alrededor de 147 millones de ni\u00f1os hu\u00e9rfanos en el mundo. Aunque se trata de estad\u00edsticas bien documentadas, existe un temor generalizado de que el n\u00famero real pueda ser a\u00fan mayor.<\/p>\n<hr \/>\n<h2 style=\"margin-bottom: 10px;\"><a href=\"https:\/\/www.humanium.org\/es\/enfoques-tematicos\/aislamiento-desarraigo\/ninos-desplazados\/\"><img loading=\"lazy\" decoding=\"async\" class=\"wp-image-19393 alignleft\" src=\"https:\/\/www.humanium.org\/es\/wp-content\/uploads\/2025\/01\/Shutterstock_1769390042-1-300x300.jpg\" alt=\"\" width=\"146\" height=\"146\" srcset=\"https:\/\/www.humanium.org\/es\/wp-content\/uploads\/2025\/01\/Shutterstock_1769390042-1-300x300.jpg 300w, https:\/\/www.humanium.org\/es\/wp-content\/uploads\/2025\/01\/Shutterstock_1769390042-1-150x150.jpg 150w, https:\/\/www.humanium.org\/es\/wp-content\/uploads\/2025\/01\/Shutterstock_1769390042-1-768x768.jpg 768w, https:\/\/www.humanium.org\/es\/wp-content\/uploads\/2025\/01\/Shutterstock_1769390042-1-830x830.jpg 830w, https:\/\/www.humanium.org\/es\/wp-content\/uploads\/2025\/01\/Shutterstock_1769390042-1-230x230.jpg 230w, https:\/\/www.humanium.org\/es\/wp-content\/uploads\/2025\/01\/Shutterstock_1769390042-1-350x350.jpg 350w, https:\/\/www.humanium.org\/es\/wp-content\/uploads\/2025\/01\/Shutterstock_1769390042-1-480x480.jpg 480w, https:\/\/www.humanium.org\/es\/wp-content\/uploads\/2025\/01\/Shutterstock_1769390042-1.jpg 900w\" sizes=\"auto, (max-width: 146px) 100vw, 146px\" \/>Ni\u00f1os desplazados<\/a><\/h2>\n<p>Cada a\u00f1o, millones de ni\u00f1os se ven obligados a huir de sus casas para encontrar refugio en territorio desconocido debido al conflicto, la desesperaci\u00f3n, el peligro inminente y el cambio clim\u00e1tico, entre otros factores.<\/p>\n<hr \/>\n<h2 style=\"margin-bottom: 10px;\"><a href=\"https:\/\/www.humanium.org\/es\/enfoques-tematicos\/aislamiento-desarraigo\/ninos-desaparecidos\/\"><img loading=\"lazy\" decoding=\"async\" class=\"wp-image-19397 alignleft\" src=\"https:\/\/www.humanium.org\/es\/wp-content\/uploads\/2025\/01\/Shutterstock_2269475509-1-300x300.jpg\" alt=\"\" width=\"152\" height=\"152\" srcset=\"https:\/\/www.humanium.org\/es\/wp-content\/uploads\/2025\/01\/Shutterstock_2269475509-1-300x300.jpg 300w, https:\/\/www.humanium.org\/es\/wp-content\/uploads\/2025\/01\/Shutterstock_2269475509-1-150x150.jpg 150w, https:\/\/www.humanium.org\/es\/wp-content\/uploads\/2025\/01\/Shutterstock_2269475509-1-768x768.jpg 768w, https:\/\/www.humanium.org\/es\/wp-content\/uploads\/2025\/01\/Shutterstock_2269475509-1-830x830.jpg 830w, https:\/\/www.humanium.org\/es\/wp-content\/uploads\/2025\/01\/Shutterstock_2269475509-1-230x230.jpg 230w, https:\/\/www.humanium.org\/es\/wp-content\/uploads\/2025\/01\/Shutterstock_2269475509-1-350x350.jpg 350w, https:\/\/www.humanium.org\/es\/wp-content\/uploads\/2025\/01\/Shutterstock_2269475509-1-480x480.jpg 480w, https:\/\/www.humanium.org\/es\/wp-content\/uploads\/2025\/01\/Shutterstock_2269475509-1.jpg 900w\" sizes=\"auto, (max-width: 152px) 100vw, 152px\" \/>Ni\u00f1os desaparecidos<\/a><\/h2>\n<p>Ya sea porque los ni\u00f1os dejan su hogar sin permiso, son sacados de sus hogares por alguno de sus padres sin el consentimiento del otro, o son secuestrados forzadamente por otros, estos eventos presentan dificultades significativas en t\u00e9rminos de prevenci\u00f3n e intervenci\u00f3n.<\/p>\n<hr \/>\n<h2 style=\"margin-bottom: 10px;\"><a href=\"https:\/\/www.humanium.org\/es\/enfoques-tematicos\/aislamiento-desarraigo\/apatridas-invisibles\/\"><img loading=\"lazy\" decoding=\"async\" class=\" wp-image-19108 alignleft\" src=\"https:\/\/www.humanium.org\/es\/wp-content\/uploads\/2024\/09\/Shutterstock_1664290708-300x300.jpg\" alt=\"\" width=\"144\" height=\"144\" srcset=\"https:\/\/www.humanium.org\/es\/wp-content\/uploads\/2024\/09\/Shutterstock_1664290708-300x300.jpg 300w, https:\/\/www.humanium.org\/es\/wp-content\/uploads\/2024\/09\/Shutterstock_1664290708-150x150.jpg 150w, https:\/\/www.humanium.org\/es\/wp-content\/uploads\/2024\/09\/Shutterstock_1664290708-768x768.jpg 768w, https:\/\/www.humanium.org\/es\/wp-content\/uploads\/2024\/09\/Shutterstock_1664290708-830x830.jpg 830w, https:\/\/www.humanium.org\/es\/wp-content\/uploads\/2024\/09\/Shutterstock_1664290708-230x230.jpg 230w, https:\/\/www.humanium.org\/es\/wp-content\/uploads\/2024\/09\/Shutterstock_1664290708-350x350.jpg 350w, https:\/\/www.humanium.org\/es\/wp-content\/uploads\/2024\/09\/Shutterstock_1664290708-480x480.jpg 480w, https:\/\/www.humanium.org\/es\/wp-content\/uploads\/2024\/09\/Shutterstock_1664290708.jpg 900w\" sizes=\"auto, (max-width: 144px) 100vw, 144px\" \/>Ni\u00f1os ap\u00e1tridas e invisibles<\/a><\/h2>\n<p>La primera condici\u00f3n en la que los ni\u00f1os sin una patria se encuentran es una de invisibilidad. Alrededor de 237 millones de ni\u00f1os y ni\u00f1as menores de 5 a\u00f1os a nivel mundial no tienen certificado de nacimiento y est\u00e1n en riesgo de ser ap\u00e1tridas.<\/p>\n<hr \/>\n<h2 style=\"margin-bottom: 10px;\"><a href=\"https:\/\/www.humanium.org\/es\/familia-derecho-nino\/\"><img loading=\"lazy\" decoding=\"async\" class=\"wp-image-19408 alignleft\" src=\"https:\/\/www.humanium.org\/es\/wp-content\/uploads\/2025\/01\/Shutterstock_586587755-1-300x300.jpg\" alt=\"\" width=\"147\" height=\"147\" srcset=\"https:\/\/www.humanium.org\/es\/wp-content\/uploads\/2025\/01\/Shutterstock_586587755-1-300x300.jpg 300w, https:\/\/www.humanium.org\/es\/wp-content\/uploads\/2025\/01\/Shutterstock_586587755-1-150x150.jpg 150w, https:\/\/www.humanium.org\/es\/wp-content\/uploads\/2025\/01\/Shutterstock_586587755-1-768x768.jpg 768w, https:\/\/www.humanium.org\/es\/wp-content\/uploads\/2025\/01\/Shutterstock_586587755-1-830x830.jpg 830w, https:\/\/www.humanium.org\/es\/wp-content\/uploads\/2025\/01\/Shutterstock_586587755-1-230x230.jpg 230w, https:\/\/www.humanium.org\/es\/wp-content\/uploads\/2025\/01\/Shutterstock_586587755-1-350x350.jpg 350w, https:\/\/www.humanium.org\/es\/wp-content\/uploads\/2025\/01\/Shutterstock_586587755-1-480x480.jpg 480w, https:\/\/www.humanium.org\/es\/wp-content\/uploads\/2025\/01\/Shutterstock_586587755-1.jpg 900w\" sizes=\"auto, (max-width: 147px) 100vw, 147px\" \/>Familia y derechos de la ni\u00f1ez<\/a><\/h2>\n<p>Ni\u00f1os y ni\u00f1as tienen derecho a crecer en un entorno de felicidad, amor y comprensi\u00f3n. Sin embargo, esta no es siempre la realidad de sus vidas. El desarrollo apropiado de la ni\u00f1ez se ve obstaculizado por los desaf\u00edos que supone la violencia, la pobreza y las limitaciones educativas.<\/p>\n<hr \/>\n<h2 style=\"margin-bottom: 10px;\"><img loading=\"lazy\" decoding=\"async\" class=\"wp-image-19595 alignleft\" src=\"https:\/\/www.humanium.org\/es\/wp-content\/uploads\/2025\/03\/Shutterstock_1218857530-1-300x300.jpg\" alt=\"\" width=\"150\" height=\"150\" srcset=\"https:\/\/www.humanium.org\/es\/wp-content\/uploads\/2025\/03\/Shutterstock_1218857530-1-300x300.jpg 300w, https:\/\/www.humanium.org\/es\/wp-content\/uploads\/2025\/03\/Shutterstock_1218857530-1-150x150.jpg 150w, https:\/\/www.humanium.org\/es\/wp-content\/uploads\/2025\/03\/Shutterstock_1218857530-1-768x768.jpg 768w, https:\/\/www.humanium.org\/es\/wp-content\/uploads\/2025\/03\/Shutterstock_1218857530-1-830x830.jpg 830w, https:\/\/www.humanium.org\/es\/wp-content\/uploads\/2025\/03\/Shutterstock_1218857530-1-230x230.jpg 230w, https:\/\/www.humanium.org\/es\/wp-content\/uploads\/2025\/03\/Shutterstock_1218857530-1-350x350.jpg 350w, https:\/\/www.humanium.org\/es\/wp-content\/uploads\/2025\/03\/Shutterstock_1218857530-1-480x480.jpg 480w, https:\/\/www.humanium.org\/es\/wp-content\/uploads\/2025\/03\/Shutterstock_1218857530-1.jpg 900w\" sizes=\"auto, (max-width: 150px) 100vw, 150px\" \/><a href=\"https:\/\/www.humanium.org\/es\/la-sustraccion-parental-de-menores\/\"><span style=\"color: revert; font-size: revert; font-weight: revert;\">La sustracci\u00f3n parental de menores<\/span><\/a><\/h2>\n<p>La mayor parte de las sustracciones suceden a manos de los padres. La sustracci\u00f3n parental de menores tiene su origen en un sinf\u00edn de factores, principalmente arraigados en el deterioro de las relaciones, de las parejas internacionales.<\/p>\n<h1><\/h1>\n<hr \/>\n<h2 style=\"margin-bottom: 10px;\"><a href=\"https:\/\/www.humanium.org\/es\/adopcion-infantil\/\"><img loading=\"lazy\" decoding=\"async\" class=\" wp-image-19656 alignleft\" src=\"https:\/\/www.humanium.org\/es\/wp-content\/uploads\/2025\/04\/Shutterstock_1142016008-1-300x300.jpg\" alt=\"\" width=\"150\" height=\"150\" srcset=\"https:\/\/www.humanium.org\/es\/wp-content\/uploads\/2025\/04\/Shutterstock_1142016008-1-300x300.jpg 300w, https:\/\/www.humanium.org\/es\/wp-content\/uploads\/2025\/04\/Shutterstock_1142016008-1-150x150.jpg 150w, https:\/\/www.humanium.org\/es\/wp-content\/uploads\/2025\/04\/Shutterstock_1142016008-1-768x768.jpg 768w, https:\/\/www.humanium.org\/es\/wp-content\/uploads\/2025\/04\/Shutterstock_1142016008-1-830x830.jpg 830w, https:\/\/www.humanium.org\/es\/wp-content\/uploads\/2025\/04\/Shutterstock_1142016008-1-230x230.jpg 230w, https:\/\/www.humanium.org\/es\/wp-content\/uploads\/2025\/04\/Shutterstock_1142016008-1-350x350.jpg 350w, https:\/\/www.humanium.org\/es\/wp-content\/uploads\/2025\/04\/Shutterstock_1142016008-1-480x480.jpg 480w, https:\/\/www.humanium.org\/es\/wp-content\/uploads\/2025\/04\/Shutterstock_1142016008-1.jpg 900w\" sizes=\"auto, (max-width: 150px) 100vw, 150px\" \/>Adopci\u00f3n infantil<\/a><\/h2>\n<p>La adopci\u00f3n infantil es un acto jur\u00eddico en el cual las familias asumen responsabilidad permanente sobre los ni\u00f1os y\/o ni\u00f1as que no puedan permanecer con sus padres biol\u00f3gicos, con el objeto de proveer un entorno estable como factor fundamental de su desarrollo.<\/p>\n<hr \/>\n<h2 style=\"margin-bottom: 10px;\"><a href=\"https:\/\/www.humanium.org\/es\/adopcion-infantil\/\"><img loading=\"lazy\" decoding=\"async\" class=\" wp-image-19693 alignleft\" src=\"https:\/\/www.humanium.org\/es\/wp-content\/uploads\/2025\/05\/shutterstock_2500212333_edited-300x300.jpeg\" alt=\"\" width=\"146\" height=\"146\" srcset=\"https:\/\/www.humanium.org\/es\/wp-content\/uploads\/2025\/05\/shutterstock_2500212333_edited-300x300.jpeg 300w, https:\/\/www.humanium.org\/es\/wp-content\/uploads\/2025\/05\/shutterstock_2500212333_edited-150x150.jpeg 150w, https:\/\/www.humanium.org\/es\/wp-content\/uploads\/2025\/05\/shutterstock_2500212333_edited-230x230.jpeg 230w, https:\/\/www.humanium.org\/es\/wp-content\/uploads\/2025\/05\/shutterstock_2500212333_edited.jpeg 334w\" sizes=\"auto, (max-width: 146px) 100vw, 146px\" \/><\/a><a href=\"https:\/\/www.humanium.org\/es\/acogimiento-de-menores-ninos-en-hogares-de-acogida\/\">Acogimiento de menores<\/a><a href=\"https:\/\/www.humanium.org\/es\/adopcion-infantil\/\"><br \/>\n<\/a><\/h2>\n<p>Ni\u00f1os de todo el mundo son separados de sus familias y enviados a centros de cuidado alternativos como consecuencia de diversas situaciones que los desestabilizan y perturban. Las instituciones nacionales han establecido distintas estructuras formales e informales para hacerse cargo de estos ni\u00f1os.<\/p>\n","protected":false},"excerpt":{"rendered":"<p>Aislamiento y desarraigo Ni\u00f1os hu\u00e9rfanos Se calcula que existen alrededor de 147 millones de ni\u00f1os hu\u00e9rfanos en el mundo. Aunque se trata de estad\u00edsticas bien documentadas, existe un temor generalizado de que el n\u00famero real pueda ser a\u00fan mayor. Ni\u00f1os desplazados Cada a\u00f1o, millones de ni\u00f1os se ven obligados a huir de sus casas para [&hellip;]<\/p>\n","protected":false},"author":1,"featured_media":0,"parent":283,"menu_order":0,"comment_status":"closed","ping_status":"closed","template":"","meta":{"footnotes":""},"class_list":["post-349","page","type-page","status-publish","hentry"],"yoast_head":"<!-- This site is optimized with the Yoast SEO plugin v26.5 - https:\/\/yoast.com\/wordpress\/plugins\/seo\/ -->\n<title>Aislamiento y desarraigo - Humanium<\/title>\n<meta name=\"description\" content=\"Aislamiento y desarraigo: los ni\u00f1os hu\u00e9rfanos; los ni\u00f1os desplazados; los ni\u00f1os desaparecidos; los ni\u00f1os ap\u00e1tridas e invisibles.\" \/>\n<meta name=\"robots\" content=\"index, follow, max-snippet:-1, max-image-preview:large, max-video-preview:-1\" \/>\n<link rel=\"canonical\" href=\"https:\/\/www.humanium.org\/es\/enfoques-tematicos\/aislamiento-desarraigo\/\" \/>\n<meta property=\"og:locale\" content=\"es_ES\" \/>\n<meta property=\"og:type\" content=\"article\" \/>\n<meta property=\"og:title\" content=\"Aislamiento y desarraigo - Humanium\" \/>\n<meta property=\"og:description\" content=\"Aislamiento y desarraigo: los ni\u00f1os hu\u00e9rfanos; los ni\u00f1os desplazados; los ni\u00f1os desaparecidos; los ni\u00f1os ap\u00e1tridas e invisibles.\" \/>\n<meta property=\"og:url\" content=\"https:\/\/www.humanium.org\/es\/enfoques-tematicos\/aislamiento-desarraigo\/\" \/>\n<meta property=\"og:site_name\" content=\"Humanium\" \/>\n<meta property=\"article:modified_time\" content=\"2025-05-17T11:40:53+00:00\" \/>\n<meta property=\"og:image\" content=\"https:\/\/www.humanium.org\/es\/wp-content\/uploads\/2024\/09\/Shutterstock_2500604267_small-image-300x300.jpg\" \/>\n<meta name=\"twitter:card\" content=\"summary_large_image\" \/>\n<meta name=\"twitter:label1\" content=\"Tiempo de lectura\" \/>\n\t<meta name=\"twitter:data1\" content=\"4 minutos\" \/>\n<script type=\"application\/ld+json\" class=\"yoast-schema-graph\">{\"@context\":\"https:\/\/schema.org\",\"@graph\":[{\"@type\":\"WebPage\",\"@id\":\"https:\/\/www.humanium.org\/es\/enfoques-tematicos\/aislamiento-desarraigo\/\",\"url\":\"https:\/\/www.humanium.org\/es\/enfoques-tematicos\/aislamiento-desarraigo\/\",\"name\":\"Aislamiento y desarraigo - Humanium\",\"isPartOf\":{\"@id\":\"https:\/\/www.humanium.org\/es\/#website\"},\"primaryImageOfPage\":{\"@id\":\"https:\/\/www.humanium.org\/es\/enfoques-tematicos\/aislamiento-desarraigo\/#primaryimage\"},\"image\":{\"@id\":\"https:\/\/www.humanium.org\/es\/enfoques-tematicos\/aislamiento-desarraigo\/#primaryimage\"},\"thumbnailUrl\":\"https:\/\/www.humanium.org\/es\/wp-content\/uploads\/2024\/09\/Shutterstock_2500604267_small-image-300x300.jpg\",\"datePublished\":\"2012-12-03T08:53:31+00:00\",\"dateModified\":\"2025-05-17T11:40:53+00:00\",\"description\":\"Aislamiento y desarraigo: los ni\u00f1os hu\u00e9rfanos; los ni\u00f1os desplazados; los ni\u00f1os desaparecidos; los ni\u00f1os ap\u00e1tridas e invisibles.\",\"breadcrumb\":{\"@id\":\"https:\/\/www.humanium.org\/es\/enfoques-tematicos\/aislamiento-desarraigo\/#breadcrumb\"},\"inLanguage\":\"es\",\"potentialAction\":[{\"@type\":\"ReadAction\",\"target\":[\"https:\/\/www.humanium.org\/es\/enfoques-tematicos\/aislamiento-desarraigo\/\"]}]},{\"@type\":\"ImageObject\",\"inLanguage\":\"es\",\"@id\":\"https:\/\/www.humanium.org\/es\/enfoques-tematicos\/aislamiento-desarraigo\/#primaryimage\",\"url\":\"https:\/\/www.humanium.org\/es\/wp-content\/uploads\/2024\/09\/Shutterstock_2500604267_small-image.jpg\",\"contentUrl\":\"https:\/\/www.humanium.org\/es\/wp-content\/uploads\/2024\/09\/Shutterstock_2500604267_small-image.jpg\",\"width\":900,\"height\":900},{\"@type\":\"BreadcrumbList\",\"@id\":\"https:\/\/www.humanium.org\/es\/enfoques-tematicos\/aislamiento-desarraigo\/#breadcrumb\",\"itemListElement\":[{\"@type\":\"ListItem\",\"position\":1,\"name\":\"Home\",\"item\":\"https:\/\/www.humanium.org\/es\/\"},{\"@type\":\"ListItem\",\"position\":2,\"name\":\"Enfoques tem\u00e1ticos\",\"item\":\"https:\/\/www.humanium.org\/es\/enfoques-tematicos\/\"},{\"@type\":\"ListItem\",\"position\":3,\"name\":\"Aislamiento y desarraigo\"}]},{\"@type\":\"WebSite\",\"@id\":\"https:\/\/www.humanium.org\/es\/#website\",\"url\":\"https:\/\/www.humanium.org\/es\/\",\"name\":\"Humanium\",\"description\":\"\u00a1Los ni\u00f1os primero!\",\"potentialAction\":[{\"@type\":\"SearchAction\",\"target\":{\"@type\":\"EntryPoint\",\"urlTemplate\":\"https:\/\/www.humanium.org\/es\/?s={search_term_string}\"},\"query-input\":{\"@type\":\"PropertyValueSpecification\",\"valueRequired\":true,\"valueName\":\"search_term_string\"}}],\"inLanguage\":\"es\"}]}<\/script>\n<!-- \/ Yoast SEO plugin. -->","yoast_head_json":{"title":"Aislamiento y desarraigo - Humanium","description":"Aislamiento y desarraigo: los ni\u00f1os hu\u00e9rfanos; los ni\u00f1os desplazados; los ni\u00f1os desaparecidos; los ni\u00f1os ap\u00e1tridas e invisibles.","robots":{"index":"index","follow":"follow","max-snippet":"max-snippet:-1","max-image-preview":"max-image-preview:large","max-video-preview":"max-video-preview:-1"},"canonical":"https:\/\/www.humanium.org\/es\/enfoques-tematicos\/aislamiento-desarraigo\/","og_locale":"es_ES","og_type":"article","og_title":"Aislamiento y desarraigo - Humanium","og_description":"Aislamiento y desarraigo: los ni\u00f1os hu\u00e9rfanos; los ni\u00f1os desplazados; los ni\u00f1os desaparecidos; los ni\u00f1os ap\u00e1tridas e invisibles.","og_url":"https:\/\/www.humanium.org\/es\/enfoques-tematicos\/aislamiento-desarraigo\/","og_site_name":"Humanium","article_modified_time":"2025-05-17T11:40:53+00:00","og_image":[{"url":"https:\/\/www.humanium.org\/es\/wp-content\/uploads\/2024\/09\/Shutterstock_2500604267_small-image-300x300.jpg","type":"","width":"","height":""}],"twitter_card":"summary_large_image","twitter_misc":{"Tiempo de lectura":"4 minutos"},"schema":{"@context":"https:\/\/schema.org","@graph":[{"@type":"WebPage","@id":"https:\/\/www.humanium.org\/es\/enfoques-tematicos\/aislamiento-desarraigo\/","url":"https:\/\/www.humanium.org\/es\/enfoques-tematicos\/aislamiento-desarraigo\/","name":"Aislamiento y desarraigo - Humanium","isPartOf":{"@id":"https:\/\/www.humanium.org\/es\/#website"},"primaryImageOfPage":{"@id":"https:\/\/www.humanium.org\/es\/enfoques-tematicos\/aislamiento-desarraigo\/#primaryimage"},"image":{"@id":"https:\/\/www.humanium.org\/es\/enfoques-tematicos\/aislamiento-desarraigo\/#primaryimage"},"thumbnailUrl":"https:\/\/www.humanium.org\/es\/wp-content\/uploads\/2024\/09\/Shutterstock_2500604267_small-image-300x300.jpg","datePublished":"2012-12-03T08:53:31+00:00","dateModified":"2025-05-17T11:40:53+00:00","description":"Aislamiento y desarraigo: los ni\u00f1os hu\u00e9rfanos; los ni\u00f1os desplazados; los ni\u00f1os desaparecidos; los ni\u00f1os ap\u00e1tridas e invisibles.","breadcrumb":{"@id":"https:\/\/www.humanium.org\/es\/enfoques-tematicos\/aislamiento-desarraigo\/#breadcrumb"},"inLanguage":"es","potentialAction":[{"@type":"ReadAction","target":["https:\/\/www.humanium.org\/es\/enfoques-tematicos\/aislamiento-desarraigo\/"]}]},{"@type":"ImageObject","inLanguage":"es","@id":"https:\/\/www.humanium.org\/es\/enfoques-tematicos\/aislamiento-desarraigo\/#primaryimage","url":"https:\/\/www.humanium.org\/es\/wp-content\/uploads\/2024\/09\/Shutterstock_2500604267_small-image.jpg","contentUrl":"https:\/\/www.humanium.org\/es\/wp-content\/uploads\/2024\/09\/Shutterstock_2500604267_small-image.jpg","width":900,"height":900},{"@type":"BreadcrumbList","@id":"https:\/\/www.humanium.org\/es\/enfoques-tematicos\/aislamiento-desarraigo\/#breadcrumb","itemListElement":[{"@type":"ListItem","position":1,"name":"Home","item":"https:\/\/www.humanium.org\/es\/"},{"@type":"ListItem","position":2,"name":"Enfoques tem\u00e1ticos","item":"https:\/\/www.humanium.org\/es\/enfoques-tematicos\/"},{"@type":"ListItem","position":3,"name":"Aislamiento y desarraigo"}]},{"@type":"WebSite","@id":"https:\/\/www.humanium.org\/es\/#website","url":"https:\/\/www.humanium.org\/es\/","name":"Humanium","description":"\u00a1Los ni\u00f1os primero!","potentialAction":[{"@type":"SearchAction","target":{"@type":"EntryPoint","urlTemplate":"https:\/\/www.humanium.org\/es\/?s={search_term_string}"},"query-input":{"@type":"PropertyValueSpecification","valueRequired":true,"valueName":"search_term_string"}}],"inLanguage":"es"}]}},"_links":{"self":[{"href":"https:\/\/www.humanium.org\/es\/wp-json\/wp\/v2\/pages\/349","targetHints":{"allow":["GET"]}}],"collection":[{"href":"https:\/\/www.humanium.org\/es\/wp-json\/wp\/v2\/pages"}],"about":[{"href":"https:\/\/www.humanium.org\/es\/wp-json\/wp\/v2\/types\/page"}],"author":[{"embeddable":true,"href":"https:\/\/www.humanium.org\/es\/wp-json\/wp\/v2\/users\/1"}],"replies":[{"embeddable":true,"href":"https:\/\/www.humanium.org\/es\/wp-json\/wp\/v2\/comments?post=349"}],"version-history":[{"count":20,"href":"https:\/\/www.humanium.org\/es\/wp-json\/wp\/v2\/pages\/349\/revisions"}],"predecessor-version":[{"id":19694,"href":"https:\/\/www.humanium.org\/es\/wp-json\/wp\/v2\/pages\/349\/revisions\/19694"}],"up":[{"embeddable":true,"href":"https:\/\/www.humanium.org\/es\/wp-json\/wp\/v2\/pages\/283"}],"wp:attachment":[{"href":"https:\/\/www.humanium.org\/es\/wp-json\/wp\/v2\/media?parent=349"}],"curies":[{"name":"wp","href":"https:\/\/api.w.org\/{rel}","templated":true}]}}