{"id":3518,"date":"2013-08-13T09:36:54","date_gmt":"2013-08-13T09:36:54","guid":{"rendered":"http:\/\/www.humanium.org\/es\/?page_id=3518"},"modified":"2025-12-05T17:50:00","modified_gmt":"2025-12-05T17:50:00","slug":"papua-nueva-guinea","status":"publish","type":"page","link":"https:\/\/www.humanium.org\/es\/papua-nueva-guinea\/","title":{"rendered":"Ni\u00f1os de Pap\u00faa Nueva-Guinea"},"content":{"rendered":"<h1>Ni\u00f1os de Pap\u00faa Nueva-Guinea<\/h1>\n<h2>Descubriendo los Derechos del Ni\u00f1o de Pap\u00faa Nueva-Guinea<\/h2>\n<p style=\"text-align: center;\"><img loading=\"lazy\" decoding=\"async\" class=\"alignnone size-full wp-image-23203\" title=\"Ni\u00f1a de Pap\u00faa Nueva Guinea \u00a9 appie2009 (flickr)\" src=\"https:\/\/www.humanium.org\/fr\/wp-content\/uploads\/2012\/08\/papua-girl-appie2009-flickr.jpg\" alt=\"\" width=\"130\" height=\"200\" \/>\u00a0<img loading=\"lazy\" decoding=\"async\" class=\"alignnone size-full wp-image-23201\" title=\"Ni\u00f1o de Pap\u00faa Nueva Guinea \u00a9 Radio Nederland.Wereldomroep (flickr)\" src=\"https:\/\/www.humanium.org\/fr\/wp-content\/uploads\/2012\/08\/image-garcon-Radio-Nederland.Wereldomroep-flickr.jpg\" alt=\"\" width=\"133\" height=\"200\" \/><\/p>\n<p>La situaci\u00f3n de los ni\u00f1os de Pap\u00faa Nueva-Guinea es realmente dif\u00edcil. A pesar de algunas mejoras, sobre todo en materia de justicia y educaci\u00f3n, todav\u00eda hay grandes lagunas en t\u00e9rminos de protecci\u00f3n de los derechos de los ni\u00f1os. Ellos son las principales v\u00edctimas de maltrato, explotaci\u00f3n y fallas en el sistema sanitario.<\/p>\n<h3>Principales problemas que afectan a los ni\u00f1os en Pap\u00faa Nueva-Guinea<\/h3>\n<p><strong><a href=\"https:\/\/www.humanium.org\/es\/pobreza-infantil\/\">Pobreza<\/a><\/strong><\/p>\n<p><img loading=\"lazy\" decoding=\"async\" class=\"alignright wp-image-23204\" title=\"Muchos ni\u00f1os no tienen un acceso correcto al agua potable \u00a9 eGuide Travel (flickr)\" src=\"https:\/\/www.humanium.org\/fr\/wp-content\/uploads\/2012\/08\/image-eau-eGuide-Travel-flickr.jpg\" alt=\"\" width=\"245\" height=\"162\" \/>Con un 37% de la poblaci\u00f3n viviendo por debajo del umbral internacional de <a href=\"https:\/\/www.humanium.org\/es\/pobreza-infantil\/\">pobreza<\/a> (1,25 USD\/d\u00eda), muchos ni\u00f1os de Pap\u00faa Nueva-Guinea no tienen acceso al <a href=\"https:\/\/www.humanium.org\/es\/derecho-agua\/\">agua<\/a> potable ni a una <a href=\"https:\/\/www.humanium.org\/es\/derecho-alimentacion\/\">alimentaci\u00f3n<\/a> adecuada. Un 28% de ellos est\u00e1n moderada o severamente desnutridos. Por su parte, un 43% sufre un retraso en el crecimiento. La <a href=\"https:\/\/www.humanium.org\/es\/pobreza-infantil\/\">pobreza<\/a> es una de las principales causas de la desescolarizaci\u00f3n, as\u00ed como del tr\u00e1fico, explotaci\u00f3n y trabajo infantil en el pa\u00eds.<\/p>\n<p><a href=\"https:\/\/www.humanium.org\/es\/abuso-infantil\/\"><strong>Maltrato<\/strong><\/a><\/p>\n<p>Los castigos corporales como medida educativa no est\u00e1n prohibidos por la ley. Los padres, los tutores y los profesores a menudo hacen uso de ellos para disciplinar a los ni\u00f1os. Tanto en la casa como en el colegio, los ni\u00f1os frecuentemente son v\u00edctimas de negligencias y <a href=\"https:\/\/www.humanium.org\/es\/abuso-infantil\/\/\">maltratos<\/a>, especialmente <a href=\"https:\/\/www.humanium.org\/es\/explotacion-sexual-infantil\/\">sexuales<\/a>, dans la vie de tous les jours, \u00e0 la maison comme \u00e0 l\u2019\u00e9cole.<\/p>\n<p><img loading=\"lazy\" decoding=\"async\" class=\"alignright wp-image-23206\" title=\"La violencia en torno a las mujeres y las chicas se considera \u201cnormal\u201d para muchos \u00a9 eGuide Travel (flickr)\" src=\"https:\/\/www.humanium.org\/fr\/wp-content\/uploads\/2012\/08\/image-maltraitance-femme-et-fillette-eGuide-Travel-flickr.jpg\" alt=\"\" width=\"218\" height=\"144\" \/>Los actos de <a href=\"https:\/\/www.humanium.org\/es\/abuso-infantil\/\">violencia<\/a> f\u00edsica en torno a las mujeres y ni\u00f1as est\u00e1n omnipresentes y son considerados \u201cnormales\u201d por gran parte de la poblaci\u00f3n. M\u00e1s de la mitad ya han sido agredidas por un hombre e incluso en las parejas j\u00f3venes, los maridos golpean a sus mujeres. Adem\u00e1s, el riesgo de ser agredida fuera de casa tambi\u00e9n es muy elevado. La ausencia de persecuci\u00f3n <a href=\"https:\/\/www.humanium.org\/es\/que-es-justicia\/\">judicial<\/a> contra los culpables de tal violencia no disuade a los criminales. Asimismo, las fuerzas del orden, reputadas por su brutalidad, son las propias culpables de numerosos actos de violencia, incluso sexual, contra chicas j\u00f3venes.<\/p>\n<p><strong>Ni\u00f1os brujos<\/strong><\/p>\n<p>Se ha informado de actos de torturas b\u00e1rbaras y asesinatos de personas acusadas de brujer\u00eda, a menudo mujeres y chicas j\u00f3venes. As\u00ed, se habr\u00edan perpetrado unos cincuenta asesinatos en 2010 en las provincias de Tierras Altas Orientales y Simbu. Las cifras indican que el n\u00famero de v\u00edctimas est\u00e1 aumentando, mientras que el gobierno no hace nada por prevenirlo o sancionar a los culpables.<\/p>\n<p><a href=\"https:\/\/www.humanium.org\/es\/derecho-salud\/\"><strong>Derecho a sanidad<\/strong><\/a><\/p>\n<p><img loading=\"lazy\" decoding=\"async\" class=\"alignright size-full wp-image-23205\" title=\"1 de cada 21 ni\u00f1os no pasa de los 5 a\u00f1os \u00a9 Cuso international (flickr)\" src=\"https:\/\/www.humanium.org\/fr\/wp-content\/uploads\/2012\/08\/image-clinique-mere-enfant-cuso-international-flickr.jpg\" alt=\"\" width=\"208\" height=\"141\" \/>Las capacidades del sistema de <a href=\"https:\/\/www.humanium.org\/es\/derecho-salud\/\">sanidad<\/a> del pa\u00eds y la educaci\u00f3n sanitaria de base son insuficientes. El sistema de atenci\u00f3n sanitaria gratuito puesto en marcha por el gobierno hace unos a\u00f1os est\u00e1 abandonado, debido a que el presupuesto destinado a ello es muy poco y las infraestructuras se deterioran. Adem\u00e1s a causa de las condiciones clim\u00e1ticas y medioambientales desfavorables, son muchas las epidemias de dengue, malaria y hepatitis A. Por esta raz\u00f3n las tasas de <a href=\"https:\/\/www.humanium.org\/es\/mortalidad-infantil\/\">mortalidad<\/a> materna e infantil son muy elevadas, sobre todo en las regiones rurales. As\u00ed pues, 1 de cada 21 ni\u00f1os no sobrevive m\u00e1s all\u00e1 de los 5 a\u00f1os.<\/p>\n<p>El pa\u00eds posee adem\u00e1s, la tasa m\u00e1s alta de contagio de <a href=\"https:\/\/www.humanium.org\/es\/ninos-sida\/\">VIH\/SIDA<\/a> en la regi\u00f3n; seg\u00fan la OMS, m\u00e1s del 1% de la poblaci\u00f3n ser\u00eda atendida a causa de este mal. Las malas condiciones de acceso a pruebas, tratamientos y medios de prevenci\u00f3n; aunado al hostigamiento a los enfermos y personas que tienen preservativos, favorecen la transmisi\u00f3n de la enfermedad.<\/p>\n<p>Las mujeres est\u00e1n m\u00e1s expuestas a la infecci\u00f3n a causa de las <a href=\"https:\/\/www.humanium.org\/es\/explotacion-sexual-infantil\/\">agresiones sexuales<\/a> y desigualdades en el tratamiento que sufren. Representan m\u00e1s del 60% de los enfermos y la tasa de contagio en las chicas de 15 a 19 a\u00f1os es la m\u00e1s elevada del pa\u00eds, cuatro veces m\u00e1s elevada que la de los chicos de la misma edad.<\/p>\n<p>Por otra parte, las Naciones Unidas estiman que 5.610 ni\u00f1os se convirtieron en hu\u00e9rfanos a causa del <a href=\"https:\/\/www.humanium.org\/es\/ninos-sida\/\">VIH\/SIDA<\/a> en 2009, de los cuales 3000 ni\u00f1os estaban contagiados.<\/p>\n<p><a href=\"https:\/\/www.humanium.org\/es\/derecho-educacion\/\"><strong>Derecho a la educaci\u00f3n<\/strong><\/a><\/p>\n<p><img loading=\"lazy\" decoding=\"async\" class=\"alignright wp-image-23208\" title=\"Muchos ni\u00f1os no tienen acceso a la educaci\u00f3n, o muy poco \u00a9 SurfaceWarriors (flickr)\" src=\"https:\/\/www.humanium.org\/fr\/wp-content\/uploads\/2012\/08\/image-ecole-SurfaceWarriors-flickr.jpg\" alt=\"\" width=\"202\" height=\"144\" \/>Gratuita durante los dos primeros a\u00f1os de primaria solamente, la <a href=\"https:\/\/www.humanium.org\/es\/derecho-educacion\/\">educaci\u00f3n<\/a> no es obligatoria. Por falta de medios o a causa de situaciones familiares complejas, muchos ni\u00f1os tienen poco o nulo acceso a ella. Algunos van al colegio de forma tard\u00eda, lo que favorece el fracaso escolar. En consecuencia, m\u00e1s del 30% de los j\u00f3venes de 15 a 24 a\u00f1os son analfabetos.<\/p>\n<p>Los ni\u00f1os que viven en regiones rurales est\u00e1n m\u00e1s afectados por la <a href=\"https:\/\/www.humanium.org\/es\/derecho-educacion\/\">desescolarizaci\u00f3n<\/a>. Menos del 50% de ellos van a la escuela y solo la mitad termina el ciclo de primaria. Las ni\u00f1as son menos susceptibles de seguir una educaci\u00f3n completa, v\u00edctimas especialmente de abusos sexuales en el colegio o en el camino al mismo.<\/p>\n<p><a href=\"https:\/\/www.humanium.org\/es\/matrimonio-infantil\/\"><strong>Matrimonio de ni\u00f1os<\/strong><\/a><\/p>\n<p>La edad m\u00ednima legal para el <a href=\"https:\/\/www.humanium.org\/es\/matrimonio-infantil\/\">matrimonio<\/a> es de 16 a\u00f1os para las chicas y 18 para los chicos, pero puede bajar respectivamente a 14 y 16 a\u00f1os con el consentimiento de los padres y de la justicia. Sin embargo, en las comunidades rurales donde se practica el matrimonio consuetudinario no es raro que los ni\u00f1os se casen a\u00fan m\u00e1s pronto, inclusive a los 12 a\u00f1os.<\/p>\n<p>Estos<a href=\"https:\/\/www.humanium.org\/es\/matrimonio-infantil\/\"> matrimonios precoces<\/a> tienen consecuencias especialmente graves para las chicas, sobre todo en t\u00e9rminos de sanidad y educaci\u00f3n. De las chicas de 15 a 19 a\u00f1os, 15% ya est\u00e1n casadas o en uni\u00f3n. La pr\u00e1ctica del \u201cprecio de la novia\u201d (forma de dote), la poligamia y los matrimonios forzados son tambi\u00e9n fuentes de violencia y discriminaci\u00f3n. As\u00ed pues, puede ocurrir que las chicas se den en matrimonio para pagar las deudas de su familia y as\u00ed se vean <a href=\"https:\/\/www.humanium.org\/es\/trabajo-infantil\/\">explotadas<\/a>.<\/p>\n<p><a href=\"https:\/\/www.humanium.org\/es\/trata-ninos\/\"><strong>Tr\u00e1fico y explotaci\u00f3n de ni\u00f1os<\/strong><\/a><\/p>\n<p>A pesar de haber firmado el Convenio sobre las peores formas de trabajo infantil, Pap\u00faa Nueva-Guinea no ha tomado suficientes medidas de prevenci\u00f3n para proteger a los ni\u00f1os de la <a href=\"https:\/\/www.humanium.org\/es\/trata-ninos\/\">trata<\/a>. S\u00f3lo est\u00e1 prohibida la trata de chicas y aqu\u00e9lla con fines de <a href=\"https:\/\/www.humanium.org\/es\/explotacion-sexual-infantil\/\">explotaci\u00f3n sexual<\/a>. El tr\u00e1fico de ni\u00f1os con fines de explotaci\u00f3n laboral no es ilegal. En todos los casos, apenas se persigue a los traficantes y menos a\u00fan se les sanciona.<\/p>\n<p><img loading=\"lazy\" decoding=\"async\" class=\"alignright wp-image-23209\" title=\"La explotaci\u00f3n de los ni\u00f1os con fines sexuales o laborales est\u00e1 muy extendida \u00a9 eGuide Travel (flickr)\" src=\"https:\/\/www.humanium.org\/fr\/wp-content\/uploads\/2012\/08\/image-exploitation-eGuide-Travel-flickr.jpg\" alt=\"\" width=\"245\" height=\"162\" \/><a href=\"https:\/\/www.humanium.org\/es\/trabajo-infantil\/\">La explotaci\u00f3n de ni\u00f1os<\/a> est\u00e1 muy extendida, incluso para los trabajos peligrosos. Se toman muy pocas medidas para luchar contra este fen\u00f3meno y proteger a las v\u00edctimas. As\u00ed pues, aunque la legislaci\u00f3n establece que la pornograf\u00eda infantil es ilegal y contempla penas graves en caso de <a href=\"https:\/\/www.humanium.org\/es\/explotacion-sexual-infantil\/\">relaciones sexuales con un meno<\/a> la <a href=\"https:\/\/www.humanium.org\/es\/prostitucion-infantil\/\">prostituci\u00f3n<\/a> de ni\u00f1as inclusive de 10 a\u00f1os de edad, se ha convertido en un medio de supervivencia econ\u00f3mica importante.<\/p>\n<p>No es raro que los propios padres participen en la explotaci\u00f3n de sus ni\u00f1os, contrat\u00e1ndolos como sirvientes o <a href=\"https:\/\/www.humanium.org\/es\/prostitucion-infantil\/\">prostituy\u00e9ndoles<\/a> a falta de medios para alimentarlos. Una pr\u00e1ctica extendida consiste en que un miembro m\u00e1s rico de la familia, o una familia acomodada \u201cadopte\u201d de manera informal a su hijo, a menudo como pago de una deuda. El ni\u00f1o se encuentra as\u00ed en una situaci\u00f3n de servidumbre, obligado a trabajar durante horas, sin descanso, ocio, cuidados ni educaci\u00f3n.<\/p>\n<p><a href=\"https:\/\/www.humanium.org\/es\/ninos-calle\/\"><strong>Ni\u00f1os de la calle<\/strong><\/a><\/p>\n<p>La violencia dom\u00e9stica, la disgregaci\u00f3n de la familia, el desempleo de los padres, el \u00e9xodo rural y la presi\u00f3n de los compa\u00f1eros son los principales factores que conducen a los ni\u00f1os a <a href=\"https:\/\/www.humanium.org\/es\/ninos-calle\/\"> vivir y\/o trabajar en la calle<\/a>.<\/p>\n<p>Hoy en d\u00eda hay muchos se encuentran en <a href=\"https:\/\/www.humanium.org\/es\/ninos-calle\/\">las calles<\/a> de la capital vendiendo cigarrillos, CD o comida; o en las inmediaciones de las instalaciones mineras y forestales, a pesar de que la <a href=\"https:\/\/www.humanium.org\/es\/que-es-justicia\/\">ley<\/a> proh\u00edbe el trabajo minero para los menores de 16 a\u00f1os (salvo en ciertas circunstancias y siempre que no interfiera en la educaci\u00f3n). La mayor\u00eda de ellos nunca han estado en el colegio o lo han abandonado r\u00e1pidamente. El gobierno trabaja en la elaboraci\u00f3n de una pol\u00edtica nacional para luchar contra este fen\u00f3meno, pero por el momento no se ha adoptado ninguna medida concreta.<\/p>\n<p><a href=\"https:\/\/www.humanium.org\/es\/que-es-justicia\/\"><strong>Justicia<\/strong><\/a><\/p>\n<p>La <a href=\"https:\/\/www.humanium.org\/es\/pobreza-infantil\/\">pobreza<\/a>, el \u00e9xodo rural y el desmoronamiento de la c\u00e9lula familiar ser\u00edan responsables del aumento de los <a href=\"https:\/\/www.humanium.org\/es\/que-es-justicia\/\">delitos<\/a> cometidos por menores. Estos ser\u00edan autores del 10% de los actos criminales en la capital. No menos del 40% de los j\u00f3venes, sobre todo chicos de 14 a 18 a\u00f1os, est\u00e1n envueltos <a href=\"https:\/\/www.humanium.org\/es\/ninos-sistema-judicial\/\">en conflictos con la justicia<\/a>.<\/p>\n<p>El sistema judicial se ha visto reforzado recientemente por una ley relativa a las infracciones y cr\u00edmenes sexuales hacia menores, y otra relativa a la protecci\u00f3n de la infancia (Lukautim Pikinini). Sin embargo, los progresos son lentos y a\u00fan faltan muchos esfuerzos. As\u00ed pues, la <a href=\"https:\/\/www.humanium.org\/es\/justicia-juvenil\/\">responsabilidad criminal<\/a> sigue fijada en 7 a\u00f1os, un l\u00edmite demasiado bajo.<\/p>\n<p>A la mayor\u00eda de los j\u00f3venes se les detiene por peque\u00f1os delitos, neg\u00e1ndoles el goce de sus derechos fundamentales, especialmente el acceso a <a href=\"https:\/\/www.humanium.org\/es\/derecho-salud\/\">cuidados<\/a>. Muchos son <a href=\"https:\/\/www.humanium.org\/es\/abuso-infantil\/\">maltratados<\/a> por las fuerzas del orden, cuyas coacciones son de notoriedad p\u00fablica, en particular en torno a los menores delincuentes, prostituidos u homosexuales.<\/p>\n<p>Desde la aplicaci\u00f3n de los tribunales de j\u00f3venes, a los delincuentes menores se les separa del <a href=\"https:\/\/www.humanium.org\/es\/justicia-juvenil\/\"> ssistema judicial<\/a> cl\u00e1sico. Pero a los j\u00f3venes condenados siguen poni\u00e9ndoles en <a href=\"https:\/\/www.humanium.org\/es\/ninos-detenidos\/\">prisi\u00f3n<\/a> junto con adultos, donde tienen muchas posibilidades de ser agredidos. Las condiciones de la detenci\u00f3n son tambi\u00e9n inapropiadas para los ni\u00f1os, en especial en materia de higiene y cuidados.<\/p>\n<p><strong>Expropiaciones<\/strong><\/p>\n<p><img loading=\"lazy\" decoding=\"async\" class=\"alignright size-full wp-image-23213\" title=\"Algunas empresas no dudan en usar la fuerza para desalojar a las comunidades \u00a9 CIFOR (flickr)\" src=\"https:\/\/www.humanium.org\/fr\/wp-content\/uploads\/2012\/08\/image-expropriation-CIFOR-flickr.jpg\" alt=\"\" width=\"200\" height=\"150\" \/>Algunas compa\u00f1\u00edas poco escrupulosas dedicadas a la explotaci\u00f3n de recursos naturales; desalojan por la fuerza a las comunidades que viven en las zonas de explotaci\u00f3n, sin darles ninguna ayuda financiera. Se ha informado de destrucci\u00f3n de pueblos, violaciones en grupo y otras transgresiones a los derechos humanos. A falta de regulaci\u00f3n por parte del gobierno, la brutalidad de estas expropiaciones, as\u00ed como el desarraigo y la miseria que siguen, tienen graves consecuencias en los ni\u00f1os.<\/p>\n<p><a href=\"https:\/\/www.humanium.org\/es\/no-discriminacion\/\"><strong>Discriminaciones<\/strong><\/a><\/p>\n<p>La <a href=\"https:\/\/www.humanium.org\/es\/no-discriminacion\/\">discriminaci\u00f3n<\/a> social persiste en torno a las chicas y ciertos grupos de ni\u00f1os vulnerables, tal es el caso de <a href=\"https:\/\/www.humanium.org\/es\/ninos-discapacitados\/\"> ni\u00f1os minusv\u00e1lidos<\/a> o nacidos fuera del matrimonio, por ejemplo. Adem\u00e1s, en la constituci\u00f3n del pa\u00eds no se proh\u00edbe la discriminaci\u00f3n basada en la minusval\u00eda.<\/p>\n<p>En lo que respecta al matrimonio y su disoluci\u00f3n; las relaciones en el seno de la familia y las cuestiones de herencia, las chicas y mujeres son especialmente afectadas por ciertas costumbres discriminatorias, especialmente en las comunidades rurales remotas.<\/p>\n","protected":false},"excerpt":{"rendered":"<p>Ni\u00f1os de Pap\u00faa Nueva-Guinea Descubriendo los Derechos del Ni\u00f1o de Pap\u00faa Nueva-Guinea \u00a0 La situaci\u00f3n de los ni\u00f1os de Pap\u00faa Nueva-Guinea es realmente dif\u00edcil. A pesar de algunas mejoras, sobre todo en materia de justicia y educaci\u00f3n, todav\u00eda hay grandes lagunas en t\u00e9rminos de protecci\u00f3n de los derechos de los ni\u00f1os. Ellos son las principales [&hellip;]<\/p>\n","protected":false},"author":1,"featured_media":0,"parent":0,"menu_order":0,"comment_status":"closed","ping_status":"open","template":"","meta":{"footnotes":""},"class_list":["post-3518","page","type-page","status-publish","hentry"],"yoast_head":"<!-- This site is optimized with the Yoast SEO plugin v26.5 - https:\/\/yoast.com\/wordpress\/plugins\/seo\/ -->\n<title>Ni\u00f1os de Pap\u00faa Nueva-Guinea - Humanium<\/title>\n<meta name=\"description\" content=\"La situaci\u00f3n de los ni\u00f1os de Pap\u00faa Nueva-Guinea es dif\u00edcil. A pesar de las mejoras, hay a\u00fan lagunas relativas a la protecci\u00f3n de los derechos de los ni\u00f1os.\" \/>\n<meta name=\"robots\" content=\"index, follow, max-snippet:-1, max-image-preview:large, max-video-preview:-1\" \/>\n<link rel=\"canonical\" href=\"https:\/\/www.humanium.org\/es\/papua-nueva-guinea\/\" \/>\n<meta property=\"og:locale\" content=\"es_ES\" \/>\n<meta property=\"og:type\" content=\"article\" \/>\n<meta property=\"og:title\" content=\"Ni\u00f1os de Pap\u00faa Nueva-Guinea - Humanium\" \/>\n<meta property=\"og:description\" content=\"La situaci\u00f3n de los ni\u00f1os de Pap\u00faa Nueva-Guinea es dif\u00edcil. A pesar de las mejoras, hay a\u00fan lagunas relativas a la protecci\u00f3n de los derechos de los ni\u00f1os.\" \/>\n<meta property=\"og:url\" content=\"https:\/\/www.humanium.org\/es\/papua-nueva-guinea\/\" \/>\n<meta property=\"og:site_name\" content=\"Humanium\" \/>\n<meta property=\"article:modified_time\" content=\"2025-12-05T17:50:00+00:00\" \/>\n<meta name=\"twitter:card\" content=\"summary_large_image\" \/>\n<meta name=\"twitter:label1\" content=\"Tiempo de lectura\" \/>\n\t<meta name=\"twitter:data1\" content=\"10 minutos\" \/>\n<script type=\"application\/ld+json\" class=\"yoast-schema-graph\">{\"@context\":\"https:\/\/schema.org\",\"@graph\":[{\"@type\":\"WebPage\",\"@id\":\"https:\/\/www.humanium.org\/es\/papua-nueva-guinea\/\",\"url\":\"https:\/\/www.humanium.org\/es\/papua-nueva-guinea\/\",\"name\":\"Ni\u00f1os de Pap\u00faa Nueva-Guinea - Humanium\",\"isPartOf\":{\"@id\":\"https:\/\/www.humanium.org\/es\/#website\"},\"primaryImageOfPage\":{\"@id\":\"https:\/\/www.humanium.org\/es\/papua-nueva-guinea\/#primaryimage\"},\"image\":{\"@id\":\"https:\/\/www.humanium.org\/es\/papua-nueva-guinea\/#primaryimage\"},\"thumbnailUrl\":\"https:\/\/www.humanium.org\/fr\/wp-content\/uploads\/2012\/08\/papua-girl-appie2009-flickr.jpg\",\"datePublished\":\"2013-08-13T09:36:54+00:00\",\"dateModified\":\"2025-12-05T17:50:00+00:00\",\"description\":\"La situaci\u00f3n de los ni\u00f1os de Pap\u00faa Nueva-Guinea es dif\u00edcil. A pesar de las mejoras, hay a\u00fan lagunas relativas a la protecci\u00f3n de los derechos de los ni\u00f1os.\",\"breadcrumb\":{\"@id\":\"https:\/\/www.humanium.org\/es\/papua-nueva-guinea\/#breadcrumb\"},\"inLanguage\":\"es\",\"potentialAction\":[{\"@type\":\"ReadAction\",\"target\":[\"https:\/\/www.humanium.org\/es\/papua-nueva-guinea\/\"]}]},{\"@type\":\"ImageObject\",\"inLanguage\":\"es\",\"@id\":\"https:\/\/www.humanium.org\/es\/papua-nueva-guinea\/#primaryimage\",\"url\":\"https:\/\/www.humanium.org\/fr\/wp-content\/uploads\/2012\/08\/papua-girl-appie2009-flickr.jpg\",\"contentUrl\":\"https:\/\/www.humanium.org\/fr\/wp-content\/uploads\/2012\/08\/papua-girl-appie2009-flickr.jpg\"},{\"@type\":\"BreadcrumbList\",\"@id\":\"https:\/\/www.humanium.org\/es\/papua-nueva-guinea\/#breadcrumb\",\"itemListElement\":[{\"@type\":\"ListItem\",\"position\":1,\"name\":\"Home\",\"item\":\"https:\/\/www.humanium.org\/es\/\"},{\"@type\":\"ListItem\",\"position\":2,\"name\":\"Ni\u00f1os de Pap\u00faa Nueva-Guinea\"}]},{\"@type\":\"WebSite\",\"@id\":\"https:\/\/www.humanium.org\/es\/#website\",\"url\":\"https:\/\/www.humanium.org\/es\/\",\"name\":\"Humanium\",\"description\":\"\u00a1Los ni\u00f1os primero!\",\"potentialAction\":[{\"@type\":\"SearchAction\",\"target\":{\"@type\":\"EntryPoint\",\"urlTemplate\":\"https:\/\/www.humanium.org\/es\/?s={search_term_string}\"},\"query-input\":{\"@type\":\"PropertyValueSpecification\",\"valueRequired\":true,\"valueName\":\"search_term_string\"}}],\"inLanguage\":\"es\"}]}<\/script>\n<!-- \/ Yoast SEO plugin. -->","yoast_head_json":{"title":"Ni\u00f1os de Pap\u00faa Nueva-Guinea - Humanium","description":"La situaci\u00f3n de los ni\u00f1os de Pap\u00faa Nueva-Guinea es dif\u00edcil. A pesar de las mejoras, hay a\u00fan lagunas relativas a la protecci\u00f3n de los derechos de los ni\u00f1os.","robots":{"index":"index","follow":"follow","max-snippet":"max-snippet:-1","max-image-preview":"max-image-preview:large","max-video-preview":"max-video-preview:-1"},"canonical":"https:\/\/www.humanium.org\/es\/papua-nueva-guinea\/","og_locale":"es_ES","og_type":"article","og_title":"Ni\u00f1os de Pap\u00faa Nueva-Guinea - Humanium","og_description":"La situaci\u00f3n de los ni\u00f1os de Pap\u00faa Nueva-Guinea es dif\u00edcil. A pesar de las mejoras, hay a\u00fan lagunas relativas a la protecci\u00f3n de los derechos de los ni\u00f1os.","og_url":"https:\/\/www.humanium.org\/es\/papua-nueva-guinea\/","og_site_name":"Humanium","article_modified_time":"2025-12-05T17:50:00+00:00","twitter_card":"summary_large_image","twitter_misc":{"Tiempo de lectura":"10 minutos"},"schema":{"@context":"https:\/\/schema.org","@graph":[{"@type":"WebPage","@id":"https:\/\/www.humanium.org\/es\/papua-nueva-guinea\/","url":"https:\/\/www.humanium.org\/es\/papua-nueva-guinea\/","name":"Ni\u00f1os de Pap\u00faa Nueva-Guinea - Humanium","isPartOf":{"@id":"https:\/\/www.humanium.org\/es\/#website"},"primaryImageOfPage":{"@id":"https:\/\/www.humanium.org\/es\/papua-nueva-guinea\/#primaryimage"},"image":{"@id":"https:\/\/www.humanium.org\/es\/papua-nueva-guinea\/#primaryimage"},"thumbnailUrl":"https:\/\/www.humanium.org\/fr\/wp-content\/uploads\/2012\/08\/papua-girl-appie2009-flickr.jpg","datePublished":"2013-08-13T09:36:54+00:00","dateModified":"2025-12-05T17:50:00+00:00","description":"La situaci\u00f3n de los ni\u00f1os de Pap\u00faa Nueva-Guinea es dif\u00edcil. A pesar de las mejoras, hay a\u00fan lagunas relativas a la protecci\u00f3n de los derechos de los ni\u00f1os.","breadcrumb":{"@id":"https:\/\/www.humanium.org\/es\/papua-nueva-guinea\/#breadcrumb"},"inLanguage":"es","potentialAction":[{"@type":"ReadAction","target":["https:\/\/www.humanium.org\/es\/papua-nueva-guinea\/"]}]},{"@type":"ImageObject","inLanguage":"es","@id":"https:\/\/www.humanium.org\/es\/papua-nueva-guinea\/#primaryimage","url":"https:\/\/www.humanium.org\/fr\/wp-content\/uploads\/2012\/08\/papua-girl-appie2009-flickr.jpg","contentUrl":"https:\/\/www.humanium.org\/fr\/wp-content\/uploads\/2012\/08\/papua-girl-appie2009-flickr.jpg"},{"@type":"BreadcrumbList","@id":"https:\/\/www.humanium.org\/es\/papua-nueva-guinea\/#breadcrumb","itemListElement":[{"@type":"ListItem","position":1,"name":"Home","item":"https:\/\/www.humanium.org\/es\/"},{"@type":"ListItem","position":2,"name":"Ni\u00f1os de Pap\u00faa Nueva-Guinea"}]},{"@type":"WebSite","@id":"https:\/\/www.humanium.org\/es\/#website","url":"https:\/\/www.humanium.org\/es\/","name":"Humanium","description":"\u00a1Los ni\u00f1os primero!","potentialAction":[{"@type":"SearchAction","target":{"@type":"EntryPoint","urlTemplate":"https:\/\/www.humanium.org\/es\/?s={search_term_string}"},"query-input":{"@type":"PropertyValueSpecification","valueRequired":true,"valueName":"search_term_string"}}],"inLanguage":"es"}]}},"_links":{"self":[{"href":"https:\/\/www.humanium.org\/es\/wp-json\/wp\/v2\/pages\/3518","targetHints":{"allow":["GET"]}}],"collection":[{"href":"https:\/\/www.humanium.org\/es\/wp-json\/wp\/v2\/pages"}],"about":[{"href":"https:\/\/www.humanium.org\/es\/wp-json\/wp\/v2\/types\/page"}],"author":[{"embeddable":true,"href":"https:\/\/www.humanium.org\/es\/wp-json\/wp\/v2\/users\/1"}],"replies":[{"embeddable":true,"href":"https:\/\/www.humanium.org\/es\/wp-json\/wp\/v2\/comments?post=3518"}],"version-history":[{"count":4,"href":"https:\/\/www.humanium.org\/es\/wp-json\/wp\/v2\/pages\/3518\/revisions"}],"predecessor-version":[{"id":20446,"href":"https:\/\/www.humanium.org\/es\/wp-json\/wp\/v2\/pages\/3518\/revisions\/20446"}],"wp:attachment":[{"href":"https:\/\/www.humanium.org\/es\/wp-json\/wp\/v2\/media?parent=3518"}],"curies":[{"name":"wp","href":"https:\/\/api.w.org\/{rel}","templated":true}]}}