{"id":352,"date":"2012-12-03T09:10:50","date_gmt":"2012-12-03T09:10:50","guid":{"rendered":"http:\/\/www.humanium.org\/es\/?page_id=352"},"modified":"2025-10-26T11:56:10","modified_gmt":"2025-10-26T11:56:10","slug":"justicia","status":"publish","type":"page","link":"https:\/\/www.humanium.org\/es\/enfoques-tematicos\/justicia\/","title":{"rendered":"Justicia"},"content":{"rendered":"<h1>Justicia<\/h1>\n<hr align=\"left\" size=\"4\" width=\"30%\" \/>\n<h2 style=\"margin-bottom: 10px;\"><a href=\"https:\/\/www.humanium.org\/es\/enfoques-tematicos\/justicia\/que-es-justicia\/\"><img loading=\"lazy\" decoding=\"async\" class=\" wp-image-19507 alignleft\" src=\"https:\/\/www.humanium.org\/es\/wp-content\/uploads\/2025\/02\/Shutterstock_752997244-1-300x300.jpg\" alt=\"\" width=\"139\" height=\"139\" srcset=\"https:\/\/www.humanium.org\/es\/wp-content\/uploads\/2025\/02\/Shutterstock_752997244-1-300x300.jpg 300w, https:\/\/www.humanium.org\/es\/wp-content\/uploads\/2025\/02\/Shutterstock_752997244-1-150x150.jpg 150w, https:\/\/www.humanium.org\/es\/wp-content\/uploads\/2025\/02\/Shutterstock_752997244-1-768x768.jpg 768w, https:\/\/www.humanium.org\/es\/wp-content\/uploads\/2025\/02\/Shutterstock_752997244-1-830x830.jpg 830w, https:\/\/www.humanium.org\/es\/wp-content\/uploads\/2025\/02\/Shutterstock_752997244-1-230x230.jpg 230w, https:\/\/www.humanium.org\/es\/wp-content\/uploads\/2025\/02\/Shutterstock_752997244-1-350x350.jpg 350w, https:\/\/www.humanium.org\/es\/wp-content\/uploads\/2025\/02\/Shutterstock_752997244-1-480x480.jpg 480w, https:\/\/www.humanium.org\/es\/wp-content\/uploads\/2025\/02\/Shutterstock_752997244-1.jpg 900w\" sizes=\"auto, (max-width: 139px) 100vw, 139px\" \/>Qu\u00e9 es la Justicia<\/a><\/h2>\n<p>La justicia infantil abarca medidas legales para proteger sus derechos y bienestar, que van m\u00e1s all\u00e1 de los contextos penales. Incluye principios de justicia adaptada a los ni\u00f1os de las normas internacionales, que abarcan los procedimientos judiciales no penales.<\/p>\n<hr \/>\n<h2 style=\"margin-bottom: 10px;\"><a href=\"https:\/\/www.humanium.org\/es\/enfoques-tematicos\/justicia\/leyes-justicia-infantil-2\/\"><img loading=\"lazy\" decoding=\"async\" class=\"wp-image-19558 alignleft\" src=\"https:\/\/www.humanium.org\/es\/wp-content\/uploads\/2025\/03\/Shutterstock_2512543919-1-300x300.jpg\" alt=\"\" width=\"146\" height=\"146\" srcset=\"https:\/\/www.humanium.org\/es\/wp-content\/uploads\/2025\/03\/Shutterstock_2512543919-1-300x300.jpg 300w, https:\/\/www.humanium.org\/es\/wp-content\/uploads\/2025\/03\/Shutterstock_2512543919-1-150x150.jpg 150w, https:\/\/www.humanium.org\/es\/wp-content\/uploads\/2025\/03\/Shutterstock_2512543919-1-768x768.jpg 768w, https:\/\/www.humanium.org\/es\/wp-content\/uploads\/2025\/03\/Shutterstock_2512543919-1-830x830.jpg 830w, https:\/\/www.humanium.org\/es\/wp-content\/uploads\/2025\/03\/Shutterstock_2512543919-1-230x230.jpg 230w, https:\/\/www.humanium.org\/es\/wp-content\/uploads\/2025\/03\/Shutterstock_2512543919-1-350x350.jpg 350w, https:\/\/www.humanium.org\/es\/wp-content\/uploads\/2025\/03\/Shutterstock_2512543919-1-480x480.jpg 480w, https:\/\/www.humanium.org\/es\/wp-content\/uploads\/2025\/03\/Shutterstock_2512543919-1.jpg 900w\" sizes=\"auto, (max-width: 146px) 100vw, 146px\" \/>Reglas internacionales de justicia infantil<\/a><\/h2>\n<p>Una parte integral para lograr el Estado de Derecho y sus objetivos asociados radica en el trato que reciben los ni\u00f1os por parte de los sistemas jur\u00eddicos, sociales y judiciales, y de las instituciones de seguridad nacionales.<\/p>\n<hr \/>\n<h2 style=\"margin-bottom: 10px;\"><a href=\"https:\/\/www.humanium.org\/es\/enfoques-tematicos\/justicia\/leyes-justicia-infantil-2\/\"><img loading=\"lazy\" decoding=\"async\" class=\"wp-image-20076 alignleft\" src=\"https:\/\/www.humanium.org\/es\/wp-content\/uploads\/2025\/10\/shutterstock_1556002430_edited-300x300.jpeg\" alt=\"\" width=\"150\" height=\"150\" srcset=\"https:\/\/www.humanium.org\/es\/wp-content\/uploads\/2025\/10\/shutterstock_1556002430_edited-300x300.jpeg 300w, https:\/\/www.humanium.org\/es\/wp-content\/uploads\/2025\/10\/shutterstock_1556002430_edited-150x150.jpeg 150w, https:\/\/www.humanium.org\/es\/wp-content\/uploads\/2025\/10\/shutterstock_1556002430_edited-230x230.jpeg 230w, https:\/\/www.humanium.org\/es\/wp-content\/uploads\/2025\/10\/shutterstock_1556002430_edited.jpeg 334w\" sizes=\"auto, (max-width: 150px) 100vw, 150px\" \/><\/a><a href=\"https:\/\/www.humanium.org\/es\/el-derecho-al-voto-de-los-ninos-y-los-jovenes\/\">El derecho al voto de los ni\u00f1os y los j\u00f3venes<\/a><\/h2>\n<p>Tradicionalmente, se suele excluir a los ni\u00f1os del derecho al voto, con algunas excepciones, como en los pa\u00edses donde la edad para votar se ha establecido en los diecis\u00e9is a\u00f1os.<\/p>\n<hr \/>\n<h2 style=\"margin-bottom: 10px;\"><img loading=\"lazy\" decoding=\"async\" class=\"wp-image-19560 alignleft\" src=\"https:\/\/www.humanium.org\/es\/wp-content\/uploads\/2025\/03\/Shutterstock_1539387056-300x300.jpg\" alt=\"\" width=\"150\" height=\"150\" srcset=\"https:\/\/www.humanium.org\/es\/wp-content\/uploads\/2025\/03\/Shutterstock_1539387056-300x300.jpg 300w, https:\/\/www.humanium.org\/es\/wp-content\/uploads\/2025\/03\/Shutterstock_1539387056-150x150.jpg 150w, https:\/\/www.humanium.org\/es\/wp-content\/uploads\/2025\/03\/Shutterstock_1539387056-768x768.jpg 768w, https:\/\/www.humanium.org\/es\/wp-content\/uploads\/2025\/03\/Shutterstock_1539387056-830x830.jpg 830w, https:\/\/www.humanium.org\/es\/wp-content\/uploads\/2025\/03\/Shutterstock_1539387056-230x230.jpg 230w, https:\/\/www.humanium.org\/es\/wp-content\/uploads\/2025\/03\/Shutterstock_1539387056-350x350.jpg 350w, https:\/\/www.humanium.org\/es\/wp-content\/uploads\/2025\/03\/Shutterstock_1539387056-480x480.jpg 480w, https:\/\/www.humanium.org\/es\/wp-content\/uploads\/2025\/03\/Shutterstock_1539387056.jpg 900w\" sizes=\"auto, (max-width: 150px) 100vw, 150px\" \/><a href=\"https:\/\/www.humanium.org\/es\/enfoques-tematicos\/justicia\/ninos-sistema-judicial\/\">Los ni\u00f1os en el sistema de justicia<\/a><\/h2>\n<p>Todos los a\u00f1os, miles de ni\u00f1os entran en contacto con el sistema de justicia. Pueden estar involucrados en procedimientos de justicia penal por conflictos con la ley, por haber sido testigos o v\u00edctimas de un delito, o por una combinaci\u00f3n de ambos.<\/p>\n<hr \/>\n<h2 style=\"margin-bottom: 10px;\"><img loading=\"lazy\" decoding=\"async\" class=\" wp-image-19455 alignleft\" src=\"https:\/\/www.humanium.org\/es\/wp-content\/uploads\/2025\/02\/Shutterstock_1959770014-1-300x300.jpg\" alt=\"\" width=\"145\" height=\"145\" srcset=\"https:\/\/www.humanium.org\/es\/wp-content\/uploads\/2025\/02\/Shutterstock_1959770014-1-300x300.jpg 300w, https:\/\/www.humanium.org\/es\/wp-content\/uploads\/2025\/02\/Shutterstock_1959770014-1-150x150.jpg 150w, https:\/\/www.humanium.org\/es\/wp-content\/uploads\/2025\/02\/Shutterstock_1959770014-1-768x768.jpg 768w, https:\/\/www.humanium.org\/es\/wp-content\/uploads\/2025\/02\/Shutterstock_1959770014-1-830x830.jpg 830w, https:\/\/www.humanium.org\/es\/wp-content\/uploads\/2025\/02\/Shutterstock_1959770014-1-230x230.jpg 230w, https:\/\/www.humanium.org\/es\/wp-content\/uploads\/2025\/02\/Shutterstock_1959770014-1-350x350.jpg 350w, https:\/\/www.humanium.org\/es\/wp-content\/uploads\/2025\/02\/Shutterstock_1959770014-1-480x480.jpg 480w, https:\/\/www.humanium.org\/es\/wp-content\/uploads\/2025\/02\/Shutterstock_1959770014-1.jpg 900w\" sizes=\"auto, (max-width: 145px) 100vw, 145px\" \/><a href=\"https:\/\/www.humanium.org\/es\/ley-de-menores\/\">Ley de menores<\/a><\/h2>\n<p>Entender y respetar la ley de menores, desde la delincuencia y la responsabilidad criminal hasta el bienestar y la protecci\u00f3n de los ni\u00f1os, es crucial para construir las bases de una sociedad sana.<\/p>\n<hr \/>\n<h2 style=\"margin-bottom: 10px;\"><a href=\"https:\/\/www.humanium.org\/es\/justicia-juvenil\/\"><img loading=\"lazy\" decoding=\"async\" class=\" wp-image-19427 alignleft\" src=\"https:\/\/www.humanium.org\/es\/wp-content\/uploads\/2025\/01\/Shutterstock_2434644861-1-300x300.jpg\" alt=\"\" width=\"144\" height=\"144\" srcset=\"https:\/\/www.humanium.org\/es\/wp-content\/uploads\/2025\/01\/Shutterstock_2434644861-1-300x300.jpg 300w, https:\/\/www.humanium.org\/es\/wp-content\/uploads\/2025\/01\/Shutterstock_2434644861-1-150x150.jpg 150w, https:\/\/www.humanium.org\/es\/wp-content\/uploads\/2025\/01\/Shutterstock_2434644861-1-768x768.jpg 768w, https:\/\/www.humanium.org\/es\/wp-content\/uploads\/2025\/01\/Shutterstock_2434644861-1-830x830.jpg 830w, https:\/\/www.humanium.org\/es\/wp-content\/uploads\/2025\/01\/Shutterstock_2434644861-1-230x230.jpg 230w, https:\/\/www.humanium.org\/es\/wp-content\/uploads\/2025\/01\/Shutterstock_2434644861-1-350x350.jpg 350w, https:\/\/www.humanium.org\/es\/wp-content\/uploads\/2025\/01\/Shutterstock_2434644861-1-480x480.jpg 480w, https:\/\/www.humanium.org\/es\/wp-content\/uploads\/2025\/01\/Shutterstock_2434644861-1.jpg 900w\" sizes=\"auto, (max-width: 144px) 100vw, 144px\" \/>Justicia de menores<\/a><\/h2>\n<p>Con 1,3 a 1,5 millones de ni\u00f1os detenidos anualmente, los fallos de los sistemas de justicia de menores son evidentes. Los Estados deben aplicar los principios de la justicia de menores para proteger a los ni\u00f1os de las violentas y perjudiciales condiciones de la custodia.<\/p>\n<hr \/>\n<h2 style=\"margin-bottom: 10px;\"><a href=\"https:\/\/www.humanium.org\/es\/enfoques-tematicos\/justicia\/ninos-detenidos\/\"><img loading=\"lazy\" decoding=\"async\" class=\" wp-image-19465 alignleft\" src=\"https:\/\/www.humanium.org\/es\/wp-content\/uploads\/2025\/02\/Shutterstock_366005588-300x300.jpg\" alt=\"\" width=\"142\" height=\"142\" srcset=\"https:\/\/www.humanium.org\/es\/wp-content\/uploads\/2025\/02\/Shutterstock_366005588-300x300.jpg 300w, https:\/\/www.humanium.org\/es\/wp-content\/uploads\/2025\/02\/Shutterstock_366005588-150x150.jpg 150w, https:\/\/www.humanium.org\/es\/wp-content\/uploads\/2025\/02\/Shutterstock_366005588-768x768.jpg 768w, https:\/\/www.humanium.org\/es\/wp-content\/uploads\/2025\/02\/Shutterstock_366005588-830x830.jpg 830w, https:\/\/www.humanium.org\/es\/wp-content\/uploads\/2025\/02\/Shutterstock_366005588-230x230.jpg 230w, https:\/\/www.humanium.org\/es\/wp-content\/uploads\/2025\/02\/Shutterstock_366005588-350x350.jpg 350w, https:\/\/www.humanium.org\/es\/wp-content\/uploads\/2025\/02\/Shutterstock_366005588-480x480.jpg 480w, https:\/\/www.humanium.org\/es\/wp-content\/uploads\/2025\/02\/Shutterstock_366005588.jpg 900w\" sizes=\"auto, (max-width: 142px) 100vw, 142px\" \/>Ni\u00f1os detenidos<\/a><\/h2>\n<p>El elevado n\u00famero de ni\u00f1os detenidos pone de manifiesto la urgente necesidad de incrementar la sensibilizaci\u00f3n y aunar esfuerzos para salvaguardar los derechos y el bienestar de estos j\u00f3venes en situaci\u00f3n de vulnerabilidad.<\/p>\n<hr \/>\n<h2 style=\"margin-bottom: 10px;\"><img loading=\"lazy\" decoding=\"async\" class=\"wp-image-19626 alignleft\" src=\"https:\/\/www.humanium.org\/es\/wp-content\/uploads\/2025\/04\/Shutterstock_1095110036-1-300x300.jpg\" alt=\"\" width=\"142\" height=\"142\" srcset=\"https:\/\/www.humanium.org\/es\/wp-content\/uploads\/2025\/04\/Shutterstock_1095110036-1-300x300.jpg 300w, https:\/\/www.humanium.org\/es\/wp-content\/uploads\/2025\/04\/Shutterstock_1095110036-1-150x150.jpg 150w, https:\/\/www.humanium.org\/es\/wp-content\/uploads\/2025\/04\/Shutterstock_1095110036-1-768x768.jpg 768w, https:\/\/www.humanium.org\/es\/wp-content\/uploads\/2025\/04\/Shutterstock_1095110036-1-830x830.jpg 830w, https:\/\/www.humanium.org\/es\/wp-content\/uploads\/2025\/04\/Shutterstock_1095110036-1-230x230.jpg 230w, https:\/\/www.humanium.org\/es\/wp-content\/uploads\/2025\/04\/Shutterstock_1095110036-1-350x350.jpg 350w, https:\/\/www.humanium.org\/es\/wp-content\/uploads\/2025\/04\/Shutterstock_1095110036-1-480x480.jpg 480w, https:\/\/www.humanium.org\/es\/wp-content\/uploads\/2025\/04\/Shutterstock_1095110036-1.jpg 900w\" sizes=\"auto, (max-width: 142px) 100vw, 142px\" \/><a href=\"https:\/\/www.humanium.org\/es\/la-gestacion-subrogada-y-los-derechos-de-la-ninez\/\">La gestaci\u00f3n subrogada\u00a0<\/a><\/h2>\n<p>La gestaci\u00f3n subrogada es un acuerdo por medio del cual una mujer se la obliga a ser la gestante y dar a luz al hijo de otra persona o pareja. El proceso es realizado mediante tecnolog\u00edas novedosas que ofrecen a los padres gen\u00e9ticos la oportunidad de tener hijos biol\u00f3gicos a pesar de complicaciones existentes.<\/p>\n","protected":false},"excerpt":{"rendered":"<p>Justicia Qu\u00e9 es la Justicia La justicia infantil abarca medidas legales para proteger sus derechos y bienestar, que van m\u00e1s all\u00e1 de los contextos penales. Incluye principios de justicia adaptada a los ni\u00f1os de las normas internacionales, que abarcan los procedimientos judiciales no penales. Reglas internacionales de justicia infantil Una parte integral para lograr el [&hellip;]<\/p>\n","protected":false},"author":1,"featured_media":0,"parent":283,"menu_order":0,"comment_status":"closed","ping_status":"closed","template":"","meta":{"footnotes":""},"class_list":["post-352","page","type-page","status-publish","hentry"],"yoast_head":"<!-- This site is optimized with the Yoast SEO plugin v26.5 - https:\/\/yoast.com\/wordpress\/plugins\/seo\/ -->\n<title>Justicia - Humanium<\/title>\n<meta name=\"description\" content=\"Justicia: Qu\u00e9 es la Justicia; Leyes internacionales; ni\u00f1os en el Sistema Judicial; Justicia juvenil; ni\u00f1os detenidos; efectos de la justicia en menores.\" \/>\n<meta name=\"robots\" content=\"index, follow, max-snippet:-1, max-image-preview:large, max-video-preview:-1\" \/>\n<link rel=\"canonical\" href=\"https:\/\/www.humanium.org\/es\/enfoques-tematicos\/justicia\/\" \/>\n<meta property=\"og:locale\" content=\"es_ES\" \/>\n<meta property=\"og:type\" content=\"article\" \/>\n<meta property=\"og:title\" content=\"Justicia - Humanium\" \/>\n<meta property=\"og:description\" content=\"Justicia: Qu\u00e9 es la Justicia; Leyes internacionales; ni\u00f1os en el Sistema Judicial; Justicia juvenil; ni\u00f1os detenidos; efectos de la justicia en menores.\" \/>\n<meta property=\"og:url\" content=\"https:\/\/www.humanium.org\/es\/enfoques-tematicos\/justicia\/\" \/>\n<meta property=\"og:site_name\" content=\"Humanium\" \/>\n<meta property=\"article:modified_time\" content=\"2025-10-26T11:56:10+00:00\" \/>\n<meta property=\"og:image\" content=\"https:\/\/www.humanium.org\/es\/wp-content\/uploads\/2025\/02\/Shutterstock_752997244-1.jpg\" \/>\n\t<meta property=\"og:image:width\" content=\"900\" \/>\n\t<meta property=\"og:image:height\" content=\"900\" \/>\n\t<meta property=\"og:image:type\" content=\"image\/jpeg\" \/>\n<meta name=\"twitter:card\" content=\"summary_large_image\" \/>\n<meta name=\"twitter:label1\" content=\"Tiempo de lectura\" \/>\n\t<meta name=\"twitter:data1\" content=\"4 minutos\" \/>\n<script type=\"application\/ld+json\" class=\"yoast-schema-graph\">{\"@context\":\"https:\/\/schema.org\",\"@graph\":[{\"@type\":\"WebPage\",\"@id\":\"https:\/\/www.humanium.org\/es\/enfoques-tematicos\/justicia\/\",\"url\":\"https:\/\/www.humanium.org\/es\/enfoques-tematicos\/justicia\/\",\"name\":\"Justicia - Humanium\",\"isPartOf\":{\"@id\":\"https:\/\/www.humanium.org\/es\/#website\"},\"primaryImageOfPage\":{\"@id\":\"https:\/\/www.humanium.org\/es\/enfoques-tematicos\/justicia\/#primaryimage\"},\"image\":{\"@id\":\"https:\/\/www.humanium.org\/es\/enfoques-tematicos\/justicia\/#primaryimage\"},\"thumbnailUrl\":\"https:\/\/www.humanium.org\/es\/wp-content\/uploads\/2025\/02\/Shutterstock_752997244-1-300x300.jpg\",\"datePublished\":\"2012-12-03T09:10:50+00:00\",\"dateModified\":\"2025-10-26T11:56:10+00:00\",\"description\":\"Justicia: Qu\u00e9 es la Justicia; Leyes internacionales; ni\u00f1os en el Sistema Judicial; Justicia juvenil; ni\u00f1os detenidos; efectos de la justicia en menores.\",\"breadcrumb\":{\"@id\":\"https:\/\/www.humanium.org\/es\/enfoques-tematicos\/justicia\/#breadcrumb\"},\"inLanguage\":\"es\",\"potentialAction\":[{\"@type\":\"ReadAction\",\"target\":[\"https:\/\/www.humanium.org\/es\/enfoques-tematicos\/justicia\/\"]}]},{\"@type\":\"ImageObject\",\"inLanguage\":\"es\",\"@id\":\"https:\/\/www.humanium.org\/es\/enfoques-tematicos\/justicia\/#primaryimage\",\"url\":\"https:\/\/www.humanium.org\/es\/wp-content\/uploads\/2025\/02\/Shutterstock_752997244-1.jpg\",\"contentUrl\":\"https:\/\/www.humanium.org\/es\/wp-content\/uploads\/2025\/02\/Shutterstock_752997244-1.jpg\",\"width\":900,\"height\":900},{\"@type\":\"BreadcrumbList\",\"@id\":\"https:\/\/www.humanium.org\/es\/enfoques-tematicos\/justicia\/#breadcrumb\",\"itemListElement\":[{\"@type\":\"ListItem\",\"position\":1,\"name\":\"Home\",\"item\":\"https:\/\/www.humanium.org\/es\/\"},{\"@type\":\"ListItem\",\"position\":2,\"name\":\"Enfoques tem\u00e1ticos\",\"item\":\"https:\/\/www.humanium.org\/es\/enfoques-tematicos\/\"},{\"@type\":\"ListItem\",\"position\":3,\"name\":\"Justicia\"}]},{\"@type\":\"WebSite\",\"@id\":\"https:\/\/www.humanium.org\/es\/#website\",\"url\":\"https:\/\/www.humanium.org\/es\/\",\"name\":\"Humanium\",\"description\":\"\u00a1Los ni\u00f1os primero!\",\"potentialAction\":[{\"@type\":\"SearchAction\",\"target\":{\"@type\":\"EntryPoint\",\"urlTemplate\":\"https:\/\/www.humanium.org\/es\/?s={search_term_string}\"},\"query-input\":{\"@type\":\"PropertyValueSpecification\",\"valueRequired\":true,\"valueName\":\"search_term_string\"}}],\"inLanguage\":\"es\"}]}<\/script>\n<!-- \/ Yoast SEO plugin. -->","yoast_head_json":{"title":"Justicia - Humanium","description":"Justicia: Qu\u00e9 es la Justicia; Leyes internacionales; ni\u00f1os en el Sistema Judicial; Justicia juvenil; ni\u00f1os detenidos; efectos de la justicia en menores.","robots":{"index":"index","follow":"follow","max-snippet":"max-snippet:-1","max-image-preview":"max-image-preview:large","max-video-preview":"max-video-preview:-1"},"canonical":"https:\/\/www.humanium.org\/es\/enfoques-tematicos\/justicia\/","og_locale":"es_ES","og_type":"article","og_title":"Justicia - Humanium","og_description":"Justicia: Qu\u00e9 es la Justicia; Leyes internacionales; ni\u00f1os en el Sistema Judicial; Justicia juvenil; ni\u00f1os detenidos; efectos de la justicia en menores.","og_url":"https:\/\/www.humanium.org\/es\/enfoques-tematicos\/justicia\/","og_site_name":"Humanium","article_modified_time":"2025-10-26T11:56:10+00:00","og_image":[{"width":900,"height":900,"url":"https:\/\/www.humanium.org\/es\/wp-content\/uploads\/2025\/02\/Shutterstock_752997244-1.jpg","type":"image\/jpeg"}],"twitter_card":"summary_large_image","twitter_misc":{"Tiempo de lectura":"4 minutos"},"schema":{"@context":"https:\/\/schema.org","@graph":[{"@type":"WebPage","@id":"https:\/\/www.humanium.org\/es\/enfoques-tematicos\/justicia\/","url":"https:\/\/www.humanium.org\/es\/enfoques-tematicos\/justicia\/","name":"Justicia - Humanium","isPartOf":{"@id":"https:\/\/www.humanium.org\/es\/#website"},"primaryImageOfPage":{"@id":"https:\/\/www.humanium.org\/es\/enfoques-tematicos\/justicia\/#primaryimage"},"image":{"@id":"https:\/\/www.humanium.org\/es\/enfoques-tematicos\/justicia\/#primaryimage"},"thumbnailUrl":"https:\/\/www.humanium.org\/es\/wp-content\/uploads\/2025\/02\/Shutterstock_752997244-1-300x300.jpg","datePublished":"2012-12-03T09:10:50+00:00","dateModified":"2025-10-26T11:56:10+00:00","description":"Justicia: Qu\u00e9 es la Justicia; Leyes internacionales; ni\u00f1os en el Sistema Judicial; Justicia juvenil; ni\u00f1os detenidos; efectos de la justicia en menores.","breadcrumb":{"@id":"https:\/\/www.humanium.org\/es\/enfoques-tematicos\/justicia\/#breadcrumb"},"inLanguage":"es","potentialAction":[{"@type":"ReadAction","target":["https:\/\/www.humanium.org\/es\/enfoques-tematicos\/justicia\/"]}]},{"@type":"ImageObject","inLanguage":"es","@id":"https:\/\/www.humanium.org\/es\/enfoques-tematicos\/justicia\/#primaryimage","url":"https:\/\/www.humanium.org\/es\/wp-content\/uploads\/2025\/02\/Shutterstock_752997244-1.jpg","contentUrl":"https:\/\/www.humanium.org\/es\/wp-content\/uploads\/2025\/02\/Shutterstock_752997244-1.jpg","width":900,"height":900},{"@type":"BreadcrumbList","@id":"https:\/\/www.humanium.org\/es\/enfoques-tematicos\/justicia\/#breadcrumb","itemListElement":[{"@type":"ListItem","position":1,"name":"Home","item":"https:\/\/www.humanium.org\/es\/"},{"@type":"ListItem","position":2,"name":"Enfoques tem\u00e1ticos","item":"https:\/\/www.humanium.org\/es\/enfoques-tematicos\/"},{"@type":"ListItem","position":3,"name":"Justicia"}]},{"@type":"WebSite","@id":"https:\/\/www.humanium.org\/es\/#website","url":"https:\/\/www.humanium.org\/es\/","name":"Humanium","description":"\u00a1Los ni\u00f1os primero!","potentialAction":[{"@type":"SearchAction","target":{"@type":"EntryPoint","urlTemplate":"https:\/\/www.humanium.org\/es\/?s={search_term_string}"},"query-input":{"@type":"PropertyValueSpecification","valueRequired":true,"valueName":"search_term_string"}}],"inLanguage":"es"}]}},"_links":{"self":[{"href":"https:\/\/www.humanium.org\/es\/wp-json\/wp\/v2\/pages\/352","targetHints":{"allow":["GET"]}}],"collection":[{"href":"https:\/\/www.humanium.org\/es\/wp-json\/wp\/v2\/pages"}],"about":[{"href":"https:\/\/www.humanium.org\/es\/wp-json\/wp\/v2\/types\/page"}],"author":[{"embeddable":true,"href":"https:\/\/www.humanium.org\/es\/wp-json\/wp\/v2\/users\/1"}],"replies":[{"embeddable":true,"href":"https:\/\/www.humanium.org\/es\/wp-json\/wp\/v2\/comments?post=352"}],"version-history":[{"count":18,"href":"https:\/\/www.humanium.org\/es\/wp-json\/wp\/v2\/pages\/352\/revisions"}],"predecessor-version":[{"id":20081,"href":"https:\/\/www.humanium.org\/es\/wp-json\/wp\/v2\/pages\/352\/revisions\/20081"}],"up":[{"embeddable":true,"href":"https:\/\/www.humanium.org\/es\/wp-json\/wp\/v2\/pages\/283"}],"wp:attachment":[{"href":"https:\/\/www.humanium.org\/es\/wp-json\/wp\/v2\/media?parent=352"}],"curies":[{"name":"wp","href":"https:\/\/api.w.org\/{rel}","templated":true}]}}