{"id":3540,"date":"2013-08-13T12:05:29","date_gmt":"2013-08-13T12:05:29","guid":{"rendered":"http:\/\/www.humanium.org\/es\/?page_id=3540"},"modified":"2025-12-05T18:00:37","modified_gmt":"2025-12-05T18:00:37","slug":"rumania","status":"publish","type":"page","link":"https:\/\/www.humanium.org\/es\/rumania\/","title":{"rendered":"Ni\u00f1os de Ruman\u00eda"},"content":{"rendered":"<h1>Ni\u00f1os de Ruman\u00eda<\/h1>\n<h2>Descubriendo los Derechos del Ni\u00f1o de Ruman\u00eda<\/h2>\n<p style=\"text-align: center;\"><img loading=\"lazy\" decoding=\"async\" class=\"alignnone size-full wp-image-13940\" title=\"Ni\u00f1a rumana \u00a9 Pk nd 90 (flickr)\" src=\"https:\/\/www.humanium.org\/fr\/wp-content\/uploads\/2011\/08\/fillette-pk-nd-neuf-zero-flickr.jpg\" alt=\"\" width=\"202\" height=\"200\" \/>\u00a0 <img loading=\"lazy\" decoding=\"async\" class=\"alignnone size-full wp-image-13943\" title=\"Ni\u00f1o rumano \u00a9 Pknd 09 (flickr)\" src=\"https:\/\/www.humanium.org\/fr\/wp-content\/uploads\/2011\/08\/garcon-pk-nd-neuf-zero3.jpg\" alt=\"\" width=\"198\" height=\"200\" \/><\/p>\n<p>Ruman\u00eda, incorporada recientemente a la Uni\u00f3n Europea, debe dar m\u00e1s pasos para respetar la <a href=\"https:\/\/www.humanium.org\/es\/convencion\/\">Convenci\u00f3n de los Derechos del Ni\u00f1o<\/a>. Muchos rumanos se ven forzados a vivir en la pobreza sin la oportunidad de disfrutar de todos sus derechos.<\/p>\n<h3>Principales problemas que afectan a los ni\u00f1os en Ruman\u00eda<\/h3>\n<p><strong><a href=\"https:\/\/www.humanium.org\/es\/pobreza-infantil\/\">Pobreza<\/a><\/strong><\/p>\n<p><img loading=\"lazy\" decoding=\"async\" class=\"alignright size-full wp-image-14125\" title=\"Un cuarto de la poblaci\u00f3n rumana vive por debajo del umbral de la pobreza \u00a9 Laughing tree (flickr)\" src=\"https:\/\/www.humanium.org\/fr\/wp-content\/uploads\/2011\/09\/pauvrete-laughing-tree-flickr-noretouch.jpg\" alt=\"\" width=\"166\" height=\"180\" \/>La situaci\u00f3n econ\u00f3mica de Ruman\u00eda es muy mala. Esto explica por qu\u00e9 un cuarto de la poblaci\u00f3n todav\u00eda vive por debajo del <a href=\"https:\/\/www.humanium.org\/es\/pobreza-infantil\/\">umbral de la pobreza<\/a>.<\/p>\n<p>Estas familias afectadas por la escasez, lejos de disfrutar de sus derechos fundamentales, tienen pocas esperanzas de cambiar. As\u00ed, los ni\u00f1os de estas familias viven en condiciones dif\u00edciles en las que el acceso a la sanidad, educaci\u00f3n, etc, est\u00e1n comprometidos.<\/p>\n<p><strong><a href=\"https:\/\/www.humanium.org\/es\/trabajo-infantil\/\">Trabajo infantil<\/a><\/strong><\/p>\n<p>La pobreza prevalente en las zonas rurales fuerza a muchos ni\u00f1os a trabajar. Aunque se estima que hoy solo un 1% de los ni\u00f1os <a href=\"https:\/\/www.humanium.org\/es\/trabajo-infantil\/\">trabaja<\/a>, esta cifra es a\u00fan preocupante.<\/p>\n<p>Estos ni\u00f1os, dependientes de sus familias, a menudo son obligados a mendigar, limpiar parabrisas de los coches o incluso a trabajar fabricando ladrillos. Estos trabajos son perjudiciales para su desarrollo f\u00edsico y psicol\u00f3gico.<\/p>\n<p>Estos ni\u00f1os, que con frecuencia viven en la <a href=\"https:\/\/www.humanium.org\/es\/ninos-calle\/\">calle<\/a>, tambi\u00e9n son v\u00edctimas de discriminaci\u00f3n. En estas condiciones, tienen pocas esperanzas de encontrar un trabajo mejor y escapar.<\/p>\n<p><strong><a href=\"https:\/\/www.humanium.org\/es\/derecho-salud\/\">Derecho a la salud<\/a><\/strong><\/p>\n<p><img loading=\"lazy\" decoding=\"async\" class=\"alignright size-full wp-image-14127\" title=\"La carencia de trabajadores en la sanidad provoca consecuencias negativas para los ni\u00f1os \u00a9 Kate b dixon (flickr)\" src=\"https:\/\/www.humanium.org\/fr\/wp-content\/uploads\/2011\/09\/sante-kate-b-dixon-no-retouch-flickr.jpg\" alt=\"\" width=\"151\" height=\"166\" \/><\/p>\n<p>Ruman\u00eda se enfrenta a una grave escasez de m\u00e9dicos. Las \u00e1reas rurales, que constituyen una gran proporci\u00f3n del pa\u00eds, son muy pobres. Los bajos salarios y las condiciones precarias de trabajo en esas zonas empujan a los m\u00e9dicos a trabajar en las ciudades o en el extranjero.<\/p>\n<p>Esta situaci\u00f3n tiene terribles consecuencias para la <a href=\"https:\/\/www.humanium.org\/es\/derecho-salud\/\">salud de los ni\u00f1os<\/a>, por ejemplo, las mujeres embarazadas reciben poca atenci\u00f3n. M\u00e1s de 10.000 embarazos por a\u00f1o no son asistidos, lo que explica el gran n\u00famero de ni\u00f1os que nacen con bajo peso.<\/p>\n<p>Adem\u00e1s, esta carencia de m\u00e9dicos y de atenci\u00f3n sanitaria hace que los ni\u00f1os rumanos sean vulnerables a muchas enfermedades. Desafortunadamente, esto aumenta el riesgo de <a href=\"https:\/\/www.humanium.org\/es\/mortalidad-infantil\/\">muerte de los ni\u00f1os de menos de 5 a\u00f1os<\/a>. Se estima que el 12% de los ni\u00f1os rumanos mueren antes de alcanzar esa edad.<\/p>\n<p><strong><a href=\"https:\/\/www.humanium.org\/es\/abuso-infantil\/\/\">Violencia contra los ni\u00f1os<\/a><\/strong><\/p>\n<p>En Ruman\u00eda se han identificado muchos tipos de <a href=\"https:\/\/www.humanium.org\/es\/abuso-infantil\/\">maltrato<\/a> hacia los ni\u00f1os. Este puede ser: psicol\u00f3gico, f\u00edsico o sexual. La violencia puede ejercerse dentro de la familia o por las autoridades, y se ve como algo \u201cnormal\u201d en este pa\u00eds. Se considera que pegar a un ni\u00f1o es una forma de educarlo.<\/p>\n<p><strong><a href=\"https:\/\/www.humanium.org\/es\/trata-ninos\/\">Tr\u00e1fico de ni\u00f1os<\/a><\/strong><\/p>\n<p><img loading=\"lazy\" decoding=\"async\" class=\"alignright size-full wp-image-14061\" title=\"La presencia de bandas en Ruman\u00eda es peligrosa para la libertad de los ni\u00f1os \u00a9 Photos de biono (flickr)\" src=\"https:\/\/www.humanium.org\/fr\/wp-content\/uploads\/2011\/09\/trafic-photos-de-bio-no-retouch-flickr.jpg\" alt=\"\" width=\"225\" height=\"150\" \/> La situaci\u00f3n en cuanto al secuestro de ni\u00f1os en Ruman\u00eda es catastr\u00f3fica. Las bandas mafiosas son muy activas en Ruman\u00eda. No dudan en reclutar ni\u00f1os, que a veces son entregados por los padres a cambio de dinero. Estos ni\u00f1os a menudo son enviados a Francia, y una vez en Par\u00eds se les dedican a robar parqu\u00edmetros, entre otras cosas.<\/p>\n<p>Los ni\u00f1os y sus familias temen que estas bandas usen la violencia para hacer cumplir sus \u00f3rdenes. Los ni\u00f1os est\u00e1n sometidos a este trauma y tienen muchas dificultades para escapar de las bandas y regresar a sus casas.<\/p>\n<p>Adem\u00e1s, las ni\u00f1as tambi\u00e9n son v\u00edctimas del <a href=\"https:\/\/www.humanium.org\/es\/trata-ninos\/\">tr\u00e1fico<\/a> de personas, que a menudo las conduce a la <a href=\"https:\/\/www.humanium.org\/es\/trata-ninos\/\">prostituci\u00f3n<\/a>. Maltratadas por las bandas, tienen en general poca esperanza de escapar. Sufren traumas psicol\u00f3gicos y f\u00edsicos de los que es dif\u00edcil recuperarse.<\/p>\n<p><strong><a href=\"https:\/\/www.humanium.org\/es\/no-discriminacion\/\">Derecho a la no-discriminaci\u00f3n<\/a><\/strong><\/p>\n<p>El pueblo roman\u00ed, a menudo llamados gitanos, est\u00e1 asentado en el Este de Europa; m\u00e1s de 3 millones de ellos viven en Ruman\u00eda. A pesar de que son originarios de este pa\u00eds, se producen muchos actos de <a href=\"https:\/\/www.humanium.org\/es\/no-discriminacion\/\">discriminaci\u00f3n<\/a> hacia ellos.<\/p>\n<p>Este pueblo y sus hijos viven en condiciones de extrema <a href=\"https:\/\/www.humanium.org\/es\/pobreza-infantil\/\">pobreza<\/a>. Se estima que un 40% vive por debajo del umbral de la pobreza. Como consecuencia sufren muchas repercusiones en su salud f\u00edsica; por ejemplo, tienen una esperanza de vida 15 a\u00f1os menor que el resto de rumanos.<\/p>\n<p>Adem\u00e1s, estas personas son v\u00edctima de una dura <a href=\"https:\/\/www.humanium.org\/es\/no-discriminacion\/\">discriminaci\u00f3n<\/a> hacia los ni\u00f1os y los adultos. El acceso a la educaci\u00f3n, a ciertos empleos, a la salud y a los servicios sociales est\u00e1 a menudo restringido para ellos.<\/p>\n<p><strong><a href=\"https:\/\/www.humanium.org\/es\/derecho-educacion\/\">Derecho a la educaci\u00f3n<\/a><\/strong><\/p>\n<p><img loading=\"lazy\" decoding=\"async\" class=\"alignright size-full wp-image-14129\" title=\"El 10% de los ni\u00f1os rumanos no recibe educaci\u00f3n \u00a9350org (flickr)\" src=\"https:\/\/www.humanium.org\/fr\/wp-content\/uploads\/2011\/09\/education-troiscentcinquante-org-flickr.jpg\" alt=\"\" width=\"202\" height=\"186\" \/><\/p>\n<p>En Ruman\u00eda la educaci\u00f3n es obligatoria desde los 6 a los 15 a\u00f1os. Los ni\u00f1os pueden estudiar en colegios p\u00fablicos o privados, seg\u00fan la elecci\u00f3n de sus padres. Debido a la dif\u00edcil situaci\u00f3n econ\u00f3mica del pa\u00eds el gobierno ha reducido el presupuesto de <a href=\"https:\/\/www.humanium.org\/es\/derecho-educacion\/\">educaci\u00f3n<\/a>. Como consecuencia ha descendido el n\u00famero de profesores. Los bajos salarios y el estatus de los profesores que se est\u00e1 deteriorando, disuaden a los j\u00f3venes de hacerse profesores.<\/p>\n<p>Con el descenso en las estructuras escolares y del profesorado, la calidad de la educaci\u00f3n ofrecida tambi\u00e9n disminuye.<\/p>\n<p>S\u00f3lo un 90% de los ni\u00f1os recibe educaci\u00f3n. Los ni\u00f1os de familias pobres son los que tienen m\u00e1s probabilidades de verse afectados por este problema, ya que con frecuencia sus padres prefieren que <a href=\"https:\/\/www.humanium.org\/es\/trabajo-infantil\/\">trabajen<\/a> en lugar de estudiar.<\/p>\n<p><strong><a href=\"https:\/\/www.humanium.org\/es\/derecho-identidad\/\">Derecho a la identidad<\/a><\/strong><\/p>\n<p>La nacionalidad rumana puede trasmitirse cuando uno de los padres es rumano. Sin embargo, en Ruman\u00eda los ni\u00f1os no siempre se registran al nacer, y entonces no tienen <a href=\"https:\/\/www.humanium.org\/es\/derecho-identidad\/\">identidad oficial<\/a>.<\/p>\n<p>Los ni\u00f1os m\u00e1s vulnerables a este problema son aquellos cuyos padres no tienen documentos de identidad o un hogar en Ruman\u00eda. Por su situaci\u00f3n ilegal, evitan reconocer a sus hijos ante las autoridades, debido al temor a ser devueltos a sus pa\u00edses de origen.<\/p>\n<p>La situaci\u00f3n y el desarrollo de estos ni\u00f1os puede ser l\u00edmite, ya que sin identidad el acceso a los servicios p\u00fablicos como la educaci\u00f3n, la salud, etc, puede ser muy dif\u00edcil.<\/p>\n","protected":false},"excerpt":{"rendered":"<p>Ni\u00f1os de Ruman\u00eda Descubriendo los Derechos del Ni\u00f1o de Ruman\u00eda \u00a0 Ruman\u00eda, incorporada recientemente a la Uni\u00f3n Europea, debe dar m\u00e1s pasos para respetar la Convenci\u00f3n de los Derechos del Ni\u00f1o. Muchos rumanos se ven forzados a vivir en la pobreza sin la oportunidad de disfrutar de todos sus derechos. Principales problemas que afectan a [&hellip;]<\/p>\n","protected":false},"author":1,"featured_media":0,"parent":0,"menu_order":0,"comment_status":"closed","ping_status":"open","template":"","meta":{"footnotes":""},"class_list":["post-3540","page","type-page","status-publish","hentry"],"yoast_head":"<!-- This site is optimized with the Yoast SEO plugin v26.5 - https:\/\/yoast.com\/wordpress\/plugins\/seo\/ -->\n<title>Ni\u00f1os de Ruman\u00eda - Humanium<\/title>\n<meta name=\"description\" content=\"Ruman\u00eda, debe dar m\u00e1s pasos para respetar la Convenci\u00f3n de los Derechos del Ni\u00f1o. Muchos de ellos se ven forzados a vivir en la pobreza.\" \/>\n<meta name=\"robots\" content=\"index, follow, max-snippet:-1, max-image-preview:large, max-video-preview:-1\" \/>\n<link rel=\"canonical\" href=\"https:\/\/www.humanium.org\/es\/rumania\/\" \/>\n<meta property=\"og:locale\" content=\"es_ES\" \/>\n<meta property=\"og:type\" content=\"article\" \/>\n<meta property=\"og:title\" content=\"Ni\u00f1os de Ruman\u00eda - Humanium\" \/>\n<meta property=\"og:description\" content=\"Ruman\u00eda, debe dar m\u00e1s pasos para respetar la Convenci\u00f3n de los Derechos del Ni\u00f1o. Muchos de ellos se ven forzados a vivir en la pobreza.\" \/>\n<meta property=\"og:url\" content=\"https:\/\/www.humanium.org\/es\/rumania\/\" \/>\n<meta property=\"og:site_name\" content=\"Humanium\" \/>\n<meta property=\"article:modified_time\" content=\"2025-12-05T18:00:37+00:00\" \/>\n<meta property=\"og:image\" content=\"https:\/\/www.humanium.org\/es\/wp-content\/uploads\/2020\/05\/shutterstock_1179914260-1-scaled.jpg\" \/>\n\t<meta property=\"og:image:width\" content=\"2560\" \/>\n\t<meta property=\"og:image:height\" content=\"1710\" \/>\n\t<meta property=\"og:image:type\" content=\"image\/jpeg\" \/>\n<meta name=\"twitter:card\" content=\"summary_large_image\" \/>\n<meta name=\"twitter:label1\" content=\"Tiempo de lectura\" \/>\n\t<meta name=\"twitter:data1\" content=\"6 minutos\" \/>\n<script type=\"application\/ld+json\" class=\"yoast-schema-graph\">{\"@context\":\"https:\/\/schema.org\",\"@graph\":[{\"@type\":\"WebPage\",\"@id\":\"https:\/\/www.humanium.org\/es\/rumania\/\",\"url\":\"https:\/\/www.humanium.org\/es\/rumania\/\",\"name\":\"Ni\u00f1os de Ruman\u00eda - Humanium\",\"isPartOf\":{\"@id\":\"https:\/\/www.humanium.org\/es\/#website\"},\"primaryImageOfPage\":{\"@id\":\"https:\/\/www.humanium.org\/es\/rumania\/#primaryimage\"},\"image\":{\"@id\":\"https:\/\/www.humanium.org\/es\/rumania\/#primaryimage\"},\"thumbnailUrl\":\"https:\/\/www.humanium.org\/fr\/wp-content\/uploads\/2011\/08\/fillette-pk-nd-neuf-zero-flickr.jpg\",\"datePublished\":\"2013-08-13T12:05:29+00:00\",\"dateModified\":\"2025-12-05T18:00:37+00:00\",\"description\":\"Ruman\u00eda, debe dar m\u00e1s pasos para respetar la Convenci\u00f3n de los Derechos del Ni\u00f1o. Muchos de ellos se ven forzados a vivir en la pobreza.\",\"breadcrumb\":{\"@id\":\"https:\/\/www.humanium.org\/es\/rumania\/#breadcrumb\"},\"inLanguage\":\"es\",\"potentialAction\":[{\"@type\":\"ReadAction\",\"target\":[\"https:\/\/www.humanium.org\/es\/rumania\/\"]}]},{\"@type\":\"ImageObject\",\"inLanguage\":\"es\",\"@id\":\"https:\/\/www.humanium.org\/es\/rumania\/#primaryimage\",\"url\":\"https:\/\/www.humanium.org\/fr\/wp-content\/uploads\/2011\/08\/fillette-pk-nd-neuf-zero-flickr.jpg\",\"contentUrl\":\"https:\/\/www.humanium.org\/fr\/wp-content\/uploads\/2011\/08\/fillette-pk-nd-neuf-zero-flickr.jpg\"},{\"@type\":\"BreadcrumbList\",\"@id\":\"https:\/\/www.humanium.org\/es\/rumania\/#breadcrumb\",\"itemListElement\":[{\"@type\":\"ListItem\",\"position\":1,\"name\":\"Home\",\"item\":\"https:\/\/www.humanium.org\/es\/\"},{\"@type\":\"ListItem\",\"position\":2,\"name\":\"Ni\u00f1os de Ruman\u00eda\"}]},{\"@type\":\"WebSite\",\"@id\":\"https:\/\/www.humanium.org\/es\/#website\",\"url\":\"https:\/\/www.humanium.org\/es\/\",\"name\":\"Humanium\",\"description\":\"\u00a1Los ni\u00f1os primero!\",\"potentialAction\":[{\"@type\":\"SearchAction\",\"target\":{\"@type\":\"EntryPoint\",\"urlTemplate\":\"https:\/\/www.humanium.org\/es\/?s={search_term_string}\"},\"query-input\":{\"@type\":\"PropertyValueSpecification\",\"valueRequired\":true,\"valueName\":\"search_term_string\"}}],\"inLanguage\":\"es\"}]}<\/script>\n<!-- \/ Yoast SEO plugin. -->","yoast_head_json":{"title":"Ni\u00f1os de Ruman\u00eda - Humanium","description":"Ruman\u00eda, debe dar m\u00e1s pasos para respetar la Convenci\u00f3n de los Derechos del Ni\u00f1o. Muchos de ellos se ven forzados a vivir en la pobreza.","robots":{"index":"index","follow":"follow","max-snippet":"max-snippet:-1","max-image-preview":"max-image-preview:large","max-video-preview":"max-video-preview:-1"},"canonical":"https:\/\/www.humanium.org\/es\/rumania\/","og_locale":"es_ES","og_type":"article","og_title":"Ni\u00f1os de Ruman\u00eda - Humanium","og_description":"Ruman\u00eda, debe dar m\u00e1s pasos para respetar la Convenci\u00f3n de los Derechos del Ni\u00f1o. Muchos de ellos se ven forzados a vivir en la pobreza.","og_url":"https:\/\/www.humanium.org\/es\/rumania\/","og_site_name":"Humanium","article_modified_time":"2025-12-05T18:00:37+00:00","og_image":[{"width":2560,"height":1710,"url":"https:\/\/www.humanium.org\/es\/wp-content\/uploads\/2020\/05\/shutterstock_1179914260-1-scaled.jpg","type":"image\/jpeg"}],"twitter_card":"summary_large_image","twitter_misc":{"Tiempo de lectura":"6 minutos"},"schema":{"@context":"https:\/\/schema.org","@graph":[{"@type":"WebPage","@id":"https:\/\/www.humanium.org\/es\/rumania\/","url":"https:\/\/www.humanium.org\/es\/rumania\/","name":"Ni\u00f1os de Ruman\u00eda - Humanium","isPartOf":{"@id":"https:\/\/www.humanium.org\/es\/#website"},"primaryImageOfPage":{"@id":"https:\/\/www.humanium.org\/es\/rumania\/#primaryimage"},"image":{"@id":"https:\/\/www.humanium.org\/es\/rumania\/#primaryimage"},"thumbnailUrl":"https:\/\/www.humanium.org\/fr\/wp-content\/uploads\/2011\/08\/fillette-pk-nd-neuf-zero-flickr.jpg","datePublished":"2013-08-13T12:05:29+00:00","dateModified":"2025-12-05T18:00:37+00:00","description":"Ruman\u00eda, debe dar m\u00e1s pasos para respetar la Convenci\u00f3n de los Derechos del Ni\u00f1o. Muchos de ellos se ven forzados a vivir en la pobreza.","breadcrumb":{"@id":"https:\/\/www.humanium.org\/es\/rumania\/#breadcrumb"},"inLanguage":"es","potentialAction":[{"@type":"ReadAction","target":["https:\/\/www.humanium.org\/es\/rumania\/"]}]},{"@type":"ImageObject","inLanguage":"es","@id":"https:\/\/www.humanium.org\/es\/rumania\/#primaryimage","url":"https:\/\/www.humanium.org\/fr\/wp-content\/uploads\/2011\/08\/fillette-pk-nd-neuf-zero-flickr.jpg","contentUrl":"https:\/\/www.humanium.org\/fr\/wp-content\/uploads\/2011\/08\/fillette-pk-nd-neuf-zero-flickr.jpg"},{"@type":"BreadcrumbList","@id":"https:\/\/www.humanium.org\/es\/rumania\/#breadcrumb","itemListElement":[{"@type":"ListItem","position":1,"name":"Home","item":"https:\/\/www.humanium.org\/es\/"},{"@type":"ListItem","position":2,"name":"Ni\u00f1os de Ruman\u00eda"}]},{"@type":"WebSite","@id":"https:\/\/www.humanium.org\/es\/#website","url":"https:\/\/www.humanium.org\/es\/","name":"Humanium","description":"\u00a1Los ni\u00f1os primero!","potentialAction":[{"@type":"SearchAction","target":{"@type":"EntryPoint","urlTemplate":"https:\/\/www.humanium.org\/es\/?s={search_term_string}"},"query-input":{"@type":"PropertyValueSpecification","valueRequired":true,"valueName":"search_term_string"}}],"inLanguage":"es"}]}},"_links":{"self":[{"href":"https:\/\/www.humanium.org\/es\/wp-json\/wp\/v2\/pages\/3540","targetHints":{"allow":["GET"]}}],"collection":[{"href":"https:\/\/www.humanium.org\/es\/wp-json\/wp\/v2\/pages"}],"about":[{"href":"https:\/\/www.humanium.org\/es\/wp-json\/wp\/v2\/types\/page"}],"author":[{"embeddable":true,"href":"https:\/\/www.humanium.org\/es\/wp-json\/wp\/v2\/users\/1"}],"replies":[{"embeddable":true,"href":"https:\/\/www.humanium.org\/es\/wp-json\/wp\/v2\/comments?post=3540"}],"version-history":[{"count":3,"href":"https:\/\/www.humanium.org\/es\/wp-json\/wp\/v2\/pages\/3540\/revisions"}],"predecessor-version":[{"id":20486,"href":"https:\/\/www.humanium.org\/es\/wp-json\/wp\/v2\/pages\/3540\/revisions\/20486"}],"wp:attachment":[{"href":"https:\/\/www.humanium.org\/es\/wp-json\/wp\/v2\/media?parent=3540"}],"curies":[{"name":"wp","href":"https:\/\/api.w.org\/{rel}","templated":true}]}}