{"id":3564,"date":"2013-08-13T13:16:06","date_gmt":"2013-08-13T13:16:06","guid":{"rendered":"http:\/\/www.humanium.org\/es\/?page_id=3564"},"modified":"2025-12-05T18:13:10","modified_gmt":"2025-12-05T18:13:10","slug":"libia","status":"publish","type":"page","link":"https:\/\/www.humanium.org\/es\/libia\/","title":{"rendered":"Ni\u00f1os de Libia"},"content":{"rendered":"<h1>Ni\u00f1os de Libia<\/h1>\n<h2>Descubriendo los Derechos del Ni\u00f1o de Libia<\/h2>\n<p style=\"text-align: center;\"><img loading=\"lazy\" decoding=\"async\" class=\"alignnone wp-image-15074\" title=\"Ni\u00f1a de Libia \u00a9 Cheo 70 (flickr)\" src=\"https:\/\/www.humanium.org\/fr\/wp-content\/uploads\/2011\/09\/fillite-libyienne-cheosoixantedix-flickr-no-retouch.jpg\" alt=\"\" width=\"263\" height=\"162\" \/>\u00a0<img loading=\"lazy\" decoding=\"async\" class=\"alignnone size-full wp-image-18474\" title=\"Ni\u00f1o de Libia \u00a9 Aljazeera English (flickr)\" src=\"https:\/\/www.humanium.org\/fr\/wp-content\/uploads\/2012\/02\/garcon-aljazeeraenglish-flickr.jpg\" alt=\"\" width=\"245\" height=\"163\" \/><\/p>\n<p>Desde el fin de la dictadura de Muamar el Gadafi, Libia ha sido muy instable. Como gobern\u00f3 por m\u00e1s de 41 a\u00f1os, el Coronel Gadafi fue el responsable de grandes avances en el pa\u00eds, principalmente en los campos de la educaci\u00f3n y la salud. Sin embargo, sus repetidas violaciones a los derechos humanos fundamentales y libertades condujeron al pueblo a poner en marcha una revoluci\u00f3n.<\/p>\n<h3>Principales problemas que afectan a los ni\u00f1os en Libia<\/h3>\n<p><strong><a href=\"https:\/\/www.humanium.org\/es\/pobreza-infantil\/\">Pobreza<\/a><\/strong><\/p>\n<p>Libia es uno de los pa\u00edses m\u00e1s ricos de \u00c1frica. Gracias a sus recursos naturales, incluyendo el petr\u00f3leo, la econom\u00eda del pa\u00eds es estable. No obstante, no todos los libios cuentan con acceso a estas riquezas y, por lo tanto, persisten muchas desigualdades. Actualmente, cerca de un tercio de los habitantes del pa\u00eds vive bajo la <a href=\"https:\/\/www.humanium.org\/es\/pobreza-infantil\/\">l\u00ednea de pobreza<\/a>.<\/p>\n<p><strong><a href=\"https:\/\/www.humanium.org\/es\/derecho-educacion\/\">Educaci\u00f3n<\/a><\/strong><\/p>\n<p><img loading=\"lazy\" decoding=\"async\" class=\"alignright wp-image-18475\" title=\"La educaci\u00f3n es gratis para todos los ni\u00f1os y ni\u00f1as \u00a9 Rafa (flickr)\" src=\"https:\/\/www.humanium.org\/fr\/wp-content\/uploads\/2012\/02\/education-rafa-flickr.jpg\" alt=\"\" width=\"197\" height=\"149\" \/>Antes de que Libia alcanzara la independencia en 1951, la poblaci\u00f3n del pa\u00eds era en gran medida analfabeta. Debido a esto, la <a href=\"https:\/\/www.humanium.org\/es\/derecho-educacion\/\">educaci\u00f3n primaria<\/a> pas\u00f3 a ser obligatoria y gratuita. En los a\u00f1os noventa, m\u00e1s del 80 % de los ni\u00f1os entre 12 y 17 a\u00f1os hab\u00edan recibido formaci\u00f3n.<\/p>\n<p>Adem\u00e1s, los estudiantes pod\u00edan estudiar en el extranjero con los gastos pagados por el gobierno. Recib\u00edan una beca de 1600 euros al mes.<\/p>\n<p>Despu\u00e9s de la revoluci\u00f3n contra el r\u00e9gimen libio, m\u00e1s de 61 165 estudiantes y cerca de 36 000 universitarios no pudieron finalizar su a\u00f1o acad\u00e9mico. Los bombardeos destruyeron m\u00e1s de 15 escuelas y muchas otras fueron cerradas.<\/p>\n<p><strong><a href=\"https:\/\/www.humanium.org\/es\/derecho-salud\/\">Salud<\/a><\/strong><\/p>\n<p><img loading=\"lazy\" decoding=\"async\" class=\"alignright wp-image-18480\" title=\"La revoluci\u00f3n libia limit\u00f3 dr\u00e1sticamente el acceso a la salud \u00a9 Brq (flickr)\" src=\"https:\/\/www.humanium.org\/fr\/wp-content\/uploads\/2012\/02\/enfant-maman-brq-flickr.jpg\" alt=\"\" width=\"209\" height=\"139\" \/>Los libios tienen acceso gratuito a la salud. Sus hospitales est\u00e1n entre las instalaciones mejor equipadas del mundo. No obstante, durante los a\u00f1os noventa, las Naciones Unidas sancion\u00f3 al gobierno libio, acus\u00e1ndolo de efectuar ataques terroristas contra la aerol\u00ednea francesa UTA y la estadounidense PanAm.<\/p>\n<p>Estas sanciones trajeron da\u00f1inas consecuencias en el acceso a la alimentaci\u00f3n, medicamentos y vacunas.<\/p>\n<p>En 2011, la revoluci\u00f3n libia tuvo serias repercusiones en la<a href=\"https:\/\/www.humanium.org\/es\/derecho-salud\/\"> salud de los ni\u00f1os<\/a>. El pa\u00eds carec\u00eda de medicamentos para las mujeres embarazadas y sus beb\u00e9s. Muchos ni\u00f1os sufrieron traumas psicol\u00f3gicos tras presenciar hechos terribles como la p\u00e9rdida de un miembro de la familia. Muchos ni\u00f1os tambi\u00e9n fueron separados de sus padres al refugiarse en la frontera del pa\u00eds.<\/p>\n<p><a href=\"https:\/\/www.humanium.org\/es\/justicia-juvenil\/\"><strong>Sistema de justicia juvenil<\/strong><\/a><\/p>\n<p>Muchas mujeres j\u00f3venes son <a href=\"https:\/\/www.humanium.org\/es\/ninos-detenidos\/\">detenidas<\/a> en centros de reeducaci\u00f3n social en caso de sospecha de haber roto los c\u00f3digos morales de la sociedad libia. Ello puede incluir, por ejemplo, tener sexo antes del matrimonio, lo cual est\u00e1 estrictamente prohibido por la ley. Estas j\u00f3venes son detenidas por tiempo indefinido y sin proceso judicial.<\/p>\n<p>Peor a\u00fan, las mujeres j\u00f3venes pueden terminar en estos establecimientos tan s\u00f3lo por haber sido agredidas sexualmente. Debido a ello, las v\u00edctimas de <a href=\"https:\/\/www.humanium.org\/es\/explotacion-sexual-infantil\/\">violaci\u00f3n<\/a> son disuadidas de reportar los delitos debido a que ellas mismas podr\u00edan terminar siendo perseguidas y detenidas en un centro de reeducaci\u00f3n social.<\/p>\n<p><strong>Ni\u00f1os pertenecientes a minor\u00edas<\/strong><\/p>\n<p><img loading=\"lazy\" decoding=\"async\" class=\"alignright size-full wp-image-18477\" title=\"Las minor\u00edas son a menudo v\u00edctimas de discriminaci\u00f3n \u00a9 Albert Gonzalez Farran UN photos (flickr)\" src=\"https:\/\/www.humanium.org\/fr\/wp-content\/uploads\/2012\/02\/pauvrete-albert-gonzalez-farran-un-photos.jpg\" alt=\"\" width=\"260\" height=\"173\" \/>Libia es el hogar de muchas minor\u00edas, incluyendo bereberes (Amazighs) y tubus. Durante los a\u00f1os setenta, miles de tuaregs (un pueblo n\u00f3mada del Sahara) migraron a Libia debido a la catastr\u00f3fica sequ\u00eda que estaba afectando la regi\u00f3n.<\/p>\n<p>Estos pueblos ind\u00edgenas son a menudo v\u00edctimas de discriminaci\u00f3n por parte de las autoridades libias. Las lenguas tamazight y bereber no est\u00e1n reconocidas y est\u00e1 prohibido hablarlas en p\u00fablico. Todo el sistema educativo est\u00e1 basado en la lengua \u00e1rabe y os ni\u00f1os pertenecientes a minor\u00edas est\u00e1n obligados a aprenderla. En la pr\u00e1ctica, sin embargo, el bereber es a\u00fan utilizado como lengua primaria en muchas ciudades.<\/p>\n<p>Los tubus enfrentan tambi\u00e9n una gran discriminaci\u00f3n. En diciembre de 2007 el gobierno libio quit\u00f3 a los tubus la nacionalidad libia, afirmando que ellos eran en realidad de Chad.Adem\u00e1s, el gobierno cre\u00f3 varias leyes prohibiendo a los tubus acceder a los sistemas educativos y de salud.<\/p>\n<p>Actualmente, con el fin de la dictadura de Gadafi, estos pueblos ind\u00edgenas esperan que sus culturas y lenguas sean reconocidas. Ellos quieren tener los mismos derechos que los libios.<\/p>\n<p><strong><a href=\"https:\/\/www.humanium.org\/es\/ninos-guerra\/\">Ni\u00f1os v\u00edctimas de conflictos armados<\/a><\/strong><\/p>\n<p><img loading=\"lazy\" decoding=\"async\" class=\"alignright size-full wp-image-18478\" title=\"La revoluci\u00f3n libia mat\u00f3 a muchos ni\u00f1os libios \u00a9 Internews Network (Flickr)\" src=\"https:\/\/www.humanium.org\/fr\/wp-content\/uploads\/2012\/02\/groupe-enfantguerre-internews-network-flickr.jpg\" alt=\"\" width=\"250\" height=\"162\" \/>La revoluci\u00f3n libia de 2011 tuvo serias repercusiones en el bienestar de los ni\u00f1os libios. Muchos resultaron heridos o muertos en el curso del levantamiento y otros fueron v\u00edctimas de bombardeos por potencias extranjeras.<\/p>\n<p>Muchas armas que aparecieron en aldeas fueron recogidas por ni\u00f1os como trofeos o vendidas.<\/p>\n<p>El manejo de armas puede ser muy peligroso. Debido a esto, muchos pa\u00edses reportaron varias explosiones accidentales e incidentes de ni\u00f1os detonando granadas.<\/p>\n<p><strong><a href=\"https:\/\/www.humanium.org\/es\/trata-ninos\/\">Tr\u00e1fico de ni\u00f1os<\/a><\/strong><\/p>\n<p>Libia es un pa\u00eds de tr\u00e1nsito para el tr\u00e1fico de personas hacia Europa. Muchas mujeres y j\u00f3venes del \u00c1frica subsahariana pasan por Libia para poder ser enviadas a pa\u00edses europeos. En la mayor parte de los casos, ellas son v\u00edctimas de <a href=\"https:\/\/www.humanium.org\/es\/explotacion-sexual-infantil\/\">abuso sexual como ganancia econ\u00f3mica<\/a> o bien empleadas como sirvientas por occidentales.<\/p>\n<p>El gobierno libio no ha tomado a\u00fan ninguna medida real para controlar este tr\u00e1fico.<\/p>\n","protected":false},"excerpt":{"rendered":"<p>Ni\u00f1os de Libia Descubriendo los Derechos del Ni\u00f1o de Libia \u00a0 Desde el fin de la dictadura de Muamar el Gadafi, Libia ha sido muy instable. Como gobern\u00f3 por m\u00e1s de 41 a\u00f1os, el Coronel Gadafi fue el responsable de grandes avances en el pa\u00eds, principalmente en los campos de la educaci\u00f3n y la salud. [&hellip;]<\/p>\n","protected":false},"author":1,"featured_media":0,"parent":0,"menu_order":0,"comment_status":"closed","ping_status":"open","template":"","meta":{"footnotes":""},"class_list":["post-3564","page","type-page","status-publish","hentry"],"yoast_head":"<!-- This site is optimized with the Yoast SEO plugin v26.5 - https:\/\/yoast.com\/wordpress\/plugins\/seo\/ -->\n<title>Ni\u00f1os de Libia - Humanium<\/title>\n<meta name=\"description\" content=\"Durante la dictadura de Muamar el Gadafi, se vieron grandes avances en Libia. Pero, sus violaciones a los derechos humanos condujeron a una revoluci\u00f3n.\" \/>\n<meta name=\"robots\" content=\"index, follow, max-snippet:-1, max-image-preview:large, max-video-preview:-1\" \/>\n<link rel=\"canonical\" href=\"https:\/\/www.humanium.org\/es\/libia\/\" \/>\n<meta property=\"og:locale\" content=\"es_ES\" \/>\n<meta property=\"og:type\" content=\"article\" \/>\n<meta property=\"og:title\" content=\"Ni\u00f1os de Libia - Humanium\" \/>\n<meta property=\"og:description\" content=\"Durante la dictadura de Muamar el Gadafi, se vieron grandes avances en Libia. Pero, sus violaciones a los derechos humanos condujeron a una revoluci\u00f3n.\" \/>\n<meta property=\"og:url\" content=\"https:\/\/www.humanium.org\/es\/libia\/\" \/>\n<meta property=\"og:site_name\" content=\"Humanium\" \/>\n<meta property=\"article:modified_time\" content=\"2025-12-05T18:13:10+00:00\" \/>\n<meta property=\"og:image\" content=\"https:\/\/www.humanium.org\/es\/wp-content\/uploads\/2020\/12\/123077652_3654728791257436_5434675990577719468_n.jpg\" \/>\n\t<meta property=\"og:image:width\" content=\"940\" \/>\n\t<meta property=\"og:image:height\" content=\"788\" \/>\n\t<meta property=\"og:image:type\" content=\"image\/jpeg\" \/>\n<meta name=\"twitter:card\" content=\"summary_large_image\" \/>\n<meta name=\"twitter:label1\" content=\"Tiempo de lectura\" \/>\n\t<meta name=\"twitter:data1\" content=\"5 minutos\" \/>\n<script type=\"application\/ld+json\" class=\"yoast-schema-graph\">{\"@context\":\"https:\/\/schema.org\",\"@graph\":[{\"@type\":\"WebPage\",\"@id\":\"https:\/\/www.humanium.org\/es\/libia\/\",\"url\":\"https:\/\/www.humanium.org\/es\/libia\/\",\"name\":\"Ni\u00f1os de Libia - Humanium\",\"isPartOf\":{\"@id\":\"https:\/\/www.humanium.org\/es\/#website\"},\"primaryImageOfPage\":{\"@id\":\"https:\/\/www.humanium.org\/es\/libia\/#primaryimage\"},\"image\":{\"@id\":\"https:\/\/www.humanium.org\/es\/libia\/#primaryimage\"},\"thumbnailUrl\":\"https:\/\/www.humanium.org\/fr\/wp-content\/uploads\/2011\/09\/fillite-libyienne-cheosoixantedix-flickr-no-retouch.jpg\",\"datePublished\":\"2013-08-13T13:16:06+00:00\",\"dateModified\":\"2025-12-05T18:13:10+00:00\",\"description\":\"Durante la dictadura de Muamar el Gadafi, se vieron grandes avances en Libia. Pero, sus violaciones a los derechos humanos condujeron a una revoluci\u00f3n.\",\"breadcrumb\":{\"@id\":\"https:\/\/www.humanium.org\/es\/libia\/#breadcrumb\"},\"inLanguage\":\"es\",\"potentialAction\":[{\"@type\":\"ReadAction\",\"target\":[\"https:\/\/www.humanium.org\/es\/libia\/\"]}]},{\"@type\":\"ImageObject\",\"inLanguage\":\"es\",\"@id\":\"https:\/\/www.humanium.org\/es\/libia\/#primaryimage\",\"url\":\"https:\/\/www.humanium.org\/fr\/wp-content\/uploads\/2011\/09\/fillite-libyienne-cheosoixantedix-flickr-no-retouch.jpg\",\"contentUrl\":\"https:\/\/www.humanium.org\/fr\/wp-content\/uploads\/2011\/09\/fillite-libyienne-cheosoixantedix-flickr-no-retouch.jpg\"},{\"@type\":\"BreadcrumbList\",\"@id\":\"https:\/\/www.humanium.org\/es\/libia\/#breadcrumb\",\"itemListElement\":[{\"@type\":\"ListItem\",\"position\":1,\"name\":\"Home\",\"item\":\"https:\/\/www.humanium.org\/es\/\"},{\"@type\":\"ListItem\",\"position\":2,\"name\":\"Ni\u00f1os de Libia\"}]},{\"@type\":\"WebSite\",\"@id\":\"https:\/\/www.humanium.org\/es\/#website\",\"url\":\"https:\/\/www.humanium.org\/es\/\",\"name\":\"Humanium\",\"description\":\"\u00a1Los ni\u00f1os primero!\",\"potentialAction\":[{\"@type\":\"SearchAction\",\"target\":{\"@type\":\"EntryPoint\",\"urlTemplate\":\"https:\/\/www.humanium.org\/es\/?s={search_term_string}\"},\"query-input\":{\"@type\":\"PropertyValueSpecification\",\"valueRequired\":true,\"valueName\":\"search_term_string\"}}],\"inLanguage\":\"es\"}]}<\/script>\n<!-- \/ Yoast SEO plugin. -->","yoast_head_json":{"title":"Ni\u00f1os de Libia - Humanium","description":"Durante la dictadura de Muamar el Gadafi, se vieron grandes avances en Libia. Pero, sus violaciones a los derechos humanos condujeron a una revoluci\u00f3n.","robots":{"index":"index","follow":"follow","max-snippet":"max-snippet:-1","max-image-preview":"max-image-preview:large","max-video-preview":"max-video-preview:-1"},"canonical":"https:\/\/www.humanium.org\/es\/libia\/","og_locale":"es_ES","og_type":"article","og_title":"Ni\u00f1os de Libia - Humanium","og_description":"Durante la dictadura de Muamar el Gadafi, se vieron grandes avances en Libia. Pero, sus violaciones a los derechos humanos condujeron a una revoluci\u00f3n.","og_url":"https:\/\/www.humanium.org\/es\/libia\/","og_site_name":"Humanium","article_modified_time":"2025-12-05T18:13:10+00:00","og_image":[{"width":940,"height":788,"url":"https:\/\/www.humanium.org\/es\/wp-content\/uploads\/2020\/12\/123077652_3654728791257436_5434675990577719468_n.jpg","type":"image\/jpeg"}],"twitter_card":"summary_large_image","twitter_misc":{"Tiempo de lectura":"5 minutos"},"schema":{"@context":"https:\/\/schema.org","@graph":[{"@type":"WebPage","@id":"https:\/\/www.humanium.org\/es\/libia\/","url":"https:\/\/www.humanium.org\/es\/libia\/","name":"Ni\u00f1os de Libia - Humanium","isPartOf":{"@id":"https:\/\/www.humanium.org\/es\/#website"},"primaryImageOfPage":{"@id":"https:\/\/www.humanium.org\/es\/libia\/#primaryimage"},"image":{"@id":"https:\/\/www.humanium.org\/es\/libia\/#primaryimage"},"thumbnailUrl":"https:\/\/www.humanium.org\/fr\/wp-content\/uploads\/2011\/09\/fillite-libyienne-cheosoixantedix-flickr-no-retouch.jpg","datePublished":"2013-08-13T13:16:06+00:00","dateModified":"2025-12-05T18:13:10+00:00","description":"Durante la dictadura de Muamar el Gadafi, se vieron grandes avances en Libia. Pero, sus violaciones a los derechos humanos condujeron a una revoluci\u00f3n.","breadcrumb":{"@id":"https:\/\/www.humanium.org\/es\/libia\/#breadcrumb"},"inLanguage":"es","potentialAction":[{"@type":"ReadAction","target":["https:\/\/www.humanium.org\/es\/libia\/"]}]},{"@type":"ImageObject","inLanguage":"es","@id":"https:\/\/www.humanium.org\/es\/libia\/#primaryimage","url":"https:\/\/www.humanium.org\/fr\/wp-content\/uploads\/2011\/09\/fillite-libyienne-cheosoixantedix-flickr-no-retouch.jpg","contentUrl":"https:\/\/www.humanium.org\/fr\/wp-content\/uploads\/2011\/09\/fillite-libyienne-cheosoixantedix-flickr-no-retouch.jpg"},{"@type":"BreadcrumbList","@id":"https:\/\/www.humanium.org\/es\/libia\/#breadcrumb","itemListElement":[{"@type":"ListItem","position":1,"name":"Home","item":"https:\/\/www.humanium.org\/es\/"},{"@type":"ListItem","position":2,"name":"Ni\u00f1os de Libia"}]},{"@type":"WebSite","@id":"https:\/\/www.humanium.org\/es\/#website","url":"https:\/\/www.humanium.org\/es\/","name":"Humanium","description":"\u00a1Los ni\u00f1os primero!","potentialAction":[{"@type":"SearchAction","target":{"@type":"EntryPoint","urlTemplate":"https:\/\/www.humanium.org\/es\/?s={search_term_string}"},"query-input":{"@type":"PropertyValueSpecification","valueRequired":true,"valueName":"search_term_string"}}],"inLanguage":"es"}]}},"_links":{"self":[{"href":"https:\/\/www.humanium.org\/es\/wp-json\/wp\/v2\/pages\/3564","targetHints":{"allow":["GET"]}}],"collection":[{"href":"https:\/\/www.humanium.org\/es\/wp-json\/wp\/v2\/pages"}],"about":[{"href":"https:\/\/www.humanium.org\/es\/wp-json\/wp\/v2\/types\/page"}],"author":[{"embeddable":true,"href":"https:\/\/www.humanium.org\/es\/wp-json\/wp\/v2\/users\/1"}],"replies":[{"embeddable":true,"href":"https:\/\/www.humanium.org\/es\/wp-json\/wp\/v2\/comments?post=3564"}],"version-history":[{"count":4,"href":"https:\/\/www.humanium.org\/es\/wp-json\/wp\/v2\/pages\/3564\/revisions"}],"predecessor-version":[{"id":20730,"href":"https:\/\/www.humanium.org\/es\/wp-json\/wp\/v2\/pages\/3564\/revisions\/20730"}],"wp:attachment":[{"href":"https:\/\/www.humanium.org\/es\/wp-json\/wp\/v2\/media?parent=3564"}],"curies":[{"name":"wp","href":"https:\/\/api.w.org\/{rel}","templated":true}]}}