{"id":3615,"date":"2013-08-19T13:14:39","date_gmt":"2013-08-19T13:14:39","guid":{"rendered":"http:\/\/www.humanium.org\/es\/?page_id=3615"},"modified":"2025-12-13T21:18:05","modified_gmt":"2025-12-13T21:18:05","slug":"qatar","status":"publish","type":"page","link":"https:\/\/www.humanium.org\/es\/qatar\/","title":{"rendered":"Ni\u00f1os de Qatar"},"content":{"rendered":"<h1>Los ni\u00f1os de Qatar<\/h1>\n<h2>Hacer realidad los derechos de los ni\u00f1os en Qatar<\/h2>\n<p style=\"text-align: center;\"><img loading=\"lazy\" decoding=\"async\" class=\"alignnone size-full wp-image-21616\" title=\"Ni\u00f1a de Qatar \u00a9 Zitona (Flickr)\" src=\"https:\/\/www.humanium.org\/fr\/wp-content\/uploads\/2012\/07\/jeune-fille-qatar-zitona1.jpg\" alt=\"\" width=\"154\" height=\"200\" \/><\/p>\n<p>En la actualidad, las reservas de petr\u00f3leo y gas natural permiten vivir c\u00f3modamente a los qatar\u00edes. En cuanto a los derechos de los ni\u00f1os, a pesar de que la situaci\u00f3n parece estar mejorando, sigue siendo dif\u00edcil determinar con exactitud los progresos conseguidos debido a la falta de datos acerca de la <a href=\"https:\/\/www.humanium.org\/es\/trabajo-infantil\/\">explotaci\u00f3n<\/a> y el <a href=\"https:\/\/www.humanium.org\/es\/abuso-infantil\/\">maltrato infantil<\/a>.<\/p>\n<h3>Los principales problemas que afectan a los ni\u00f1os de Qatar son:<\/h3>\n<p><strong><a href=\"https:\/\/www.humanium.org\/es\/no-discriminacion\/\">Derecho a la no discriminaci\u00f3n<\/a><\/strong><\/p>\n<p>El 80% de la poblaci\u00f3n de Qatar se compone de trabajadores extranjeros que provienen principalmente del sur de Asia y de Oriente Medio. Aunque tanto la constituci\u00f3n qatar\u00ed como la sharia (ley isl\u00e1mica) proh\u00edben la <a href=\"https:\/\/www.humanium.org\/es\/no-discriminacion\/\">discriminaci\u00f3n<\/a> entre razas, los ni\u00f1os de los trabajadores inmigrantes son v\u00edctimas de <a href=\"https:\/\/www.humanium.org\/es\/no-discriminacion\/\">discriminaci\u00f3n<\/a> en los \u00e1mbitos de la <a href=\"https:\/\/www.humanium.org\/es\/derecho-salud\/\">salud<\/a> y la <a href=\"https:\/\/www.humanium.org\/es\/derecho-educacion\/\">educaci\u00f3n<\/a>.<\/p>\n<p>El sexismo tambi\u00e9n est\u00e1 muy extendido en la sociedad qatar\u00ed. Por ejemplo, cuando uno de los padres muere, las ni\u00f1as musulmanas reciben una herencia menor que la de sus hermanos.<\/p>\n<p><strong><a href=\"https:\/\/www.humanium.org\/es\/abuso-infantil\/\">Maltrato<\/a><\/strong><\/p>\n<p>A pesar de que Qatar ha establecido una ley que proh\u00edbe el castigo f\u00edsico en la escuela y en la justicia penal, esta pr\u00e1ctica todav\u00eda se permite en el \u00e1mbito familiar. Algunos padres piensan que es una medida necesaria para la educaci\u00f3n de sus hijos.<\/p>\n<p><strong><a href=\"https:\/\/www.humanium.org\/es\/matrimonio-infantil\/\">Matrimonio infantil<\/a><\/strong><\/p>\n<p><a href=\"https:\/\/www.humanium.org\/fr\/wp-content\/uploads\/2012\/08\/jeunes-filles1.gif\"><img loading=\"lazy\" decoding=\"async\" class=\"alignright wp-image-24385\" title=\"Ninas de Qatar \u00a9 L\u03c5\u0432\u03b1\u03b9\u0432 (Flickr)\" src=\"https:\/\/www.humanium.org\/fr\/wp-content\/uploads\/2012\/08\/jeunes-filles1.gif\" alt=\"\" width=\"222\" height=\"148\" \/><\/a>Aunque se est\u00e1 reduciendo la tasa de matrimonios concertados en Qatar, los <a href=\"https:\/\/www.humanium.org\/es\/matrimonio-infantil\/\">matrimonios infantiles<\/a> siguen siendo objeto de preocupaci\u00f3n. La edad m\u00ednima para contraer matrimonio es de 16 a\u00f1os para las ni\u00f1as y 18 para los ni\u00f1os. Esta distinci\u00f3n demuestra que no se respeta el principio de<a href=\"https:\/\/www.humanium.org\/es\/no-discriminacion\/\"> no discriminaci\u00f3n<\/a> entre sexos. Uno de los principales riesgos de estas uniones es la violencia dom\u00e9stica hacia las ni\u00f1as.<\/p>\n<p><strong><a href=\"https:\/\/www.humanium.org\/es\/mutilacion-genital\/\">Ablaci\u00f3n del cl\u00edtoris<\/a><\/strong><\/p>\n<p>En algunos pa\u00edses se practica la ablaci\u00f3n del cl\u00edtoris; Qatar es uno de los seis pa\u00edses de Oriente Medio en los que se sigue llevando a cabo. Esta pr\u00e1ctica tiene serias consecuencias para la salud de las ni\u00f1as, y puede constituir un grave trauma para ellas.<\/p>\n<p><strong><a href=\"https:\/\/www.humanium.org\/es\/derecho-educacion\/\">Derecho a la educaci\u00f3n<\/a><\/strong><\/p>\n<p>Los ni\u00f1os qatar\u00edes tienen derecho a una educaci\u00f3n gratuita de los 6 a los 14 a\u00f1os. Hay escuelas p\u00fablicas que lo hacen posible; el 98% de los ni\u00f1os est\u00e1n matriculados en la escuela primaria. Sin embargo, ya que la educaci\u00f3n no es obligatoria antes ni despu\u00e9s de la escuela primaria, esto conduce a una tasa de escolarizaci\u00f3n deficiente, en especial entre las ni\u00f1as. Se ha observado que el 65% de las ni\u00f1as contin\u00faa en la ense\u00f1anza secundaria, frente al 96% de los ni\u00f1os. En este sentido, existe una desigualdad entre ni\u00f1as y ni\u00f1os respecto a la ense\u00f1anza secundaria.<\/p>\n<p><strong><a href=\"https:\/\/www.humanium.org\/es\/ninos-discapacitados\/\">Ni\u00f1os discapacitados<\/a><\/strong><\/p>\n<p>Qatar trabaja en la mejora de las condiciones de vida de estos ni\u00f1os y en el desarrollo de estructuras que respondan de forma espec\u00edfica a sus necesidades. Por ejemplo, el Centro Shafallah, creado en 1999, acoge a ni\u00f1os discapacitados desde la infancia hasta la edad adulta. El centro apoya a estos ni\u00f1os en su educaci\u00f3n y en su desarrollo personal.<\/p>\n<p><strong><a href=\"https:\/\/www.humanium.org\/es\/derecho-identidad\/\">Derecho a la identidad<\/a><\/strong><\/p>\n<p>Un hombre qatar\u00ed casado con una extranjera puede transmitir la nacionalidad a sus hijos. Por el contrario, una mujer qatar\u00ed casada con un extranjero no puede hacerlo. En los casos en los que el padre no puede transmitir la nacionalidad a su hijo, el ni\u00f1o se arriesga a <a href=\"https:\/\/www.humanium.org\/es\/apatridas-invisibles\/\">perder toda nacionalidad<\/a>. Adem\u00e1s, constituye una profunda discriminaci\u00f3n entre hombres y mujeres.<\/p>\n<p><strong><a href=\"https:\/\/www.humanium.org\/es\/que-es-justicia\/\">Justicia de menores<\/a><\/strong><\/p>\n<p>Aunque la prohibici\u00f3n del castigo f\u00edsico como respuesta a una infracci\u00f3n cometida por un menor es un gran paso adelante en la <a href=\"https:\/\/www.humanium.org\/es\/que-es-justicia\/\">justicia de menores <\/a>en Qatar, un ni\u00f1o se considera penalmente responsable a la edad de 7 a\u00f1os. Esta edad m\u00ednima es relativamente baja, m\u00e1s a\u00fan cuando la palabra de un ni\u00f1o rara vez se toma en cuenta en los procesos legales. A pesar de que la <a href=\"https:\/\/www.humanium.org\/es\/convencion\/\">Convenci\u00f3n de los Derechos del Ni\u00f1o<\/a> recomienda establecer una diferenciaci\u00f3n entre el tratamiento de los menores de 18 a\u00f1os y los adultos en materia penal, los ni\u00f1os de 16 a 18 a\u00f1os pueden ser tratados como adultos en Qatar. Seg\u00fan la sharia, se permite la flagelaci\u00f3n en mayores de 16 a\u00f1os.<\/p>\n<p><strong><a href=\"https:\/\/www.humanium.org\/es\/trabajo-infantil\/\">Trabajos forzados<\/a><\/strong><\/p>\n<p><a href=\"https:\/\/www.humanium.org\/fr\/wp-content\/uploads\/2012\/08\/enfant-jockey-de-chameau-Zitona1.jpg\"><img loading=\"lazy\" decoding=\"async\" class=\"alignright wp-image-24388\" title=\"Ni\u00f1o jinete de camellos \u00a9 Zitona (Flickr)\" src=\"https:\/\/www.humanium.org\/fr\/wp-content\/uploads\/2012\/08\/enfant-jockey-de-chameau-Zitona1.jpg\" alt=\"\" width=\"227\" height=\"148\" \/><\/a>Antes, se vend\u00edan o secuestraban ni\u00f1os africanos, en su mayor\u00eda para convertirlos en jinetes de camellos. Esta pr\u00e1ctica pon\u00eda en riesgo a los menores, ya que sol\u00edan estar <a href=\"https:\/\/www.humanium.org\/es\/derecho-alimentacion\/\">mal alimentados<\/a>, trabajaban en condiciones lamentables y se pon\u00eda en peligro su <a href=\"https:\/\/www.humanium.org\/es\/derecho-salud\/\">salud<\/a>. En 2005, Qatar promulg\u00f3 una ley que proh\u00edbe que los ni\u00f1os sean jinetes de camellos, y se han creado robots para reemplazarlos. La explotaci\u00f3n infantil est\u00e1 prohibida para todas las personas que tienen la nacionalidad qatar\u00ed; sin embargo, los ni\u00f1os extranjeros siguen estando en una situaci\u00f3n muy vulnerable.<\/p>\n<p><strong>Seguridad vial<\/strong><\/p>\n<p>Los accidentes de tr\u00e1fico son una de las causas de mortalidad infantil en Qatar. En comparaci\u00f3n con otros pa\u00edses con un nivel similar de riqueza, Qatar es el que tiene la siniestralidad m\u00e1s alta. Se han puesto en marcha programas de sensibilizaci\u00f3n sobre seguridad vial pero, debido al aumento anual del n\u00famero de veh\u00edculos en las carreteras qatar\u00edes, la posibilidad de que empeore el registro de accidentes infantil es preocupante.<\/p>\n","protected":false},"excerpt":{"rendered":"<p>Los ni\u00f1os de Qatar Hacer realidad los derechos de los ni\u00f1os en Qatar En la actualidad, las reservas de petr\u00f3leo y gas natural permiten vivir c\u00f3modamente a los qatar\u00edes. En cuanto a los derechos de los ni\u00f1os, a pesar de que la situaci\u00f3n parece estar mejorando, sigue siendo dif\u00edcil determinar con exactitud los progresos conseguidos [&hellip;]<\/p>\n","protected":false},"author":1,"featured_media":0,"parent":0,"menu_order":0,"comment_status":"closed","ping_status":"open","template":"","meta":{"footnotes":""},"class_list":["post-3615","page","type-page","status-publish","hentry"],"yoast_head":"<!-- This site is optimized with the Yoast SEO plugin v26.5 - https:\/\/yoast.com\/wordpress\/plugins\/seo\/ -->\n<title>Ni\u00f1os de Qatar - Humanium<\/title>\n<meta name=\"description\" content=\"En Qatar, los derechos de los ni\u00f1os parecen mejorar, pero es dif\u00edcil ver los progresos por la falta de datos sobre la explotaci\u00f3n y el maltrato infantil.\" \/>\n<meta name=\"robots\" content=\"index, follow, max-snippet:-1, max-image-preview:large, max-video-preview:-1\" \/>\n<link rel=\"canonical\" href=\"https:\/\/www.humanium.org\/es\/qatar\/\" \/>\n<meta property=\"og:locale\" content=\"es_ES\" \/>\n<meta property=\"og:type\" content=\"article\" \/>\n<meta property=\"og:title\" content=\"Ni\u00f1os de Qatar - Humanium\" \/>\n<meta property=\"og:description\" content=\"En Qatar, los derechos de los ni\u00f1os parecen mejorar, pero es dif\u00edcil ver los progresos por la falta de datos sobre la explotaci\u00f3n y el maltrato infantil.\" \/>\n<meta property=\"og:url\" content=\"https:\/\/www.humanium.org\/es\/qatar\/\" \/>\n<meta property=\"og:site_name\" content=\"Humanium\" \/>\n<meta property=\"article:modified_time\" content=\"2025-12-13T21:18:05+00:00\" \/>\n<meta name=\"twitter:card\" content=\"summary_large_image\" \/>\n<meta name=\"twitter:label1\" content=\"Tiempo de lectura\" \/>\n\t<meta name=\"twitter:data1\" content=\"5 minutos\" \/>\n<script type=\"application\/ld+json\" class=\"yoast-schema-graph\">{\"@context\":\"https:\/\/schema.org\",\"@graph\":[{\"@type\":\"WebPage\",\"@id\":\"https:\/\/www.humanium.org\/es\/qatar\/\",\"url\":\"https:\/\/www.humanium.org\/es\/qatar\/\",\"name\":\"Ni\u00f1os de Qatar - Humanium\",\"isPartOf\":{\"@id\":\"https:\/\/www.humanium.org\/es\/#website\"},\"primaryImageOfPage\":{\"@id\":\"https:\/\/www.humanium.org\/es\/qatar\/#primaryimage\"},\"image\":{\"@id\":\"https:\/\/www.humanium.org\/es\/qatar\/#primaryimage\"},\"thumbnailUrl\":\"https:\/\/www.humanium.org\/fr\/wp-content\/uploads\/2012\/07\/jeune-fille-qatar-zitona1.jpg\",\"datePublished\":\"2013-08-19T13:14:39+00:00\",\"dateModified\":\"2025-12-13T21:18:05+00:00\",\"description\":\"En Qatar, los derechos de los ni\u00f1os parecen mejorar, pero es dif\u00edcil ver los progresos por la falta de datos sobre la explotaci\u00f3n y el maltrato infantil.\",\"breadcrumb\":{\"@id\":\"https:\/\/www.humanium.org\/es\/qatar\/#breadcrumb\"},\"inLanguage\":\"es\",\"potentialAction\":[{\"@type\":\"ReadAction\",\"target\":[\"https:\/\/www.humanium.org\/es\/qatar\/\"]}]},{\"@type\":\"ImageObject\",\"inLanguage\":\"es\",\"@id\":\"https:\/\/www.humanium.org\/es\/qatar\/#primaryimage\",\"url\":\"https:\/\/www.humanium.org\/fr\/wp-content\/uploads\/2012\/07\/jeune-fille-qatar-zitona1.jpg\",\"contentUrl\":\"https:\/\/www.humanium.org\/fr\/wp-content\/uploads\/2012\/07\/jeune-fille-qatar-zitona1.jpg\"},{\"@type\":\"BreadcrumbList\",\"@id\":\"https:\/\/www.humanium.org\/es\/qatar\/#breadcrumb\",\"itemListElement\":[{\"@type\":\"ListItem\",\"position\":1,\"name\":\"Home\",\"item\":\"https:\/\/www.humanium.org\/es\/\"},{\"@type\":\"ListItem\",\"position\":2,\"name\":\"Ni\u00f1os de Qatar\"}]},{\"@type\":\"WebSite\",\"@id\":\"https:\/\/www.humanium.org\/es\/#website\",\"url\":\"https:\/\/www.humanium.org\/es\/\",\"name\":\"Humanium\",\"description\":\"\u00a1Los ni\u00f1os primero!\",\"potentialAction\":[{\"@type\":\"SearchAction\",\"target\":{\"@type\":\"EntryPoint\",\"urlTemplate\":\"https:\/\/www.humanium.org\/es\/?s={search_term_string}\"},\"query-input\":{\"@type\":\"PropertyValueSpecification\",\"valueRequired\":true,\"valueName\":\"search_term_string\"}}],\"inLanguage\":\"es\"}]}<\/script>\n<!-- \/ Yoast SEO plugin. -->","yoast_head_json":{"title":"Ni\u00f1os de Qatar - Humanium","description":"En Qatar, los derechos de los ni\u00f1os parecen mejorar, pero es dif\u00edcil ver los progresos por la falta de datos sobre la explotaci\u00f3n y el maltrato infantil.","robots":{"index":"index","follow":"follow","max-snippet":"max-snippet:-1","max-image-preview":"max-image-preview:large","max-video-preview":"max-video-preview:-1"},"canonical":"https:\/\/www.humanium.org\/es\/qatar\/","og_locale":"es_ES","og_type":"article","og_title":"Ni\u00f1os de Qatar - Humanium","og_description":"En Qatar, los derechos de los ni\u00f1os parecen mejorar, pero es dif\u00edcil ver los progresos por la falta de datos sobre la explotaci\u00f3n y el maltrato infantil.","og_url":"https:\/\/www.humanium.org\/es\/qatar\/","og_site_name":"Humanium","article_modified_time":"2025-12-13T21:18:05+00:00","twitter_card":"summary_large_image","twitter_misc":{"Tiempo de lectura":"5 minutos"},"schema":{"@context":"https:\/\/schema.org","@graph":[{"@type":"WebPage","@id":"https:\/\/www.humanium.org\/es\/qatar\/","url":"https:\/\/www.humanium.org\/es\/qatar\/","name":"Ni\u00f1os de Qatar - Humanium","isPartOf":{"@id":"https:\/\/www.humanium.org\/es\/#website"},"primaryImageOfPage":{"@id":"https:\/\/www.humanium.org\/es\/qatar\/#primaryimage"},"image":{"@id":"https:\/\/www.humanium.org\/es\/qatar\/#primaryimage"},"thumbnailUrl":"https:\/\/www.humanium.org\/fr\/wp-content\/uploads\/2012\/07\/jeune-fille-qatar-zitona1.jpg","datePublished":"2013-08-19T13:14:39+00:00","dateModified":"2025-12-13T21:18:05+00:00","description":"En Qatar, los derechos de los ni\u00f1os parecen mejorar, pero es dif\u00edcil ver los progresos por la falta de datos sobre la explotaci\u00f3n y el maltrato infantil.","breadcrumb":{"@id":"https:\/\/www.humanium.org\/es\/qatar\/#breadcrumb"},"inLanguage":"es","potentialAction":[{"@type":"ReadAction","target":["https:\/\/www.humanium.org\/es\/qatar\/"]}]},{"@type":"ImageObject","inLanguage":"es","@id":"https:\/\/www.humanium.org\/es\/qatar\/#primaryimage","url":"https:\/\/www.humanium.org\/fr\/wp-content\/uploads\/2012\/07\/jeune-fille-qatar-zitona1.jpg","contentUrl":"https:\/\/www.humanium.org\/fr\/wp-content\/uploads\/2012\/07\/jeune-fille-qatar-zitona1.jpg"},{"@type":"BreadcrumbList","@id":"https:\/\/www.humanium.org\/es\/qatar\/#breadcrumb","itemListElement":[{"@type":"ListItem","position":1,"name":"Home","item":"https:\/\/www.humanium.org\/es\/"},{"@type":"ListItem","position":2,"name":"Ni\u00f1os de Qatar"}]},{"@type":"WebSite","@id":"https:\/\/www.humanium.org\/es\/#website","url":"https:\/\/www.humanium.org\/es\/","name":"Humanium","description":"\u00a1Los ni\u00f1os primero!","potentialAction":[{"@type":"SearchAction","target":{"@type":"EntryPoint","urlTemplate":"https:\/\/www.humanium.org\/es\/?s={search_term_string}"},"query-input":{"@type":"PropertyValueSpecification","valueRequired":true,"valueName":"search_term_string"}}],"inLanguage":"es"}]}},"_links":{"self":[{"href":"https:\/\/www.humanium.org\/es\/wp-json\/wp\/v2\/pages\/3615","targetHints":{"allow":["GET"]}}],"collection":[{"href":"https:\/\/www.humanium.org\/es\/wp-json\/wp\/v2\/pages"}],"about":[{"href":"https:\/\/www.humanium.org\/es\/wp-json\/wp\/v2\/types\/page"}],"author":[{"embeddable":true,"href":"https:\/\/www.humanium.org\/es\/wp-json\/wp\/v2\/users\/1"}],"replies":[{"embeddable":true,"href":"https:\/\/www.humanium.org\/es\/wp-json\/wp\/v2\/comments?post=3615"}],"version-history":[{"count":5,"href":"https:\/\/www.humanium.org\/es\/wp-json\/wp\/v2\/pages\/3615\/revisions"}],"predecessor-version":[{"id":21135,"href":"https:\/\/www.humanium.org\/es\/wp-json\/wp\/v2\/pages\/3615\/revisions\/21135"}],"wp:attachment":[{"href":"https:\/\/www.humanium.org\/es\/wp-json\/wp\/v2\/media?parent=3615"}],"curies":[{"name":"wp","href":"https:\/\/api.w.org\/{rel}","templated":true}]}}