{"id":3617,"date":"2013-08-14T07:16:26","date_gmt":"2013-08-14T07:16:26","guid":{"rendered":"http:\/\/www.humanium.org\/es\/?page_id=3617"},"modified":"2025-12-13T21:18:05","modified_gmt":"2025-12-13T21:18:05","slug":"eslovaquia","status":"publish","type":"page","link":"https:\/\/www.humanium.org\/es\/eslovaquia\/","title":{"rendered":"Ni\u00f1os de Eslovaquia"},"content":{"rendered":"<h1>Ni\u00f1os de Eslovaquia<\/h1>\n<h2>Descubriendo los derechos infantiles en Eslovaquia<\/h2>\n<p style=\"text-align: center;\"><img loading=\"lazy\" decoding=\"async\" class=\"alignnone size-full wp-image-21650\" title=\"Ni\u00f1a de Eslovaquia \u00a9 TonyBracjun (flickr)\" src=\"https:\/\/www.humanium.org\/fr\/wp-content\/uploads\/2012\/07\/Jeunefilleslovaquie-TonyBracjun-flickr1.jpg\" alt=\"\" width=\"150\" height=\"200\" \/>\u00a0<a href=\"https:\/\/www.humanium.org\/fr\/wp-content\/uploads\/2012\/07\/enfant-slovaque-23am.com-flickr.jpg\"><img loading=\"lazy\" decoding=\"async\" class=\"alignnone size-full wp-image-21651\" title=\"Ni\u00f1o de Eslovaquia \u00a9 23am.com (flickr)\" src=\"https:\/\/www.humanium.org\/fr\/wp-content\/uploads\/2012\/07\/enfant-slovaque-23am.com-flickr.jpg\" alt=\"\" width=\"133\" height=\"200\" \/><\/a><\/p>\n<p>Tras separarse de la Rep\u00fablica Checa y adherirse a la Uni\u00f3n Europea en 2004, Eslovaquia ha dado grandes zancadas hacia delante en relaci\u00f3n a los <a href=\"https:\/\/www.humanium.org\/es\/definicion\/\">derechos infantiles<\/a>. Sin embargo, las minor\u00edas en este pa\u00eds han sido mayoritariamente ignoradas, y ser\u00eda necesario realizar numerosos avances en relaci\u00f3n con ni\u00f1os pertenecientes a estas minor\u00edas.<\/p>\n<h3>Principales problemas que afectan a los ni\u00f1os en Eslovaquia:<\/h3>\n<p><strong><a href=\"https:\/\/www.humanium.org\/es\/pobreza-infantil\/\">Pobreza<\/a>.<\/strong><\/p>\n<p><img loading=\"lazy\" decoding=\"async\" class=\"alignright wp-image-21669\" title=\"Ni\u00f1os pobres de Eslovaquie \u00a9 theadvocayproject (flickr)\" src=\"https:\/\/www.humanium.org\/fr\/wp-content\/uploads\/2012\/07\/enfants-pauvres-slovaquie-theadvocayproject-flickr.jpg\" alt=\"\" width=\"203\" height=\"162\" \/> Por lo general, los eslovacos disfrutan de una alta calidad de vida, pero hay minor\u00edas en este pa\u00eds que a\u00fan se ven afectadas por la pobreza. Los gitanos, quienes viven en m\u00e1s de 600 comunidades, experimentan especialmente dif\u00edciles condiciones. La mayor\u00eda de ellos no tiene acceso a la electricidad, al agua corriente o a los sistemas de drenaje.<br \/>\nLos ni\u00f1os gitanos se ven obligados a sobrevivir las condiciones de vida m\u00e1s dif\u00edciles. Su desarrollo se ve igualmente afectado por la ausencia de una buena alimentaci\u00f3n.<\/p>\n<p><strong><a href=\"https:\/\/www.humanium.org\/es\/abuso-infantil\/\">Maltrato<\/a>.<\/strong><\/p>\n<p>En Eslovaquia, uno de cada 100.000 ni\u00f1os menores de 15 a\u00f1os muere a causa de maltrato, lo cual es uno de los \u00edndices m\u00e1s altos para cualquier pa\u00eds desarrollado. El <a href=\"https:\/\/www.humanium.org\/es\/mortalidad-infantil\/\">\u00edndice de muertes<\/a> de ni\u00f1os debido a la violencia se duplica si a estos casos se suman las muertes por causas indeterminadas.<br \/>\nEstas cifras se explican porque algunas familias a\u00fan consideran la violencia como una herramienta disciplinaria, especialmente en las \u00e1reas rurales, en donde permanecen las tradiciones antiguas.<\/p>\n<p><strong><a href=\"https:\/\/www.humanium.org\/es\/derecho-educacion\/\">Educaci\u00f3n<\/a>.<\/strong><\/p>\n<p>El 99% de los ni\u00f1os eslovacos tiene acceso a la educaci\u00f3n, pero la mayor\u00eda de los ni\u00f1os gitanos no tiene la oportunidad de ingresar a escuelas normales.<br \/>\nDe hecho sufren un caso de <a href=\"https:\/\/www.humanium.org\/es\/no-discriminacion\/\">discriminaci\u00f3n<\/a> real al ser ubicados en escuelas especializadas, por lo general destinadas \u00fanicamente para ni\u00f1os con <a href=\"https:\/\/www.humanium.org\/es\/ninos-discapacitados\/\">discapacidad <\/a>mental, pero el 80% de sus estudiantes son ni\u00f1os gitanos, quienes no muestran ninguna patolog\u00eda.<\/p>\n<p>Estas escuelas que los acogen ofrecen programas bastante simplificados que reducen considerablemente las perspectivas y posibilidades del ni\u00f1o. Esto le dificulta completar exitosamente la educaci\u00f3n superior y encontrar un trabajo.<\/p>\n<p>Esto explica por qu\u00e9 solo el 3% de los ni\u00f1os gitanos finalizan la escuela secundaria y por qu\u00e9 un peque\u00f1o porcentaje (0,3%) obtiene un t\u00edtulo profesional. Esta situaci\u00f3n constituye una violaci\u00f3n del derecho fundamental a la educaci\u00f3n de los ni\u00f1os gitanos de este pa\u00eds.<\/p>\n<p>Adem\u00e1s, el gobierno eslovaco preferir\u00eda ingresar a los ni\u00f1os gitanos en internados, lo cual no favorece<a href=\"https:\/\/www.humanium.org\/es\/convencion\/\"> el mejor inter\u00e9s del ni\u00f1o<\/a>, ya que estar\u00eda separado de su familia y alejado de su comunidad.<\/p>\n<p>En mayo de 2008, Eslovaquia adopt\u00f3 una ley que proh\u00edbe la <a href=\"https:\/\/www.humanium.org\/es\/no-discriminacion\/\">discriminaci\u00f3n<\/a> y segregaci\u00f3n en el <a href=\"https:\/\/www.humanium.org\/es\/derecho-educacion\/\">sistema educativo<\/a>. A pesar de esto, el gobierno a\u00fan no ha reconocido la gravedad del problema ni ha tomado medidas concretas para rectificar esta situaci\u00f3n.<\/p>\n<p><a href=\"https:\/\/www.humanium.org\/es\/trata-ninos\/\"><strong>Tr\u00e1fico infantil.<\/strong><\/a><\/p>\n<p>Las leyes de la Rep\u00fablica Eslovaca proh\u00edben la <a href=\"https:\/\/www.humanium.org\/es\/trabajo-infantil\/\">trata infantil<\/a>. A\u00fan as\u00ed, el pa\u00eds es un punto de partida, un \u00e1rea de tr\u00e1nsito y, en menor medida, un destino para ni\u00f1os, v\u00edctimas de la trata, especialmente en las \u00e1reas de <a href=\"https:\/\/www.humanium.org\/es\/prostitucion-infantil\/\">prostituci\u00f3n<\/a> y <a href=\"https:\/\/www.humanium.org\/es\/trabajo-infantil\/\">trabajo forzado.<\/a><\/p>\n<p>Adem\u00e1s de esto, los ni\u00f1os gitanos se ven muchas veces obligados a una vida de mendicidad. Se se\u00f1ala que la mayor\u00eda de las v\u00edctimas son ni\u00f1os gitanos de campamentos aislados ubicados en \u00e1reas rurales de Eslovaquia.<\/p>\n<p><strong><a href=\"https:\/\/www.humanium.org\/es\/trabajo-infantil\/\">Trabajo infantil\u00a0<\/a><\/strong><\/p>\n<p>Las leyes proh\u00edben el <a href=\"https:\/\/www.humanium.org\/es\/trabajo-infantil\/\">trabajo infantil forzado<\/a>, especificando protecci\u00f3n de los ni\u00f1os en contra de cualquier forma de explotaci\u00f3n en su lugar de trabajo.<br \/>\nNo obstante, el trabajo infantil no se ha eliminado y sigue siendo un problema real en algunas comunidades, especialmente bajo la forma de mendicidad.<\/p>\n<p>Adem\u00e1s, Eslovaquia es un pa\u00eds de tr\u00e1nsito para ni\u00f1os que buscan trabajo en <a href=\"https:\/\/www.humanium.org\/es\/alemania\/\">Alemania<\/a>, <a href=\"https:\/\/www.humanium.org\/es\/austria\/\">Austria<\/a>\u00a0y otros m\u00e1s pa\u00edses desarrollados en la Uni\u00f3n Europea.<\/p>\n<p><a href=\"https:\/\/www.humanium.org\/es\/derecho-salud\/\"><strong>Salud y asistencia m\u00e9dica<\/strong><\/a><\/p>\n<p> Seg\u00fan la Constituci\u00f3n, todas las personas en Eslovaquia tienen derecho a los servicios de atenci\u00f3n m\u00e9dica y tratamiento gratuito.<\/p>\n<p>En esta \u00e1rea, los grupos minoritarios no est\u00e1n sujetos a ninguna <a href=\"https:\/\/www.humanium.org\/es\/no-discriminacion\/\">discriminaci\u00f3n<\/a>, pero a veces es m\u00e1s complicado para los ni\u00f1os que viven en \u00e1reas rurales o en campamentos gitanos acceder a los servicios de salud debido a la falta de carreteras y transporte gratuito para las personas <a href=\"https:\/\/www.humanium.org\/es\/pobreza-infantil\/\">pobres<\/a>\u00a0y de muy escasos recursos.<\/p>\n<p>Eslovaquia tambi\u00e9n necesita hacer algo con la escasez de m\u00e9dicos, especialmente en el campo, lo cual impide que los ni\u00f1os tengan revisiones m\u00e9dicas peri\u00f3dicas o accedan a atenci\u00f3n m\u00e9dica en caso de emergencias.<\/p>\n<p>La tasa de<a href=\"https:\/\/www.humanium.org\/es\/mortalidad-infantil\/\"> mortalidad infantil <\/a>es de aproximadamente 9% para reci\u00e9n nacidos y 10% para ni\u00f1os menores de cinco a\u00f1os.<\/p>\n","protected":false},"excerpt":{"rendered":"<p>Ni\u00f1os de Eslovaquia Descubriendo los derechos infantiles en Eslovaquia \u00a0 Tras separarse de la Rep\u00fablica Checa y adherirse a la Uni\u00f3n Europea en 2004, Eslovaquia ha dado grandes zancadas hacia delante en relaci\u00f3n a los derechos infantiles. Sin embargo, las minor\u00edas en este pa\u00eds han sido mayoritariamente ignoradas, y ser\u00eda necesario realizar numerosos avances en [&hellip;]<\/p>\n","protected":false},"author":1,"featured_media":0,"parent":0,"menu_order":0,"comment_status":"closed","ping_status":"open","template":"","meta":{"footnotes":""},"class_list":["post-3617","page","type-page","status-publish","hentry"],"yoast_head":"<!-- This site is optimized with the Yoast SEO plugin v26.5 - https:\/\/yoast.com\/wordpress\/plugins\/seo\/ -->\n<title>Ni\u00f1os de Eslovaquia - Humanium<\/title>\n<meta name=\"description\" content=\"Eslovaquia ha progresado con respecto a los derechos infantiles. Pero las minor\u00edas han sido mas bien ignoradas. Es necesario realizar avances.\" \/>\n<meta name=\"robots\" content=\"index, follow, max-snippet:-1, max-image-preview:large, max-video-preview:-1\" \/>\n<link rel=\"canonical\" href=\"https:\/\/www.humanium.org\/es\/eslovaquia\/\" \/>\n<meta property=\"og:locale\" content=\"es_ES\" \/>\n<meta property=\"og:type\" content=\"article\" \/>\n<meta property=\"og:title\" content=\"Ni\u00f1os de Eslovaquia - Humanium\" \/>\n<meta property=\"og:description\" content=\"Eslovaquia ha progresado con respecto a los derechos infantiles. Pero las minor\u00edas han sido mas bien ignoradas. Es necesario realizar avances.\" \/>\n<meta property=\"og:url\" content=\"https:\/\/www.humanium.org\/es\/eslovaquia\/\" \/>\n<meta property=\"og:site_name\" content=\"Humanium\" \/>\n<meta property=\"article:modified_time\" content=\"2025-12-13T21:18:05+00:00\" \/>\n<meta name=\"twitter:card\" content=\"summary_large_image\" \/>\n<meta name=\"twitter:label1\" content=\"Tiempo de lectura\" \/>\n\t<meta name=\"twitter:data1\" content=\"5 minutos\" \/>\n<script type=\"application\/ld+json\" class=\"yoast-schema-graph\">{\"@context\":\"https:\/\/schema.org\",\"@graph\":[{\"@type\":\"WebPage\",\"@id\":\"https:\/\/www.humanium.org\/es\/eslovaquia\/\",\"url\":\"https:\/\/www.humanium.org\/es\/eslovaquia\/\",\"name\":\"Ni\u00f1os de Eslovaquia - Humanium\",\"isPartOf\":{\"@id\":\"https:\/\/www.humanium.org\/es\/#website\"},\"primaryImageOfPage\":{\"@id\":\"https:\/\/www.humanium.org\/es\/eslovaquia\/#primaryimage\"},\"image\":{\"@id\":\"https:\/\/www.humanium.org\/es\/eslovaquia\/#primaryimage\"},\"thumbnailUrl\":\"https:\/\/www.humanium.org\/fr\/wp-content\/uploads\/2012\/07\/Jeunefilleslovaquie-TonyBracjun-flickr1.jpg\",\"datePublished\":\"2013-08-14T07:16:26+00:00\",\"dateModified\":\"2025-12-13T21:18:05+00:00\",\"description\":\"Eslovaquia ha progresado con respecto a los derechos infantiles. Pero las minor\u00edas han sido mas bien ignoradas. Es necesario realizar avances.\",\"breadcrumb\":{\"@id\":\"https:\/\/www.humanium.org\/es\/eslovaquia\/#breadcrumb\"},\"inLanguage\":\"es\",\"potentialAction\":[{\"@type\":\"ReadAction\",\"target\":[\"https:\/\/www.humanium.org\/es\/eslovaquia\/\"]}]},{\"@type\":\"ImageObject\",\"inLanguage\":\"es\",\"@id\":\"https:\/\/www.humanium.org\/es\/eslovaquia\/#primaryimage\",\"url\":\"https:\/\/www.humanium.org\/fr\/wp-content\/uploads\/2012\/07\/Jeunefilleslovaquie-TonyBracjun-flickr1.jpg\",\"contentUrl\":\"https:\/\/www.humanium.org\/fr\/wp-content\/uploads\/2012\/07\/Jeunefilleslovaquie-TonyBracjun-flickr1.jpg\"},{\"@type\":\"BreadcrumbList\",\"@id\":\"https:\/\/www.humanium.org\/es\/eslovaquia\/#breadcrumb\",\"itemListElement\":[{\"@type\":\"ListItem\",\"position\":1,\"name\":\"Home\",\"item\":\"https:\/\/www.humanium.org\/es\/\"},{\"@type\":\"ListItem\",\"position\":2,\"name\":\"Ni\u00f1os de Eslovaquia\"}]},{\"@type\":\"WebSite\",\"@id\":\"https:\/\/www.humanium.org\/es\/#website\",\"url\":\"https:\/\/www.humanium.org\/es\/\",\"name\":\"Humanium\",\"description\":\"\u00a1Los ni\u00f1os primero!\",\"potentialAction\":[{\"@type\":\"SearchAction\",\"target\":{\"@type\":\"EntryPoint\",\"urlTemplate\":\"https:\/\/www.humanium.org\/es\/?s={search_term_string}\"},\"query-input\":{\"@type\":\"PropertyValueSpecification\",\"valueRequired\":true,\"valueName\":\"search_term_string\"}}],\"inLanguage\":\"es\"}]}<\/script>\n<!-- \/ Yoast SEO plugin. -->","yoast_head_json":{"title":"Ni\u00f1os de Eslovaquia - Humanium","description":"Eslovaquia ha progresado con respecto a los derechos infantiles. Pero las minor\u00edas han sido mas bien ignoradas. Es necesario realizar avances.","robots":{"index":"index","follow":"follow","max-snippet":"max-snippet:-1","max-image-preview":"max-image-preview:large","max-video-preview":"max-video-preview:-1"},"canonical":"https:\/\/www.humanium.org\/es\/eslovaquia\/","og_locale":"es_ES","og_type":"article","og_title":"Ni\u00f1os de Eslovaquia - Humanium","og_description":"Eslovaquia ha progresado con respecto a los derechos infantiles. Pero las minor\u00edas han sido mas bien ignoradas. Es necesario realizar avances.","og_url":"https:\/\/www.humanium.org\/es\/eslovaquia\/","og_site_name":"Humanium","article_modified_time":"2025-12-13T21:18:05+00:00","twitter_card":"summary_large_image","twitter_misc":{"Tiempo de lectura":"5 minutos"},"schema":{"@context":"https:\/\/schema.org","@graph":[{"@type":"WebPage","@id":"https:\/\/www.humanium.org\/es\/eslovaquia\/","url":"https:\/\/www.humanium.org\/es\/eslovaquia\/","name":"Ni\u00f1os de Eslovaquia - Humanium","isPartOf":{"@id":"https:\/\/www.humanium.org\/es\/#website"},"primaryImageOfPage":{"@id":"https:\/\/www.humanium.org\/es\/eslovaquia\/#primaryimage"},"image":{"@id":"https:\/\/www.humanium.org\/es\/eslovaquia\/#primaryimage"},"thumbnailUrl":"https:\/\/www.humanium.org\/fr\/wp-content\/uploads\/2012\/07\/Jeunefilleslovaquie-TonyBracjun-flickr1.jpg","datePublished":"2013-08-14T07:16:26+00:00","dateModified":"2025-12-13T21:18:05+00:00","description":"Eslovaquia ha progresado con respecto a los derechos infantiles. Pero las minor\u00edas han sido mas bien ignoradas. Es necesario realizar avances.","breadcrumb":{"@id":"https:\/\/www.humanium.org\/es\/eslovaquia\/#breadcrumb"},"inLanguage":"es","potentialAction":[{"@type":"ReadAction","target":["https:\/\/www.humanium.org\/es\/eslovaquia\/"]}]},{"@type":"ImageObject","inLanguage":"es","@id":"https:\/\/www.humanium.org\/es\/eslovaquia\/#primaryimage","url":"https:\/\/www.humanium.org\/fr\/wp-content\/uploads\/2012\/07\/Jeunefilleslovaquie-TonyBracjun-flickr1.jpg","contentUrl":"https:\/\/www.humanium.org\/fr\/wp-content\/uploads\/2012\/07\/Jeunefilleslovaquie-TonyBracjun-flickr1.jpg"},{"@type":"BreadcrumbList","@id":"https:\/\/www.humanium.org\/es\/eslovaquia\/#breadcrumb","itemListElement":[{"@type":"ListItem","position":1,"name":"Home","item":"https:\/\/www.humanium.org\/es\/"},{"@type":"ListItem","position":2,"name":"Ni\u00f1os de Eslovaquia"}]},{"@type":"WebSite","@id":"https:\/\/www.humanium.org\/es\/#website","url":"https:\/\/www.humanium.org\/es\/","name":"Humanium","description":"\u00a1Los ni\u00f1os primero!","potentialAction":[{"@type":"SearchAction","target":{"@type":"EntryPoint","urlTemplate":"https:\/\/www.humanium.org\/es\/?s={search_term_string}"},"query-input":{"@type":"PropertyValueSpecification","valueRequired":true,"valueName":"search_term_string"}}],"inLanguage":"es"}]}},"_links":{"self":[{"href":"https:\/\/www.humanium.org\/es\/wp-json\/wp\/v2\/pages\/3617","targetHints":{"allow":["GET"]}}],"collection":[{"href":"https:\/\/www.humanium.org\/es\/wp-json\/wp\/v2\/pages"}],"about":[{"href":"https:\/\/www.humanium.org\/es\/wp-json\/wp\/v2\/types\/page"}],"author":[{"embeddable":true,"href":"https:\/\/www.humanium.org\/es\/wp-json\/wp\/v2\/users\/1"}],"replies":[{"embeddable":true,"href":"https:\/\/www.humanium.org\/es\/wp-json\/wp\/v2\/comments?post=3617"}],"version-history":[{"count":6,"href":"https:\/\/www.humanium.org\/es\/wp-json\/wp\/v2\/pages\/3617\/revisions"}],"predecessor-version":[{"id":21137,"href":"https:\/\/www.humanium.org\/es\/wp-json\/wp\/v2\/pages\/3617\/revisions\/21137"}],"wp:attachment":[{"href":"https:\/\/www.humanium.org\/es\/wp-json\/wp\/v2\/media?parent=3617"}],"curies":[{"name":"wp","href":"https:\/\/api.w.org\/{rel}","templated":true}]}}