{"id":3670,"date":"2013-08-15T12:37:06","date_gmt":"2013-08-15T12:37:06","guid":{"rendered":"http:\/\/www.humanium.org\/es\/?page_id=3670"},"modified":"2025-12-05T17:44:14","modified_gmt":"2025-12-05T17:44:14","slug":"islas-marshall","status":"publish","type":"page","link":"https:\/\/www.humanium.org\/es\/islas-marshall\/","title":{"rendered":"Ni\u00f1os de las Islas Marshall"},"content":{"rendered":"<h1>Ni\u00f1os de las Islas Marshall<\/h1>\n<h2>Descubriendo los Derechos del Ni\u00f1o en las Islas Marshall<\/h2>\n<p style=\"text-align: center;\"><img loading=\"lazy\" decoding=\"async\" class=\"alignnone size-full wp-image-28084\" title=\"Ni\u00f1o de las Islas Marshall \u00a9 Benedict Yanamura - 360.org (Flickr.com)\" src=\"https:\/\/www.humanium.org\/fr\/wp-content\/uploads\/2013\/04\/Benedict-Yanamura-360.org-Flickr.com-.jpg\" alt=\"\" width=\"200\" height=\"200\" \/>\u00a0\u00a0<img loading=\"lazy\" decoding=\"async\" class=\"alignnone size-full wp-image-28085\" title=\"Ni\u00f1o de las Islas Marshall \u00a9 Naomi T (Flickr.com)\" src=\"https:\/\/www.humanium.org\/fr\/wp-content\/uploads\/2013\/04\/Naomi-T-Flickr.com_.jpg\" alt=\"\" width=\"200\" height=\"200\" \/><\/p>\n<p>Las islas Marshall es una zona subdesarrollada en la mayor\u00eda de sus regiones. Seg\u00fan la Red de Informaci\u00f3n de los Derechos del Ni\u00f1o (CRIN) resulta muy dif\u00edcil acceder al agua potable y a la electricidad. Adem\u00e1s, en las \u00faltimas islas originadas en el archipi\u00e9lago, se viven situaciones como que las familias obligan a sus hijos a <a href=\"https:\/\/www.humanium.org\/es\/trabajo-infantil\/\">trabajar<\/a> debido a la inestabilidad econ\u00f3mica lo que conlleva que la <a href=\"https:\/\/www.humanium.org\/es\/derecho-educacion\/\">educaci\u00f3n<\/a> se vea apartada y provoca que los ni\u00f1os de las islas Marshall sean privados de sus perspectivas de futuro.<\/p>\n<h3>Principales problemas que afectan a los ni\u00f1os en las Islas Marshall<\/h3>\n<p><b>Pobreza<\/b> <b>Condiciones b\u00e1sicas de vida<\/b><\/p>\n<p>En este archipi\u00e9lago, las condiciones de vida var\u00edan de una isla a otra. Por ejemplo, en algunas regiones como Majuro Atoll o isla Ebeye, el acceso a la electricidad y al agua potable es muy dif\u00edcil.<\/p>\n<p><b><br \/>\nInestabilidad econ\u00f3mica<\/b> La escasez de actividades y recursos en las islas del archipi\u00e9lago fomentan que la poblaci\u00f3n se dedique principalmente a la pesca y a la industria del coco. <img loading=\"lazy\" decoding=\"async\" class=\"size-full wp-image-28087 alignright\" title=\"La falta de agua potable y servicios b\u00e1sicos en las zonas m\u00e1s pobres hace que la vulnerabilidad de los ni\u00f1os a la enfermedad \u00a9 Naomi T (Flickr.com)\" src=\"https:\/\/www.humanium.org\/fr\/wp-content\/uploads\/2013\/04\/Naomi-T-.-Flickr.com_.jpg\" alt=\"\" width=\"240\" height=\"320\" \/>STeniendo en cuenta que el salario m\u00ednimo es de 2 d\u00f3lares la hora, se llega a entender el nivel de inestabilidad existente en algunas zonas donde apenas hay recursos. Por tanto, las familias s\u00f3lo generan unos ingresos muy peque\u00f1os para mantener a sus hijos.<\/p>\n<p><b>Salud<\/b> La ausencia de agua potable y de servicios b\u00e1sicos en las zonas m\u00e1s pobres afectan especialmente a los ni\u00f1os quienes contraen diversas <a href=\"https:\/\/www.humanium.org\/es\/ninos-enfermos\/\">enfermedades<\/a> como disenter\u00eda, fiebre y problemas respiratorios. Seg\u00fan el CRIN, el crecimiento medio de los ni\u00f1os es inferior a la media y se han observado algunas deficiencias en su <a href=\"https:\/\/www.humanium.org\/es\/derecho-alimentacion\/\">alimentaci\u00f3n<\/a> adem\u00e1s de escasez de tratamientos m\u00e9dicos apropiados.<\/p>\n<p><b>Garant\u00eda de los derechos de los ni\u00f1os<\/b> Seg\u00fan el Departamento de Estado de los Estados Unidos de Am\u00e9rica, las islas Marshall no forman parte de la Convenio de la Haya de 1980 sobre los Aspectos Civiles de la Sustracci\u00f3n Internacional de Menores. Con respecto a la protecci\u00f3n de los ni\u00f1os frente a los <a href=\"https:\/\/www.humanium.org\/es\/explotacion-sexual-infantil\/\">abusos sexuales<\/a> y actos negligentes, el nivel de prevenci\u00f3n es \u00ednfimo por lo que estas pr\u00e1cticas han aumentado de forma alarmante. Incluso, el C\u00f3digo Penal no recoge los abusos f\u00edsicos hacia los ni\u00f1os como un delito. Tambi\u00e9n es importante se\u00f1alar que actualmente, no existen leyes en materia de pornograf\u00eda infantil. Adem\u00e1s, el derecho <a href=\"https:\/\/www.humanium.org\/es\/trabajo-infantil\/\">laboral<\/a> no recoge un salario m\u00ednimo para los menores a pesar de que los sectores en los que los ni\u00f1os trabajan, acarrean jornadas laborales intensivas. Por ejemplo, es habitual encontrarse con ni\u00f1os en Atolls que ayudan a sus padres trabajando en la pesca, la agricultura, en la venta al por menor as\u00ed como en otros peque\u00f1os negocios. <b><img loading=\"lazy\" decoding=\"async\" class=\"size-full wp-image-28086 alignright\" title=\"El respeto del derecho a la educaci\u00f3n en el nivel de vida de los padres \u00a9 Naomi T (Flickr.com)\" src=\"https:\/\/www.humanium.org\/fr\/wp-content\/uploads\/2013\/04\/Naomi-T.-Flickr.com_.jpg\" alt=\"\" width=\"320\" height=\"240\" \/><\/b><\/p>\n<p>Derecho a la Educaci\u00f3n Como sucede en la mayor\u00eda de los Derechos del Ni\u00f1o, el <a href=\"https:\/\/www.humanium.org\/es\/derecho-educacion\/\">derecho a la educaci\u00f3n<\/a> se cumplir\u00e1 dependiendo del nivel de vida de los padres. En el pa\u00eds que nos concierne y debido a las complicadas condiciones de vida, los bajos salarios y la situaci\u00f3n geogr\u00e1fica, es muy dif\u00edcil garantizar el acceso a la educaci\u00f3n. Por ejemplo, para un ni\u00f1o que resida lejos de la escuela y cuyos padres tengan muy pocos recursos, ser\u00e1 muy poco probable que pueda acceder a la educaci\u00f3n ya que su familia no podr\u00e1 pagar las tasas escolares y por tanto, tampoco podr\u00e1 beneficiarse de los comedores escolares.<\/p>\n","protected":false},"excerpt":{"rendered":"<p>Ni\u00f1os de las Islas Marshall Descubriendo los Derechos del Ni\u00f1o en las Islas Marshall \u00a0\u00a0 Las islas Marshall es una zona subdesarrollada en la mayor\u00eda de sus regiones. Seg\u00fan la Red de Informaci\u00f3n de los Derechos del Ni\u00f1o (CRIN) resulta muy dif\u00edcil acceder al agua potable y a la electricidad. Adem\u00e1s, en las \u00faltimas islas [&hellip;]<\/p>\n","protected":false},"author":1,"featured_media":0,"parent":0,"menu_order":0,"comment_status":"closed","ping_status":"open","template":"","meta":{"footnotes":""},"class_list":["post-3670","page","type-page","status-publish","hentry"],"yoast_head":"<!-- This site is optimized with the Yoast SEO plugin v26.5 - https:\/\/yoast.com\/wordpress\/plugins\/seo\/ -->\n<title>Ni\u00f1os de las Islas Marshall - Humanium<\/title>\n<meta name=\"description\" content=\"El subdesarrollo de las Islas Marshall, hace dif\u00edcil para los ni\u00f1os el acceso al agua potable o a la educaci\u00f3n. Sus derechos deben ser mejorados.\" \/>\n<meta name=\"robots\" content=\"index, follow, max-snippet:-1, max-image-preview:large, max-video-preview:-1\" \/>\n<link rel=\"canonical\" href=\"https:\/\/www.humanium.org\/es\/islas-marshall\/\" \/>\n<meta property=\"og:locale\" content=\"es_ES\" \/>\n<meta property=\"og:type\" content=\"article\" \/>\n<meta property=\"og:title\" content=\"Ni\u00f1os de las Islas Marshall - Humanium\" \/>\n<meta property=\"og:description\" content=\"El subdesarrollo de las Islas Marshall, hace dif\u00edcil para los ni\u00f1os el acceso al agua potable o a la educaci\u00f3n. Sus derechos deben ser mejorados.\" \/>\n<meta property=\"og:url\" content=\"https:\/\/www.humanium.org\/es\/islas-marshall\/\" \/>\n<meta property=\"og:site_name\" content=\"Humanium\" \/>\n<meta property=\"article:modified_time\" content=\"2025-12-05T17:44:14+00:00\" \/>\n<meta name=\"twitter:card\" content=\"summary_large_image\" \/>\n<meta name=\"twitter:label1\" content=\"Tiempo de lectura\" \/>\n\t<meta name=\"twitter:data1\" content=\"4 minutos\" \/>\n<script type=\"application\/ld+json\" class=\"yoast-schema-graph\">{\"@context\":\"https:\/\/schema.org\",\"@graph\":[{\"@type\":\"WebPage\",\"@id\":\"https:\/\/www.humanium.org\/es\/islas-marshall\/\",\"url\":\"https:\/\/www.humanium.org\/es\/islas-marshall\/\",\"name\":\"Ni\u00f1os de las Islas Marshall - Humanium\",\"isPartOf\":{\"@id\":\"https:\/\/www.humanium.org\/es\/#website\"},\"primaryImageOfPage\":{\"@id\":\"https:\/\/www.humanium.org\/es\/islas-marshall\/#primaryimage\"},\"image\":{\"@id\":\"https:\/\/www.humanium.org\/es\/islas-marshall\/#primaryimage\"},\"thumbnailUrl\":\"https:\/\/www.humanium.org\/fr\/wp-content\/uploads\/2013\/04\/Benedict-Yanamura-360.org-Flickr.com-.jpg\",\"datePublished\":\"2013-08-15T12:37:06+00:00\",\"dateModified\":\"2025-12-05T17:44:14+00:00\",\"description\":\"El subdesarrollo de las Islas Marshall, hace dif\u00edcil para los ni\u00f1os el acceso al agua potable o a la educaci\u00f3n. Sus derechos deben ser mejorados.\",\"breadcrumb\":{\"@id\":\"https:\/\/www.humanium.org\/es\/islas-marshall\/#breadcrumb\"},\"inLanguage\":\"es\",\"potentialAction\":[{\"@type\":\"ReadAction\",\"target\":[\"https:\/\/www.humanium.org\/es\/islas-marshall\/\"]}]},{\"@type\":\"ImageObject\",\"inLanguage\":\"es\",\"@id\":\"https:\/\/www.humanium.org\/es\/islas-marshall\/#primaryimage\",\"url\":\"https:\/\/www.humanium.org\/fr\/wp-content\/uploads\/2013\/04\/Benedict-Yanamura-360.org-Flickr.com-.jpg\",\"contentUrl\":\"https:\/\/www.humanium.org\/fr\/wp-content\/uploads\/2013\/04\/Benedict-Yanamura-360.org-Flickr.com-.jpg\"},{\"@type\":\"BreadcrumbList\",\"@id\":\"https:\/\/www.humanium.org\/es\/islas-marshall\/#breadcrumb\",\"itemListElement\":[{\"@type\":\"ListItem\",\"position\":1,\"name\":\"Home\",\"item\":\"https:\/\/www.humanium.org\/es\/\"},{\"@type\":\"ListItem\",\"position\":2,\"name\":\"Ni\u00f1os de las Islas Marshall\"}]},{\"@type\":\"WebSite\",\"@id\":\"https:\/\/www.humanium.org\/es\/#website\",\"url\":\"https:\/\/www.humanium.org\/es\/\",\"name\":\"Humanium\",\"description\":\"\u00a1Los ni\u00f1os primero!\",\"potentialAction\":[{\"@type\":\"SearchAction\",\"target\":{\"@type\":\"EntryPoint\",\"urlTemplate\":\"https:\/\/www.humanium.org\/es\/?s={search_term_string}\"},\"query-input\":{\"@type\":\"PropertyValueSpecification\",\"valueRequired\":true,\"valueName\":\"search_term_string\"}}],\"inLanguage\":\"es\"}]}<\/script>\n<!-- \/ Yoast SEO plugin. -->","yoast_head_json":{"title":"Ni\u00f1os de las Islas Marshall - Humanium","description":"El subdesarrollo de las Islas Marshall, hace dif\u00edcil para los ni\u00f1os el acceso al agua potable o a la educaci\u00f3n. Sus derechos deben ser mejorados.","robots":{"index":"index","follow":"follow","max-snippet":"max-snippet:-1","max-image-preview":"max-image-preview:large","max-video-preview":"max-video-preview:-1"},"canonical":"https:\/\/www.humanium.org\/es\/islas-marshall\/","og_locale":"es_ES","og_type":"article","og_title":"Ni\u00f1os de las Islas Marshall - Humanium","og_description":"El subdesarrollo de las Islas Marshall, hace dif\u00edcil para los ni\u00f1os el acceso al agua potable o a la educaci\u00f3n. Sus derechos deben ser mejorados.","og_url":"https:\/\/www.humanium.org\/es\/islas-marshall\/","og_site_name":"Humanium","article_modified_time":"2025-12-05T17:44:14+00:00","twitter_card":"summary_large_image","twitter_misc":{"Tiempo de lectura":"4 minutos"},"schema":{"@context":"https:\/\/schema.org","@graph":[{"@type":"WebPage","@id":"https:\/\/www.humanium.org\/es\/islas-marshall\/","url":"https:\/\/www.humanium.org\/es\/islas-marshall\/","name":"Ni\u00f1os de las Islas Marshall - Humanium","isPartOf":{"@id":"https:\/\/www.humanium.org\/es\/#website"},"primaryImageOfPage":{"@id":"https:\/\/www.humanium.org\/es\/islas-marshall\/#primaryimage"},"image":{"@id":"https:\/\/www.humanium.org\/es\/islas-marshall\/#primaryimage"},"thumbnailUrl":"https:\/\/www.humanium.org\/fr\/wp-content\/uploads\/2013\/04\/Benedict-Yanamura-360.org-Flickr.com-.jpg","datePublished":"2013-08-15T12:37:06+00:00","dateModified":"2025-12-05T17:44:14+00:00","description":"El subdesarrollo de las Islas Marshall, hace dif\u00edcil para los ni\u00f1os el acceso al agua potable o a la educaci\u00f3n. Sus derechos deben ser mejorados.","breadcrumb":{"@id":"https:\/\/www.humanium.org\/es\/islas-marshall\/#breadcrumb"},"inLanguage":"es","potentialAction":[{"@type":"ReadAction","target":["https:\/\/www.humanium.org\/es\/islas-marshall\/"]}]},{"@type":"ImageObject","inLanguage":"es","@id":"https:\/\/www.humanium.org\/es\/islas-marshall\/#primaryimage","url":"https:\/\/www.humanium.org\/fr\/wp-content\/uploads\/2013\/04\/Benedict-Yanamura-360.org-Flickr.com-.jpg","contentUrl":"https:\/\/www.humanium.org\/fr\/wp-content\/uploads\/2013\/04\/Benedict-Yanamura-360.org-Flickr.com-.jpg"},{"@type":"BreadcrumbList","@id":"https:\/\/www.humanium.org\/es\/islas-marshall\/#breadcrumb","itemListElement":[{"@type":"ListItem","position":1,"name":"Home","item":"https:\/\/www.humanium.org\/es\/"},{"@type":"ListItem","position":2,"name":"Ni\u00f1os de las Islas Marshall"}]},{"@type":"WebSite","@id":"https:\/\/www.humanium.org\/es\/#website","url":"https:\/\/www.humanium.org\/es\/","name":"Humanium","description":"\u00a1Los ni\u00f1os primero!","potentialAction":[{"@type":"SearchAction","target":{"@type":"EntryPoint","urlTemplate":"https:\/\/www.humanium.org\/es\/?s={search_term_string}"},"query-input":{"@type":"PropertyValueSpecification","valueRequired":true,"valueName":"search_term_string"}}],"inLanguage":"es"}]}},"_links":{"self":[{"href":"https:\/\/www.humanium.org\/es\/wp-json\/wp\/v2\/pages\/3670","targetHints":{"allow":["GET"]}}],"collection":[{"href":"https:\/\/www.humanium.org\/es\/wp-json\/wp\/v2\/pages"}],"about":[{"href":"https:\/\/www.humanium.org\/es\/wp-json\/wp\/v2\/types\/page"}],"author":[{"embeddable":true,"href":"https:\/\/www.humanium.org\/es\/wp-json\/wp\/v2\/users\/1"}],"replies":[{"embeddable":true,"href":"https:\/\/www.humanium.org\/es\/wp-json\/wp\/v2\/comments?post=3670"}],"version-history":[{"count":3,"href":"https:\/\/www.humanium.org\/es\/wp-json\/wp\/v2\/pages\/3670\/revisions"}],"predecessor-version":[{"id":20418,"href":"https:\/\/www.humanium.org\/es\/wp-json\/wp\/v2\/pages\/3670\/revisions\/20418"}],"wp:attachment":[{"href":"https:\/\/www.humanium.org\/es\/wp-json\/wp\/v2\/media?parent=3670"}],"curies":[{"name":"wp","href":"https:\/\/api.w.org\/{rel}","templated":true}]}}