{"id":373,"date":"2012-12-03T10:59:49","date_gmt":"2012-12-03T10:59:49","guid":{"rendered":"http:\/\/www.humanium.org\/es\/?page_id=373"},"modified":"2025-10-19T10:46:29","modified_gmt":"2025-10-19T10:46:29","slug":"derechos","status":"publish","type":"page","link":"https:\/\/www.humanium.org\/es\/derechos\/","title":{"rendered":"8 Derechos fundamentales"},"content":{"rendered":"\n<h1 class=\"wp-block-heading\">Derechos del Ni\u00f1o<\/h1>\n\n\n\n<p>La aplicaci\u00f3n, ejecuci\u00f3n e interpretaci\u00f3n de los 8 Derechos Fundamentales del ni\u00f1o est\u00e1 guiada y determinada por <a href=\"https:\/\/www.humanium.org\/es\/los-principios-rectores-de-la-convencion-sobre-los-derechos-del-nino\/\">los 4 Principios Rectores de la Convenci\u00f3n sobre los Derechos del Ni\u00f1o<\/a>; <a href=\"https:\/\/www.humanium.org\/es\/principio-de-no-discriminacion\/\">el principio de no discriminaci\u00f3n<\/a>, <a href=\"https:\/\/www.humanium.org\/es\/principio-del-interes-superior-del-nino\/\">el principio del \u00abinter\u00e9s superior del ni\u00f1o\u00bb<\/a>, <a href=\"https:\/\/www.humanium.org\/es\/principio-de-la-vida-la-supervivencia-y-el-desarrollo\/\">el principio de la vida, la supervivencia y el desarrollo<\/a>, y <a href=\"https:\/\/www.humanium.org\/es\/principio-de-inclusion-y-participacion\/\">el principio de inclusi\u00f3n y participaci\u00f3n<\/a>.<\/p>\n\n\n\n<div class=\"wp-block-media-text is-stacked-on-mobile\" style=\"grid-template-columns:18% auto\"><figure class=\"wp-block-media-text__media\"><img decoding=\"async\" src=\"https:\/\/www.humanium.org\/en\/wp-content\/uploads\/2025\/10\/shutterstock_1151340122_edited.jpeg\" alt=\"\" class=\"wp-image-84968 size-full\"\/><\/figure><div class=\"wp-block-media-text__content\">\n<h2 class=\"wp-block-heading\"><a href=\"https:\/\/www.humanium.org\/en\/life\/\"><a href=\"https:\/\/www.humanium.org\/es\/derecho-vida\/\">Derecho a la vida<\/a><\/a><\/h2>\n\n\n\n<p>El derecho a la vida se considera como el derecho humano m\u00e1s fundamental e incluye la protecci\u00f3n y la preservaci\u00f3n de la vida de todos.<\/p>\n<\/div><\/div>\n\n\n\n<div class=\"wp-block-media-text is-stacked-on-mobile\" style=\"grid-template-columns:18% auto\"><figure class=\"wp-block-media-text__media\"><img decoding=\"async\" src=\"https:\/\/www.humanium.org\/en\/wp-content\/uploads\/2025\/10\/shutterstock_2212403943_edited.jpeg\" alt=\"\" class=\"wp-image-84969 size-full\"\/><\/figure><div class=\"wp-block-media-text__content\">\n<h2 class=\"wp-block-heading\"><a href=\"https:\/\/www.humanium.org\/es\/derecho-educacion\/\">Derecho a la educaci\u00f3n<\/a><\/h2>\n\n\n\n<p>Todos los ni\u00f1os tienen derecho a una educaci\u00f3n de calidad. Este principio est\u00e1 recogido en los acuerdos internacionales y es reconocido como un aspecto crucial para el desarrollo individual y social.\u00a0<\/p>\n<\/div><\/div>\n\n\n\n<div class=\"wp-block-media-text is-stacked-on-mobile\" style=\"grid-template-columns:18% auto\"><figure class=\"wp-block-media-text__media\"><img decoding=\"async\" src=\"https:\/\/www.humanium.org\/en\/wp-content\/uploads\/2025\/10\/shutterstock_2137006005_edited.jpeg\" alt=\"\" class=\"wp-image-84970 size-full\"\/><\/figure><div class=\"wp-block-media-text__content\">\n<h2 class=\"wp-block-heading\"><a href=\"https:\/\/www.humanium.org\/es\/derecho-alimentacion\/\">Derecho a la alimentaci\u00f3n<\/a><\/h2>\n\n\n\n<p>El derecho a una alimentaci\u00f3n adecuada es uno de los derechos humanos fundamentales. Si no tienen este derecho garantizado, los ni\u00f1os corren el riesgo de sufrir graves problemas de salud mental y f\u00edsica.<\/p>\n<\/div><\/div>\n\n\n\n<div class=\"wp-block-media-text is-stacked-on-mobile\" style=\"grid-template-columns:18% auto\"><figure class=\"wp-block-media-text__media\"><img decoding=\"async\" src=\"https:\/\/www.humanium.org\/en\/wp-content\/uploads\/2025\/10\/shutterstock_1427743757_edited.jpeg\" alt=\"\" class=\"wp-image-84971 size-full\"\/><\/figure><div class=\"wp-block-media-text__content\">\n<h2 class=\"wp-block-heading\"><a href=\"https:\/\/www.humanium.org\/es\/derecho-agua\/\">Derecho al agua<\/a><\/h2>\n\n\n\n<p>El agua es un derecho b\u00e1sico para todo el mundo y, sin embargo, se suele ignorar su importancia. Para mucha gente, el derecho al agua contin\u00faa siendo una promesa en lugar de un hecho.<\/p>\n<\/div><\/div>\n\n\n\n<div class=\"wp-block-media-text is-stacked-on-mobile\" style=\"grid-template-columns:18% auto\"><figure class=\"wp-block-media-text__media\"><img decoding=\"async\" src=\"https:\/\/www.humanium.org\/en\/wp-content\/uploads\/2025\/10\/shutterstock_2012367962_edited.jpeg\" alt=\"\" class=\"wp-image-84972 size-full\"\/><\/figure><div class=\"wp-block-media-text__content\">\n<h2 class=\"wp-block-heading\"><a href=\"https:\/\/www.humanium.org\/es\/derecho-salud\/\">Derecho a la salud<\/a><\/h2>\n\n\n\n<p>El derecho a la salud es un derecho fundamental para todos los ni\u00f1os, tal como se consagra en la Convenci\u00f3n sobre los Derechos del Ni\u00f1o de las Naciones Unidas.<\/p>\n<\/div><\/div>\n\n\n\n<div class=\"wp-block-media-text is-stacked-on-mobile\" style=\"grid-template-columns:18% auto\"><figure class=\"wp-block-media-text__media\"><img decoding=\"async\" src=\"https:\/\/www.humanium.org\/en\/wp-content\/uploads\/2025\/10\/shutterstock_2464725521_edited-2.jpeg\" alt=\"\" class=\"wp-image-84973 size-full\"\/><\/figure><div class=\"wp-block-media-text__content\">\n<h2 class=\"wp-block-heading\"><a href=\"https:\/\/www.humanium.org\/es\/derecho-identidad\/\">Derecho a la identidad<\/a><\/h2>\n\n\n\n<p>Todo ni\u00f1o tiene derecho a una identidad desde su nacimiento. Este derecho humano fundamental es particularmente relevante en el caso de los menores, ya que confirma su existencia en la sociedad.<\/p>\n<\/div><\/div>\n\n\n\n<div class=\"wp-block-media-text is-stacked-on-mobile\" style=\"grid-template-columns:18% auto\"><figure class=\"wp-block-media-text__media\"><img decoding=\"async\" src=\"https:\/\/www.humanium.org\/en\/wp-content\/uploads\/2025\/10\/shutterstock_1776910436_edited.jpeg\" alt=\"\" class=\"wp-image-84974 size-full\"\/><\/figure><div class=\"wp-block-media-text__content\">\n<h2 class=\"wp-block-heading\"><a href=\"https:\/\/www.humanium.org\/es\/derecho-libertad\/\">Derecho a la libertad<\/a><\/h2>\n\n\n\n<p>El derecho a la libertad es un derecho fundamental protegido por el derecho internacional y otorgado a todos los seres humanos, incluidos los ni\u00f1os.<\/p>\n<\/div><\/div>\n\n\n\n<div class=\"wp-block-media-text is-stacked-on-mobile\" style=\"grid-template-columns:18% auto\"><figure class=\"wp-block-media-text__media\"><img decoding=\"async\" src=\"https:\/\/www.humanium.org\/en\/wp-content\/uploads\/2025\/10\/shutterstock_2610552077_edited.jpeg\" alt=\"\" class=\"wp-image-84975 size-full\"\/><\/figure><div class=\"wp-block-media-text__content\">\n<h2 class=\"wp-block-heading\"><a href=\"https:\/\/www.humanium.org\/es\/derecho-proteccion\/\">Derecho a la protecci\u00f3n<\/a><\/h2>\n\n\n\n<p>Todos los ni\u00f1os tienen derechos fundamentales que garantizan su protecci\u00f3n frente a cualquier da\u00f1o, incluidos los abusos, la explotaci\u00f3n, el abandono y otras amenazas para su bienestar f\u00edsico y mental.<\/p>\n<\/div><\/div>\n","protected":false},"excerpt":{"rendered":"<p>Derechos del Ni\u00f1o La aplicaci\u00f3n, ejecuci\u00f3n e interpretaci\u00f3n de los 8 Derechos Fundamentales del ni\u00f1o est\u00e1 guiada y determinada por los 4 Principios Rectores de la Convenci\u00f3n sobre los Derechos del Ni\u00f1o; el principio de no discriminaci\u00f3n, el principio del \u00abinter\u00e9s superior del ni\u00f1o\u00bb, el principio de la vida, la supervivencia y el desarrollo, y [&hellip;]<\/p>\n","protected":false},"author":1,"featured_media":0,"parent":0,"menu_order":0,"comment_status":"closed","ping_status":"closed","template":"","meta":{"footnotes":""},"class_list":["post-373","page","type-page","status-publish","hentry"],"yoast_head":"<!-- This site is optimized with the Yoast SEO plugin v26.5 - https:\/\/yoast.com\/wordpress\/plugins\/seo\/ -->\n<title>8 Derechos fundamentales - Humanium<\/title>\n<meta name=\"description\" content=\"8 derechos fundamentales: derecho a la vida; a la alimentaci\u00f3n; a la educaci\u00f3n; a la salud; al agua; a la identidad; a la libertad y a la protecci\u00f3n.\" \/>\n<meta name=\"robots\" content=\"index, follow, max-snippet:-1, max-image-preview:large, max-video-preview:-1\" \/>\n<link rel=\"canonical\" href=\"https:\/\/www.humanium.org\/es\/derechos\/\" \/>\n<meta property=\"og:locale\" content=\"es_ES\" \/>\n<meta property=\"og:type\" content=\"article\" \/>\n<meta property=\"og:title\" content=\"8 Derechos fundamentales - Humanium\" \/>\n<meta property=\"og:description\" content=\"8 derechos fundamentales: derecho a la vida; a la alimentaci\u00f3n; a la educaci\u00f3n; a la salud; al agua; a la identidad; a la libertad y a la protecci\u00f3n.\" \/>\n<meta property=\"og:url\" content=\"https:\/\/www.humanium.org\/es\/derechos\/\" \/>\n<meta property=\"og:site_name\" content=\"Humanium\" \/>\n<meta property=\"article:modified_time\" content=\"2025-10-19T10:46:29+00:00\" \/>\n<meta name=\"twitter:card\" content=\"summary_large_image\" \/>\n<meta name=\"twitter:label1\" content=\"Tiempo de lectura\" \/>\n\t<meta name=\"twitter:data1\" content=\"4 minutos\" \/>\n<script type=\"application\/ld+json\" class=\"yoast-schema-graph\">{\"@context\":\"https:\/\/schema.org\",\"@graph\":[{\"@type\":\"WebPage\",\"@id\":\"https:\/\/www.humanium.org\/es\/derechos\/\",\"url\":\"https:\/\/www.humanium.org\/es\/derechos\/\",\"name\":\"8 Derechos fundamentales - Humanium\",\"isPartOf\":{\"@id\":\"https:\/\/www.humanium.org\/es\/#website\"},\"primaryImageOfPage\":{\"@id\":\"https:\/\/www.humanium.org\/es\/derechos\/#primaryimage\"},\"image\":{\"@id\":\"https:\/\/www.humanium.org\/es\/derechos\/#primaryimage\"},\"thumbnailUrl\":\"https:\/\/www.humanium.org\/en\/wp-content\/uploads\/2025\/10\/shutterstock_1151340122_edited.jpeg\",\"datePublished\":\"2012-12-03T10:59:49+00:00\",\"dateModified\":\"2025-10-19T10:46:29+00:00\",\"description\":\"8 derechos fundamentales: derecho a la vida; a la alimentaci\u00f3n; a la educaci\u00f3n; a la salud; al agua; a la identidad; a la libertad y a la protecci\u00f3n.\",\"breadcrumb\":{\"@id\":\"https:\/\/www.humanium.org\/es\/derechos\/#breadcrumb\"},\"inLanguage\":\"es\",\"potentialAction\":[{\"@type\":\"ReadAction\",\"target\":[\"https:\/\/www.humanium.org\/es\/derechos\/\"]}]},{\"@type\":\"ImageObject\",\"inLanguage\":\"es\",\"@id\":\"https:\/\/www.humanium.org\/es\/derechos\/#primaryimage\",\"url\":\"https:\/\/www.humanium.org\/en\/wp-content\/uploads\/2025\/10\/shutterstock_1151340122_edited.jpeg\",\"contentUrl\":\"https:\/\/www.humanium.org\/en\/wp-content\/uploads\/2025\/10\/shutterstock_1151340122_edited.jpeg\"},{\"@type\":\"BreadcrumbList\",\"@id\":\"https:\/\/www.humanium.org\/es\/derechos\/#breadcrumb\",\"itemListElement\":[{\"@type\":\"ListItem\",\"position\":1,\"name\":\"Home\",\"item\":\"https:\/\/www.humanium.org\/es\/\"},{\"@type\":\"ListItem\",\"position\":2,\"name\":\"8 Derechos fundamentales\"}]},{\"@type\":\"WebSite\",\"@id\":\"https:\/\/www.humanium.org\/es\/#website\",\"url\":\"https:\/\/www.humanium.org\/es\/\",\"name\":\"Humanium\",\"description\":\"\u00a1Los ni\u00f1os primero!\",\"potentialAction\":[{\"@type\":\"SearchAction\",\"target\":{\"@type\":\"EntryPoint\",\"urlTemplate\":\"https:\/\/www.humanium.org\/es\/?s={search_term_string}\"},\"query-input\":{\"@type\":\"PropertyValueSpecification\",\"valueRequired\":true,\"valueName\":\"search_term_string\"}}],\"inLanguage\":\"es\"}]}<\/script>\n<!-- \/ Yoast SEO plugin. -->","yoast_head_json":{"title":"8 Derechos fundamentales - Humanium","description":"8 derechos fundamentales: derecho a la vida; a la alimentaci\u00f3n; a la educaci\u00f3n; a la salud; al agua; a la identidad; a la libertad y a la protecci\u00f3n.","robots":{"index":"index","follow":"follow","max-snippet":"max-snippet:-1","max-image-preview":"max-image-preview:large","max-video-preview":"max-video-preview:-1"},"canonical":"https:\/\/www.humanium.org\/es\/derechos\/","og_locale":"es_ES","og_type":"article","og_title":"8 Derechos fundamentales - Humanium","og_description":"8 derechos fundamentales: derecho a la vida; a la alimentaci\u00f3n; a la educaci\u00f3n; a la salud; al agua; a la identidad; a la libertad y a la protecci\u00f3n.","og_url":"https:\/\/www.humanium.org\/es\/derechos\/","og_site_name":"Humanium","article_modified_time":"2025-10-19T10:46:29+00:00","twitter_card":"summary_large_image","twitter_misc":{"Tiempo de lectura":"4 minutos"},"schema":{"@context":"https:\/\/schema.org","@graph":[{"@type":"WebPage","@id":"https:\/\/www.humanium.org\/es\/derechos\/","url":"https:\/\/www.humanium.org\/es\/derechos\/","name":"8 Derechos fundamentales - Humanium","isPartOf":{"@id":"https:\/\/www.humanium.org\/es\/#website"},"primaryImageOfPage":{"@id":"https:\/\/www.humanium.org\/es\/derechos\/#primaryimage"},"image":{"@id":"https:\/\/www.humanium.org\/es\/derechos\/#primaryimage"},"thumbnailUrl":"https:\/\/www.humanium.org\/en\/wp-content\/uploads\/2025\/10\/shutterstock_1151340122_edited.jpeg","datePublished":"2012-12-03T10:59:49+00:00","dateModified":"2025-10-19T10:46:29+00:00","description":"8 derechos fundamentales: derecho a la vida; a la alimentaci\u00f3n; a la educaci\u00f3n; a la salud; al agua; a la identidad; a la libertad y a la protecci\u00f3n.","breadcrumb":{"@id":"https:\/\/www.humanium.org\/es\/derechos\/#breadcrumb"},"inLanguage":"es","potentialAction":[{"@type":"ReadAction","target":["https:\/\/www.humanium.org\/es\/derechos\/"]}]},{"@type":"ImageObject","inLanguage":"es","@id":"https:\/\/www.humanium.org\/es\/derechos\/#primaryimage","url":"https:\/\/www.humanium.org\/en\/wp-content\/uploads\/2025\/10\/shutterstock_1151340122_edited.jpeg","contentUrl":"https:\/\/www.humanium.org\/en\/wp-content\/uploads\/2025\/10\/shutterstock_1151340122_edited.jpeg"},{"@type":"BreadcrumbList","@id":"https:\/\/www.humanium.org\/es\/derechos\/#breadcrumb","itemListElement":[{"@type":"ListItem","position":1,"name":"Home","item":"https:\/\/www.humanium.org\/es\/"},{"@type":"ListItem","position":2,"name":"8 Derechos fundamentales"}]},{"@type":"WebSite","@id":"https:\/\/www.humanium.org\/es\/#website","url":"https:\/\/www.humanium.org\/es\/","name":"Humanium","description":"\u00a1Los ni\u00f1os primero!","potentialAction":[{"@type":"SearchAction","target":{"@type":"EntryPoint","urlTemplate":"https:\/\/www.humanium.org\/es\/?s={search_term_string}"},"query-input":{"@type":"PropertyValueSpecification","valueRequired":true,"valueName":"search_term_string"}}],"inLanguage":"es"}]}},"_links":{"self":[{"href":"https:\/\/www.humanium.org\/es\/wp-json\/wp\/v2\/pages\/373","targetHints":{"allow":["GET"]}}],"collection":[{"href":"https:\/\/www.humanium.org\/es\/wp-json\/wp\/v2\/pages"}],"about":[{"href":"https:\/\/www.humanium.org\/es\/wp-json\/wp\/v2\/types\/page"}],"author":[{"embeddable":true,"href":"https:\/\/www.humanium.org\/es\/wp-json\/wp\/v2\/users\/1"}],"replies":[{"embeddable":true,"href":"https:\/\/www.humanium.org\/es\/wp-json\/wp\/v2\/comments?post=373"}],"version-history":[{"count":6,"href":"https:\/\/www.humanium.org\/es\/wp-json\/wp\/v2\/pages\/373\/revisions"}],"predecessor-version":[{"id":20055,"href":"https:\/\/www.humanium.org\/es\/wp-json\/wp\/v2\/pages\/373\/revisions\/20055"}],"wp:attachment":[{"href":"https:\/\/www.humanium.org\/es\/wp-json\/wp\/v2\/media?parent=373"}],"curies":[{"name":"wp","href":"https:\/\/api.w.org\/{rel}","templated":true}]}}