{"id":3754,"date":"2013-08-17T20:14:10","date_gmt":"2013-08-17T20:14:10","guid":{"rendered":"http:\/\/www.humanium.org\/es\/?page_id=3754"},"modified":"2025-12-13T21:18:07","modified_gmt":"2025-12-13T21:18:07","slug":"micronesia","status":"publish","type":"page","link":"https:\/\/www.humanium.org\/es\/asia-pacifico\/micronesia\/","title":{"rendered":"Ni\u00f1os de Micronesia"},"content":{"rendered":"<h1>Ni\u00f1os de Micronesia<\/h1>\n<h2>Descubriendo los Derechos del Ni\u00f1o en Micronesia<\/h2>\n<p style=\"text-align: center;\">\u00a0<img loading=\"lazy\" decoding=\"async\" class=\"alignnone size-full wp-image-16904\" src=\"https:\/\/www.humanium.org\/es\/wp-content\/uploads\/2022\/06\/Untitled-200-\u00d7-200-px.png\" alt=\"\" width=\"200\" height=\"200\" srcset=\"https:\/\/www.humanium.org\/es\/wp-content\/uploads\/2022\/06\/Untitled-200-\u00d7-200-px.png 200w, https:\/\/www.humanium.org\/es\/wp-content\/uploads\/2022\/06\/Untitled-200-\u00d7-200-px-150x150.png 150w\" sizes=\"auto, (max-width: 200px) 100vw, 200px\" \/> <img loading=\"lazy\" decoding=\"async\" class=\"alignnone size-full wp-image-16905\" src=\"https:\/\/www.humanium.org\/es\/wp-content\/uploads\/2022\/06\/Untitled-200-\u00d7-200-px-1.png\" alt=\"\" width=\"200\" height=\"200\" srcset=\"https:\/\/www.humanium.org\/es\/wp-content\/uploads\/2022\/06\/Untitled-200-\u00d7-200-px-1.png 200w, https:\/\/www.humanium.org\/es\/wp-content\/uploads\/2022\/06\/Untitled-200-\u00d7-200-px-1-150x150.png 150w\" sizes=\"auto, (max-width: 200px) 100vw, 200px\" \/><\/p>\n<p>La Micronesia, una federaci\u00f3n formada por cuatro Estados (Yap, Chuuk, Pohnpei y Kosrae), se enfrenta a numerosos desaf\u00edos sociales. El hecho de que su poblaci\u00f3n se encuentre dispersa en diferentes islas, a su vez dispersas sobre una superficie de aproximadamente 1.600.000 km2, hace dif\u00edcil que el pa\u00eds pueda proporcionar un servicio eficaz en materia de educaci\u00f3n o sanidad, por ejemplo. All\u00ed, los ni\u00f1os son las primeras v\u00edctimas y, a pesar de los esfuerzos por parte de las autoridades para mejorar su situaci\u00f3n, la violaci\u00f3n de los derechos del ni\u00f1o es a\u00fan flagrante.<\/p>\n<table style=\"height: 38px;\" width=\"298\">\n<tbody>\n<tr>\n<td>\n<h2 style=\"font-size: 1.3em; margin-top: 5px; margin-bottom: 18px; line-height: 40px;\"><a name=\"01\"><\/a>1. Situaci\u00f3n de los ni\u00f1os<\/h2>\n<h3>Principales problemas que afectan a los ni\u00f1os en Micronesia<\/h3>\n<p><a href=\"https:\/\/www.humanium.org\/es\/derecho-educacion\/\"><strong>Educaci\u00f3n<\/strong><\/a><\/p>\n<p><img loading=\"lazy\" decoding=\"async\" class=\"size-medium wp-image-16909 alignright\" src=\"https:\/\/www.humanium.org\/es\/wp-content\/uploads\/2022\/06\/shutterstock_1363415453-300x225.jpg\" alt=\"\" width=\"300\" height=\"225\" srcset=\"https:\/\/www.humanium.org\/es\/wp-content\/uploads\/2022\/06\/shutterstock_1363415453-300x225.jpg 300w, https:\/\/www.humanium.org\/es\/wp-content\/uploads\/2022\/06\/shutterstock_1363415453-1024x768.jpg 1024w, https:\/\/www.humanium.org\/es\/wp-content\/uploads\/2022\/06\/shutterstock_1363415453-768x576.jpg 768w, https:\/\/www.humanium.org\/es\/wp-content\/uploads\/2022\/06\/shutterstock_1363415453-1536x1152.jpg 1536w, https:\/\/www.humanium.org\/es\/wp-content\/uploads\/2022\/06\/shutterstock_1363415453-2048x1536.jpg 2048w, https:\/\/www.humanium.org\/es\/wp-content\/uploads\/2022\/06\/shutterstock_1363415453-830x623.jpg 830w, https:\/\/www.humanium.org\/es\/wp-content\/uploads\/2022\/06\/shutterstock_1363415453-230x173.jpg 230w, https:\/\/www.humanium.org\/es\/wp-content\/uploads\/2022\/06\/shutterstock_1363415453-350x263.jpg 350w, https:\/\/www.humanium.org\/es\/wp-content\/uploads\/2022\/06\/shutterstock_1363415453-480x360.jpg 480w\" sizes=\"auto, (max-width: 300px) 100vw, 300px\" \/><\/p>\n<p>En Micronesia, la educaci\u00f3n es obligatoria a partir de los 6 a\u00f1os. Sin embargo, todos los ni\u00f1os no tienen la posibilidad de asistir a la escuela y el sistema educativo micronesio sufre una gran carencia de profesores cualificados. Por otro lado, la ley permite a los ni\u00f1os que abandonen la escuela a la edad de 14 a\u00f1os o tras terminar el 8\u00ba curso.<\/p>\n<p><a href=\"https:\/\/www.humanium.org\/es\/abuso-infantil\/\"><strong>Malos tratos<\/strong><\/a><\/p>\n<p><strong><em>Violencia dom\u00e9stica<\/em><\/strong><\/p>\n<p>A pesar de que el maltrato de los ni\u00f1os sea ilegal en Micronesia, la Constituci\u00f3n prev\u00e9 un derecho a la \u00abdisciplina parental\u00bb. Por lo tanto, la violencia dom\u00e9stica es muy habitual, aunque pocos casos se denuncian ante las autoridades.<\/p>\n<p><strong><em>Abuso sexual<\/em><\/strong><\/p>\n<p>En Micronesia, los casos de violencia sexual hacia ni\u00f1os raramente son denunciados y pr\u00e1cticamente pasan desapercibidos. La violencia sexual est\u00e1 muy estigmatizada y se enmarca en la cultura del secreto, en especial cuando ha tenido lugar en el seno de la familia. En este \u00faltimo caso, el honor de la familia o incluso el de la comunidad a menudo se anteponen a los derechos de los ni\u00f1os.<\/p>\n<p>Por otro lado, no existe una ley espec\u00edfica para casos de violaci\u00f3n, violencia dom\u00e9stica o violencia sexual hacia ni\u00f1os o mujeres.<\/p>\n<p>Adem\u00e1s, no existen estructuras de acogida para los ni\u00f1os que han sufrido abusos o han sido v\u00edctimas de la violencia. Tampoco existen residencias de este tipo para las mujeres.<\/p>\n<p><a href=\"https:\/\/www.humanium.org\/es\/trabajo-infantil\/\"><strong>Trabajo infantil<\/strong><\/a><\/p>\n<p>En Micronesia no existe legislaci\u00f3n alguna respecto al trabajo infantil. Por lo tanto, no hay ninguna disposici\u00f3n que establezca la edad m\u00ednima para trabajar. As\u00ed, el n\u00famero de ni\u00f1os que trabajan en el pa\u00eds es muy significativo. De acuerdo con los \u00faltimos datos, alrededor de 3.000 ni\u00f1os trabajaban en el a\u00f1o 2000, sobre todo ayudando a sus familias en el trabajo agr\u00edcola.<\/p>\n<p><strong>Lagunas jur\u00eddicas respecto a la<a href=\"https:\/\/www.humanium.org\/es\/derecho-proteccion\/\"> protecci\u00f3n<\/a> de los derechos humanos<\/strong><\/p>\n<p><img loading=\"lazy\" decoding=\"async\" class=\"alignnone size-medium wp-image-16908 alignright\" src=\"https:\/\/www.humanium.org\/es\/wp-content\/uploads\/2022\/06\/shutterstock_1966443634-300x200.jpg\" alt=\"\" width=\"300\" height=\"200\" srcset=\"https:\/\/www.humanium.org\/es\/wp-content\/uploads\/2022\/06\/shutterstock_1966443634-300x200.jpg 300w, https:\/\/www.humanium.org\/es\/wp-content\/uploads\/2022\/06\/shutterstock_1966443634-1024x683.jpg 1024w, https:\/\/www.humanium.org\/es\/wp-content\/uploads\/2022\/06\/shutterstock_1966443634-768x512.jpg 768w, https:\/\/www.humanium.org\/es\/wp-content\/uploads\/2022\/06\/shutterstock_1966443634-1536x1024.jpg 1536w, https:\/\/www.humanium.org\/es\/wp-content\/uploads\/2022\/06\/shutterstock_1966443634-2048x1365.jpg 2048w, https:\/\/www.humanium.org\/es\/wp-content\/uploads\/2022\/06\/shutterstock_1966443634-830x553.jpg 830w, https:\/\/www.humanium.org\/es\/wp-content\/uploads\/2022\/06\/shutterstock_1966443634-230x153.jpg 230w, https:\/\/www.humanium.org\/es\/wp-content\/uploads\/2022\/06\/shutterstock_1966443634-350x233.jpg 350w, https:\/\/www.humanium.org\/es\/wp-content\/uploads\/2022\/06\/shutterstock_1966443634-480x320.jpg 480w, https:\/\/www.humanium.org\/es\/wp-content\/uploads\/2022\/06\/shutterstock_1966443634-272x182.jpg 272w\" sizes=\"auto, (max-width: 300px) 100vw, 300px\" \/><\/p>\n<p>Existen algunas convenciones internacionales relacionadas con el fomento y la protecci\u00f3n de los derechos humanos que todav\u00eda no han sido ratificados por Micronesia, en concreto el Pacto Internacional de Derechos Civiles y Pol\u00edticos y el Pacto Internacional de Derechos Econ\u00f3micos, Sociales y Culturales.<\/p>\n<p>Micronesia tampoco forma parte de la Convenci\u00f3n sobre la eliminaci\u00f3n de todas las formas de discriminaci\u00f3n contra la mujer ni del Convenio sobre los Aspectos Civiles de la Sustracci\u00f3n Internacional de Menores.<\/p>\n<p>Por otro lado, es importante mencionar que el pa\u00eds no ha ratificado los Protocolos de la Convenci\u00f3n sobre los Derechos del Ni\u00f1o.<\/p>\n<p><strong>Medio ambiente<\/strong><\/p>\n<p><img loading=\"lazy\" decoding=\"async\" class=\"alignnone size-medium wp-image-16907 alignright\" src=\"https:\/\/www.humanium.org\/es\/wp-content\/uploads\/2022\/06\/shutterstock_1363311296-300x225.jpg\" alt=\"\" width=\"300\" height=\"225\" srcset=\"https:\/\/www.humanium.org\/es\/wp-content\/uploads\/2022\/06\/shutterstock_1363311296-300x225.jpg 300w, https:\/\/www.humanium.org\/es\/wp-content\/uploads\/2022\/06\/shutterstock_1363311296-1024x768.jpg 1024w, https:\/\/www.humanium.org\/es\/wp-content\/uploads\/2022\/06\/shutterstock_1363311296-768x576.jpg 768w, https:\/\/www.humanium.org\/es\/wp-content\/uploads\/2022\/06\/shutterstock_1363311296-1536x1152.jpg 1536w, https:\/\/www.humanium.org\/es\/wp-content\/uploads\/2022\/06\/shutterstock_1363311296-2048x1536.jpg 2048w, https:\/\/www.humanium.org\/es\/wp-content\/uploads\/2022\/06\/shutterstock_1363311296-830x623.jpg 830w, https:\/\/www.humanium.org\/es\/wp-content\/uploads\/2022\/06\/shutterstock_1363311296-230x173.jpg 230w, https:\/\/www.humanium.org\/es\/wp-content\/uploads\/2022\/06\/shutterstock_1363311296-350x263.jpg 350w, https:\/\/www.humanium.org\/es\/wp-content\/uploads\/2022\/06\/shutterstock_1363311296-480x360.jpg 480w\" sizes=\"auto, (max-width: 300px) 100vw, 300px\" \/><\/p>\n<p>Micronesia es un pa\u00eds insular del Pac\u00edfico al que afectan especialmente las consecuencias del calentamiento global. La subida del agua, maremotos, inundaciones y terremotos son los problemas a los que se enfrenta este pa\u00eds en desarrollo, problemas que hacen que el futuro de las nuevas generaciones sea incierto. En efecto, el presidente de Micronesia, Emanuel Mori, ha lanzado un llamamiento a la comunidad internacional en repetidas ocasiones para atraer su atenci\u00f3n hacia el hecho de que \u00absu pa\u00eds estaba a punto de desaparecer bajo el nivel del mar si no se hac\u00eda nada para luchar contra el cambio clim\u00e1tico\u00bb.<\/p>\n<p style=\"text-align: right; margin-top: 18px;\">\n<\/td>\n<\/tr>\n<\/tbody>\n<\/table>\n<p style=\"text-align: center;\">\n<div id=\"toggle\"><\/div>\n<div id=\"sources_box\" style=\"display: none;\">\n<ul>\n<li>Central Intelligence Agency, <em>Acerca de la CIA<\/em><\/li>\n<li><a href=\"http:\/\/datos.bancomundial.org\/\">El Banco Mundial<\/a><\/li>\n<li>Amnesty International, Informe anual 2013<\/li>\n<li><a href=\"https:\/\/treaties.un.org\/Pages\/ViewDetails.aspx?src=TREATY&amp;mtdsg_no=IV-11&amp;chapter=4&amp;lang=en&amp;clang=_en\">Naciones Unidas, <em>Colecci\u00f3n de Tratados<\/em>: Lista detallada de los signatarios y los Estados con sus declaraciones y reservas<\/a> (en ingl\u00e9s)<\/li>\n<li><a href=\"http:\/\/daccess-dds-ny.un.org\/doc\/UNDOC\/GEN\/G11\/101\/05\/PDF\/G1110105.pdf?OpenElement\">Consejo de Derechos Humanos, Informe del Grupo de Trabajo sobre el Examen Peri\u00f3dico Universal &#8211; Estados Federados de Micronesia, 2011<\/a><\/li>\n<li><a href=\"http:\/\/www2.ohchr.org\/english\/bodies\/crc\/docs\/AdvanceVersions\/CRC.C.MYS.CO.1_sp.pdf\">Comit\u00e9 de los Derechos del Ni\u00f1o, Observaciones finales, 2007<\/a><\/li>\n<li><a href=\"http:\/\/www.crin.org\/violence\/search\/closeup.asp?infoID=23509\">CRIN, MICRONESIA: Referencias Derechos de la Infancia en el Examen Peri\u00f3dico Universal, 2010<\/a>(en ingl\u00e9s)<\/li>\n<li><a href=\"http:\/\/www.enerzine.com\/604\/8567+changement-climat--la-micronesie-risque-de-disparaitre+.html\">Enerzine, Cambio Clim\u00e1tico: Micronesia podr\u00edan desaparecer<\/a> (en franc\u00e9s)<\/li>\n<li><a href=\"http:\/\/www.unicef.org\/spanish\/infobycountry\/micronesia_55840.html\">UNICEF, Micronesia<\/a><\/li>\n<li><a href=\"http:\/\/www.state.gov\/j\/drl\/rls\/hrrpt\/2010\/eap\/154393.htm\">Departamento de Estado de EE.UU. de 2010 Informe de Derechos Humanos: Estados Federados de Micronesia<\/a> (en ingl\u00e9s)<\/li>\n<\/ul>\n<\/div>\n<table>\n<tbody style=\"background: #f9f9f9;\">\n<tr>\n<td>\n<div style=\"float: left; width: 90%;\">Escrito por: Pauline Lonchampt<br \/>\nTraducido por: Alba Romero Morillas<br \/>\nRevisado por: Laura Maurelo<\/div>\n<\/td>\n<\/tr>\n<\/tbody>\n<\/table>\n<table>\n<tbody style=\"background: #f9f9f9;\">\n<tr>\n<td>\n<div style=\"float: left; width: 90%;\">Actualizado el 17\/08\/2013<\/div>\n<\/td>\n<\/tr>\n<\/tbody>\n<\/table>\n","protected":false},"excerpt":{"rendered":"<p>Ni\u00f1os de Micronesia Descubriendo los Derechos del Ni\u00f1o en Micronesia \u00a0 La Micronesia, una federaci\u00f3n formada por cuatro Estados (Yap, Chuuk, Pohnpei y Kosrae), se enfrenta a numerosos desaf\u00edos sociales. El hecho de que su poblaci\u00f3n se encuentre dispersa en diferentes islas, a su vez dispersas sobre una superficie de aproximadamente 1.600.000 km2, hace dif\u00edcil [&hellip;]<\/p>\n","protected":false},"author":1,"featured_media":0,"parent":830,"menu_order":0,"comment_status":"closed","ping_status":"open","template":"","meta":{"footnotes":""},"class_list":["post-3754","page","type-page","status-publish","hentry"],"yoast_head":"<!-- This site is optimized with the Yoast SEO plugin v26.5 - https:\/\/yoast.com\/wordpress\/plugins\/seo\/ -->\n<title>Ni\u00f1os de Micronesia - Humanium<\/title>\n<meta name=\"description\" content=\"En Micronesia,los ni\u00f1os son las principales v\u00edctimas de los desaf\u00edos sociales que tiene el gobierno. La violaci\u00f3n de los derechos del ni\u00f1o es a\u00fan flagrante.\" \/>\n<meta name=\"robots\" content=\"index, follow, max-snippet:-1, max-image-preview:large, max-video-preview:-1\" \/>\n<link rel=\"canonical\" href=\"https:\/\/www.humanium.org\/es\/asia-pacifico\/micronesia\/\" \/>\n<meta property=\"og:locale\" content=\"es_ES\" \/>\n<meta property=\"og:type\" content=\"article\" \/>\n<meta property=\"og:title\" content=\"Ni\u00f1os de Micronesia - Humanium\" \/>\n<meta property=\"og:description\" content=\"En Micronesia,los ni\u00f1os son las principales v\u00edctimas de los desaf\u00edos sociales que tiene el gobierno. La violaci\u00f3n de los derechos del ni\u00f1o es a\u00fan flagrante.\" \/>\n<meta property=\"og:url\" content=\"https:\/\/www.humanium.org\/es\/asia-pacifico\/micronesia\/\" \/>\n<meta property=\"og:site_name\" content=\"Humanium\" \/>\n<meta property=\"article:modified_time\" content=\"2025-12-13T21:18:07+00:00\" \/>\n<meta property=\"og:image\" content=\"https:\/\/www.humanium.org\/es\/wp-content\/uploads\/2022\/06\/shutterstock_1363415453-300x225.jpg\" \/>\n<meta name=\"twitter:card\" content=\"summary_large_image\" \/>\n<meta name=\"twitter:label1\" content=\"Tiempo de lectura\" \/>\n\t<meta name=\"twitter:data1\" content=\"5 minutos\" \/>\n<script type=\"application\/ld+json\" class=\"yoast-schema-graph\">{\"@context\":\"https:\/\/schema.org\",\"@graph\":[{\"@type\":\"WebPage\",\"@id\":\"https:\/\/www.humanium.org\/es\/asia-pacifico\/micronesia\/\",\"url\":\"https:\/\/www.humanium.org\/es\/asia-pacifico\/micronesia\/\",\"name\":\"Ni\u00f1os de Micronesia - Humanium\",\"isPartOf\":{\"@id\":\"https:\/\/www.humanium.org\/es\/#website\"},\"primaryImageOfPage\":{\"@id\":\"https:\/\/www.humanium.org\/es\/asia-pacifico\/micronesia\/#primaryimage\"},\"image\":{\"@id\":\"https:\/\/www.humanium.org\/es\/asia-pacifico\/micronesia\/#primaryimage\"},\"thumbnailUrl\":\"https:\/\/www.humanium.org\/es\/wp-content\/uploads\/2022\/06\/shutterstock_1363415453-300x225.jpg\",\"datePublished\":\"2013-08-17T20:14:10+00:00\",\"dateModified\":\"2025-12-13T21:18:07+00:00\",\"description\":\"En Micronesia,los ni\u00f1os son las principales v\u00edctimas de los desaf\u00edos sociales que tiene el gobierno. La violaci\u00f3n de los derechos del ni\u00f1o es a\u00fan flagrante.\",\"breadcrumb\":{\"@id\":\"https:\/\/www.humanium.org\/es\/asia-pacifico\/micronesia\/#breadcrumb\"},\"inLanguage\":\"es\",\"potentialAction\":[{\"@type\":\"ReadAction\",\"target\":[\"https:\/\/www.humanium.org\/es\/asia-pacifico\/micronesia\/\"]}]},{\"@type\":\"ImageObject\",\"inLanguage\":\"es\",\"@id\":\"https:\/\/www.humanium.org\/es\/asia-pacifico\/micronesia\/#primaryimage\",\"url\":\"https:\/\/www.humanium.org\/es\/wp-content\/uploads\/2022\/06\/shutterstock_1363415453-scaled.jpg\",\"contentUrl\":\"https:\/\/www.humanium.org\/es\/wp-content\/uploads\/2022\/06\/shutterstock_1363415453-scaled.jpg\",\"width\":2560,\"height\":1920},{\"@type\":\"BreadcrumbList\",\"@id\":\"https:\/\/www.humanium.org\/es\/asia-pacifico\/micronesia\/#breadcrumb\",\"itemListElement\":[{\"@type\":\"ListItem\",\"position\":1,\"name\":\"Home\",\"item\":\"https:\/\/www.humanium.org\/es\/\"},{\"@type\":\"ListItem\",\"position\":2,\"name\":\"Asia y Pac\u00edfico\",\"item\":\"https:\/\/www.humanium.org\/es\/asia-pacifico\/\"},{\"@type\":\"ListItem\",\"position\":3,\"name\":\"Ni\u00f1os de Micronesia\"}]},{\"@type\":\"WebSite\",\"@id\":\"https:\/\/www.humanium.org\/es\/#website\",\"url\":\"https:\/\/www.humanium.org\/es\/\",\"name\":\"Humanium\",\"description\":\"\u00a1Los ni\u00f1os primero!\",\"potentialAction\":[{\"@type\":\"SearchAction\",\"target\":{\"@type\":\"EntryPoint\",\"urlTemplate\":\"https:\/\/www.humanium.org\/es\/?s={search_term_string}\"},\"query-input\":{\"@type\":\"PropertyValueSpecification\",\"valueRequired\":true,\"valueName\":\"search_term_string\"}}],\"inLanguage\":\"es\"}]}<\/script>\n<!-- \/ Yoast SEO plugin. -->","yoast_head_json":{"title":"Ni\u00f1os de Micronesia - Humanium","description":"En Micronesia,los ni\u00f1os son las principales v\u00edctimas de los desaf\u00edos sociales que tiene el gobierno. La violaci\u00f3n de los derechos del ni\u00f1o es a\u00fan flagrante.","robots":{"index":"index","follow":"follow","max-snippet":"max-snippet:-1","max-image-preview":"max-image-preview:large","max-video-preview":"max-video-preview:-1"},"canonical":"https:\/\/www.humanium.org\/es\/asia-pacifico\/micronesia\/","og_locale":"es_ES","og_type":"article","og_title":"Ni\u00f1os de Micronesia - Humanium","og_description":"En Micronesia,los ni\u00f1os son las principales v\u00edctimas de los desaf\u00edos sociales que tiene el gobierno. La violaci\u00f3n de los derechos del ni\u00f1o es a\u00fan flagrante.","og_url":"https:\/\/www.humanium.org\/es\/asia-pacifico\/micronesia\/","og_site_name":"Humanium","article_modified_time":"2025-12-13T21:18:07+00:00","og_image":[{"url":"https:\/\/www.humanium.org\/es\/wp-content\/uploads\/2022\/06\/shutterstock_1363415453-300x225.jpg","type":"","width":"","height":""}],"twitter_card":"summary_large_image","twitter_misc":{"Tiempo de lectura":"5 minutos"},"schema":{"@context":"https:\/\/schema.org","@graph":[{"@type":"WebPage","@id":"https:\/\/www.humanium.org\/es\/asia-pacifico\/micronesia\/","url":"https:\/\/www.humanium.org\/es\/asia-pacifico\/micronesia\/","name":"Ni\u00f1os de Micronesia - Humanium","isPartOf":{"@id":"https:\/\/www.humanium.org\/es\/#website"},"primaryImageOfPage":{"@id":"https:\/\/www.humanium.org\/es\/asia-pacifico\/micronesia\/#primaryimage"},"image":{"@id":"https:\/\/www.humanium.org\/es\/asia-pacifico\/micronesia\/#primaryimage"},"thumbnailUrl":"https:\/\/www.humanium.org\/es\/wp-content\/uploads\/2022\/06\/shutterstock_1363415453-300x225.jpg","datePublished":"2013-08-17T20:14:10+00:00","dateModified":"2025-12-13T21:18:07+00:00","description":"En Micronesia,los ni\u00f1os son las principales v\u00edctimas de los desaf\u00edos sociales que tiene el gobierno. La violaci\u00f3n de los derechos del ni\u00f1o es a\u00fan flagrante.","breadcrumb":{"@id":"https:\/\/www.humanium.org\/es\/asia-pacifico\/micronesia\/#breadcrumb"},"inLanguage":"es","potentialAction":[{"@type":"ReadAction","target":["https:\/\/www.humanium.org\/es\/asia-pacifico\/micronesia\/"]}]},{"@type":"ImageObject","inLanguage":"es","@id":"https:\/\/www.humanium.org\/es\/asia-pacifico\/micronesia\/#primaryimage","url":"https:\/\/www.humanium.org\/es\/wp-content\/uploads\/2022\/06\/shutterstock_1363415453-scaled.jpg","contentUrl":"https:\/\/www.humanium.org\/es\/wp-content\/uploads\/2022\/06\/shutterstock_1363415453-scaled.jpg","width":2560,"height":1920},{"@type":"BreadcrumbList","@id":"https:\/\/www.humanium.org\/es\/asia-pacifico\/micronesia\/#breadcrumb","itemListElement":[{"@type":"ListItem","position":1,"name":"Home","item":"https:\/\/www.humanium.org\/es\/"},{"@type":"ListItem","position":2,"name":"Asia y Pac\u00edfico","item":"https:\/\/www.humanium.org\/es\/asia-pacifico\/"},{"@type":"ListItem","position":3,"name":"Ni\u00f1os de Micronesia"}]},{"@type":"WebSite","@id":"https:\/\/www.humanium.org\/es\/#website","url":"https:\/\/www.humanium.org\/es\/","name":"Humanium","description":"\u00a1Los ni\u00f1os primero!","potentialAction":[{"@type":"SearchAction","target":{"@type":"EntryPoint","urlTemplate":"https:\/\/www.humanium.org\/es\/?s={search_term_string}"},"query-input":{"@type":"PropertyValueSpecification","valueRequired":true,"valueName":"search_term_string"}}],"inLanguage":"es"}]}},"_links":{"self":[{"href":"https:\/\/www.humanium.org\/es\/wp-json\/wp\/v2\/pages\/3754","targetHints":{"allow":["GET"]}}],"collection":[{"href":"https:\/\/www.humanium.org\/es\/wp-json\/wp\/v2\/pages"}],"about":[{"href":"https:\/\/www.humanium.org\/es\/wp-json\/wp\/v2\/types\/page"}],"author":[{"embeddable":true,"href":"https:\/\/www.humanium.org\/es\/wp-json\/wp\/v2\/users\/1"}],"replies":[{"embeddable":true,"href":"https:\/\/www.humanium.org\/es\/wp-json\/wp\/v2\/comments?post=3754"}],"version-history":[{"count":9,"href":"https:\/\/www.humanium.org\/es\/wp-json\/wp\/v2\/pages\/3754\/revisions"}],"predecessor-version":[{"id":21146,"href":"https:\/\/www.humanium.org\/es\/wp-json\/wp\/v2\/pages\/3754\/revisions\/21146"}],"up":[{"embeddable":true,"href":"https:\/\/www.humanium.org\/es\/wp-json\/wp\/v2\/pages\/830"}],"wp:attachment":[{"href":"https:\/\/www.humanium.org\/es\/wp-json\/wp\/v2\/media?parent=3754"}],"curies":[{"name":"wp","href":"https:\/\/api.w.org\/{rel}","templated":true}]}}