{"id":3814,"date":"2013-08-18T21:21:34","date_gmt":"2013-08-18T21:21:34","guid":{"rendered":"http:\/\/www.humanium.org\/es\/?page_id=3814"},"modified":"2025-12-05T17:50:46","modified_gmt":"2025-12-05T17:50:46","slug":"nauru","status":"publish","type":"page","link":"https:\/\/www.humanium.org\/es\/nauru\/","title":{"rendered":"Ni\u00f1os de Nauru"},"content":{"rendered":"<h1>Ni\u00f1os de Nauru<\/h1>\n<h2>Descubriendo los Derechos del Ni\u00f1os de Nauru<\/h2>\n<p style=\"text-align: center;\"><img loading=\"lazy\" decoding=\"async\" class=\"alignnone size-full wp-image-28075\" title=\"Ni\u00f1o de Nauru \u00a9 350.org (Flickr.com)\" src=\"https:\/\/www.humanium.org\/fr\/wp-content\/uploads\/2013\/04\/350-.org-Flickr.com_.jpg\" alt=\"\" width=\"200\" height=\"200\" \/>\u00a0\u00a0<img loading=\"lazy\" decoding=\"async\" class=\"alignnone size-full wp-image-28076\" title=\"Ni\u00f1os de Nauru \u00a9 Christopher Robbins (Flickr.com)\" src=\"https:\/\/www.humanium.org\/fr\/wp-content\/uploads\/2013\/04\/Christopher-Robbins-Flickr.com_.jpg\" alt=\"\" width=\"200\" height=\"200\" \/><\/p>\n<p>Si bien los derechos de la infancia se respetan bastante en la rep\u00fablica m\u00e1s peque\u00f1a del mundo, el gobierno de Nauru har\u00eda bien en ratificar los tratados internacionales para proteger a\u00fan m\u00e1s los derechos de los ni\u00f1os, ya que generalmente son \u00e9stos , las primeras v\u00edctimas del calentamiento global y de una econom\u00eda fr\u00e1gil que depende de la ayuda exterior.<\/p>\n<h3>Principales problemas que afectan a los ni\u00f1os en Nauru<\/h3>\n<p><b>Derecho a la identidad<\/b><\/p>\n<p>Los ni\u00f1os de Nauru adquieren la nacionalidad por derecho de sangre v\u00eda materna. Al mismo tiempo y de manera autom\u00e1tica, se les considera miembros de la tribu de su madre. Por otro lado, el hijo de un hombre de Nauru y de una mujer extranjera, debe pedir permiso para ser inscripto como nauruano.<\/p>\n<p>Debido a esta situaci\u00f3n, algunos ni\u00f1os corren el riesgo de nacer <a href=\"https:\/\/www.humanium.org\/es\/apatridas-invisibles\/\">sin nacionalidad<\/a> si la ley del pa\u00eds de origen de la madre obliga &#8211; a \u00e9sta a renunciar a su nacionalidad cuando se casa.<\/p>\n<p>Todos los ni\u00f1os son inscriptos en el momento de su nacimiento o bien en el periodo de los 21 d\u00edas siguientes en un registro del gobierno bajo el nombre de la comunidad de la madre. Si no es inscripto en este periodo de tiempo, el ni\u00f1o pierde su derecho a la nacionalidad nauruana y todos los derechos que dependen de \u00e9sta como, por ejemplo, el derecho a la propiedad.<\/p>\n<p><b><img loading=\"lazy\" decoding=\"async\" class=\"size-full wp-image-28078 alignright\" title=\"En 2010, la tasa de mortalidad de ni\u00f1os menores de 5 a\u00f1os fue de 40% \u00a9 350.org (Flickr.com)\" src=\"https:\/\/www.humanium.org\/fr\/wp-content\/uploads\/2013\/04\/350.org-Flickr.com_.jpg\" alt=\"\" width=\"320\" height=\"239\" \/>Salud<\/b><\/p>\n<p>En 2010, el \u00edndice de <a href=\"https:\/\/www.humanium.org\/es\/mortalidad-infantil\/\">mortalidad infantil<\/a> en ni\u00f1os menores de 5 a\u00f1os era del 40%o. El 27% de los reci\u00e9n nacidos padec\u00edan de bajo peso y el 24% de los ni\u00f1os entre 0 y 5 a\u00f1os sufr\u00edan retraso en su crecimiento.<\/p>\n<p>Estos son hechos sorprendentes, si tenemos en cuenta el progreso que ha experimentado la medicina moderna. En efecto, los servicios de <a href=\"https:\/\/www.humanium.org\/es\/derecho-salud\/\">salud<\/a>. se dividen, hoy en d\u00eda, entre la asistencia sanitaria y la prevenci\u00f3n (que es la primera medida de cuidados sanitarios), con algunos doctores ofreciendo consultas gratuitas.<\/p>\n<p>Adem\u00e1s, la \u201cWell-Baby Clinic\u201d, especializada en salud infantil, visita diferentes distritos de la isla una vez por semana, sobre todo para llevar a cabo revisiones a los ni\u00f1os y campa\u00f1as de vacunaci\u00f3n. A pesar de las chequeos que se realizan, no todos los ni\u00f1os -tienen su vacunaci\u00f3n actualizada cuando alcanzan el a\u00f1o de edad. El Departamento de Sanidad realiza revisiones de seguimiento una vez los ni\u00f1os han empezado la escuela.<\/p>\n<p>El gobierno de Nauru tambi\u00e9n facilita el acceso gratuito a m\u00e9todos anticonceptivos, y a cuidados prenatales, obst\u00e9tricos y de posparto. El servicio de salud prenatal e infantil se ofrece con periodicidad bimensual en el hospital.<\/p>\n<p>En lo que se refiere a la asistencia sanitaria en los colegios, existen equipos m\u00e9dicos que visitan las escuelas con el fin de promover h\u00e1bitos saludables relacionados con la higiene, el cuidado dental, primeros auxilios y su ambiente. Pero estos servicios tienden a ser cada vez m\u00e1s insuficientes y mal coordinados.<\/p>\n<p>En Nauru, no se revisan de manera preventiva ni la vista ni el o\u00eddo de un ni\u00f1o hasta que no se detecta alg\u00fan problema en su escolarizaci\u00f3n. No existen programas de prevenci\u00f3n de salud ocular, auditiva o dental.<\/p>\n<p>Por \u00faltimo, la <a href=\"https:\/\/www.humanium.org\/es\/derecho-alimentacion\">nutrici\u00f3n<\/a> infantil ha llegado a ser un problema muy importante a medida que el pa\u00eds fue prosperando durante el periodo de explotaci\u00f3n de las minas de f\u00f3sforo y que caus\u00f3 cambios significativos en la dieta tradicional de los habitantes de Nauru. Esta dieta tradicional estaba basada en pescado, verduras, fruta y coco pero la dieta actual de los ni\u00f1os nauruanos es muy rica en az\u00facar, sal y grasas gracias a los refrescos y la comida r\u00e1pida.<\/p>\n<p>En la actualidad, este fen\u00f3meno se ve acentuado por el hecho de que este tipo de alimentos (frutas y verduras) son muy caros (entre 6 y 7 d\u00f3lares el kilo en el caso de los tomates, las manzanas, las naranjas&#8230;) dado que la isla depende mucho de las importaciones. En consecuencia, el 75% de la poblaci\u00f3n se ve afectada por la obesidad y la diabetes de tipo II est\u00e1 muy extendida.<\/p>\n<p><b>Educaci\u00f3n<\/b><\/p>\n<p>La escolarizaci\u00f3n es obligatoria en Nauru para todos los ni\u00f1os entre 6 y 16 a\u00f1os. Las escuelas p\u00fablicas subsidian los gastos de escolarizaci\u00f3n y transporte escolar mientras el coste de los uniformes escolares, excursiones y material corre a cuenta de los padres.<\/p>\n<p><img loading=\"lazy\" decoding=\"async\" class=\"size-full wp-image-28079 alignright\" title=\"Si bien la educaci\u00f3n es un elemento importante en el presupuesto del Estado, el sector carece de los recursos financieros \u00a9 350.org (Flickr.com)\" src=\"https:\/\/www.humanium.org\/fr\/wp-content\/uploads\/2013\/04\/350.org-Flickr.com_1.jpg\" alt=\"\" width=\"320\" height=\"240\" \/>En este peque\u00f1o pa\u00eds, existen cuatro centros de preescolar para ni\u00f1os de 3 a 5 a\u00f1os, tres escuelas de primaria para ni\u00f1os entre 6 y 13 a\u00f1os, dos centros de secundaria (uno es p\u00fablico, y el otro es un centro cat\u00f3lico privado) y tambi\u00e9n una escuela para ni\u00f1os con discapacidad.<\/p>\n<p>Algunos ni\u00f1os van a estudiar a Australia o a Nueva Zelanda, sobretodo aquellos cuyos padres ya realizaron sus estudios secundarios en el extranjero. Para estos alumnos, el gobierno ofrece algunas becas.<\/p>\n<p>Aunque una buena parte del presupuesto del estado &#8211; se destina a la <a href=\"https:\/\/www.humanium.org\/es\/derecho-educacion\/\">educaci\u00f3n<\/a> este sector aun est\u00e1 necesitado de m\u00e1s financiaci\u00f3n. As\u00ed, las escuelas carecen a menudo de acceso a agua potable o sufren de frecuentes cortes en el suministro debido a problemas en la presi\u00f3n hidr\u00e1ulica o por falta de sistema de bombeo. Inspectores de sanidad llevan a cabo revisiones de la calidad del agua, de las instalaciones sanitarias y de otras instalaciones esenciales y pueden ordenar la clausura de algunas escuelas. Desgraciadamente, debido a la falta de recursos econ\u00f3micos, estas escuelas a menudo vuelven a abrir sus puertas sin haber solventado el problema (debido al coste del mantenimiento, de las bombas de agua, de la renovaci\u00f3n del edificio de la escuela&#8230;.). El nivel de preparaci\u00f3n de los maestros de las escuelas es igualmente problem\u00e1tico.<\/p>\n<p><b>Los ni\u00f1os y el mundo laboral\u00a0<\/b><\/p>\n<p>La edad m\u00ednima para poder<a href=\"https:\/\/www.humanium.org\/es\/trabajo-infantil\/\"> trabajar<\/a> en Nauru es de 17 a\u00f1os y es ilegal emplear a ni\u00f1os por debajo de 16 a\u00f1os. A pesar de esto, parece que muchos ni\u00f1os trabajan en peque\u00f1os negocios familiares a partir de los 14 a\u00f1os. Dado que la mayor\u00eda de inspecciones que lleva a cabo el gobierno para detectar casos de trabajo infantil tienen lugar en el sector p\u00fablico, es dif\u00edcil encontrar estad\u00edsticas precisas sobre trabajo infantil y sobre la proporci\u00f3n de ni\u00f1os no escolarizados.<\/p>\n<p><b>Adopci\u00f3n<\/b><\/p>\n<p>La adopci\u00f3n, tanto formal como informal, es relativamente corriente. Seg\u00fan la legislaci\u00f3n de Nauru, los ni\u00f1os nauruanos solo pueden ser adoptados por adultos de Nauru y los padres nauruanos que quieren adoptar solo pueden hacerlo con ni\u00f1os del pa\u00eds.<\/p>\n<p>Aunque los ni\u00f1os dependen cultural y legalmente de su madre y de la familia de \u00e9sta, la comunidad del padre tambi\u00e9n cuida del ni\u00f1o. No es extra\u00f1o que los ni\u00f1os nauruanos sean adoptados por miembros de su propia familia.<\/p>\n<p><b>Discriminaci\u00f3n y personas con discapacidad<\/b><\/p>\n<p>Nauru no posee legislaci\u00f3n<a href=\"https:\/\/www.humanium.org\/es\/no-discriminacion\/\"> contra la discriminaci\u00f3n<\/a> ni ning\u00fan organismo oficial dedicado a proteger los derechos de las personas con <a href=\"https:\/\/www.humanium.org\/es\/ninos-discapacitados\/\">discapacidad<\/a>. A pesar de ello, nos constan muy pocos casos denunciados de discriminaci\u00f3n contra ni\u00f1os con discapacidad.<\/p>\n<p>Tienen acceso a la sanidad como establece el art\u00edculo 24 de la Convenci\u00f3n sobre los Derechos del Ni\u00f1o (CIDN). Adem\u00e1s, desde 2009, el gobierno ha lanzado una pol\u00edtica sobre personas con discapacidad con el objetivo de instalar rampas de acceso para sillas de ruedas en los edificios p\u00fablicos.<\/p>\n<p>Los ni\u00f1os con discapacidad tambi\u00e9n tienen acceso a la educaci\u00f3n, conforme establece el art\u00edculo 28 de la CIDN. Nauru cuenta con una escuela especial dedicada a los ni\u00f1os con discapacidades, a la que asisten alrededor de una docena de ni\u00f1os y en la que trabajan tres profesores. Los profesores tambi\u00e9n pueden dar clases o llevar a cabo actividades en casa para peque\u00f1os grupos de ni\u00f1os con discapacidades.<\/p>\n<p>Pero, debido a problemas de transporte, no todos los ni\u00f1os pueden asistir a la escuela con regularidad. Los profesores no est\u00e1n bien preparados y a pesar de los esfuerzos del gobierno, la infraestructura de las escuelas las sigue haciendo relativamente inaccesibles para los ni\u00f1os con discapacidades. Estos ni\u00f1os se benefician m\u00e1s de la atenci\u00f3n y cuidados diarios que de un programa educativo adaptado.<\/p>\n<p><b>Agua potable<\/b><\/p>\n<p>La mayor\u00eda de hogares en Nauru est\u00e1n construidos con modernos sistemas sanitarios (lavabos con descargas de agua, ba\u00f1os con agua corriente).<\/p>\n<p>Pero los problemas con el abastecimiento de agua y con el mantenimiento de las tuber\u00edas tienen un impacto directo sobre la calidad de vida y sobre las condiciones sanitarias de las casas. Por ejemplo, un mal funcionamiento de las instalaciones sanitarias de agua corriente representan, de hecho, un riesgo para la salud m\u00e1s grave que las comunas.<\/p>\n<p>A esto hay que a\u00f1adir que la isla de Nauru depende enormemente del tratamiento de agua y del suministro el\u00e9ctrico debido a su limitado sistema de lagos y r\u00edos. Esta es la raz\u00f3n por la que, cuando hay cortes de suministro el\u00e9ctrico, la poblaci\u00f3n se queda sin acceso al agua, y aunque tenga reservas, no es posible hervirla, hecho que, a su vez, aumenta el riesgo de problemas sanitarios y genera un incremento de diarrea infantil.<\/p>\n<p>Con la finalidad de mejorar el acceso al agua potable y reducir su dependencia de la electricidad, Nauru recibi\u00f3 4.000.000 de d\u00f3lares americanos en enero de 2012, de los fondos de la Pacific Environment Community (PEC) para la instalaci\u00f3n de una planta desalinizadora de agua marina y de un sistema de energ\u00eda solar.<\/p>\n<p><b><img loading=\"lazy\" decoding=\"async\" class=\"size-full wp-image-28080 alignright\" title=\"Los ni\u00f1os suelen ser las primeras v\u00edctimas del calentamiento global \u00a9 ARM Climate Research Facility (Flickr.com)\" src=\"https:\/\/www.humanium.org\/fr\/wp-content\/uploads\/2013\/04\/ARM-Climate-Research-Facility-Flickr.com_.jpg\" alt=\"\" width=\"320\" height=\"240\" \/>Medio ambiente<\/b><\/p>\n<p><b>\u00a0\u00a0\u00a0\u00a0 <\/b>A lo largo de la costa de Nauru se encuentran numerosos restos de barcos embarrancados y piezas de metal oxidado que constituyen un peligro real para los ni\u00f1os que nadan en la zona. De la misma manera, los coches abandonados que se pueden encontrar por toda la isla se han convertido en zonas de juego para los ni\u00f1os y representan un riesgo para su seguridad y su integridad f\u00edsica.<\/p>\n<p><b>Malos tratos y violencia contra menores<\/b><\/p>\n<p>En Nauru, las estad\u00edsticas sobre <a href=\"https:\/\/www.humanium.org\/es\/abuso-infantil\/\">violencia o malos tratos<\/a> a menores son pr\u00e1cticamente inexistentes. Pero observamos que hay algunos casos de acciones legales emprendidas en relaci\u00f3n a este tema. En 2004, los casos de violencia dom\u00e9stica y agresiones a ni\u00f1os (hombres y mujeres menores de 17 a\u00f1os) representaron el 1.1% del total de delitos en Nauru.<\/p>\n<p><b>Prostituci\u00f3n y explotaci\u00f3n sexual<\/b><\/p>\n<p>En Nauru, la edad m\u00ednima para tener sexo consentido es de 17 a\u00f1os. La legislaci\u00f3n sobre <a href=\"https:\/\/www.humanium.org\/es\/explotacion-sexual-infantil\/\">abusos sexuales<\/a> es tambi\u00e9n muy estricta. La pena para un adulto que haya mantenido relaciones sexuales con un menor puede llegar a la cadena perpetua, sobretodo si el ni\u00f1o o ni\u00f1a es menor de 14 a\u00f1os.<\/p>\n<p>La <a href=\"https:\/\/www.humanium.org\/es\/prostitucion-infantil\/\"> prostituci\u00f3n<\/a> es ilegal en Nauru y no hay informes sobre este tipo de delito. Pero hay algunos casos de relaciones sexuales pagadas de alguna manera, como relaciones sexuales entre menores a cambio de comida, ropa, etc.<\/p>\n<p><b>Castigos corporales<\/b><\/p>\n<p>El castigo corporal contra los ni\u00f1os utilizando una \u201cfuerza razonable\u201d es legal en Nauru (secci\u00f3n 280 del c\u00f3digo penal) siempre y cuando lo aplique un progenitor o pariente, una persona bajo cuya autoridad se encuentre el ni\u00f1o, o un profesor o director de escuela. No est\u00e1 estipulado el lugar: en casa, centros educativos, lugares p\u00fablicos y privados, centros de salud, etc. El castigo debe ser siempre utilizado como una medida disciplinaria.<\/p>\n<p>Por \u00faltimo, los hospitales raramente denuncian los casos de violencia dom\u00e9stica en ni\u00f1os cuando se presentan para recibir tratamiento..<\/p>\n<p><b>Justicia de menores<\/b><\/p>\n<p>En Nauru, solo hay una prisi\u00f3n que cuente con instalaciones de <a href=\"https:\/\/www.humanium.org\/es\/ninos-detenidos\/\"> detenci\u00f3n para menores<\/a> En estas instalaciones est\u00e1n autorizados por ley los castigos corporales como medida disciplinaria. La tortura y el trato inhumano y degradante est\u00e1n prohibidos por el art\u00edculo 7 de la constituci\u00f3n de Nauru.<\/p>\n","protected":false},"excerpt":{"rendered":"<p>Ni\u00f1os de Nauru Descubriendo los Derechos del Ni\u00f1os de Nauru \u00a0\u00a0 Si bien los derechos de la infancia se respetan bastante en la rep\u00fablica m\u00e1s peque\u00f1a del mundo, el gobierno de Nauru har\u00eda bien en ratificar los tratados internacionales para proteger a\u00fan m\u00e1s los derechos de los ni\u00f1os, ya que generalmente son \u00e9stos , las [&hellip;]<\/p>\n","protected":false},"author":1,"featured_media":0,"parent":0,"menu_order":0,"comment_status":"closed","ping_status":"open","template":"","meta":{"footnotes":""},"class_list":["post-3814","page","type-page","status-publish","hentry"],"yoast_head":"<!-- This site is optimized with the Yoast SEO plugin v26.5 - https:\/\/yoast.com\/wordpress\/plugins\/seo\/ -->\n<title>Ni\u00f1os de Nauru - Humanium<\/title>\n<meta name=\"description\" content=\"Los derechos de la infancia se respetan bastante en Nauru. Pero el gobierno deber\u00eda ratificar los tratados internacionales para proteger m\u00e1s a los ni\u00f1os.\" \/>\n<meta name=\"robots\" content=\"index, follow, max-snippet:-1, max-image-preview:large, max-video-preview:-1\" \/>\n<link rel=\"canonical\" href=\"https:\/\/www.humanium.org\/es\/nauru\/\" \/>\n<meta property=\"og:locale\" content=\"es_ES\" \/>\n<meta property=\"og:type\" content=\"article\" \/>\n<meta property=\"og:title\" content=\"Ni\u00f1os de Nauru - Humanium\" \/>\n<meta property=\"og:description\" content=\"Los derechos de la infancia se respetan bastante en Nauru. Pero el gobierno deber\u00eda ratificar los tratados internacionales para proteger m\u00e1s a los ni\u00f1os.\" \/>\n<meta property=\"og:url\" content=\"https:\/\/www.humanium.org\/es\/nauru\/\" \/>\n<meta property=\"og:site_name\" content=\"Humanium\" \/>\n<meta property=\"article:modified_time\" content=\"2025-12-05T17:50:46+00:00\" \/>\n<meta name=\"twitter:card\" content=\"summary_large_image\" \/>\n<meta name=\"twitter:label1\" content=\"Tiempo de lectura\" \/>\n\t<meta name=\"twitter:data1\" content=\"10 minutos\" \/>\n<script type=\"application\/ld+json\" class=\"yoast-schema-graph\">{\"@context\":\"https:\/\/schema.org\",\"@graph\":[{\"@type\":\"WebPage\",\"@id\":\"https:\/\/www.humanium.org\/es\/nauru\/\",\"url\":\"https:\/\/www.humanium.org\/es\/nauru\/\",\"name\":\"Ni\u00f1os de Nauru - Humanium\",\"isPartOf\":{\"@id\":\"https:\/\/www.humanium.org\/es\/#website\"},\"primaryImageOfPage\":{\"@id\":\"https:\/\/www.humanium.org\/es\/nauru\/#primaryimage\"},\"image\":{\"@id\":\"https:\/\/www.humanium.org\/es\/nauru\/#primaryimage\"},\"thumbnailUrl\":\"https:\/\/www.humanium.org\/fr\/wp-content\/uploads\/2013\/04\/350-.org-Flickr.com_.jpg\",\"datePublished\":\"2013-08-18T21:21:34+00:00\",\"dateModified\":\"2025-12-05T17:50:46+00:00\",\"description\":\"Los derechos de la infancia se respetan bastante en Nauru. Pero el gobierno deber\u00eda ratificar los tratados internacionales para proteger m\u00e1s a los ni\u00f1os.\",\"breadcrumb\":{\"@id\":\"https:\/\/www.humanium.org\/es\/nauru\/#breadcrumb\"},\"inLanguage\":\"es\",\"potentialAction\":[{\"@type\":\"ReadAction\",\"target\":[\"https:\/\/www.humanium.org\/es\/nauru\/\"]}]},{\"@type\":\"ImageObject\",\"inLanguage\":\"es\",\"@id\":\"https:\/\/www.humanium.org\/es\/nauru\/#primaryimage\",\"url\":\"https:\/\/www.humanium.org\/fr\/wp-content\/uploads\/2013\/04\/350-.org-Flickr.com_.jpg\",\"contentUrl\":\"https:\/\/www.humanium.org\/fr\/wp-content\/uploads\/2013\/04\/350-.org-Flickr.com_.jpg\"},{\"@type\":\"BreadcrumbList\",\"@id\":\"https:\/\/www.humanium.org\/es\/nauru\/#breadcrumb\",\"itemListElement\":[{\"@type\":\"ListItem\",\"position\":1,\"name\":\"Home\",\"item\":\"https:\/\/www.humanium.org\/es\/\"},{\"@type\":\"ListItem\",\"position\":2,\"name\":\"Ni\u00f1os de Nauru\"}]},{\"@type\":\"WebSite\",\"@id\":\"https:\/\/www.humanium.org\/es\/#website\",\"url\":\"https:\/\/www.humanium.org\/es\/\",\"name\":\"Humanium\",\"description\":\"\u00a1Los ni\u00f1os primero!\",\"potentialAction\":[{\"@type\":\"SearchAction\",\"target\":{\"@type\":\"EntryPoint\",\"urlTemplate\":\"https:\/\/www.humanium.org\/es\/?s={search_term_string}\"},\"query-input\":{\"@type\":\"PropertyValueSpecification\",\"valueRequired\":true,\"valueName\":\"search_term_string\"}}],\"inLanguage\":\"es\"}]}<\/script>\n<!-- \/ Yoast SEO plugin. -->","yoast_head_json":{"title":"Ni\u00f1os de Nauru - Humanium","description":"Los derechos de la infancia se respetan bastante en Nauru. Pero el gobierno deber\u00eda ratificar los tratados internacionales para proteger m\u00e1s a los ni\u00f1os.","robots":{"index":"index","follow":"follow","max-snippet":"max-snippet:-1","max-image-preview":"max-image-preview:large","max-video-preview":"max-video-preview:-1"},"canonical":"https:\/\/www.humanium.org\/es\/nauru\/","og_locale":"es_ES","og_type":"article","og_title":"Ni\u00f1os de Nauru - Humanium","og_description":"Los derechos de la infancia se respetan bastante en Nauru. Pero el gobierno deber\u00eda ratificar los tratados internacionales para proteger m\u00e1s a los ni\u00f1os.","og_url":"https:\/\/www.humanium.org\/es\/nauru\/","og_site_name":"Humanium","article_modified_time":"2025-12-05T17:50:46+00:00","twitter_card":"summary_large_image","twitter_misc":{"Tiempo de lectura":"10 minutos"},"schema":{"@context":"https:\/\/schema.org","@graph":[{"@type":"WebPage","@id":"https:\/\/www.humanium.org\/es\/nauru\/","url":"https:\/\/www.humanium.org\/es\/nauru\/","name":"Ni\u00f1os de Nauru - Humanium","isPartOf":{"@id":"https:\/\/www.humanium.org\/es\/#website"},"primaryImageOfPage":{"@id":"https:\/\/www.humanium.org\/es\/nauru\/#primaryimage"},"image":{"@id":"https:\/\/www.humanium.org\/es\/nauru\/#primaryimage"},"thumbnailUrl":"https:\/\/www.humanium.org\/fr\/wp-content\/uploads\/2013\/04\/350-.org-Flickr.com_.jpg","datePublished":"2013-08-18T21:21:34+00:00","dateModified":"2025-12-05T17:50:46+00:00","description":"Los derechos de la infancia se respetan bastante en Nauru. Pero el gobierno deber\u00eda ratificar los tratados internacionales para proteger m\u00e1s a los ni\u00f1os.","breadcrumb":{"@id":"https:\/\/www.humanium.org\/es\/nauru\/#breadcrumb"},"inLanguage":"es","potentialAction":[{"@type":"ReadAction","target":["https:\/\/www.humanium.org\/es\/nauru\/"]}]},{"@type":"ImageObject","inLanguage":"es","@id":"https:\/\/www.humanium.org\/es\/nauru\/#primaryimage","url":"https:\/\/www.humanium.org\/fr\/wp-content\/uploads\/2013\/04\/350-.org-Flickr.com_.jpg","contentUrl":"https:\/\/www.humanium.org\/fr\/wp-content\/uploads\/2013\/04\/350-.org-Flickr.com_.jpg"},{"@type":"BreadcrumbList","@id":"https:\/\/www.humanium.org\/es\/nauru\/#breadcrumb","itemListElement":[{"@type":"ListItem","position":1,"name":"Home","item":"https:\/\/www.humanium.org\/es\/"},{"@type":"ListItem","position":2,"name":"Ni\u00f1os de Nauru"}]},{"@type":"WebSite","@id":"https:\/\/www.humanium.org\/es\/#website","url":"https:\/\/www.humanium.org\/es\/","name":"Humanium","description":"\u00a1Los ni\u00f1os primero!","potentialAction":[{"@type":"SearchAction","target":{"@type":"EntryPoint","urlTemplate":"https:\/\/www.humanium.org\/es\/?s={search_term_string}"},"query-input":{"@type":"PropertyValueSpecification","valueRequired":true,"valueName":"search_term_string"}}],"inLanguage":"es"}]}},"_links":{"self":[{"href":"https:\/\/www.humanium.org\/es\/wp-json\/wp\/v2\/pages\/3814","targetHints":{"allow":["GET"]}}],"collection":[{"href":"https:\/\/www.humanium.org\/es\/wp-json\/wp\/v2\/pages"}],"about":[{"href":"https:\/\/www.humanium.org\/es\/wp-json\/wp\/v2\/types\/page"}],"author":[{"embeddable":true,"href":"https:\/\/www.humanium.org\/es\/wp-json\/wp\/v2\/users\/1"}],"replies":[{"embeddable":true,"href":"https:\/\/www.humanium.org\/es\/wp-json\/wp\/v2\/comments?post=3814"}],"version-history":[{"count":4,"href":"https:\/\/www.humanium.org\/es\/wp-json\/wp\/v2\/pages\/3814\/revisions"}],"predecessor-version":[{"id":20452,"href":"https:\/\/www.humanium.org\/es\/wp-json\/wp\/v2\/pages\/3814\/revisions\/20452"}],"wp:attachment":[{"href":"https:\/\/www.humanium.org\/es\/wp-json\/wp\/v2\/media?parent=3814"}],"curies":[{"name":"wp","href":"https:\/\/api.w.org\/{rel}","templated":true}]}}