{"id":3823,"date":"2013-08-19T07:33:04","date_gmt":"2013-08-19T07:33:04","guid":{"rendered":"http:\/\/www.humanium.org\/es\/?page_id=3823"},"modified":"2025-12-05T18:00:03","modified_gmt":"2025-12-05T18:00:03","slug":"ucrania","status":"publish","type":"page","link":"https:\/\/www.humanium.org\/es\/ucrania\/","title":{"rendered":"Ni\u00f1os de Ucrania"},"content":{"rendered":"<h1>Ni\u00f1os de Ucrania<\/h1>\n<h2>Descubriendo los Derechos del Ni\u00f1o en Ucrania<\/h2>\n<p style=\"text-align: center;\"><img loading=\"lazy\" decoding=\"async\" class=\"alignnone size-full wp-image-13761\" title=\"Ni\u00f1a ucraniana \u00a9 Tbass Effendi (Flickr)\" src=\"https:\/\/www.humanium.org\/fr\/wp-content\/uploads\/2011\/08\/tbass-effendi-fillette-flickr-notouche.jpg\" alt=\"\" width=\"267\" height=\"200\" \/> <img loading=\"lazy\" decoding=\"async\" class=\"alignnone size-full wp-image-13762\" title=\"Ni\u00f1o ucraniano \u00a9 Tbass Effendi (flickr)\" src=\"https:\/\/www.humanium.org\/fr\/wp-content\/uploads\/2011\/08\/tbass-effendi-garcon-flickr-notouche.jpg\" alt=\"\" width=\"267\" height=\"200\" \/><\/p>\n<p>Ciertos problemas contin\u00faan afectando el bienestar de los ni\u00f1os ucranianos. Desde la ratificaci\u00f3n de Ucrania de la <a href=\"https:\/\/www.humanium.org\/es\/convencion\/\">Convenci\u00f3n Internacional de los Derechos del Ni\u00f1o<\/a>, el Gobierno debe de estar obligado a hacer m\u00e1s para resolver estas cuestiones.<\/p>\n<h3>Principales problemas que afectan a los ni\u00f1os en Ucrania<\/h3>\n<p><strong><a href=\"https:\/\/www.humanium.org\/es\/pobreza-infantil\/\">Pobreza<\/a><\/strong><\/p>\n<p><a href=\"https:\/\/www.humanium.org\/es\/pobreza-infantil\/\">La pobreza<\/a> afecta aproximadamente a un 35% de la poblaci\u00f3n ucraniana. El pa\u00eds ha hecho hincapi\u00e9 en la necesidad de apoyar y de mejorar la situaci\u00f3n de las familias y de los ni\u00f1os. La pobreza sigue repercutiendo en el bienestar de los ni\u00f1os y en el disfrute de sus derechos. El impacto de dicha situaci\u00f3n econ\u00f3mica se siente en muchas familias, sobre todo en aquellas con hijos menores de 3 a\u00f1os.<\/p>\n<p><strong><a href=\"https:\/\/www.humanium.org\/es\/derecho-salud\/\">Sanidad<\/a><\/strong><\/p>\n<p><img loading=\"lazy\" decoding=\"async\" class=\"size-full wp-image-13763 alignright\" title=\"Ciertos problemas de sanidad persisten en Ucrania \u00a9 World Bank Photo Collection (Flickr)\" src=\"https:\/\/www.humanium.org\/fr\/wp-content\/uploads\/2011\/08\/sante-world-bank-photo-collection-flickr-notouch1.jpg\" alt=\"\" width=\"240\" height=\"180\" \/>En teor\u00eda, la <a href=\"https:\/\/www.humanium.org\/es\/derecho-salud\/\">sanidad<\/a> es gratuita en Ucrania. En pr\u00e1ctica, sin embargo, no lo es. Los costes son altos y los mismos servicios no tienen accesibilidad suficiente. Consecuentemente, no todos los ni\u00f1os reciben el cuidado que necesitan. Esto se hace especialmente patente en aquellos que viven en zonas rurales o que pertenecen a familias pobres.<\/p>\n<p>En cuanto a los ni\u00f1os ucranianos, tambi\u00e9n tienen ciertos problemas de salud. La tasa de <a href=\"https:\/\/www.humanium.org\/es\/mortalidad-infantil\/\">mortalidad infantil<\/a> es una de las m\u00e1s altas en esa parte del mundo. El pa\u00eds ha intentado promover el cuidado prenatal y neonatal para as\u00ed incrementar la tasa de nacimientos. Aun as\u00ed, queda m\u00e1s por hacer si se quiere ser capaz de responder a las necesidades de la poblaci\u00f3n, sobre todo de la que vive en zonas rurales.<\/p>\n<p><strong><a href=\"https:\/\/www.humanium.org\/es\/ninos-sida\/\">SIDA<\/a><\/strong><\/p>\n<p>La prevalencia del <a href=\"https:\/\/www.humanium.org\/es\/ninos-sida\/\">SIDA<\/a> sigue siendo un desaf\u00edo para los servicios de salud ucranianos. A pesar de intentar prevenirlo y concienciar de forma precisa sobre el virus, el problema persiste. La transmisi\u00f3n del virus de madre a hijo no ha sufrido ning\u00fan descenso considerable.<\/p>\n<p>Los ni\u00f1os que padecen SIDA no reciben el cuidado que necesitan. Adem\u00e1s, estos ni\u00f1os son objeto de numerosas formas de discriminaci\u00f3n debido a su enfermedad.<\/p>\n<p><strong><a href=\"https:\/\/www.humanium.org\/es\/abuso-infantil\/\">Abusos y violencia<\/a><\/strong><\/p>\n<p><img loading=\"lazy\" decoding=\"async\" class=\"alignright size-full wp-image-15576\" title=\"El abuso infantil sigue siendo un problema familiar en Ucrania \u00a9 Saritarobinson (Flickr)\" src=\"https:\/\/www.humanium.org\/fr\/wp-content\/uploads\/2011\/08\/violence-saritarobinson-flickr1.jpg\" alt=\"\" width=\"138\" height=\"200\" \/>El n\u00famero de ni\u00f1os v\u00edctimas de violencia en Ucrania es preocupante. Esta <a href=\"https:\/\/www.humanium.org\/es\/abuso-infantil\/\">violencia<\/a> se da en diferentes formas y escenarios.<\/p>\n<p>A los menores detenidos por la polic\u00eda no se los protege del abuso correctamente. Ha habido muchos informes de ni\u00f1os detenidos que han sido agredidos f\u00edsicamente. M\u00e1s de una de estas alegaciones conllevan abusos por parte de los polic\u00edas interrogadores. En algunas ocasiones, las autoridades han llegado a recurrir a la tortura para conseguir confesiones.<\/p>\n<p>El castigo corporal es otra forma de violencia tambi\u00e9n preocupante. En Ucrania, su pr\u00e1ctica est\u00e1 prohibida por la ley; sin embargo, esto no impide que deje de ocurrir. Normalmente, el castigo corporal se da en la escuela o en casa, y los ni\u00f1os que lo sufren a menudo no se atreven en informar a la polic\u00eda.<\/p>\n<p><strong><a href=\"https:\/\/www.humanium.org\/es\/ninos-discapacitados\/\">Ni\u00f1os discapacitados<\/a><\/strong><\/p>\n<p>Los <a href=\"https:\/\/www.humanium.org\/es\/ninos-discapacitados\/\"> ni\u00f1os discapacitados <\/a>de Ucrania sufren discriminaci\u00f3n. Son considerados unos marginados, lo cual provoca que no puedan disfrutar al completo de sus derechos. A una edad muy temprana, los llevan a instituciones especiales y no lo tienen f\u00e1cil para acceder a los servicios sociales, de sanidad y de educaci\u00f3n.<\/p>\n<p>La visi\u00f3n negativa de la sociedad sobre estos ni\u00f1os contribuye de forma clara a su aislamiento y tiene un efecto perjudicial en su bienestar y desarrollo.<\/p>\n<p><strong><a href=\"https:\/\/www.humanium.org\/es\/no-discriminacion\/\">Discriminaci\u00f3n<\/a><\/strong><\/p>\n<p><img loading=\"lazy\" decoding=\"async\" class=\"size-full wp-image-13765 alignright\" title=\"Muchos ni\u00f1os ucranianos son objeto de discriminaci\u00f3n \u00a9 Quentin (Flickr)\" src=\"https:\/\/www.humanium.org\/fr\/wp-content\/uploads\/2011\/08\/discrimination-quentin-flickr.jpg\" alt=\"\" width=\"128\" height=\"190\" \/>El racismo y la xenofobia est\u00e1n en auge en Ucrania. La ola de <a href=\"https:\/\/www.humanium.org\/es\/no-discriminacion\/\">discriminaci\u00f3n<\/a> ha afectado particularmente a los ni\u00f1os pertenecientes a minor\u00edas (sobre todo a los de Roma), refugiados, enfermos, pobres y discapacitados.<\/p>\n<p>La discriminaci\u00f3n es patente a varios niveles: por un lado, estos ni\u00f1os son objeto de agresiones, a veces violentas, por parte de otros miembros de la sociedad; por otro lado, cuando intentan ejercer sus derechos o beneficiarse de los mismos servicios y ayudas p\u00fablicas que el resto, se encuentran con todo tipo de obst\u00e1culos.<\/p>\n<p><strong><a href=\"https:\/\/www.humanium.org\/es\/trabajo-infantil\/\">Trabajo infantil<\/a><\/strong><\/p>\n<p>Se estima que casi un 8% de los ni\u00f1os ucranianos <a href=\"https:\/\/www.humanium.org\/es\/trabajo-infantil\/\">trabajan<\/a>.Las peores formas de trabajo est\u00e1n prohibidas por la legislaci\u00f3n nacional; sin embargo, el n\u00famero de ni\u00f1os presentes en comercio ilegal es preocupante. Algunos de ellos trabajan en minas de carb\u00f3n cuyas condiciones son deplorables y extremadamente peligrosas. Otros se ven envueltos en el comercio sexual donde sirven de carne de ca\u00f1\u00f3n a redes dedicadas a la prostituci\u00f3n, la pornograf\u00eda, etc.<\/p>\n<p><strong><a href=\"https:\/\/www.humanium.org\/es\/derecho-educacion\/\">Educaci\u00f3n<\/a><\/strong><\/p>\n<p><img loading=\"lazy\" decoding=\"async\" class=\"alignright size-full wp-image-13766\" title=\"El acceso a la educaci\u00f3n puede ser dif\u00edcil en ciertas zonas rurales \u00a9 Tbass Effendi (Flickr)\" src=\"https:\/\/www.humanium.org\/fr\/wp-content\/uploads\/2011\/08\/tbass-effendi-ecoloe-flickr-notouche.jpg\" alt=\"\" width=\"240\" height=\"180\" \/>La mayor\u00eda de ni\u00f1os en Ucrania va a la escuela. No obstante, el <a href=\"https:\/\/www.humanium.org\/es\/derecho-educacion\/\">sistema educativo <\/a>necesita una mejora cuanto antes. Es dif\u00edcil poder ir a la escuela en las zonas rurales debido a la falta de infraestructura.<\/p>\n<p>El n\u00famero de centros de ense\u00f1anza preescolar est\u00e1 en continuo descenso y ni siquiera un 61% de los ni\u00f1os tiene acceso a ellos. Adem\u00e1s, la infraestructura proporcionada est\u00e1 desfasada y en condiciones pobres.<\/p>\n<p><strong><a href=\"https:\/\/www.humanium.org\/es\/ninos-calle\/\">Ni\u00f1os de la calle<\/a><\/strong><\/p>\n<p>El Estado ucraniano reconoce que el fen\u00f3meno de los <a href=\"https:\/\/www.humanium.org\/es\/ninos-calle\/\">ni\u00f1os que viven en las calles<\/a> constituye un problema \u00abgraba\u00bb. Las cifras son preocupantes y las condiciones en las que viven, muy precarias. Estos ni\u00f1os, dejados totalmente a su suerte, no van a la escuela, no tienen f\u00e1cil acceso a la atenci\u00f3n m\u00e9dica y no disponen de una vivienda siquiera mediocre. Muchos de ellos se encuentran expuestos al mundo de las drogas y a las muchas enfermedades que tales pr\u00e1cticas pueden provocar (VIH, etc.).<\/p>\n<p><strong>Ambiente<\/strong><\/p>\n<p><img loading=\"lazy\" decoding=\"async\" class=\"size-full wp-image-13767 alignright\" title=\"El desastre nuclear de Chern\u00f3bil contin\u00faa teniendo repercusiones en los ni\u00f1os ucranianos \u00a9 Ssmarta (Flickr)\" src=\"https:\/\/www.humanium.org\/fr\/wp-content\/uploads\/2011\/08\/environment-ssmarta-flickr-notouch.jpg\" alt=\"\" width=\"253\" height=\"190\" \/>Los ni\u00f1os tienen derecho a crecer en un ambiente saludable. Sin embargo, sigue habiendo un problema que perjudica la salud de los ni\u00f1os ucranianos: los efectos colaterales del desastre de Chern\u00f3bil. Esta terrible tragedia, aun hoy, sigue siendo un tema de preocupaci\u00f3n; seg\u00fan algunos miembros de las Naciones Unidas, \u00aben t\u00e9rminos de salud humana, lo peor est\u00e1 a\u00fan por venir\u00bb.<\/p>\n<p>Millones de ni\u00f1os est\u00e1n afectados por este desastre que contin\u00faa presentando problemas para su <a href=\"https:\/\/www.humanium.org\/es\/derecho-salud\/\">salud<\/a>: deformidades, envejecimiento prematuro, neumon\u00eda\u2026<\/p>\n","protected":false},"excerpt":{"rendered":"<p>Ni\u00f1os de Ucrania Descubriendo los Derechos del Ni\u00f1o en Ucrania Ciertos problemas contin\u00faan afectando el bienestar de los ni\u00f1os ucranianos. Desde la ratificaci\u00f3n de Ucrania de la Convenci\u00f3n Internacional de los Derechos del Ni\u00f1o, el Gobierno debe de estar obligado a hacer m\u00e1s para resolver estas cuestiones. Principales problemas que afectan a los ni\u00f1os en [&hellip;]<\/p>\n","protected":false},"author":1,"featured_media":0,"parent":0,"menu_order":0,"comment_status":"closed","ping_status":"open","template":"","meta":{"footnotes":""},"class_list":["post-3823","page","type-page","status-publish","hentry"],"yoast_head":"<!-- This site is optimized with the Yoast SEO plugin v26.5 - https:\/\/yoast.com\/wordpress\/plugins\/seo\/ -->\n<title>Ni\u00f1os de Ucrania - Humanium<\/title>\n<meta name=\"description\" content=\"Desde la ratificaci\u00f3n de Ucrania de la Convenci\u00f3n Internacional de los Derechos del Ni\u00f1o, el pa\u00eds esta obligado a hacer m\u00e1s para resolver estas cuestiones.\" \/>\n<meta name=\"robots\" content=\"index, follow, max-snippet:-1, max-image-preview:large, max-video-preview:-1\" \/>\n<link rel=\"canonical\" href=\"https:\/\/www.humanium.org\/es\/ucrania\/\" \/>\n<meta property=\"og:locale\" content=\"es_ES\" \/>\n<meta property=\"og:type\" content=\"article\" \/>\n<meta property=\"og:title\" content=\"Ni\u00f1os de Ucrania - Humanium\" \/>\n<meta property=\"og:description\" content=\"Desde la ratificaci\u00f3n de Ucrania de la Convenci\u00f3n Internacional de los Derechos del Ni\u00f1o, el pa\u00eds esta obligado a hacer m\u00e1s para resolver estas cuestiones.\" \/>\n<meta property=\"og:url\" content=\"https:\/\/www.humanium.org\/es\/ucrania\/\" \/>\n<meta property=\"og:site_name\" content=\"Humanium\" \/>\n<meta property=\"article:modified_time\" content=\"2025-12-05T18:00:03+00:00\" \/>\n<meta name=\"twitter:card\" content=\"summary_large_image\" \/>\n<meta name=\"twitter:label1\" content=\"Tiempo de lectura\" \/>\n\t<meta name=\"twitter:data1\" content=\"6 minutos\" \/>\n<script type=\"application\/ld+json\" class=\"yoast-schema-graph\">{\"@context\":\"https:\/\/schema.org\",\"@graph\":[{\"@type\":\"WebPage\",\"@id\":\"https:\/\/www.humanium.org\/es\/ucrania\/\",\"url\":\"https:\/\/www.humanium.org\/es\/ucrania\/\",\"name\":\"Ni\u00f1os de Ucrania - Humanium\",\"isPartOf\":{\"@id\":\"https:\/\/www.humanium.org\/es\/#website\"},\"primaryImageOfPage\":{\"@id\":\"https:\/\/www.humanium.org\/es\/ucrania\/#primaryimage\"},\"image\":{\"@id\":\"https:\/\/www.humanium.org\/es\/ucrania\/#primaryimage\"},\"thumbnailUrl\":\"https:\/\/www.humanium.org\/fr\/wp-content\/uploads\/2011\/08\/tbass-effendi-fillette-flickr-notouche.jpg\",\"datePublished\":\"2013-08-19T07:33:04+00:00\",\"dateModified\":\"2025-12-05T18:00:03+00:00\",\"description\":\"Desde la ratificaci\u00f3n de Ucrania de la Convenci\u00f3n Internacional de los Derechos del Ni\u00f1o, el pa\u00eds esta obligado a hacer m\u00e1s para resolver estas cuestiones.\",\"breadcrumb\":{\"@id\":\"https:\/\/www.humanium.org\/es\/ucrania\/#breadcrumb\"},\"inLanguage\":\"es\",\"potentialAction\":[{\"@type\":\"ReadAction\",\"target\":[\"https:\/\/www.humanium.org\/es\/ucrania\/\"]}]},{\"@type\":\"ImageObject\",\"inLanguage\":\"es\",\"@id\":\"https:\/\/www.humanium.org\/es\/ucrania\/#primaryimage\",\"url\":\"https:\/\/www.humanium.org\/fr\/wp-content\/uploads\/2011\/08\/tbass-effendi-fillette-flickr-notouche.jpg\",\"contentUrl\":\"https:\/\/www.humanium.org\/fr\/wp-content\/uploads\/2011\/08\/tbass-effendi-fillette-flickr-notouche.jpg\"},{\"@type\":\"BreadcrumbList\",\"@id\":\"https:\/\/www.humanium.org\/es\/ucrania\/#breadcrumb\",\"itemListElement\":[{\"@type\":\"ListItem\",\"position\":1,\"name\":\"Home\",\"item\":\"https:\/\/www.humanium.org\/es\/\"},{\"@type\":\"ListItem\",\"position\":2,\"name\":\"Ni\u00f1os de Ucrania\"}]},{\"@type\":\"WebSite\",\"@id\":\"https:\/\/www.humanium.org\/es\/#website\",\"url\":\"https:\/\/www.humanium.org\/es\/\",\"name\":\"Humanium\",\"description\":\"\u00a1Los ni\u00f1os primero!\",\"potentialAction\":[{\"@type\":\"SearchAction\",\"target\":{\"@type\":\"EntryPoint\",\"urlTemplate\":\"https:\/\/www.humanium.org\/es\/?s={search_term_string}\"},\"query-input\":{\"@type\":\"PropertyValueSpecification\",\"valueRequired\":true,\"valueName\":\"search_term_string\"}}],\"inLanguage\":\"es\"}]}<\/script>\n<!-- \/ Yoast SEO plugin. -->","yoast_head_json":{"title":"Ni\u00f1os de Ucrania - Humanium","description":"Desde la ratificaci\u00f3n de Ucrania de la Convenci\u00f3n Internacional de los Derechos del Ni\u00f1o, el pa\u00eds esta obligado a hacer m\u00e1s para resolver estas cuestiones.","robots":{"index":"index","follow":"follow","max-snippet":"max-snippet:-1","max-image-preview":"max-image-preview:large","max-video-preview":"max-video-preview:-1"},"canonical":"https:\/\/www.humanium.org\/es\/ucrania\/","og_locale":"es_ES","og_type":"article","og_title":"Ni\u00f1os de Ucrania - Humanium","og_description":"Desde la ratificaci\u00f3n de Ucrania de la Convenci\u00f3n Internacional de los Derechos del Ni\u00f1o, el pa\u00eds esta obligado a hacer m\u00e1s para resolver estas cuestiones.","og_url":"https:\/\/www.humanium.org\/es\/ucrania\/","og_site_name":"Humanium","article_modified_time":"2025-12-05T18:00:03+00:00","twitter_card":"summary_large_image","twitter_misc":{"Tiempo de lectura":"6 minutos"},"schema":{"@context":"https:\/\/schema.org","@graph":[{"@type":"WebPage","@id":"https:\/\/www.humanium.org\/es\/ucrania\/","url":"https:\/\/www.humanium.org\/es\/ucrania\/","name":"Ni\u00f1os de Ucrania - Humanium","isPartOf":{"@id":"https:\/\/www.humanium.org\/es\/#website"},"primaryImageOfPage":{"@id":"https:\/\/www.humanium.org\/es\/ucrania\/#primaryimage"},"image":{"@id":"https:\/\/www.humanium.org\/es\/ucrania\/#primaryimage"},"thumbnailUrl":"https:\/\/www.humanium.org\/fr\/wp-content\/uploads\/2011\/08\/tbass-effendi-fillette-flickr-notouche.jpg","datePublished":"2013-08-19T07:33:04+00:00","dateModified":"2025-12-05T18:00:03+00:00","description":"Desde la ratificaci\u00f3n de Ucrania de la Convenci\u00f3n Internacional de los Derechos del Ni\u00f1o, el pa\u00eds esta obligado a hacer m\u00e1s para resolver estas cuestiones.","breadcrumb":{"@id":"https:\/\/www.humanium.org\/es\/ucrania\/#breadcrumb"},"inLanguage":"es","potentialAction":[{"@type":"ReadAction","target":["https:\/\/www.humanium.org\/es\/ucrania\/"]}]},{"@type":"ImageObject","inLanguage":"es","@id":"https:\/\/www.humanium.org\/es\/ucrania\/#primaryimage","url":"https:\/\/www.humanium.org\/fr\/wp-content\/uploads\/2011\/08\/tbass-effendi-fillette-flickr-notouche.jpg","contentUrl":"https:\/\/www.humanium.org\/fr\/wp-content\/uploads\/2011\/08\/tbass-effendi-fillette-flickr-notouche.jpg"},{"@type":"BreadcrumbList","@id":"https:\/\/www.humanium.org\/es\/ucrania\/#breadcrumb","itemListElement":[{"@type":"ListItem","position":1,"name":"Home","item":"https:\/\/www.humanium.org\/es\/"},{"@type":"ListItem","position":2,"name":"Ni\u00f1os de Ucrania"}]},{"@type":"WebSite","@id":"https:\/\/www.humanium.org\/es\/#website","url":"https:\/\/www.humanium.org\/es\/","name":"Humanium","description":"\u00a1Los ni\u00f1os primero!","potentialAction":[{"@type":"SearchAction","target":{"@type":"EntryPoint","urlTemplate":"https:\/\/www.humanium.org\/es\/?s={search_term_string}"},"query-input":{"@type":"PropertyValueSpecification","valueRequired":true,"valueName":"search_term_string"}}],"inLanguage":"es"}]}},"_links":{"self":[{"href":"https:\/\/www.humanium.org\/es\/wp-json\/wp\/v2\/pages\/3823","targetHints":{"allow":["GET"]}}],"collection":[{"href":"https:\/\/www.humanium.org\/es\/wp-json\/wp\/v2\/pages"}],"about":[{"href":"https:\/\/www.humanium.org\/es\/wp-json\/wp\/v2\/types\/page"}],"author":[{"embeddable":true,"href":"https:\/\/www.humanium.org\/es\/wp-json\/wp\/v2\/users\/1"}],"replies":[{"embeddable":true,"href":"https:\/\/www.humanium.org\/es\/wp-json\/wp\/v2\/comments?post=3823"}],"version-history":[{"count":4,"href":"https:\/\/www.humanium.org\/es\/wp-json\/wp\/v2\/pages\/3823\/revisions"}],"predecessor-version":[{"id":20481,"href":"https:\/\/www.humanium.org\/es\/wp-json\/wp\/v2\/pages\/3823\/revisions\/20481"}],"wp:attachment":[{"href":"https:\/\/www.humanium.org\/es\/wp-json\/wp\/v2\/media?parent=3823"}],"curies":[{"name":"wp","href":"https:\/\/api.w.org\/{rel}","templated":true}]}}