{"id":3832,"date":"2013-08-19T08:57:59","date_gmt":"2013-08-19T08:57:59","guid":{"rendered":"http:\/\/www.humanium.org\/es\/?page_id=3832"},"modified":"2025-12-05T17:48:52","modified_gmt":"2025-12-05T17:48:52","slug":"tonga","status":"publish","type":"page","link":"https:\/\/www.humanium.org\/es\/tonga\/","title":{"rendered":"Ni\u00f1os de Tonga"},"content":{"rendered":"<h1>Ni\u00f1os de Tonga<\/h1>\n<h2>Descubriendo los Derechos del Ni\u00f1o en Tonga<\/h2>\n<p style=\"text-align: center;\"><img loading=\"lazy\" decoding=\"async\" class=\"alignnone size-full wp-image-18989\" title=\"Ni\u00f1a de Tonga \u00a9 U.S. Pacific Fleet (Flickr)\" src=\"https:\/\/www.humanium.org\/fr\/wp-content\/uploads\/2012\/03\/fillette_sourire_U.S._Pacific_Fleet_Flickr2.jpg\" alt=\"\" width=\"139\" height=\"185\" \/> <img loading=\"lazy\" decoding=\"async\" class=\"size-full wp-image-18990 alignnone\" title=\"Ni\u00f1o de Tonga \u00a9 Alohaorchid1 (flickr)\" src=\"..\/wp-content\/uploads\/2012\/03\/garcon_tonga_Alohaorchid1_flickr.jpg\" alt=\"\" width=\"139\" height=\"185\" \/><\/p>\n<p>Aunque durante los \u00faltimos a\u00f1os hubo importantes mejoras en lo que respecta a los derechos de los ni\u00f1os en Tonga, la situaci\u00f3n dista de ser perfecta. La ley no recepta el impacto y las consecuencias que la pobreza y la obesidad tienen sobre el desarrollo de los ni\u00f1os.<\/p>\n<h3>Principales problemas que afectan a los ni\u00f1os en Tonga<\/h3>\n<p><a href=\"https:\/\/www.humanium.org\/es\/que-es-justicia\/\"><strong>Justicia<\/strong><\/a><\/p>\n<p>Tonga no cuenta con un sistema de justicia ni con centros de <a href=\"https:\/\/www.humanium.org\/es\/ninos-detenidos\/\">detenci\u00f3n especiales para menores<\/a>. Consecuentemente, los derechos de los ni\u00f1os y sus mejores intereses suelen no ser tenidos en cuenta en los procesos legales.<\/p>\n<p><img loading=\"lazy\" decoding=\"async\" class=\"alignright size-full wp-image-18992\" title=\"El castigo f\u00edsico a los ni\u00f1os todav\u00eda est\u00e1 permitido \u00a9 DVIDSHUB (flickr)\" src=\"https:\/\/www.humanium.org\/fr\/wp-content\/uploads\/2012\/03\/fillette_tonga_DVIDSHUB_flickr.jpg\" alt=\"\" width=\"200\" height=\"143\" \/><\/p>\n<p>El castigo corporal est\u00e1 prohibido en las escuelas pero permitido tanto en los hogares como dentro del sistema penal. Un menor con problemas con la ley puede sufrir azotes desde los siete a\u00f1os, a veces en lugar de una condena a prisi\u00f3n, y otras junto con ella. El l\u00e1tigo se utiliza tambi\u00e9n como elemento disciplinante en las prisiones y en los centros de delincuentes juveniles.<\/p>\n<p><a href=\"https:\/\/www.humanium.org\/es\/derecho-salud\/\"><strong>Salud<\/strong><\/a><\/p>\n<p>La alimentaci\u00f3n tiene un papel vital en la cultura de Tonga. Estas costumbres provocan serios problemas de peso y, seg\u00fan investigaciones de la OMS, el 60% de la poblaci\u00f3n sufr\u00eda sobrepeso en el 2004. La situaci\u00f3n se torn\u00f3 m\u00e1s grave por la prosperidad econ\u00f3mica del pa\u00eds en el \u00faltimo tiempo, ya que ahora cuentan con una dieta m\u00e1s rica. Actualmente, la obesidad es un problema que afecta a los ni\u00f1os desde temprana edad y conduce a varios problemas de salud, como por ejemplo en el coraz\u00f3n y los pulmones, as\u00ed como tambi\u00e9n en las articulaciones.<\/p>\n<p>A pesar del desarrollo reciente del pa\u00eds, la mortalidad infantil contin\u00faa siendo demasiado alta.<br \/>\nLas autoridades est\u00e1n luchando para revertir esta tendencia, mientras que los recursos destinados a la salud ya son limitados. El desaf\u00edo que se presenta ahora es c\u00f3mo hacer para aumentar esos recursos.<\/p>\n<p><a href=\"https:\/\/www.humanium.org\/es\/pobreza-infantil\/\"><strong>Pobreza<\/strong><\/a><\/p>\n<p><img loading=\"lazy\" decoding=\"async\" class=\"alignright size-full wp-image-18997\" title=\"Tonga es un pa\u00eds desarrollado, pero las familias todav\u00eda sufren por la pobreza \u00a9 Franck Vervial (flickr)\" src=\"https:\/\/www.humanium.org\/fr\/wp-content\/uploads\/2012\/03\/fille_pouce_Franck_Vervial_flickr.jpg\" alt=\"\" width=\"200\" height=\"125\" \/><\/p>\n<p>Tonga es una de las naciones insulares m\u00e1s desarrolladas del Pac\u00edfico. En los \u00faltimos diez a\u00f1os el nivel de <a href=\"https:\/\/www.humanium.org\/es\/pobreza-infantil\/\">pobreza <\/a>a se redujo en gran medida. No obstante, no todos han escapado de la pobreza: el 4% de la poblaci\u00f3n vive con menos de 1 d\u00f3lar por d\u00eda y el 6,7% de los hogares se encuentra por debajo de la l\u00ednea de pobreza alimentaria, lo cual significa que no son capaces de cubrir los costos diarios en alimentaci\u00f3n.<\/p>\n<p>Por esta raz\u00f3n, las familias m\u00e1s vulnerables viven de los productos agropecuarios que ellos mismos producen. En consecuencia, los ni\u00f1os de esas familias abandonen la escuela ya que deben <a href=\"https:\/\/www.humanium.org\/es\/trabajo-infantil\/\">trabajar<\/a> la tierra y en las plantaciones. Esto genera una baja en las estad\u00edsticas educativas de Tonga que, salvo por esta situaci\u00f3n, son excelentes.<\/p>\n<p><a href=\"https:\/\/www.humanium.org\/es\/ninos-discapacitados\/\"><strong>Discapacidad<\/strong><\/a><\/p>\n<p>A pesar de que los <a href=\"https:\/\/www.humanium.org\/es\/ninos-discapacitados\/\">ni\u00f1os discapacitados<\/a> no son <a href=\"https:\/\/www.humanium.org\/es\/no-discriminacion\/\">discriminados<\/a>, no pueden gozar de todos sus derechos por la falta de infraestructura y por la comunicaci\u00f3n deficiente por parte del gobierno. El Ministro de Educaci\u00f3n est\u00e1 intentando integrar paulatinamente a estos ni\u00f1os a las escuelas normales. Sin embargo, las unidades de educaci\u00f3n especial de la Cruz Roja son las que mayormente se hacen cargo de la educaci\u00f3n de estos ni\u00f1os.<\/p>\n<p><a href=\"https:\/\/www.humanium.org\/es\/no-discriminacion\/\"><strong>Discriminaci\u00f3n<\/strong><\/a><\/p>\n<p>La peque\u00f1a comunidad china establecida en Tonga tiene un papel activo en varios sectores de la econom\u00eda, pero tambi\u00e9n sufre de <a href=\"https:\/\/www.humanium.org\/es\/no-discriminacion\/\"> discriminaci\u00f3n<\/a> social y es objetivo del delito.<\/p>\n<p><img loading=\"lazy\" decoding=\"async\" class=\"alignright size-full wp-image-18994\" title=\"Las ni\u00f1as son discriminadas en lo que respecta a los derechos hereditarios y de propiedad \u00a9 Sirwiseowl (flickr)\" src=\"https:\/\/www.humanium.org\/fr\/wp-content\/uploads\/2012\/03\/enfants_tenue_traditionelle_Sirwiseowl_flickr.jpg\" alt=\"\" width=\"200\" height=\"142\" \/> Las mujeres tambi\u00e9n son v\u00edctimas de <a href=\"https:\/\/www.humanium.org\/es\/no-discriminacion\/\">discriminaci\u00f3n<\/a> por la ley del pa\u00eds, sobre todo en lo que respecta a los derechos hereditarios y de propiedad. Por ejemplo, un hijo extramatrimonial var\u00f3n puede heredar los bienes de su padre, mientras que la madre y la hija mujer nacida de la uni\u00f3n matrimonial no tienen derechos hereditarios.<\/p>\n<p>Los ni\u00f1os de la minor\u00eda china y las ni\u00f1as peque\u00f1as en general no gozan de derechos sociales ni econ\u00f3micos. <a href=\"https:\/\/www.humanium.org\/es\/no-discriminacion\/\">La discriminaci\u00f3n<\/a> hace que no puedan tener una vida en paz y seguridad.<\/p>\n<p><strong>Medio ambiente<\/strong><\/p>\n<p>Con 1,3 toneladas de emisiones anuales de CO2 por persona, la huella ecol\u00f3gica del pa\u00eds compromete el derecho de cada ni\u00f1o a vivir y crecer en un ambiente sano; es decir que impacta sobre la vida y las perspectivas futuras de los ni\u00f1os de Tonga.<\/p>\n","protected":false},"excerpt":{"rendered":"<p>Ni\u00f1os de Tonga Descubriendo los Derechos del Ni\u00f1o en Tonga Aunque durante los \u00faltimos a\u00f1os hubo importantes mejoras en lo que respecta a los derechos de los ni\u00f1os en Tonga, la situaci\u00f3n dista de ser perfecta. La ley no recepta el impacto y las consecuencias que la pobreza y la obesidad tienen sobre el desarrollo [&hellip;]<\/p>\n","protected":false},"author":1,"featured_media":0,"parent":0,"menu_order":0,"comment_status":"closed","ping_status":"open","template":"","meta":{"footnotes":""},"class_list":["post-3832","page","type-page","status-publish","hentry"],"yoast_head":"<!-- This site is optimized with the Yoast SEO plugin v26.5 - https:\/\/yoast.com\/wordpress\/plugins\/seo\/ -->\n<title>Ni\u00f1os de Tonga - Humanium<\/title>\n<meta name=\"description\" content=\"Aunque durante los \u00faltimos a\u00f1os hubo importantes mejoras en lo que respecta a los derechos de los ni\u00f1os en Tonga, la situaci\u00f3n dista de ser perfecta.\" \/>\n<meta name=\"robots\" content=\"index, follow, max-snippet:-1, max-image-preview:large, max-video-preview:-1\" \/>\n<link rel=\"canonical\" href=\"https:\/\/www.humanium.org\/es\/tonga\/\" \/>\n<meta property=\"og:locale\" content=\"es_ES\" \/>\n<meta property=\"og:type\" content=\"article\" \/>\n<meta property=\"og:title\" content=\"Ni\u00f1os de Tonga - Humanium\" \/>\n<meta property=\"og:description\" content=\"Aunque durante los \u00faltimos a\u00f1os hubo importantes mejoras en lo que respecta a los derechos de los ni\u00f1os en Tonga, la situaci\u00f3n dista de ser perfecta.\" \/>\n<meta property=\"og:url\" content=\"https:\/\/www.humanium.org\/es\/tonga\/\" \/>\n<meta property=\"og:site_name\" content=\"Humanium\" \/>\n<meta property=\"article:modified_time\" content=\"2025-12-05T17:48:52+00:00\" \/>\n<meta property=\"og:image\" content=\"https:\/\/www.humanium.org\/es\/wp-content\/uploads\/2024\/07\/shutterstock_1994568344-scaled.jpg\" \/>\n\t<meta property=\"og:image:width\" content=\"2560\" \/>\n\t<meta property=\"og:image:height\" content=\"1709\" \/>\n\t<meta property=\"og:image:type\" content=\"image\/jpeg\" \/>\n<meta name=\"twitter:card\" content=\"summary_large_image\" \/>\n<meta name=\"twitter:label1\" content=\"Tiempo de lectura\" \/>\n\t<meta name=\"twitter:data1\" content=\"5 minutos\" \/>\n<script type=\"application\/ld+json\" class=\"yoast-schema-graph\">{\"@context\":\"https:\/\/schema.org\",\"@graph\":[{\"@type\":\"WebPage\",\"@id\":\"https:\/\/www.humanium.org\/es\/tonga\/\",\"url\":\"https:\/\/www.humanium.org\/es\/tonga\/\",\"name\":\"Ni\u00f1os de Tonga - Humanium\",\"isPartOf\":{\"@id\":\"https:\/\/www.humanium.org\/es\/#website\"},\"primaryImageOfPage\":{\"@id\":\"https:\/\/www.humanium.org\/es\/tonga\/#primaryimage\"},\"image\":{\"@id\":\"https:\/\/www.humanium.org\/es\/tonga\/#primaryimage\"},\"thumbnailUrl\":\"https:\/\/www.humanium.org\/fr\/wp-content\/uploads\/2012\/03\/fillette_sourire_U.S._Pacific_Fleet_Flickr2.jpg\",\"datePublished\":\"2013-08-19T08:57:59+00:00\",\"dateModified\":\"2025-12-05T17:48:52+00:00\",\"description\":\"Aunque durante los \u00faltimos a\u00f1os hubo importantes mejoras en lo que respecta a los derechos de los ni\u00f1os en Tonga, la situaci\u00f3n dista de ser perfecta.\",\"breadcrumb\":{\"@id\":\"https:\/\/www.humanium.org\/es\/tonga\/#breadcrumb\"},\"inLanguage\":\"es\",\"potentialAction\":[{\"@type\":\"ReadAction\",\"target\":[\"https:\/\/www.humanium.org\/es\/tonga\/\"]}]},{\"@type\":\"ImageObject\",\"inLanguage\":\"es\",\"@id\":\"https:\/\/www.humanium.org\/es\/tonga\/#primaryimage\",\"url\":\"https:\/\/www.humanium.org\/fr\/wp-content\/uploads\/2012\/03\/fillette_sourire_U.S._Pacific_Fleet_Flickr2.jpg\",\"contentUrl\":\"https:\/\/www.humanium.org\/fr\/wp-content\/uploads\/2012\/03\/fillette_sourire_U.S._Pacific_Fleet_Flickr2.jpg\"},{\"@type\":\"BreadcrumbList\",\"@id\":\"https:\/\/www.humanium.org\/es\/tonga\/#breadcrumb\",\"itemListElement\":[{\"@type\":\"ListItem\",\"position\":1,\"name\":\"Home\",\"item\":\"https:\/\/www.humanium.org\/es\/\"},{\"@type\":\"ListItem\",\"position\":2,\"name\":\"Ni\u00f1os de Tonga\"}]},{\"@type\":\"WebSite\",\"@id\":\"https:\/\/www.humanium.org\/es\/#website\",\"url\":\"https:\/\/www.humanium.org\/es\/\",\"name\":\"Humanium\",\"description\":\"\u00a1Los ni\u00f1os primero!\",\"potentialAction\":[{\"@type\":\"SearchAction\",\"target\":{\"@type\":\"EntryPoint\",\"urlTemplate\":\"https:\/\/www.humanium.org\/es\/?s={search_term_string}\"},\"query-input\":{\"@type\":\"PropertyValueSpecification\",\"valueRequired\":true,\"valueName\":\"search_term_string\"}}],\"inLanguage\":\"es\"}]}<\/script>\n<!-- \/ Yoast SEO plugin. -->","yoast_head_json":{"title":"Ni\u00f1os de Tonga - Humanium","description":"Aunque durante los \u00faltimos a\u00f1os hubo importantes mejoras en lo que respecta a los derechos de los ni\u00f1os en Tonga, la situaci\u00f3n dista de ser perfecta.","robots":{"index":"index","follow":"follow","max-snippet":"max-snippet:-1","max-image-preview":"max-image-preview:large","max-video-preview":"max-video-preview:-1"},"canonical":"https:\/\/www.humanium.org\/es\/tonga\/","og_locale":"es_ES","og_type":"article","og_title":"Ni\u00f1os de Tonga - Humanium","og_description":"Aunque durante los \u00faltimos a\u00f1os hubo importantes mejoras en lo que respecta a los derechos de los ni\u00f1os en Tonga, la situaci\u00f3n dista de ser perfecta.","og_url":"https:\/\/www.humanium.org\/es\/tonga\/","og_site_name":"Humanium","article_modified_time":"2025-12-05T17:48:52+00:00","og_image":[{"width":2560,"height":1709,"url":"https:\/\/www.humanium.org\/es\/wp-content\/uploads\/2024\/07\/shutterstock_1994568344-scaled.jpg","type":"image\/jpeg"}],"twitter_card":"summary_large_image","twitter_misc":{"Tiempo de lectura":"5 minutos"},"schema":{"@context":"https:\/\/schema.org","@graph":[{"@type":"WebPage","@id":"https:\/\/www.humanium.org\/es\/tonga\/","url":"https:\/\/www.humanium.org\/es\/tonga\/","name":"Ni\u00f1os de Tonga - Humanium","isPartOf":{"@id":"https:\/\/www.humanium.org\/es\/#website"},"primaryImageOfPage":{"@id":"https:\/\/www.humanium.org\/es\/tonga\/#primaryimage"},"image":{"@id":"https:\/\/www.humanium.org\/es\/tonga\/#primaryimage"},"thumbnailUrl":"https:\/\/www.humanium.org\/fr\/wp-content\/uploads\/2012\/03\/fillette_sourire_U.S._Pacific_Fleet_Flickr2.jpg","datePublished":"2013-08-19T08:57:59+00:00","dateModified":"2025-12-05T17:48:52+00:00","description":"Aunque durante los \u00faltimos a\u00f1os hubo importantes mejoras en lo que respecta a los derechos de los ni\u00f1os en Tonga, la situaci\u00f3n dista de ser perfecta.","breadcrumb":{"@id":"https:\/\/www.humanium.org\/es\/tonga\/#breadcrumb"},"inLanguage":"es","potentialAction":[{"@type":"ReadAction","target":["https:\/\/www.humanium.org\/es\/tonga\/"]}]},{"@type":"ImageObject","inLanguage":"es","@id":"https:\/\/www.humanium.org\/es\/tonga\/#primaryimage","url":"https:\/\/www.humanium.org\/fr\/wp-content\/uploads\/2012\/03\/fillette_sourire_U.S._Pacific_Fleet_Flickr2.jpg","contentUrl":"https:\/\/www.humanium.org\/fr\/wp-content\/uploads\/2012\/03\/fillette_sourire_U.S._Pacific_Fleet_Flickr2.jpg"},{"@type":"BreadcrumbList","@id":"https:\/\/www.humanium.org\/es\/tonga\/#breadcrumb","itemListElement":[{"@type":"ListItem","position":1,"name":"Home","item":"https:\/\/www.humanium.org\/es\/"},{"@type":"ListItem","position":2,"name":"Ni\u00f1os de Tonga"}]},{"@type":"WebSite","@id":"https:\/\/www.humanium.org\/es\/#website","url":"https:\/\/www.humanium.org\/es\/","name":"Humanium","description":"\u00a1Los ni\u00f1os primero!","potentialAction":[{"@type":"SearchAction","target":{"@type":"EntryPoint","urlTemplate":"https:\/\/www.humanium.org\/es\/?s={search_term_string}"},"query-input":{"@type":"PropertyValueSpecification","valueRequired":true,"valueName":"search_term_string"}}],"inLanguage":"es"}]}},"_links":{"self":[{"href":"https:\/\/www.humanium.org\/es\/wp-json\/wp\/v2\/pages\/3832","targetHints":{"allow":["GET"]}}],"collection":[{"href":"https:\/\/www.humanium.org\/es\/wp-json\/wp\/v2\/pages"}],"about":[{"href":"https:\/\/www.humanium.org\/es\/wp-json\/wp\/v2\/types\/page"}],"author":[{"embeddable":true,"href":"https:\/\/www.humanium.org\/es\/wp-json\/wp\/v2\/users\/1"}],"replies":[{"embeddable":true,"href":"https:\/\/www.humanium.org\/es\/wp-json\/wp\/v2\/comments?post=3832"}],"version-history":[{"count":4,"href":"https:\/\/www.humanium.org\/es\/wp-json\/wp\/v2\/pages\/3832\/revisions"}],"predecessor-version":[{"id":20438,"href":"https:\/\/www.humanium.org\/es\/wp-json\/wp\/v2\/pages\/3832\/revisions\/20438"}],"wp:attachment":[{"href":"https:\/\/www.humanium.org\/es\/wp-json\/wp\/v2\/media?parent=3832"}],"curies":[{"name":"wp","href":"https:\/\/api.w.org\/{rel}","templated":true}]}}