{"id":3842,"date":"2013-08-19T11:16:45","date_gmt":"2013-08-19T11:16:45","guid":{"rendered":"http:\/\/www.humanium.org\/es\/?page_id=3842"},"modified":"2025-12-05T18:13:09","modified_gmt":"2025-12-05T18:13:09","slug":"turkmenistan","status":"publish","type":"page","link":"https:\/\/www.humanium.org\/es\/turkmenistan\/","title":{"rendered":"Ni\u00f1os de Turkmenist\u00e1n"},"content":{"rendered":"<h1>Ni\u00f1os de Turkmenist\u00e1n<\/h1>\n<h2>Descubriendo los Derechos del Ni\u00f1os de Turkmenist\u00e1n<\/h2>\n<p style=\"text-align: center;\"><img loading=\"lazy\" decoding=\"async\" class=\"alignnone size-thumbnail wp-image-18671\" title=\"Ni\u00f1a de Turkmenist\u00e1n \u00a9 Nathan Groth (flickr)\" src=\"https:\/\/www.humanium.org\/fr\/wp-content\/uploads\/2012\/02\/fillette-turkmene-\u00a9-nathan-groth-flickr-150x150.jpg\" alt=\"\" width=\"150\" height=\"150\" \/>\u00a0<img loading=\"lazy\" decoding=\"async\" class=\"alignnone size-thumbnail wp-image-18672\" title=\"Ni\u00f1o de Turkmenist\u00e1n \u00a9 Nathan Groth (flickr)\" src=\"https:\/\/www.humanium.org\/fr\/wp-content\/uploads\/2012\/02\/garcon-turkmene-\u00a9-nathan-groth-flickr-150x150.jpg\" alt=\"\" width=\"150\" height=\"150\" \/><\/p>\n<p>Turkmenist\u00e1n es uno de los pa\u00edses m\u00e1s cerrados al mundo. Tras la ca\u00edda de la antigua Uni\u00f3n Sovi\u00e9tica en 1991, se convirti\u00f3 en una dictadura muy estricta. El presidente Niazov permaneci\u00f3 a la cabeza del pa\u00eds hasta su muerte. A su llegada al poder en 1985, se otorg\u00f3 el t\u00edtulo de \u00abTurkmenbachi\u00bb (padre de los turkmenos) y se proclam\u00f3 presidente vitalicio. Instaur\u00f3 el culto de la personalidad a cuenta del Estado y restringi\u00f3 la mayor\u00eda de los derechos y libertades a sus propios ciudadanos. En lo que respecta a los ni\u00f1os, su situaci\u00f3n es bastante preocupante.<\/p>\n<h3>Principales problemas que afectan a los ni\u00f1os en Turkmenist\u00e1n<\/h3>\n<p><strong><a href=\"https:\/\/www.humanium.org\/es\/pobreza-infantil\/\">Pobreza<\/a><\/strong><\/p>\n<p><img loading=\"lazy\" decoding=\"async\" class=\"alignright wp-image-18688\" title=\"Efigie de oro del antiguo presidente turkmeno Niazov \u00a9 Nathan Groth (flickr)\" src=\"https:\/\/www.humanium.org\/fr\/wp-content\/uploads\/2012\/02\/statue-\u00a9-nathan-groth-flickr3-150x150.jpg\" alt=\"\" width=\"150\" height=\"150\" \/>En Turkmenist\u00e1n, alrededor del 50% de la poblaci\u00f3n vive todav\u00eda por debajo del <a href=\"https:\/\/www.humanium.org\/es\/pobreza-infantil\/\">umbral de pobreza<\/a>. Desde la independencia del pa\u00eds, las condiciones de vida de los turkmenos no han dejado de degradarse.<\/p>\n<p>La econom\u00eda de Turkmenist\u00e1n depende principalmente de la explotaci\u00f3n de gas natural (su reserva ocupa el quinto puesto mundial), as\u00ed como de petr\u00f3leo. A nivel agr\u00edcola, Turkmenist\u00e1n es el d\u00e9cimo productor de algod\u00f3n del mundo.<\/p>\n<p>No obstante, est\u00e1 claro que de las ganancias obtenidas no se beneficia la poblaci\u00f3n, ya que tan solo los altos cargos ostentan el monopolio.<\/p>\n<p><strong><a href=\"https:\/\/www.humanium.org\/es\/derecho-educacion\/\">Educaci\u00f3n<\/a><\/strong><\/p>\n<h4>Reorganizaci\u00f3n del sistema educativo<\/h4>\n<p>Tras la independencia de Turkmenist\u00e1n, el <a href=\"https:\/\/www.humanium.org\/es\/derecho-educacion\/\">nivel educativo<\/a> se ha deteriorado considerablemente.<\/p>\n<p>En Turkmenist\u00e1n, el acceso a la <a href=\"https:\/\/www.humanium.org\/es\/comprendre\/derecho-educacion\/\">educaci\u00f3n<\/a> es gratuito para todos los ni\u00f1os. No obstante, los ni\u00f1os que viven en pueblos m\u00e1s apartados a menudo no tienen la posibilidad de ir al colegio.<\/p>\n<p>Hoy en d\u00eda, aunque el sistema educativo turkmeno se parezca al que hab\u00eda sido instaurado por la Uni\u00f3n Sovi\u00e9tica, el gobierno ha decidido realizar cambios para que los ni\u00f1os tengan acceso a un mejor nivel educativo. Los ciclos de primaria y secundaria se est\u00e1n reestructurando seg\u00fan los modelos occidentales. El alfabeto \u00e1rabe ya no es el \u00fanico que se ense\u00f1a debido a que se ha reintroducido el alfabeto latino. Las clases se imparten en turkmeno, ruso e ingl\u00e9s.<\/p>\n<p>Gracias a estos cambios el gobierno espera que, como consecuencia, los ni\u00f1os se conviertan en trabajadores cualificados y otorguen al pa\u00eds la posibilidad de desarrollarse en el panorama internacional.<\/p>\n<h4>\u00a0Le &#8216;Rukhnama&#8217;<\/h4>\n<p><img loading=\"lazy\" decoding=\"async\" class=\"alignright wp-image-18673\" title=\"El Rukhnama, libro santo convertido en el pilar principal del sistema educativo turkmeno \u00a9 Nathan Groth (flickr)\" src=\"https:\/\/www.humanium.org\/fr\/wp-content\/uploads\/2012\/02\/ruhnama-\u00a9-nathan-groth-flickr-150x150.jpg\" alt=\"\" width=\"167\" height=\"167\" \/>Durante la reorganizaci\u00f3n del <a href=\"https:\/\/www.humanium.org\/es\/derecho-educacion\/\">sistema educativo<\/a>, el antiguo presidente Saparmourad Niazov, fallecido en 2006, impuso la lectura de su libro denominado el &#8216;Rukhnama&#8217;, que en Turkmenist\u00e1n es el \u00fanico manual escolar. El presidente lo consideraba \u00abnacido de su coraz\u00f3n por la voluntad del Todopoderoso\u00bb. El pueblo turkmeno debe seguir todos sus principios al pie de la letra. Fue incluso reconocido por los imanes turkmenos como equivalente al Cor\u00e1n, la Biblia o la Tora.<\/p>\n<p>Este libro se convirti\u00f3 en el pilar principal del <a href=\"https:\/\/www.humanium.org\/es\/derecho-educacion\/\">sistema educativo<\/a> del pa\u00eds. Tanto en el instituto como en la universidad, los estudiantes deben saber de memoria los pasajes del Rukhnama.<\/p>\n<p>El <a href=\"https:\/\/www.humanium.org\/es\/derecho-educacion\/\">sistema educativo<\/a> turkmeno ha cambiando tanto desde que se basa en el aprendizaje del Rukhnama que los expertos tienen grandes temores en lo que se refiere a la calidad de la ense\u00f1anza y el futuro de la naci\u00f3n turkmena. De hecho, el sistema actual est\u00e1 creando una generaci\u00f3n en la que los conocimientos se limitar\u00e1n a la biograf\u00eda del presidente Niazov.<\/p>\n<p><strong><a href=\"https:\/\/www.humanium.org\/es\/trabajo-infantil\/\">Trabajo infantil<\/a><\/strong><\/p>\n<p><img loading=\"lazy\" decoding=\"async\" class=\"alignright wp-image-18686\" title=\"Mercado de telas en Turkmenist\u00e1n \u00a9 Nathan Groth (flickr)\" src=\"https:\/\/www.humanium.org\/fr\/wp-content\/uploads\/2012\/02\/market-\u00a9-nathan-groth-flickr-150x150.jpg\" alt=\"\" width=\"135\" height=\"135\" \/>La ONG International Crisis Group public\u00f3 en 2005 un informe en el que denunciaba el impacto del sector algodonero en los derechos de los ni\u00f1os. Dicho informe revelaba las dr\u00e1sticas condiciones en las que trabajan los ni\u00f1os en los campos de algod\u00f3n.<\/p>\n<p>Todos los a\u00f1os, durante las cosechas (entre septiembre y diciembre), cierran los colegios de las zonas rurales. Tanto los ni\u00f1os como los estudiantes son <a href=\"https:\/\/www.humanium.org\/es\/trabajo-infantil\/\">forzados a trabajar<\/a> en los campos de algod\u00f3n sin obtener una remuneraci\u00f3n a cambio.<\/p>\n<p><strong>Ni\u00f1os de minor\u00edas \u00e9tnicas<\/strong><\/p>\n<p>En Turkmenist\u00e1n, el 85% de la poblaci\u00f3n la componen los turkmenos. El resto pertenece a  etnias minoritarias (uzbecos, kazajos, armenios, ucranianos, t\u00e1rtaros, azer\u00edes). Debido al fen\u00f3meno de la \u00abturkmenisaci\u00f3n\u00bb durante el gobierno del presidente Niazov, los derechos de las minor\u00edas se vieron reducidos.<\/p>\n<p>Con el fin de otorgar al pa\u00eds un \u00abrostro turkmeno\u00bb y de borrar los v\u00ednculos hist\u00f3ricos con la antigua Uni\u00f3n Sovi\u00e9tica, el presidente impuso el turkmeno como lengua oficial del pa\u00eds, a pesar de que la Constituci\u00f3n recoge la igualdad entre todas las lenguas de la antigua URSS.<\/p>\n<p><img loading=\"lazy\" decoding=\"async\" class=\"alignright wp-image-18680\" title=\"El deseo del antiguo presidente de desarrollar un pa\u00eds con un \u2018rostro turkmeno\u2019 no deja ning\u00fan lugar a las minor\u00edas \u00a9 A Birdie (flickr)\" src=\"https:\/\/www.humanium.org\/fr\/wp-content\/uploads\/2012\/02\/president-turkmene-\u00a9-a-birdie-flickr2-150x150.jpg\" alt=\"\" width=\"131\" height=\"131\" \/>Los ni\u00f1os de las minor\u00edas, al igual que los adultos, est\u00e1n por tanto, obligados a aprender el turkmeno y a practicarlo frente a sus lenguas maternas. Casi todos los colegios en los que las clases se impart\u00edan en la lengua de las minor\u00edas \u00e9tnicas han sido cerrados. La ense\u00f1anza de estas lenguas queda a menudo a cargo de los padres.<\/p>\n<p>Adem\u00e1s, aquellos que pertenecen a  minor\u00edas \u00e9tnicasse consideran ciudadanos de segunda categor\u00eda. Est\u00e1n excluidos socialmente y son objeto de constantes <a href=\"https:\/\/www.humanium.org\/es\/no-discriminacion\/\">discriminaciones<\/a> Al no tener acceso al mismo nivel de formaci\u00f3n que los turkmenos, sus oportunidades de entrar en la universidad son escasas y como consecuencia, se ven necesariamente excluidos del mercado laboral.<\/p>\n<p><strong><a href=\"https:\/\/www.humanium.org\/es\/no-discriminacion\/\">Derecho a la no discriminaci\u00f3n<\/a><\/strong><\/p>\n<p>En cuanto a la religi\u00f3n, el 89% de la poblaci\u00f3n turkmena es musulmana. El gobierno no reconoce las religiones minoritarias. Seg\u00fan Amnist\u00eda Internacional, muchas de las personas de etnia turkmena que han expresado creencias religiosas diferentes a las reconocidas oficialmente se han visto forzadas al exilio o trasladadas contra su voluntad a otra regi\u00f3n del pa\u00eds, e incluso han sido <a href=\"https:\/\/www.humanium.org\/es\/abuso-infantil\/\">torturadas o maltratadas<\/a> por la polic\u00eda.<\/p>\n<p align=\"left\"><strong><a href=\"https:\/\/www.humanium.org\/es\/matrimonio-infantil\/\">Matrimonios infantiles<\/a><\/strong><\/p>\n<p align=\"left\">En Turkmenist\u00e1n, los <a href=\"https:\/\/www.humanium.org\/es\/matrimonio-infantil\/\"> matrimonios concertados entre ni\u00f1os<\/a> son una pr\u00e1ctica com\u00fan que tiene como objetivo asegurar la compatibilidad entre las familias. El padre de familia recibe una dote (ya sea de dinero, camellos u ovejas). Tambi\u00e9n a veces el padre se casa con sus propias hijas por orden de edad.<\/p>\n<p align=\"left\">Tras el matrimonio, las j\u00f3venes deben identificarse por completo con su nueva familia y de ellas se espera que conciban un hijo en el a\u00f1o siguiente a su casamiento.<\/p>\n<p align=\"left\">Estos matrimonios forzados constituyen una violaci\u00f3n evidente de los derechos de los ni\u00f1os. Por una parte, porque ni siquiera tienen la edad legal para casarse, y por otra, porque esta pr\u00e1ctica les impide decidir libremente sobre su futuro.<\/p>\n<p align=\"left\">Desgraciadamente, en Turkmenist\u00e1n, como en la mayor\u00eda de otros pa\u00edses, los matrimonios concertados est\u00e1n anclados en las tradiciones y resulta dif\u00edcil escapar de ellos.<\/p>\n<p align=\"left\"><strong><a href=\"https:\/\/www.humanium.org\/es\/derecho-salud\/\">Derecho a la salud<\/a><\/strong><\/p>\n<p align=\"left\"><img loading=\"lazy\" decoding=\"async\" class=\"alignright wp-image-18681\" title=\"Los ni\u00f1os son los m\u00e1s afectados por la ineficacia del sistema de sanidad \u00a9 Knoxville Museum Of Art (flickr)\" src=\"https:\/\/www.humanium.org\/fr\/wp-content\/uploads\/2012\/02\/enfant-turkmene-\u00a9-knoxville-museum-of-art-flickr-150x150.jpg\" alt=\"\" width=\"168\" height=\"168\" \/>Aunque el <a href=\"https:\/\/www.humanium.org\/es\/derecho-salud\/\">sistema sanitario<\/a> turkmeno sea gratuito para todos los ciudadanos, no es eficaz en la pr\u00e1ctica.<\/p>\n<p align=\"left\">Los ni\u00f1os se encuentran entre los m\u00e1s afectados por la ineficacia de los <a href=\"https:\/\/www.humanium.org\/es\/derecho-salud\/\">servicios de sanidad<\/a>. La elevada tasa de <a href=\"https:\/\/www.humanium.org\/es\/mortalidad-infantil\/\">mortalidad infantil<\/a> (45\u2030) se debe principalmente a la malnutrici\u00f3n, al p\u00e9simo sistema de sanidad, a la <a href=\"https:\/\/www.humanium.org\/es\/abuso-infantil\/\"> violencia familiar<\/a> y a la falta de higiene.<\/p>\n<p align=\"left\">Los m\u00e9dicos no est\u00e1n cualificados y no disponen de equipamiento adecuado. Tampoco cuentan con medicinas b\u00e1sicas. Las infraestructuras sanitarias son deficientes y demuestran la ineficacia de los <a href=\"https:\/\/www.humanium.org\/es\/derecho-salud\/\">servicios de salud<\/a>. Adem\u00e1s, las personas que viven en el medio rural no tienen <a href=\"https:\/\/www.humanium.org\/es\/derecho-salud\/\">acceso a la sanidad<\/a>.<\/p>\n<p align=\"left\">Debido a la mala calidad de los servicios de sanidad, muchos turkmenos han decidido volver a la medicina tradicional con tratamientos a base de hierbas, oraciones, etc.<\/p>\n<p align=\"left\"><strong><a href=\"https:\/\/www.humanium.org\/es\/prostitucion-infantil\/\">Prostituci\u00f3n infantil<\/a><\/strong><\/p>\n<p align=\"left\">Turkmenist\u00e1n se enfrenta a un creciente n\u00famero de j\u00f3venes que <a href=\"https:\/\/www.humanium.org\/es\/prostitucion-infantil\/\">se prostituyen<\/a> para cubrir sus necesidades. Tanto en la calle como en las zonas productoras de algod\u00f3n, es com\u00fan ver a escolares vender sus servicios a hombres.<\/p>\n<p align=\"left\">Algunos padres van incluso a abrir casas de citas en sus viviendas para ofrecer los servicios de sus propias hijas.<\/p>\n<table id=\"AutoNumber3\" border=\"0\" width=\"137\" cellspacing=\"3\" cellpadding=\"3\"><\/table>\n","protected":false},"excerpt":{"rendered":"<p>Ni\u00f1os de Turkmenist\u00e1n Descubriendo los Derechos del Ni\u00f1os de Turkmenist\u00e1n \u00a0 Turkmenist\u00e1n es uno de los pa\u00edses m\u00e1s cerrados al mundo. Tras la ca\u00edda de la antigua Uni\u00f3n Sovi\u00e9tica en 1991, se convirti\u00f3 en una dictadura muy estricta. El presidente Niazov permaneci\u00f3 a la cabeza del pa\u00eds hasta su muerte. A su llegada al poder [&hellip;]<\/p>\n","protected":false},"author":1,"featured_media":0,"parent":0,"menu_order":0,"comment_status":"closed","ping_status":"open","template":"","meta":{"footnotes":""},"class_list":["post-3842","page","type-page","status-publish","hentry"],"yoast_head":"<!-- This site is optimized with the Yoast SEO plugin v26.5 - https:\/\/yoast.com\/wordpress\/plugins\/seo\/ -->\n<title>Ni\u00f1os de Turkmenist\u00e1n - Humanium<\/title>\n<meta name=\"description\" content=\"En Turkmenist\u00e1n, la situaci\u00f3n de los ni\u00f1os es bastante preocupante. Se tiene que hacer grandes esfuerzos para que sus derechos sean respetados.\" \/>\n<meta name=\"robots\" content=\"index, follow, max-snippet:-1, max-image-preview:large, max-video-preview:-1\" \/>\n<link rel=\"canonical\" href=\"https:\/\/www.humanium.org\/es\/turkmenistan\/\" \/>\n<meta property=\"og:locale\" content=\"es_ES\" \/>\n<meta property=\"og:type\" content=\"article\" \/>\n<meta property=\"og:title\" content=\"Ni\u00f1os de Turkmenist\u00e1n - Humanium\" \/>\n<meta property=\"og:description\" content=\"En Turkmenist\u00e1n, la situaci\u00f3n de los ni\u00f1os es bastante preocupante. Se tiene que hacer grandes esfuerzos para que sus derechos sean respetados.\" \/>\n<meta property=\"og:url\" content=\"https:\/\/www.humanium.org\/es\/turkmenistan\/\" \/>\n<meta property=\"og:site_name\" content=\"Humanium\" \/>\n<meta property=\"article:modified_time\" content=\"2025-12-05T18:13:09+00:00\" \/>\n<meta name=\"twitter:card\" content=\"summary_large_image\" \/>\n<meta name=\"twitter:label1\" content=\"Tiempo de lectura\" \/>\n\t<meta name=\"twitter:data1\" content=\"8 minutos\" \/>\n<script type=\"application\/ld+json\" class=\"yoast-schema-graph\">{\"@context\":\"https:\/\/schema.org\",\"@graph\":[{\"@type\":\"WebPage\",\"@id\":\"https:\/\/www.humanium.org\/es\/turkmenistan\/\",\"url\":\"https:\/\/www.humanium.org\/es\/turkmenistan\/\",\"name\":\"Ni\u00f1os de Turkmenist\u00e1n - Humanium\",\"isPartOf\":{\"@id\":\"https:\/\/www.humanium.org\/es\/#website\"},\"datePublished\":\"2013-08-19T11:16:45+00:00\",\"dateModified\":\"2025-12-05T18:13:09+00:00\",\"description\":\"En Turkmenist\u00e1n, la situaci\u00f3n de los ni\u00f1os es bastante preocupante. Se tiene que hacer grandes esfuerzos para que sus derechos sean respetados.\",\"breadcrumb\":{\"@id\":\"https:\/\/www.humanium.org\/es\/turkmenistan\/#breadcrumb\"},\"inLanguage\":\"es\",\"potentialAction\":[{\"@type\":\"ReadAction\",\"target\":[\"https:\/\/www.humanium.org\/es\/turkmenistan\/\"]}]},{\"@type\":\"BreadcrumbList\",\"@id\":\"https:\/\/www.humanium.org\/es\/turkmenistan\/#breadcrumb\",\"itemListElement\":[{\"@type\":\"ListItem\",\"position\":1,\"name\":\"Home\",\"item\":\"https:\/\/www.humanium.org\/es\/\"},{\"@type\":\"ListItem\",\"position\":2,\"name\":\"Ni\u00f1os de Turkmenist\u00e1n\"}]},{\"@type\":\"WebSite\",\"@id\":\"https:\/\/www.humanium.org\/es\/#website\",\"url\":\"https:\/\/www.humanium.org\/es\/\",\"name\":\"Humanium\",\"description\":\"\u00a1Los ni\u00f1os primero!\",\"potentialAction\":[{\"@type\":\"SearchAction\",\"target\":{\"@type\":\"EntryPoint\",\"urlTemplate\":\"https:\/\/www.humanium.org\/es\/?s={search_term_string}\"},\"query-input\":{\"@type\":\"PropertyValueSpecification\",\"valueRequired\":true,\"valueName\":\"search_term_string\"}}],\"inLanguage\":\"es\"}]}<\/script>\n<!-- \/ Yoast SEO plugin. -->","yoast_head_json":{"title":"Ni\u00f1os de Turkmenist\u00e1n - Humanium","description":"En Turkmenist\u00e1n, la situaci\u00f3n de los ni\u00f1os es bastante preocupante. Se tiene que hacer grandes esfuerzos para que sus derechos sean respetados.","robots":{"index":"index","follow":"follow","max-snippet":"max-snippet:-1","max-image-preview":"max-image-preview:large","max-video-preview":"max-video-preview:-1"},"canonical":"https:\/\/www.humanium.org\/es\/turkmenistan\/","og_locale":"es_ES","og_type":"article","og_title":"Ni\u00f1os de Turkmenist\u00e1n - Humanium","og_description":"En Turkmenist\u00e1n, la situaci\u00f3n de los ni\u00f1os es bastante preocupante. Se tiene que hacer grandes esfuerzos para que sus derechos sean respetados.","og_url":"https:\/\/www.humanium.org\/es\/turkmenistan\/","og_site_name":"Humanium","article_modified_time":"2025-12-05T18:13:09+00:00","twitter_card":"summary_large_image","twitter_misc":{"Tiempo de lectura":"8 minutos"},"schema":{"@context":"https:\/\/schema.org","@graph":[{"@type":"WebPage","@id":"https:\/\/www.humanium.org\/es\/turkmenistan\/","url":"https:\/\/www.humanium.org\/es\/turkmenistan\/","name":"Ni\u00f1os de Turkmenist\u00e1n - Humanium","isPartOf":{"@id":"https:\/\/www.humanium.org\/es\/#website"},"datePublished":"2013-08-19T11:16:45+00:00","dateModified":"2025-12-05T18:13:09+00:00","description":"En Turkmenist\u00e1n, la situaci\u00f3n de los ni\u00f1os es bastante preocupante. Se tiene que hacer grandes esfuerzos para que sus derechos sean respetados.","breadcrumb":{"@id":"https:\/\/www.humanium.org\/es\/turkmenistan\/#breadcrumb"},"inLanguage":"es","potentialAction":[{"@type":"ReadAction","target":["https:\/\/www.humanium.org\/es\/turkmenistan\/"]}]},{"@type":"BreadcrumbList","@id":"https:\/\/www.humanium.org\/es\/turkmenistan\/#breadcrumb","itemListElement":[{"@type":"ListItem","position":1,"name":"Home","item":"https:\/\/www.humanium.org\/es\/"},{"@type":"ListItem","position":2,"name":"Ni\u00f1os de Turkmenist\u00e1n"}]},{"@type":"WebSite","@id":"https:\/\/www.humanium.org\/es\/#website","url":"https:\/\/www.humanium.org\/es\/","name":"Humanium","description":"\u00a1Los ni\u00f1os primero!","potentialAction":[{"@type":"SearchAction","target":{"@type":"EntryPoint","urlTemplate":"https:\/\/www.humanium.org\/es\/?s={search_term_string}"},"query-input":{"@type":"PropertyValueSpecification","valueRequired":true,"valueName":"search_term_string"}}],"inLanguage":"es"}]}},"_links":{"self":[{"href":"https:\/\/www.humanium.org\/es\/wp-json\/wp\/v2\/pages\/3842","targetHints":{"allow":["GET"]}}],"collection":[{"href":"https:\/\/www.humanium.org\/es\/wp-json\/wp\/v2\/pages"}],"about":[{"href":"https:\/\/www.humanium.org\/es\/wp-json\/wp\/v2\/types\/page"}],"author":[{"embeddable":true,"href":"https:\/\/www.humanium.org\/es\/wp-json\/wp\/v2\/users\/1"}],"replies":[{"embeddable":true,"href":"https:\/\/www.humanium.org\/es\/wp-json\/wp\/v2\/comments?post=3842"}],"version-history":[{"count":5,"href":"https:\/\/www.humanium.org\/es\/wp-json\/wp\/v2\/pages\/3842\/revisions"}],"predecessor-version":[{"id":20722,"href":"https:\/\/www.humanium.org\/es\/wp-json\/wp\/v2\/pages\/3842\/revisions\/20722"}],"wp:attachment":[{"href":"https:\/\/www.humanium.org\/es\/wp-json\/wp\/v2\/media?parent=3842"}],"curies":[{"name":"wp","href":"https:\/\/api.w.org\/{rel}","templated":true}]}}