{"id":39,"date":"2012-10-26T16:18:19","date_gmt":"2012-10-26T16:18:19","guid":{"rendered":"http:\/\/www.humanium.org\/es\/?page_id=39"},"modified":"2017-10-04T08:00:44","modified_gmt":"2017-10-04T08:00:44","slug":"referecias-estandares","status":"publish","type":"page","link":"https:\/\/www.humanium.org\/es\/referecias-estandares\/","title":{"rendered":"Referencias est\u00e1ndares"},"content":{"rendered":"<h1>Referencias est\u00e1ndares sobre los Derechos del Ni\u00f1o<\/h1>\n<ul>\n<ul>\n<li><strong><span style=\"color: #003366;\">1924 <\/span><\/strong><a title=\"Declaraci\u00f3n de Ginebra - 1924\" href=\"https:\/\/www.humanium.org\/es\/ginebra-1924\/\"><strong>Declaraci\u00f3n de Ginebra sobre los Derechos del Ni\u00f1o<\/strong><\/a><\/li>\n<\/ul>\n<\/ul>\n<h5>\u00abLa humanidad debe al ni\u00f1o lo mejor que pueda darle\u00bb. La Organizaci\u00f3n de las Naciones Unidas reconoce por primera vez los derechos espec\u00edficos de los ni\u00f1os.<\/h5>\n<ul>\n<ul>\n<li><strong><span style=\"color: #003366;\">1948 <\/span><\/strong><a title=\"Declaraci\u00f3n Universal de los Derechos Humanos - 1948\" href=\"https:\/\/www.humanium.org\/es\/derechos-humanos-1948\/\"><strong>Declaraci\u00f3n Universal de los Derechos Humanos<\/strong><\/a><\/li>\n<\/ul>\n<\/ul>\n<h5>\u00abTodos los seres humanos nacen libres e iguales en dignidad y derechos\u00bb. Los ni\u00f1os tienen derecho a \u00abatenci\u00f3n y asistencia especiales\u00bb.<\/h5>\n<ul>\n<ul>\n<li><strong><span style=\"color: #003366;\">1959 <\/span><\/strong><a title=\"Declaraci\u00f3n de los Derechos del Ni\u00f1o - 1959\" href=\"https:\/\/www.humanium.org\/es\/declaracion-1959\/\"><strong>Declaraci\u00f3n de los Derechos del Ni\u00f1o<\/strong><\/a><\/li>\n<\/ul>\n<\/ul>\n<h5>Por primera vez, pa\u00edses de diferentes culturas reconocen los principios universales y las necesidades de los Derechos del Ni\u00f1o.<\/h5>\n<ul>\n<ul>\n<li><strong><span style=\"color: #003366;\">1966<\/span> <\/strong><a title=\"Pactos1966\" href=\" https:\/\/www.humanium.org\/es\/pacto-1966\/\"><strong>Tratados internacionales<\/strong><\/a><\/li>\n<\/ul>\n<\/ul>\n<h5>Protecci\u00f3n contra la explotaci\u00f3n y derecho a la educaci\u00f3n para los ni\u00f1os<\/h5>\n<ul>\n<ul>\n<li><strong><span style=\"color: #003366;\">1973 <\/span><\/strong><a title=\"Convencion 138 1973\" href=\"https:\/\/www.humanium.org\/es\/convencion138-1973\/\"><strong>Convenio 138 de la OIT sobre la Edad M\u00ednima de Admisi\u00f3n al Empleo<\/strong><\/a><\/li>\n<\/ul>\n<\/ul>\n<h5>La Organizaci\u00f3n Internacional del Trabajo fija la edad m\u00ednima de 18 a\u00f1os para trabajar, si la salud y la seguridad pueden verse comprometidas.<\/h5>\n<ul>\n<ul>\n<li><strong><span style=\"color: #003366;\">1989 <\/span><\/strong><a title=\"Convenci\u00f3n Internacional sobre los Derechos del Ni\u00f1o 1989\" href=\"https:\/\/www.humanium.org\/es\/convencion\/\"><strong>Convenci\u00f3n Internacional sobre los Derechos del Ni\u00f1o<\/strong><\/a><strong><\/strong><\/li>\n<\/ul>\n<\/ul>\n<h5>Un documento categ\u00f3rico que comprende los derechos civiles, pol\u00edticos, sociales, econ\u00f3micos y culturales del ni\u00f1o, adoptado por todos los Estados. Este texto es la referencia sobre el tema de los derechos del Ni\u00f1o.<\/h5>\n<ul>\n<ul>\n<li><strong><span style=\"color: #003366;\">1999 <\/span><\/strong><a title=\"Convenci\u00f3n 182\" href=\"https:\/\/www.humanium.org\/es\/convenio-182-peores-formas-trabajo-infantil-1999\/\"><strong>Convenio 182 <\/strong><strong> de la OIT <\/strong><strong>sobre las peores formas de trabajo infantil<\/strong><\/a><\/li>\n<\/ul>\n<\/ul>\n<h5>Se proh\u00edbe y se act\u00faa en contra de las peores formas de trabajo infantil.<\/h5>\n<ul>\n<ul>\n<li><strong><span style=\"color: #003366;\">2000 <\/span><\/strong><a title=\"Protocolo facultativo sobre los Derechos de los Ni\u00f1os en Conflictos Armados\" href=\"https:\/\/www.humanium.org\/es\/facultativo-conflictos-armados-2000\/\"><strong>Protocolo facultativo de la convenci\u00f3n sobre los Derechos del Ni\u00f1o relativo a la participaci\u00f3n de\u00a0ni\u00f1os en los conflictos armados<\/strong><\/a><\/li>\n<\/ul>\n<\/ul>\n<h5>Protecci\u00f3n de la infancia de la guerra y la violencia armada<\/h5>\n<ul>\n<ul>\n<li><strong><span style=\"color: #003366;\">2000 <\/span><\/strong><a title=\"Protocolo facultativo sobre la venta, la prostituci\u00f3n y la pornograf\u00eda infantil\" href=\"https:\/\/www.humanium.org\/es\/facultativo-venta-prostitucion-pornografia\/\"><strong>Protocolo facultativo sobre la venta de ni\u00f1os, la prostituci\u00f3n infantil y la utilizaci\u00f3n de ni\u00f1os en\u00a0la pornograf\u00eda<\/strong><\/a><\/li>\n<\/ul>\n<\/ul>\n<h5 style=\"text-align: justify;\">Una protecci\u00f3n espec\u00edfica contra la explotaci\u00f3n sexual<\/h5>\n<ul>\n<ul>\n<li><strong>2011 <a title=\"Protocolo Comunicaciones\" href=\"https:\/\/www.humanium.org\/es\/protocolo-comunicaciones\/\">Protocolo Facultativo sobre el procedimiento de denuncias ante el Comit\u00e9 de los Derechos del Ni\u00f1o<\/a><br \/>\n<a title=\"Protocolo Comunicaciones\" href=\"https:\/\/www.humanium.org\/es\/protocolo-comunicaciones\/\"><\/a><\/strong><\/li>\n<\/ul>\n<\/ul>\n<h5>Un procedimiento espec\u00edfico que permite a los ni\u00f1os o a sus representantes presentar una denuncia.<\/h5>\n<ul>\n<ul>\n<table>\n<tbody style=\"background: #f9f9f9;\">\n<tr>\n<td>\n<div style=\"float: left; width: 65%;\">Traducido por: Oscaradri\u00e1n Arango<br \/>\nCorregido por: Sof\u00eda Edward<\/div>\n<\/td>\n<\/tr>\n<\/tbody>\n<\/table>\n","protected":false},"excerpt":{"rendered":"<p>Referencias est\u00e1ndares sobre los Derechos del Ni\u00f1o 1924 Declaraci\u00f3n de Ginebra sobre los Derechos del Ni\u00f1o \u00abLa humanidad debe al ni\u00f1o lo mejor que pueda darle\u00bb. La Organizaci\u00f3n de las Naciones Unidas reconoce por primera vez los derechos espec\u00edficos de los ni\u00f1os. 1948 Declaraci\u00f3n Universal de los Derechos Humanos \u00abTodos los seres humanos nacen libres [&hellip;]<\/p>\n","protected":false},"author":1,"featured_media":0,"parent":0,"menu_order":0,"comment_status":"closed","ping_status":"closed","template":"","meta":{"footnotes":""},"class_list":["post-39","page","type-page","status-publish","hentry"],"yoast_head":"<!-- This site is optimized with the Yoast SEO plugin v26.5 - https:\/\/yoast.com\/wordpress\/plugins\/seo\/ -->\n<title>Referencias est\u00e1ndares - Humanium<\/title>\n<meta name=\"robots\" content=\"index, follow, max-snippet:-1, max-image-preview:large, max-video-preview:-1\" \/>\n<link rel=\"canonical\" href=\"https:\/\/www.humanium.org\/es\/referecias-estandares\/\" \/>\n<meta property=\"og:locale\" content=\"es_ES\" \/>\n<meta property=\"og:type\" content=\"article\" \/>\n<meta property=\"og:title\" content=\"Referencias est\u00e1ndares - Humanium\" \/>\n<meta property=\"og:description\" content=\"Referencias est\u00e1ndares sobre los Derechos del Ni\u00f1o 1924 Declaraci\u00f3n de Ginebra sobre los Derechos del Ni\u00f1o \u00abLa humanidad debe al ni\u00f1o lo mejor que pueda darle\u00bb. La Organizaci\u00f3n de las Naciones Unidas reconoce por primera vez los derechos espec\u00edficos de los ni\u00f1os. 1948 Declaraci\u00f3n Universal de los Derechos Humanos \u00abTodos los seres humanos nacen libres [&hellip;]\" \/>\n<meta property=\"og:url\" content=\"https:\/\/www.humanium.org\/es\/referecias-estandares\/\" \/>\n<meta property=\"og:site_name\" content=\"Humanium\" \/>\n<meta property=\"article:modified_time\" content=\"2017-10-04T08:00:44+00:00\" \/>\n<meta name=\"twitter:card\" content=\"summary_large_image\" \/>\n<meta name=\"twitter:label1\" content=\"Tiempo de lectura\" \/>\n\t<meta name=\"twitter:data1\" content=\"2 minutos\" \/>\n<script type=\"application\/ld+json\" class=\"yoast-schema-graph\">{\"@context\":\"https:\/\/schema.org\",\"@graph\":[{\"@type\":\"WebPage\",\"@id\":\"https:\/\/www.humanium.org\/es\/referecias-estandares\/\",\"url\":\"https:\/\/www.humanium.org\/es\/referecias-estandares\/\",\"name\":\"Referencias est\u00e1ndares - Humanium\",\"isPartOf\":{\"@id\":\"https:\/\/www.humanium.org\/es\/#website\"},\"datePublished\":\"2012-10-26T16:18:19+00:00\",\"dateModified\":\"2017-10-04T08:00:44+00:00\",\"breadcrumb\":{\"@id\":\"https:\/\/www.humanium.org\/es\/referecias-estandares\/#breadcrumb\"},\"inLanguage\":\"es\",\"potentialAction\":[{\"@type\":\"ReadAction\",\"target\":[\"https:\/\/www.humanium.org\/es\/referecias-estandares\/\"]}]},{\"@type\":\"BreadcrumbList\",\"@id\":\"https:\/\/www.humanium.org\/es\/referecias-estandares\/#breadcrumb\",\"itemListElement\":[{\"@type\":\"ListItem\",\"position\":1,\"name\":\"Home\",\"item\":\"https:\/\/www.humanium.org\/es\/\"},{\"@type\":\"ListItem\",\"position\":2,\"name\":\"Referencias est\u00e1ndares\"}]},{\"@type\":\"WebSite\",\"@id\":\"https:\/\/www.humanium.org\/es\/#website\",\"url\":\"https:\/\/www.humanium.org\/es\/\",\"name\":\"Humanium\",\"description\":\"\u00a1Los ni\u00f1os primero!\",\"potentialAction\":[{\"@type\":\"SearchAction\",\"target\":{\"@type\":\"EntryPoint\",\"urlTemplate\":\"https:\/\/www.humanium.org\/es\/?s={search_term_string}\"},\"query-input\":{\"@type\":\"PropertyValueSpecification\",\"valueRequired\":true,\"valueName\":\"search_term_string\"}}],\"inLanguage\":\"es\"}]}<\/script>\n<!-- \/ Yoast SEO plugin. -->","yoast_head_json":{"title":"Referencias est\u00e1ndares - Humanium","robots":{"index":"index","follow":"follow","max-snippet":"max-snippet:-1","max-image-preview":"max-image-preview:large","max-video-preview":"max-video-preview:-1"},"canonical":"https:\/\/www.humanium.org\/es\/referecias-estandares\/","og_locale":"es_ES","og_type":"article","og_title":"Referencias est\u00e1ndares - Humanium","og_description":"Referencias est\u00e1ndares sobre los Derechos del Ni\u00f1o 1924 Declaraci\u00f3n de Ginebra sobre los Derechos del Ni\u00f1o \u00abLa humanidad debe al ni\u00f1o lo mejor que pueda darle\u00bb. La Organizaci\u00f3n de las Naciones Unidas reconoce por primera vez los derechos espec\u00edficos de los ni\u00f1os. 1948 Declaraci\u00f3n Universal de los Derechos Humanos \u00abTodos los seres humanos nacen libres [&hellip;]","og_url":"https:\/\/www.humanium.org\/es\/referecias-estandares\/","og_site_name":"Humanium","article_modified_time":"2017-10-04T08:00:44+00:00","twitter_card":"summary_large_image","twitter_misc":{"Tiempo de lectura":"2 minutos"},"schema":{"@context":"https:\/\/schema.org","@graph":[{"@type":"WebPage","@id":"https:\/\/www.humanium.org\/es\/referecias-estandares\/","url":"https:\/\/www.humanium.org\/es\/referecias-estandares\/","name":"Referencias est\u00e1ndares - Humanium","isPartOf":{"@id":"https:\/\/www.humanium.org\/es\/#website"},"datePublished":"2012-10-26T16:18:19+00:00","dateModified":"2017-10-04T08:00:44+00:00","breadcrumb":{"@id":"https:\/\/www.humanium.org\/es\/referecias-estandares\/#breadcrumb"},"inLanguage":"es","potentialAction":[{"@type":"ReadAction","target":["https:\/\/www.humanium.org\/es\/referecias-estandares\/"]}]},{"@type":"BreadcrumbList","@id":"https:\/\/www.humanium.org\/es\/referecias-estandares\/#breadcrumb","itemListElement":[{"@type":"ListItem","position":1,"name":"Home","item":"https:\/\/www.humanium.org\/es\/"},{"@type":"ListItem","position":2,"name":"Referencias est\u00e1ndares"}]},{"@type":"WebSite","@id":"https:\/\/www.humanium.org\/es\/#website","url":"https:\/\/www.humanium.org\/es\/","name":"Humanium","description":"\u00a1Los ni\u00f1os primero!","potentialAction":[{"@type":"SearchAction","target":{"@type":"EntryPoint","urlTemplate":"https:\/\/www.humanium.org\/es\/?s={search_term_string}"},"query-input":{"@type":"PropertyValueSpecification","valueRequired":true,"valueName":"search_term_string"}}],"inLanguage":"es"}]}},"_links":{"self":[{"href":"https:\/\/www.humanium.org\/es\/wp-json\/wp\/v2\/pages\/39","targetHints":{"allow":["GET"]}}],"collection":[{"href":"https:\/\/www.humanium.org\/es\/wp-json\/wp\/v2\/pages"}],"about":[{"href":"https:\/\/www.humanium.org\/es\/wp-json\/wp\/v2\/types\/page"}],"author":[{"embeddable":true,"href":"https:\/\/www.humanium.org\/es\/wp-json\/wp\/v2\/users\/1"}],"replies":[{"embeddable":true,"href":"https:\/\/www.humanium.org\/es\/wp-json\/wp\/v2\/comments?post=39"}],"version-history":[{"count":5,"href":"https:\/\/www.humanium.org\/es\/wp-json\/wp\/v2\/pages\/39\/revisions"}],"predecessor-version":[{"id":11575,"href":"https:\/\/www.humanium.org\/es\/wp-json\/wp\/v2\/pages\/39\/revisions\/11575"}],"wp:attachment":[{"href":"https:\/\/www.humanium.org\/es\/wp-json\/wp\/v2\/media?parent=39"}],"curies":[{"name":"wp","href":"https:\/\/api.w.org\/{rel}","templated":true}]}}