{"id":3921,"date":"2013-08-20T09:34:14","date_gmt":"2013-08-20T09:34:14","guid":{"rendered":"http:\/\/www.humanium.org\/es\/?page_id=3921"},"modified":"2025-12-05T17:50:08","modified_gmt":"2025-12-05T17:50:08","slug":"palau","status":"publish","type":"page","link":"https:\/\/www.humanium.org\/es\/palau\/","title":{"rendered":"Ni\u00f1os de Palau"},"content":{"rendered":"<h1>Ni\u00f1os de Palau<\/h1>\n<h2>Descubriendo los Derechos del Ni\u00f1o en Palau<\/h2>\n<p style=\"text-align: center;\"><img loading=\"lazy\" decoding=\"async\" class=\"alignnone size-full wp-image-28094\" title=\"Adolescentes de Palau \u00a9 #PACOM (Flickr.com)\" src=\"https:\/\/www.humanium.org\/fr\/wp-content\/uploads\/2013\/04\/PACOM-Flickr.com_.jpg\" alt=\"\" width=\"200\" height=\"200\" \/>\u00a0\u00a0<img loading=\"lazy\" decoding=\"async\" class=\"alignnone size-full wp-image-28095\" title=\"Ni\u00f1o de Palaos \u00a9 PacificKlaus (Flickr.com)\" src=\"https:\/\/www.humanium.org\/fr\/wp-content\/uploads\/2013\/04\/PacificKlaus-Flickr.com_.jpg\" alt=\"\" width=\"200\" height=\"200\" \/><\/p>\n<p>La Republica de Palau es un archipi\u00e9lago ubicado en Ocean\u00eda, cerca de Filipinas e Indonesia. Se distingue por tener una de las mejores calidades de vida en la regi\u00f3n de la Micronesia.<br \/>\nAunque han logrado exitosamente mejorar la calidad de la educaci\u00f3n, de los servicios de atenci\u00f3n m\u00e9dica, as\u00ed como la parte administrativa de su <a href=\"https:\/\/www.humanium.org\/es\/que-es-justicia\/\">sistema de justicia para menores<\/a>, pero a pesar de ello todav\u00eda queda trabajo por hacer para asegurar el bienestar de los ni\u00f1os.<\/p>\n<h3>Principales problemas que afectan a los ni\u00f1os en Palau :<\/h3>\n<p><a href=\"https:\/\/www.humanium.org\/es\/derecho-educacion\/\"><strong> Derecho a la Educaci\u00f3n<\/strong><\/a><\/p>\n<p>El derecho a la Educaci\u00f3n viene recogido en la Constituci\u00f3n de Palau. Desde que el sistema educativo est\u00e1 inspirado en el sistema educativo americano, el plan de estudios consiste: pre-primaria (preescolar, jard\u00edn de infancia, a continuaci\u00f3n, de 1\u00ba a 8\u00ba), instituto (de 9\u00ba a 12\u00ba) y finalmente, la escuela post-secundaria. La escuela es obligatoria para los ni\u00f1os entre 6 y 17 a\u00f1os. Por ello, el 88% de los ni\u00f1os van a la escuela pre-primaria y el 98% asiste al instituto.<\/p>\n<p><a href=\"https:\/\/www.humanium.org\/es\/derecho-salud\/\"><strong>Derecho a la salud<\/strong><\/a><\/p>\n<p>El aumento de la calidad de vida en Palau ha permitido al pa\u00eds proporcionar importantes servicios de salud, aumentar la esperanza de vida y reducir la tasa de mortalidad a un 12,1%. Aunque esta tasa de mortalidad se ha reducido pero sigue siendo m\u00e1s alta en los pa\u00edses industrializados.<\/p>\n<p>Todos los ni\u00f1os tienen acceso a la atenci\u00f3n b\u00e1sica de salud.<br \/>\nLa obesidad es un problema para el 24% de los ni\u00f1os. Los malos h\u00e1bitos alimenticios, la no concienciaci\u00f3n de una dieta as\u00ed como la falta de deporte son las principales causas de esta enfermedad. Apena el 10% de los ni\u00f1os come frutas o verduras.<\/p>\n<p><strong>Tabaco, alcohol y drogas<\/strong><\/p>\n<p>A pesar de los esfuerzos educativos y de la protectora legislaci\u00f3n para los ni\u00f1os, los adolescentes tienen que lidiar con la adicci\u00f3n al tabaco as\u00ed como con la del alcoholismo. El 35% de ellos regularmente consumen marihuana y casi el 70% de los ni\u00f1os de Palau normalmente mastica una droga llamada nuez de betel. De hecho, la ingesta de este f\u00e1rmaco es altamente cancer\u00edgeno se ha convertido en una pr\u00e1ctica cultural desde la d\u00e9cada de los 70, habiendo sus miembros formado una comunidad.<br \/>\nEs dif\u00edcil entender los problemas que causan estas dependencias siendo alguna de las causas, la falta de comunicaci\u00f3n dentro de las familias, as\u00ed como la ausencia de los padres de menores vulnerables.<\/p>\n<p><a href=\"https:\/\/www.humanium.org\/es\/ninos-discapacitados\/\"><strong>Ni\u00f1os y Discapacidades<\/strong><\/a><\/p>\n<p>Los ni\u00f1os con discapacidad representan menos del 7% de todos los ni\u00f1os del archipi\u00e9lago. Desde el nacimiento hasta los 21 a\u00f1os, estos ni\u00f1os tienen acceso a la atenci\u00f3n sanitaria, educaci\u00f3n y servicios sociales, como los dem\u00e1s ni\u00f1os.<br \/>\nSin embargo, una vez que llegan a los 21 a\u00f1os, no hay muchos sistemas asistenciales para ayudarles a adaptarse o crear un puente para la transici\u00f3n a la vida adulta.<\/p>\n<p><a href=\"https:\/\/www.humanium.org\/es\/abuso-infantil\/\"><strong>Abuso infantil<\/strong><\/a><\/p>\n<p>El <a href=\"https:\/\/www.humanium.org\/es\/abuso-infantil\/\">abuso infantil<\/a> o la negligencia afectan al 1% de los ni\u00f1os en Palau.<br \/>\nNo hay sistemas sociales para ayudar a los ni\u00f1os maltratados. Normalmente, estos ni\u00f1os son enviados con su t\u00edo materno, porque seg\u00fan la tradici\u00f3n, el es qui\u00e9n <a href=\"https:\/\/www.humanium.org\/es\/derecho-proteccion\/\">protege al ni\u00f1o<\/a> cuando est\u00e1 en peligro.<\/p>\n<p><strong>Adopci\u00f3n<\/strong><\/p>\n<p>Los ni\u00f1os extranjeros adoptados por ciudadanos de Palau no tienen acceso a los mismos derechos que los hijos nacidos de ciudadanos de Palau. Las principales dificultades que aparecer\u00e1n una vez se convierten en adultos, es que no pueden adquirir la ciudadan\u00eda de Palau, su propia propiedad, o heredar.<\/p>\n<p><strong><a href=\"https:\/\/www.humanium.org\/es\/que-es-justicia\/\">Menores en el Sistema Judicial<\/a><\/strong><\/p>\n<p>Solo el 50% de los ni\u00f1os en Palau vive con ambos padres, mientras que el 39% de ellos vive solo con uno de ellos. Otros miembros de la familia a menudo cr\u00edan a los ni\u00f1os. Esto conduce a problemas de disciplina acad\u00e9mica, y a veces a la delincuencia. En ese caso, no se escatiman esfuerzos para resolver los conflictos del ni\u00f1o con la ley fuera de los tribunales. La mayor\u00eda de los casos se manejan entre la familia, los amigos y los agentes de polic\u00eda.<\/p>\n<p>Para las transgresiones menos graves y no penales, el Ministerio de Justicia presenta una alternativa con tres pasos a seguir: el perd\u00f3n, la restituci\u00f3n y el servicio comunitario. A menudo al ni\u00f1o que ha cometido la infracci\u00f3n y a la v\u00edctima se les da la oportunidad de conocerse.<\/p>\n<p>Si ambas partes est\u00e1n de acuerdo, el ni\u00f1o asume su responsabilidad y la v\u00edctima le explica las consecuencias de sus acciones y se le da la posibilidad de aceptar su responsabilidad. A continuaci\u00f3n, deciden sobre el m\u00e9todo de reparaci\u00f3n, ya sea la restituci\u00f3n (si es necesario) o servicio comunitario.<\/p>\n","protected":false},"excerpt":{"rendered":"<p>Ni\u00f1os de Palau Descubriendo los Derechos del Ni\u00f1o en Palau \u00a0\u00a0 La Republica de Palau es un archipi\u00e9lago ubicado en Ocean\u00eda, cerca de Filipinas e Indonesia. Se distingue por tener una de las mejores calidades de vida en la regi\u00f3n de la Micronesia. Aunque han logrado exitosamente mejorar la calidad de la educaci\u00f3n, de los [&hellip;]<\/p>\n","protected":false},"author":1,"featured_media":0,"parent":0,"menu_order":0,"comment_status":"closed","ping_status":"open","template":"","meta":{"footnotes":""},"class_list":["post-3921","page","type-page","status-publish","hentry"],"yoast_head":"<!-- This site is optimized with the Yoast SEO plugin v26.5 - https:\/\/yoast.com\/wordpress\/plugins\/seo\/ -->\n<title>Ni\u00f1os de Palau - Humanium<\/title>\n<meta name=\"description\" content=\"A pesar de los esfuerzos realizados en La Republica de Palau para mejorar los derechos de los ni\u00f1os a\u00fan queda trabajo por hacer para asegurar su bienestar.\" \/>\n<meta name=\"robots\" content=\"index, follow, max-snippet:-1, max-image-preview:large, max-video-preview:-1\" \/>\n<link rel=\"canonical\" href=\"https:\/\/www.humanium.org\/es\/palau\/\" \/>\n<meta property=\"og:locale\" content=\"es_ES\" \/>\n<meta property=\"og:type\" content=\"article\" \/>\n<meta property=\"og:title\" content=\"Ni\u00f1os de Palau - Humanium\" \/>\n<meta property=\"og:description\" content=\"A pesar de los esfuerzos realizados en La Republica de Palau para mejorar los derechos de los ni\u00f1os a\u00fan queda trabajo por hacer para asegurar su bienestar.\" \/>\n<meta property=\"og:url\" content=\"https:\/\/www.humanium.org\/es\/palau\/\" \/>\n<meta property=\"og:site_name\" content=\"Humanium\" \/>\n<meta property=\"article:modified_time\" content=\"2025-12-05T17:50:08+00:00\" \/>\n<meta name=\"twitter:card\" content=\"summary_large_image\" \/>\n<meta name=\"twitter:label1\" content=\"Tiempo de lectura\" \/>\n\t<meta name=\"twitter:data1\" content=\"4 minutos\" \/>\n<script type=\"application\/ld+json\" class=\"yoast-schema-graph\">{\"@context\":\"https:\/\/schema.org\",\"@graph\":[{\"@type\":\"WebPage\",\"@id\":\"https:\/\/www.humanium.org\/es\/palau\/\",\"url\":\"https:\/\/www.humanium.org\/es\/palau\/\",\"name\":\"Ni\u00f1os de Palau - Humanium\",\"isPartOf\":{\"@id\":\"https:\/\/www.humanium.org\/es\/#website\"},\"primaryImageOfPage\":{\"@id\":\"https:\/\/www.humanium.org\/es\/palau\/#primaryimage\"},\"image\":{\"@id\":\"https:\/\/www.humanium.org\/es\/palau\/#primaryimage\"},\"thumbnailUrl\":\"https:\/\/www.humanium.org\/fr\/wp-content\/uploads\/2013\/04\/PACOM-Flickr.com_.jpg\",\"datePublished\":\"2013-08-20T09:34:14+00:00\",\"dateModified\":\"2025-12-05T17:50:08+00:00\",\"description\":\"A pesar de los esfuerzos realizados en La Republica de Palau para mejorar los derechos de los ni\u00f1os a\u00fan queda trabajo por hacer para asegurar su bienestar.\",\"breadcrumb\":{\"@id\":\"https:\/\/www.humanium.org\/es\/palau\/#breadcrumb\"},\"inLanguage\":\"es\",\"potentialAction\":[{\"@type\":\"ReadAction\",\"target\":[\"https:\/\/www.humanium.org\/es\/palau\/\"]}]},{\"@type\":\"ImageObject\",\"inLanguage\":\"es\",\"@id\":\"https:\/\/www.humanium.org\/es\/palau\/#primaryimage\",\"url\":\"https:\/\/www.humanium.org\/fr\/wp-content\/uploads\/2013\/04\/PACOM-Flickr.com_.jpg\",\"contentUrl\":\"https:\/\/www.humanium.org\/fr\/wp-content\/uploads\/2013\/04\/PACOM-Flickr.com_.jpg\"},{\"@type\":\"BreadcrumbList\",\"@id\":\"https:\/\/www.humanium.org\/es\/palau\/#breadcrumb\",\"itemListElement\":[{\"@type\":\"ListItem\",\"position\":1,\"name\":\"Home\",\"item\":\"https:\/\/www.humanium.org\/es\/\"},{\"@type\":\"ListItem\",\"position\":2,\"name\":\"Ni\u00f1os de Palau\"}]},{\"@type\":\"WebSite\",\"@id\":\"https:\/\/www.humanium.org\/es\/#website\",\"url\":\"https:\/\/www.humanium.org\/es\/\",\"name\":\"Humanium\",\"description\":\"\u00a1Los ni\u00f1os primero!\",\"potentialAction\":[{\"@type\":\"SearchAction\",\"target\":{\"@type\":\"EntryPoint\",\"urlTemplate\":\"https:\/\/www.humanium.org\/es\/?s={search_term_string}\"},\"query-input\":{\"@type\":\"PropertyValueSpecification\",\"valueRequired\":true,\"valueName\":\"search_term_string\"}}],\"inLanguage\":\"es\"}]}<\/script>\n<!-- \/ Yoast SEO plugin. -->","yoast_head_json":{"title":"Ni\u00f1os de Palau - Humanium","description":"A pesar de los esfuerzos realizados en La Republica de Palau para mejorar los derechos de los ni\u00f1os a\u00fan queda trabajo por hacer para asegurar su bienestar.","robots":{"index":"index","follow":"follow","max-snippet":"max-snippet:-1","max-image-preview":"max-image-preview:large","max-video-preview":"max-video-preview:-1"},"canonical":"https:\/\/www.humanium.org\/es\/palau\/","og_locale":"es_ES","og_type":"article","og_title":"Ni\u00f1os de Palau - Humanium","og_description":"A pesar de los esfuerzos realizados en La Republica de Palau para mejorar los derechos de los ni\u00f1os a\u00fan queda trabajo por hacer para asegurar su bienestar.","og_url":"https:\/\/www.humanium.org\/es\/palau\/","og_site_name":"Humanium","article_modified_time":"2025-12-05T17:50:08+00:00","twitter_card":"summary_large_image","twitter_misc":{"Tiempo de lectura":"4 minutos"},"schema":{"@context":"https:\/\/schema.org","@graph":[{"@type":"WebPage","@id":"https:\/\/www.humanium.org\/es\/palau\/","url":"https:\/\/www.humanium.org\/es\/palau\/","name":"Ni\u00f1os de Palau - Humanium","isPartOf":{"@id":"https:\/\/www.humanium.org\/es\/#website"},"primaryImageOfPage":{"@id":"https:\/\/www.humanium.org\/es\/palau\/#primaryimage"},"image":{"@id":"https:\/\/www.humanium.org\/es\/palau\/#primaryimage"},"thumbnailUrl":"https:\/\/www.humanium.org\/fr\/wp-content\/uploads\/2013\/04\/PACOM-Flickr.com_.jpg","datePublished":"2013-08-20T09:34:14+00:00","dateModified":"2025-12-05T17:50:08+00:00","description":"A pesar de los esfuerzos realizados en La Republica de Palau para mejorar los derechos de los ni\u00f1os a\u00fan queda trabajo por hacer para asegurar su bienestar.","breadcrumb":{"@id":"https:\/\/www.humanium.org\/es\/palau\/#breadcrumb"},"inLanguage":"es","potentialAction":[{"@type":"ReadAction","target":["https:\/\/www.humanium.org\/es\/palau\/"]}]},{"@type":"ImageObject","inLanguage":"es","@id":"https:\/\/www.humanium.org\/es\/palau\/#primaryimage","url":"https:\/\/www.humanium.org\/fr\/wp-content\/uploads\/2013\/04\/PACOM-Flickr.com_.jpg","contentUrl":"https:\/\/www.humanium.org\/fr\/wp-content\/uploads\/2013\/04\/PACOM-Flickr.com_.jpg"},{"@type":"BreadcrumbList","@id":"https:\/\/www.humanium.org\/es\/palau\/#breadcrumb","itemListElement":[{"@type":"ListItem","position":1,"name":"Home","item":"https:\/\/www.humanium.org\/es\/"},{"@type":"ListItem","position":2,"name":"Ni\u00f1os de Palau"}]},{"@type":"WebSite","@id":"https:\/\/www.humanium.org\/es\/#website","url":"https:\/\/www.humanium.org\/es\/","name":"Humanium","description":"\u00a1Los ni\u00f1os primero!","potentialAction":[{"@type":"SearchAction","target":{"@type":"EntryPoint","urlTemplate":"https:\/\/www.humanium.org\/es\/?s={search_term_string}"},"query-input":{"@type":"PropertyValueSpecification","valueRequired":true,"valueName":"search_term_string"}}],"inLanguage":"es"}]}},"_links":{"self":[{"href":"https:\/\/www.humanium.org\/es\/wp-json\/wp\/v2\/pages\/3921","targetHints":{"allow":["GET"]}}],"collection":[{"href":"https:\/\/www.humanium.org\/es\/wp-json\/wp\/v2\/pages"}],"about":[{"href":"https:\/\/www.humanium.org\/es\/wp-json\/wp\/v2\/types\/page"}],"author":[{"embeddable":true,"href":"https:\/\/www.humanium.org\/es\/wp-json\/wp\/v2\/users\/1"}],"replies":[{"embeddable":true,"href":"https:\/\/www.humanium.org\/es\/wp-json\/wp\/v2\/comments?post=3921"}],"version-history":[{"count":4,"href":"https:\/\/www.humanium.org\/es\/wp-json\/wp\/v2\/pages\/3921\/revisions"}],"predecessor-version":[{"id":20447,"href":"https:\/\/www.humanium.org\/es\/wp-json\/wp\/v2\/pages\/3921\/revisions\/20447"}],"wp:attachment":[{"href":"https:\/\/www.humanium.org\/es\/wp-json\/wp\/v2\/media?parent=3921"}],"curies":[{"name":"wp","href":"https:\/\/api.w.org\/{rel}","templated":true}]}}