{"id":3948,"date":"2013-08-22T11:28:30","date_gmt":"2013-08-22T11:28:30","guid":{"rendered":"http:\/\/www.humanium.org\/es\/?page_id=3948"},"modified":"2025-12-05T17:43:42","modified_gmt":"2025-12-05T17:43:42","slug":"kirguistan","status":"publish","type":"page","link":"https:\/\/www.humanium.org\/es\/kirguistan\/","title":{"rendered":"Ni\u00f1os de Kirguist\u00e1n"},"content":{"rendered":"<h1>Ni\u00f1os de Kirguist\u00e1n<\/h1>\n<h2>Lograr los derechos de los ni\u00f1os en Kirguist\u00e1n<\/h2>\n<p style=\"text-align: center;\"><img loading=\"lazy\" decoding=\"async\" class=\"alignnone wp-image-18193\" title=\"Ni\u00f1a kirghize \u00a9 Zz77-zz (flickr)\" src=\"https:\/\/www.humanium.org\/fr\/wp-content\/uploads\/2012\/01\/fillette-zzsoixantedixseptflickr.jpg\" alt=\"\" width=\"157\" height=\"200\" \/>\u00a0<img loading=\"lazy\" decoding=\"async\" class=\"alignnone size-full wp-image-18192\" title=\"Ni\u00f1o kirghize \u00a9 Gusjer (flickr)\" src=\"https:\/\/www.humanium.org\/fr\/wp-content\/uploads\/2012\/01\/garcon-gusjer-flickr.jpg\" alt=\"\" width=\"207\" height=\"200\" \/><\/p>\n<p>Kirguist\u00e1n, antigua rep\u00fablica sovi\u00e9tica, consigue su independencia en 1991. La mayor\u00eda de los habitantes de Kirguist\u00e1n son n\u00f3madas constituidos por diversas minor\u00edas: rusos, uzbekistan\u00eds, ucranianos. En 2010, estallaron varios enfrentamientos entre las minor\u00edas en el sur del pa\u00eds y provocaron el desplazamiento forzado hacia los pa\u00edses vecinos de la minor\u00eda uzbeka.<\/p>\n<p>En lo referente a la situaci\u00f3n de los ni\u00f1os, Kirguist\u00e1n debe hacer frente a un importante problema: cada a\u00f1o, muchas chicas j\u00f3venes son secuestradas en el pa\u00eds y son obligadas a casarse con sus secuestradores.<\/p>\n<h3>Principales problemas que afectan a los ni\u00f1os en Kirguist\u00e1n<\/h3>\n<p><a href=\"https:\/\/www.humanium.org\/es\/pobreza-infantil\/\"><strong>Pobreza<\/strong><\/a><\/p>\n<p>Kirguist\u00e1n es el segundo pa\u00eds m\u00e1s pobre de Asia central. M\u00e1s del 36% de los ni\u00f1os kirguises crecen en la <a href=\"https:\/\/www.humanium.org\/es\/pobreza-infantil\/\">pobreza<\/a> y el 7% vive en condiciones extremas.<br \/>\nSanidad<\/p>\n<p><strong><a href=\"https:\/\/www.humanium.org\/es\/derecho-salud\/\">Salud <\/a><\/strong><\/p>\n<p><img loading=\"lazy\" decoding=\"async\" class=\"alignright size-full wp-image-18195\" title=\"Muchos ni\u00f1os padecen malnutrici\u00f3n \u00a9 The Gonger (flickr)\" src=\"https:\/\/www.humanium.org\/fr\/wp-content\/uploads\/2012\/01\/sante-the-gonger-flickr.jpg\" alt=\"\" width=\"200\" height=\"283\" \/>La <a href=\"https:\/\/www.humanium.org\/es\/mortalidad-infantil\/\">mortalidad infantil <\/a>toca a uno de cada cinco ni\u00f1os kirguises. Seg\u00fan los datos, principalmente debido a la desnutrici\u00f3n de los reci\u00e9n nacidos.<\/p>\n<p>El Kirguist\u00e1n est\u00e1 expuesto a numerosos se\u00edsmos e inundaciones que repercuten en la <a href=\"https:\/\/www.humanium.org\/es\/derecho-salud\/\">salud<\/a> de los habitantes. Por ejemplo, en 2010, se determinaron m\u00e1s de 476 casos de poliomielitis en el pa\u00eds, que afectaron cerca del 70% de los ni\u00f1os.<\/p>\n<p>Adem\u00e1s, el acceso a la atenci\u00f3n sigue siendo desigual: muchos refugiados, ya sean inmigrantes o no ciudadanos se ven privados.<\/p>\n<p><a href=\"https:\/\/www.humanium.org\/es\/derecho-educacion\/\"><strong>Educaci\u00f3n<\/strong><\/a><\/p>\n<p>En el Kirguist\u00e1n, la <a href=\"https:\/\/www.humanium.org\/es\/derecho-educacion\/\">escuela<\/a> es obligatoria y gratuita hasta los 14 a\u00f1os. La ense\u00f1anza secundaria tambi\u00e9n es gratuita hasta los 17 a\u00f1os. En caso de no respetar esta obligaci\u00f3n, los padres del ni\u00f1o en cuesti\u00f3n, incurren en sanciones b\u00e1sicamente financieras. No obstante esto, en la pr\u00e1ctica, se constata que en las zonas rurales escapan de este sistema de sanciones ya que muchos ni\u00f1os no tienen acceso a la educaci\u00f3n.<\/p>\n<p>El gobierno tambi\u00e9n se esfuerza para sufragar los gastos relacionados con la compra de mobiliario escolar de los ni\u00f1os,\u00a0para los ni\u00f1os cuyos padres tienen un ingreso bajo, pero tambi\u00e9n a los ni\u00f1os con<a href=\"https:\/\/www.humanium.org\/es\/ninos-discapacitados\/\"> discapacidad mental<\/a>.<\/p>\n<p><a href=\"https:\/\/www.humanium.org\/es\/ninos-calle\/\"><strong>Ni\u00f1os de las calles<\/strong><\/a><\/p>\n<p><img loading=\"lazy\" decoding=\"async\" class=\"alignright wp-image-18196\" title=\"Los ni\u00f1os de la calle se ven obligados a trabajar para la atenci\u00f3n de sus necesidades \u00a9 The Gonger (flickr)\" src=\"https:\/\/www.humanium.org\/fr\/wp-content\/uploads\/2012\/01\/enfant-des-rues-the-gonger-flickr.jpg\" alt=\"\" width=\"300\" height=\"200\" \/>El problema de los ni\u00f1os de la calle no es nuevo en Kirguist\u00e1n, y ha crecido en los \u00faltimos a\u00f1os.<\/p>\n<p>M\u00e1s del 80% de los<a href=\"https:\/\/www.humanium.org\/es\/ninos-calle\/\"> ni\u00f1os de la calle<\/a> proceden de las migraciones internas.<\/p>\n<p>Las autoridades del pa\u00eds intentan ocuparse de estos ni\u00f1os. \u00c9stos son enviados de nuevo a sus casas si se conoce la direcci\u00f3n, o bien son enviados a un centro de readaptaci\u00f3n o en un <a href=\"https:\/\/www.humanium.org\/es\/ninos-huerfanos\/\">orfanato<\/a>.A finales de 2008, se contabilizaron m\u00e1s de 5.390 ni\u00f1os alojados en establecimientos dirigidos por el estado.<\/p>\n<p>Desgraciadamente, todav\u00eda quedan muchos ni\u00f1os de la calle que est\u00e1n al acecho de cualquier tipo de trabajo para asegurar su sustento. Pueden llegar a convertirse en embotelladores, ladrones, indicadores, estafadores, transportadores de mercanc\u00edas, prostitutas o vendedores ambulantes. Estos ni\u00f1os ganan de media entre 0,75 y 2 euros al d\u00eda.<\/p>\n<p><strong><a href=\"https:\/\/www.humanium.org\/es\/matrimonio-infantil\/\">Matrimonio infantil<\/a><\/strong><\/p>\n<p>Aunque la ley proh\u00edbe el <a href=\"https:\/\/www.humanium.org\/es\/matrimonio-infantil\/\">matrimonio de ni\u00f1os<\/a> menores de 16 a\u00f1os, los matrimonios forzados suelen ser una pr\u00e1ctica normal en Kirguist\u00e1n. Cada a\u00f1o, alrededor de 16.000 ni\u00f1as son secuestradas, <a href=\"https:\/\/www.humanium.org\/es\/explotacion-sexual-infantil\/\">violadas<\/a> y obligadas a casarse con sus secuestradores.<br \/>\nLa <a href=\"https:\/\/www.humanium.org\/es\/pobreza-infantil\/\">pobreza<\/a> aparece como la principal causa de este fen\u00f3meno social. Los padres no pueden pagar los gastos de escolarizaci\u00f3n de sus hijas y creen que el matrimonio precoz puede ser una soluci\u00f3n.<br \/>\nEsta pr\u00e1ctica conduce a unas consecuencias nefastas en las j\u00f3venes. En los \u00faltimos seis a\u00f1os, quince chicas se suicidaron despu\u00e9s de haberse casado a la fuerza.<\/p>\n<p><a href=\"https:\/\/www.humanium.org\/es\/prostitucion-infantil\/\"><strong>Prostituci\u00f3n<\/strong><\/a><\/p>\n<p><img loading=\"lazy\" decoding=\"async\" class=\"alignright size-full wp-image-18197\" title=\"La prostituci\u00f3n es un hecho social importante en Kirguist\u00e1n \u00a9 Surrealpenguin (flickr)\" src=\"https:\/\/www.humanium.org\/fr\/wp-content\/uploads\/2012\/01\/prostitution-surrealpenguin-flickr.jpg\" alt=\"\" width=\"150\" height=\"200\" \/><br \/>\nLa <a href=\"https:\/\/www.humanium.org\/es\/prostitucion-infantil\/\">prostituci\u00f3n<\/a> es una pr\u00e1ctica cada vez m\u00e1s habitual en Kirguist\u00e1n. Muchos ni\u00f1os, especialmente las ni\u00f1as trabajan en la industria del sexo. En Bichkek, la capital, m\u00e1s del 20% de prostitutas son ni\u00f1as. En la mayor\u00eda de los casos, \u00e9stas son controladas por mujeres proxenetas.<\/p>\n<p>Tambi\u00e9n, cada vez m\u00e1s, se explota a los chicos de entre 12 y 16 a\u00f1os.<br \/>\nLos clientes, principalmente hombres de negocios, conocen los lugares donde pueden encontrar los servicios sexuales de ni\u00f1os en edad escolar por algo m\u00e1s de un d\u00f3lar. Muchas agencias de acompa\u00f1antes han visto la luz en las grandes ciudades.<\/p>\n<p>Adem\u00e1s, se constata la aparici\u00f3n de una nueva pr\u00e1ctica en el pa\u00eds. Chicas j\u00f3venes normalmente entre 11 y 12 a\u00f1os, viajan en trenes de largo recorrido y se prostituyen. Una vez que han llegado al destino final, los clientes abandonan a estas ni\u00f1as y permanecen uno o dos d\u00edas en la calle hasta que encuentran un nuevo viajero.<\/p>\n<p><strong><a href=\"https:\/\/www.humanium.org\/es\/apatridas-invisibles\/\">Ap\u00e1tridas<\/a><\/strong><\/p>\n<p><img loading=\"lazy\" decoding=\"async\" class=\"alignright size-full wp-image-18198\" title=\"Ni\u00f1os ap\u00e1tridas \u00a9 HCR A.Zhoroba D\u00e9cembre 2010\" src=\"https:\/\/www.humanium.org\/fr\/wp-content\/uploads\/2012\/01\/enfant-apatride-hcr-a.zhoroba-decembre.jpg\" alt=\"\" width=\"214\" height=\"180\" \/>Seg\u00fan el Organismo de las Naciones Unidas para los refugiados, habr\u00eda m\u00e1s de 17.000 ap\u00e1tridas en riesgo de precariedad en Kirguist\u00e1n. La mayor\u00eda de <a href=\"https:\/\/www.humanium.org\/es\/apatridas-invisibles\/\">ap\u00e1tridas<\/a> son mujeres o menores.<\/p>\n<p>Los ni\u00f1os que no han sido registrados no tienen los mismos derechos que los ciudadanos. Por ejemplo, los ni\u00f1os ap\u00e1tridas no se benefician de ninguna prestaci\u00f3n social y no tienen acceso a la<a href=\"https:\/\/www.humanium.org\/es\/derecho-salud\/\"> atenci\u00f3n primaria<\/a> ya que resultan demasiado caros.<\/p>\n","protected":false},"excerpt":{"rendered":"<p>Ni\u00f1os de Kirguist\u00e1n Lograr los derechos de los ni\u00f1os en Kirguist\u00e1n \u00a0 Kirguist\u00e1n, antigua rep\u00fablica sovi\u00e9tica, consigue su independencia en 1991. La mayor\u00eda de los habitantes de Kirguist\u00e1n son n\u00f3madas constituidos por diversas minor\u00edas: rusos, uzbekistan\u00eds, ucranianos. En 2010, estallaron varios enfrentamientos entre las minor\u00edas en el sur del pa\u00eds y provocaron el desplazamiento forzado [&hellip;]<\/p>\n","protected":false},"author":1,"featured_media":0,"parent":0,"menu_order":0,"comment_status":"closed","ping_status":"open","template":"","meta":{"footnotes":""},"class_list":["post-3948","page","type-page","status-publish","hentry"],"yoast_head":"<!-- This site is optimized with the Yoast SEO plugin v26.5 - https:\/\/yoast.com\/wordpress\/plugins\/seo\/ -->\n<title>Ni\u00f1os de Kirguist\u00e1n - Humanium<\/title>\n<meta name=\"description\" content=\"En lo referente a la situaci\u00f3n de los ni\u00f1os, en Kirguist\u00e1n, muchas chicas j\u00f3venes son secuestradas y obligadas a casarse con sus secuestradores.\" \/>\n<meta name=\"robots\" content=\"index, follow, max-snippet:-1, max-image-preview:large, max-video-preview:-1\" \/>\n<link rel=\"canonical\" href=\"https:\/\/www.humanium.org\/es\/kirguistan\/\" \/>\n<meta property=\"og:locale\" content=\"es_ES\" \/>\n<meta property=\"og:type\" content=\"article\" \/>\n<meta property=\"og:title\" content=\"Ni\u00f1os de Kirguist\u00e1n - Humanium\" \/>\n<meta property=\"og:description\" content=\"En lo referente a la situaci\u00f3n de los ni\u00f1os, en Kirguist\u00e1n, muchas chicas j\u00f3venes son secuestradas y obligadas a casarse con sus secuestradores.\" \/>\n<meta property=\"og:url\" content=\"https:\/\/www.humanium.org\/es\/kirguistan\/\" \/>\n<meta property=\"og:site_name\" content=\"Humanium\" \/>\n<meta property=\"article:modified_time\" content=\"2025-12-05T17:43:42+00:00\" \/>\n<meta name=\"twitter:card\" content=\"summary_large_image\" \/>\n<meta name=\"twitter:label1\" content=\"Tiempo de lectura\" \/>\n\t<meta name=\"twitter:data1\" content=\"6 minutos\" \/>\n<script type=\"application\/ld+json\" class=\"yoast-schema-graph\">{\"@context\":\"https:\/\/schema.org\",\"@graph\":[{\"@type\":\"WebPage\",\"@id\":\"https:\/\/www.humanium.org\/es\/kirguistan\/\",\"url\":\"https:\/\/www.humanium.org\/es\/kirguistan\/\",\"name\":\"Ni\u00f1os de Kirguist\u00e1n - Humanium\",\"isPartOf\":{\"@id\":\"https:\/\/www.humanium.org\/es\/#website\"},\"primaryImageOfPage\":{\"@id\":\"https:\/\/www.humanium.org\/es\/kirguistan\/#primaryimage\"},\"image\":{\"@id\":\"https:\/\/www.humanium.org\/es\/kirguistan\/#primaryimage\"},\"thumbnailUrl\":\"https:\/\/www.humanium.org\/fr\/wp-content\/uploads\/2012\/01\/fillette-zzsoixantedixseptflickr.jpg\",\"datePublished\":\"2013-08-22T11:28:30+00:00\",\"dateModified\":\"2025-12-05T17:43:42+00:00\",\"description\":\"En lo referente a la situaci\u00f3n de los ni\u00f1os, en Kirguist\u00e1n, muchas chicas j\u00f3venes son secuestradas y obligadas a casarse con sus secuestradores.\",\"breadcrumb\":{\"@id\":\"https:\/\/www.humanium.org\/es\/kirguistan\/#breadcrumb\"},\"inLanguage\":\"es\",\"potentialAction\":[{\"@type\":\"ReadAction\",\"target\":[\"https:\/\/www.humanium.org\/es\/kirguistan\/\"]}]},{\"@type\":\"ImageObject\",\"inLanguage\":\"es\",\"@id\":\"https:\/\/www.humanium.org\/es\/kirguistan\/#primaryimage\",\"url\":\"https:\/\/www.humanium.org\/fr\/wp-content\/uploads\/2012\/01\/fillette-zzsoixantedixseptflickr.jpg\",\"contentUrl\":\"https:\/\/www.humanium.org\/fr\/wp-content\/uploads\/2012\/01\/fillette-zzsoixantedixseptflickr.jpg\"},{\"@type\":\"BreadcrumbList\",\"@id\":\"https:\/\/www.humanium.org\/es\/kirguistan\/#breadcrumb\",\"itemListElement\":[{\"@type\":\"ListItem\",\"position\":1,\"name\":\"Home\",\"item\":\"https:\/\/www.humanium.org\/es\/\"},{\"@type\":\"ListItem\",\"position\":2,\"name\":\"Ni\u00f1os de Kirguist\u00e1n\"}]},{\"@type\":\"WebSite\",\"@id\":\"https:\/\/www.humanium.org\/es\/#website\",\"url\":\"https:\/\/www.humanium.org\/es\/\",\"name\":\"Humanium\",\"description\":\"\u00a1Los ni\u00f1os primero!\",\"potentialAction\":[{\"@type\":\"SearchAction\",\"target\":{\"@type\":\"EntryPoint\",\"urlTemplate\":\"https:\/\/www.humanium.org\/es\/?s={search_term_string}\"},\"query-input\":{\"@type\":\"PropertyValueSpecification\",\"valueRequired\":true,\"valueName\":\"search_term_string\"}}],\"inLanguage\":\"es\"}]}<\/script>\n<!-- \/ Yoast SEO plugin. -->","yoast_head_json":{"title":"Ni\u00f1os de Kirguist\u00e1n - Humanium","description":"En lo referente a la situaci\u00f3n de los ni\u00f1os, en Kirguist\u00e1n, muchas chicas j\u00f3venes son secuestradas y obligadas a casarse con sus secuestradores.","robots":{"index":"index","follow":"follow","max-snippet":"max-snippet:-1","max-image-preview":"max-image-preview:large","max-video-preview":"max-video-preview:-1"},"canonical":"https:\/\/www.humanium.org\/es\/kirguistan\/","og_locale":"es_ES","og_type":"article","og_title":"Ni\u00f1os de Kirguist\u00e1n - Humanium","og_description":"En lo referente a la situaci\u00f3n de los ni\u00f1os, en Kirguist\u00e1n, muchas chicas j\u00f3venes son secuestradas y obligadas a casarse con sus secuestradores.","og_url":"https:\/\/www.humanium.org\/es\/kirguistan\/","og_site_name":"Humanium","article_modified_time":"2025-12-05T17:43:42+00:00","twitter_card":"summary_large_image","twitter_misc":{"Tiempo de lectura":"6 minutos"},"schema":{"@context":"https:\/\/schema.org","@graph":[{"@type":"WebPage","@id":"https:\/\/www.humanium.org\/es\/kirguistan\/","url":"https:\/\/www.humanium.org\/es\/kirguistan\/","name":"Ni\u00f1os de Kirguist\u00e1n - Humanium","isPartOf":{"@id":"https:\/\/www.humanium.org\/es\/#website"},"primaryImageOfPage":{"@id":"https:\/\/www.humanium.org\/es\/kirguistan\/#primaryimage"},"image":{"@id":"https:\/\/www.humanium.org\/es\/kirguistan\/#primaryimage"},"thumbnailUrl":"https:\/\/www.humanium.org\/fr\/wp-content\/uploads\/2012\/01\/fillette-zzsoixantedixseptflickr.jpg","datePublished":"2013-08-22T11:28:30+00:00","dateModified":"2025-12-05T17:43:42+00:00","description":"En lo referente a la situaci\u00f3n de los ni\u00f1os, en Kirguist\u00e1n, muchas chicas j\u00f3venes son secuestradas y obligadas a casarse con sus secuestradores.","breadcrumb":{"@id":"https:\/\/www.humanium.org\/es\/kirguistan\/#breadcrumb"},"inLanguage":"es","potentialAction":[{"@type":"ReadAction","target":["https:\/\/www.humanium.org\/es\/kirguistan\/"]}]},{"@type":"ImageObject","inLanguage":"es","@id":"https:\/\/www.humanium.org\/es\/kirguistan\/#primaryimage","url":"https:\/\/www.humanium.org\/fr\/wp-content\/uploads\/2012\/01\/fillette-zzsoixantedixseptflickr.jpg","contentUrl":"https:\/\/www.humanium.org\/fr\/wp-content\/uploads\/2012\/01\/fillette-zzsoixantedixseptflickr.jpg"},{"@type":"BreadcrumbList","@id":"https:\/\/www.humanium.org\/es\/kirguistan\/#breadcrumb","itemListElement":[{"@type":"ListItem","position":1,"name":"Home","item":"https:\/\/www.humanium.org\/es\/"},{"@type":"ListItem","position":2,"name":"Ni\u00f1os de Kirguist\u00e1n"}]},{"@type":"WebSite","@id":"https:\/\/www.humanium.org\/es\/#website","url":"https:\/\/www.humanium.org\/es\/","name":"Humanium","description":"\u00a1Los ni\u00f1os primero!","potentialAction":[{"@type":"SearchAction","target":{"@type":"EntryPoint","urlTemplate":"https:\/\/www.humanium.org\/es\/?s={search_term_string}"},"query-input":{"@type":"PropertyValueSpecification","valueRequired":true,"valueName":"search_term_string"}}],"inLanguage":"es"}]}},"_links":{"self":[{"href":"https:\/\/www.humanium.org\/es\/wp-json\/wp\/v2\/pages\/3948","targetHints":{"allow":["GET"]}}],"collection":[{"href":"https:\/\/www.humanium.org\/es\/wp-json\/wp\/v2\/pages"}],"about":[{"href":"https:\/\/www.humanium.org\/es\/wp-json\/wp\/v2\/types\/page"}],"author":[{"embeddable":true,"href":"https:\/\/www.humanium.org\/es\/wp-json\/wp\/v2\/users\/1"}],"replies":[{"embeddable":true,"href":"https:\/\/www.humanium.org\/es\/wp-json\/wp\/v2\/comments?post=3948"}],"version-history":[{"count":4,"href":"https:\/\/www.humanium.org\/es\/wp-json\/wp\/v2\/pages\/3948\/revisions"}],"predecessor-version":[{"id":20413,"href":"https:\/\/www.humanium.org\/es\/wp-json\/wp\/v2\/pages\/3948\/revisions\/20413"}],"wp:attachment":[{"href":"https:\/\/www.humanium.org\/es\/wp-json\/wp\/v2\/media?parent=3948"}],"curies":[{"name":"wp","href":"https:\/\/api.w.org\/{rel}","templated":true}]}}