{"id":4018,"date":"2013-08-27T10:31:18","date_gmt":"2013-08-27T10:31:18","guid":{"rendered":"http:\/\/www.humanium.org\/es\/?page_id=4018"},"modified":"2025-12-13T21:19:51","modified_gmt":"2025-12-13T21:19:51","slug":"noruega","status":"publish","type":"page","link":"https:\/\/www.humanium.org\/es\/noruega\/","title":{"rendered":"Ni\u00f1os de Noruega"},"content":{"rendered":"<h1>Ni\u00f1os en Noruega<\/h1>\n<h2>Descubriendo los Derechos del Ni\u00f1o en Noruega<\/h2>\n<p style=\"text-align: left;\">Noruega est\u00e1 comprometida con la aplicaci\u00f3n de la <a href=\"https:\/\/www.humanium.org\/es\/convencion\/\">Convenci\u00f3n sobre los Derechos del Ni\u00f1o<\/a>. El primer representante en materia de infancia, com\u00fanmente conocido como el Defensor del Pueblo, ha asumido el cargo en Noruega. Aunque el pa\u00eds se ha mostrado dispuesto a apoyar el desarrollo de sus ni\u00f1os, violaciones a sus derechos contin\u00faan ocurriendo.<\/p>\n<h3>Principales problemas a los que se enfrentan los ni\u00f1os en Noruega:<\/h3>\n<p><strong>Ni\u00f1os de minor\u00edas \u00e9tnicas<\/strong><\/p>\n<p><img loading=\"lazy\" decoding=\"async\" class=\"alignright wp-image-24729\" title=\"Ni\u00f1os migrantes siguen siendo maltratados, a pesar de la buena calidad de vida que en general tienen los j\u00f3venes \u00a9 zenein\" src=\"https:\/\/www.humanium.org\/fr\/wp-content\/uploads\/2012\/09\/petit-garcon-zenein-300x200.jpg\" alt=\"\" width=\"300\" height=\"200\" \/>La poblaci\u00f3n de Noruega, como la de muchos otros pa\u00edses, tiene un n\u00famero alto de grupos minoritarios. Como resultado, los Kven (descendientes de pescadores finlandeses), los Sami (tambi\u00e9n conocidos como Lapones), jud\u00edos y rumanos frecuentemente enfrentan <a href=\"https:\/\/www.humanium.org\/es\/no-discriminacion\/\">discriminaci\u00f3n.<\/a><\/p>\n<p>Aun cuando la inclusi\u00f3n es uno de los fundamentos de la sociedad noruega, algunos ni\u00f1os de grupos minoritarios a\u00fan se sienten estigmatizados y son sometidos a m\u00e1s amenazas o violencia por parte de sus pares. La mayor\u00eda de los ni\u00f1os rumanos viven en la<a href=\"https:\/\/www.humanium.org\/es\/pobreza-infantil\/\"> pobrez<\/a>a y en algunos casos se les niega el acceso a ciertos lugares. El gobierno est\u00e1 tratando de combatir esta situaci\u00f3n con leyes <a href=\"https:\/\/www.humanium.org\/es\/no-discriminacion\/\">antidiscriminaci\u00f3n<\/a>, un mediador para la igualdad y con la promoci\u00f3n de igualdad racial<\/p>\n<p><a href=\"https:\/\/www.humanium.org\/es\/familia-derecho-nino\/\"><strong>Menores no acompa\u00f1ados<\/strong><\/a><\/p>\n<p><img loading=\"lazy\" decoding=\"async\" class=\"alignright wp-image-24731\" title=\"El tratamiento de los menores no acompa\u00f1ados no siempre est\u00e1 en el nivel \u00f3ptimo \u00a9 pink sherbert photography\" src=\"https:\/\/www.humanium.org\/fr\/wp-content\/uploads\/2012\/09\/enfant-pink-sherbert-photography.jpg\" alt=\"\" width=\"129\" height=\"185\" \/>Seg\u00fan el \u00faltimo informe de Amnist\u00eda Internacional, las condiciones de vivienda en centros para menores solos no corresponden a los est\u00e1ndares de los derechos humanos.<\/p>\n<p>Un fen\u00f3meno preocupante es que algunos menores que llegan a tierras noruegas y son llevados a estos centros, luego desaparecen. La asignaci\u00f3n de un guardi\u00e1n para cada menor no acompa\u00f1ado es un aspecto positivo<\/p>\n<p><a href=\"https:\/\/www.humanium.org\/es\/ninos-sistema-judicial\/\"><strong>Menores y el sistema de justicia<\/strong><\/a><\/p>\n<p>En Noruega un menor puede ser declarado criminalmente responsable a los 15 a\u00f1os. La detenci\u00f3n en centros juveniles especializados puede durar entre 4 semanas y 12 meses.<\/p>\n<p>Sin embargo hay muy pocos menores en detenci\u00f3n cerrada ya que Noruega prefiere implementar medidas en un ambiente abierto, siempre que se considere que vaya en el mejor inter\u00e9s del ni\u00f1o.<\/p>\n<p>En el sistema judicial no hay estructuras espec\u00edficas para menores. Ni\u00f1os de 15 a\u00f1os de edad son procesados por las mismas cortes que los adultos.<\/p>\n<p><a href=\"https:\/\/www.humanium.org\/es\/derecho-salud\/\"><strong>Salud<\/strong><\/a><\/p>\n<p>Un programa nacional de <a href=\"https:\/\/www.humanium.org\/es\/derecho-salud\/\">salud<\/a> mental ha mejorado sus servicios trabajando para el balance psicol\u00f3gico de los ni\u00f1os. Sin embargo las listas de espera de los ni\u00f1os esperando por tratamiento contin\u00faan siendo largas.<\/p>\n<p>Sobre la<a href=\"https:\/\/www.humanium.org\/es\/derecho-salud\/\"> salud f\u00edsica<\/a>, un estudio del 2010 revela que el 19% de los ni\u00f1os noruegos con edades entre los 8 y 9 a\u00f1os son obesos o tienen sobrepeso. El exceso de peso pone las vidas de los menores en riesgo. Noruega ha tomado un rol activo para afrontar la situaci\u00f3n y busca sensibilizar a los j\u00f3venes sobre la importancia de la actividad f\u00edsica y la reducci\u00f3n de la exposici\u00f3n a los alimentos ricos en grasas az\u00facar o sal.<\/p>\n<p><a href=\"https:\/\/www.humanium.org\/es\/abuso-infantil\/\"><strong>Maltrato<\/strong><\/a><\/p>\n<p>A\u00fan cuando cualquier acto de agresi\u00f3n f\u00edsica cometida por un adulto contra un menor es punible ante la ley criminal, una encuesta sobre <a href=\"https:\/\/www.humanium.org\/es\/abuso-infantil\/\">maltrato<\/a> mostr\u00f3 que se estima que entre 5 y 10% de los ni\u00f1os han sido v\u00edctimas de <a href=\"https:\/\/www.humanium.org\/es\/explotacion-sexual-infantil\/\">abuso sexual<\/a> y <a href=\"https:\/\/www.humanium.org\/es\/abuso-infantil\/\">violencia f\u00edsica<\/a>. Las consecuencias principales de tales actos de abuso incluyen el retraimiento, p\u00e9rdida de la confianza y el desarrollo de problemas psicol\u00f3gicos.<\/p>\n<p><strong>Medio ambiente<\/strong><\/p>\n<p>En Noruega entre 500 y 200 personas mueren cada a\u00f1o como consecuencia de la poluci\u00f3n en el aire, afectando la salud de la poblaci\u00f3n m\u00e1s vulnerable. Las principales v\u00edctimas son los ni\u00f1os y los ancianos.<br \/>\nEl tr\u00e1fico vial, junto con el alto uso de neum\u00e1ticos para la nieve tienden a generar cierto tipo de part\u00edculas que pueden causar problemas cardiovasculares o respiratorios o incluso la muerte.<\/p>\n","protected":false},"excerpt":{"rendered":"<p>Ni\u00f1os en Noruega Descubriendo los Derechos del Ni\u00f1o en Noruega Noruega est\u00e1 comprometida con la aplicaci\u00f3n de la Convenci\u00f3n sobre los Derechos del Ni\u00f1o. El primer representante en materia de infancia, com\u00fanmente conocido como el Defensor del Pueblo, ha asumido el cargo en Noruega. Aunque el pa\u00eds se ha mostrado dispuesto a apoyar el desarrollo [&hellip;]<\/p>\n","protected":false},"author":1,"featured_media":0,"parent":0,"menu_order":0,"comment_status":"closed","ping_status":"open","template":"","meta":{"footnotes":""},"class_list":["post-4018","page","type-page","status-publish","hentry"],"yoast_head":"<!-- This site is optimized with the Yoast SEO plugin v26.5 - https:\/\/yoast.com\/wordpress\/plugins\/seo\/ -->\n<title>Ni\u00f1os de Noruega - Humanium<\/title>\n<meta name=\"description\" content=\"Aunque Noruega se ha mostrado dispuesto a apoyar el desarrollo de sus ni\u00f1os, violaciones a sus derechos contin\u00faan ocurriendo.\" \/>\n<meta name=\"robots\" content=\"index, follow, max-snippet:-1, max-image-preview:large, max-video-preview:-1\" \/>\n<link rel=\"canonical\" href=\"https:\/\/www.humanium.org\/es\/noruega\/\" \/>\n<meta property=\"og:locale\" content=\"es_ES\" \/>\n<meta property=\"og:type\" content=\"article\" \/>\n<meta property=\"og:title\" content=\"Ni\u00f1os de Noruega - Humanium\" \/>\n<meta property=\"og:description\" content=\"Aunque Noruega se ha mostrado dispuesto a apoyar el desarrollo de sus ni\u00f1os, violaciones a sus derechos contin\u00faan ocurriendo.\" \/>\n<meta property=\"og:url\" content=\"https:\/\/www.humanium.org\/es\/noruega\/\" \/>\n<meta property=\"og:site_name\" content=\"Humanium\" \/>\n<meta property=\"article:modified_time\" content=\"2025-12-13T21:19:51+00:00\" \/>\n<meta name=\"twitter:card\" content=\"summary_large_image\" \/>\n<meta name=\"twitter:label1\" content=\"Tiempo de lectura\" \/>\n\t<meta name=\"twitter:data1\" content=\"4 minutos\" \/>\n<script type=\"application\/ld+json\" class=\"yoast-schema-graph\">{\"@context\":\"https:\/\/schema.org\",\"@graph\":[{\"@type\":\"WebPage\",\"@id\":\"https:\/\/www.humanium.org\/es\/noruega\/\",\"url\":\"https:\/\/www.humanium.org\/es\/noruega\/\",\"name\":\"Ni\u00f1os de Noruega - Humanium\",\"isPartOf\":{\"@id\":\"https:\/\/www.humanium.org\/es\/#website\"},\"primaryImageOfPage\":{\"@id\":\"https:\/\/www.humanium.org\/es\/noruega\/#primaryimage\"},\"image\":{\"@id\":\"https:\/\/www.humanium.org\/es\/noruega\/#primaryimage\"},\"thumbnailUrl\":\"https:\/\/www.humanium.org\/fr\/wp-content\/uploads\/2012\/09\/petit-garcon-zenein-300x200.jpg\",\"datePublished\":\"2013-08-27T10:31:18+00:00\",\"dateModified\":\"2025-12-13T21:19:51+00:00\",\"description\":\"Aunque Noruega se ha mostrado dispuesto a apoyar el desarrollo de sus ni\u00f1os, violaciones a sus derechos contin\u00faan ocurriendo.\",\"breadcrumb\":{\"@id\":\"https:\/\/www.humanium.org\/es\/noruega\/#breadcrumb\"},\"inLanguage\":\"es\",\"potentialAction\":[{\"@type\":\"ReadAction\",\"target\":[\"https:\/\/www.humanium.org\/es\/noruega\/\"]}]},{\"@type\":\"ImageObject\",\"inLanguage\":\"es\",\"@id\":\"https:\/\/www.humanium.org\/es\/noruega\/#primaryimage\",\"url\":\"https:\/\/www.humanium.org\/fr\/wp-content\/uploads\/2012\/09\/petit-garcon-zenein-300x200.jpg\",\"contentUrl\":\"https:\/\/www.humanium.org\/fr\/wp-content\/uploads\/2012\/09\/petit-garcon-zenein-300x200.jpg\"},{\"@type\":\"BreadcrumbList\",\"@id\":\"https:\/\/www.humanium.org\/es\/noruega\/#breadcrumb\",\"itemListElement\":[{\"@type\":\"ListItem\",\"position\":1,\"name\":\"Home\",\"item\":\"https:\/\/www.humanium.org\/es\/\"},{\"@type\":\"ListItem\",\"position\":2,\"name\":\"Ni\u00f1os de Noruega\"}]},{\"@type\":\"WebSite\",\"@id\":\"https:\/\/www.humanium.org\/es\/#website\",\"url\":\"https:\/\/www.humanium.org\/es\/\",\"name\":\"Humanium\",\"description\":\"\u00a1Los ni\u00f1os primero!\",\"potentialAction\":[{\"@type\":\"SearchAction\",\"target\":{\"@type\":\"EntryPoint\",\"urlTemplate\":\"https:\/\/www.humanium.org\/es\/?s={search_term_string}\"},\"query-input\":{\"@type\":\"PropertyValueSpecification\",\"valueRequired\":true,\"valueName\":\"search_term_string\"}}],\"inLanguage\":\"es\"}]}<\/script>\n<!-- \/ Yoast SEO plugin. -->","yoast_head_json":{"title":"Ni\u00f1os de Noruega - Humanium","description":"Aunque Noruega se ha mostrado dispuesto a apoyar el desarrollo de sus ni\u00f1os, violaciones a sus derechos contin\u00faan ocurriendo.","robots":{"index":"index","follow":"follow","max-snippet":"max-snippet:-1","max-image-preview":"max-image-preview:large","max-video-preview":"max-video-preview:-1"},"canonical":"https:\/\/www.humanium.org\/es\/noruega\/","og_locale":"es_ES","og_type":"article","og_title":"Ni\u00f1os de Noruega - Humanium","og_description":"Aunque Noruega se ha mostrado dispuesto a apoyar el desarrollo de sus ni\u00f1os, violaciones a sus derechos contin\u00faan ocurriendo.","og_url":"https:\/\/www.humanium.org\/es\/noruega\/","og_site_name":"Humanium","article_modified_time":"2025-12-13T21:19:51+00:00","twitter_card":"summary_large_image","twitter_misc":{"Tiempo de lectura":"4 minutos"},"schema":{"@context":"https:\/\/schema.org","@graph":[{"@type":"WebPage","@id":"https:\/\/www.humanium.org\/es\/noruega\/","url":"https:\/\/www.humanium.org\/es\/noruega\/","name":"Ni\u00f1os de Noruega - Humanium","isPartOf":{"@id":"https:\/\/www.humanium.org\/es\/#website"},"primaryImageOfPage":{"@id":"https:\/\/www.humanium.org\/es\/noruega\/#primaryimage"},"image":{"@id":"https:\/\/www.humanium.org\/es\/noruega\/#primaryimage"},"thumbnailUrl":"https:\/\/www.humanium.org\/fr\/wp-content\/uploads\/2012\/09\/petit-garcon-zenein-300x200.jpg","datePublished":"2013-08-27T10:31:18+00:00","dateModified":"2025-12-13T21:19:51+00:00","description":"Aunque Noruega se ha mostrado dispuesto a apoyar el desarrollo de sus ni\u00f1os, violaciones a sus derechos contin\u00faan ocurriendo.","breadcrumb":{"@id":"https:\/\/www.humanium.org\/es\/noruega\/#breadcrumb"},"inLanguage":"es","potentialAction":[{"@type":"ReadAction","target":["https:\/\/www.humanium.org\/es\/noruega\/"]}]},{"@type":"ImageObject","inLanguage":"es","@id":"https:\/\/www.humanium.org\/es\/noruega\/#primaryimage","url":"https:\/\/www.humanium.org\/fr\/wp-content\/uploads\/2012\/09\/petit-garcon-zenein-300x200.jpg","contentUrl":"https:\/\/www.humanium.org\/fr\/wp-content\/uploads\/2012\/09\/petit-garcon-zenein-300x200.jpg"},{"@type":"BreadcrumbList","@id":"https:\/\/www.humanium.org\/es\/noruega\/#breadcrumb","itemListElement":[{"@type":"ListItem","position":1,"name":"Home","item":"https:\/\/www.humanium.org\/es\/"},{"@type":"ListItem","position":2,"name":"Ni\u00f1os de Noruega"}]},{"@type":"WebSite","@id":"https:\/\/www.humanium.org\/es\/#website","url":"https:\/\/www.humanium.org\/es\/","name":"Humanium","description":"\u00a1Los ni\u00f1os primero!","potentialAction":[{"@type":"SearchAction","target":{"@type":"EntryPoint","urlTemplate":"https:\/\/www.humanium.org\/es\/?s={search_term_string}"},"query-input":{"@type":"PropertyValueSpecification","valueRequired":true,"valueName":"search_term_string"}}],"inLanguage":"es"}]}},"_links":{"self":[{"href":"https:\/\/www.humanium.org\/es\/wp-json\/wp\/v2\/pages\/4018","targetHints":{"allow":["GET"]}}],"collection":[{"href":"https:\/\/www.humanium.org\/es\/wp-json\/wp\/v2\/pages"}],"about":[{"href":"https:\/\/www.humanium.org\/es\/wp-json\/wp\/v2\/types\/page"}],"author":[{"embeddable":true,"href":"https:\/\/www.humanium.org\/es\/wp-json\/wp\/v2\/users\/1"}],"replies":[{"embeddable":true,"href":"https:\/\/www.humanium.org\/es\/wp-json\/wp\/v2\/comments?post=4018"}],"version-history":[{"count":5,"href":"https:\/\/www.humanium.org\/es\/wp-json\/wp\/v2\/pages\/4018\/revisions"}],"predecessor-version":[{"id":21173,"href":"https:\/\/www.humanium.org\/es\/wp-json\/wp\/v2\/pages\/4018\/revisions\/21173"}],"wp:attachment":[{"href":"https:\/\/www.humanium.org\/es\/wp-json\/wp\/v2\/media?parent=4018"}],"curies":[{"name":"wp","href":"https:\/\/api.w.org\/{rel}","templated":true}]}}