{"id":4264,"date":"2013-09-06T11:41:57","date_gmt":"2013-09-06T11:41:57","guid":{"rendered":"http:\/\/www.humanium.org\/es\/?page_id=4264"},"modified":"2025-12-13T21:20:22","modified_gmt":"2025-12-13T21:20:22","slug":"declaracion-de-los-derechos-del-nino-texto-completo","status":"publish","type":"page","link":"https:\/\/www.humanium.org\/es\/declaracion-de-los-derechos-del-nino-texto-completo\/","title":{"rendered":"Declaraci\u00f3n de los Derechos del Ni\u00f1o &#8211; texto completo"},"content":{"rendered":"<h2 style=\"text-align: left;\"><span style=\"color: #800000;\"><img loading=\"lazy\" decoding=\"async\" class=\"alignright size-full wp-image-972\" title=\"ODT\" alt=\"\" src=\"https:\/\/www.humanium.org\/fr\/wp-content\/uploads\/logo-odt.gif\" width=\"28\" height=\"24\" \/><img loading=\"lazy\" decoding=\"async\" class=\"alignright size-full wp-image-974\" title=\"WORD\" alt=\"\" src=\"https:\/\/www.humanium.org\/fr\/wp-content\/uploads\/logo-word.gif\" width=\"24\" height=\"24\" \/><img loading=\"lazy\" decoding=\"async\" class=\"alignright size-full wp-image-973\" title=\"PDF\" alt=\"\" src=\"https:\/\/www.humanium.org\/fr\/wp-content\/uploads\/logo-pdf.gif\" width=\"24\" height=\"24\" \/><br \/>\n<\/span><\/h2>\n<h2 style=\"text-align: left;\"><span style=\"color: #800000;\">Declaraci\u00f3n de los Derechos del Ni\u00f1o<\/span><\/h2>\n<h3 style=\"text-align: left;\"><span style=\"color: #800000;\">20 de Noviembre de 1959 (texto completo)<br \/>\n<\/span><\/h3>\n<h2 style=\"text-align: left;\"><span style=\"color: #003366;\">Pre\u00e1mbulo<\/span><\/h2>\n<p style=\"text-align: left;\">Considerando que los pueblos de las Naciones Unidas han reafirmado en la carta su f\u00e9 en los derechos fundamentales del hombre y en la dignidad y el valor de la persona humana y su determinaci\u00f3n de promover el progreso social y elevar el nivel de vida dentro de un concepto m\u00e1s amplio de libertad,<\/p>\n<p style=\"text-align: left;\">Considerando que las Naciones Unidas han proclamado en la declaraci\u00f3n Universal de Derechos Humanos que toda persona tiene todos los derechos y libertades enunciados en ella, sin distinci\u00f3n alguna de raza, color, sexo, idioma, religi\u00f3n, oponi\u00f3n pol\u00edtica o de cualquier otra \u00edndole, origen nacional o social, posici\u00f3n econ\u00f3mica, nacimiento o cualquier otra condici\u00f3n,<\/p>\n<p style=\"text-align: left;\">Considerando que el ni\u00f1o, por su falta de madurez f\u00edsica y mental, necesita protecci\u00f3n y cuidado espaciles, incluso la debida protecci\u00f3n legal, tanto antes como despu\u00e9s del nacimiento,<\/p>\n<p style=\"text-align: left;\">Considerando que la necesidad de esa protecci\u00f3n especial ha sido enunciada en la Declaraci\u00f3n de Ginebra de 1924 sobre los Derechos del Ni\u00f1o y reconocida por la Declaraci\u00f3n Universal de los Derechos Humanos y en los convenios constitutivos de los organismos especializados y de las organizaciones internacionales que se interesan en el bienestar del ni\u00f1o,<\/p>\n<p style=\"text-align: left;\">Considerando que la humanidad debe al ni\u00f1o lo mejor que puede darle,<\/p>\n<p style=\"text-align: left;\">La Asamblea General<\/p>\n<p style=\"text-align: left;\">Proclama la presente Declaraci\u00f3n de Derechos del Ni\u00f1o, a fin de que \u00e9ste pueda tener una infancia feliz y gozar, en su propio bien y en bien de la sociedad, de los derechos y libertades que en ella se enuncian e insta a los padres, a los hombres y mujeres individualmente y a las organizaciones particulares, autoridades locales y gobiernos nacionales a que reconozcan esos derechos y que luchen por su observancia con medidas legislativas y de otra \u00edndole, adoptadas progresivamente en conformidad con los siguientes principios:<\/p>\n<h3 style=\"text-align: left;\"><span style=\"color: #003366;\"><strong>Principio I :<\/strong><\/span><\/h3>\n<p style=\"text-align: left;\">El ni\u00f1o disfrutar\u00e1 de todos los derechos enunciados en esta declaraci\u00f3n.<br \/>\nEstos derechos ser\u00e1n reconocidos a todos los ni\u00f1os sin excepci\u00f3n alguna ni distinci\u00f3n o discriminaci\u00f3n por motivos de raza, color, sexo, idioma, religi\u00f3n, opiniones pol\u00edticas o de otra \u00edndole, origen nacional o social, posici\u00f3n econ\u00f3mica, nacimiento u otra condici\u00f3n, ya sea del propio ni\u00f1o o de su familia.<\/p>\n<h3 style=\"text-align: left;\"><span style=\"color: #003366;\"><strong>Principio II :<\/strong><\/span><\/h3>\n<p style=\"text-align: left;\">El ni\u00f1o gozar\u00e1 de una protecci\u00f3n especial y dispondr\u00e1 de oportunidades y servicios, dispensado todo ello por la ley y por otros medios, para que pueda desarrollarse f\u00edsica, mental, moral, espiritual y socialmente en forma saludable y normal, as\u00ed como en condiciones de libertad y dignidad. Al promulgar leyes con este fin, la consideraci\u00f3n fundamental a la que se atendr\u00e1 ser\u00e1 el inter\u00e9s superior del ni\u00f1o.<\/p>\n<h3 style=\"text-align: left;\"><span style=\"color: #003366;\"><strong>Principio III :<\/strong><\/span><\/h3>\n<p style=\"text-align: left;\">El ni\u00f1o tiene derecho desde su nacimiento a un nombre y a una nacionalidad.<\/p>\n<h3 style=\"text-align: left;\"><span style=\"color: #003366;\"><strong>Principio IV :<\/strong><\/span><\/h3>\n<p style=\"text-align: left;\">El ni\u00f1o debe gozar de los beneficios de la seguridad social. Tendr\u00e1 derecho a crecer y desarrollarse en buena salud; con este fin deber\u00e1 proporcionarse, tanto a \u00e9l como a su madre, cuidados especiales, incluso atenci\u00f3n prenatal y posnatal. El ni\u00f1o tendr\u00e1 derecho a disfrutar de alimentaci\u00f3n, vivienda, recreo y servicios m\u00e9dicos adecuados.<\/p>\n<h3 style=\"text-align: left;\"><span style=\"color: #003366;\"><strong>Principio V :<\/strong><\/span><\/h3>\n<p style=\"text-align: left;\">El ni\u00f1o f\u00edsica o mentalmente impedido o que sufra alg\u00fan impedimento social debe recibir el tratamiento, la educaci\u00f3n y el cuidado especiales que requiere su caso particular.<\/p>\n<h3 style=\"text-align: left;\"><span style=\"color: #003366;\"><strong>Principio VI :<\/strong><\/span><\/h3>\n<p style=\"text-align: left;\">El ni\u00f1o, para el pleno y armonioso desarrollo de su personalidad, necesita amor y comprensi\u00f3n. Siempre que sea posible, deber\u00e1 crecer al amparo y bajo la responsabilidad de sus padres y, en todo caso, en un ambiente de afecto y de seguridad moral y material; salvo circunstancias excepcionales, no deber\u00e1 separarse al ni\u00f1o de corta edad de su madre. La sociedad y las autoridades p\u00fablicas tendr\u00e1n la obligaci\u00f3n de cuidar especialmente a los ni\u00f1os sin familia o que carezcan de medios adecuados de subsistencia. Para el mantenimiento de los hijos de familias numerosas conviene conceder subsidios estatales o de otra \u00edndole.<\/p>\n<h3 style=\"text-align: left;\"><span style=\"color: #003366;\"><strong>Principio VII :<\/strong><\/span><\/h3>\n<p style=\"text-align: left;\">El ni\u00f1o tiene derecho a recibir educaci\u00f3n, que ser\u00e1 gratuita y obligatoria por lo menos en las etapas elementales. Se le dar\u00e1 una educaci\u00f3n que favorezca su cultura general y le permita, en condiciones de igualdad de oportunidades, desarrollar sus aptitudes y su juicio individual, su sentido de responsabilidad moral y social, y llegar a ser un miembro \u00fatil de la sociedad.<\/p>\n<p style=\"text-align: left;\">El inter\u00e9s superior del ni\u00f1o debe ser el principio rector de quienes tiene la responsabilidad de su educaci\u00f3n y orientaci\u00f3n; dicha responsabilidad incumbe en primer termino a los padres.<\/p>\n<p style=\"text-align: left;\">El ni\u00f1o debe disfrutar plenamente de juegos y recreaciones, los cuales deber\u00e1n estar orientados hacia los fines perseguidos por la educaci\u00f3n; la sociedad y las autoridades p\u00fablicas se esforzar\u00e1n por promover el goce de este derecho.<\/p>\n<h3 style=\"text-align: left;\"><span style=\"color: #003366;\"><strong>Principio VIII :<\/strong><\/span><\/h3>\n<p style=\"text-align: left;\">El ni\u00f1o debe, en todas circunstancias, figurar entre los primeros que reciban protecci\u00f3n y socorro.<\/p>\n<h3 style=\"text-align: left;\"><span style=\"color: #003366;\"><strong>Principio IX :<\/strong><\/span><\/h3>\n<p style=\"text-align: left;\">El ni\u00f1o debe ser protegido contra toda forma de abandono, crueldad y explotaci\u00f3n. No ser\u00e1 objeto de ning\u00fan tipo de trata.<\/p>\n<p style=\"text-align: left;\">No deber\u00e1 permitirse al ni\u00f1o trabajar antes de una edad m\u00ednima adecuada; en ning\u00fan caso se le dedicar\u00e1 ni se le permitir\u00e1 que se dedique a ocupaci\u00f3n o empleo alguno que pueda perjudicar su salud o su educaci\u00f3n, o impedir su desarrollo f\u00edsico, mental o moral.<\/p>\n<h3 style=\"text-align: left;\"><span style=\"color: #003366;\"><strong>Principio X :<\/strong><\/span><\/h3>\n<p style=\"text-align: left;\">El ni\u00f1o debe ser protegido contra las pr\u00e1cticas que puedan fomentar la discriminaci\u00f3n racial, religiosa o de cualquier otra \u00edndole. Debe ser educado en un esp\u00edritu de comprensi\u00f3n, tolerancia, amistad entre los pueblos, paz y fraternidad universal, y con plena conciencia de que debe consagrar sus energ\u00edas y aptitudes al sevicio de sus semejantes.<\/p>\n<div id=\"toggle\"><a onclick=\"show_voir_aussi('voir_aussi_box')\" href=\"javascript:show_voir_aussi(id)\"><\/a><\/div>\n<div id=\"voir_aussi_box\" style=\"display: none;\">\n<ul>\n<li><a href=\"https:\/\/www.humanium.org\/es\/declaracion-1959\/\" target=\"_self\">Presentaci\u00f3n de la Declaraci\u00f3n de los Derechos del Ni\u00f1o, 1959<\/a><\/li>\n<\/ul>\n<\/div>\n<p>&nbsp;<\/p>\n","protected":false},"excerpt":{"rendered":"<p>Declaraci\u00f3n de los Derechos del Ni\u00f1o 20 de Noviembre de 1959 (texto completo) Pre\u00e1mbulo Considerando que los pueblos de las Naciones Unidas han reafirmado en la carta su f\u00e9 en los derechos fundamentales del hombre y en la dignidad y el valor de la persona humana y su determinaci\u00f3n de promover el progreso social y [&hellip;]<\/p>\n","protected":false},"author":1,"featured_media":0,"parent":0,"menu_order":0,"comment_status":"closed","ping_status":"open","template":"","meta":{"footnotes":""},"class_list":["post-4264","page","type-page","status-publish","hentry"],"yoast_head":"<!-- This site is optimized with the Yoast SEO plugin v26.5 - https:\/\/yoast.com\/wordpress\/plugins\/seo\/ -->\n<title>Declaraci\u00f3n de los Derechos del Ni\u00f1o - texto completo - Humanium<\/title>\n<meta name=\"robots\" content=\"index, follow, max-snippet:-1, max-image-preview:large, max-video-preview:-1\" \/>\n<link rel=\"canonical\" href=\"https:\/\/www.humanium.org\/es\/declaracion-de-los-derechos-del-nino-texto-completo\/\" \/>\n<meta property=\"og:locale\" content=\"es_ES\" \/>\n<meta property=\"og:type\" content=\"article\" \/>\n<meta property=\"og:title\" content=\"Declaraci\u00f3n de los Derechos del Ni\u00f1o - texto completo - Humanium\" \/>\n<meta property=\"og:description\" content=\"Declaraci\u00f3n de los Derechos del Ni\u00f1o 20 de Noviembre de 1959 (texto completo) Pre\u00e1mbulo Considerando que los pueblos de las Naciones Unidas han reafirmado en la carta su f\u00e9 en los derechos fundamentales del hombre y en la dignidad y el valor de la persona humana y su determinaci\u00f3n de promover el progreso social y [&hellip;]\" \/>\n<meta property=\"og:url\" content=\"https:\/\/www.humanium.org\/es\/declaracion-de-los-derechos-del-nino-texto-completo\/\" \/>\n<meta property=\"og:site_name\" content=\"Humanium\" \/>\n<meta property=\"article:modified_time\" content=\"2025-12-13T21:20:22+00:00\" \/>\n<meta name=\"twitter:card\" content=\"summary_large_image\" \/>\n<meta name=\"twitter:label1\" content=\"Tiempo de lectura\" \/>\n\t<meta name=\"twitter:data1\" content=\"5 minutos\" \/>\n<script type=\"application\/ld+json\" class=\"yoast-schema-graph\">{\"@context\":\"https:\/\/schema.org\",\"@graph\":[{\"@type\":\"WebPage\",\"@id\":\"https:\/\/www.humanium.org\/es\/declaracion-de-los-derechos-del-nino-texto-completo\/\",\"url\":\"https:\/\/www.humanium.org\/es\/declaracion-de-los-derechos-del-nino-texto-completo\/\",\"name\":\"Declaraci\u00f3n de los Derechos del Ni\u00f1o - texto completo - Humanium\",\"isPartOf\":{\"@id\":\"https:\/\/www.humanium.org\/es\/#website\"},\"primaryImageOfPage\":{\"@id\":\"https:\/\/www.humanium.org\/es\/declaracion-de-los-derechos-del-nino-texto-completo\/#primaryimage\"},\"image\":{\"@id\":\"https:\/\/www.humanium.org\/es\/declaracion-de-los-derechos-del-nino-texto-completo\/#primaryimage\"},\"thumbnailUrl\":\"https:\/\/www.humanium.org\/fr\/wp-content\/uploads\/logo-odt.gif\",\"datePublished\":\"2013-09-06T11:41:57+00:00\",\"dateModified\":\"2025-12-13T21:20:22+00:00\",\"breadcrumb\":{\"@id\":\"https:\/\/www.humanium.org\/es\/declaracion-de-los-derechos-del-nino-texto-completo\/#breadcrumb\"},\"inLanguage\":\"es\",\"potentialAction\":[{\"@type\":\"ReadAction\",\"target\":[\"https:\/\/www.humanium.org\/es\/declaracion-de-los-derechos-del-nino-texto-completo\/\"]}]},{\"@type\":\"ImageObject\",\"inLanguage\":\"es\",\"@id\":\"https:\/\/www.humanium.org\/es\/declaracion-de-los-derechos-del-nino-texto-completo\/#primaryimage\",\"url\":\"https:\/\/www.humanium.org\/fr\/wp-content\/uploads\/logo-odt.gif\",\"contentUrl\":\"https:\/\/www.humanium.org\/fr\/wp-content\/uploads\/logo-odt.gif\"},{\"@type\":\"BreadcrumbList\",\"@id\":\"https:\/\/www.humanium.org\/es\/declaracion-de-los-derechos-del-nino-texto-completo\/#breadcrumb\",\"itemListElement\":[{\"@type\":\"ListItem\",\"position\":1,\"name\":\"Home\",\"item\":\"https:\/\/www.humanium.org\/es\/\"},{\"@type\":\"ListItem\",\"position\":2,\"name\":\"Declaraci\u00f3n de los Derechos del Ni\u00f1o &#8211; texto completo\"}]},{\"@type\":\"WebSite\",\"@id\":\"https:\/\/www.humanium.org\/es\/#website\",\"url\":\"https:\/\/www.humanium.org\/es\/\",\"name\":\"Humanium\",\"description\":\"\u00a1Los ni\u00f1os primero!\",\"potentialAction\":[{\"@type\":\"SearchAction\",\"target\":{\"@type\":\"EntryPoint\",\"urlTemplate\":\"https:\/\/www.humanium.org\/es\/?s={search_term_string}\"},\"query-input\":{\"@type\":\"PropertyValueSpecification\",\"valueRequired\":true,\"valueName\":\"search_term_string\"}}],\"inLanguage\":\"es\"}]}<\/script>\n<!-- \/ Yoast SEO plugin. -->","yoast_head_json":{"title":"Declaraci\u00f3n de los Derechos del Ni\u00f1o - texto completo - Humanium","robots":{"index":"index","follow":"follow","max-snippet":"max-snippet:-1","max-image-preview":"max-image-preview:large","max-video-preview":"max-video-preview:-1"},"canonical":"https:\/\/www.humanium.org\/es\/declaracion-de-los-derechos-del-nino-texto-completo\/","og_locale":"es_ES","og_type":"article","og_title":"Declaraci\u00f3n de los Derechos del Ni\u00f1o - texto completo - Humanium","og_description":"Declaraci\u00f3n de los Derechos del Ni\u00f1o 20 de Noviembre de 1959 (texto completo) Pre\u00e1mbulo Considerando que los pueblos de las Naciones Unidas han reafirmado en la carta su f\u00e9 en los derechos fundamentales del hombre y en la dignidad y el valor de la persona humana y su determinaci\u00f3n de promover el progreso social y [&hellip;]","og_url":"https:\/\/www.humanium.org\/es\/declaracion-de-los-derechos-del-nino-texto-completo\/","og_site_name":"Humanium","article_modified_time":"2025-12-13T21:20:22+00:00","twitter_card":"summary_large_image","twitter_misc":{"Tiempo de lectura":"5 minutos"},"schema":{"@context":"https:\/\/schema.org","@graph":[{"@type":"WebPage","@id":"https:\/\/www.humanium.org\/es\/declaracion-de-los-derechos-del-nino-texto-completo\/","url":"https:\/\/www.humanium.org\/es\/declaracion-de-los-derechos-del-nino-texto-completo\/","name":"Declaraci\u00f3n de los Derechos del Ni\u00f1o - texto completo - Humanium","isPartOf":{"@id":"https:\/\/www.humanium.org\/es\/#website"},"primaryImageOfPage":{"@id":"https:\/\/www.humanium.org\/es\/declaracion-de-los-derechos-del-nino-texto-completo\/#primaryimage"},"image":{"@id":"https:\/\/www.humanium.org\/es\/declaracion-de-los-derechos-del-nino-texto-completo\/#primaryimage"},"thumbnailUrl":"https:\/\/www.humanium.org\/fr\/wp-content\/uploads\/logo-odt.gif","datePublished":"2013-09-06T11:41:57+00:00","dateModified":"2025-12-13T21:20:22+00:00","breadcrumb":{"@id":"https:\/\/www.humanium.org\/es\/declaracion-de-los-derechos-del-nino-texto-completo\/#breadcrumb"},"inLanguage":"es","potentialAction":[{"@type":"ReadAction","target":["https:\/\/www.humanium.org\/es\/declaracion-de-los-derechos-del-nino-texto-completo\/"]}]},{"@type":"ImageObject","inLanguage":"es","@id":"https:\/\/www.humanium.org\/es\/declaracion-de-los-derechos-del-nino-texto-completo\/#primaryimage","url":"https:\/\/www.humanium.org\/fr\/wp-content\/uploads\/logo-odt.gif","contentUrl":"https:\/\/www.humanium.org\/fr\/wp-content\/uploads\/logo-odt.gif"},{"@type":"BreadcrumbList","@id":"https:\/\/www.humanium.org\/es\/declaracion-de-los-derechos-del-nino-texto-completo\/#breadcrumb","itemListElement":[{"@type":"ListItem","position":1,"name":"Home","item":"https:\/\/www.humanium.org\/es\/"},{"@type":"ListItem","position":2,"name":"Declaraci\u00f3n de los Derechos del Ni\u00f1o &#8211; texto completo"}]},{"@type":"WebSite","@id":"https:\/\/www.humanium.org\/es\/#website","url":"https:\/\/www.humanium.org\/es\/","name":"Humanium","description":"\u00a1Los ni\u00f1os primero!","potentialAction":[{"@type":"SearchAction","target":{"@type":"EntryPoint","urlTemplate":"https:\/\/www.humanium.org\/es\/?s={search_term_string}"},"query-input":{"@type":"PropertyValueSpecification","valueRequired":true,"valueName":"search_term_string"}}],"inLanguage":"es"}]}},"_links":{"self":[{"href":"https:\/\/www.humanium.org\/es\/wp-json\/wp\/v2\/pages\/4264","targetHints":{"allow":["GET"]}}],"collection":[{"href":"https:\/\/www.humanium.org\/es\/wp-json\/wp\/v2\/pages"}],"about":[{"href":"https:\/\/www.humanium.org\/es\/wp-json\/wp\/v2\/types\/page"}],"author":[{"embeddable":true,"href":"https:\/\/www.humanium.org\/es\/wp-json\/wp\/v2\/users\/1"}],"replies":[{"embeddable":true,"href":"https:\/\/www.humanium.org\/es\/wp-json\/wp\/v2\/comments?post=4264"}],"version-history":[{"count":6,"href":"https:\/\/www.humanium.org\/es\/wp-json\/wp\/v2\/pages\/4264\/revisions"}],"predecessor-version":[{"id":21185,"href":"https:\/\/www.humanium.org\/es\/wp-json\/wp\/v2\/pages\/4264\/revisions\/21185"}],"wp:attachment":[{"href":"https:\/\/www.humanium.org\/es\/wp-json\/wp\/v2\/media?parent=4264"}],"curies":[{"name":"wp","href":"https:\/\/api.w.org\/{rel}","templated":true}]}}