{"id":4345,"date":"2013-09-23T13:26:51","date_gmt":"2013-09-23T13:26:51","guid":{"rendered":"http:\/\/www.humanium.org\/es\/?page_id=4345"},"modified":"2025-12-13T21:20:23","modified_gmt":"2025-12-13T21:20:23","slug":"declaracion-sobre-el-derecho-al-desarrollo","status":"publish","type":"page","link":"https:\/\/www.humanium.org\/es\/declaracion-sobre-el-derecho-al-desarrollo\/","title":{"rendered":"Declaraci\u00f3n sobre el derecho al desarrollo"},"content":{"rendered":"<h2><span style=\"color: #800000;\"><img loading=\"lazy\" decoding=\"async\" class=\"alignright size-full wp-image-972\" title=\"ODT\" src=\"https:\/\/www.humanium.org\/fr\/wp-content\/uploads\/logo-odt.gif\" alt=\"\" width=\"28\" height=\"24\" \/><img loading=\"lazy\" decoding=\"async\" class=\"alignright size-full wp-image-974\" title=\"WORD\" src=\"https:\/\/www.humanium.org\/fr\/wp-content\/uploads\/logo-word.gif\" alt=\"\" width=\"24\" height=\"24\" \/><img loading=\"lazy\" decoding=\"async\" class=\"alignright size-full wp-image-973\" title=\"PDF\" src=\"https:\/\/www.humanium.org\/fr\/wp-content\/uploads\/logo-pdf.gif\" alt=\"\" width=\"24\" height=\"24\" \/>Declaraci\u00f3n sobre el derecho al desarrollo<\/span><\/h2>\n<h3 style=\"text-align: left;\"><span style=\"color: #800000;\">Adoptado por la Asamblea General en su resoluci\u00f3n 41\/128, de 4 de diciembre de 1986 (texto completo)<\/span><\/h3>\n<p style=\"text-align: left;\">La Asamblea General,<\/p>\n<p style=\"text-align: left;\">Teniendo presentes los prop\u00f3sitos y principios de la Carta de las Naciones Unidas relativos a la realizaci\u00f3n de la cooperaci\u00f3n internacional en la soluci\u00f3n de los problemas internacionales de car\u00e1cter econ\u00f3mico, social, cultural o humanitario y en el desarrollo y est\u00edmulo del respeto a los derechos humanos y las libertades fundamentales de todos, sin hacer distinci\u00f3n por motivos de raza, sexo, idioma o religi\u00f3n,<\/p>\n<p style=\"text-align: left;\">Reconociendo que el desarrollo es un proceso global econ\u00f3mico, social, cultural y pol\u00edtico, que tiende al mejoramiento constante del bienestar de toda la poblaci\u00f3n y de todos los individuos sobre la base de su participaci\u00f3n activa, libre y significativa en el desarrollo y en la distribuci\u00f3n justa de los beneficios que de \u00e9l se derivan,<\/p>\n<p style=\"text-align: left;\">Considerando que, conforme a las disposiciones de la Declaraci\u00f3n Universal de Derechos Humanos, toda persona tiene derecho a un orden social e internacional en el que se puedan realizar plenamente los derechos y las libertades enunciados en esa Declaraci\u00f3n,<\/p>\n<p style=\"text-align: left;\">Consciente de que los esfuerzos para promover y proteger los derechos humanos a nivel internacional deben ir acompa\u00f1ados de esfuerzos para establecer un nuevo orden econ\u00f3mico internacional,<\/p>\n<p style=\"text-align: left;\">Recordando adem\u00e1s los acuerdos, convenciones, resoluciones, recomendaciones y dem\u00e1s instrumentos pertinentes de las Naciones Unidas y de sus organismos especializados relativos al desarrollo integral del ser humano y al progreso y desarrollo econ\u00f3micos y sociales de todos los pueblos, incluidos los instrumentos relativos a la descolonizaci\u00f3n, la prevenci\u00f3n de discriminaciones, el respeto y la observancia de los derechos humanos y las libertades fundamentales, el mantenimiento de la paz y la seguridad internacionales y el ulterior fomento de relaciones de amistad y cooperaci\u00f3n entre los Estados de conformidad con la Carta,<\/p>\n<p style=\"text-align: left;\">Recordando el derecho de los pueblos a la libre determinaci\u00f3n, en virtud del cual tienen derecho a determinar libremente su condici\u00f3n pol\u00edtica y a realizar su desarrollo econ\u00f3mico, social y cultural,<\/p>\n<p style=\"text-align: left;\">Recordando tambi\u00e9n el derecho de los pueblos a ejercer, con sujeci\u00f3n a las disposiciones pertinentes de ambos Pactos internacionales de derechos humanos, su soberan\u00eda plena y completa sobre todos sus recursos y riquezas naturales,<\/p>\n<p style=\"text-align: left;\">Consciente de la obligaci\u00f3n de los Estados, en virtud de la Carta, de promover el respeto universal y la observancia de los derechos humanos y las libertades fundamentales para todos, sin distinci\u00f3n de ninguna clase por motivos de raza, color, sexo, idioma, religi\u00f3n, opini\u00f3n pol\u00edtica o de otra \u00edndole, origen nacional o social, situaci\u00f3n econ\u00f3mica, nacimiento u otra condici\u00f3n,<\/p>\n<p style=\"text-align: left;\">Considerando que la eliminaci\u00f3n de las violaciones masivas y patentes de los derechos humanos de los pueblos e individuos afectados por situaciones tales como las resultantes del colonialismo, el neocolonialismo, el apartheid, todas las formas de racismo y discriminaci\u00f3n racial, la dominaci\u00f3n y la ocupaci\u00f3n extranjeras, la agresi\u00f3n y las amenazas contra la soberan\u00eda nacional, la unidad nacional y la integridad territorial, y las amenazas de guerra, contribuir\u00eda a establecer circunstancias propicias para el desarrollo de gran parte de la humanidad,<\/p>\n<p style=\"text-align: left;\">Preocupada por la existencia de graves obst\u00e1culos, constituidos, entre otras cosas, por la denegaci\u00f3n de los derechos civiles, pol\u00edticos, econ\u00f3micos, sociales y culturales, obst\u00e1culos que se oponen al desarrollo y a la completa realizaci\u00f3n del ser humano y de los pueblos, y considerando que todos los derechos humanos y las libertades fundamentales son indivisibles e interdependientes y que, a fin de fomentar el desarrollo, deber\u00eda examinarse con la misma atenci\u00f3n y urgencia la aplicaci\u00f3n, promoci\u00f3n y protecci\u00f3n de los derechos civiles, pol\u00edticos, econ\u00f3micos, sociales y culturales, y que, en consecuencia, la promoci\u00f3n, el respeto y el disfrute de ciertos derechos humanos y libertades fundamentales no pueden justificar la denegaci\u00f3n de otros derechos humanos y libertades fundamentales,<\/p>\n<p style=\"text-align: left;\">Considerando que la paz y la seguridad internacionales son elementos esenciales para la realizaci\u00f3n del derecho al desarrollo,<\/p>\n<p style=\"text-align: left;\">Reafirmando que hay una estrecha relaci\u00f3n entre el desarme y el desarrollo, que los progresos en la esfera del desarme promover\u00edan considerablemente los progresos en la esfera del desarrollo y que los recursos liberados con las medidas de desarme deber\u00edan destinarse al desarrollo econ\u00f3mico y social y al bienestar de todos los pueblos, y, en particular, de los pa\u00edses en desarrollo,<\/p>\n<p style=\"text-align: left;\">Reafirmando que hay una estrecha relaci\u00f3n entre el desarme y el desarrollo, que los progresos en la esfera del desarme promover\u00edan considerablemente los progresos en la esfera del desarrollo y que los recursos liberados con las medidas de desarme deber\u00edan destinarse al desarrollo econ\u00f3mico y social y al bienestar de todos los pueblos, y, en particular, de los pa\u00edses en desarrollo,<\/p>\n<p style=\"text-align: left;\">Reconociendo que la creaci\u00f3n de condiciones favorables al desarrollo de los pueblos y las personas es el deber primordial de los respectivos Estados,<\/p>\n<p style=\"text-align: left;\">Consciente de que los esfuerzos para promover y proteger los derechos humanos a nivel internacional deben ir acompa\u00f1ados de esfuerzos para establecer un nuevo orden econ\u00f3mico internacional,<\/p>\n<p style=\"text-align: left;\">Consciente de que los esfuerzos para promover y proteger los derechos humanos a nivel internacional deben ir acompa\u00f1ados de esfuerzos para establecer un nuevo orden econ\u00f3mico internacional,<\/p>\n<p style=\"text-align: left;\">Confirmando que el derecho al desarrollo es un derecho humano inalienable y que la igualdad de oportunidades para el desarrollo es una prerrogativa tanto de las naciones como de los individuos que componen las naciones,<\/p>\n<p style=\"text-align: left;\">Proclama la siguiente Declaraci\u00f3n sobre el derecho al desarrollo:<\/p>\n<h3 style=\"text-align: left;\"><strong><span style=\"color: #000080;\">Art\u00edculo 1<\/span><\/strong><\/h3>\n<p style=\"text-align: left;\">1. El derecho al desarrollo es un derecho humano inalienable en virtud del cual todo ser humano y todos los pueblos est\u00e1n facultados para participar en un desarrollo econ\u00f3mico, social, cultural y pol\u00edtico en el que puedan realizarse plenamente todos los derechos humanos y libertades fundamentales, a contribuir a ese desarrollo y a disfrutar de \u00e9l.<\/p>\n<p style=\"text-align: left;\">2. El derecho humano al desarrollo implica tambi\u00e9n la plena realizaci\u00f3n del derecho de los pueblos a la libre determinaci\u00f3n, que incluye, con sujeci\u00f3n a las disposiciones pertinentes de ambos Pactos internacionales de derechos humanos, el ejercicio de su derecho inalienable a la plena soberan\u00eda sobre todas sus riquezas y recursos naturales.<\/p>\n<h3 style=\"text-align: left;\"><span style=\"color: #000080;\"><strong>Art\u00edculo 2<\/strong><\/span><\/h3>\n<p style=\"text-align: left;\">1. La persona humana es el sujeto central del desarrollo y debe ser el participante activo y el beneficiario del derecho al desarrollo.<\/p>\n<p style=\"text-align: left;\">2. Todos los seres humanos tienen, individual y colectivamente, la responsabilidad del desarrollo, teniendo en cuenta la necesidad del pleno respeto de sus derechos humanos y libertades fundamentales, as\u00ed como sus deberes para con la comunidad, \u00fanico \u00e1mbito en que se puede asegurar la libre y plena realizaci\u00f3n del ser humano, y, por consiguiente, deben promover y proteger un orden pol\u00edtico, social y econ\u00f3mico apropiado para el desarrollo.<\/p>\n<p style=\"text-align: left;\">3. Los Estados tienen el derecho y el deber de formular pol\u00edticas de desarrollo nacional adecuadas con el fin de mejorar constantemente el bienestar de la poblaci\u00f3n entera y de todos los individuos sobre la base de su participaci\u00f3n activa, libre y significativa en el desarrollo y en la equitativa distribuci\u00f3n de los beneficios resultantes de \u00e9ste.<\/p>\n<h3 style=\"text-align: left;\"><strong><span style=\"color: #000080;\">Art\u00edculo 3<\/span><\/strong><\/h3>\n<p style=\"text-align: left;\">1. Los Estados tienen el deber primordial de crear condiciones nacionales e internacionales favorables para la realizaci\u00f3n del derecho al desarrollo.<\/p>\n<p style=\"text-align: left;\">2. La realizaci\u00f3n del derecho al desarrollo exige el pleno respeto de los principios de derecho internacional referentes a las relaciones de amistad y a la cooperaci\u00f3n entre los Estados de conformidad con la Carta de las Naciones Unidas.<\/p>\n<p style=\"text-align: left;\">3. Los Estados tienen el deber de cooperar mutuamente para lograr el desarrollo y eliminar los obst\u00e1culos al desarrollo. Los Estados deben realizar sus derechos y sus deberes de modo que promuevan un nuevo orden econ\u00f3mico internacional basado en la igualdad soberana, la interdependencia, el inter\u00e9s com\u00fan y la cooperaci\u00f3n entre todos los Estados, y que fomenten la observancia y el disfrute de los derechos humanos.<\/p>\n<h3 style=\"text-align: left;\"><strong><span style=\"color: #000080;\">Art\u00edculo 4<\/span><\/strong><\/h3>\n<p style=\"text-align: left;\">1. Los Estados tienen el deber de adoptar, individual y colectivamente, medidas para formular pol\u00edticas adecuadas de desarrollo internacional a fin de facilitar la plena realizaci\u00f3n del derecho al desarrollo.<\/p>\n<p style=\"text-align: left;\">2. Se requiere una acci\u00f3n sostenida para promover un desarrollo m\u00e1s r\u00e1pido de los pa\u00edses en desarrollo. Como complemento de los esfuerzos de los pa\u00edses en desarrollo es indispensable una cooperaci\u00f3n internacional eficaz para proporcionar a esos pa\u00edses los medios y las facilidades adecuados para fomentar su desarrollo global.<\/p>\n<h3 style=\"text-align: left;\"><strong><span style=\"color: #000080;\">Art\u00edculo 5<\/span><\/strong><\/h3>\n<p style=\"text-align: left;\">Los Estados adoptar\u00e1n en\u00e9rgicas medidas para eliminar las violaciones masivas y patentes de los derechos humanos de los pueblos y los seres humanos afectados por situaciones tales como las resultantes del apartheid, todas las formas de racismo y discriminaci\u00f3n racial, el colonialismo, la dominaci\u00f3n y ocupaci\u00f3n extranjeras, la agresi\u00f3n, la injerencia extranjera y las amenazas contra la soberan\u00eda nacional, la unidad nacional y la integridad territorial, las amenazas de guerra y la negativa a reconocer el derecho fundamental de los pueblos a la libre determinaci\u00f3n.<\/p>\n<h3 style=\"text-align: left;\"><strong><span style=\"color: #000080;\">Art\u00edculo 6<\/span><\/strong><\/h3>\n<p style=\"text-align: left;\">1. Todos los Estados deben cooperar con miras a promover, fomentar y reforzar el respeto universal y la observancia de todos los derechos humanos y las libertades fundamentales de todos, sin ninguna distinci\u00f3n por motivos de raza, sexo, idioma y religi\u00f3n.<\/p>\n<p style=\"text-align: left;\">2. Todos los derechos humanos y las libertades fundamentales son indivisibles e interdependientes; debe darse igual atenci\u00f3n y urgente consideraci\u00f3n a la aplicaci\u00f3n, promoci\u00f3n y protecci\u00f3n de los derechos civiles, pol\u00edticos, econ\u00f3micos, sociales y culturales.<\/p>\n<p style=\"text-align: left;\">3. Los Estados deben adoptar medidas para eliminar los obst\u00e1culos al desarrollo resultantes de la inobservancia de los derechos civiles y pol\u00edticos, as\u00ed como de los derechos econ\u00f3micos, sociales y culturales.<\/p>\n<h3 style=\"text-align: left;\"><strong><span style=\"color: #000080;\">Art\u00edculo 7<\/span><\/strong><\/h3>\n<p style=\"text-align: left;\">Todos los Estados deben promover el establecimiento, mantenimiento y fortalecimiento de la paz y la seguridad internacionales y, con ese fin, deben hacer cuanto est\u00e9 en su poder por lograr el desarme general y completo bajo un control internacional eficaz, as\u00ed como lograr que los recursos liberados con medidas efectivas de desarme se utilicen para el desarrollo global, en particular de los pa\u00edses en desarrollo.<\/p>\n<h3 style=\"text-align: left;\"><strong><span style=\"color: #000080;\">Art\u00edculo 8<\/span><\/strong><\/h3>\n<p style=\"text-align: left;\">1. Los Estados deben adoptar, en el plano nacional, todas las medidas necesarias para la realizaci\u00f3n del derecho al desarrollo y garantizar\u00e1n, entre otras cosas, la igualdad de oportunidades para todos en cuanto al acceso a los recursos b\u00e1sicos, la educaci\u00f3n, los servicios de salud, los alimentos, la vivienda, el empleo, y la justa distribuci\u00f3n de los ingresos. Deben adoptarse medidas eficaces para lograr que la mujer participe activamente en el proceso de desarrollo. Deben hacerse reformas econ\u00f3micas y sociales adecuadas con objeto de erradicar todas las injusticias sociales.<\/p>\n<p style=\"text-align: left;\">2. Los Estados deben alentar la participaci\u00f3n popular en todas las esferas como factor importante para el desarrollo y para la plena realizaci\u00f3n de todos los derechos humanos.<\/p>\n<h3 style=\"text-align: left;\"><strong><span style=\"color: #000080;\">Art\u00edculo 9<\/span><\/strong><\/h3>\n<p style=\"text-align: left;\">1. Todos los aspectos del derecho al desarrollo enunciados en la presente Declaraci\u00f3n son indivisibles e interdependientes y cada uno debe ser interpretado en el contexto del conjunto de ellos.<\/p>\n<p style=\"text-align: left;\">2. Nada de lo dispuesto en la presente Declaraci\u00f3n debe ser interpretado en menoscabo de los prop\u00f3sitos y principios de las Naciones Unidas, ni en el sentido de que cualquier Estado, grupo o persona tiene derecho a desarrollar cualquier actividad o realizar cualquier acto cuyo objeto sea la violaci\u00f3n de los derechos establecidos en la Declaraci\u00f3n Universal de Derechos Humanos y los Pactos internacionales de derechos humanos.<\/p>\n<h3 style=\"text-align: left;\"><strong><span style=\"color: #000080;\">Art\u00edculo 10<\/span><\/strong><\/h3>\n<p style=\"text-align: left;\">Deben adoptarse medidas para asegurar el pleno ejercicio y la consolidaci\u00f3n progresiva del derecho al desarrollo, inclusive la formulaci\u00f3n, adopci\u00f3n y aplicaci\u00f3n de medidas pol\u00edticas, legislativas y de otra \u00edndole en el plano nacional e internacional.<\/p>\n","protected":false},"excerpt":{"rendered":"<p>Declaraci\u00f3n sobre el derecho al desarrollo Adoptado por la Asamblea General en su resoluci\u00f3n 41\/128, de 4 de diciembre de 1986 (texto completo) La Asamblea General, Teniendo presentes los prop\u00f3sitos y principios de la Carta de las Naciones Unidas relativos a la realizaci\u00f3n de la cooperaci\u00f3n internacional en la soluci\u00f3n de los problemas internacionales de [&hellip;]<\/p>\n","protected":false},"author":1,"featured_media":0,"parent":0,"menu_order":0,"comment_status":"closed","ping_status":"open","template":"","meta":{"footnotes":""},"class_list":["post-4345","page","type-page","status-publish","hentry"],"yoast_head":"<!-- This site is optimized with the Yoast SEO plugin v26.5 - https:\/\/yoast.com\/wordpress\/plugins\/seo\/ -->\n<title>Declaraci\u00f3n sobre el derecho al desarrollo - Humanium<\/title>\n<meta name=\"robots\" content=\"index, follow, max-snippet:-1, max-image-preview:large, max-video-preview:-1\" \/>\n<link rel=\"canonical\" href=\"https:\/\/www.humanium.org\/es\/declaracion-sobre-el-derecho-al-desarrollo\/\" \/>\n<meta property=\"og:locale\" content=\"es_ES\" \/>\n<meta property=\"og:type\" content=\"article\" \/>\n<meta property=\"og:title\" content=\"Declaraci\u00f3n sobre el derecho al desarrollo - Humanium\" \/>\n<meta property=\"og:description\" content=\"Declaraci\u00f3n sobre el derecho al desarrollo Adoptado por la Asamblea General en su resoluci\u00f3n 41\/128, de 4 de diciembre de 1986 (texto completo) La Asamblea General, Teniendo presentes los prop\u00f3sitos y principios de la Carta de las Naciones Unidas relativos a la realizaci\u00f3n de la cooperaci\u00f3n internacional en la soluci\u00f3n de los problemas internacionales de [&hellip;]\" \/>\n<meta property=\"og:url\" content=\"https:\/\/www.humanium.org\/es\/declaracion-sobre-el-derecho-al-desarrollo\/\" \/>\n<meta property=\"og:site_name\" content=\"Humanium\" \/>\n<meta property=\"article:modified_time\" content=\"2025-12-13T21:20:23+00:00\" \/>\n<meta name=\"twitter:card\" content=\"summary_large_image\" \/>\n<meta name=\"twitter:label1\" content=\"Tiempo de lectura\" \/>\n\t<meta name=\"twitter:data1\" content=\"10 minutos\" \/>\n<script type=\"application\/ld+json\" class=\"yoast-schema-graph\">{\"@context\":\"https:\/\/schema.org\",\"@graph\":[{\"@type\":\"WebPage\",\"@id\":\"https:\/\/www.humanium.org\/es\/declaracion-sobre-el-derecho-al-desarrollo\/\",\"url\":\"https:\/\/www.humanium.org\/es\/declaracion-sobre-el-derecho-al-desarrollo\/\",\"name\":\"Declaraci\u00f3n sobre el derecho al desarrollo - Humanium\",\"isPartOf\":{\"@id\":\"https:\/\/www.humanium.org\/es\/#website\"},\"primaryImageOfPage\":{\"@id\":\"https:\/\/www.humanium.org\/es\/declaracion-sobre-el-derecho-al-desarrollo\/#primaryimage\"},\"image\":{\"@id\":\"https:\/\/www.humanium.org\/es\/declaracion-sobre-el-derecho-al-desarrollo\/#primaryimage\"},\"thumbnailUrl\":\"https:\/\/www.humanium.org\/fr\/wp-content\/uploads\/logo-odt.gif\",\"datePublished\":\"2013-09-23T13:26:51+00:00\",\"dateModified\":\"2025-12-13T21:20:23+00:00\",\"breadcrumb\":{\"@id\":\"https:\/\/www.humanium.org\/es\/declaracion-sobre-el-derecho-al-desarrollo\/#breadcrumb\"},\"inLanguage\":\"es\",\"potentialAction\":[{\"@type\":\"ReadAction\",\"target\":[\"https:\/\/www.humanium.org\/es\/declaracion-sobre-el-derecho-al-desarrollo\/\"]}]},{\"@type\":\"ImageObject\",\"inLanguage\":\"es\",\"@id\":\"https:\/\/www.humanium.org\/es\/declaracion-sobre-el-derecho-al-desarrollo\/#primaryimage\",\"url\":\"https:\/\/www.humanium.org\/fr\/wp-content\/uploads\/logo-odt.gif\",\"contentUrl\":\"https:\/\/www.humanium.org\/fr\/wp-content\/uploads\/logo-odt.gif\"},{\"@type\":\"BreadcrumbList\",\"@id\":\"https:\/\/www.humanium.org\/es\/declaracion-sobre-el-derecho-al-desarrollo\/#breadcrumb\",\"itemListElement\":[{\"@type\":\"ListItem\",\"position\":1,\"name\":\"Home\",\"item\":\"https:\/\/www.humanium.org\/es\/\"},{\"@type\":\"ListItem\",\"position\":2,\"name\":\"Declaraci\u00f3n sobre el derecho al desarrollo\"}]},{\"@type\":\"WebSite\",\"@id\":\"https:\/\/www.humanium.org\/es\/#website\",\"url\":\"https:\/\/www.humanium.org\/es\/\",\"name\":\"Humanium\",\"description\":\"\u00a1Los ni\u00f1os primero!\",\"potentialAction\":[{\"@type\":\"SearchAction\",\"target\":{\"@type\":\"EntryPoint\",\"urlTemplate\":\"https:\/\/www.humanium.org\/es\/?s={search_term_string}\"},\"query-input\":{\"@type\":\"PropertyValueSpecification\",\"valueRequired\":true,\"valueName\":\"search_term_string\"}}],\"inLanguage\":\"es\"}]}<\/script>\n<!-- \/ Yoast SEO plugin. -->","yoast_head_json":{"title":"Declaraci\u00f3n sobre el derecho al desarrollo - Humanium","robots":{"index":"index","follow":"follow","max-snippet":"max-snippet:-1","max-image-preview":"max-image-preview:large","max-video-preview":"max-video-preview:-1"},"canonical":"https:\/\/www.humanium.org\/es\/declaracion-sobre-el-derecho-al-desarrollo\/","og_locale":"es_ES","og_type":"article","og_title":"Declaraci\u00f3n sobre el derecho al desarrollo - Humanium","og_description":"Declaraci\u00f3n sobre el derecho al desarrollo Adoptado por la Asamblea General en su resoluci\u00f3n 41\/128, de 4 de diciembre de 1986 (texto completo) La Asamblea General, Teniendo presentes los prop\u00f3sitos y principios de la Carta de las Naciones Unidas relativos a la realizaci\u00f3n de la cooperaci\u00f3n internacional en la soluci\u00f3n de los problemas internacionales de [&hellip;]","og_url":"https:\/\/www.humanium.org\/es\/declaracion-sobre-el-derecho-al-desarrollo\/","og_site_name":"Humanium","article_modified_time":"2025-12-13T21:20:23+00:00","twitter_card":"summary_large_image","twitter_misc":{"Tiempo de lectura":"10 minutos"},"schema":{"@context":"https:\/\/schema.org","@graph":[{"@type":"WebPage","@id":"https:\/\/www.humanium.org\/es\/declaracion-sobre-el-derecho-al-desarrollo\/","url":"https:\/\/www.humanium.org\/es\/declaracion-sobre-el-derecho-al-desarrollo\/","name":"Declaraci\u00f3n sobre el derecho al desarrollo - Humanium","isPartOf":{"@id":"https:\/\/www.humanium.org\/es\/#website"},"primaryImageOfPage":{"@id":"https:\/\/www.humanium.org\/es\/declaracion-sobre-el-derecho-al-desarrollo\/#primaryimage"},"image":{"@id":"https:\/\/www.humanium.org\/es\/declaracion-sobre-el-derecho-al-desarrollo\/#primaryimage"},"thumbnailUrl":"https:\/\/www.humanium.org\/fr\/wp-content\/uploads\/logo-odt.gif","datePublished":"2013-09-23T13:26:51+00:00","dateModified":"2025-12-13T21:20:23+00:00","breadcrumb":{"@id":"https:\/\/www.humanium.org\/es\/declaracion-sobre-el-derecho-al-desarrollo\/#breadcrumb"},"inLanguage":"es","potentialAction":[{"@type":"ReadAction","target":["https:\/\/www.humanium.org\/es\/declaracion-sobre-el-derecho-al-desarrollo\/"]}]},{"@type":"ImageObject","inLanguage":"es","@id":"https:\/\/www.humanium.org\/es\/declaracion-sobre-el-derecho-al-desarrollo\/#primaryimage","url":"https:\/\/www.humanium.org\/fr\/wp-content\/uploads\/logo-odt.gif","contentUrl":"https:\/\/www.humanium.org\/fr\/wp-content\/uploads\/logo-odt.gif"},{"@type":"BreadcrumbList","@id":"https:\/\/www.humanium.org\/es\/declaracion-sobre-el-derecho-al-desarrollo\/#breadcrumb","itemListElement":[{"@type":"ListItem","position":1,"name":"Home","item":"https:\/\/www.humanium.org\/es\/"},{"@type":"ListItem","position":2,"name":"Declaraci\u00f3n sobre el derecho al desarrollo"}]},{"@type":"WebSite","@id":"https:\/\/www.humanium.org\/es\/#website","url":"https:\/\/www.humanium.org\/es\/","name":"Humanium","description":"\u00a1Los ni\u00f1os primero!","potentialAction":[{"@type":"SearchAction","target":{"@type":"EntryPoint","urlTemplate":"https:\/\/www.humanium.org\/es\/?s={search_term_string}"},"query-input":{"@type":"PropertyValueSpecification","valueRequired":true,"valueName":"search_term_string"}}],"inLanguage":"es"}]}},"_links":{"self":[{"href":"https:\/\/www.humanium.org\/es\/wp-json\/wp\/v2\/pages\/4345","targetHints":{"allow":["GET"]}}],"collection":[{"href":"https:\/\/www.humanium.org\/es\/wp-json\/wp\/v2\/pages"}],"about":[{"href":"https:\/\/www.humanium.org\/es\/wp-json\/wp\/v2\/types\/page"}],"author":[{"embeddable":true,"href":"https:\/\/www.humanium.org\/es\/wp-json\/wp\/v2\/users\/1"}],"replies":[{"embeddable":true,"href":"https:\/\/www.humanium.org\/es\/wp-json\/wp\/v2\/comments?post=4345"}],"version-history":[{"count":5,"href":"https:\/\/www.humanium.org\/es\/wp-json\/wp\/v2\/pages\/4345\/revisions"}],"predecessor-version":[{"id":21197,"href":"https:\/\/www.humanium.org\/es\/wp-json\/wp\/v2\/pages\/4345\/revisions\/21197"}],"wp:attachment":[{"href":"https:\/\/www.humanium.org\/es\/wp-json\/wp\/v2\/media?parent=4345"}],"curies":[{"name":"wp","href":"https:\/\/api.w.org\/{rel}","templated":true}]}}