{"id":4376,"date":"2013-10-23T06:36:39","date_gmt":"2013-10-23T06:36:39","guid":{"rendered":"http:\/\/www.humanium.org\/es\/?page_id=4376"},"modified":"2025-12-13T21:20:24","modified_gmt":"2025-12-13T21:20:24","slug":"palestina","status":"publish","type":"page","link":"https:\/\/www.humanium.org\/es\/palestina\/","title":{"rendered":"Ni\u00f1os de Palestina"},"content":{"rendered":"<h1>Ni\u00f1os de Palestina<\/h1>\n<h2>Descubriendo los derechos infantiles en Palestina<\/h2>\n<p style=\"text-align: center;\"><img loading=\"lazy\" decoding=\"async\" class=\"alignnone size-full wp-image-16386\" title=\"Ni\u00f1a palestina \u00a9 Afps14 (flickr)\" src=\"https:\/\/www.humanium.org\/fr\/wp-content\/uploads\/2011\/11\/petite-fille-afpsquatorze-flickr.jpg\" alt=\"\" width=\"136\" height=\"200\" \/><img loading=\"lazy\" decoding=\"async\" class=\"alignnone size-full wp-image-16387\" title=\"Ni\u00f1o palestino \u00a9 Gregg Carlstrom (flickr)\" src=\"https:\/\/www.humanium.org\/fr\/wp-content\/uploads\/2011\/11\/garcon-gregg-carlstrom-flickr.jpg\" alt=\"\" width=\"142\" height=\"200\" \/><\/p>\n<p>En referencia al conflicto entre israel\u00edes y palestinos, el <a href=\"https:\/\/www.humanium.org\/es\/que-como\/\">Comit\u00e9 de los Derechos del Ni\u00f1o<\/a> manifest\u00f3 en 2013 de nuevo su \u00abgran preocupaci\u00f3n por el hecho de que los ni\u00f1os de los dos bandos en conflicto sigan resultando heridos o muertos, constituyendo los ni\u00f1os que viven en los territorios palestinos ocupados un porcentaje desproporcionado de esas v\u00edctimas\u00bb.<\/p>\n<p>El Estado de <a href=\"https:\/\/www.humanium.org\/es\/israel\/\">Israel<\/a> es responsable de la adecuada aplicaci\u00f3n de la <a href=\"https:\/\/www.humanium.org\/es\/convencion\/\">Convenci\u00f3n Internacional de los Derechos del Ni\u00f1o<\/a> en Israel <em>y<\/em> en los territorios palestinos ocupados. De hecho, seg\u00fan el Tribunal Internacional de Justicia, como potencia ocupante, es responsable de la situaci\u00f3n de los Derechos Humanos en Palestina. Sin embargo, el Estado israel\u00ed se niega a reconocer esta obligaci\u00f3n. En consecuencia, quedan impunes numerosas violaciones de los derechos del ni\u00f1o.<\/p>\n<h3>Descubriendo los Derechos del Ni\u00f1o en Palestina:<\/h3>\n<p><strong><a href=\"https:\/\/www.humanium.org\/es\/ninos-guerra\/\">Ni\u00f1os v\u00edctimas de la guerra<br \/>\n<\/a><\/strong><br \/>\nComo consecuencia del conflicto armado entre Israel y Palestina, hay que lamentar la muerte de muchos ni\u00f1os palestinos, v\u00edctimas inocentes asesinadas por error -pero tambi\u00e9n algunas veces fr\u00edamente y sin motivo alguno- a manos de militares israel\u00edes.<\/p>\n<p>En la Franja de Gaza, donde Israel libra una cruenta guerra contra Hamas, los enfrentamientos e incursiones israel\u00edes han causado la muerte de numerosos ni\u00f1os. Muchas veces los ataques se dirigen contra lugares p\u00fablicos que suelen convertirse en refugios para civiles, como escuelas, hospitales, etc. Adem\u00e1s de las vidas perdidas, decenas de miles de ni\u00f1os son heridos y algunos de ellos se convierten en <a href=\"https:\/\/www.humanium.org\/es\/ninos-discapacitados\/\">discapacitados<\/a> de por vida.<\/p>\n<p>\u00abFlashbacks, pesadillas, agorafobia: los horrores de la guerra tambi\u00e9n afectan a los ni\u00f1os\u00bb, lamenta Unicef en un estudio sobre los ni\u00f1os de la Franja de Gaza. Esos menores est\u00e1n sin duda traumatizados: el 88% de ellos vive con miedo.<\/p>\n<p>Hamas tampoco duda en utilizar a los ni\u00f1os palestinos de la Franja de Gaza en sus actividades para luchar contra Israel. En una p\u00e1gina web, se puede comprobar c\u00f3mo Hamas glorifica el martirio e incita a los ni\u00f1os a suicidarse para defender la causa palestina. Con el eslogan \u00abmorir por Dios es la victoria\u00bb, se anima a los ni\u00f1os a comprometerse activamente en el conflicto, en perjuicio de su <a href=\"https:\/\/www.humanium.org\/es\/derecho-vida\/\">derecho a la vida<\/a> y a <a href=\"https:\/\/www.humanium.org\/es\/derecho-proteccion\/\">la protecci\u00f3n<\/a>.<\/p>\n<p><strong>Ni\u00f1os v\u00edctimas de la ocupaci\u00f3n<br \/>\n<\/strong><br \/>\nPor otra parte, la ocupaci\u00f3n de Palestina por Israel tiene un impacto en el d\u00eda a d\u00eda de la vida de los ni\u00f1os.<\/p>\n<p>La Autoridad Palestina depende en gran medida de la ayuda internacional, los recursos econ\u00f3micos son escasos y los servicios p\u00fablicos no est\u00e1n a la altura.<\/p>\n<p>El muro, que en algunas zonas cuenta con alambradas y que atraviesa Cisjordania, tiene enormes repercusiones tanto en el acceso a la <a href=\"https:\/\/www.humanium.org\/es\/derecho-educacion\/\">educaci\u00f3n<\/a>, al <a href=\"https:\/\/www.humanium.org\/es\/derecho-agua\/\">agua<\/a> o a los <a href=\"https:\/\/www.humanium.org\/es\/derecho-salud\/\">servicios sanitarios<\/a> como en el desarrollo econ\u00f3mico del pa\u00eds (v\u00e9anse cap\u00edtulos siguientes).<\/p>\n<p>Por otro lado, informes de organizaciones no gubernamentales demuestran que Israel recurre a la fuerza para reprimir las manifestaciones pro-palestinas y no duda en utilizar gases lacrim\u00f3genos ni en disparar a la gente, aunque se trate de ni\u00f1os.<\/p>\n<p>El ej\u00e9rcito israel\u00ed consider\u00f3 que las piedras eran proyectiles tan peligrosos como las balas. En consecuencia, si un ni\u00f1o tira una piedra a un militar israel\u00ed, \u00e9ste puede responder con las armas y el ni\u00f1o podr\u00eda ser castigado con hasta 20 a\u00f1os de c\u00e1rcel.<\/p>\n<p><strong><a href=\"https:\/\/www.humanium.org\/es\/pobreza-infantil\/\">Pobreza<br \/>\n<\/a><\/strong><br \/>\nLas restricciones israel\u00edes a la libre circulaci\u00f3n de personas y mercanc\u00edas constituyen un perjuicio enorme para la econom\u00eda palestina.<\/p>\n<p>En 2012, el \u00edndice de desempleo era del 27% y, seg\u00fan cifras m\u00e1s recientes, el 26% de los palestinos viven por debajo del umbral de la pobreza.<\/p>\n<p>En Gaza, donde la pobreza es mayor, uno de cada dos j\u00f3venes tiene la suerte de trabajar.<\/p>\n<p>Las consecuencias de la pobreza en la vida de los ni\u00f1os son m\u00faltiples: su formaci\u00f3n suele ser insuficiente al abandonar la escuela a muy temprana edad, en general para trabajar y ayudar a cubrir las necesidades de sus familias. El matrimonio precoz de las ni\u00f1as y la criminalidad de los adolescentes son tambi\u00e9n consecuencias de la pobreza.<\/p>\n<p><strong><a href=\"https:\/\/www.humanium.org\/es\/derecho-educacion\/\">Derecho a la educaci\u00f3n<br \/>\n<\/a><\/strong><br \/>\nEn Palestina, en torno al 70% de los ni\u00f1os van a la escuela primaria.<\/p>\n<p>El acceso a la educaci\u00f3n es dif\u00edcil para los ni\u00f1os que viven en campos de refugiados y en pueblos que carecen de escuela.<\/p>\n<p>Seg\u00fan un estudio de Unicef llevado a cabo en 2013, m\u00e1s de 2.500 ni\u00f1os de las comunidades estudiadas atraviesan uno y varios checkpoints cada d\u00eda para ir a la escuela. Una situaci\u00f3n que contribuye al abandono escolar y <a href=\"https:\/\/www.humanium.org\/es\/trabajo-infantil\/\">al trabajo infantil<\/a>.<\/p>\n<p>Adem\u00e1s, hay demasiados alumnos por clase, no hay suficientes aulas, la calidad de la ense\u00f1anza es menor y las escuelas carecen de recursos y medios materiales.<\/p>\n<p>En Gaza, varias escuelas sufrieron da\u00f1os importantes e incluso fueron arrasadas durante la Operaci\u00f3n \u00abPlomo Fundido\u00bb de 2012. En 2013, seg\u00fan Unicef, han tenido que dejar la escuela m\u00e1s de 123.000 ni\u00f1os.<\/p>\n<p><strong><a href=\"https:\/\/www.humanium.org\/es\/derecho-salud\/\">Derecho a la salud<br \/>\n<\/a><\/strong><br \/>\nEn Palestina, el \u00edndice de <a href=\"https:\/\/www.humanium.org\/es\/mortalidad-infantil\/\">mortalidad infantil<\/a> es siete veces superior al de Israel. El 22 \u2030 de los ni\u00f1os palestinos mueren antes de los 5 a\u00f1os. Son varias las causas de esta elevada mortalidad infantil: anemias, carencias alimenticias o incluso desnutrici\u00f3n cr\u00f3nica severa.<\/p>\n<p>El acceso a la sanidad puede resultar muy problem\u00e1tico en Palestina, debido al muro y a los checkpoints. Seg\u00fan distintos testimonios, ha habido casos en los que el ej\u00e9rcito israel\u00ed ha impedido el paso a familias palestinas que iban a llevar al hospital a sus hijos enfermos. En ocasiones, si no se recibe a tiempo la asistencia sanitaria necesaria, el desenlace puede ser fatal. Durante el conflicto, tambi\u00e9n se han destruido numerosos hospitales o ambulatorios, privando a los ni\u00f1os de su derecho a la sanidad.<\/p>\n<p><strong><a href=\"https:\/\/www.humanium.org\/es\/derecho-agua\/\">Derecho al agua<br \/>\n<\/a><\/strong><br \/>\nComo el agua es un recurso muy limitado, la higiene suele quedar relegada a un segundo plano para intentar cubrir necesidades vitales como beber y alimentarse. Pero el consumo de agua no potable provoca enfermedades graves a los ni\u00f1os (diarreas, hepatitis\u2026).<\/p>\n<p><img loading=\"lazy\" decoding=\"async\" class=\"size-medium wp-image-5366 alignright\" title=\"En Cisjordania, en 2013, m\u00e1s de un mill\u00f3n de palestinos tienen que sobrevivir con unos 60 litros de agua por persona y d\u00eda, muy por debajo del umbral recomendado por la ONU de 100 litros por persona y d\u00eda \u00a9 ICRC\" src=\"https:\/\/www.humanium.org\/es\/wp-content\/uploads\/2013\/10\/israel-v-p-il-e-02368-300x199.jpg\" alt=\"israel-v-p-il-e-02368\" width=\"300\" height=\"199\" \/>En Cisjordania, en 2013, m\u00e1s de un mill\u00f3n de palestinos tienen que sobrevivir con unos 60 litros de agua por persona y d\u00eda, muy por debajo del umbral recomendado por la ONU de 100 litros por persona y d\u00eda.<\/p>\n<p>En Gaza, el 95% del agua no es apta para el consumo humano. Est\u00e1 tan contaminada que se estima que el territorio se quedar\u00e1 sin agua potable en 2016, con efectos irreversibles en 2020. El elevado \u00edndice de nitrato (debido sobre todo a la mala gesti\u00f3n de las aguas residuales) es la causa de muchas enfermedades que afectan en especial a los beb\u00e9s y a los ni\u00f1os.<\/p>\n<p><strong><a href=\"https:\/\/www.humanium.org\/es\/matrimonio-infantil\/\">Matrimonio en la infancia<br \/>\n<\/a><\/strong><br \/>\nAunque la mayor\u00eda de edad se alcanza a los 18 a\u00f1os, el matrimonio en la infancia sigue siendo una costumbre muy presente en Palestina, ya que una de cada diez ni\u00f1as se casa entre los 15 y los 19 a\u00f1os y el 2% de ellas antes de los 15.<\/p>\n<p>Estos matrimonios pueden tener efectos negativos en las ni\u00f1as que no saben cu\u00e1les son sus consecuencias. De hecho, muy a menudo, al casarse las ni\u00f1as se hacen mujeres y deben ocuparse de la casa y de su marido. Adem\u00e1s, poco despu\u00e9s del matrimonio suelen quedarse embarazadas y deben hacerse cargo de su progenitura cuando ellas mismas son s\u00f3lo unas ni\u00f1as.<\/p>\n<p><strong><a href=\"https:\/\/www.humanium.org\/es\/no-discriminacion\/\">Discriminaci\u00f3n<br \/>\n<\/a><\/strong><br \/>\nLas mujeres y las ni\u00f1as siguen siendo v\u00edctimas de discriminaci\u00f3n. Les afectan en particular los \u00abcr\u00edmenes de honor\u00bb. Aunque esos cr\u00edmenes son castigados por la ley, los hombres suelen ser sentenciados a condenas leves y las v\u00edctimas no encuentran eco a su llamada de socorro.<\/p>\n","protected":false},"excerpt":{"rendered":"<p>Ni\u00f1os de Palestina Descubriendo los derechos infantiles en Palestina En referencia al conflicto entre israel\u00edes y palestinos, el Comit\u00e9 de los Derechos del Ni\u00f1o manifest\u00f3 en 2013 de nuevo su \u00abgran preocupaci\u00f3n por el hecho de que los ni\u00f1os de los dos bandos en conflicto sigan resultando heridos o muertos, constituyendo los ni\u00f1os que viven [&hellip;]<\/p>\n","protected":false},"author":1,"featured_media":0,"parent":0,"menu_order":0,"comment_status":"closed","ping_status":"open","template":"","meta":{"footnotes":""},"class_list":["post-4376","page","type-page","status-publish","hentry"],"yoast_head":"<!-- This site is optimized with the Yoast SEO plugin v26.5 - https:\/\/yoast.com\/wordpress\/plugins\/seo\/ -->\n<title>Ni\u00f1os de Palestina - Humanium<\/title>\n<meta name=\"description\" content=\"Como consecuencia del conflicto entre israel\u00edes y palestinos, los ni\u00f1os de los dos bandos sufren constantes violaciones de sus derechos.\" \/>\n<meta name=\"robots\" content=\"index, follow, max-snippet:-1, max-image-preview:large, max-video-preview:-1\" \/>\n<link rel=\"canonical\" href=\"https:\/\/www.humanium.org\/es\/palestina\/\" \/>\n<meta property=\"og:locale\" content=\"es_ES\" \/>\n<meta property=\"og:type\" content=\"article\" \/>\n<meta property=\"og:title\" content=\"Ni\u00f1os de Palestina - Humanium\" \/>\n<meta property=\"og:description\" content=\"Como consecuencia del conflicto entre israel\u00edes y palestinos, los ni\u00f1os de los dos bandos sufren constantes violaciones de sus derechos.\" \/>\n<meta property=\"og:url\" content=\"https:\/\/www.humanium.org\/es\/palestina\/\" \/>\n<meta property=\"og:site_name\" content=\"Humanium\" \/>\n<meta property=\"article:modified_time\" content=\"2025-12-13T21:20:24+00:00\" \/>\n<meta name=\"twitter:card\" content=\"summary_large_image\" \/>\n<meta name=\"twitter:label1\" content=\"Tiempo de lectura\" \/>\n\t<meta name=\"twitter:data1\" content=\"7 minutos\" \/>\n<script type=\"application\/ld+json\" class=\"yoast-schema-graph\">{\"@context\":\"https:\/\/schema.org\",\"@graph\":[{\"@type\":\"WebPage\",\"@id\":\"https:\/\/www.humanium.org\/es\/palestina\/\",\"url\":\"https:\/\/www.humanium.org\/es\/palestina\/\",\"name\":\"Ni\u00f1os de Palestina - Humanium\",\"isPartOf\":{\"@id\":\"https:\/\/www.humanium.org\/es\/#website\"},\"primaryImageOfPage\":{\"@id\":\"https:\/\/www.humanium.org\/es\/palestina\/#primaryimage\"},\"image\":{\"@id\":\"https:\/\/www.humanium.org\/es\/palestina\/#primaryimage\"},\"thumbnailUrl\":\"https:\/\/www.humanium.org\/fr\/wp-content\/uploads\/2011\/11\/petite-fille-afpsquatorze-flickr.jpg\",\"datePublished\":\"2013-10-23T06:36:39+00:00\",\"dateModified\":\"2025-12-13T21:20:24+00:00\",\"description\":\"Como consecuencia del conflicto entre israel\u00edes y palestinos, los ni\u00f1os de los dos bandos sufren constantes violaciones de sus derechos.\",\"breadcrumb\":{\"@id\":\"https:\/\/www.humanium.org\/es\/palestina\/#breadcrumb\"},\"inLanguage\":\"es\",\"potentialAction\":[{\"@type\":\"ReadAction\",\"target\":[\"https:\/\/www.humanium.org\/es\/palestina\/\"]}]},{\"@type\":\"ImageObject\",\"inLanguage\":\"es\",\"@id\":\"https:\/\/www.humanium.org\/es\/palestina\/#primaryimage\",\"url\":\"https:\/\/www.humanium.org\/fr\/wp-content\/uploads\/2011\/11\/petite-fille-afpsquatorze-flickr.jpg\",\"contentUrl\":\"https:\/\/www.humanium.org\/fr\/wp-content\/uploads\/2011\/11\/petite-fille-afpsquatorze-flickr.jpg\"},{\"@type\":\"BreadcrumbList\",\"@id\":\"https:\/\/www.humanium.org\/es\/palestina\/#breadcrumb\",\"itemListElement\":[{\"@type\":\"ListItem\",\"position\":1,\"name\":\"Home\",\"item\":\"https:\/\/www.humanium.org\/es\/\"},{\"@type\":\"ListItem\",\"position\":2,\"name\":\"Ni\u00f1os de Palestina\"}]},{\"@type\":\"WebSite\",\"@id\":\"https:\/\/www.humanium.org\/es\/#website\",\"url\":\"https:\/\/www.humanium.org\/es\/\",\"name\":\"Humanium\",\"description\":\"\u00a1Los ni\u00f1os primero!\",\"potentialAction\":[{\"@type\":\"SearchAction\",\"target\":{\"@type\":\"EntryPoint\",\"urlTemplate\":\"https:\/\/www.humanium.org\/es\/?s={search_term_string}\"},\"query-input\":{\"@type\":\"PropertyValueSpecification\",\"valueRequired\":true,\"valueName\":\"search_term_string\"}}],\"inLanguage\":\"es\"}]}<\/script>\n<!-- \/ Yoast SEO plugin. -->","yoast_head_json":{"title":"Ni\u00f1os de Palestina - Humanium","description":"Como consecuencia del conflicto entre israel\u00edes y palestinos, los ni\u00f1os de los dos bandos sufren constantes violaciones de sus derechos.","robots":{"index":"index","follow":"follow","max-snippet":"max-snippet:-1","max-image-preview":"max-image-preview:large","max-video-preview":"max-video-preview:-1"},"canonical":"https:\/\/www.humanium.org\/es\/palestina\/","og_locale":"es_ES","og_type":"article","og_title":"Ni\u00f1os de Palestina - Humanium","og_description":"Como consecuencia del conflicto entre israel\u00edes y palestinos, los ni\u00f1os de los dos bandos sufren constantes violaciones de sus derechos.","og_url":"https:\/\/www.humanium.org\/es\/palestina\/","og_site_name":"Humanium","article_modified_time":"2025-12-13T21:20:24+00:00","twitter_card":"summary_large_image","twitter_misc":{"Tiempo de lectura":"7 minutos"},"schema":{"@context":"https:\/\/schema.org","@graph":[{"@type":"WebPage","@id":"https:\/\/www.humanium.org\/es\/palestina\/","url":"https:\/\/www.humanium.org\/es\/palestina\/","name":"Ni\u00f1os de Palestina - Humanium","isPartOf":{"@id":"https:\/\/www.humanium.org\/es\/#website"},"primaryImageOfPage":{"@id":"https:\/\/www.humanium.org\/es\/palestina\/#primaryimage"},"image":{"@id":"https:\/\/www.humanium.org\/es\/palestina\/#primaryimage"},"thumbnailUrl":"https:\/\/www.humanium.org\/fr\/wp-content\/uploads\/2011\/11\/petite-fille-afpsquatorze-flickr.jpg","datePublished":"2013-10-23T06:36:39+00:00","dateModified":"2025-12-13T21:20:24+00:00","description":"Como consecuencia del conflicto entre israel\u00edes y palestinos, los ni\u00f1os de los dos bandos sufren constantes violaciones de sus derechos.","breadcrumb":{"@id":"https:\/\/www.humanium.org\/es\/palestina\/#breadcrumb"},"inLanguage":"es","potentialAction":[{"@type":"ReadAction","target":["https:\/\/www.humanium.org\/es\/palestina\/"]}]},{"@type":"ImageObject","inLanguage":"es","@id":"https:\/\/www.humanium.org\/es\/palestina\/#primaryimage","url":"https:\/\/www.humanium.org\/fr\/wp-content\/uploads\/2011\/11\/petite-fille-afpsquatorze-flickr.jpg","contentUrl":"https:\/\/www.humanium.org\/fr\/wp-content\/uploads\/2011\/11\/petite-fille-afpsquatorze-flickr.jpg"},{"@type":"BreadcrumbList","@id":"https:\/\/www.humanium.org\/es\/palestina\/#breadcrumb","itemListElement":[{"@type":"ListItem","position":1,"name":"Home","item":"https:\/\/www.humanium.org\/es\/"},{"@type":"ListItem","position":2,"name":"Ni\u00f1os de Palestina"}]},{"@type":"WebSite","@id":"https:\/\/www.humanium.org\/es\/#website","url":"https:\/\/www.humanium.org\/es\/","name":"Humanium","description":"\u00a1Los ni\u00f1os primero!","potentialAction":[{"@type":"SearchAction","target":{"@type":"EntryPoint","urlTemplate":"https:\/\/www.humanium.org\/es\/?s={search_term_string}"},"query-input":{"@type":"PropertyValueSpecification","valueRequired":true,"valueName":"search_term_string"}}],"inLanguage":"es"}]}},"_links":{"self":[{"href":"https:\/\/www.humanium.org\/es\/wp-json\/wp\/v2\/pages\/4376","targetHints":{"allow":["GET"]}}],"collection":[{"href":"https:\/\/www.humanium.org\/es\/wp-json\/wp\/v2\/pages"}],"about":[{"href":"https:\/\/www.humanium.org\/es\/wp-json\/wp\/v2\/types\/page"}],"author":[{"embeddable":true,"href":"https:\/\/www.humanium.org\/es\/wp-json\/wp\/v2\/users\/1"}],"replies":[{"embeddable":true,"href":"https:\/\/www.humanium.org\/es\/wp-json\/wp\/v2\/comments?post=4376"}],"version-history":[{"count":11,"href":"https:\/\/www.humanium.org\/es\/wp-json\/wp\/v2\/pages\/4376\/revisions"}],"predecessor-version":[{"id":21209,"href":"https:\/\/www.humanium.org\/es\/wp-json\/wp\/v2\/pages\/4376\/revisions\/21209"}],"wp:attachment":[{"href":"https:\/\/www.humanium.org\/es\/wp-json\/wp\/v2\/media?parent=4376"}],"curies":[{"name":"wp","href":"https:\/\/api.w.org\/{rel}","templated":true}]}}