{"id":4479,"date":"2013-10-09T08:59:50","date_gmt":"2013-10-09T08:59:50","guid":{"rendered":"http:\/\/www.humanium.org\/es\/?page_id=4479"},"modified":"2025-12-13T21:20:39","modified_gmt":"2025-12-13T21:20:39","slug":"declaracion-de-beijing-sobre-la-promocion-de-las-mujeres-y-las-ninas-en-asia","status":"publish","type":"page","link":"https:\/\/www.humanium.org\/es\/declaracion-de-beijing-sobre-la-promocion-de-las-mujeres-y-las-ninas-en-asia\/","title":{"rendered":"Declaraci\u00f3n de Beijing sobre la promoci\u00f3n de las mujeres y las ni\u00f1as en Asia"},"content":{"rendered":"<h2><span style=\"color: #800000;\"><img loading=\"lazy\" decoding=\"async\" class=\"alignright size-full wp-image-972\" title=\"ODT\" src=\"https:\/\/www.humanium.org\/fr\/wp-content\/uploads\/logo-odt.gif\" alt=\"\" width=\"28\" height=\"24\" \/><img loading=\"lazy\" decoding=\"async\" class=\"alignright size-full wp-image-974\" title=\"WORD\" src=\"https:\/\/www.humanium.org\/fr\/wp-content\/uploads\/logo-word.gif\" alt=\"\" width=\"24\" height=\"24\" \/><img loading=\"lazy\" decoding=\"async\" class=\"alignright size-full wp-image-973\" title=\"PDF\" src=\"https:\/\/www.humanium.org\/fr\/wp-content\/uploads\/logo-pdf.gif\" alt=\"\" width=\"24\" height=\"24\" \/>Declaraci\u00f3n de Beijing sobre la promoci\u00f3n de las mujeres y las ni\u00f1as en Asia<br \/>\n<\/span><\/h2>\n<h3><span style=\"color: #800000;\"><span style=\"color: #800000;\">15 de Septiembre de 1995 (texto completo)<\/span><br \/>\n<\/span><\/h3>\n<h3 style=\"text-align: left;\"><span style=\"color: #000080;\">Conferencia Mundial sobre la Mujer<\/span><\/h3>\n<p style=\"text-align: left;\">Nosotros, los Gobiernos que participamos en la Cuarta Conferencia Mundial sobre la Mujer, reunidos en Beijing en septiembre de 1995, a\u00f1o del cincuentenario de la fundaci\u00f3n de las Naciones Unidas, decididos a promover los objetivos de igualdad, desarrollo y paz para todas las mujeres del mundo, en inter\u00e9s de toda la humanidad,<\/p>\n<p style=\"text-align: left;\">Reconociendo las aspiraciones de las mujeres del mundo entero y tomando nota de la diversidad de las mujeres y de sus funciones y circunstancias, haciendo honor a las mujeres que han allanado el camino, e inspirados por la esperanza que reside en la juventud del mundo,<\/p>\n<p style=\"text-align: left;\">Reconocemos que la situaci\u00f3n de la mujer ha avanzado en algunos aspectos importantes en el \u00faltimo decenio, aunque los progresos no han sido homog\u00e9neos, persisten las desigualdades entre mujeres y hombres y sigue habiendo obst\u00e1culos importantes, que entra\u00f1an graves consecuencias para el bienestar de todos los pueblos,<\/p>\n<p style=\"text-align: left;\">Reconocemos asimismo que esta situaci\u00f3n se ha visto agravada por una pobreza cada vez mayor, que afecta a la vida de la mayor parte de la poblaci\u00f3n del mundo y tiene sus or\u00edgenes en el \u00e1mbito nacional y en el \u00e1mbito internacional,<\/p>\n<p style=\"text-align: left;\">Nos comprometemos sin reservas a combatir estas limitaciones y obst\u00e1culos y a promover as\u00ed el adelanto y la potenciaci\u00f3n del papel de la mujer en todo el mundo, y convenimos en que esta tarea exige una acci\u00f3n urgente, con esp\u00edritu decidido, esperanza, cooperaci\u00f3n y solidaridad, ahora y en los albores del nuevo siglo.<\/p>\n<h3 style=\"text-align: left;\"><strong><span style=\"color: #000080;\">Reafirmamos nuestro compromiso de :<\/span><\/strong><\/h3>\n<p style=\"text-align: left;\">Defender los derechos y la dignidad humana intr\u00ednseca de las mujeres y los hombres, todos los dem\u00e1s prop\u00f3sitos y principios consagrados en la Carta de las Naciones Unidas, la Declaraci\u00f3n Universal de Derechos Humanos y otros instrumentos internacionales de derechos humanos, en particular, la Convenci\u00f3n sobre la eliminaci\u00f3n de todas las formas de discriminaci\u00f3n contra la mujer y la Convenci\u00f3n sobre los Derechos del Ni\u00f1o, as\u00ed como la Declaraci\u00f3n sobre la eliminaci\u00f3n de la violencia contra la mujer y la Declaraci\u00f3n sobre el derecho al desarrollo;<\/p>\n<p style=\"text-align: left;\">Garantizar la plena aplicaci\u00f3n de los derechos humanos de las mujeres y las ni\u00f1as como parte inalienable, integral e indivisible de todos los derechos humanos y libertades fundamentales ;<\/p>\n<p style=\"text-align: left;\">Impulsar el consenso y los progresos alcanzados en anteriores conferencias de las Naciones Unidas &#8211; sobre la Mujer, celebrada en Nairobi en 1985, sobre el Ni\u00f1o, celebrada en Nueva York en 1990, sobre el Medio Ambiente y el Desarrollo, celebrada en R\u00edo de Janeiro en 1992, sobre los Derechos Humanos, celebrada en Viena en 1993, sobre la Poblaci\u00f3n y el Desarrollo, celebrada en El Cairo en 1994, y en la Cumbre Mundial sobre Desarrollo Social, celebrada en Copenhague en 1995, con el objetivo de lograr la igualdad, el desarrollo y la paz ;<\/p>\n<p style=\"text-align: left;\">Conseguir la aplicaci\u00f3n plena y efectiva de las Estrategias de Nairobi orientadas hacia el futuro para el adelanto de la mujer ;<\/p>\n<p style=\"text-align: left;\">Promover la potenciaci\u00f3n del papel de la mujer y el adelanto de la mujer, incluido el derecho a la libertad de pensamiento, de conciencia, de religi\u00f3n y de creencia, lo que contribuye a la satisfacci\u00f3n de las necesidades morales, \u00e9ticas, espirituales e intelectuales de las mujeres y los hombres, individualmente o en comunidad con otros, por lo que les garantiza la posibilidad de realizar su pleno potencial en la sociedad plasmando su vida de conformidad con sus propias aspiraciones.<\/p>\n<h3 style=\"text-align: left;\"><strong><span style=\"color: #000080;\">Estamos convencidos de que :<\/span><\/strong><\/h3>\n<p style=\"text-align: left;\">La potenciaci\u00f3n del papel de la mujer y la plena participaci\u00f3n de la mujer en condiciones de igualdad en todas las esferas de la sociedad, incluidos la participaci\u00f3n en los procesos de adopci\u00f3n de decisiones y el acceso al poder, son fundamentales para el logro de la igualdad, el desarrollo y la paz;<\/p>\n<p style=\"text-align: left;\">Los derechos de la mujer son derechos humanos;<\/p>\n<p style=\"text-align: left;\">La igualdad de derechos, de oportunidades y de acceso a los recursos, la distribuci\u00f3n equitativa entre hombres y mujeres de las responsabilidades respecto de la familia y una asociaci\u00f3n armoniosa entre ellos son indispensables para su bienestar y el de su familia, as\u00ed como para la consolidaci\u00f3n de la democracia;<\/p>\n<p style=\"text-align: left;\">La erradicaci\u00f3n de la pobreza basada en el crecimiento econ\u00f3mico sostenido, el desarrollo social, la protecci\u00f3n del medio ambiente y la justicia social exige la participaci\u00f3n de la mujer en el desarrollo econ\u00f3mico y social e igualdad de oportunidades, y la participaci\u00f3n plena y en pie de igualdad de mujeres y hombres en calidad de agentes y de beneficiarios de un desarrollo sostenible centrado en la persona;<\/p>\n<p style=\"text-align: left;\">El reconocimiento expl\u00edcito y la reafirmaci\u00f3n del derecho de todas las mujeres a controlar todos los aspectos de su salud, en particular su propia fecundidad, es b\u00e1sico para la potenciaci\u00f3n de su papel;<\/p>\n<p style=\"text-align: left;\">La paz local, nacional, regional y mundial es alcanzable y est\u00e1 inextricablemente vinculada al adelanto de la mujer, que constituye una fuerza fundamental para la direcci\u00f3n de la comunidad, la soluci\u00f3n de conflictos y la promoci\u00f3n de una paz duradera a todos los niveles;<\/p>\n<p style=\"text-align: left;\">Es indispensable dise\u00f1ar, aplicar y vigilar, a todos los niveles, con la plena participaci\u00f3n de la mujer, pol\u00edticas y programas, entre ellos pol\u00edticas y programas de desarrollo efectivos, eficaces y sin\u00e9rgicos, que tengan en cuenta el g\u00e9nero, y contribuyan a promover la potenciaci\u00f3n del papel y el adelanto de la mujer;<\/p>\n<p style=\"text-align: left;\">La participaci\u00f3n y contribuci\u00f3n de todos los participantes de la sociedad civil, en particular de los grupos y redes de mujeres y otras organizaciones no gubernamentales y organizaciones de la comunidad, con el pleno respeto de su autonom\u00eda y en cooperaci\u00f3n con los gobiernos, son importantes para una aplicaci\u00f3n y seguimiento efectivos de la Plataforma de Acci\u00f3n;<\/p>\n<p style=\"text-align: left;\">La aplicaci\u00f3n de la Plataforma de Acci\u00f3n exige el compromiso de los gobiernos y de la comunidad internacional. Al asumir compromisos de acci\u00f3n a nivel nacional e internacional, incluidos los asumidos en la Conferencia, los gobiernos y la comunidad internacional reconocen la necesidad de tomar medidas prioritarias para la potenciaci\u00f3n del papel y el adelanto de la mujer.<\/p>\n<h3 style=\"text-align: left;\"><strong><span style=\"color: #000080;\">Estamos decididos a:<\/span><\/strong><\/h3>\n<p style=\"text-align: left;\">Intensificar los esfuerzos y acciones encaminados a alcanzar, antes de que termine el siglo, las metas de las Estrategias de Nairobi orientadas hacia el futuro para el adelanto de la mujer para fines del presente siglo;<\/p>\n<p style=\"text-align: left;\">Garantizar a todas las mujeres y las ni\u00f1as todos los derechos humanos y libertades fundamentales, y tomar medidas eficaces contra las violaciones de esos derechos y libertades;<\/p>\n<p style=\"text-align: left;\">Adoptar las medidas que sean necesarias para eliminar todas las formas de discriminaci\u00f3n contra las mujeres y las ni\u00f1as, y suprimir todos los obst\u00e1culos a la igualdad de g\u00e9nero y al adelanto y potenciaci\u00f3n del papel de la mujer;<\/p>\n<p style=\"text-align: left;\">Alentar a los hombres a que participen plenamente en todas las acciones encaminadas a garantizar la igualdad;<\/p>\n<p style=\"text-align: left;\">Promover la independencia econ\u00f3mica de la mujer, incluido su empleo, y erradicar la carga persistente y cada vez mayor de la pobreza que recae sobre las mujeres, combatiendo las causas estructurales de esta pobreza mediante cambios en las estructuras econ\u00f3micas, garantizando la igualdad de acceso a todas las mujeres, incluidas las de las zonas rurales, como agentes vitales del desarrollo, a los recursos productivos, oportunidades y servicios p\u00fablicos;<\/p>\n<p style=\"text-align: left;\">Promover un desarrollo sostenible centrado en la persona, incluido el crecimiento econ\u00f3mico sostenido, mediante la ense\u00f1anza b\u00e1sica, la educaci\u00f3n durante toda la vida, la alfabetizaci\u00f3n y capacitaci\u00f3n, y la atenci\u00f3n primaria de la salud para ni\u00f1as y mujeres;<\/p>\n<p style=\"text-align: left;\">Adoptar medidas positivas a fin de garantizar la paz para el adelanto de la mujer y, reconociendo la funci\u00f3n rectora que han desempe\u00f1ado las mujeres en el movimiento en pro de la paz, trabajar activamente hacia el desarme general y completo bajo control internacional estricto y eficaz, y apoyar las negociaciones para la concertaci\u00f3n, sin demora, de un tratado amplio de prohibici\u00f3n de los ensayos nucleares, de alcance universal y verificable multilateral y efectivamente, que contribuya al desarme nuclear y a la prevenci\u00f3n de la proliferaci\u00f3n de las armas nucleares en todos sus aspectos;<\/p>\n<p style=\"text-align: left;\">Prevenir y eliminar todas las formas de violencia contra las mujeres y las ni\u00f1as;<\/p>\n<p style=\"text-align: left;\">Garantizar la igualdad de acceso y la igualdad de trato de hombres y mujeres en la educaci\u00f3n y la atenci\u00f3n de salud y promover la salud sexual y reproductiva de la mujer y su educaci\u00f3n;<\/p>\n<p style=\"text-align: left;\">Promover y proteger todos los derechos humanos de las mujeres y las ni\u00f1as;<\/p>\n<p style=\"text-align: left;\">Intensificar los esfuerzos para garantizar el disfrute en condiciones de igualdad de todos los derechos humanos y libertades fundamentales a todas las mujeres y las ni\u00f1as que enfrentan m\u00faltiples barreras para lograr su potenciaci\u00f3n y su adelanto por factores como la raza, la edad, el idioma, el origen \u00e9tnico, la cultura, la religi\u00f3n o la discapacidad, o por pertenecer a la poblaci\u00f3n ind\u00edgena;<\/p>\n<p style=\"text-align: left;\">Garantizar el respeto del derecho internacional, incluido el derecho humanitario, a fin de proteger a las mujeres y las ni\u00f1as en particular;<\/p>\n<p style=\"text-align: left;\">Potenciar al m\u00e1ximo la capacidad de las mujeres y las ni\u00f1as de todas las edades, garantizar su plena participaci\u00f3n, en condiciones de igualdad, en la construcci\u00f3n de un mundo mejor para todos y promover su papel en el proceso de desarrollo.<\/p>\n<h3 style=\"text-align: left;\"><strong><span style=\"color: #000080;\">Estamos decididos a:<\/span><\/strong><\/h3>\n<p style=\"text-align: left;\">Garantizar el acceso de las mujeres en condiciones de igualdad a los recursos econ\u00f3micos, incluidos la tierra, el cr\u00e9dito, la ciencia y la tecnolog\u00eda, la capacitaci\u00f3n profesional, la informaci\u00f3n, las comunicaciones y los mercados, como medio de promover el adelanto de las mujeres y las ni\u00f1as y la potenciaci\u00f3n de su papel, incluso mediante el aumento de su capacidad para disfrutar de los beneficios de la igualdad de acceso a esos recursos para lo que se recurrir\u00e1 a, entre otras cosas, la cooperaci\u00f3n internacional;<\/p>\n<p style=\"text-align: left;\">Garantizar el \u00e9xito de la Plataforma de Acci\u00f3n exigir\u00e1 un compromiso decidido de los gobiernos y de las organizaciones e instituciones internacionales a todos los niveles. Estamos firmemente convencidos de que el desarrollo econ\u00f3mico, el desarrollo social y la protecci\u00f3n del medio ambiente son elementos interdependientes y sin\u00e9rgicos del desarrollo sostenible, que es el marco de nuestros esfuerzos para lograr una mejor calidad de vida para todos. Un desarrollo social equitativo que reconozca que dar a los pobres, en particular a las mujeres que viven en la pobreza, la posibilidad de utilizar los recursos ambientales de manera sostenible es una base necesaria del desarrollo sostenible. Reconocemos tambi\u00e9n que el crecimiento econ\u00f3mico sostenido de base amplia en el contexto del desarrollo sostenible es necesario para apoyar el desarrollo social y la justicia social. El \u00e9xito de la Plataforma de Acci\u00f3n tambi\u00e9n requerir\u00e1 una movilizaci\u00f3n apropiada de recursos a nivel nacional e internacional y recursos nuevos y adicionales para los pa\u00edses en desarrollo procedentes de todos los mecanismos de financiaci\u00f3n disponibles, incluidas las fuentes multilaterales, bilaterales y privadas para el adelanto de la mujer; recursos financieros para fortalecer la capacidad de las instituciones nacionales, subregionales, regionales e internacionales; el compromiso de lograr la igualdad de derechos, la igualdad de responsabilidades y la igualdad de oportunidades, as\u00ed como la igualdad de participaci\u00f3n de las mujeres y los hombres en todos los \u00f3rganos y procesos de determinaci\u00f3n de pol\u00edticas a nivel nacional, regional e internacional; el establecimiento o fortalecimiento de mecanismos en todos los niveles para rendir cuentas a las mujeres del mundo;<\/p>\n<p style=\"text-align: left;\">Garantizar tambi\u00e9n el \u00e9xito de la Plataforma de Acci\u00f3n en los pa\u00edses con econom\u00edas en transici\u00f3n, lo que exigir\u00e1 cooperaci\u00f3n y asistencia internacionales constantes;<\/p>\n<p style=\"text-align: left;\">Por la presente nos comprometemos en calidad de Gobiernos a aplicar la siguiente Plataforma de Acci\u00f3n y a garantizar que todas nuestras pol\u00edticas y programas reflejen una perspectiva de g\u00e9nero. Instamos al sistema de las Naciones Unidas, a las instituciones financieras regionales e internacionales y a las dem\u00e1s instituciones regionales e internacionales pertinentes, a todas las mujeres y todos los hombres, as\u00ed como a las organizaciones no gubernamentales, con pleno respeto de su autonom\u00eda, y a todos los sectores de la sociedad civil a que, en cooperaci\u00f3n con los gobiernos, se comprometan plenamente y contribuyan a la aplicaci\u00f3n de esta Plataforma de Acci\u00f3n.<\/p>\n","protected":false},"excerpt":{"rendered":"<p>Declaraci\u00f3n de Beijing sobre la promoci\u00f3n de las mujeres y las ni\u00f1as en Asia 15 de Septiembre de 1995 (texto completo) Conferencia Mundial sobre la Mujer Nosotros, los Gobiernos que participamos en la Cuarta Conferencia Mundial sobre la Mujer, reunidos en Beijing en septiembre de 1995, a\u00f1o del cincuentenario de la fundaci\u00f3n de las Naciones [&hellip;]<\/p>\n","protected":false},"author":1,"featured_media":0,"parent":0,"menu_order":0,"comment_status":"closed","ping_status":"open","template":"","meta":{"footnotes":""},"class_list":["post-4479","page","type-page","status-publish","hentry"],"yoast_head":"<!-- This site is optimized with the Yoast SEO plugin v26.5 - https:\/\/yoast.com\/wordpress\/plugins\/seo\/ -->\n<title>Declaraci\u00f3n de Beijing sobre la promoci\u00f3n de las mujeres y las ni\u00f1as en Asia - Humanium<\/title>\n<meta name=\"robots\" content=\"index, follow, max-snippet:-1, max-image-preview:large, max-video-preview:-1\" \/>\n<link rel=\"canonical\" href=\"https:\/\/www.humanium.org\/es\/declaracion-de-beijing-sobre-la-promocion-de-las-mujeres-y-las-ninas-en-asia\/\" \/>\n<meta property=\"og:locale\" content=\"es_ES\" \/>\n<meta property=\"og:type\" content=\"article\" \/>\n<meta property=\"og:title\" content=\"Declaraci\u00f3n de Beijing sobre la promoci\u00f3n de las mujeres y las ni\u00f1as en Asia - Humanium\" \/>\n<meta property=\"og:description\" content=\"Declaraci\u00f3n de Beijing sobre la promoci\u00f3n de las mujeres y las ni\u00f1as en Asia 15 de Septiembre de 1995 (texto completo) Conferencia Mundial sobre la Mujer Nosotros, los Gobiernos que participamos en la Cuarta Conferencia Mundial sobre la Mujer, reunidos en Beijing en septiembre de 1995, a\u00f1o del cincuentenario de la fundaci\u00f3n de las Naciones [&hellip;]\" \/>\n<meta property=\"og:url\" content=\"https:\/\/www.humanium.org\/es\/declaracion-de-beijing-sobre-la-promocion-de-las-mujeres-y-las-ninas-en-asia\/\" \/>\n<meta property=\"og:site_name\" content=\"Humanium\" \/>\n<meta property=\"article:modified_time\" content=\"2025-12-13T21:20:39+00:00\" \/>\n<meta name=\"twitter:card\" content=\"summary_large_image\" \/>\n<meta name=\"twitter:label1\" content=\"Tiempo de lectura\" \/>\n\t<meta name=\"twitter:data1\" content=\"11 minutos\" \/>\n<script type=\"application\/ld+json\" class=\"yoast-schema-graph\">{\"@context\":\"https:\/\/schema.org\",\"@graph\":[{\"@type\":\"WebPage\",\"@id\":\"https:\/\/www.humanium.org\/es\/declaracion-de-beijing-sobre-la-promocion-de-las-mujeres-y-las-ninas-en-asia\/\",\"url\":\"https:\/\/www.humanium.org\/es\/declaracion-de-beijing-sobre-la-promocion-de-las-mujeres-y-las-ninas-en-asia\/\",\"name\":\"Declaraci\u00f3n de Beijing sobre la promoci\u00f3n de las mujeres y las ni\u00f1as en Asia - Humanium\",\"isPartOf\":{\"@id\":\"https:\/\/www.humanium.org\/es\/#website\"},\"primaryImageOfPage\":{\"@id\":\"https:\/\/www.humanium.org\/es\/declaracion-de-beijing-sobre-la-promocion-de-las-mujeres-y-las-ninas-en-asia\/#primaryimage\"},\"image\":{\"@id\":\"https:\/\/www.humanium.org\/es\/declaracion-de-beijing-sobre-la-promocion-de-las-mujeres-y-las-ninas-en-asia\/#primaryimage\"},\"thumbnailUrl\":\"https:\/\/www.humanium.org\/fr\/wp-content\/uploads\/logo-odt.gif\",\"datePublished\":\"2013-10-09T08:59:50+00:00\",\"dateModified\":\"2025-12-13T21:20:39+00:00\",\"breadcrumb\":{\"@id\":\"https:\/\/www.humanium.org\/es\/declaracion-de-beijing-sobre-la-promocion-de-las-mujeres-y-las-ninas-en-asia\/#breadcrumb\"},\"inLanguage\":\"es\",\"potentialAction\":[{\"@type\":\"ReadAction\",\"target\":[\"https:\/\/www.humanium.org\/es\/declaracion-de-beijing-sobre-la-promocion-de-las-mujeres-y-las-ninas-en-asia\/\"]}]},{\"@type\":\"ImageObject\",\"inLanguage\":\"es\",\"@id\":\"https:\/\/www.humanium.org\/es\/declaracion-de-beijing-sobre-la-promocion-de-las-mujeres-y-las-ninas-en-asia\/#primaryimage\",\"url\":\"https:\/\/www.humanium.org\/fr\/wp-content\/uploads\/logo-odt.gif\",\"contentUrl\":\"https:\/\/www.humanium.org\/fr\/wp-content\/uploads\/logo-odt.gif\"},{\"@type\":\"BreadcrumbList\",\"@id\":\"https:\/\/www.humanium.org\/es\/declaracion-de-beijing-sobre-la-promocion-de-las-mujeres-y-las-ninas-en-asia\/#breadcrumb\",\"itemListElement\":[{\"@type\":\"ListItem\",\"position\":1,\"name\":\"Home\",\"item\":\"https:\/\/www.humanium.org\/es\/\"},{\"@type\":\"ListItem\",\"position\":2,\"name\":\"Declaraci\u00f3n de Beijing sobre la promoci\u00f3n de las mujeres y las ni\u00f1as en Asia\"}]},{\"@type\":\"WebSite\",\"@id\":\"https:\/\/www.humanium.org\/es\/#website\",\"url\":\"https:\/\/www.humanium.org\/es\/\",\"name\":\"Humanium\",\"description\":\"\u00a1Los ni\u00f1os primero!\",\"potentialAction\":[{\"@type\":\"SearchAction\",\"target\":{\"@type\":\"EntryPoint\",\"urlTemplate\":\"https:\/\/www.humanium.org\/es\/?s={search_term_string}\"},\"query-input\":{\"@type\":\"PropertyValueSpecification\",\"valueRequired\":true,\"valueName\":\"search_term_string\"}}],\"inLanguage\":\"es\"}]}<\/script>\n<!-- \/ Yoast SEO plugin. -->","yoast_head_json":{"title":"Declaraci\u00f3n de Beijing sobre la promoci\u00f3n de las mujeres y las ni\u00f1as en Asia - Humanium","robots":{"index":"index","follow":"follow","max-snippet":"max-snippet:-1","max-image-preview":"max-image-preview:large","max-video-preview":"max-video-preview:-1"},"canonical":"https:\/\/www.humanium.org\/es\/declaracion-de-beijing-sobre-la-promocion-de-las-mujeres-y-las-ninas-en-asia\/","og_locale":"es_ES","og_type":"article","og_title":"Declaraci\u00f3n de Beijing sobre la promoci\u00f3n de las mujeres y las ni\u00f1as en Asia - Humanium","og_description":"Declaraci\u00f3n de Beijing sobre la promoci\u00f3n de las mujeres y las ni\u00f1as en Asia 15 de Septiembre de 1995 (texto completo) Conferencia Mundial sobre la Mujer Nosotros, los Gobiernos que participamos en la Cuarta Conferencia Mundial sobre la Mujer, reunidos en Beijing en septiembre de 1995, a\u00f1o del cincuentenario de la fundaci\u00f3n de las Naciones [&hellip;]","og_url":"https:\/\/www.humanium.org\/es\/declaracion-de-beijing-sobre-la-promocion-de-las-mujeres-y-las-ninas-en-asia\/","og_site_name":"Humanium","article_modified_time":"2025-12-13T21:20:39+00:00","twitter_card":"summary_large_image","twitter_misc":{"Tiempo de lectura":"11 minutos"},"schema":{"@context":"https:\/\/schema.org","@graph":[{"@type":"WebPage","@id":"https:\/\/www.humanium.org\/es\/declaracion-de-beijing-sobre-la-promocion-de-las-mujeres-y-las-ninas-en-asia\/","url":"https:\/\/www.humanium.org\/es\/declaracion-de-beijing-sobre-la-promocion-de-las-mujeres-y-las-ninas-en-asia\/","name":"Declaraci\u00f3n de Beijing sobre la promoci\u00f3n de las mujeres y las ni\u00f1as en Asia - Humanium","isPartOf":{"@id":"https:\/\/www.humanium.org\/es\/#website"},"primaryImageOfPage":{"@id":"https:\/\/www.humanium.org\/es\/declaracion-de-beijing-sobre-la-promocion-de-las-mujeres-y-las-ninas-en-asia\/#primaryimage"},"image":{"@id":"https:\/\/www.humanium.org\/es\/declaracion-de-beijing-sobre-la-promocion-de-las-mujeres-y-las-ninas-en-asia\/#primaryimage"},"thumbnailUrl":"https:\/\/www.humanium.org\/fr\/wp-content\/uploads\/logo-odt.gif","datePublished":"2013-10-09T08:59:50+00:00","dateModified":"2025-12-13T21:20:39+00:00","breadcrumb":{"@id":"https:\/\/www.humanium.org\/es\/declaracion-de-beijing-sobre-la-promocion-de-las-mujeres-y-las-ninas-en-asia\/#breadcrumb"},"inLanguage":"es","potentialAction":[{"@type":"ReadAction","target":["https:\/\/www.humanium.org\/es\/declaracion-de-beijing-sobre-la-promocion-de-las-mujeres-y-las-ninas-en-asia\/"]}]},{"@type":"ImageObject","inLanguage":"es","@id":"https:\/\/www.humanium.org\/es\/declaracion-de-beijing-sobre-la-promocion-de-las-mujeres-y-las-ninas-en-asia\/#primaryimage","url":"https:\/\/www.humanium.org\/fr\/wp-content\/uploads\/logo-odt.gif","contentUrl":"https:\/\/www.humanium.org\/fr\/wp-content\/uploads\/logo-odt.gif"},{"@type":"BreadcrumbList","@id":"https:\/\/www.humanium.org\/es\/declaracion-de-beijing-sobre-la-promocion-de-las-mujeres-y-las-ninas-en-asia\/#breadcrumb","itemListElement":[{"@type":"ListItem","position":1,"name":"Home","item":"https:\/\/www.humanium.org\/es\/"},{"@type":"ListItem","position":2,"name":"Declaraci\u00f3n de Beijing sobre la promoci\u00f3n de las mujeres y las ni\u00f1as en Asia"}]},{"@type":"WebSite","@id":"https:\/\/www.humanium.org\/es\/#website","url":"https:\/\/www.humanium.org\/es\/","name":"Humanium","description":"\u00a1Los ni\u00f1os primero!","potentialAction":[{"@type":"SearchAction","target":{"@type":"EntryPoint","urlTemplate":"https:\/\/www.humanium.org\/es\/?s={search_term_string}"},"query-input":{"@type":"PropertyValueSpecification","valueRequired":true,"valueName":"search_term_string"}}],"inLanguage":"es"}]}},"_links":{"self":[{"href":"https:\/\/www.humanium.org\/es\/wp-json\/wp\/v2\/pages\/4479","targetHints":{"allow":["GET"]}}],"collection":[{"href":"https:\/\/www.humanium.org\/es\/wp-json\/wp\/v2\/pages"}],"about":[{"href":"https:\/\/www.humanium.org\/es\/wp-json\/wp\/v2\/types\/page"}],"author":[{"embeddable":true,"href":"https:\/\/www.humanium.org\/es\/wp-json\/wp\/v2\/users\/1"}],"replies":[{"embeddable":true,"href":"https:\/\/www.humanium.org\/es\/wp-json\/wp\/v2\/comments?post=4479"}],"version-history":[{"count":5,"href":"https:\/\/www.humanium.org\/es\/wp-json\/wp\/v2\/pages\/4479\/revisions"}],"predecessor-version":[{"id":21233,"href":"https:\/\/www.humanium.org\/es\/wp-json\/wp\/v2\/pages\/4479\/revisions\/21233"}],"wp:attachment":[{"href":"https:\/\/www.humanium.org\/es\/wp-json\/wp\/v2\/media?parent=4479"}],"curies":[{"name":"wp","href":"https:\/\/api.w.org\/{rel}","templated":true}]}}