{"id":4533,"date":"2013-10-19T15:28:43","date_gmt":"2013-10-19T15:28:43","guid":{"rendered":"http:\/\/www.humanium.org\/es\/?page_id=4533"},"modified":"2025-12-13T22:01:44","modified_gmt":"2025-12-13T22:01:44","slug":"ninos-en-kosovo","status":"publish","type":"page","link":"https:\/\/www.humanium.org\/es\/ninos-en-kosovo\/","title":{"rendered":"Ni\u00f1os en Kosovo"},"content":{"rendered":"<h1>Ni\u00f1os en Kosovo<\/h1>\n<h2>Descubriendo los Derechos del Ni\u00f1o en Kosovo<\/h2>\n<p style=\"text-align: center;\"><img loading=\"lazy\" decoding=\"async\" class=\"size-full wp-image-20374 alignnone\" title=\"Retrato de una ni\u00f1a kosovar \u00a9 Shkumbin (Flickr)\" src=\"https:\/\/www.humanium.org\/fr\/wp-content\/uploads\/2012\/06\/portrait-petite-fille-\u00a9-Shkumbin-Flickr.jpg\" alt=\"\" width=\"150\" height=\"200\" \/><\/p>\n<p>Tras una <a href=\"https:\/\/www.humanium.org\/es\/ninos-guerra\/\">guerra<\/a> Kosovo declar\u00f3 su independencia de <a href=\"https:\/\/www.humanium.org\/es\/serbia\/\">Serbia<\/a> el 17 de Febrero de 2008. En 2012, solo est\u00e1 por 91 de los 193 pa\u00edses miembros de las Naciones Unidas. es todav\u00eda un pa\u00eds con grandes tensiones \u00e9tnicas, <a href=\"https:\/\/www.humanium.org\/es\/pobreza-infantil\/\">pobreza<\/a>\u00a0y <a href=\"https:\/\/www.humanium.org\/es\/trabajo-infantil\/\">trabajo infantil<\/a>.\u00a0Estos son problemas muy preocupantes y los ni\u00f1os especialmente los que pertenecen a\u00a0grupos minoritarios, contin\u00faan siendo los m\u00e1s afectados.<\/p>\n<h3>Principales problemas a los que se enfrentan los ni\u00f1os en Kosovo :<\/h3>\n<p><a href=\"https:\/\/www.humanium.org\/es\/pobreza-infantil\/\"><strong>Pobreza<\/strong><\/a><\/p>\n<p>Kosovo es uno de los pa\u00edses m\u00e1s pobres en el continente europeo ya que casi un 30% de su poblaci\u00f3n vive por debajo del umbral de pobreza (sobreviven con 0,77\u20ac por d\u00eda). Aunque han tenido lugar algunos progresos importantes en los \u00faltimos a\u00f1os para estabilizar la econom\u00eda, Kosovo a\u00fan depende de la ayuda internacional.<\/p>\n<p>Y lo que es m\u00e1s, el mercado laboral sigue siendo muy peque\u00f1o y es dif\u00edcil modernizarlo: 26% de la poblaci\u00f3n est\u00e1 desempleada. La pobreza afecta, en primer lugar, a los ni\u00f1os as\u00ed como a la minor\u00eda rom\u00e1 y ashkali.<\/p>\n<p><strong><a href=\"https:\/\/www.humanium.org\/es\/ninos-calle\/\">Ni\u00f1os de la calle<\/a>\u00a0<\/strong><\/p>\n<p>Durante la guerra, miles de personas tuvieron que <a href=\"https:\/\/www.humanium.org\/es\/ninos-desplazados\/\">abandonar sus hogares<\/a> y pocos consiguieron volver; muchas familias viven un estado de extrema pobreza en las calles o en campamentos provisionales con sus hijos.<\/p>\n<p><strong><a href=\"https:\/\/www.humanium.org\/es\/trabajo-infantil\/\">Trabajo infantil <\/a>y mendicidad<\/strong><\/p>\n<p>M\u00e1s de 100 000 ni\u00f1os menores de 14 a\u00f1os viven con menos de 1 \u20ac al d\u00eda. Esta es la raz\u00f3n por la que muchos trabajan como vendedores ambulantes o recolectores de basura. Tambi\u00e9n muchos mendigan en las calles.<\/p>\n<p>Estas actividades tienen repercusi\u00f3n no solo en el \u00a0<a href=\"https:\/\/www.humanium.org\/es\/derecho-proteccion\/\">desarrollo\u00a0<\/a> y la seguridad de los ni\u00f1os infantil si no tambi\u00e9n, a largo plazo, en el conjunto de la sociedad ya que los ni\u00f1os no van al <a href=\"https:\/\/www.humanium.org\/es\/derecho-educacion\/\">colegio<\/a>.<\/p>\n<p><strong><a href=\"https:\/\/www.humanium.org\/es\/derecho-educacion\/\">Derecho a la educacci\u00f3n<\/a><\/strong><\/p>\n<p> La educaci\u00f3n no est\u00e1 entre las prioridades de las autoridades en Kosovo a pesar de que la poblaci\u00f3n es relativamente joven. Los ni\u00f1os van a la escuela primaria en turnos de tres o cuatro grupos debido a la falta de infraestructuras.<\/p>\n<p>Las escuelas primarias est\u00e1n muy poco desarrolladas. Actualmente menos del 10% de los ni\u00f1os entre 3 y 6 a\u00f1os tienen acceso a la <a href=\"https:\/\/www.humanium.org\/es\/derecho-educacion\/\">educaci\u00f3n<\/a> durante su infancia.<\/p>\n<p>Y lo que es m\u00e1s, las <a href=\"https:\/\/www.humanium.org\/es\/no-discriminacion\/\">desigualdades<\/a> persisten. en primer lugar entre ni\u00f1os y ni\u00f1as ya que solo un 70% de las ni\u00f1as se benefician de la educaci\u00f3n secundaria tras la educaci\u00f3n primaria en comparaci\u00f3n con el 95% de los ni\u00f1os. Tambi\u00e9n existen diferencias entre los albanokosovares (casi un 98% de los ni\u00f1os van a la escuela primaria) y las minor\u00edas kosovares (solo el 77% de los ni\u00f1os entre 6 y 14 a\u00f1os est\u00e1n matriculados en el colegio).<\/p>\n<p><strong><a href=\"https:\/\/www.humanium.org\/es\/derecho-salud\/\">El derecho a la salud<\/a><\/strong><\/p>\n<p>Las condiciones sanitarias no son adecuadas. Aproximadamente el 36% de la poblaci\u00f3n no tiene acceso a al <a href=\"https:\/\/www.humanium.org\/es\/derecho-agua\/\">agua potable<\/a>. Adem\u00e1s se han registrado muchos casos de tuberculosis y contaminaci\u00f3n industrial especialmente por plomo. Por \u00faltimo, la tasa de <a href=\"https:\/\/www.humanium.org\/es\/ninos-sida\/\">VIH\/SIDA<\/a>ha aumentado considerablemente como resultado de la falta de conciencia social, una educaci\u00f3n sexual y sanitaria insuficiente, los movimientos de poblaci\u00f3n y la <a href=\"https:\/\/www.humanium.org\/es\/explotacion-sexual-infantil\/\">explotaci\u00f3n sexual<\/a> de los ni\u00f1os.<\/p>\n<p><strong><a href=\"https:\/\/www.humanium.org\/es\/ninos-discapacitados\/\">Ni\u00f1os con discapacidades<\/a>\u00a0<\/strong><\/p>\n<p><img loading=\"lazy\" decoding=\"async\" class=\"alignright wp-image-20491\" title=\"J\u00f3venes v\u00edctimas de minas terrestres \u00a9 UN Photo - UNHCR - Roger LeMoyne\" src=\"https:\/\/www.humanium.org\/fr\/wp-content\/uploads\/2012\/06\/victime-des-mines-anti-personnelle-\u00a9-UN-Photo-UNHCR-Roger-LeMoyne.jpg\" alt=\"\" width=\"214\" height=\"144\" \/>Aproximadamente un 70% de las v\u00edctimas de minas terrestres son menores de 24 a\u00f1os. Adem\u00e1s, la falta de infraestructura para los veteranos de guerra con alguna discapacidad es lamentable ya que normalmente estas personas tienen m\u00e1s problemas para integrarse en la sociedad.<\/p>\n<p><strong><a href=\"https:\/\/www.humanium.org\/es\/derecho-alimentacion\/\">Malnutrici\u00f3n<\/a><\/strong><\/p>\n<p>En Kosovo se estima que uno de cada diez ni\u00f1os de menos de cinco a\u00f1os padece malnutrici\u00f3n. Una de las principales causas de este problema es la falta de sal yodada en la dieta de los kosovares. Esta anemia tiene graves consecuencias para el desarrollo mental y f\u00edsico de los ni\u00f1os.<\/p>\n<p><strong><a href=\"https:\/\/www.humanium.org\/es\/trata-ninos\/\">Tr\u00e1fico de menores<\/a><\/strong><\/p>\n<p>UUn estudio reciente de Unicef muestra que el tr\u00e1fico de menores va en aumento. Estos ni\u00f1os se destinan, principalmente, a la <a href=\"https:\/\/www.humanium.org\/es\/explotacion-sexual-infantil\/\">explotaci\u00f3n sexual<\/a>,el <a href=\"https:\/\/www.humanium.org\/es\/trata-ninos\/\">tr\u00e1fico de \u00f3rganos<\/a> o <a href=\"https:\/\/www.humanium.org\/es\/trabajo-infantil\/\">trabajos forzados<\/a> en Kosovo y otros <a href=\"https:\/\/www.humanium.org\/es\/europa-caucaso\/\">pa\u00edses de Europa<\/a>.<\/p>\n<p><strong>Ni\u00f1os de minor\u00edas \u00e9tnicas<\/strong><\/p>\n<p><img loading=\"lazy\" decoding=\"async\" class=\"alignright wp-image-20492\" title=\"Ni\u00f1a roma en Kosovo \u00a9 CharlesFred (Flickr)\" src=\"https:\/\/www.humanium.org\/fr\/wp-content\/uploads\/2012\/06\/enfants-Rom-au-Kosovo-\u00a9-CharlesFred-Flickr.jpg\" alt=\"\" width=\"240\" height=\"160\" \/>Muchas minor\u00edas \u00e9tnicas que no son de origen albano viven en Kosovo, incluyendo a los rom\u00e1, los ashkali y los serbios. Suponen un 8% de la poblaci\u00f3n, aproximadamente unas 160 000 personas. Los ni\u00f1os que pertenecen a estos grupos tienen m\u00e1s probabilidades de sufrir <a href=\"https:\/\/www.humanium.org\/es\/no-discriminacion\/\">violaciones de los Derechos del Ni\u00f1o<\/a>.<\/p>\n<p>Habr\u00eda que establecer una diferencia entre los ni\u00f1os de la comunidad de Serbios de Kosovo, que son v\u00edctimas de violencia con m\u00e1s frecuencia, y los ni\u00f1os que pertenecen a la comunidad de los rom\u00e1 y los ashkali, m\u00e1s afectados por la <a href=\"https:\/\/www.humanium.org\/es\/pobreza-infantil\/\">pobreza<\/a>, la mendicidad y la falta de <a href=\"https:\/\/www.humanium.org\/es\/derecho-educacion\/\">escolarizaci\u00f3n<\/a>.<\/p>\n","protected":false},"excerpt":{"rendered":"<p>Ni\u00f1os en Kosovo Descubriendo los Derechos del Ni\u00f1o en Kosovo Tras una guerra Kosovo declar\u00f3 su independencia de Serbia el 17 de Febrero de 2008. En 2012, solo est\u00e1 por 91 de los 193 pa\u00edses miembros de las Naciones Unidas. es todav\u00eda un pa\u00eds con grandes tensiones \u00e9tnicas, pobreza\u00a0y trabajo infantil.\u00a0Estos son problemas muy preocupantes [&hellip;]<\/p>\n","protected":false},"author":1,"featured_media":0,"parent":0,"menu_order":0,"comment_status":"closed","ping_status":"open","template":"","meta":{"footnotes":""},"class_list":["post-4533","page","type-page","status-publish","hentry"],"yoast_head":"<!-- This site is optimized with the Yoast SEO plugin v26.5 - https:\/\/yoast.com\/wordpress\/plugins\/seo\/ -->\n<title>Ni\u00f1os en Kosovo - Humanium<\/title>\n<meta name=\"description\" content=\"En Kosovo todav\u00eda encontramos tensiones \u00e9tnicas, pobreza\u00a0y trabajo infantil. Los ni\u00f1os pertenecientes a\u00a0grupos minoritarios, son a\u00fan los m\u00e1s afectados.\" \/>\n<meta name=\"robots\" content=\"index, follow, max-snippet:-1, max-image-preview:large, max-video-preview:-1\" \/>\n<link rel=\"canonical\" href=\"https:\/\/www.humanium.org\/es\/ninos-en-kosovo\/\" \/>\n<meta property=\"og:locale\" content=\"es_ES\" \/>\n<meta property=\"og:type\" content=\"article\" \/>\n<meta property=\"og:title\" content=\"Ni\u00f1os en Kosovo - Humanium\" \/>\n<meta property=\"og:description\" content=\"En Kosovo todav\u00eda encontramos tensiones \u00e9tnicas, pobreza\u00a0y trabajo infantil. Los ni\u00f1os pertenecientes a\u00a0grupos minoritarios, son a\u00fan los m\u00e1s afectados.\" \/>\n<meta property=\"og:url\" content=\"https:\/\/www.humanium.org\/es\/ninos-en-kosovo\/\" \/>\n<meta property=\"og:site_name\" content=\"Humanium\" \/>\n<meta property=\"article:modified_time\" content=\"2025-12-13T22:01:44+00:00\" \/>\n<meta name=\"twitter:card\" content=\"summary_large_image\" \/>\n<meta name=\"twitter:label1\" content=\"Tiempo de lectura\" \/>\n\t<meta name=\"twitter:data1\" content=\"5 minutos\" \/>\n<script type=\"application\/ld+json\" class=\"yoast-schema-graph\">{\"@context\":\"https:\/\/schema.org\",\"@graph\":[{\"@type\":\"WebPage\",\"@id\":\"https:\/\/www.humanium.org\/es\/ninos-en-kosovo\/\",\"url\":\"https:\/\/www.humanium.org\/es\/ninos-en-kosovo\/\",\"name\":\"Ni\u00f1os en Kosovo - Humanium\",\"isPartOf\":{\"@id\":\"https:\/\/www.humanium.org\/es\/#website\"},\"datePublished\":\"2013-10-19T15:28:43+00:00\",\"dateModified\":\"2025-12-13T22:01:44+00:00\",\"description\":\"En Kosovo todav\u00eda encontramos tensiones \u00e9tnicas, pobreza\u00a0y trabajo infantil. Los ni\u00f1os pertenecientes a\u00a0grupos minoritarios, son a\u00fan los m\u00e1s afectados.\",\"breadcrumb\":{\"@id\":\"https:\/\/www.humanium.org\/es\/ninos-en-kosovo\/#breadcrumb\"},\"inLanguage\":\"es\",\"potentialAction\":[{\"@type\":\"ReadAction\",\"target\":[\"https:\/\/www.humanium.org\/es\/ninos-en-kosovo\/\"]}]},{\"@type\":\"BreadcrumbList\",\"@id\":\"https:\/\/www.humanium.org\/es\/ninos-en-kosovo\/#breadcrumb\",\"itemListElement\":[{\"@type\":\"ListItem\",\"position\":1,\"name\":\"Home\",\"item\":\"https:\/\/www.humanium.org\/es\/\"},{\"@type\":\"ListItem\",\"position\":2,\"name\":\"Ni\u00f1os en Kosovo\"}]},{\"@type\":\"WebSite\",\"@id\":\"https:\/\/www.humanium.org\/es\/#website\",\"url\":\"https:\/\/www.humanium.org\/es\/\",\"name\":\"Humanium\",\"description\":\"\u00a1Los ni\u00f1os primero!\",\"potentialAction\":[{\"@type\":\"SearchAction\",\"target\":{\"@type\":\"EntryPoint\",\"urlTemplate\":\"https:\/\/www.humanium.org\/es\/?s={search_term_string}\"},\"query-input\":{\"@type\":\"PropertyValueSpecification\",\"valueRequired\":true,\"valueName\":\"search_term_string\"}}],\"inLanguage\":\"es\"}]}<\/script>\n<!-- \/ Yoast SEO plugin. -->","yoast_head_json":{"title":"Ni\u00f1os en Kosovo - Humanium","description":"En Kosovo todav\u00eda encontramos tensiones \u00e9tnicas, pobreza\u00a0y trabajo infantil. Los ni\u00f1os pertenecientes a\u00a0grupos minoritarios, son a\u00fan los m\u00e1s afectados.","robots":{"index":"index","follow":"follow","max-snippet":"max-snippet:-1","max-image-preview":"max-image-preview:large","max-video-preview":"max-video-preview:-1"},"canonical":"https:\/\/www.humanium.org\/es\/ninos-en-kosovo\/","og_locale":"es_ES","og_type":"article","og_title":"Ni\u00f1os en Kosovo - Humanium","og_description":"En Kosovo todav\u00eda encontramos tensiones \u00e9tnicas, pobreza\u00a0y trabajo infantil. Los ni\u00f1os pertenecientes a\u00a0grupos minoritarios, son a\u00fan los m\u00e1s afectados.","og_url":"https:\/\/www.humanium.org\/es\/ninos-en-kosovo\/","og_site_name":"Humanium","article_modified_time":"2025-12-13T22:01:44+00:00","twitter_card":"summary_large_image","twitter_misc":{"Tiempo de lectura":"5 minutos"},"schema":{"@context":"https:\/\/schema.org","@graph":[{"@type":"WebPage","@id":"https:\/\/www.humanium.org\/es\/ninos-en-kosovo\/","url":"https:\/\/www.humanium.org\/es\/ninos-en-kosovo\/","name":"Ni\u00f1os en Kosovo - Humanium","isPartOf":{"@id":"https:\/\/www.humanium.org\/es\/#website"},"datePublished":"2013-10-19T15:28:43+00:00","dateModified":"2025-12-13T22:01:44+00:00","description":"En Kosovo todav\u00eda encontramos tensiones \u00e9tnicas, pobreza\u00a0y trabajo infantil. Los ni\u00f1os pertenecientes a\u00a0grupos minoritarios, son a\u00fan los m\u00e1s afectados.","breadcrumb":{"@id":"https:\/\/www.humanium.org\/es\/ninos-en-kosovo\/#breadcrumb"},"inLanguage":"es","potentialAction":[{"@type":"ReadAction","target":["https:\/\/www.humanium.org\/es\/ninos-en-kosovo\/"]}]},{"@type":"BreadcrumbList","@id":"https:\/\/www.humanium.org\/es\/ninos-en-kosovo\/#breadcrumb","itemListElement":[{"@type":"ListItem","position":1,"name":"Home","item":"https:\/\/www.humanium.org\/es\/"},{"@type":"ListItem","position":2,"name":"Ni\u00f1os en Kosovo"}]},{"@type":"WebSite","@id":"https:\/\/www.humanium.org\/es\/#website","url":"https:\/\/www.humanium.org\/es\/","name":"Humanium","description":"\u00a1Los ni\u00f1os primero!","potentialAction":[{"@type":"SearchAction","target":{"@type":"EntryPoint","urlTemplate":"https:\/\/www.humanium.org\/es\/?s={search_term_string}"},"query-input":{"@type":"PropertyValueSpecification","valueRequired":true,"valueName":"search_term_string"}}],"inLanguage":"es"}]}},"_links":{"self":[{"href":"https:\/\/www.humanium.org\/es\/wp-json\/wp\/v2\/pages\/4533","targetHints":{"allow":["GET"]}}],"collection":[{"href":"https:\/\/www.humanium.org\/es\/wp-json\/wp\/v2\/pages"}],"about":[{"href":"https:\/\/www.humanium.org\/es\/wp-json\/wp\/v2\/types\/page"}],"author":[{"embeddable":true,"href":"https:\/\/www.humanium.org\/es\/wp-json\/wp\/v2\/users\/1"}],"replies":[{"embeddable":true,"href":"https:\/\/www.humanium.org\/es\/wp-json\/wp\/v2\/comments?post=4533"}],"version-history":[{"count":7,"href":"https:\/\/www.humanium.org\/es\/wp-json\/wp\/v2\/pages\/4533\/revisions"}],"predecessor-version":[{"id":21244,"href":"https:\/\/www.humanium.org\/es\/wp-json\/wp\/v2\/pages\/4533\/revisions\/21244"}],"wp:attachment":[{"href":"https:\/\/www.humanium.org\/es\/wp-json\/wp\/v2\/media?parent=4533"}],"curies":[{"name":"wp","href":"https:\/\/api.w.org\/{rel}","templated":true}]}}