{"id":4561,"date":"2013-10-21T09:56:14","date_gmt":"2013-10-21T09:56:14","guid":{"rendered":"http:\/\/www.humanium.org\/es\/?page_id=4561"},"modified":"2025-12-13T21:20:40","modified_gmt":"2025-12-13T21:20:40","slug":"ninos-de-letonia","status":"publish","type":"page","link":"https:\/\/www.humanium.org\/es\/ninos-de-letonia\/","title":{"rendered":"Ni\u00f1os de Letonia"},"content":{"rendered":"<h1>Ni\u00f1os de Letonia<\/h1>\n<h2>Descubriendo los Derechos del Ni\u00f1o en Letonia<\/h2>\n<p align=\"center\"><img loading=\"lazy\" decoding=\"async\" class=\"size-full wp-image-19228 alignnone\" title=\"Ni\u00f1a de Letonia \u00a9 SKLO (flickr)\" src=\"https:\/\/www.humanium.org\/fr\/wp-content\/uploads\/2012\/03\/latvian-girl\u00a9sklo.jpg\" alt=\"\" width=\"180\" height=\"200\" \/>\u00a0<img loading=\"lazy\" decoding=\"async\" class=\"alignnone wp-image-19229\" title=\"Ni\u00f1o de Letonia \u00a9 Jens Olaf (flickr)\" src=\"https:\/\/www.humanium.org\/fr\/wp-content\/uploads\/2012\/03\/latvian-boy\u00a9jens-olaf-300x225.jpg\" alt=\"\" width=\"266\" height=\"200\" \/><\/p>\n<p>La situaci\u00f3n de los ni\u00f1os letones no es la m\u00e1s envidiable, a pesar de que su calificaci\u00f3n sea de 8,55 sobre 10. Los problemas que enfrentan son importantes, sobre todo en relaci\u00f3n con la violencia, la explotaci\u00f3n sexual y la discriminaci\u00f3n de los ni\u00f1os de las minor\u00edas. Para mejorar la situaci\u00f3n de los ni\u00f1os, Letonia deber\u00eda aumentar sus esfuerzos.<\/p>\n<h3>Principales problemas que afectan a los ni\u00f1os en Letonia:<\/h3>\n<p><strong><a href=\"https:\/\/www.humanium.org\/es\/derecho-salud\/\">Derecho de la salud<\/a><\/strong><\/p>\n<p>A pesar de la adopci\u00f3n de medidas para facilitar el acceso a los servicios de <a href=\"https:\/\/www.humanium.org\/es\/derecho-salud\/\">salud<\/a> b\u00e1sicos, \u00e9ste contin\u00faa siendo dif\u00edcil para algunos ni\u00f1os letones por razones financieras o geogr\u00e1ficas.<\/p>\n<p>Adem\u00e1s, algunas enfermedades como la tuberculosis o la hepatitis est\u00e1n en aumento mientras que la anemia y la <a href=\"https:\/\/www.humanium.org\/es\/derecho-alimentacion\/\">malnutrici\u00f3n<\/a> persisten. Debido a esto, adem\u00e1s de la <a href=\"https:\/\/www.humanium.org\/es\/abuso-infantil\/\">violencia<\/a>, a los accidentes de tr\u00e1nsito, etc., la tasa de <a href=\"https:\/\/www.humanium.org\/es\/mortalidad-infantil\/\">mortalidad infantil<\/a> es alta (8\u2030).<\/p>\n<p>Con respecto a las adolescentes, existe un gran n\u00famero de embarazos en mujeres de entre 15 y 17 a\u00f1os. Adem\u00e1s, es frecuente que recurran al aborto por no haber utilizado ning\u00fan m\u00e9todo anticonceptivo.<\/p>\n<p>Por otro lado, los j\u00f3venes con <a href=\"https:\/\/www.humanium.org\/es\/ninos-discapacitados\/\">enfermedades mentales<\/a> con frecuencia son enviados a instituciones especiales debido a que sus familias no tienen la capacidad econ\u00f3mica suficiente para ocuparse de ellos. Desgraciadamente, son privados de gran parte de su libertad.<\/p>\n<p><strong>El derecho a la <a href=\"https:\/\/www.humanium.org\/es\/derecho-educacion\/\">educaci\u00f3n<\/a><\/strong><\/p>\n<p><img loading=\"lazy\" decoding=\"async\" class=\"alignright size-thumbnail wp-image-19241\" title=\"El aprendizaje de let\u00f3n es obligatoria para todos los ni\u00f1os \u00a9 Geri Lavrov (gettyimages)\" src=\"https:\/\/www.humanium.org\/fr\/wp-content\/uploads\/2012\/03\/education\u00a9geri-lavrov-gettyimages-150x150.jpg\" alt=\"\" width=\"150\" height=\"150\" \/>En Letonia, la educaci\u00f3n primaria y secundaria es gratuita y obligatoria. Existen, adem\u00e1s de las escuelas tradicionales, escuelas reservadas para las minor\u00edas \u00e9tnicas donde no se ense\u00f1a en let\u00f3n. Sin embargo, todo alumno que recibe <a href=\"https:\/\/www.humanium.org\/es\/derecho-educacion\/\">educaci\u00f3n<\/a> en un idioma diferente debe aprender let\u00f3n y aprobar ex\u00e1menes en la lengua oficial del pa\u00eds.<\/p>\n<p>El Comit\u00e9 de los Derechos del Ni\u00f1o destac\u00f3 la alta tasa de ausentismo escolar en el pa\u00eds. \u00c9sta se debe, en gran medida, a la <a href=\"https:\/\/www.humanium.org\/es\/pobreza-infantil\/\">pobreza<\/a>, a la deficiencia en el funcionamiento de los medios de transporte, a la clausura de escuelas en las regiones menos pobladas, a la falta de inter\u00e9s por parte de los padres con respecto a la <a href=\"https:\/\/www.humanium.org\/es\/derecho-educacion\/\">educaci\u00f3n<\/a> de sus hijos y al maltrato en las escuelas.<\/p>\n<p><strong>Los ni\u00f1os de las minor\u00edas<\/strong><\/p>\n<p>En Letonia, el principio de <a href=\"https:\/\/www.humanium.org\/es\/no-discriminacion\/\">no-discriminaci\u00f3n<\/a> no se aplica en su totalidad. En efecto, los ni\u00f1os que pertenecen a minor\u00edas como los roman\u00edes, los rusohablantes, los ni\u00f1os <a href=\"https:\/\/www.humanium.org\/es\/ninos-discapacitados\/\">minusv\u00e1lidos<\/a> o incluso aquellos que viven en \u00e1reas rurales, no tienen acceso a los servicios de salud y educaci\u00f3n.<\/p>\n<h4>Los rusohablantes<\/h4>\n<p>Letonia es fuertemente criticada por la <a href=\"https:\/\/www.humanium.org\/es\/no-discriminacion\/\">discriminaci\u00f3n<\/a> hacia los rusohablantes, quienes representan un tercio de la poblaci\u00f3n del pa\u00eds. Por ejemplo, para obtener la ciudadan\u00eda letona los rusohablantes deben haber residido en Letonia por un per\u00edodo m\u00ednimo de 16 a\u00f1os y aprobar un examen de let\u00f3n.<\/p>\n<p>La Comisi\u00f3n Europea contra el Racismo y la Intolerancia ha aconsejado a las autoridades letonas adoptar medidas para mejorar el sistema educativo en el pa\u00eds para los ni\u00f1os de las minor\u00edas \u00e9tnicas con el fin de asegurar un acceso igualitario a la educaci\u00f3n superior y a puestos de trabajo. La comisi\u00f3n recomienda tambi\u00e9n la creaci\u00f3n de espacios curriculares para la ense\u00f1anza de las lenguas y de las culturas minoritarias.<\/p>\n<h4>Los roman\u00edes<\/h4>\n<p><img loading=\"lazy\" decoding=\"async\" class=\"alignright size-thumbnail wp-image-19242\" title=\"Los roman\u00edes son uno de los grupos m\u00e1s discriminados en Letonia \u00a9 Bartosz Hadyniak (gettyimages)\" src=\"https:\/\/www.humanium.org\/fr\/wp-content\/uploads\/2012\/03\/minorites-\u00a9-bartosz-hadyniak-gettyimages-150x150.jpg\" alt=\"\" width=\"150\" height=\"150\" \/>Junto con los rusohablantes, los roman\u00edes constituyen uno de los grupos m\u00e1s <a href=\"https:\/\/www.humanium.org\/es\/no-discriminacion\/\">discriminados <\/a>en Letonia. No se ha tomado ninguna medida que simplifique el proceso de naturalizaci\u00f3n de los ni\u00f1os nacidos en Letonia de padres extranjeros que llegaron al pa\u00eds despu\u00e9s de 1991.<\/p>\n<p>Se han creado clases especiales para los ni\u00f1os roman\u00edes, lo que refuerza la estigmatizaci\u00f3n de este grupo minoritario. La Comisi\u00f3n antirracismo del Consejo de Europa quiere clausurar estas clases y que los ni\u00f1os roman\u00edes se integren en las clases regulares.<\/p>\n<p><strong>La violencia<\/strong><\/p>\n<p><em><a href=\"https:\/\/www.humanium.org\/es\/abuso-infantil\/\">El maltrato<\/a><\/em><\/p>\n<p><img loading=\"lazy\" decoding=\"async\" class=\"alignright size-thumbnail wp-image-19243\" title=\"La violencia contra los ni\u00f1os es un fen\u00f3meno generalizado y preocupante \u00a9- Jose Luis Pelaez (gettyimages)\" src=\"https:\/\/www.humanium.org\/fr\/wp-content\/uploads\/2012\/03\/violences-\u00a9-jose-luis-pelaez-gettyimages-133x150.jpg\" alt=\"\" width=\"133\" height=\"150\" \/>El <a href=\"https:\/\/www.humanium.org\/es\/abuso-infantil\/\">castigo corporal<\/a> est\u00e1 oficialmente prohibido por la ley letona. A pesar de ello, la violencia hacia los ni\u00f1os est\u00e1 generalizada en todo el pa\u00eds. El castigo corporal se sigue utilizando en las escuelas y no se imponen sanciones adecuadas. Es dif\u00edcil poner fin a esta <a href=\"https:\/\/www.humanium.org\/es\/abuso-infantil\/\">pr\u00e1ctica humillante<\/a>, , que se agrava debido a la amplia creencia de que los actos de violencia que ocurren en el seno de la familia son considerados asuntos privados.<\/p>\n<p><em>La violencia sexual<\/em><br \/>\nMuchos ni\u00f1os letones sufren violencia sexual, como violaciones y abusos. El 10% de los ni\u00f1os ha sido v\u00edctima de un abuso sexual a los 15 a\u00f1os de edad. Debido a la falta de personal dentro de los hogares para menores e internados, los ni\u00f1os por lo general viven en ambientes aislados sin ninguna supervisi\u00f3n y corren el riesgo de ser explotados sexualmente por sus compa\u00f1eros. Es com\u00fan que los ni\u00f1os que han sido v\u00edctimas de alg\u00fan <a href=\"https:\/\/www.humanium.org\/es\/explotacion-sexual-infantil\/\">abuso sexual<\/a> les hagan lo mismo a otros ni\u00f1os; y, por esta misma raz\u00f3n, algunos padres abusan de sus hijos.<\/p>\n<p>Seg\u00fan el centro Dardedze (una ONG letona que lucha contra la violencia hacia los ni\u00f1os), en los \u00faltimos a\u00f1os ha aumentado el n\u00famero de denuncias por <a href=\"https:\/\/www.humanium.org\/es\/abuso-infantil\/\">maltrato<\/a> y violencia sexual. Sin embargo, esto puede deberse a una toma de conciencia por parte de la poblaci\u00f3n respecto a este problema, lo que hace que se denuncien cada vez m\u00e1s casos.<\/p>\n<p><em>La violencia racista<\/em><br \/>\nLas v\u00edctimas principales de este tipo de violencia son los roman\u00edes, incluyendo los ni\u00f1os. Las v\u00edctimas roman\u00edes tienden a no denunciar las agresiones sufridas por temor a la polic\u00eda.<\/p>\n<p>La Comisi\u00f3n Europea contra el Racismo y la Intolerancia quiere que las autoridades letonas aumenten sus esfuerzos para hacer frente a este fen\u00f3meno. Los \u201ccabezas rapadas\u201d y otros grupos de derecha han sido, en repetidas ocasiones, los autores de violencia racista contra los roman\u00edes. Por lo tanto, la comisi\u00f3n recomienda a Letonia supervisar sus actividades y establecer iniciativas en las escuelas para concientizar a los ni\u00f1os.<\/p>\n<p><strong><a href=\"https:\/\/www.humanium.org\/es\/explotacion-sexual-infantil\/\">La explotaci\u00f3n sexual<br \/>\n<\/a><\/strong><br \/>\n<img loading=\"lazy\" decoding=\"async\" class=\"alignright size-thumbnail wp-image-19244\" title=\"La explotaci\u00f3n sexual infantil es dif\u00edcil de combatir la plaga \u00a9 Fausto Mirandoli (gettyimages)\" src=\"https:\/\/www.humanium.org\/fr\/wp-content\/uploads\/2012\/03\/exploitation-\u00a9-fausto-mirandoli-gettyimages-150x150.jpg\" alt=\"\" width=\"150\" height=\"150\" \/>En Letonia, la <a href=\"https:\/\/www.humanium.org\/es\/explotacion-sexual-infantil\/\">explotaci\u00f3n sexual<\/a> de los ni\u00f1os es un problema dif\u00edcil de erradicar. Con frecuencia es pasado por alto o negado, pero tambi\u00e9n otros factores contribuyen a su desarrollo.<\/p>\n<p>Por un lado, la mayor\u00eda de los ni\u00f1os en situaci\u00f3n de <a href=\"https:\/\/www.humanium.org\/es\/ninos-calle\/\">calle<\/a> aceptan <a href=\"https:\/\/www.humanium.org\/es\/prostitucion-infantil\/\">prostituirse<\/a> con el fin de cubrir sus necesidades econ\u00f3micas. Adem\u00e1s, es com\u00fan que los ni\u00f1os que viven en <a href=\"https:\/\/www.humanium.org\/es\/ninos-huerfanos\/\">orfelinatos<\/a> sean vendidos, sin escr\u00fapulos, para su <a href=\"https:\/\/www.humanium.org\/es\/explotacion-sexual-infantil\/\">explotaci\u00f3n sexual<\/a>.<\/p>\n<p>Por otro lado, los ni\u00f1os de familias pobres, que no cuentan con los medios suficientes para cubrir sus necesidades y que no tienen tiempo para dedicarles, tienden a ser presa f\u00e1cil para los <a href=\"https:\/\/www.humanium.org\/es\/trata-ninos\/\">traficantes<\/a>, quienes los utilizan para la <a href=\"https:\/\/www.humanium.org\/es\/explotacion-sexual-infantil\/\">explotaci\u00f3n sexual<\/a>.<\/p>\n<p><strong>El tr\u00e1fico de ni\u00f1os<\/strong><\/p>\n<p>Oficialmente, el <a href=\"https:\/\/www.humanium.org\/es\/trata-ninos\/\">tr\u00e1fico de ni\u00f1os<\/a> ha sido erradicado en el pa\u00eds. Sin embargo, Letonia todav\u00eda figura entre los pa\u00edses de origen del tr\u00e1fico de ni\u00f1os. Los ni\u00f1os en situaci\u00f3n de <a href=\"https:\/\/www.humanium.org\/es\/ninos-calle\/\">calle<\/a> son las v\u00edctimas m\u00e1s f\u00e1ciles del tr\u00e1fico debido a su vulnerabilidad.<\/p>\n<p><img loading=\"lazy\" decoding=\"async\" class=\"alignright size-thumbnail wp-image-19245\" title=\"La Letonia se cuenta entre los pa\u00edses de origen de la trata de ni\u00f1os \u00a9 Imgorthand (gettyimages)\" src=\"https:\/\/www.humanium.org\/fr\/wp-content\/uploads\/2012\/03\/trafic-\u00a9-imgorthand-gettyimages-150x150.jpg\" alt=\"\" width=\"150\" height=\"150\" \/>Existe poca informaci\u00f3n y datos estad\u00edsticos, oficiales o no, sobre el <a href=\"https:\/\/www.humanium.org\/es\/trata-ninos\/\">tr\u00e1fico de ni\u00f1os<\/a>. De acuerdo a un estudio realizado en el a\u00f1o 2009 por la Agencia de los Derechos Fundamentales de la Uni\u00f3n Europea, se estima que en el curso de los \u00faltimos 4 a\u00f1os el n\u00famero m\u00e1s alto de ni\u00f1os vendidos por mes ronda los 100. Sin embargo, es dif\u00edcil saber si este n\u00famero refleja la realidad.<\/p>\n<p><strong><a href=\"https:\/\/www.humanium.org\/es\/ninos-detenidos\/\">Los ni\u00f1os detenidos<\/a><\/strong><\/p>\n<p>Seg\u00fan lo establece la ley, Los menores inmigrantes que llegan a Letonia y que son menores de 14 a\u00f1os no pueden ser <a href=\"https:\/\/www.humanium.org\/es\/ninos-detenidos\/\">detenidos<\/a>. Sin embargo, un informe del gobierno de los Estados Unidos del a\u00f1o 2010 denuncia las condiciones en que se encuentran los j\u00f3venes varones detenidos, quienes son forzados a convivir con prisioneros adultos, a menudo, durante per\u00edodos largos.<\/p>\n<p><img loading=\"lazy\" decoding=\"async\" class=\"alignright size-thumbnail wp-image-19246\" title=\"Aunque la ley letona proh\u00edbe, la detenci\u00f3n de ni\u00f1os se practica \u00a9 Dblight (gettyimages)\" src=\"https:\/\/www.humanium.org\/fr\/wp-content\/uploads\/2012\/03\/detention-\u00a9-dblight-gettyimages-150x150.jpg\" alt=\"\" width=\"150\" height=\"150\" \/>Adem\u00e1s, las condiciones de detenci\u00f3n son inadecuadas y no satisfacen los criterios fijados por las leyes internacionales. Los ni\u00f1os detenidos no tienen pr\u00e1cticamente comunicaci\u00f3n con el mundo exterior; no tienen suficiente espacio, agua caliente, calefacci\u00f3n y medios sanitarios adecuados. Est\u00e1n aislados, sin recibir <a href=\"https:\/\/www.humanium.org\/es\/derecho-salud\/\">asistencia m\u00e9dica<\/a> o <a href=\"https:\/\/www.humanium.org\/es\/derecho-educacion\/\">educaci\u00f3n<\/a> y, con frecuencia, son deportados sin haber recibido asesoramiento legal. Los ni\u00f1os nacidos en detenci\u00f3n no reciben <a href=\"https:\/\/www.humanium.org\/es\/derecho-identidad\/\">partidas de nacimiento<\/a> y, en consecuencia, no son reconocidos.<\/p>\n<p>Por \u00faltimo, la ley no favorece la reunificaci\u00f3n familiar; lo cual constituye una desgracia, tanto para los ni\u00f1os que est\u00e1n solos como para aquellos que han sido separados de sus familias, ya que esto se opone a su desarrollo y les impide el derecho a la vida en familia.<\/p>\n","protected":false},"excerpt":{"rendered":"<p>Ni\u00f1os de Letonia Descubriendo los Derechos del Ni\u00f1o en Letonia \u00a0 La situaci\u00f3n de los ni\u00f1os letones no es la m\u00e1s envidiable, a pesar de que su calificaci\u00f3n sea de 8,55 sobre 10. Los problemas que enfrentan son importantes, sobre todo en relaci\u00f3n con la violencia, la explotaci\u00f3n sexual y la discriminaci\u00f3n de los ni\u00f1os [&hellip;]<\/p>\n","protected":false},"author":1,"featured_media":0,"parent":0,"menu_order":0,"comment_status":"closed","ping_status":"open","template":"","meta":{"footnotes":""},"class_list":["post-4561","page","type-page","status-publish","hentry"],"yoast_head":"<!-- This site is optimized with the Yoast SEO plugin v26.5 - https:\/\/yoast.com\/wordpress\/plugins\/seo\/ -->\n<title>Ni\u00f1os de Letonia - Humanium<\/title>\n<meta name=\"description\" content=\"Letonia se enfrenta a problemas como, la violencia, la explotaci\u00f3n sexual y la discriminaci\u00f3n de los ni\u00f1os de las minor\u00edas.\" \/>\n<meta name=\"robots\" content=\"index, follow, max-snippet:-1, max-image-preview:large, max-video-preview:-1\" \/>\n<link rel=\"canonical\" href=\"https:\/\/www.humanium.org\/es\/ninos-de-letonia\/\" \/>\n<meta property=\"og:locale\" content=\"es_ES\" \/>\n<meta property=\"og:type\" content=\"article\" \/>\n<meta property=\"og:title\" content=\"Ni\u00f1os de Letonia - Humanium\" \/>\n<meta property=\"og:description\" content=\"Letonia se enfrenta a problemas como, la violencia, la explotaci\u00f3n sexual y la discriminaci\u00f3n de los ni\u00f1os de las minor\u00edas.\" \/>\n<meta property=\"og:url\" content=\"https:\/\/www.humanium.org\/es\/ninos-de-letonia\/\" \/>\n<meta property=\"og:site_name\" content=\"Humanium\" \/>\n<meta property=\"article:modified_time\" content=\"2025-12-13T21:20:40+00:00\" \/>\n<meta name=\"twitter:card\" content=\"summary_large_image\" \/>\n<meta name=\"twitter:label1\" content=\"Tiempo de lectura\" \/>\n\t<meta name=\"twitter:data1\" content=\"9 minutos\" \/>\n<script type=\"application\/ld+json\" class=\"yoast-schema-graph\">{\"@context\":\"https:\/\/schema.org\",\"@graph\":[{\"@type\":\"WebPage\",\"@id\":\"https:\/\/www.humanium.org\/es\/ninos-de-letonia\/\",\"url\":\"https:\/\/www.humanium.org\/es\/ninos-de-letonia\/\",\"name\":\"Ni\u00f1os de Letonia - Humanium\",\"isPartOf\":{\"@id\":\"https:\/\/www.humanium.org\/es\/#website\"},\"datePublished\":\"2013-10-21T09:56:14+00:00\",\"dateModified\":\"2025-12-13T21:20:40+00:00\",\"description\":\"Letonia se enfrenta a problemas como, la violencia, la explotaci\u00f3n sexual y la discriminaci\u00f3n de los ni\u00f1os de las minor\u00edas.\",\"breadcrumb\":{\"@id\":\"https:\/\/www.humanium.org\/es\/ninos-de-letonia\/#breadcrumb\"},\"inLanguage\":\"es\",\"potentialAction\":[{\"@type\":\"ReadAction\",\"target\":[\"https:\/\/www.humanium.org\/es\/ninos-de-letonia\/\"]}]},{\"@type\":\"BreadcrumbList\",\"@id\":\"https:\/\/www.humanium.org\/es\/ninos-de-letonia\/#breadcrumb\",\"itemListElement\":[{\"@type\":\"ListItem\",\"position\":1,\"name\":\"Home\",\"item\":\"https:\/\/www.humanium.org\/es\/\"},{\"@type\":\"ListItem\",\"position\":2,\"name\":\"Ni\u00f1os de Letonia\"}]},{\"@type\":\"WebSite\",\"@id\":\"https:\/\/www.humanium.org\/es\/#website\",\"url\":\"https:\/\/www.humanium.org\/es\/\",\"name\":\"Humanium\",\"description\":\"\u00a1Los ni\u00f1os primero!\",\"potentialAction\":[{\"@type\":\"SearchAction\",\"target\":{\"@type\":\"EntryPoint\",\"urlTemplate\":\"https:\/\/www.humanium.org\/es\/?s={search_term_string}\"},\"query-input\":{\"@type\":\"PropertyValueSpecification\",\"valueRequired\":true,\"valueName\":\"search_term_string\"}}],\"inLanguage\":\"es\"}]}<\/script>\n<!-- \/ Yoast SEO plugin. -->","yoast_head_json":{"title":"Ni\u00f1os de Letonia - Humanium","description":"Letonia se enfrenta a problemas como, la violencia, la explotaci\u00f3n sexual y la discriminaci\u00f3n de los ni\u00f1os de las minor\u00edas.","robots":{"index":"index","follow":"follow","max-snippet":"max-snippet:-1","max-image-preview":"max-image-preview:large","max-video-preview":"max-video-preview:-1"},"canonical":"https:\/\/www.humanium.org\/es\/ninos-de-letonia\/","og_locale":"es_ES","og_type":"article","og_title":"Ni\u00f1os de Letonia - Humanium","og_description":"Letonia se enfrenta a problemas como, la violencia, la explotaci\u00f3n sexual y la discriminaci\u00f3n de los ni\u00f1os de las minor\u00edas.","og_url":"https:\/\/www.humanium.org\/es\/ninos-de-letonia\/","og_site_name":"Humanium","article_modified_time":"2025-12-13T21:20:40+00:00","twitter_card":"summary_large_image","twitter_misc":{"Tiempo de lectura":"9 minutos"},"schema":{"@context":"https:\/\/schema.org","@graph":[{"@type":"WebPage","@id":"https:\/\/www.humanium.org\/es\/ninos-de-letonia\/","url":"https:\/\/www.humanium.org\/es\/ninos-de-letonia\/","name":"Ni\u00f1os de Letonia - Humanium","isPartOf":{"@id":"https:\/\/www.humanium.org\/es\/#website"},"datePublished":"2013-10-21T09:56:14+00:00","dateModified":"2025-12-13T21:20:40+00:00","description":"Letonia se enfrenta a problemas como, la violencia, la explotaci\u00f3n sexual y la discriminaci\u00f3n de los ni\u00f1os de las minor\u00edas.","breadcrumb":{"@id":"https:\/\/www.humanium.org\/es\/ninos-de-letonia\/#breadcrumb"},"inLanguage":"es","potentialAction":[{"@type":"ReadAction","target":["https:\/\/www.humanium.org\/es\/ninos-de-letonia\/"]}]},{"@type":"BreadcrumbList","@id":"https:\/\/www.humanium.org\/es\/ninos-de-letonia\/#breadcrumb","itemListElement":[{"@type":"ListItem","position":1,"name":"Home","item":"https:\/\/www.humanium.org\/es\/"},{"@type":"ListItem","position":2,"name":"Ni\u00f1os de Letonia"}]},{"@type":"WebSite","@id":"https:\/\/www.humanium.org\/es\/#website","url":"https:\/\/www.humanium.org\/es\/","name":"Humanium","description":"\u00a1Los ni\u00f1os primero!","potentialAction":[{"@type":"SearchAction","target":{"@type":"EntryPoint","urlTemplate":"https:\/\/www.humanium.org\/es\/?s={search_term_string}"},"query-input":{"@type":"PropertyValueSpecification","valueRequired":true,"valueName":"search_term_string"}}],"inLanguage":"es"}]}},"_links":{"self":[{"href":"https:\/\/www.humanium.org\/es\/wp-json\/wp\/v2\/pages\/4561","targetHints":{"allow":["GET"]}}],"collection":[{"href":"https:\/\/www.humanium.org\/es\/wp-json\/wp\/v2\/pages"}],"about":[{"href":"https:\/\/www.humanium.org\/es\/wp-json\/wp\/v2\/types\/page"}],"author":[{"embeddable":true,"href":"https:\/\/www.humanium.org\/es\/wp-json\/wp\/v2\/users\/1"}],"replies":[{"embeddable":true,"href":"https:\/\/www.humanium.org\/es\/wp-json\/wp\/v2\/comments?post=4561"}],"version-history":[{"count":5,"href":"https:\/\/www.humanium.org\/es\/wp-json\/wp\/v2\/pages\/4561\/revisions"}],"predecessor-version":[{"id":21245,"href":"https:\/\/www.humanium.org\/es\/wp-json\/wp\/v2\/pages\/4561\/revisions\/21245"}],"wp:attachment":[{"href":"https:\/\/www.humanium.org\/es\/wp-json\/wp\/v2\/media?parent=4561"}],"curies":[{"name":"wp","href":"https:\/\/api.w.org\/{rel}","templated":true}]}}