{"id":49,"date":"2012-11-06T09:38:37","date_gmt":"2012-11-06T09:38:37","guid":{"rendered":"http:\/\/www.humanium.org\/es\/?page_id=49"},"modified":"2025-12-05T16:18:29","modified_gmt":"2025-12-05T16:18:29","slug":"otros-textos","status":"publish","type":"page","link":"https:\/\/www.humanium.org\/es\/otros-textos\/","title":{"rendered":"Otros textos"},"content":{"rendered":"<h1>Otros textos sobre los Derechos del Ni\u00f1o<\/h1>\n<table>\n<tbody>\n<tr>\n<td>\n<h3>Instrumentos regionales sobre los Derechos del Ni\u00f1o<\/h3>\n<ul>\n<li>1994 <a href=\"https:\/\/www.humanium.org\/es\/convencion-interamericana-sobre-desaparicion-forzada-des-personas\/\">Convenci\u00f3n Interamericana sobre Desaparici\u00f3n Forzada de Personas<\/a><\/li>\n<\/ul>\n<ul>\n<li>1996 <a href=\"https:\/\/www.humanium.org\/es\/convenio-europeo-sobre-el-ejercicio-de-los-derechos-de-los-ninos\/\">Convenio Europeo sobre el Ejercicio de los Derechos del Ni\u00f1o<\/a><\/li>\n<\/ul>\n<ul>\n<li>1999 <a href=\"https:\/\/www.humanium.org\/es\/carta-africana-derechos-bienestar-nino\/\">Carta Africana sobre los Derechos y el Bienestar del Ni\u00f1o<\/a><\/li>\n<\/ul>\n<ul>\n<li>2007 <a href=\"https:\/\/www.humanium.org\/es\/convenio-del-consejo-de-europa-para-la-proteccion-de-los-ninos-contra-la-explotacion-y-el-abuso-sexual\/\">Convenio del Consejo de Europa para la Protecci\u00f3n de los Ni\u00f1os contra la Explotaci\u00f3n y el Abuso Sexual<\/a><\/li>\n<\/ul>\n<\/td>\n<\/tr>\n<\/tbody>\n<\/table>\n<table>\n<tbody>\n<tr>\n<td>\n<h3>Educaci\u00f3n y Desarrollo<\/h3>\n<ul>\n<li>1986 <a href=\"https:\/\/www.humanium.org\/es\/declaracion-sobre-el-derecho-al-desarrollo\/\">Declaraci\u00f3n sobre el Derecho al Desarrollo<\/a><\/li>\n<\/ul>\n<ul>\n<li>1990 <a href=\"https:\/\/www.humanium.org\/es\/declaracion-mundial-sobre-educacion-para-todos-satisfaccion-de-las-necesidades-basicas-de-aprendizaje\/\">Declaraci\u00f3n Mundial sobre la Educaci\u00f3n para Todos<\/a><\/li>\n<\/ul>\n<\/td>\n<\/tr>\n<\/tbody>\n<\/table>\n<table>\n<tbody>\n<tr>\n<td>\n<h3>Los ni\u00f1os en la guerra y el derecho internacional humanitario<\/h3>\n<ul>\n<li>1949 <a href=\"https:\/\/www.humanium.org\/es\/convenio-de-ginebra-relativo-a-la-proteccion-debida-a-las-personnas-civiles-en-tiempo-de-guerra\/\">Convenio (IV) relativo a la protecci\u00f3n debida a las personas civiles en tiempo de guerra<\/a><\/li>\n<\/ul>\n<ul>\n<li>1951 <a href=\"https:\/\/www.humanium.org\/es\/convencion-sobre-el-estatuto-de-los-refugiados\/\">Convenci\u00f3n sobre el Estatuto de los Refugiados<\/a><\/li>\n<\/ul>\n<ul>\n<li>1977 <a href=\"https:\/\/www.humanium.org\/es\/protocolo-i-convenio-ginebra\/\">Protocolo I de los Convenios de Ginebra relativo a la Protecci\u00f3n de las V\u00edctimas de los Conflictos Armados Internacionales<\/a><\/li>\n<\/ul>\n<ul>\n<li>1977 <a href=\"https:\/\/www.humanium.org\/es\/protocolo-ii-adicional-a-los-convenios-de-ginebra-de-1949-relativo-a-la-proteccion-de-las-victimas-de-los-conflictos-armados-sin-caracter-internacional\/\">Protocolo II de los Convenios de Ginebra relativo a la Protecci\u00f3n de las V\u00edctimas de los Conflictos Armados Internacionales<\/a> (art\u00edculo 4 relativo a la protecci\u00f3n de los ni\u00f1os)<\/li>\n<\/ul>\n<ul>\n<li>2007<a href=\"https:\/\/www.humanium.org\/es\/compromisis-principios-paris\/\"> Principios y Compromisos de Par\u00eds para proteger a los ni\u00f1os contra el reclutamiento ilegal y el uso de las fuerzas armadas o grupos armados<\/a><\/li>\n<\/ul>\n<\/td>\n<\/tr>\n<\/tbody>\n<\/table>\n<table>\n<tbody>\n<tr>\n<td>\n<h3>Antidiscriminaci\u00f3n y el ni\u00f1o<\/h3>\n<ul>\n<li>1965 <a href=\"https:\/\/www.humanium.org\/es\/convencion-internacional-sobre-la-eliminacion-de-todas-las-formas-de-discriminacion-racial\/\">Convenci\u00f3n sobre la Eliminaci\u00f3n de todas las Formas de Discriminaci\u00f3n Racial<\/a><\/li>\n<\/ul>\n<ul>\n<li>1979 Convenci\u00f3n sobre la Eliminaci\u00f3n de todas las Formas de Discriminaci\u00f3n contra la Mujer<\/li>\n<\/ul>\n<ul>\n<li>1995 <a href=\"https:\/\/www.humanium.org\/es\/declaracion-de-beijing-sobre-la-promocion-de-las-mujeres-y-las-ninas-en-asia\/#\">Declaraci\u00f3n de Beijing sobre la Promoci\u00f3n de las Mujeres y Ni\u00f1as en Asia<\/a><\/li>\n<\/ul>\n<\/td>\n<\/tr>\n<\/tbody>\n<\/table>\n<table>\n<tbody>\n<tr>\n<td>\n<h3>Otros textos<\/h3>\n<ul>\n<li>1980 <a href=\"https:\/\/www.humanium.org\/es\/convenio-sustraccion-menores\/\">Convenci\u00f3n sobre los Aspectos Civiles de la Sustracci\u00f3n Internacional de Menores<\/a><\/li>\n<\/ul>\n<ul>\n<li>1990 <a href=\"https:\/\/www.humanium.org\/es\/reglas-de-las-naciones-unidas-para-la-proteccion-de-los-menores-privados-de-libertad\/\">Reglas de las Naciones Unidas para la Protecci\u00f3n de los Menores Privados de Libertad<\/a><\/li>\n<\/ul>\n<ul>\n<li>1993 <a href=\"https:\/\/www.humanium.org\/es\/convenio-proteccion-nino-cooperacion-adopcion-internacional\/\">Convenci\u00f3n sobre la Protecci\u00f3n del Ni\u00f1o y a la Cooperaci\u00f3n en materia de Adopci\u00f3n Internacional<\/a><\/li>\n<\/ul>\n<\/td>\n<\/tr>\n<\/tbody>\n<\/table>\n<table>\n<tbody style=\"background: #f9f9f9;\">\n<tr>\n<td>\n<div style=\"float: left; width: 65%;\">Traducido por: Gustavo Oviedo-Siacara<br \/>\nCorregido por: Joseph Mc Birnie<\/div>\n<\/td>\n<\/tr>\n<\/tbody>\n<\/table>\n","protected":false},"excerpt":{"rendered":"<p>Otros textos sobre los Derechos del Ni\u00f1o Instrumentos regionales sobre los Derechos del Ni\u00f1o 1994 Convenci\u00f3n Interamericana sobre Desaparici\u00f3n Forzada de Personas 1996 Convenio Europeo sobre el Ejercicio de los Derechos del Ni\u00f1o 1999 Carta Africana sobre los Derechos y el Bienestar del Ni\u00f1o 2007 Convenio del Consejo de Europa para la Protecci\u00f3n de los [&hellip;]<\/p>\n","protected":false},"author":1,"featured_media":0,"parent":0,"menu_order":0,"comment_status":"closed","ping_status":"closed","template":"","meta":{"footnotes":""},"class_list":["post-49","page","type-page","status-publish","hentry"],"yoast_head":"<!-- This site is optimized with the Yoast SEO plugin v26.5 - https:\/\/yoast.com\/wordpress\/plugins\/seo\/ -->\n<title>Otros textos - Humanium<\/title>\n<meta name=\"robots\" content=\"index, follow, max-snippet:-1, max-image-preview:large, max-video-preview:-1\" \/>\n<link rel=\"canonical\" href=\"https:\/\/www.humanium.org\/es\/otros-textos\/\" \/>\n<meta property=\"og:locale\" content=\"es_ES\" \/>\n<meta property=\"og:type\" content=\"article\" \/>\n<meta property=\"og:title\" content=\"Otros textos - Humanium\" \/>\n<meta property=\"og:description\" content=\"Otros textos sobre los Derechos del Ni\u00f1o Instrumentos regionales sobre los Derechos del Ni\u00f1o 1994 Convenci\u00f3n Interamericana sobre Desaparici\u00f3n Forzada de Personas 1996 Convenio Europeo sobre el Ejercicio de los Derechos del Ni\u00f1o 1999 Carta Africana sobre los Derechos y el Bienestar del Ni\u00f1o 2007 Convenio del Consejo de Europa para la Protecci\u00f3n de los [&hellip;]\" \/>\n<meta property=\"og:url\" content=\"https:\/\/www.humanium.org\/es\/otros-textos\/\" \/>\n<meta property=\"og:site_name\" content=\"Humanium\" \/>\n<meta property=\"article:modified_time\" content=\"2025-12-05T16:18:29+00:00\" \/>\n<meta name=\"twitter:card\" content=\"summary_large_image\" \/>\n<meta name=\"twitter:label1\" content=\"Tiempo de lectura\" \/>\n\t<meta name=\"twitter:data1\" content=\"2 minutos\" \/>\n<script type=\"application\/ld+json\" class=\"yoast-schema-graph\">{\"@context\":\"https:\/\/schema.org\",\"@graph\":[{\"@type\":\"WebPage\",\"@id\":\"https:\/\/www.humanium.org\/es\/otros-textos\/\",\"url\":\"https:\/\/www.humanium.org\/es\/otros-textos\/\",\"name\":\"Otros textos - Humanium\",\"isPartOf\":{\"@id\":\"https:\/\/www.humanium.org\/es\/#website\"},\"datePublished\":\"2012-11-06T09:38:37+00:00\",\"dateModified\":\"2025-12-05T16:18:29+00:00\",\"breadcrumb\":{\"@id\":\"https:\/\/www.humanium.org\/es\/otros-textos\/#breadcrumb\"},\"inLanguage\":\"es\",\"potentialAction\":[{\"@type\":\"ReadAction\",\"target\":[\"https:\/\/www.humanium.org\/es\/otros-textos\/\"]}]},{\"@type\":\"BreadcrumbList\",\"@id\":\"https:\/\/www.humanium.org\/es\/otros-textos\/#breadcrumb\",\"itemListElement\":[{\"@type\":\"ListItem\",\"position\":1,\"name\":\"Home\",\"item\":\"https:\/\/www.humanium.org\/es\/\"},{\"@type\":\"ListItem\",\"position\":2,\"name\":\"Otros textos\"}]},{\"@type\":\"WebSite\",\"@id\":\"https:\/\/www.humanium.org\/es\/#website\",\"url\":\"https:\/\/www.humanium.org\/es\/\",\"name\":\"Humanium\",\"description\":\"\u00a1Los ni\u00f1os primero!\",\"potentialAction\":[{\"@type\":\"SearchAction\",\"target\":{\"@type\":\"EntryPoint\",\"urlTemplate\":\"https:\/\/www.humanium.org\/es\/?s={search_term_string}\"},\"query-input\":{\"@type\":\"PropertyValueSpecification\",\"valueRequired\":true,\"valueName\":\"search_term_string\"}}],\"inLanguage\":\"es\"}]}<\/script>\n<!-- \/ Yoast SEO plugin. -->","yoast_head_json":{"title":"Otros textos - Humanium","robots":{"index":"index","follow":"follow","max-snippet":"max-snippet:-1","max-image-preview":"max-image-preview:large","max-video-preview":"max-video-preview:-1"},"canonical":"https:\/\/www.humanium.org\/es\/otros-textos\/","og_locale":"es_ES","og_type":"article","og_title":"Otros textos - Humanium","og_description":"Otros textos sobre los Derechos del Ni\u00f1o Instrumentos regionales sobre los Derechos del Ni\u00f1o 1994 Convenci\u00f3n Interamericana sobre Desaparici\u00f3n Forzada de Personas 1996 Convenio Europeo sobre el Ejercicio de los Derechos del Ni\u00f1o 1999 Carta Africana sobre los Derechos y el Bienestar del Ni\u00f1o 2007 Convenio del Consejo de Europa para la Protecci\u00f3n de los [&hellip;]","og_url":"https:\/\/www.humanium.org\/es\/otros-textos\/","og_site_name":"Humanium","article_modified_time":"2025-12-05T16:18:29+00:00","twitter_card":"summary_large_image","twitter_misc":{"Tiempo de lectura":"2 minutos"},"schema":{"@context":"https:\/\/schema.org","@graph":[{"@type":"WebPage","@id":"https:\/\/www.humanium.org\/es\/otros-textos\/","url":"https:\/\/www.humanium.org\/es\/otros-textos\/","name":"Otros textos - Humanium","isPartOf":{"@id":"https:\/\/www.humanium.org\/es\/#website"},"datePublished":"2012-11-06T09:38:37+00:00","dateModified":"2025-12-05T16:18:29+00:00","breadcrumb":{"@id":"https:\/\/www.humanium.org\/es\/otros-textos\/#breadcrumb"},"inLanguage":"es","potentialAction":[{"@type":"ReadAction","target":["https:\/\/www.humanium.org\/es\/otros-textos\/"]}]},{"@type":"BreadcrumbList","@id":"https:\/\/www.humanium.org\/es\/otros-textos\/#breadcrumb","itemListElement":[{"@type":"ListItem","position":1,"name":"Home","item":"https:\/\/www.humanium.org\/es\/"},{"@type":"ListItem","position":2,"name":"Otros textos"}]},{"@type":"WebSite","@id":"https:\/\/www.humanium.org\/es\/#website","url":"https:\/\/www.humanium.org\/es\/","name":"Humanium","description":"\u00a1Los ni\u00f1os primero!","potentialAction":[{"@type":"SearchAction","target":{"@type":"EntryPoint","urlTemplate":"https:\/\/www.humanium.org\/es\/?s={search_term_string}"},"query-input":{"@type":"PropertyValueSpecification","valueRequired":true,"valueName":"search_term_string"}}],"inLanguage":"es"}]}},"_links":{"self":[{"href":"https:\/\/www.humanium.org\/es\/wp-json\/wp\/v2\/pages\/49","targetHints":{"allow":["GET"]}}],"collection":[{"href":"https:\/\/www.humanium.org\/es\/wp-json\/wp\/v2\/pages"}],"about":[{"href":"https:\/\/www.humanium.org\/es\/wp-json\/wp\/v2\/types\/page"}],"author":[{"embeddable":true,"href":"https:\/\/www.humanium.org\/es\/wp-json\/wp\/v2\/users\/1"}],"replies":[{"embeddable":true,"href":"https:\/\/www.humanium.org\/es\/wp-json\/wp\/v2\/comments?post=49"}],"version-history":[{"count":5,"href":"https:\/\/www.humanium.org\/es\/wp-json\/wp\/v2\/pages\/49\/revisions"}],"predecessor-version":[{"id":20316,"href":"https:\/\/www.humanium.org\/es\/wp-json\/wp\/v2\/pages\/49\/revisions\/20316"}],"wp:attachment":[{"href":"https:\/\/www.humanium.org\/es\/wp-json\/wp\/v2\/media?parent=49"}],"curies":[{"name":"wp","href":"https:\/\/api.w.org\/{rel}","templated":true}]}}