{"id":506,"date":"2012-12-07T15:46:22","date_gmt":"2012-12-07T15:46:22","guid":{"rendered":"http:\/\/www.humanium.org\/es\/?page_id=506"},"modified":"2020-11-02T18:32:53","modified_gmt":"2020-11-02T18:32:53","slug":"efectos-justicia-menores","status":"publish","type":"page","link":"https:\/\/www.humanium.org\/es\/enfoques-tematicos\/justicia\/efectos-justicia-menores\/","title":{"rendered":"Efectos de la Justicia en menores"},"content":{"rendered":"<p><strong>Las consecuencias se refieren principalmente a ni\u00f1os que han tenido problemas con la ley y que han sido detenidos (para mayor informaci\u00f3n sobre los efectos de la detenci\u00f3n ver el enfoque\u00a0&#8216;<a title=\"Detained children\" href=\"https:\/\/www.humanium.org\/es\/ninos-detenidos\/\">ni\u00f1os detenidos<\/a>&#8216;).\u00a0El procedimiento judicial afecta tanto a ni\u00f1os que son v\u00edctimas de un delito como a aquellos que son testigos. Exponer a menores ante la Justicia puede resultar una experiencia traum\u00e1tica para ellos.<\/strong><\/p>\n<p><img loading=\"lazy\" decoding=\"async\" class=\"size-full wp-image-22861 alignright\" title=\"Las decisiones del Sistema Judicial cambian el futuro de los ni\u00f1os \u00a9 Juanmonino (gettyimage)\" src=\"https:\/\/www.humanium.org\/fr\/wp-content\/uploads\/2012\/07\/enfants_menottes_Juanmonino_gettyimage-e1343391017591.jpg\" alt=\"\" width=\"150\" height=\"150\" \/><\/p>\n<p>A un ni\u00f1o se le puede asustar, incomodar o incluso poner en peligro si el personal del Sistema Judicial no est\u00e1 adecuadamente capacitado para tratarlo en circunstancias adversas. El ni\u00f1o puede sentir que nadie le escucha, o peor a\u00fan, que nadie le cree, y esto le puede causar grandes secuelas. Si el menor deja de confiar en la Justicia de su pa\u00eds, es m\u00e1s probable que se convierta en delincuente.<\/p>\n<p>Las decisiones del sistema judicial, sean justas o no, cambiar\u00e1n sin duda el futuro del ni\u00f1o. Si \u00e9ste es enviado a prisi\u00f3n y no son atendidas sus necesidades, tendr\u00e1 consecuencias en su desarrollo. Por otro lado, si al ni\u00f1o no se le presta la atenci\u00f3n que necesita, ser\u00e1 dif\u00edcil ayudarle a conseguir una vida mejor.<\/p>\n<p>Otro factor a tener en cuenta es la protecci\u00f3n de la identidad de los menores. Si no se protege el anonimato de los ni\u00f1os que han estado involucrados en alg\u00fan delito (sean culpables o no), terminar\u00e1n siendo marginados por la sociedad, ya que \u00e9sta los considerar\u00e1 siempre delincuentes.<br \/>\nLos ni\u00f1os que son testigos de delitos corren el riesgo de ser v\u00edctimas de amenazas por parte de aquellos contra quienes van a testificar.<\/p>\n<table>\n<tbody style=\"background: #f9f9f9;\">\n<tr>\n<td>\n<div style=\"float: left; width: 55%;\">Traducido por: Marcela Valdivia<br \/>\nCorregido por: Clara Belda<\/div>\n<\/td>\n<\/tr>\n<\/tbody>\n<\/table>\n<p><a href=\"https:\/\/www.humanium.org\/es\/justicia\/\"><em>Volver a la p\u00e1gina principal de Justicia<\/em><\/a><\/p>\n<div id=\"toggle\"><\/div>\n<div id=\"voir_aussi_box\" style=\"display: none;\">\n<ul>\n<li><a href=\"https:\/\/www.humanium.org\/es\/leyes-justicia-infantil-2\/\">Leyes Internacionales de Justicia Infantil<\/a><\/li>\n<li><a href=\"https:\/\/www.humanium.org\/es\/ninos-sistema-judicial\/\">Ni\u00f1os en el Sistema Judicial<\/a><\/li>\n<li><a href=\"https:\/\/www.humanium.org\/es\/justicia-juvenil\/\">Justicia juvenil<\/a><\/li>\n<li><a href=\"https:\/\/www.humanium.org\/es\/ninos-detenidos\/\">Ni\u00f1os detenidos<\/a><\/li>\n<\/ul>\n<\/div>\n","protected":false},"excerpt":{"rendered":"<p>Las consecuencias se refieren principalmente a ni\u00f1os que han tenido problemas con la ley y que han sido detenidos (para mayor informaci\u00f3n sobre los efectos de la detenci\u00f3n ver el enfoque\u00a0&#8216;ni\u00f1os detenidos&#8216;).\u00a0El procedimiento judicial afecta tanto a ni\u00f1os que son v\u00edctimas de un delito como a aquellos que son testigos. Exponer a menores ante la [&hellip;]<\/p>\n","protected":false},"author":1,"featured_media":0,"parent":352,"menu_order":0,"comment_status":"closed","ping_status":"closed","template":"","meta":{"footnotes":""},"class_list":["post-506","page","type-page","status-publish","hentry"],"yoast_head":"<!-- This site is optimized with the Yoast SEO plugin v26.5 - https:\/\/yoast.com\/wordpress\/plugins\/seo\/ -->\n<title>Efectos de la Justicia en menores - Humanium<\/title>\n<meta name=\"description\" content=\"El procedimiento judicial afecta tanto a ni\u00f1os que son v\u00edctimas de un delito como a aquellos que lamentablemente han sido testigos de uno.\" \/>\n<meta name=\"robots\" content=\"index, follow, max-snippet:-1, max-image-preview:large, max-video-preview:-1\" \/>\n<link rel=\"canonical\" href=\"https:\/\/www.humanium.org\/es\/enfoques-tematicos\/justicia\/efectos-justicia-menores\/\" \/>\n<meta property=\"og:locale\" content=\"es_ES\" \/>\n<meta property=\"og:type\" content=\"article\" \/>\n<meta property=\"og:title\" content=\"Efectos de la Justicia en menores - Humanium\" \/>\n<meta property=\"og:description\" content=\"El procedimiento judicial afecta tanto a ni\u00f1os que son v\u00edctimas de un delito como a aquellos que lamentablemente han sido testigos de uno.\" \/>\n<meta property=\"og:url\" content=\"https:\/\/www.humanium.org\/es\/enfoques-tematicos\/justicia\/efectos-justicia-menores\/\" \/>\n<meta property=\"og:site_name\" content=\"Humanium\" \/>\n<meta property=\"article:modified_time\" content=\"2020-11-02T18:32:53+00:00\" \/>\n<meta property=\"og:image\" content=\"https:\/\/www.humanium.org\/fr\/wp-content\/uploads\/2012\/07\/enfants_menottes_Juanmonino_gettyimage-e1343391017591.jpg\" \/>\n<meta name=\"twitter:card\" content=\"summary_large_image\" \/>\n<meta name=\"twitter:label1\" content=\"Tiempo de lectura\" \/>\n\t<meta name=\"twitter:data1\" content=\"2 minutos\" \/>\n<script type=\"application\/ld+json\" class=\"yoast-schema-graph\">{\"@context\":\"https:\/\/schema.org\",\"@graph\":[{\"@type\":\"WebPage\",\"@id\":\"https:\/\/www.humanium.org\/es\/enfoques-tematicos\/justicia\/efectos-justicia-menores\/\",\"url\":\"https:\/\/www.humanium.org\/es\/enfoques-tematicos\/justicia\/efectos-justicia-menores\/\",\"name\":\"Efectos de la Justicia en menores - Humanium\",\"isPartOf\":{\"@id\":\"https:\/\/www.humanium.org\/es\/#website\"},\"primaryImageOfPage\":{\"@id\":\"https:\/\/www.humanium.org\/es\/enfoques-tematicos\/justicia\/efectos-justicia-menores\/#primaryimage\"},\"image\":{\"@id\":\"https:\/\/www.humanium.org\/es\/enfoques-tematicos\/justicia\/efectos-justicia-menores\/#primaryimage\"},\"thumbnailUrl\":\"https:\/\/www.humanium.org\/fr\/wp-content\/uploads\/2012\/07\/enfants_menottes_Juanmonino_gettyimage-e1343391017591.jpg\",\"datePublished\":\"2012-12-07T15:46:22+00:00\",\"dateModified\":\"2020-11-02T18:32:53+00:00\",\"description\":\"El procedimiento judicial afecta tanto a ni\u00f1os que son v\u00edctimas de un delito como a aquellos que lamentablemente han sido testigos de uno.\",\"breadcrumb\":{\"@id\":\"https:\/\/www.humanium.org\/es\/enfoques-tematicos\/justicia\/efectos-justicia-menores\/#breadcrumb\"},\"inLanguage\":\"es\",\"potentialAction\":[{\"@type\":\"ReadAction\",\"target\":[\"https:\/\/www.humanium.org\/es\/enfoques-tematicos\/justicia\/efectos-justicia-menores\/\"]}]},{\"@type\":\"ImageObject\",\"inLanguage\":\"es\",\"@id\":\"https:\/\/www.humanium.org\/es\/enfoques-tematicos\/justicia\/efectos-justicia-menores\/#primaryimage\",\"url\":\"https:\/\/www.humanium.org\/fr\/wp-content\/uploads\/2012\/07\/enfants_menottes_Juanmonino_gettyimage-e1343391017591.jpg\",\"contentUrl\":\"https:\/\/www.humanium.org\/fr\/wp-content\/uploads\/2012\/07\/enfants_menottes_Juanmonino_gettyimage-e1343391017591.jpg\"},{\"@type\":\"BreadcrumbList\",\"@id\":\"https:\/\/www.humanium.org\/es\/enfoques-tematicos\/justicia\/efectos-justicia-menores\/#breadcrumb\",\"itemListElement\":[{\"@type\":\"ListItem\",\"position\":1,\"name\":\"Home\",\"item\":\"https:\/\/www.humanium.org\/es\/\"},{\"@type\":\"ListItem\",\"position\":2,\"name\":\"Enfoques tem\u00e1ticos\",\"item\":\"https:\/\/www.humanium.org\/es\/enfoques-tematicos\/\"},{\"@type\":\"ListItem\",\"position\":3,\"name\":\"Justicia\",\"item\":\"https:\/\/www.humanium.org\/es\/enfoques-tematicos\/justicia\/\"},{\"@type\":\"ListItem\",\"position\":4,\"name\":\"Efectos de la Justicia en menores\"}]},{\"@type\":\"WebSite\",\"@id\":\"https:\/\/www.humanium.org\/es\/#website\",\"url\":\"https:\/\/www.humanium.org\/es\/\",\"name\":\"Humanium\",\"description\":\"\u00a1Los ni\u00f1os primero!\",\"potentialAction\":[{\"@type\":\"SearchAction\",\"target\":{\"@type\":\"EntryPoint\",\"urlTemplate\":\"https:\/\/www.humanium.org\/es\/?s={search_term_string}\"},\"query-input\":{\"@type\":\"PropertyValueSpecification\",\"valueRequired\":true,\"valueName\":\"search_term_string\"}}],\"inLanguage\":\"es\"}]}<\/script>\n<!-- \/ Yoast SEO plugin. -->","yoast_head_json":{"title":"Efectos de la Justicia en menores - Humanium","description":"El procedimiento judicial afecta tanto a ni\u00f1os que son v\u00edctimas de un delito como a aquellos que lamentablemente han sido testigos de uno.","robots":{"index":"index","follow":"follow","max-snippet":"max-snippet:-1","max-image-preview":"max-image-preview:large","max-video-preview":"max-video-preview:-1"},"canonical":"https:\/\/www.humanium.org\/es\/enfoques-tematicos\/justicia\/efectos-justicia-menores\/","og_locale":"es_ES","og_type":"article","og_title":"Efectos de la Justicia en menores - Humanium","og_description":"El procedimiento judicial afecta tanto a ni\u00f1os que son v\u00edctimas de un delito como a aquellos que lamentablemente han sido testigos de uno.","og_url":"https:\/\/www.humanium.org\/es\/enfoques-tematicos\/justicia\/efectos-justicia-menores\/","og_site_name":"Humanium","article_modified_time":"2020-11-02T18:32:53+00:00","og_image":[{"url":"https:\/\/www.humanium.org\/fr\/wp-content\/uploads\/2012\/07\/enfants_menottes_Juanmonino_gettyimage-e1343391017591.jpg","type":"","width":"","height":""}],"twitter_card":"summary_large_image","twitter_misc":{"Tiempo de lectura":"2 minutos"},"schema":{"@context":"https:\/\/schema.org","@graph":[{"@type":"WebPage","@id":"https:\/\/www.humanium.org\/es\/enfoques-tematicos\/justicia\/efectos-justicia-menores\/","url":"https:\/\/www.humanium.org\/es\/enfoques-tematicos\/justicia\/efectos-justicia-menores\/","name":"Efectos de la Justicia en menores - Humanium","isPartOf":{"@id":"https:\/\/www.humanium.org\/es\/#website"},"primaryImageOfPage":{"@id":"https:\/\/www.humanium.org\/es\/enfoques-tematicos\/justicia\/efectos-justicia-menores\/#primaryimage"},"image":{"@id":"https:\/\/www.humanium.org\/es\/enfoques-tematicos\/justicia\/efectos-justicia-menores\/#primaryimage"},"thumbnailUrl":"https:\/\/www.humanium.org\/fr\/wp-content\/uploads\/2012\/07\/enfants_menottes_Juanmonino_gettyimage-e1343391017591.jpg","datePublished":"2012-12-07T15:46:22+00:00","dateModified":"2020-11-02T18:32:53+00:00","description":"El procedimiento judicial afecta tanto a ni\u00f1os que son v\u00edctimas de un delito como a aquellos que lamentablemente han sido testigos de uno.","breadcrumb":{"@id":"https:\/\/www.humanium.org\/es\/enfoques-tematicos\/justicia\/efectos-justicia-menores\/#breadcrumb"},"inLanguage":"es","potentialAction":[{"@type":"ReadAction","target":["https:\/\/www.humanium.org\/es\/enfoques-tematicos\/justicia\/efectos-justicia-menores\/"]}]},{"@type":"ImageObject","inLanguage":"es","@id":"https:\/\/www.humanium.org\/es\/enfoques-tematicos\/justicia\/efectos-justicia-menores\/#primaryimage","url":"https:\/\/www.humanium.org\/fr\/wp-content\/uploads\/2012\/07\/enfants_menottes_Juanmonino_gettyimage-e1343391017591.jpg","contentUrl":"https:\/\/www.humanium.org\/fr\/wp-content\/uploads\/2012\/07\/enfants_menottes_Juanmonino_gettyimage-e1343391017591.jpg"},{"@type":"BreadcrumbList","@id":"https:\/\/www.humanium.org\/es\/enfoques-tematicos\/justicia\/efectos-justicia-menores\/#breadcrumb","itemListElement":[{"@type":"ListItem","position":1,"name":"Home","item":"https:\/\/www.humanium.org\/es\/"},{"@type":"ListItem","position":2,"name":"Enfoques tem\u00e1ticos","item":"https:\/\/www.humanium.org\/es\/enfoques-tematicos\/"},{"@type":"ListItem","position":3,"name":"Justicia","item":"https:\/\/www.humanium.org\/es\/enfoques-tematicos\/justicia\/"},{"@type":"ListItem","position":4,"name":"Efectos de la Justicia en menores"}]},{"@type":"WebSite","@id":"https:\/\/www.humanium.org\/es\/#website","url":"https:\/\/www.humanium.org\/es\/","name":"Humanium","description":"\u00a1Los ni\u00f1os primero!","potentialAction":[{"@type":"SearchAction","target":{"@type":"EntryPoint","urlTemplate":"https:\/\/www.humanium.org\/es\/?s={search_term_string}"},"query-input":{"@type":"PropertyValueSpecification","valueRequired":true,"valueName":"search_term_string"}}],"inLanguage":"es"}]}},"_links":{"self":[{"href":"https:\/\/www.humanium.org\/es\/wp-json\/wp\/v2\/pages\/506","targetHints":{"allow":["GET"]}}],"collection":[{"href":"https:\/\/www.humanium.org\/es\/wp-json\/wp\/v2\/pages"}],"about":[{"href":"https:\/\/www.humanium.org\/es\/wp-json\/wp\/v2\/types\/page"}],"author":[{"embeddable":true,"href":"https:\/\/www.humanium.org\/es\/wp-json\/wp\/v2\/users\/1"}],"replies":[{"embeddable":true,"href":"https:\/\/www.humanium.org\/es\/wp-json\/wp\/v2\/comments?post=506"}],"version-history":[{"count":5,"href":"https:\/\/www.humanium.org\/es\/wp-json\/wp\/v2\/pages\/506\/revisions"}],"predecessor-version":[{"id":14895,"href":"https:\/\/www.humanium.org\/es\/wp-json\/wp\/v2\/pages\/506\/revisions\/14895"}],"up":[{"embeddable":true,"href":"https:\/\/www.humanium.org\/es\/wp-json\/wp\/v2\/pages\/352"}],"wp:attachment":[{"href":"https:\/\/www.humanium.org\/es\/wp-json\/wp\/v2\/media?parent=506"}],"curies":[{"name":"wp","href":"https:\/\/api.w.org\/{rel}","templated":true}]}}