{"id":60,"date":"2012-11-06T11:11:24","date_gmt":"2012-11-06T11:11:24","guid":{"rendered":"http:\/\/www.humanium.org\/es\/?page_id=60"},"modified":"2017-10-04T08:00:59","modified_gmt":"2017-10-04T08:00:59","slug":"ginebra-1924","status":"publish","type":"page","link":"https:\/\/www.humanium.org\/es\/ginebra-1924\/","title":{"rendered":"Presentaci\u00f3n de la Declaraci\u00f3n de Ginebra sobre los Derechos del Ni\u00f1o, 1924"},"content":{"rendered":"<h1>Declaraci\u00f3n de Ginebra sobre los Derechos del Ni\u00f1o, 1924<\/h1>\n<h2>Presentaci\u00f3n de la Declaraci\u00f3n<\/h2>\n<p><strong><br \/>\nEn 1924, la Sociedad de Naciones (SDN) adopt\u00f3 la Declaraci\u00f3n de Ginebra <a href=\"https:\/\/www.humanium.org\/es\/declaration-de-geneve-du-26-septembre-1924\/\">(versi\u00f3n en franc\u00e9s)<\/a> , un texto hist\u00f3rico que reconoce y afirma, por primera vez, la existencia de derechos espec\u00edficos para los ni\u00f1os y las ni\u00f1as, pero sobre todo la responsabilidad de los adultos hacia ellos.<br \/>\n<\/strong><\/p>\n<h3>Historia de la primera Declaraci\u00f3n de los Derechos del Ni\u00f1o<\/h3>\n<p><img loading=\"lazy\" decoding=\"async\" class=\"alignleft size-full wp-image-2721\" title=\"Eglantyne Jebb\" src=\"https:\/\/www.humanium.org\/es\/wp-content\/uploads\/portail-fr\/eglantyne-jebb.jpg\" alt=\"\" width=\"182\" height=\"157\" \/>Eglantyne Jebb, marcada por los horrores de la Primera Guerra Mundial, advierti\u00f3 la necesidad de protecci\u00f3n especial para los ni\u00f1os.<\/p>\n<p>Con ayuda de su hermana, Dorothy Buxton, fund\u00f3 en Londres en 1919, Save the Children Fund, para ayudar y proteger a los ni\u00f1os afectados por la guerra. En 1920, Save the Children Fund se organiz\u00f3 y se estructur\u00f3 en torno a la Union Internationale de Secours aux Enfants (UISE), con el apoyo del Comit\u00e9 Internacional de la Cruz Roja (CICR).<\/p>\n<p><img loading=\"lazy\" decoding=\"async\" class=\"alignright size-full wp-image-2697\" title=\"Geneva Declaration of 1923\" src=\"https:\/\/www.humanium.org\/es\/wp-content\/uploads\/portail-fr\/declaration-de-geneve-1923.jpg\" alt=\"\" width=\"186\" height=\"285\" \/><\/p>\n<p>El 23 de febrero de 1923, la Alianza Internacional Save the Children adopt\u00f3 en su IV Congreso General, la primera Declaraci\u00f3n de los Derechos del Ni\u00f1o, que luego fue ratificada por el V Congreso General el 28 de febrero de 1924. En 1923, Save the Children formul\u00f3 la declaraci\u00f3n, y la envi\u00f3 a la SDN y finalmente fue adoptada en diciembre de 1924 por esta \u00faltima en su V Asamblea, tal como se consigna m\u00e1s abajo. Eglantyne Jebb envi\u00f3 este texto a la Sociedad de Naciones indicando que estaba \u00abconvencida de que se deben exigir ciertos derechos para la infancia y trabajar en pro de un reconocimiento general de estos derechos.\u00bb<\/p>\n<p>El 26 de diciembre de 1924, la Sociedad de Naciones adopt\u00f3 esta declaraci\u00f3n como la Declaraci\u00f3n de Ginebra <a href=\"https:\/\/www.humanium.org\/es\/declaration-de-geneve-du-26-septembre-1924\/\">(versi\u00f3n en franc\u00e9s)<\/a>. Este es un d\u00eda hist\u00f3rico, pues es la primera vez que derechos espec\u00edficos para la ni\u00f1ez son reconocidos.<\/p>\n<h3>Contenido de la Declaraci\u00f3n de Ginebra<\/h3>\n<p>La Declaraci\u00f3n de Ginebra <a href=\"https:\/\/www.humanium.org\/es\/declaration-de-geneve-du-26-septembre-1924\/\">(versi\u00f3n en franc\u00e9s)<\/a> de 1924 establece que \u00abla humanidad debe al ni\u00f1o lo mejor que \u00e9sta puede darle.\u00bb<\/p>\n<blockquote>\n<p style=\"text-align: justify;\">\u00abEn un lenguaje sencillo (ya que la intenci\u00f3n no era realmente formular derechos), la Declaraci\u00f3n pone m\u00e1s \u00e9nfasis en los deberes del adulto hacia los ni\u00f1os y ni\u00f1as m\u00e1s que sobre los Derechos de la Ni\u00f1ez.\u00bb (1)<\/p>\n<\/blockquote>\n<p><img loading=\"lazy\" decoding=\"async\" class=\"alignleft size-full wp-image-2766\" title=\"La Declaraci\u00f3n de Ginebra de 1924\" src=\"https:\/\/www.humanium.org\/es\/wp-content\/uploads\/portail-fr\/declaration-of-geneva-1924.jpg\" alt=\"\" width=\"110\" height=\"166\" \/>En cinco art\u00edculos son reconocidas las necesidades fundamentales de los ni\u00f1os y las ni\u00f1as. El texto se centra en el bienestar del ni\u00f1o y reconoce su derecho al desarrollo, asistencia, socorro y a la protecci\u00f3n.<\/p>\n<p>Sin embargo, si bien este texto contiene ciertos derechos fundamentales del ni\u00f1o, no tiene fuerza vinculante para los Estados.<\/p>\n<p>En 1934, la Asamblea General de la Sociedad de Naciones aprob\u00f3 el nuevo texto de la Declaraci\u00f3n de Ginebra <a href=\"https:\/\/www.humanium.org\/es\/declaration-de-geneve-du-26-septembre-1924\/\">(versi\u00f3n en franc\u00e9s)<\/a>. Los Estados firmantes hacen una promesa de incorporar estos principios a su legislaci\u00f3n interna, pero este movimiento no es jur\u00eddicamente vinculante para ellos.<\/p>\n<p>No obstante, la Declaraci\u00f3n de Ginebra <a href=\"https:\/\/www.humanium.org\/es\/declaration-de-geneve-du-26-septembre-1924\/\">(versi\u00f3n en franc\u00e9s)<\/a> sigue siendo el primer texto internacional en la historia de los Derechos Humanos que espec\u00edficamente trata sobre los Derechos de la Ni\u00f1ez.<\/p>\n<p style=\"text-align: center;\">\n<table>\n<tbody style=\"background: #f9f9f9;\">\n<tr>\n<td>\n<div style=\"float: left; width: 65%;\">Traducido por: Gustavo Oviedo-Siacara<br \/>\nCorregido por: Miriam Guti\u00e9rrez<\/div>\n<\/td>\n<\/tr>\n<\/tbody>\n<\/table>\n<div id=\"toggle\"><\/div>\n<div id=\"voir_aussi_box\" style=\"display: none;\">\n<ul>\n<li><a href=\"https:\/\/www.humanium.org\/es\/declaracion-1959\/\">Declaraci\u00f3n de los Derechos del Ni\u00f1o, 1959<\/a><\/li>\n<li><a href=\"https:\/\/www.humanium.org\/es\/referecias-estandares\/\">Referencias est\u00e1ndares sobre los Derechos del Ni\u00f1o<\/a><\/li>\n<\/ul>\n<\/div>\n<p>&nbsp;<\/p>\n<div id=\"toggle\"><\/div>\n<div id=\"plus_loin_box\" style=\"display: none;\">\n<ul>\n<li><a href=\"https:\/\/es.wikipedia.org\/wiki\/Declaraci%C3%B3n_de_los_Derechos_del_Ni%C3%B1o\" target=\"_blank\" rel=\"noopener\">Wikipedia, Declaraci\u00f3n de los Derechos del Ni\u00f1o<\/a><\/li>\n<\/ul>\n<\/div>\n","protected":false},"excerpt":{"rendered":"<p>Declaraci\u00f3n de Ginebra sobre los Derechos del Ni\u00f1o, 1924 Presentaci\u00f3n de la Declaraci\u00f3n En 1924, la Sociedad de Naciones (SDN) adopt\u00f3 la Declaraci\u00f3n de Ginebra (versi\u00f3n en franc\u00e9s) , un texto hist\u00f3rico que reconoce y afirma, por primera vez, la existencia de derechos espec\u00edficos para los ni\u00f1os y las ni\u00f1as, pero sobre todo la responsabilidad [&hellip;]<\/p>\n","protected":false},"author":1,"featured_media":0,"parent":0,"menu_order":0,"comment_status":"closed","ping_status":"closed","template":"","meta":{"footnotes":""},"class_list":["post-60","page","type-page","status-publish","hentry"],"yoast_head":"<!-- This site is optimized with the Yoast SEO plugin v26.5 - https:\/\/yoast.com\/wordpress\/plugins\/seo\/ -->\n<title>Presentaci\u00f3n de la Declaraci\u00f3n de Ginebra sobre los Derechos del Ni\u00f1o, 1924 - Humanium<\/title>\n<meta name=\"robots\" content=\"index, follow, max-snippet:-1, max-image-preview:large, max-video-preview:-1\" \/>\n<link rel=\"canonical\" href=\"https:\/\/www.humanium.org\/es\/ginebra-1924\/\" \/>\n<meta property=\"og:locale\" content=\"es_ES\" \/>\n<meta property=\"og:type\" content=\"article\" \/>\n<meta property=\"og:title\" content=\"Presentaci\u00f3n de la Declaraci\u00f3n de Ginebra sobre los Derechos del Ni\u00f1o, 1924 - Humanium\" \/>\n<meta property=\"og:description\" content=\"Declaraci\u00f3n de Ginebra sobre los Derechos del Ni\u00f1o, 1924 Presentaci\u00f3n de la Declaraci\u00f3n En 1924, la Sociedad de Naciones (SDN) adopt\u00f3 la Declaraci\u00f3n de Ginebra (versi\u00f3n en franc\u00e9s) , un texto hist\u00f3rico que reconoce y afirma, por primera vez, la existencia de derechos espec\u00edficos para los ni\u00f1os y las ni\u00f1as, pero sobre todo la responsabilidad [&hellip;]\" \/>\n<meta property=\"og:url\" content=\"https:\/\/www.humanium.org\/es\/ginebra-1924\/\" \/>\n<meta property=\"og:site_name\" content=\"Humanium\" \/>\n<meta property=\"article:modified_time\" content=\"2017-10-04T08:00:59+00:00\" \/>\n<meta property=\"og:image\" content=\"https:\/\/www.humanium.org\/es\/wp-content\/uploads\/portail-fr\/eglantyne-jebb.jpg\" \/>\n<meta name=\"twitter:card\" content=\"summary_large_image\" \/>\n<meta name=\"twitter:label1\" content=\"Tiempo de lectura\" \/>\n\t<meta name=\"twitter:data1\" content=\"3 minutos\" \/>\n<script type=\"application\/ld+json\" class=\"yoast-schema-graph\">{\"@context\":\"https:\/\/schema.org\",\"@graph\":[{\"@type\":\"WebPage\",\"@id\":\"https:\/\/www.humanium.org\/es\/ginebra-1924\/\",\"url\":\"https:\/\/www.humanium.org\/es\/ginebra-1924\/\",\"name\":\"Presentaci\u00f3n de la Declaraci\u00f3n de Ginebra sobre los Derechos del Ni\u00f1o, 1924 - Humanium\",\"isPartOf\":{\"@id\":\"https:\/\/www.humanium.org\/es\/#website\"},\"primaryImageOfPage\":{\"@id\":\"https:\/\/www.humanium.org\/es\/ginebra-1924\/#primaryimage\"},\"image\":{\"@id\":\"https:\/\/www.humanium.org\/es\/ginebra-1924\/#primaryimage\"},\"thumbnailUrl\":\"https:\/\/www.humanium.org\/es\/wp-content\/uploads\/portail-fr\/eglantyne-jebb.jpg\",\"datePublished\":\"2012-11-06T11:11:24+00:00\",\"dateModified\":\"2017-10-04T08:00:59+00:00\",\"breadcrumb\":{\"@id\":\"https:\/\/www.humanium.org\/es\/ginebra-1924\/#breadcrumb\"},\"inLanguage\":\"es\",\"potentialAction\":[{\"@type\":\"ReadAction\",\"target\":[\"https:\/\/www.humanium.org\/es\/ginebra-1924\/\"]}]},{\"@type\":\"ImageObject\",\"inLanguage\":\"es\",\"@id\":\"https:\/\/www.humanium.org\/es\/ginebra-1924\/#primaryimage\",\"url\":\"https:\/\/www.humanium.org\/es\/wp-content\/uploads\/portail-fr\/eglantyne-jebb.jpg\",\"contentUrl\":\"https:\/\/www.humanium.org\/es\/wp-content\/uploads\/portail-fr\/eglantyne-jebb.jpg\"},{\"@type\":\"BreadcrumbList\",\"@id\":\"https:\/\/www.humanium.org\/es\/ginebra-1924\/#breadcrumb\",\"itemListElement\":[{\"@type\":\"ListItem\",\"position\":1,\"name\":\"Home\",\"item\":\"https:\/\/www.humanium.org\/es\/\"},{\"@type\":\"ListItem\",\"position\":2,\"name\":\"Presentaci\u00f3n de la Declaraci\u00f3n de Ginebra sobre los Derechos del Ni\u00f1o, 1924\"}]},{\"@type\":\"WebSite\",\"@id\":\"https:\/\/www.humanium.org\/es\/#website\",\"url\":\"https:\/\/www.humanium.org\/es\/\",\"name\":\"Humanium\",\"description\":\"\u00a1Los ni\u00f1os primero!\",\"potentialAction\":[{\"@type\":\"SearchAction\",\"target\":{\"@type\":\"EntryPoint\",\"urlTemplate\":\"https:\/\/www.humanium.org\/es\/?s={search_term_string}\"},\"query-input\":{\"@type\":\"PropertyValueSpecification\",\"valueRequired\":true,\"valueName\":\"search_term_string\"}}],\"inLanguage\":\"es\"}]}<\/script>\n<!-- \/ Yoast SEO plugin. -->","yoast_head_json":{"title":"Presentaci\u00f3n de la Declaraci\u00f3n de Ginebra sobre los Derechos del Ni\u00f1o, 1924 - Humanium","robots":{"index":"index","follow":"follow","max-snippet":"max-snippet:-1","max-image-preview":"max-image-preview:large","max-video-preview":"max-video-preview:-1"},"canonical":"https:\/\/www.humanium.org\/es\/ginebra-1924\/","og_locale":"es_ES","og_type":"article","og_title":"Presentaci\u00f3n de la Declaraci\u00f3n de Ginebra sobre los Derechos del Ni\u00f1o, 1924 - Humanium","og_description":"Declaraci\u00f3n de Ginebra sobre los Derechos del Ni\u00f1o, 1924 Presentaci\u00f3n de la Declaraci\u00f3n En 1924, la Sociedad de Naciones (SDN) adopt\u00f3 la Declaraci\u00f3n de Ginebra (versi\u00f3n en franc\u00e9s) , un texto hist\u00f3rico que reconoce y afirma, por primera vez, la existencia de derechos espec\u00edficos para los ni\u00f1os y las ni\u00f1as, pero sobre todo la responsabilidad [&hellip;]","og_url":"https:\/\/www.humanium.org\/es\/ginebra-1924\/","og_site_name":"Humanium","article_modified_time":"2017-10-04T08:00:59+00:00","og_image":[{"url":"https:\/\/www.humanium.org\/es\/wp-content\/uploads\/portail-fr\/eglantyne-jebb.jpg","type":"","width":"","height":""}],"twitter_card":"summary_large_image","twitter_misc":{"Tiempo de lectura":"3 minutos"},"schema":{"@context":"https:\/\/schema.org","@graph":[{"@type":"WebPage","@id":"https:\/\/www.humanium.org\/es\/ginebra-1924\/","url":"https:\/\/www.humanium.org\/es\/ginebra-1924\/","name":"Presentaci\u00f3n de la Declaraci\u00f3n de Ginebra sobre los Derechos del Ni\u00f1o, 1924 - Humanium","isPartOf":{"@id":"https:\/\/www.humanium.org\/es\/#website"},"primaryImageOfPage":{"@id":"https:\/\/www.humanium.org\/es\/ginebra-1924\/#primaryimage"},"image":{"@id":"https:\/\/www.humanium.org\/es\/ginebra-1924\/#primaryimage"},"thumbnailUrl":"https:\/\/www.humanium.org\/es\/wp-content\/uploads\/portail-fr\/eglantyne-jebb.jpg","datePublished":"2012-11-06T11:11:24+00:00","dateModified":"2017-10-04T08:00:59+00:00","breadcrumb":{"@id":"https:\/\/www.humanium.org\/es\/ginebra-1924\/#breadcrumb"},"inLanguage":"es","potentialAction":[{"@type":"ReadAction","target":["https:\/\/www.humanium.org\/es\/ginebra-1924\/"]}]},{"@type":"ImageObject","inLanguage":"es","@id":"https:\/\/www.humanium.org\/es\/ginebra-1924\/#primaryimage","url":"https:\/\/www.humanium.org\/es\/wp-content\/uploads\/portail-fr\/eglantyne-jebb.jpg","contentUrl":"https:\/\/www.humanium.org\/es\/wp-content\/uploads\/portail-fr\/eglantyne-jebb.jpg"},{"@type":"BreadcrumbList","@id":"https:\/\/www.humanium.org\/es\/ginebra-1924\/#breadcrumb","itemListElement":[{"@type":"ListItem","position":1,"name":"Home","item":"https:\/\/www.humanium.org\/es\/"},{"@type":"ListItem","position":2,"name":"Presentaci\u00f3n de la Declaraci\u00f3n de Ginebra sobre los Derechos del Ni\u00f1o, 1924"}]},{"@type":"WebSite","@id":"https:\/\/www.humanium.org\/es\/#website","url":"https:\/\/www.humanium.org\/es\/","name":"Humanium","description":"\u00a1Los ni\u00f1os primero!","potentialAction":[{"@type":"SearchAction","target":{"@type":"EntryPoint","urlTemplate":"https:\/\/www.humanium.org\/es\/?s={search_term_string}"},"query-input":{"@type":"PropertyValueSpecification","valueRequired":true,"valueName":"search_term_string"}}],"inLanguage":"es"}]}},"_links":{"self":[{"href":"https:\/\/www.humanium.org\/es\/wp-json\/wp\/v2\/pages\/60","targetHints":{"allow":["GET"]}}],"collection":[{"href":"https:\/\/www.humanium.org\/es\/wp-json\/wp\/v2\/pages"}],"about":[{"href":"https:\/\/www.humanium.org\/es\/wp-json\/wp\/v2\/types\/page"}],"author":[{"embeddable":true,"href":"https:\/\/www.humanium.org\/es\/wp-json\/wp\/v2\/users\/1"}],"replies":[{"embeddable":true,"href":"https:\/\/www.humanium.org\/es\/wp-json\/wp\/v2\/comments?post=60"}],"version-history":[{"count":5,"href":"https:\/\/www.humanium.org\/es\/wp-json\/wp\/v2\/pages\/60\/revisions"}],"predecessor-version":[{"id":11585,"href":"https:\/\/www.humanium.org\/es\/wp-json\/wp\/v2\/pages\/60\/revisions\/11585"}],"wp:attachment":[{"href":"https:\/\/www.humanium.org\/es\/wp-json\/wp\/v2\/media?parent=60"}],"curies":[{"name":"wp","href":"https:\/\/api.w.org\/{rel}","templated":true}]}}