{"id":6092,"date":"2014-02-13T18:17:44","date_gmt":"2014-02-13T18:17:44","guid":{"rendered":"http:\/\/www.humanium.org\/es\/?page_id=6092"},"modified":"2024-05-18T07:07:17","modified_gmt":"2024-05-18T07:07:17","slug":"explotacion","status":"publish","type":"page","link":"https:\/\/www.humanium.org\/es\/enfoques-tematicos\/explotacion\/","title":{"rendered":"Explotaci\u00f3n"},"content":{"rendered":"<h1>Explotaci\u00f3n<\/h1>\n<hr align=\"left\" size=\"4\" width=\"23%\" \/>\n<h2 style=\"margin-bottom: 10px;\"><a href=\"https:\/\/www.humanium.org\/es\/enfoques-tematicos\/explotacion\/trata-ninos\/\" target=\"_blank\" rel=\"noopener\"><img loading=\"lazy\" decoding=\"async\" class=\"wp-image-18821 alignleft\" src=\"https:\/\/www.humanium.org\/es\/wp-content\/uploads\/2024\/05\/Shutterstock_2151684551-300x300.jpg\" alt=\"\" width=\"157\" height=\"157\" srcset=\"https:\/\/www.humanium.org\/es\/wp-content\/uploads\/2024\/05\/Shutterstock_2151684551-300x300.jpg 300w, https:\/\/www.humanium.org\/es\/wp-content\/uploads\/2024\/05\/Shutterstock_2151684551-150x150.jpg 150w, https:\/\/www.humanium.org\/es\/wp-content\/uploads\/2024\/05\/Shutterstock_2151684551-768x768.jpg 768w, https:\/\/www.humanium.org\/es\/wp-content\/uploads\/2024\/05\/Shutterstock_2151684551-830x830.jpg 830w, https:\/\/www.humanium.org\/es\/wp-content\/uploads\/2024\/05\/Shutterstock_2151684551-230x230.jpg 230w, https:\/\/www.humanium.org\/es\/wp-content\/uploads\/2024\/05\/Shutterstock_2151684551-350x350.jpg 350w, https:\/\/www.humanium.org\/es\/wp-content\/uploads\/2024\/05\/Shutterstock_2151684551-480x480.jpg 480w, https:\/\/www.humanium.org\/es\/wp-content\/uploads\/2024\/05\/Shutterstock_2151684551.jpg 900w\" sizes=\"auto, (max-width: 157px) 100vw, 157px\" \/>Trata de ninos<\/a><\/h2>\n<p style=\"margin-bottom: 1px;\">Cada a\u00f1o, m\u00e1s de 10 000 personas son identificadas como v\u00edctimas de la trata en el mundo. Entre estas v\u00edctimas, el 13% ser\u00edan ni\u00f1as y el 9% ni\u00f1os. Estas cifras representan solamente una peque\u00f1a parte de las v\u00edctimas identificadas.<\/p>\n<hr \/>\n<h2 style=\"margin-bottom: 10px;\"><a href=\"https:\/\/www.humanium.org\/es\/enfoques-tematicos\/explotacion\/trabajo-infantil\/\" target=\"_blank\" rel=\"noopener\"><img loading=\"lazy\" decoding=\"async\" class=\"wp-image-18820 alignleft\" src=\"https:\/\/www.humanium.org\/es\/wp-content\/uploads\/2024\/05\/Shutterstock_1383560885-300x300.jpg\" alt=\"\" width=\"158\" height=\"158\" srcset=\"https:\/\/www.humanium.org\/es\/wp-content\/uploads\/2024\/05\/Shutterstock_1383560885-300x300.jpg 300w, https:\/\/www.humanium.org\/es\/wp-content\/uploads\/2024\/05\/Shutterstock_1383560885-150x150.jpg 150w, https:\/\/www.humanium.org\/es\/wp-content\/uploads\/2024\/05\/Shutterstock_1383560885-768x768.jpg 768w, https:\/\/www.humanium.org\/es\/wp-content\/uploads\/2024\/05\/Shutterstock_1383560885-830x830.jpg 830w, https:\/\/www.humanium.org\/es\/wp-content\/uploads\/2024\/05\/Shutterstock_1383560885-230x230.jpg 230w, https:\/\/www.humanium.org\/es\/wp-content\/uploads\/2024\/05\/Shutterstock_1383560885-350x350.jpg 350w, https:\/\/www.humanium.org\/es\/wp-content\/uploads\/2024\/05\/Shutterstock_1383560885-480x480.jpg 480w, https:\/\/www.humanium.org\/es\/wp-content\/uploads\/2024\/05\/Shutterstock_1383560885.jpg 900w\" sizes=\"auto, (max-width: 158px) 100vw, 158px\" \/>Trabajo infantil<\/a><\/h2>\n<p style=\"margin-bottom: 1px;\">El trabajo infantil llega a muchos rincones del mundo, y a menudo se produce en diversos sectores que pueden tener repercusiones educativas, sanitarias y psicol\u00f3gicas perjudiciales para el bienestar de los ni\u00f1os.<\/p>\n<hr \/>\n<h2 style=\"margin-bottom: 10px;\"><a href=\"https:\/\/www.humanium.org\/es\/enfoques-tematicos\/explotacion\/explotacion-sexual-infantil\/\" target=\"_blank\" rel=\"noopener\"><img loading=\"lazy\" decoding=\"async\" class=\"wp-image-18819 alignleft\" src=\"https:\/\/www.humanium.org\/es\/wp-content\/uploads\/2024\/05\/Shutterstock_524953141-1-300x300.jpg\" alt=\"\" width=\"153\" height=\"153\" srcset=\"https:\/\/www.humanium.org\/es\/wp-content\/uploads\/2024\/05\/Shutterstock_524953141-1-300x300.jpg 300w, https:\/\/www.humanium.org\/es\/wp-content\/uploads\/2024\/05\/Shutterstock_524953141-1-150x150.jpg 150w, https:\/\/www.humanium.org\/es\/wp-content\/uploads\/2024\/05\/Shutterstock_524953141-1-768x768.jpg 768w, https:\/\/www.humanium.org\/es\/wp-content\/uploads\/2024\/05\/Shutterstock_524953141-1-830x830.jpg 830w, https:\/\/www.humanium.org\/es\/wp-content\/uploads\/2024\/05\/Shutterstock_524953141-1-230x230.jpg 230w, https:\/\/www.humanium.org\/es\/wp-content\/uploads\/2024\/05\/Shutterstock_524953141-1-350x350.jpg 350w, https:\/\/www.humanium.org\/es\/wp-content\/uploads\/2024\/05\/Shutterstock_524953141-1-480x480.jpg 480w, https:\/\/www.humanium.org\/es\/wp-content\/uploads\/2024\/05\/Shutterstock_524953141-1.jpg 900w\" sizes=\"auto, (max-width: 153px) 100vw, 153px\" \/>Explotaci\u00f3n sexual infantil<\/a><\/h2>\n<p style=\"margin-bottom: 1px;\">El abuso sexual infantil es un fen\u00f3meno global que afecta a ni\u00f1os y j\u00f3venes sin distinci\u00f3n de religi\u00f3n, clase econ\u00f3mica o social, g\u00e9nero o etnia. Es un delito que puede tener impactos de por vida en los sobrevivientes.<\/p>\n<hr \/>\n<h2 style=\"margin-bottom: 10px;\"><a href=\"https:\/\/www.humanium.org\/es\/enfoques-tematicos\/explotacion\/prostitucion-infantil\/\" target=\"_blank\" rel=\"noopener\"><img loading=\"lazy\" decoding=\"async\" class=\"wp-image-18790 alignleft\" src=\"https:\/\/www.humanium.org\/es\/wp-content\/uploads\/2024\/05\/Shutterstock_728761390-300x300.jpg\" alt=\"\" width=\"154\" height=\"154\" srcset=\"https:\/\/www.humanium.org\/es\/wp-content\/uploads\/2024\/05\/Shutterstock_728761390-300x300.jpg 300w, https:\/\/www.humanium.org\/es\/wp-content\/uploads\/2024\/05\/Shutterstock_728761390-150x150.jpg 150w, https:\/\/www.humanium.org\/es\/wp-content\/uploads\/2024\/05\/Shutterstock_728761390-768x768.jpg 768w, https:\/\/www.humanium.org\/es\/wp-content\/uploads\/2024\/05\/Shutterstock_728761390-830x830.jpg 830w, https:\/\/www.humanium.org\/es\/wp-content\/uploads\/2024\/05\/Shutterstock_728761390-230x230.jpg 230w, https:\/\/www.humanium.org\/es\/wp-content\/uploads\/2024\/05\/Shutterstock_728761390-350x350.jpg 350w, https:\/\/www.humanium.org\/es\/wp-content\/uploads\/2024\/05\/Shutterstock_728761390-480x480.jpg 480w, https:\/\/www.humanium.org\/es\/wp-content\/uploads\/2024\/05\/Shutterstock_728761390.jpg 900w\" sizes=\"auto, (max-width: 154px) 100vw, 154px\" \/>Prostituci\u00f3n infantil<\/a><\/h2>\n<p style=\"margin-bottom: 1px;\">Cada d\u00eda, ni\u00f1os de todo el mundo sufren diversas formas de explotaci\u00f3n mediante la prostituci\u00f3n. No se limita a una regi\u00f3n particular del mundo y afecta de forma equitativa tanto a ni\u00f1os como a ni\u00f1as.<\/p>\n<hr \/>\n","protected":false},"excerpt":{"rendered":"<p>Explotaci\u00f3n Trata de ninos Cada a\u00f1o, m\u00e1s de 10 000 personas son identificadas como v\u00edctimas de la trata en el mundo. Entre estas v\u00edctimas, el 13% ser\u00edan ni\u00f1as y el 9% ni\u00f1os. Estas cifras representan solamente una peque\u00f1a parte de las v\u00edctimas identificadas. Trabajo infantil El trabajo infantil llega a muchos rincones del mundo, y [&hellip;]<\/p>\n","protected":false},"author":1,"featured_media":0,"parent":283,"menu_order":0,"comment_status":"closed","ping_status":"open","template":"","meta":{"footnotes":""},"class_list":["post-6092","page","type-page","status-publish","hentry"],"yoast_head":"<!-- This site is optimized with the Yoast SEO plugin v26.5 - https:\/\/yoast.com\/wordpress\/plugins\/seo\/ -->\n<title>Explotaci\u00f3n - Humanium<\/title>\n<meta name=\"description\" content=\"Hablamos de varios tipos de explotaci\u00f3n: trata de ni\u00f1os; trabajo infantil; explotaci\u00f3n sexual infantil; prostituci\u00f3n infantil.\" \/>\n<meta name=\"robots\" content=\"index, follow, max-snippet:-1, max-image-preview:large, max-video-preview:-1\" \/>\n<link rel=\"canonical\" href=\"https:\/\/www.humanium.org\/es\/enfoques-tematicos\/explotacion\/\" \/>\n<meta property=\"og:locale\" content=\"es_ES\" \/>\n<meta property=\"og:type\" content=\"article\" \/>\n<meta property=\"og:title\" content=\"Explotaci\u00f3n - Humanium\" \/>\n<meta property=\"og:description\" content=\"Hablamos de varios tipos de explotaci\u00f3n: trata de ni\u00f1os; trabajo infantil; explotaci\u00f3n sexual infantil; prostituci\u00f3n infantil.\" \/>\n<meta property=\"og:url\" content=\"https:\/\/www.humanium.org\/es\/enfoques-tematicos\/explotacion\/\" \/>\n<meta property=\"og:site_name\" content=\"Humanium\" \/>\n<meta property=\"article:modified_time\" content=\"2024-05-18T07:07:17+00:00\" \/>\n<meta property=\"og:image\" content=\"https:\/\/www.humanium.org\/es\/wp-content\/uploads\/2024\/05\/Shutterstock_2151684551-300x300.jpg\" \/>\n<meta name=\"twitter:card\" content=\"summary_large_image\" \/>\n<meta name=\"twitter:label1\" content=\"Tiempo de lectura\" \/>\n\t<meta name=\"twitter:data1\" content=\"2 minutos\" \/>\n<script type=\"application\/ld+json\" class=\"yoast-schema-graph\">{\"@context\":\"https:\/\/schema.org\",\"@graph\":[{\"@type\":\"WebPage\",\"@id\":\"https:\/\/www.humanium.org\/es\/enfoques-tematicos\/explotacion\/\",\"url\":\"https:\/\/www.humanium.org\/es\/enfoques-tematicos\/explotacion\/\",\"name\":\"Explotaci\u00f3n - Humanium\",\"isPartOf\":{\"@id\":\"https:\/\/www.humanium.org\/es\/#website\"},\"primaryImageOfPage\":{\"@id\":\"https:\/\/www.humanium.org\/es\/enfoques-tematicos\/explotacion\/#primaryimage\"},\"image\":{\"@id\":\"https:\/\/www.humanium.org\/es\/enfoques-tematicos\/explotacion\/#primaryimage\"},\"thumbnailUrl\":\"https:\/\/www.humanium.org\/es\/wp-content\/uploads\/2024\/05\/Shutterstock_2151684551-300x300.jpg\",\"datePublished\":\"2014-02-13T18:17:44+00:00\",\"dateModified\":\"2024-05-18T07:07:17+00:00\",\"description\":\"Hablamos de varios tipos de explotaci\u00f3n: trata de ni\u00f1os; trabajo infantil; explotaci\u00f3n sexual infantil; prostituci\u00f3n infantil.\",\"breadcrumb\":{\"@id\":\"https:\/\/www.humanium.org\/es\/enfoques-tematicos\/explotacion\/#breadcrumb\"},\"inLanguage\":\"es\",\"potentialAction\":[{\"@type\":\"ReadAction\",\"target\":[\"https:\/\/www.humanium.org\/es\/enfoques-tematicos\/explotacion\/\"]}]},{\"@type\":\"ImageObject\",\"inLanguage\":\"es\",\"@id\":\"https:\/\/www.humanium.org\/es\/enfoques-tematicos\/explotacion\/#primaryimage\",\"url\":\"https:\/\/www.humanium.org\/es\/wp-content\/uploads\/2024\/05\/Shutterstock_2151684551.jpg\",\"contentUrl\":\"https:\/\/www.humanium.org\/es\/wp-content\/uploads\/2024\/05\/Shutterstock_2151684551.jpg\",\"width\":900,\"height\":900},{\"@type\":\"BreadcrumbList\",\"@id\":\"https:\/\/www.humanium.org\/es\/enfoques-tematicos\/explotacion\/#breadcrumb\",\"itemListElement\":[{\"@type\":\"ListItem\",\"position\":1,\"name\":\"Home\",\"item\":\"https:\/\/www.humanium.org\/es\/\"},{\"@type\":\"ListItem\",\"position\":2,\"name\":\"Enfoques tem\u00e1ticos\",\"item\":\"https:\/\/www.humanium.org\/es\/enfoques-tematicos\/\"},{\"@type\":\"ListItem\",\"position\":3,\"name\":\"Explotaci\u00f3n\"}]},{\"@type\":\"WebSite\",\"@id\":\"https:\/\/www.humanium.org\/es\/#website\",\"url\":\"https:\/\/www.humanium.org\/es\/\",\"name\":\"Humanium\",\"description\":\"\u00a1Los ni\u00f1os primero!\",\"potentialAction\":[{\"@type\":\"SearchAction\",\"target\":{\"@type\":\"EntryPoint\",\"urlTemplate\":\"https:\/\/www.humanium.org\/es\/?s={search_term_string}\"},\"query-input\":{\"@type\":\"PropertyValueSpecification\",\"valueRequired\":true,\"valueName\":\"search_term_string\"}}],\"inLanguage\":\"es\"}]}<\/script>\n<!-- \/ Yoast SEO plugin. -->","yoast_head_json":{"title":"Explotaci\u00f3n - Humanium","description":"Hablamos de varios tipos de explotaci\u00f3n: trata de ni\u00f1os; trabajo infantil; explotaci\u00f3n sexual infantil; prostituci\u00f3n infantil.","robots":{"index":"index","follow":"follow","max-snippet":"max-snippet:-1","max-image-preview":"max-image-preview:large","max-video-preview":"max-video-preview:-1"},"canonical":"https:\/\/www.humanium.org\/es\/enfoques-tematicos\/explotacion\/","og_locale":"es_ES","og_type":"article","og_title":"Explotaci\u00f3n - Humanium","og_description":"Hablamos de varios tipos de explotaci\u00f3n: trata de ni\u00f1os; trabajo infantil; explotaci\u00f3n sexual infantil; prostituci\u00f3n infantil.","og_url":"https:\/\/www.humanium.org\/es\/enfoques-tematicos\/explotacion\/","og_site_name":"Humanium","article_modified_time":"2024-05-18T07:07:17+00:00","og_image":[{"url":"https:\/\/www.humanium.org\/es\/wp-content\/uploads\/2024\/05\/Shutterstock_2151684551-300x300.jpg","type":"","width":"","height":""}],"twitter_card":"summary_large_image","twitter_misc":{"Tiempo de lectura":"2 minutos"},"schema":{"@context":"https:\/\/schema.org","@graph":[{"@type":"WebPage","@id":"https:\/\/www.humanium.org\/es\/enfoques-tematicos\/explotacion\/","url":"https:\/\/www.humanium.org\/es\/enfoques-tematicos\/explotacion\/","name":"Explotaci\u00f3n - Humanium","isPartOf":{"@id":"https:\/\/www.humanium.org\/es\/#website"},"primaryImageOfPage":{"@id":"https:\/\/www.humanium.org\/es\/enfoques-tematicos\/explotacion\/#primaryimage"},"image":{"@id":"https:\/\/www.humanium.org\/es\/enfoques-tematicos\/explotacion\/#primaryimage"},"thumbnailUrl":"https:\/\/www.humanium.org\/es\/wp-content\/uploads\/2024\/05\/Shutterstock_2151684551-300x300.jpg","datePublished":"2014-02-13T18:17:44+00:00","dateModified":"2024-05-18T07:07:17+00:00","description":"Hablamos de varios tipos de explotaci\u00f3n: trata de ni\u00f1os; trabajo infantil; explotaci\u00f3n sexual infantil; prostituci\u00f3n infantil.","breadcrumb":{"@id":"https:\/\/www.humanium.org\/es\/enfoques-tematicos\/explotacion\/#breadcrumb"},"inLanguage":"es","potentialAction":[{"@type":"ReadAction","target":["https:\/\/www.humanium.org\/es\/enfoques-tematicos\/explotacion\/"]}]},{"@type":"ImageObject","inLanguage":"es","@id":"https:\/\/www.humanium.org\/es\/enfoques-tematicos\/explotacion\/#primaryimage","url":"https:\/\/www.humanium.org\/es\/wp-content\/uploads\/2024\/05\/Shutterstock_2151684551.jpg","contentUrl":"https:\/\/www.humanium.org\/es\/wp-content\/uploads\/2024\/05\/Shutterstock_2151684551.jpg","width":900,"height":900},{"@type":"BreadcrumbList","@id":"https:\/\/www.humanium.org\/es\/enfoques-tematicos\/explotacion\/#breadcrumb","itemListElement":[{"@type":"ListItem","position":1,"name":"Home","item":"https:\/\/www.humanium.org\/es\/"},{"@type":"ListItem","position":2,"name":"Enfoques tem\u00e1ticos","item":"https:\/\/www.humanium.org\/es\/enfoques-tematicos\/"},{"@type":"ListItem","position":3,"name":"Explotaci\u00f3n"}]},{"@type":"WebSite","@id":"https:\/\/www.humanium.org\/es\/#website","url":"https:\/\/www.humanium.org\/es\/","name":"Humanium","description":"\u00a1Los ni\u00f1os primero!","potentialAction":[{"@type":"SearchAction","target":{"@type":"EntryPoint","urlTemplate":"https:\/\/www.humanium.org\/es\/?s={search_term_string}"},"query-input":{"@type":"PropertyValueSpecification","valueRequired":true,"valueName":"search_term_string"}}],"inLanguage":"es"}]}},"_links":{"self":[{"href":"https:\/\/www.humanium.org\/es\/wp-json\/wp\/v2\/pages\/6092","targetHints":{"allow":["GET"]}}],"collection":[{"href":"https:\/\/www.humanium.org\/es\/wp-json\/wp\/v2\/pages"}],"about":[{"href":"https:\/\/www.humanium.org\/es\/wp-json\/wp\/v2\/types\/page"}],"author":[{"embeddable":true,"href":"https:\/\/www.humanium.org\/es\/wp-json\/wp\/v2\/users\/1"}],"replies":[{"embeddable":true,"href":"https:\/\/www.humanium.org\/es\/wp-json\/wp\/v2\/comments?post=6092"}],"version-history":[{"count":13,"href":"https:\/\/www.humanium.org\/es\/wp-json\/wp\/v2\/pages\/6092\/revisions"}],"predecessor-version":[{"id":18825,"href":"https:\/\/www.humanium.org\/es\/wp-json\/wp\/v2\/pages\/6092\/revisions\/18825"}],"up":[{"embeddable":true,"href":"https:\/\/www.humanium.org\/es\/wp-json\/wp\/v2\/pages\/283"}],"wp:attachment":[{"href":"https:\/\/www.humanium.org\/es\/wp-json\/wp\/v2\/media?parent=6092"}],"curies":[{"name":"wp","href":"https:\/\/api.w.org\/{rel}","templated":true}]}}