{"id":65,"date":"2012-11-06T11:40:19","date_gmt":"2012-11-06T11:40:19","guid":{"rendered":"http:\/\/www.humanium.org\/es\/?page_id=65"},"modified":"2017-10-04T08:01:28","modified_gmt":"2017-10-04T08:01:28","slug":"derechos-humanos-1948","status":"publish","type":"page","link":"https:\/\/www.humanium.org\/es\/derechos-humanos-1948\/","title":{"rendered":"Declaraci\u00f3n Universal de Derechos Humanos, 1948"},"content":{"rendered":"<h1><span style=\"color: #800000;\">Declaraci\u00f3n Universal de Derechos Humanos, 1948<\/span><\/h1>\n<h2>Acerca de la Declaraci\u00f3n<\/h2>\n<p><strong><br \/>\nEn 1948, la Asamblea General de las Naciones Unidas adopt\u00f3 la <a href=\"https:\/\/www.humanium.org\/es\/ddhh-texto-completo\/#\">Declaraci\u00f3n Universal de Derechos Humanos<\/a>, la cual representa \u201cun est\u00e1ndar com\u00fan a ser alcanzado por todos los pueblos y naciones\u201d. <\/strong><\/p>\n<h3>\u00bfQu\u00e9 son los derechos humanos?<\/h3>\n<p>Los derechos humanos son \u201cel reconocimiento de la dignidad inalienable de los seres humanos\u201d. Libre de discriminaci\u00f3n, desigualdad o distinciones de cualquier \u00edndole, la dignidad humana es universal, igual e inalienable.<\/p>\n<blockquote><p>\u201cTodos los seres humanos nacen libres e iguales en dignidad y derechos\u201d.<\/p><\/blockquote>\n<p>M\u00e1s all\u00e1 del concepto mismo, los derechos humanos son expresados y definidos en textos legales, lo cuales buscan garantizar la dignidad de los seres humanos y hacerla realidad.<\/p>\n<h3>El origen de la Declaraci\u00f3n Universal de Derechos Humanos<\/h3>\n<p><img loading=\"lazy\" decoding=\"async\" class=\"alignright size-full wp-image-2848\" title=\"Eleanor Roosvelt, Presidenta de la Comisi\u00f3n de Derechos Humanos de las Naciones Unidas, con la Declaraci\u00f3n Universal de Derechos Humanos el 1\u00ba de noviembre de 1949. - Foto de la ONU\/x\" alt=\"\" src=\"https:\/\/www.humanium.org\/es\/wp-content\/uploads\/portail-fr\/eleanor-roosevelt.jpg\" width=\"239\" height=\"181\" \/><\/p>\n<p>La filosof\u00eda de los derechos humanos comenz\u00f3 con la Ilustraci\u00f3n. En <em>El Contrato Social<\/em> (I,4), Rousseau buscaba \u201cuna forma de asociaci\u00f3n \u2026 en la cual cada uno, uni\u00e9ndose a todos, no obedezca sino a s\u00ed mismo y permanezca tan libre como antes\u201d.<br \/>\nEl texto de la Declaraci\u00f3n Universal de Derechos Humanos de 1948 est\u00e1 inspirado en el texto de la Declaraci\u00f3n de Derechos del Hombre y del Ciudadano de 1789.<br \/>\nLuego de los horrores de la Segunda Guerra Mundial, la comunidad internacional decidi\u00f3 bosquejar una carta de derechos que afirmara los valores defendidos en la lucha contra el fascismo y el nazismo.<\/p>\n<p>El armado de dicha carta fue confiado a un comit\u00e9 presidido por Eleanor Roosvelt y compuesto por miembros de 18 pa\u00edses. La Carta fue redactada por el canadiense John Peters Humphrey y revisada luego por el franc\u00e9s Ren\u00e9 Cassin.<br \/>\nEl texto final es pragm\u00e1tico, resultado de numerosos consensos pol\u00edticos, de manera tal que pudiera ganar una amplia aprobaci\u00f3n.<\/p>\n<p><img loading=\"lazy\" decoding=\"async\" class=\"alignleft size-full wp-image-3008\" title=\"El Palacio de Chaillot en Paris, al momento de la adopci\u00f3n de la Declaraci\u00f3n Universal de Derechos Humanos, en 1948.\" alt=\"\" src=\"https:\/\/www.humanium.org\/es\/wp-content\/uploads\/portail-fr\/palais-chaillot-1948-B.jpg\" width=\"217\" height=\"173\" \/><a href=\"https:\/\/www.humanium.org\/es\/ddhh-texto-completo\/#\">La Declaraci\u00f3n Universal de Derechos Humanos<\/a> fue adoptada por la tercera Asamblea General de las Naciones Unidas, el 10 de diciembre de 1948 en Par\u00eds.<br \/>\nNinguno de los 56 miembros de las Naciones Unidas vot\u00f3 en contra del texto, aunque Sud\u00e1frica, Arabia Saudita y la Uni\u00f3n Sovi\u00e9tica se abstuvieron.<\/p>\n<blockquote><p>\u201cEn medio de la Guerra Fr\u00eda, y frente a una oposici\u00f3n creciente al colonialismo, tom\u00f3 dos d\u00e9cadas para que las Naciones Unidas se pusiera de acuerdo sobre c\u00f3mo hacer [la Declaraci\u00f3n] legalmente vinculante\u201d.<\/p>\n<\/blockquote>\n<h3>Contenido de la Declaraci\u00f3n Universal de Derechos Humanos<\/h3>\n<p><img loading=\"lazy\" decoding=\"async\" class=\"alignright size-full wp-image-2983\" title=\"Foto de un poster de la Declaraci\u00f3n Universal de Derechos Humanos, tomada el 1\u00ba de noviembre de 1949. - Foto de la ONU\/x.\" alt=\"\" src=\"https:\/\/www.humanium.org\/es\/wp-content\/uploads\/portail-fr\/poster-declaration-droits-homme_un-photo-x.jpg\" width=\"160\" height=\"183\" \/>La <a href=\"https:\/\/www.humanium.org\/es\/ddhh-texto-completo\/\" target=\"_self\"> Declaraci\u00f3n Universal de Derechos Humanos <\/a>es el \u201cest\u00e1ndar com\u00fan a ser alcanzado por todos los pueblos y naciones\u201d.<br \/>\nLa <a href=\"https:\/\/www.humanium.org\/es\/ddhh-texto-completo\/#\">Declaraci\u00f3n Universal de Derechos Humanos<\/a> establece que \u201cla maternidad y la infancia tienen derechos a cuidados especiales y asistencia\u201d y describe la familia como \u201cla unidad grupal natural y fundamental de la sociedad\u201d.<\/p>\n<p>Aunque los ni\u00f1os son rara vez mencionados en este texto, es de todas maneras un documento significativo y su impacto en todos los seres humanos, incluyendo los ni\u00f1os, es lo que hace a esta Declaraci\u00f3n tan importante. De hecho, los derechos del ni\u00f1o se basan en los derechos humanos.<\/p>\n<p>La Declaraci\u00f3n de los Derechos del Ni\u00f1o de 1959 remarc\u00f3 esta naturaleza \u00fanica de la infancia y, por lo tanto, de la aplicaci\u00f3n de los derechos concernientes espec\u00edficamente a la infancia.<\/p>\n<p><a href=\"https:\/\/www.humanium.org\/es\/ddhh-texto-completo\/#\" target=\"_self\"><img loading=\"lazy\" decoding=\"async\" class=\"aligncenter\" title=\"Texto completo de la Declaraci\u00f3n de los Derechos Humanos\" alt=\"\" src=\"https:\/\/www.humanium.org\/fr\/wp-content\/uploads\/le-texte.gif\" width=\"67\" height=\"30\" \/><\/a><\/p>\n<p><a href=\"https:\/\/www.humanium.org\/es\/ddhh-texto-completo\/\"><\/a><\/p>\n<table>\n<tbody style=\"background: #f9f9f9;\">\n<tr>\n<td>\n<div style=\"float: left; width: 65%;\">Traducido por: Melisa Slep<br \/>\nCorregido por: Vanessa Hayashi<\/div>\n<\/td>\n<\/tr>\n<\/tbody>\n<\/table>\n<div id=\"toggle\"><a onclick=\"show_voir_aussi('voir_aussi_box')\" href=\"javascript:show_voir_aussi(id)\"><\/a><\/div>\n<div id=\"voir_aussi_box\" style=\"display: none;\">\n<ul>\n<li><a href=\"https:\/\/www.humanium.org\/es\/declaracion-1959\/\">Declaraci\u00f3n de los Derechos del Ni\u00f1o, 1959<\/a><\/li>\n<li><a href=\"https:\/\/www.humanium.org\/es\/referecias-estandares\/\">Referencias est\u00e1ndares<\/a><\/li>\n<\/ul>\n<\/div>\n<p>&nbsp;<\/p>\n<div id=\"toggle\"><a onclick=\"show_plus_loin('plus_loin_box')\" href=\"javascript:show_plus_loin(id)\"><\/a><\/div>\n<div id=\"plus_loin_box\" style=\"display: none;\">\n<ul>\n<li><a href=\"https:\/\/es.wikipedia.org\/wiki\/Declaraci%C3%B3n_Universal_de_los_Derechos_Humanos\" target=\"_blank\">Wikipedia, Declaraci\u00f3n Universal de los Derechos Humanos<\/a><\/li>\n<li><a href=\"https:\/\/es.wikipedia.org\/wiki\/Derechos_humanos\" target=\"_blank\">Wikipedia, Derechos Humanos<\/a><\/li>\n<li><a href=\"http:\/\/www.un.org\/es\/documents\/udhr\/\" target=\"_blank\">ONU, Declaraci\u00f3n Universal de los Derechos Humanos<\/a><\/li>\n<\/ul>\n<\/div>\n<p>&nbsp;<\/p>\n<div id=\"toggle\"><a onclick=\"show_sources('sources_box')\" href=\"javascript:show_sources(id)\"><\/a><\/div>\n<div id=\"sources_box\" style=\"display: none;\">\n<ul>\n<li><a href=\"https:\/\/www.unicef.org\/spanish\/rightsite\/sowc\/pdfs\/SOWC_SpecEd_CRC_MainReport_SP_100109.pdf\" target=\"_blank\">UNICEF, Estado Mundial de la Infancia 2010: Conmemoraci\u00f3n de los 20 a\u00f1os de la Convenci\u00f3n sobre los Derechos del Ni\u00f1o<\/a><\/li>\n<\/ul>\n<\/div>\n<p>&nbsp;<\/p>\n","protected":false},"excerpt":{"rendered":"<p>Declaraci\u00f3n Universal de Derechos Humanos, 1948 Acerca de la Declaraci\u00f3n En 1948, la Asamblea General de las Naciones Unidas adopt\u00f3 la Declaraci\u00f3n Universal de Derechos Humanos, la cual representa \u201cun est\u00e1ndar com\u00fan a ser alcanzado por todos los pueblos y naciones\u201d. \u00bfQu\u00e9 son los derechos humanos? Los derechos humanos son \u201cel reconocimiento de la dignidad [&hellip;]<\/p>\n","protected":false},"author":1,"featured_media":0,"parent":0,"menu_order":0,"comment_status":"closed","ping_status":"closed","template":"","meta":{"footnotes":""},"class_list":["post-65","page","type-page","status-publish","hentry"],"yoast_head":"<!-- This site is optimized with the Yoast SEO plugin v26.5 - https:\/\/yoast.com\/wordpress\/plugins\/seo\/ -->\n<title>Declaraci\u00f3n Universal de Derechos Humanos, 1948 - Humanium<\/title>\n<meta name=\"robots\" content=\"index, follow, max-snippet:-1, max-image-preview:large, max-video-preview:-1\" \/>\n<link rel=\"canonical\" href=\"https:\/\/www.humanium.org\/es\/derechos-humanos-1948\/\" \/>\n<meta property=\"og:locale\" content=\"es_ES\" \/>\n<meta property=\"og:type\" content=\"article\" \/>\n<meta property=\"og:title\" content=\"Declaraci\u00f3n Universal de Derechos Humanos, 1948 - Humanium\" \/>\n<meta property=\"og:description\" content=\"Declaraci\u00f3n Universal de Derechos Humanos, 1948 Acerca de la Declaraci\u00f3n En 1948, la Asamblea General de las Naciones Unidas adopt\u00f3 la Declaraci\u00f3n Universal de Derechos Humanos, la cual representa \u201cun est\u00e1ndar com\u00fan a ser alcanzado por todos los pueblos y naciones\u201d. \u00bfQu\u00e9 son los derechos humanos? Los derechos humanos son \u201cel reconocimiento de la dignidad [&hellip;]\" \/>\n<meta property=\"og:url\" content=\"https:\/\/www.humanium.org\/es\/derechos-humanos-1948\/\" \/>\n<meta property=\"og:site_name\" content=\"Humanium\" \/>\n<meta property=\"article:modified_time\" content=\"2017-10-04T08:01:28+00:00\" \/>\n<meta property=\"og:image\" content=\"https:\/\/www.humanium.org\/es\/wp-content\/uploads\/portail-fr\/eleanor-roosevelt.jpg\" \/>\n<meta name=\"twitter:card\" content=\"summary_large_image\" \/>\n<meta name=\"twitter:label1\" content=\"Tiempo de lectura\" \/>\n\t<meta name=\"twitter:data1\" content=\"3 minutos\" \/>\n<script type=\"application\/ld+json\" class=\"yoast-schema-graph\">{\"@context\":\"https:\/\/schema.org\",\"@graph\":[{\"@type\":\"WebPage\",\"@id\":\"https:\/\/www.humanium.org\/es\/derechos-humanos-1948\/\",\"url\":\"https:\/\/www.humanium.org\/es\/derechos-humanos-1948\/\",\"name\":\"Declaraci\u00f3n Universal de Derechos Humanos, 1948 - Humanium\",\"isPartOf\":{\"@id\":\"https:\/\/www.humanium.org\/es\/#website\"},\"primaryImageOfPage\":{\"@id\":\"https:\/\/www.humanium.org\/es\/derechos-humanos-1948\/#primaryimage\"},\"image\":{\"@id\":\"https:\/\/www.humanium.org\/es\/derechos-humanos-1948\/#primaryimage\"},\"thumbnailUrl\":\"https:\/\/www.humanium.org\/es\/wp-content\/uploads\/portail-fr\/eleanor-roosevelt.jpg\",\"datePublished\":\"2012-11-06T11:40:19+00:00\",\"dateModified\":\"2017-10-04T08:01:28+00:00\",\"breadcrumb\":{\"@id\":\"https:\/\/www.humanium.org\/es\/derechos-humanos-1948\/#breadcrumb\"},\"inLanguage\":\"es\",\"potentialAction\":[{\"@type\":\"ReadAction\",\"target\":[\"https:\/\/www.humanium.org\/es\/derechos-humanos-1948\/\"]}]},{\"@type\":\"ImageObject\",\"inLanguage\":\"es\",\"@id\":\"https:\/\/www.humanium.org\/es\/derechos-humanos-1948\/#primaryimage\",\"url\":\"https:\/\/www.humanium.org\/es\/wp-content\/uploads\/portail-fr\/eleanor-roosevelt.jpg\",\"contentUrl\":\"https:\/\/www.humanium.org\/es\/wp-content\/uploads\/portail-fr\/eleanor-roosevelt.jpg\"},{\"@type\":\"BreadcrumbList\",\"@id\":\"https:\/\/www.humanium.org\/es\/derechos-humanos-1948\/#breadcrumb\",\"itemListElement\":[{\"@type\":\"ListItem\",\"position\":1,\"name\":\"Home\",\"item\":\"https:\/\/www.humanium.org\/es\/\"},{\"@type\":\"ListItem\",\"position\":2,\"name\":\"Declaraci\u00f3n Universal de Derechos Humanos, 1948\"}]},{\"@type\":\"WebSite\",\"@id\":\"https:\/\/www.humanium.org\/es\/#website\",\"url\":\"https:\/\/www.humanium.org\/es\/\",\"name\":\"Humanium\",\"description\":\"\u00a1Los ni\u00f1os primero!\",\"potentialAction\":[{\"@type\":\"SearchAction\",\"target\":{\"@type\":\"EntryPoint\",\"urlTemplate\":\"https:\/\/www.humanium.org\/es\/?s={search_term_string}\"},\"query-input\":{\"@type\":\"PropertyValueSpecification\",\"valueRequired\":true,\"valueName\":\"search_term_string\"}}],\"inLanguage\":\"es\"}]}<\/script>\n<!-- \/ Yoast SEO plugin. -->","yoast_head_json":{"title":"Declaraci\u00f3n Universal de Derechos Humanos, 1948 - Humanium","robots":{"index":"index","follow":"follow","max-snippet":"max-snippet:-1","max-image-preview":"max-image-preview:large","max-video-preview":"max-video-preview:-1"},"canonical":"https:\/\/www.humanium.org\/es\/derechos-humanos-1948\/","og_locale":"es_ES","og_type":"article","og_title":"Declaraci\u00f3n Universal de Derechos Humanos, 1948 - Humanium","og_description":"Declaraci\u00f3n Universal de Derechos Humanos, 1948 Acerca de la Declaraci\u00f3n En 1948, la Asamblea General de las Naciones Unidas adopt\u00f3 la Declaraci\u00f3n Universal de Derechos Humanos, la cual representa \u201cun est\u00e1ndar com\u00fan a ser alcanzado por todos los pueblos y naciones\u201d. \u00bfQu\u00e9 son los derechos humanos? Los derechos humanos son \u201cel reconocimiento de la dignidad [&hellip;]","og_url":"https:\/\/www.humanium.org\/es\/derechos-humanos-1948\/","og_site_name":"Humanium","article_modified_time":"2017-10-04T08:01:28+00:00","og_image":[{"url":"https:\/\/www.humanium.org\/es\/wp-content\/uploads\/portail-fr\/eleanor-roosevelt.jpg","type":"","width":"","height":""}],"twitter_card":"summary_large_image","twitter_misc":{"Tiempo de lectura":"3 minutos"},"schema":{"@context":"https:\/\/schema.org","@graph":[{"@type":"WebPage","@id":"https:\/\/www.humanium.org\/es\/derechos-humanos-1948\/","url":"https:\/\/www.humanium.org\/es\/derechos-humanos-1948\/","name":"Declaraci\u00f3n Universal de Derechos Humanos, 1948 - Humanium","isPartOf":{"@id":"https:\/\/www.humanium.org\/es\/#website"},"primaryImageOfPage":{"@id":"https:\/\/www.humanium.org\/es\/derechos-humanos-1948\/#primaryimage"},"image":{"@id":"https:\/\/www.humanium.org\/es\/derechos-humanos-1948\/#primaryimage"},"thumbnailUrl":"https:\/\/www.humanium.org\/es\/wp-content\/uploads\/portail-fr\/eleanor-roosevelt.jpg","datePublished":"2012-11-06T11:40:19+00:00","dateModified":"2017-10-04T08:01:28+00:00","breadcrumb":{"@id":"https:\/\/www.humanium.org\/es\/derechos-humanos-1948\/#breadcrumb"},"inLanguage":"es","potentialAction":[{"@type":"ReadAction","target":["https:\/\/www.humanium.org\/es\/derechos-humanos-1948\/"]}]},{"@type":"ImageObject","inLanguage":"es","@id":"https:\/\/www.humanium.org\/es\/derechos-humanos-1948\/#primaryimage","url":"https:\/\/www.humanium.org\/es\/wp-content\/uploads\/portail-fr\/eleanor-roosevelt.jpg","contentUrl":"https:\/\/www.humanium.org\/es\/wp-content\/uploads\/portail-fr\/eleanor-roosevelt.jpg"},{"@type":"BreadcrumbList","@id":"https:\/\/www.humanium.org\/es\/derechos-humanos-1948\/#breadcrumb","itemListElement":[{"@type":"ListItem","position":1,"name":"Home","item":"https:\/\/www.humanium.org\/es\/"},{"@type":"ListItem","position":2,"name":"Declaraci\u00f3n Universal de Derechos Humanos, 1948"}]},{"@type":"WebSite","@id":"https:\/\/www.humanium.org\/es\/#website","url":"https:\/\/www.humanium.org\/es\/","name":"Humanium","description":"\u00a1Los ni\u00f1os primero!","potentialAction":[{"@type":"SearchAction","target":{"@type":"EntryPoint","urlTemplate":"https:\/\/www.humanium.org\/es\/?s={search_term_string}"},"query-input":{"@type":"PropertyValueSpecification","valueRequired":true,"valueName":"search_term_string"}}],"inLanguage":"es"}]}},"_links":{"self":[{"href":"https:\/\/www.humanium.org\/es\/wp-json\/wp\/v2\/pages\/65","targetHints":{"allow":["GET"]}}],"collection":[{"href":"https:\/\/www.humanium.org\/es\/wp-json\/wp\/v2\/pages"}],"about":[{"href":"https:\/\/www.humanium.org\/es\/wp-json\/wp\/v2\/types\/page"}],"author":[{"embeddable":true,"href":"https:\/\/www.humanium.org\/es\/wp-json\/wp\/v2\/users\/1"}],"replies":[{"embeddable":true,"href":"https:\/\/www.humanium.org\/es\/wp-json\/wp\/v2\/comments?post=65"}],"version-history":[{"count":8,"href":"https:\/\/www.humanium.org\/es\/wp-json\/wp\/v2\/pages\/65\/revisions"}],"predecessor-version":[{"id":11589,"href":"https:\/\/www.humanium.org\/es\/wp-json\/wp\/v2\/pages\/65\/revisions\/11589"}],"wp:attachment":[{"href":"https:\/\/www.humanium.org\/es\/wp-json\/wp\/v2\/media?parent=65"}],"curies":[{"name":"wp","href":"https:\/\/api.w.org\/{rel}","templated":true}]}}