{"id":68,"date":"2012-11-06T12:01:46","date_gmt":"2012-11-06T12:01:46","guid":{"rendered":"http:\/\/www.humanium.org\/es\/?page_id=68"},"modified":"2021-05-02T19:30:56","modified_gmt":"2021-05-02T19:30:56","slug":"convencion","status":"publish","type":"page","link":"https:\/\/www.humanium.org\/es\/convencion\/","title":{"rendered":"Convenci\u00f3n"},"content":{"rendered":"\n<h1 class=\"wp-block-heading\">Convenci\u00f3n sobre los Derechos del Ni\u00f1o (CDN)<\/h1>\n\n\n\n<h2 class=\"wp-block-heading\">Presentaci\u00f3n de la Convenci\u00f3n sobre los Derechos del Ni\u00f1o<\/h2>\n\n\n\n<p><strong>La Convenci\u00f3n Internacional sobre los Derechos del Ni\u00f1o es un tratado aprobado por la Asamblea General de las Naciones Unidas en 1989.<\/strong><\/p>\n\n\n\n<h3 class=\"wp-block-heading\">\u00bfQu\u00e9 es la Convenci\u00f3n de los Derechos del Ni\u00f1o?<\/h3>\n\n\n\n<ul class=\"wp-block-list\"><li><a href=\"https:\/\/www.humanium.org\/es\/definicion\/\">Definici\u00f3n de los Derechos del ni\u00f1o<\/a><\/li><li><a href=\"https:\/\/www.humanium.org\/es\/convencion-definicion\/\">Definici\u00f3n de la Convenci\u00f3n<\/a><\/li><li><a href=\"https:\/\/www.humanium.org\/es\/temas-convencion\/\">Temas de la Convenci\u00f3n<\/a><\/li><li><a href=\"https:\/\/www.humanium.org\/es\/los-principios-rectores-de-la-convencion-sobre-los-derechos-del-nino\/\">Los principios rectores de la Convenci\u00f3n<\/a><\/li><\/ul>\n\n\n\n<h3 class=\"wp-block-heading\">La Convenci\u00f3n: textos<\/h3>\n\n\n\n<ul class=\"wp-block-list\"><li><a href=\"https:\/\/www.humanium.org\/es\/convencion-texto\/\">Texto completo<\/a><\/li><li><a href=\"https:\/\/www.humanium.org\/es\/convencion-extractos\/\">Extractos<\/a><\/li><li><a href=\"https:\/\/www.humanium.org\/es\/convencion-adaptada\/\">La Convenci\u00f3n adaptada para los ni\u00f1os<\/a><\/li><\/ul>\n\n\n\n<h3 class=\"wp-block-heading\">Historia de la Convenci\u00f3n<\/h3>\n\n\n\n<ul class=\"wp-block-list\"><li><a href=\"https:\/\/www.humanium.org\/es\/historia\/\">Historia de los Derechos del Ni\u00f1o<\/a><\/li><li><a href=\"https:\/\/www.humanium.org\/es\/convencion-comienzos\/\">Comienzos de la Convenci\u00f3n<\/a><\/li><li><a href=\"https:\/\/www.humanium.org\/es\/aprobacion-convencion\/\">Aprobaci\u00f3n de la Convenci\u00f3n, 20 de noviembre 1989<\/a><\/li><li><a href=\"https:\/\/www.humanium.org\/es\/signatarios-convencion\/\">Estados signatarios y Partes en la Convenci\u00f3n<\/a><\/li><\/ul>\n\n\n\n<h3 class=\"wp-block-heading\">Comit\u00e9 de los derechos del ni\u00f1o<\/h3>\n\n\n\n<ul class=\"wp-block-list\"><li><a href=\"https:\/\/www.humanium.org\/es\/que-como\/\">El Comit\u00e9: qu\u00e9 es y c\u00f3mo funciona<\/a><\/li><li><a href=\"https:\/\/www.humanium.org\/es\/rol-competencias\/\">El papel del comit\u00e9 y sus competencias<\/a><\/li><li><a href=\"https:\/\/www.humanium.org\/es\/comite-observaciones-debate\/\">Observaciones generales del Comit\u00e9<\/a><\/li><li><a href=\"https:\/\/www.humanium.org\/es\/comite-limites\/\">L\u00edmites del comit\u00e9<\/a><\/li><\/ul>\n\n\n\n<h3 class=\"wp-block-heading\">Protocolos facultativos de la Convenci\u00f3n los Derechos del Ni\u00f1o<\/h3>\n\n\n\n<ul class=\"wp-block-list\"><li><a href=\"https:\/\/www.humanium.org\/es\/facultativo-conflictos-armados-2000\/\">Protocolo Facultativo de la Convenci\u00f3n sobre los Derechos del Ni\u00f1o, relativo a la participaci\u00f3n de los ni\u00f1os en los conflictos armados, 2000<\/a><\/li><li><a href=\"https:\/\/www.humanium.org\/es\/facultativo-venta-prostitucion-pornografia\/\">Protocolo Facultativo de la Convenci\u00f3n los Derechos del Ni\u00f1o, relativo a la venta de ni\u00f1os, la prostituci\u00f3n infantil y a la utilizaci\u00f3n de ni\u00f1os en la pornograf\u00eda, 2000<\/a><\/li><li><a href=\"https:\/\/www.humanium.org\/es\/protocolo-comunicaciones\/\">Protocolo Facultativo de la Convenci\u00f3n los Derechos del Ni\u00f1o sobre el procedimiento de denuncias ante el Comit\u00e9 de los Derechos del Ni\u00f1o de 2011<\/a>.<\/li><\/ul>\n","protected":false},"excerpt":{"rendered":"<p>Convenci\u00f3n sobre los Derechos del Ni\u00f1o (CDN) Presentaci\u00f3n de la Convenci\u00f3n sobre los Derechos del Ni\u00f1o La Convenci\u00f3n Internacional sobre los Derechos del Ni\u00f1o es un tratado aprobado por la Asamblea General de las Naciones Unidas en 1989. \u00bfQu\u00e9 es la Convenci\u00f3n de los Derechos del Ni\u00f1o? Definici\u00f3n de los Derechos del ni\u00f1o Definici\u00f3n de [&hellip;]<\/p>\n","protected":false},"author":1,"featured_media":0,"parent":0,"menu_order":0,"comment_status":"closed","ping_status":"closed","template":"","meta":{"footnotes":""},"class_list":["post-68","page","type-page","status-publish","hentry"],"yoast_head":"<!-- This site is optimized with the Yoast SEO plugin v26.5 - https:\/\/yoast.com\/wordpress\/plugins\/seo\/ -->\n<title>Convenci\u00f3n - Humanium<\/title>\n<meta name=\"robots\" content=\"index, follow, max-snippet:-1, max-image-preview:large, max-video-preview:-1\" \/>\n<link rel=\"canonical\" href=\"https:\/\/www.humanium.org\/es\/convencion\/\" \/>\n<meta property=\"og:locale\" content=\"es_ES\" \/>\n<meta property=\"og:type\" content=\"article\" \/>\n<meta property=\"og:title\" content=\"Convenci\u00f3n - Humanium\" \/>\n<meta property=\"og:description\" content=\"Convenci\u00f3n sobre los Derechos del Ni\u00f1o (CDN) Presentaci\u00f3n de la Convenci\u00f3n sobre los Derechos del Ni\u00f1o La Convenci\u00f3n Internacional sobre los Derechos del Ni\u00f1o es un tratado aprobado por la Asamblea General de las Naciones Unidas en 1989. \u00bfQu\u00e9 es la Convenci\u00f3n de los Derechos del Ni\u00f1o? Definici\u00f3n de los Derechos del ni\u00f1o Definici\u00f3n de [&hellip;]\" \/>\n<meta property=\"og:url\" content=\"https:\/\/www.humanium.org\/es\/convencion\/\" \/>\n<meta property=\"og:site_name\" content=\"Humanium\" \/>\n<meta property=\"article:modified_time\" content=\"2021-05-02T19:30:56+00:00\" \/>\n<meta name=\"twitter:card\" content=\"summary_large_image\" \/>\n<meta name=\"twitter:label1\" content=\"Tiempo de lectura\" \/>\n\t<meta name=\"twitter:data1\" content=\"1 minuto\" \/>\n<script type=\"application\/ld+json\" class=\"yoast-schema-graph\">{\"@context\":\"https:\/\/schema.org\",\"@graph\":[{\"@type\":\"WebPage\",\"@id\":\"https:\/\/www.humanium.org\/es\/convencion\/\",\"url\":\"https:\/\/www.humanium.org\/es\/convencion\/\",\"name\":\"Convenci\u00f3n - Humanium\",\"isPartOf\":{\"@id\":\"https:\/\/www.humanium.org\/es\/#website\"},\"datePublished\":\"2012-11-06T12:01:46+00:00\",\"dateModified\":\"2021-05-02T19:30:56+00:00\",\"breadcrumb\":{\"@id\":\"https:\/\/www.humanium.org\/es\/convencion\/#breadcrumb\"},\"inLanguage\":\"es\",\"potentialAction\":[{\"@type\":\"ReadAction\",\"target\":[\"https:\/\/www.humanium.org\/es\/convencion\/\"]}]},{\"@type\":\"BreadcrumbList\",\"@id\":\"https:\/\/www.humanium.org\/es\/convencion\/#breadcrumb\",\"itemListElement\":[{\"@type\":\"ListItem\",\"position\":1,\"name\":\"Home\",\"item\":\"https:\/\/www.humanium.org\/es\/\"},{\"@type\":\"ListItem\",\"position\":2,\"name\":\"Convenci\u00f3n\"}]},{\"@type\":\"WebSite\",\"@id\":\"https:\/\/www.humanium.org\/es\/#website\",\"url\":\"https:\/\/www.humanium.org\/es\/\",\"name\":\"Humanium\",\"description\":\"\u00a1Los ni\u00f1os primero!\",\"potentialAction\":[{\"@type\":\"SearchAction\",\"target\":{\"@type\":\"EntryPoint\",\"urlTemplate\":\"https:\/\/www.humanium.org\/es\/?s={search_term_string}\"},\"query-input\":{\"@type\":\"PropertyValueSpecification\",\"valueRequired\":true,\"valueName\":\"search_term_string\"}}],\"inLanguage\":\"es\"}]}<\/script>\n<!-- \/ Yoast SEO plugin. -->","yoast_head_json":{"title":"Convenci\u00f3n - Humanium","robots":{"index":"index","follow":"follow","max-snippet":"max-snippet:-1","max-image-preview":"max-image-preview:large","max-video-preview":"max-video-preview:-1"},"canonical":"https:\/\/www.humanium.org\/es\/convencion\/","og_locale":"es_ES","og_type":"article","og_title":"Convenci\u00f3n - Humanium","og_description":"Convenci\u00f3n sobre los Derechos del Ni\u00f1o (CDN) Presentaci\u00f3n de la Convenci\u00f3n sobre los Derechos del Ni\u00f1o La Convenci\u00f3n Internacional sobre los Derechos del Ni\u00f1o es un tratado aprobado por la Asamblea General de las Naciones Unidas en 1989. \u00bfQu\u00e9 es la Convenci\u00f3n de los Derechos del Ni\u00f1o? Definici\u00f3n de los Derechos del ni\u00f1o Definici\u00f3n de [&hellip;]","og_url":"https:\/\/www.humanium.org\/es\/convencion\/","og_site_name":"Humanium","article_modified_time":"2021-05-02T19:30:56+00:00","twitter_card":"summary_large_image","twitter_misc":{"Tiempo de lectura":"1 minuto"},"schema":{"@context":"https:\/\/schema.org","@graph":[{"@type":"WebPage","@id":"https:\/\/www.humanium.org\/es\/convencion\/","url":"https:\/\/www.humanium.org\/es\/convencion\/","name":"Convenci\u00f3n - Humanium","isPartOf":{"@id":"https:\/\/www.humanium.org\/es\/#website"},"datePublished":"2012-11-06T12:01:46+00:00","dateModified":"2021-05-02T19:30:56+00:00","breadcrumb":{"@id":"https:\/\/www.humanium.org\/es\/convencion\/#breadcrumb"},"inLanguage":"es","potentialAction":[{"@type":"ReadAction","target":["https:\/\/www.humanium.org\/es\/convencion\/"]}]},{"@type":"BreadcrumbList","@id":"https:\/\/www.humanium.org\/es\/convencion\/#breadcrumb","itemListElement":[{"@type":"ListItem","position":1,"name":"Home","item":"https:\/\/www.humanium.org\/es\/"},{"@type":"ListItem","position":2,"name":"Convenci\u00f3n"}]},{"@type":"WebSite","@id":"https:\/\/www.humanium.org\/es\/#website","url":"https:\/\/www.humanium.org\/es\/","name":"Humanium","description":"\u00a1Los ni\u00f1os primero!","potentialAction":[{"@type":"SearchAction","target":{"@type":"EntryPoint","urlTemplate":"https:\/\/www.humanium.org\/es\/?s={search_term_string}"},"query-input":{"@type":"PropertyValueSpecification","valueRequired":true,"valueName":"search_term_string"}}],"inLanguage":"es"}]}},"_links":{"self":[{"href":"https:\/\/www.humanium.org\/es\/wp-json\/wp\/v2\/pages\/68","targetHints":{"allow":["GET"]}}],"collection":[{"href":"https:\/\/www.humanium.org\/es\/wp-json\/wp\/v2\/pages"}],"about":[{"href":"https:\/\/www.humanium.org\/es\/wp-json\/wp\/v2\/types\/page"}],"author":[{"embeddable":true,"href":"https:\/\/www.humanium.org\/es\/wp-json\/wp\/v2\/users\/1"}],"replies":[{"embeddable":true,"href":"https:\/\/www.humanium.org\/es\/wp-json\/wp\/v2\/comments?post=68"}],"version-history":[{"count":12,"href":"https:\/\/www.humanium.org\/es\/wp-json\/wp\/v2\/pages\/68\/revisions"}],"predecessor-version":[{"id":15595,"href":"https:\/\/www.humanium.org\/es\/wp-json\/wp\/v2\/pages\/68\/revisions\/15595"}],"wp:attachment":[{"href":"https:\/\/www.humanium.org\/es\/wp-json\/wp\/v2\/media?parent=68"}],"curies":[{"name":"wp","href":"https:\/\/api.w.org\/{rel}","templated":true}]}}