{"id":7659,"date":"2015-04-16T07:50:57","date_gmt":"2015-04-16T07:50:57","guid":{"rendered":"http:\/\/www.humanium.org\/es\/?page_id=7659"},"modified":"2021-11-04T15:08:15","modified_gmt":"2021-11-04T15:08:15","slug":"apadrinar-a-un-nino","status":"publish","type":"page","link":"https:\/\/www.humanium.org\/es\/apadrinar-a-un-nino\/","title":{"rendered":"Apadrinar a un ni\u00f1o"},"content":{"rendered":"<h2>Apadrina a un ni\u00f1o respetando sus derechos<\/h2>\n<p>La prioridad de tu apadrinamiento con Humanium es la protecci\u00f3n y el bienestar del ni\u00f1o. Tu donaci\u00f3n mensual se manifiesta en la defensa global de los derechos del ni\u00f1o. <a href=\"https:\/\/www.humanium.org\/es\/apadrinar-a-un-nino\/apadrinamiento-etico-y-responsable\/\">M\u00e1s informaci\u00f3n<\/a><br \/>\n<strong>Sin compromiso:<\/strong> controlas tus pagos sin perjudicar al ni\u00f1o<br \/>\n<strong>Descontable de los impuestos:<\/strong> tu apadrinamiento es considerado de utilidad p\u00fablica<br \/>\n<strong>Respetuoso:<\/strong> ayudas de la mejor manera posible al ni\u00f1o y a su comunidad<br \/>\n&nbsp;<\/p>\n<h2>Selecciona tu pais<\/h2>\n<p>Para apadrinar ahora, haga clic de acuerdo a su pa\u00eds de residencia, ser\u00e1 redirigido al sitio web seguro de Humanium.<\/p>\n<div class=\"countryselect\">\n\t<ul>\n\t\t<li class=\"fr-fr\"><a href=\"\/h\/fr-fr\/\"><i><\/i> France<\/a><\/li>\n\t\t<li class=\"ch-fr\"><a href=\"\/h\/ch-fr\/\"><i><\/i> Suisse<\/a><\/li>\n\t\t<li class=\"ch-de\"><a href=\"\/h\/ch-de\/\"><i><\/i> Schweiz<\/a><\/li>\n\t\t<li class=\"fr-es\"><a href=\"\/h\/fr-es\/\"><i><\/i> Espa\u00f1a<\/a><\/li>\n\t\t<li class=\"de-de\"><a href=\"\/h\/de-de\/\"><i><\/i> Deutschland<\/a><\/li>\n\t\t<li class=\"fr-en\"><a href=\"\/h\/fr-en\/\"><i><\/i> Other country<\/a><\/li>\n\t<\/ul>\n\t<\/div><!--\/.countryselect-->\n","protected":false},"excerpt":{"rendered":"<p>Apadrina a un ni\u00f1o respetando sus derechos La prioridad de tu apadrinamiento con Humanium es la protecci\u00f3n y el bienestar del ni\u00f1o. Tu donaci\u00f3n mensual se manifiesta en la defensa global de los derechos del ni\u00f1o. M\u00e1s informaci\u00f3n Sin compromiso: controlas tus pagos sin perjudicar al ni\u00f1o Descontable de los impuestos: tu apadrinamiento es considerado [&hellip;]<\/p>\n","protected":false},"author":1,"featured_media":0,"parent":0,"menu_order":0,"comment_status":"closed","ping_status":"closed","template":"","meta":{"footnotes":""},"class_list":["post-7659","page","type-page","status-publish","hentry"],"yoast_head":"<!-- This site is optimized with the Yoast SEO plugin v26.5 - https:\/\/yoast.com\/wordpress\/plugins\/seo\/ -->\n<title>Apadrinar a un ni\u00f1o - Humanium<\/title>\n<meta name=\"robots\" content=\"index, follow, max-snippet:-1, max-image-preview:large, max-video-preview:-1\" \/>\n<link rel=\"canonical\" href=\"https:\/\/www.humanium.org\/es\/apadrinar-a-un-nino\/\" \/>\n<meta property=\"og:locale\" content=\"es_ES\" \/>\n<meta property=\"og:type\" content=\"article\" \/>\n<meta property=\"og:title\" content=\"Apadrinar a un ni\u00f1o - Humanium\" \/>\n<meta property=\"og:description\" content=\"Apadrina a un ni\u00f1o respetando sus derechos La prioridad de tu apadrinamiento con Humanium es la protecci\u00f3n y el bienestar del ni\u00f1o. Tu donaci\u00f3n mensual se manifiesta en la defensa global de los derechos del ni\u00f1o. M\u00e1s informaci\u00f3n Sin compromiso: controlas tus pagos sin perjudicar al ni\u00f1o Descontable de los impuestos: tu apadrinamiento es considerado [&hellip;]\" \/>\n<meta property=\"og:url\" content=\"https:\/\/www.humanium.org\/es\/apadrinar-a-un-nino\/\" \/>\n<meta property=\"og:site_name\" content=\"Humanium\" \/>\n<meta property=\"article:modified_time\" content=\"2021-11-04T15:08:15+00:00\" \/>\n<meta name=\"twitter:card\" content=\"summary_large_image\" \/>\n<meta name=\"twitter:label1\" content=\"Tiempo de lectura\" \/>\n\t<meta name=\"twitter:data1\" content=\"1 minuto\" \/>\n<script type=\"application\/ld+json\" class=\"yoast-schema-graph\">{\"@context\":\"https:\/\/schema.org\",\"@graph\":[{\"@type\":\"WebPage\",\"@id\":\"https:\/\/www.humanium.org\/es\/apadrinar-a-un-nino\/\",\"url\":\"https:\/\/www.humanium.org\/es\/apadrinar-a-un-nino\/\",\"name\":\"Apadrinar a un ni\u00f1o - Humanium\",\"isPartOf\":{\"@id\":\"https:\/\/www.humanium.org\/es\/#website\"},\"datePublished\":\"2015-04-16T07:50:57+00:00\",\"dateModified\":\"2021-11-04T15:08:15+00:00\",\"breadcrumb\":{\"@id\":\"https:\/\/www.humanium.org\/es\/apadrinar-a-un-nino\/#breadcrumb\"},\"inLanguage\":\"es\",\"potentialAction\":[{\"@type\":\"ReadAction\",\"target\":[\"https:\/\/www.humanium.org\/es\/apadrinar-a-un-nino\/\"]}]},{\"@type\":\"BreadcrumbList\",\"@id\":\"https:\/\/www.humanium.org\/es\/apadrinar-a-un-nino\/#breadcrumb\",\"itemListElement\":[{\"@type\":\"ListItem\",\"position\":1,\"name\":\"Home\",\"item\":\"https:\/\/www.humanium.org\/es\/\"},{\"@type\":\"ListItem\",\"position\":2,\"name\":\"Apadrinar a un ni\u00f1o\"}]},{\"@type\":\"WebSite\",\"@id\":\"https:\/\/www.humanium.org\/es\/#website\",\"url\":\"https:\/\/www.humanium.org\/es\/\",\"name\":\"Humanium\",\"description\":\"\u00a1Los ni\u00f1os primero!\",\"potentialAction\":[{\"@type\":\"SearchAction\",\"target\":{\"@type\":\"EntryPoint\",\"urlTemplate\":\"https:\/\/www.humanium.org\/es\/?s={search_term_string}\"},\"query-input\":{\"@type\":\"PropertyValueSpecification\",\"valueRequired\":true,\"valueName\":\"search_term_string\"}}],\"inLanguage\":\"es\"}]}<\/script>\n<!-- \/ Yoast SEO plugin. -->","yoast_head_json":{"title":"Apadrinar a un ni\u00f1o - Humanium","robots":{"index":"index","follow":"follow","max-snippet":"max-snippet:-1","max-image-preview":"max-image-preview:large","max-video-preview":"max-video-preview:-1"},"canonical":"https:\/\/www.humanium.org\/es\/apadrinar-a-un-nino\/","og_locale":"es_ES","og_type":"article","og_title":"Apadrinar a un ni\u00f1o - Humanium","og_description":"Apadrina a un ni\u00f1o respetando sus derechos La prioridad de tu apadrinamiento con Humanium es la protecci\u00f3n y el bienestar del ni\u00f1o. Tu donaci\u00f3n mensual se manifiesta en la defensa global de los derechos del ni\u00f1o. M\u00e1s informaci\u00f3n Sin compromiso: controlas tus pagos sin perjudicar al ni\u00f1o Descontable de los impuestos: tu apadrinamiento es considerado [&hellip;]","og_url":"https:\/\/www.humanium.org\/es\/apadrinar-a-un-nino\/","og_site_name":"Humanium","article_modified_time":"2021-11-04T15:08:15+00:00","twitter_card":"summary_large_image","twitter_misc":{"Tiempo de lectura":"1 minuto"},"schema":{"@context":"https:\/\/schema.org","@graph":[{"@type":"WebPage","@id":"https:\/\/www.humanium.org\/es\/apadrinar-a-un-nino\/","url":"https:\/\/www.humanium.org\/es\/apadrinar-a-un-nino\/","name":"Apadrinar a un ni\u00f1o - Humanium","isPartOf":{"@id":"https:\/\/www.humanium.org\/es\/#website"},"datePublished":"2015-04-16T07:50:57+00:00","dateModified":"2021-11-04T15:08:15+00:00","breadcrumb":{"@id":"https:\/\/www.humanium.org\/es\/apadrinar-a-un-nino\/#breadcrumb"},"inLanguage":"es","potentialAction":[{"@type":"ReadAction","target":["https:\/\/www.humanium.org\/es\/apadrinar-a-un-nino\/"]}]},{"@type":"BreadcrumbList","@id":"https:\/\/www.humanium.org\/es\/apadrinar-a-un-nino\/#breadcrumb","itemListElement":[{"@type":"ListItem","position":1,"name":"Home","item":"https:\/\/www.humanium.org\/es\/"},{"@type":"ListItem","position":2,"name":"Apadrinar a un ni\u00f1o"}]},{"@type":"WebSite","@id":"https:\/\/www.humanium.org\/es\/#website","url":"https:\/\/www.humanium.org\/es\/","name":"Humanium","description":"\u00a1Los ni\u00f1os primero!","potentialAction":[{"@type":"SearchAction","target":{"@type":"EntryPoint","urlTemplate":"https:\/\/www.humanium.org\/es\/?s={search_term_string}"},"query-input":{"@type":"PropertyValueSpecification","valueRequired":true,"valueName":"search_term_string"}}],"inLanguage":"es"}]}},"_links":{"self":[{"href":"https:\/\/www.humanium.org\/es\/wp-json\/wp\/v2\/pages\/7659","targetHints":{"allow":["GET"]}}],"collection":[{"href":"https:\/\/www.humanium.org\/es\/wp-json\/wp\/v2\/pages"}],"about":[{"href":"https:\/\/www.humanium.org\/es\/wp-json\/wp\/v2\/types\/page"}],"author":[{"embeddable":true,"href":"https:\/\/www.humanium.org\/es\/wp-json\/wp\/v2\/users\/1"}],"replies":[{"embeddable":true,"href":"https:\/\/www.humanium.org\/es\/wp-json\/wp\/v2\/comments?post=7659"}],"version-history":[{"count":6,"href":"https:\/\/www.humanium.org\/es\/wp-json\/wp\/v2\/pages\/7659\/revisions"}],"predecessor-version":[{"id":16356,"href":"https:\/\/www.humanium.org\/es\/wp-json\/wp\/v2\/pages\/7659\/revisions\/16356"}],"wp:attachment":[{"href":"https:\/\/www.humanium.org\/es\/wp-json\/wp\/v2\/media?parent=7659"}],"curies":[{"name":"wp","href":"https:\/\/api.w.org\/{rel}","templated":true}]}}