{"id":7685,"date":"2015-04-16T10:50:13","date_gmt":"2015-04-16T10:50:13","guid":{"rendered":"http:\/\/www.humanium.org\/es\/?page_id=7685"},"modified":"2025-12-13T21:21:04","modified_gmt":"2025-12-13T21:21:04","slug":"apadrinar-a-nino-ahora","status":"publish","type":"page","link":"https:\/\/www.humanium.org\/es\/apadrinar-a-nino-ahora\/","title":{"rendered":"Apadrinar a ni\u00f1o, Ahora!"},"content":{"rendered":"<h1>De le click en funci\u00f3n a su pa\u00eds:<\/h1>\n<table style=\"height: 178px;\" width=\"640\">\n<tbody>\n<tr>\n<td>\n<div style=\"float: left; width: 30%;\">\n<p style=\"text-align: center;\"><strong><span style=\"color: #003366;\">Humanium Suiza<\/span><\/strong><\/p>\n<p style=\"text-align: center;\"><strong><span style=\"color: #003366;\"><\/span><\/strong><\/p>\n<\/div>\n<div style=\"float: right; width: 35%;\">\n<p style=\"text-align: center;\"><strong><span style=\"color: #003366;\">Humanium Alemania<\/span><\/strong><\/p>\n<p style=\"text-align: center;\"><strong><span style=\"color: #003366;\"> <\/span><\/strong><\/p>\n<\/div>\n<div id=\"center\">\n<p style=\"text-align: center;\"><strong><strong><span style=\"color: #003366;\">Humanium Francia<\/span><\/strong><\/strong><\/p>\n<p style=\"text-align: center;\"><strong><strong><span style=\"color: #003366;\"><\/span><\/strong><\/strong><\/p>\n<\/div>\n<div style=\"float: left; width: 100%;\">\n<div style=\"float: left; width: 50%;\">\n<p style=\"text-align: center;\"><strong><strong><span style=\"color: #003366;\">Uni\u00f3n Europea<\/span><\/strong><strong><br \/>\n<\/strong><\/strong><\/p>\n<p style=\"text-align: center;\"><strong><strong><span style=\"color: #003366;\"><\/span><\/strong><\/strong><\/p>\n<\/div>\n<div style=\"float: right; width: 50%;\">\n<p style=\"text-align: center;\"><strong><strong><span style=\"color: #003366;\">Otros Paises<\/span><\/strong><\/strong><\/p>\n<p style=\"text-align: center;\"><strong><strong><span style=\"color: #003366;\"><\/span><\/strong><\/strong><\/p>\n<\/div>\n<\/div>\n<\/td>\n<\/tr>\n<\/tbody>\n<\/table>\n","protected":false},"excerpt":{"rendered":"<p>De le click en funci\u00f3n a su pa\u00eds: Humanium Suiza Humanium Alemania Humanium Francia Uni\u00f3n Europea Otros Paises<\/p>\n","protected":false},"author":1,"featured_media":0,"parent":0,"menu_order":0,"comment_status":"closed","ping_status":"closed","template":"","meta":{"footnotes":""},"class_list":["post-7685","page","type-page","status-publish","hentry"],"yoast_head":"<!-- This site is optimized with the Yoast SEO plugin v26.5 - https:\/\/yoast.com\/wordpress\/plugins\/seo\/ -->\n<title>Apadrinar a ni\u00f1o, Ahora! - Humanium<\/title>\n<meta name=\"robots\" content=\"index, follow, max-snippet:-1, max-image-preview:large, max-video-preview:-1\" \/>\n<link rel=\"canonical\" href=\"https:\/\/www.humanium.org\/es\/apadrinar-a-nino-ahora\/\" \/>\n<meta property=\"og:locale\" content=\"es_ES\" \/>\n<meta property=\"og:type\" content=\"article\" \/>\n<meta property=\"og:title\" content=\"Apadrinar a ni\u00f1o, Ahora! - Humanium\" \/>\n<meta property=\"og:description\" content=\"De le click en funci\u00f3n a su pa\u00eds: Humanium Suiza Humanium Alemania Humanium Francia Uni\u00f3n Europea Otros Paises\" \/>\n<meta property=\"og:url\" content=\"https:\/\/www.humanium.org\/es\/apadrinar-a-nino-ahora\/\" \/>\n<meta property=\"og:site_name\" content=\"Humanium\" \/>\n<meta property=\"article:modified_time\" content=\"2025-12-13T21:21:04+00:00\" \/>\n<meta name=\"twitter:card\" content=\"summary_large_image\" \/>\n<script type=\"application\/ld+json\" class=\"yoast-schema-graph\">{\"@context\":\"https:\/\/schema.org\",\"@graph\":[{\"@type\":\"WebPage\",\"@id\":\"https:\/\/www.humanium.org\/es\/apadrinar-a-nino-ahora\/\",\"url\":\"https:\/\/www.humanium.org\/es\/apadrinar-a-nino-ahora\/\",\"name\":\"Apadrinar a ni\u00f1o, Ahora! - Humanium\",\"isPartOf\":{\"@id\":\"https:\/\/www.humanium.org\/es\/#website\"},\"datePublished\":\"2015-04-16T10:50:13+00:00\",\"dateModified\":\"2025-12-13T21:21:04+00:00\",\"breadcrumb\":{\"@id\":\"https:\/\/www.humanium.org\/es\/apadrinar-a-nino-ahora\/#breadcrumb\"},\"inLanguage\":\"es\",\"potentialAction\":[{\"@type\":\"ReadAction\",\"target\":[\"https:\/\/www.humanium.org\/es\/apadrinar-a-nino-ahora\/\"]}]},{\"@type\":\"BreadcrumbList\",\"@id\":\"https:\/\/www.humanium.org\/es\/apadrinar-a-nino-ahora\/#breadcrumb\",\"itemListElement\":[{\"@type\":\"ListItem\",\"position\":1,\"name\":\"Home\",\"item\":\"https:\/\/www.humanium.org\/es\/\"},{\"@type\":\"ListItem\",\"position\":2,\"name\":\"Apadrinar a ni\u00f1o, Ahora!\"}]},{\"@type\":\"WebSite\",\"@id\":\"https:\/\/www.humanium.org\/es\/#website\",\"url\":\"https:\/\/www.humanium.org\/es\/\",\"name\":\"Humanium\",\"description\":\"\u00a1Los ni\u00f1os primero!\",\"potentialAction\":[{\"@type\":\"SearchAction\",\"target\":{\"@type\":\"EntryPoint\",\"urlTemplate\":\"https:\/\/www.humanium.org\/es\/?s={search_term_string}\"},\"query-input\":{\"@type\":\"PropertyValueSpecification\",\"valueRequired\":true,\"valueName\":\"search_term_string\"}}],\"inLanguage\":\"es\"}]}<\/script>\n<!-- \/ Yoast SEO plugin. -->","yoast_head_json":{"title":"Apadrinar a ni\u00f1o, Ahora! - Humanium","robots":{"index":"index","follow":"follow","max-snippet":"max-snippet:-1","max-image-preview":"max-image-preview:large","max-video-preview":"max-video-preview:-1"},"canonical":"https:\/\/www.humanium.org\/es\/apadrinar-a-nino-ahora\/","og_locale":"es_ES","og_type":"article","og_title":"Apadrinar a ni\u00f1o, Ahora! - Humanium","og_description":"De le click en funci\u00f3n a su pa\u00eds: Humanium Suiza Humanium Alemania Humanium Francia Uni\u00f3n Europea Otros Paises","og_url":"https:\/\/www.humanium.org\/es\/apadrinar-a-nino-ahora\/","og_site_name":"Humanium","article_modified_time":"2025-12-13T21:21:04+00:00","twitter_card":"summary_large_image","schema":{"@context":"https:\/\/schema.org","@graph":[{"@type":"WebPage","@id":"https:\/\/www.humanium.org\/es\/apadrinar-a-nino-ahora\/","url":"https:\/\/www.humanium.org\/es\/apadrinar-a-nino-ahora\/","name":"Apadrinar a ni\u00f1o, Ahora! - Humanium","isPartOf":{"@id":"https:\/\/www.humanium.org\/es\/#website"},"datePublished":"2015-04-16T10:50:13+00:00","dateModified":"2025-12-13T21:21:04+00:00","breadcrumb":{"@id":"https:\/\/www.humanium.org\/es\/apadrinar-a-nino-ahora\/#breadcrumb"},"inLanguage":"es","potentialAction":[{"@type":"ReadAction","target":["https:\/\/www.humanium.org\/es\/apadrinar-a-nino-ahora\/"]}]},{"@type":"BreadcrumbList","@id":"https:\/\/www.humanium.org\/es\/apadrinar-a-nino-ahora\/#breadcrumb","itemListElement":[{"@type":"ListItem","position":1,"name":"Home","item":"https:\/\/www.humanium.org\/es\/"},{"@type":"ListItem","position":2,"name":"Apadrinar a ni\u00f1o, Ahora!"}]},{"@type":"WebSite","@id":"https:\/\/www.humanium.org\/es\/#website","url":"https:\/\/www.humanium.org\/es\/","name":"Humanium","description":"\u00a1Los ni\u00f1os primero!","potentialAction":[{"@type":"SearchAction","target":{"@type":"EntryPoint","urlTemplate":"https:\/\/www.humanium.org\/es\/?s={search_term_string}"},"query-input":{"@type":"PropertyValueSpecification","valueRequired":true,"valueName":"search_term_string"}}],"inLanguage":"es"}]}},"_links":{"self":[{"href":"https:\/\/www.humanium.org\/es\/wp-json\/wp\/v2\/pages\/7685","targetHints":{"allow":["GET"]}}],"collection":[{"href":"https:\/\/www.humanium.org\/es\/wp-json\/wp\/v2\/pages"}],"about":[{"href":"https:\/\/www.humanium.org\/es\/wp-json\/wp\/v2\/types\/page"}],"author":[{"embeddable":true,"href":"https:\/\/www.humanium.org\/es\/wp-json\/wp\/v2\/users\/1"}],"replies":[{"embeddable":true,"href":"https:\/\/www.humanium.org\/es\/wp-json\/wp\/v2\/comments?post=7685"}],"version-history":[{"count":9,"href":"https:\/\/www.humanium.org\/es\/wp-json\/wp\/v2\/pages\/7685\/revisions"}],"predecessor-version":[{"id":21255,"href":"https:\/\/www.humanium.org\/es\/wp-json\/wp\/v2\/pages\/7685\/revisions\/21255"}],"wp:attachment":[{"href":"https:\/\/www.humanium.org\/es\/wp-json\/wp\/v2\/media?parent=7685"}],"curies":[{"name":"wp","href":"https:\/\/api.w.org\/{rel}","templated":true}]}}