{"id":7917,"date":"2015-12-06T11:02:16","date_gmt":"2015-12-06T11:02:16","guid":{"rendered":"http:\/\/www.humanium.org\/es\/?page_id=7917"},"modified":"2025-12-13T21:21:04","modified_gmt":"2025-12-13T21:21:04","slug":"apadrinamiento-etico-y-responsable","status":"publish","type":"page","link":"https:\/\/www.humanium.org\/es\/apadrinar-a-un-nino\/apadrinamiento-etico-y-responsable\/","title":{"rendered":"Apadrinamiento \u00c9tico y Responsable"},"content":{"rendered":"<h1>Apadrinamiento \u00c9tico y Responsable<\/h1>\n<p><strong>Humanium busca el mejor actuar. <\/strong>Nuestra prioridad es la protecci\u00f3n del ni\u00f1o y su bienestar. Por ello, l\u00f3gicamente nuestro enfoque del apadrinamiento es un enfoque \u00e9tico.<\/p>\n<p>Humanium ofrece la posibilidad a donadores de apadrinar a un ni\u00f1o de una forma \u00e9ticamente irreprochable y, por ende, \u00a1de tomar una decisi\u00f3n responsable!<\/p>\n<h3>&gt; Qu\u00e9 es el apadrinamiento de un ni\u00f1o \u00e9ticamente irreprochable?<\/h3>\n<h4>Asegurarse del bienestar del ni\u00f1o apadrinado<\/h4>\n<p>Ayudar a un ni\u00f1o significa intervenir en su vida. O, la forma en la que se ayuda a un ni\u00f1o puede tener consecuencias positivas o negativas. El apadrinamiento individual nominativo est\u00e1 reconocido como un generador de numerosas consecuencias negativas para el ni\u00f1o. Por ello, es esencial elegir un apadrinamiento colectivo que, si es bien manejado, garantiza una ayuda positiva.<\/p>\n<h4>Mantener el equilibrio en las condiciones de vida del ni\u00f1o<\/h4>\n<p>La ayuda de Humanium se enfoca en el conjunto de ni\u00f1os, de sus familias y de su pueblo. Este enfoque permite mantener el equilibrio de las condiciones de vida del ni\u00f1o, respetar su voluntad y la de su familia. Los ni\u00f1os son tratados de forma equitativa sin desequilibrios que provoquen discriminaci\u00f3n, celos, tensiones, etc.<\/p>\n<p>El enfoque de Humanium es respetuoso de la cultura y de los equilibrios sociales en los que crece el ni\u00f1o.<\/p>\n<h4>Ayudar a la autonom\u00eda y al desarrollo sostenible<\/h4>\n<p>Permitir la autonom\u00eda de los m\u00e1s pobres, permitir que los padres se encarguen del cuidado de sus hijos, esa es la cuesti\u00f3n real. Un apadrinamiento asistencialista (individual nominativo) es creador de una relaci\u00f3n de dependencia que no genera un desarrollo verdadero.<br \/>\nHumanium se compromete con y por los m\u00e1s pobres, para que ellos sean los actores, los motores y los decisores de sus vidas.<\/p>\n<h3>&gt; Qu\u00e9 significa para mi esta elecci\u00f3n de apadrinamiento responsable?<\/h3>\n<h4>Un uso eficaz de los donativos<\/h4>\n<p>Dado que los fondos son mutualizados, Humanium puede ayudar a m\u00e1s ni\u00f1os que la cantidad que tiene de padrinos y madrinas. Los donativos financian directamente los proyectos de ayuda a los ni\u00f1os y no son despilfarrados en costos administrativos in\u00fatiles.<br \/>\nElegir apadrinar a un ni\u00f1o con Humanium es elegir aportar directamente su dinero al bienestar del ni\u00f1o.<\/p>\n<h4>Ayudar de forma global<\/h4>\n<p>Humanium encarna todos los derechos del ni\u00f1o, ayuda al ni\u00f1o en todas sus dimensiones e igualmente ayuda a su comunidad, ya que no se trata de un hu\u00e9rfano aislado.<br \/>\nEn un pueblo, por ejemplo, Humanium ayuda a todo el lugar donde vive el ni\u00f1o para mejorar sosteniblemente sus condiciones de vida, las de su familia y las de su comunidad. La ayuda es equitativa, sostenible y eficaz.<\/p>\n<h4>Informaci\u00f3n General<\/h4>\n<p>Las relaciones \u00abprivilegiadas\u00bb con el ni\u00f1o apadrinado tienen muchas consecuencias negativas. Imagina un grupo de ni\u00f1os en el que un ni\u00f1o recibe cartas, regalos, dinero, etc. Humanium se niega a convertir al ni\u00f1o apadrinado en un instrumento de publicidad. Para garantizar la plena protecci\u00f3n del ni\u00f1o, se te proporcionar\u00e1 informaci\u00f3n general sobre el proyecto global. Adem\u00e1s, el blog de la asociaci\u00f3n se actualiza regularmente con nuevos proyectos y testimonios.<\/p>\n<p><span style=\"color: #333333;\">Humanium busca responder de la mejor manera posible a las necesidades del ni\u00f1o, adoptando una actitud respetuosa y productora de un desarrollo sostenible.<\/span><\/p>\n<p><span style=\"color: #333333;\">Luchar contra la pobreza y mejorar sosteniblemente las condiciones de vida de los ni\u00f1os m\u00e1s pobres, significa ayudar a la autonom\u00eda y es eso lo que permite el apadrinamiento \u00e9tico y responsable de un ni\u00f1o de la asociaci\u00f3n Humanium.<\/span><\/p>\n<p><strong>Para saber m\u00e1s: <\/strong> <a href=\"https:\/\/www.humanium.org\/es\/apadrinar-a-un-nino\/comprender-el-apadrinamiento-de-un-nino\/\">Comprender el apadrinamiento de un ni\u00f1o<\/a><\/p>\n<p><strong><a href=\"https:\/\/www.humanium.org\/es\/apadrinar-a-un-nino\/\">APADRINA DESDE HOY &gt;&gt;&gt; &gt;&gt;&gt;<\/a><\/strong><\/p>\n","protected":false},"excerpt":{"rendered":"<p>Apadrinamiento \u00c9tico y Responsable Humanium busca el mejor actuar. Nuestra prioridad es la protecci\u00f3n del ni\u00f1o y su bienestar. Por ello, l\u00f3gicamente nuestro enfoque del apadrinamiento es un enfoque \u00e9tico. Humanium ofrece la posibilidad a donadores de apadrinar a un ni\u00f1o de una forma \u00e9ticamente irreprochable y, por ende, \u00a1de tomar una decisi\u00f3n responsable! &gt; [&hellip;]<\/p>\n","protected":false},"author":1,"featured_media":0,"parent":7659,"menu_order":0,"comment_status":"closed","ping_status":"closed","template":"","meta":{"footnotes":""},"class_list":["post-7917","page","type-page","status-publish","hentry"],"yoast_head":"<!-- This site is optimized with the Yoast SEO plugin v26.5 - https:\/\/yoast.com\/wordpress\/plugins\/seo\/ -->\n<title>Apadrinamiento \u00c9tico y Responsable - Humanium<\/title>\n<meta name=\"robots\" content=\"index, follow, max-snippet:-1, max-image-preview:large, max-video-preview:-1\" \/>\n<link rel=\"canonical\" href=\"https:\/\/www.humanium.org\/es\/apadrinar-a-un-nino\/apadrinamiento-etico-y-responsable\/\" \/>\n<meta property=\"og:locale\" content=\"es_ES\" \/>\n<meta property=\"og:type\" content=\"article\" \/>\n<meta property=\"og:title\" content=\"Apadrinamiento \u00c9tico y Responsable - Humanium\" \/>\n<meta property=\"og:description\" content=\"Apadrinamiento \u00c9tico y Responsable Humanium busca el mejor actuar. Nuestra prioridad es la protecci\u00f3n del ni\u00f1o y su bienestar. Por ello, l\u00f3gicamente nuestro enfoque del apadrinamiento es un enfoque \u00e9tico. Humanium ofrece la posibilidad a donadores de apadrinar a un ni\u00f1o de una forma \u00e9ticamente irreprochable y, por ende, \u00a1de tomar una decisi\u00f3n responsable! &gt; [&hellip;]\" \/>\n<meta property=\"og:url\" content=\"https:\/\/www.humanium.org\/es\/apadrinar-a-un-nino\/apadrinamiento-etico-y-responsable\/\" \/>\n<meta property=\"og:site_name\" content=\"Humanium\" \/>\n<meta property=\"article:modified_time\" content=\"2025-12-13T21:21:04+00:00\" \/>\n<meta name=\"twitter:card\" content=\"summary_large_image\" \/>\n<meta name=\"twitter:label1\" content=\"Tiempo de lectura\" \/>\n\t<meta name=\"twitter:data1\" content=\"3 minutos\" \/>\n<script type=\"application\/ld+json\" class=\"yoast-schema-graph\">{\"@context\":\"https:\/\/schema.org\",\"@graph\":[{\"@type\":\"WebPage\",\"@id\":\"https:\/\/www.humanium.org\/es\/apadrinar-a-un-nino\/apadrinamiento-etico-y-responsable\/\",\"url\":\"https:\/\/www.humanium.org\/es\/apadrinar-a-un-nino\/apadrinamiento-etico-y-responsable\/\",\"name\":\"Apadrinamiento \u00c9tico y Responsable - Humanium\",\"isPartOf\":{\"@id\":\"https:\/\/www.humanium.org\/es\/#website\"},\"datePublished\":\"2015-12-06T11:02:16+00:00\",\"dateModified\":\"2025-12-13T21:21:04+00:00\",\"breadcrumb\":{\"@id\":\"https:\/\/www.humanium.org\/es\/apadrinar-a-un-nino\/apadrinamiento-etico-y-responsable\/#breadcrumb\"},\"inLanguage\":\"es\",\"potentialAction\":[{\"@type\":\"ReadAction\",\"target\":[\"https:\/\/www.humanium.org\/es\/apadrinar-a-un-nino\/apadrinamiento-etico-y-responsable\/\"]}]},{\"@type\":\"BreadcrumbList\",\"@id\":\"https:\/\/www.humanium.org\/es\/apadrinar-a-un-nino\/apadrinamiento-etico-y-responsable\/#breadcrumb\",\"itemListElement\":[{\"@type\":\"ListItem\",\"position\":1,\"name\":\"Home\",\"item\":\"https:\/\/www.humanium.org\/es\/\"},{\"@type\":\"ListItem\",\"position\":2,\"name\":\"Apadrinar a un ni\u00f1o\",\"item\":\"https:\/\/www.humanium.org\/es\/apadrinar-a-un-nino\/\"},{\"@type\":\"ListItem\",\"position\":3,\"name\":\"Apadrinamiento \u00c9tico y Responsable\"}]},{\"@type\":\"WebSite\",\"@id\":\"https:\/\/www.humanium.org\/es\/#website\",\"url\":\"https:\/\/www.humanium.org\/es\/\",\"name\":\"Humanium\",\"description\":\"\u00a1Los ni\u00f1os primero!\",\"potentialAction\":[{\"@type\":\"SearchAction\",\"target\":{\"@type\":\"EntryPoint\",\"urlTemplate\":\"https:\/\/www.humanium.org\/es\/?s={search_term_string}\"},\"query-input\":{\"@type\":\"PropertyValueSpecification\",\"valueRequired\":true,\"valueName\":\"search_term_string\"}}],\"inLanguage\":\"es\"}]}<\/script>\n<!-- \/ Yoast SEO plugin. -->","yoast_head_json":{"title":"Apadrinamiento \u00c9tico y Responsable - Humanium","robots":{"index":"index","follow":"follow","max-snippet":"max-snippet:-1","max-image-preview":"max-image-preview:large","max-video-preview":"max-video-preview:-1"},"canonical":"https:\/\/www.humanium.org\/es\/apadrinar-a-un-nino\/apadrinamiento-etico-y-responsable\/","og_locale":"es_ES","og_type":"article","og_title":"Apadrinamiento \u00c9tico y Responsable - Humanium","og_description":"Apadrinamiento \u00c9tico y Responsable Humanium busca el mejor actuar. Nuestra prioridad es la protecci\u00f3n del ni\u00f1o y su bienestar. Por ello, l\u00f3gicamente nuestro enfoque del apadrinamiento es un enfoque \u00e9tico. Humanium ofrece la posibilidad a donadores de apadrinar a un ni\u00f1o de una forma \u00e9ticamente irreprochable y, por ende, \u00a1de tomar una decisi\u00f3n responsable! &gt; [&hellip;]","og_url":"https:\/\/www.humanium.org\/es\/apadrinar-a-un-nino\/apadrinamiento-etico-y-responsable\/","og_site_name":"Humanium","article_modified_time":"2025-12-13T21:21:04+00:00","twitter_card":"summary_large_image","twitter_misc":{"Tiempo de lectura":"3 minutos"},"schema":{"@context":"https:\/\/schema.org","@graph":[{"@type":"WebPage","@id":"https:\/\/www.humanium.org\/es\/apadrinar-a-un-nino\/apadrinamiento-etico-y-responsable\/","url":"https:\/\/www.humanium.org\/es\/apadrinar-a-un-nino\/apadrinamiento-etico-y-responsable\/","name":"Apadrinamiento \u00c9tico y Responsable - Humanium","isPartOf":{"@id":"https:\/\/www.humanium.org\/es\/#website"},"datePublished":"2015-12-06T11:02:16+00:00","dateModified":"2025-12-13T21:21:04+00:00","breadcrumb":{"@id":"https:\/\/www.humanium.org\/es\/apadrinar-a-un-nino\/apadrinamiento-etico-y-responsable\/#breadcrumb"},"inLanguage":"es","potentialAction":[{"@type":"ReadAction","target":["https:\/\/www.humanium.org\/es\/apadrinar-a-un-nino\/apadrinamiento-etico-y-responsable\/"]}]},{"@type":"BreadcrumbList","@id":"https:\/\/www.humanium.org\/es\/apadrinar-a-un-nino\/apadrinamiento-etico-y-responsable\/#breadcrumb","itemListElement":[{"@type":"ListItem","position":1,"name":"Home","item":"https:\/\/www.humanium.org\/es\/"},{"@type":"ListItem","position":2,"name":"Apadrinar a un ni\u00f1o","item":"https:\/\/www.humanium.org\/es\/apadrinar-a-un-nino\/"},{"@type":"ListItem","position":3,"name":"Apadrinamiento \u00c9tico y Responsable"}]},{"@type":"WebSite","@id":"https:\/\/www.humanium.org\/es\/#website","url":"https:\/\/www.humanium.org\/es\/","name":"Humanium","description":"\u00a1Los ni\u00f1os primero!","potentialAction":[{"@type":"SearchAction","target":{"@type":"EntryPoint","urlTemplate":"https:\/\/www.humanium.org\/es\/?s={search_term_string}"},"query-input":{"@type":"PropertyValueSpecification","valueRequired":true,"valueName":"search_term_string"}}],"inLanguage":"es"}]}},"_links":{"self":[{"href":"https:\/\/www.humanium.org\/es\/wp-json\/wp\/v2\/pages\/7917","targetHints":{"allow":["GET"]}}],"collection":[{"href":"https:\/\/www.humanium.org\/es\/wp-json\/wp\/v2\/pages"}],"about":[{"href":"https:\/\/www.humanium.org\/es\/wp-json\/wp\/v2\/types\/page"}],"author":[{"embeddable":true,"href":"https:\/\/www.humanium.org\/es\/wp-json\/wp\/v2\/users\/1"}],"replies":[{"embeddable":true,"href":"https:\/\/www.humanium.org\/es\/wp-json\/wp\/v2\/comments?post=7917"}],"version-history":[{"count":7,"href":"https:\/\/www.humanium.org\/es\/wp-json\/wp\/v2\/pages\/7917\/revisions"}],"predecessor-version":[{"id":21266,"href":"https:\/\/www.humanium.org\/es\/wp-json\/wp\/v2\/pages\/7917\/revisions\/21266"}],"up":[{"embeddable":true,"href":"https:\/\/www.humanium.org\/es\/wp-json\/wp\/v2\/pages\/7659"}],"wp:attachment":[{"href":"https:\/\/www.humanium.org\/es\/wp-json\/wp\/v2\/media?parent=7917"}],"curies":[{"name":"wp","href":"https:\/\/api.w.org\/{rel}","templated":true}]}}