{"id":7921,"date":"2015-12-09T17:59:08","date_gmt":"2015-12-09T17:59:08","guid":{"rendered":"http:\/\/www.humanium.org\/es\/?page_id=7921"},"modified":"2025-12-13T21:21:05","modified_gmt":"2025-12-13T21:21:05","slug":"comprender-el-apadrinamiento-de-un-nino","status":"publish","type":"page","link":"https:\/\/www.humanium.org\/es\/apadrinar-a-un-nino\/comprender-el-apadrinamiento-de-un-nino\/","title":{"rendered":"Comprender el apadrinamiento de un ni\u00f1o"},"content":{"rendered":"<h1>Comprender el apadrinamiento de un ni\u00f1o<\/h1>\n<p><strong>Apadrinar a un ni\u00f1o es una decisi\u00f3n importante: hablamos del bienestar y el futuro de un ni\u00f1o.<\/strong><\/p>\n<p>El apadrinamiento de un ni\u00f1o es un medio com\u00fan de ayuda que permite a donadores ofrecer una ayuda enfocada a mejorar las condiciones de vida de los ni\u00f1os menos favorecidos.<\/p>\n<p><span style=\"color: #003366;\"><strong>Existen dos sistemas principales de apadrinamiento de un ni\u00f1o:<\/strong><\/span><\/p>\n<p>&gt; <strong>El apadrinamiento individual nominativo<\/strong>\u00a0Un solo ni\u00f1o es ayudado.<\/p>\n<p>&gt; <strong>El apadrinamiento colectivo: <\/strong>Todos los ni\u00f1os de un mismo proyecto son ayudados.<\/p>\n<p>Humanium no propone apadrinamientos individuales y nominativos, sino un apadrinamiento colectivo donde se ofrecen soluciones adaptadas a cada ni\u00f1o del conjunto de ni\u00f1os de un mismo pueblo.<\/p>\n<p>El apadrinamiento con Humanium es \u00e9tico y responsable. No favorece a ciertos ni\u00f1os ni afecta a otros, sino que busca que todos los ni\u00f1os sean iguales entre ellos y que dispongan de las mismas oportunidades para construir su futuro.<\/p>\n<p><strong>Para saber m\u00e1s : <\/strong><a href=\"https:\/\/www.humanium.org\/es\/apadrinar-a-un-nino\/por-que-evitar-el-apadrinamiento-individual-nominativo\/\">\u00bfPor qu\u00e9 Humanium no propone el apadrinamiento individual y nominativo?<\/a><\/p>\n<p><strong><a href=\"https:\/\/www.humanium.org\/es\/apadrinar-a-un-nino\/\">APADRINA DESDE HOY &gt;&gt;&gt;&gt;&gt;&gt;<\/a><\/strong><\/p>\n","protected":false},"excerpt":{"rendered":"<p>Comprender el apadrinamiento de un ni\u00f1o Apadrinar a un ni\u00f1o es una decisi\u00f3n importante: hablamos del bienestar y el futuro de un ni\u00f1o. El apadrinamiento de un ni\u00f1o es un medio com\u00fan de ayuda que permite a donadores ofrecer una ayuda enfocada a mejorar las condiciones de vida de los ni\u00f1os menos favorecidos. Existen dos [&hellip;]<\/p>\n","protected":false},"author":1,"featured_media":0,"parent":7659,"menu_order":0,"comment_status":"closed","ping_status":"closed","template":"","meta":{"footnotes":""},"class_list":["post-7921","page","type-page","status-publish","hentry"],"yoast_head":"<!-- This site is optimized with the Yoast SEO plugin v26.5 - https:\/\/yoast.com\/wordpress\/plugins\/seo\/ -->\n<title>Comprender el apadrinamiento de un ni\u00f1o - Humanium<\/title>\n<meta name=\"robots\" content=\"index, follow, max-snippet:-1, max-image-preview:large, max-video-preview:-1\" \/>\n<link rel=\"canonical\" href=\"https:\/\/www.humanium.org\/es\/apadrinar-a-un-nino\/comprender-el-apadrinamiento-de-un-nino\/\" \/>\n<meta property=\"og:locale\" content=\"es_ES\" \/>\n<meta property=\"og:type\" content=\"article\" \/>\n<meta property=\"og:title\" content=\"Comprender el apadrinamiento de un ni\u00f1o - Humanium\" \/>\n<meta property=\"og:description\" content=\"Comprender el apadrinamiento de un ni\u00f1o Apadrinar a un ni\u00f1o es una decisi\u00f3n importante: hablamos del bienestar y el futuro de un ni\u00f1o. El apadrinamiento de un ni\u00f1o es un medio com\u00fan de ayuda que permite a donadores ofrecer una ayuda enfocada a mejorar las condiciones de vida de los ni\u00f1os menos favorecidos. Existen dos [&hellip;]\" \/>\n<meta property=\"og:url\" content=\"https:\/\/www.humanium.org\/es\/apadrinar-a-un-nino\/comprender-el-apadrinamiento-de-un-nino\/\" \/>\n<meta property=\"og:site_name\" content=\"Humanium\" \/>\n<meta property=\"article:modified_time\" content=\"2025-12-13T21:21:05+00:00\" \/>\n<meta name=\"twitter:card\" content=\"summary_large_image\" \/>\n<meta name=\"twitter:label1\" content=\"Tiempo de lectura\" \/>\n\t<meta name=\"twitter:data1\" content=\"1 minuto\" \/>\n<script type=\"application\/ld+json\" class=\"yoast-schema-graph\">{\"@context\":\"https:\/\/schema.org\",\"@graph\":[{\"@type\":\"WebPage\",\"@id\":\"https:\/\/www.humanium.org\/es\/apadrinar-a-un-nino\/comprender-el-apadrinamiento-de-un-nino\/\",\"url\":\"https:\/\/www.humanium.org\/es\/apadrinar-a-un-nino\/comprender-el-apadrinamiento-de-un-nino\/\",\"name\":\"Comprender el apadrinamiento de un ni\u00f1o - Humanium\",\"isPartOf\":{\"@id\":\"https:\/\/www.humanium.org\/es\/#website\"},\"datePublished\":\"2015-12-09T17:59:08+00:00\",\"dateModified\":\"2025-12-13T21:21:05+00:00\",\"breadcrumb\":{\"@id\":\"https:\/\/www.humanium.org\/es\/apadrinar-a-un-nino\/comprender-el-apadrinamiento-de-un-nino\/#breadcrumb\"},\"inLanguage\":\"es\",\"potentialAction\":[{\"@type\":\"ReadAction\",\"target\":[\"https:\/\/www.humanium.org\/es\/apadrinar-a-un-nino\/comprender-el-apadrinamiento-de-un-nino\/\"]}]},{\"@type\":\"BreadcrumbList\",\"@id\":\"https:\/\/www.humanium.org\/es\/apadrinar-a-un-nino\/comprender-el-apadrinamiento-de-un-nino\/#breadcrumb\",\"itemListElement\":[{\"@type\":\"ListItem\",\"position\":1,\"name\":\"Home\",\"item\":\"https:\/\/www.humanium.org\/es\/\"},{\"@type\":\"ListItem\",\"position\":2,\"name\":\"Apadrinar a un ni\u00f1o\",\"item\":\"https:\/\/www.humanium.org\/es\/apadrinar-a-un-nino\/\"},{\"@type\":\"ListItem\",\"position\":3,\"name\":\"Comprender el apadrinamiento de un ni\u00f1o\"}]},{\"@type\":\"WebSite\",\"@id\":\"https:\/\/www.humanium.org\/es\/#website\",\"url\":\"https:\/\/www.humanium.org\/es\/\",\"name\":\"Humanium\",\"description\":\"\u00a1Los ni\u00f1os primero!\",\"potentialAction\":[{\"@type\":\"SearchAction\",\"target\":{\"@type\":\"EntryPoint\",\"urlTemplate\":\"https:\/\/www.humanium.org\/es\/?s={search_term_string}\"},\"query-input\":{\"@type\":\"PropertyValueSpecification\",\"valueRequired\":true,\"valueName\":\"search_term_string\"}}],\"inLanguage\":\"es\"}]}<\/script>\n<!-- \/ Yoast SEO plugin. -->","yoast_head_json":{"title":"Comprender el apadrinamiento de un ni\u00f1o - Humanium","robots":{"index":"index","follow":"follow","max-snippet":"max-snippet:-1","max-image-preview":"max-image-preview:large","max-video-preview":"max-video-preview:-1"},"canonical":"https:\/\/www.humanium.org\/es\/apadrinar-a-un-nino\/comprender-el-apadrinamiento-de-un-nino\/","og_locale":"es_ES","og_type":"article","og_title":"Comprender el apadrinamiento de un ni\u00f1o - Humanium","og_description":"Comprender el apadrinamiento de un ni\u00f1o Apadrinar a un ni\u00f1o es una decisi\u00f3n importante: hablamos del bienestar y el futuro de un ni\u00f1o. El apadrinamiento de un ni\u00f1o es un medio com\u00fan de ayuda que permite a donadores ofrecer una ayuda enfocada a mejorar las condiciones de vida de los ni\u00f1os menos favorecidos. Existen dos [&hellip;]","og_url":"https:\/\/www.humanium.org\/es\/apadrinar-a-un-nino\/comprender-el-apadrinamiento-de-un-nino\/","og_site_name":"Humanium","article_modified_time":"2025-12-13T21:21:05+00:00","twitter_card":"summary_large_image","twitter_misc":{"Tiempo de lectura":"1 minuto"},"schema":{"@context":"https:\/\/schema.org","@graph":[{"@type":"WebPage","@id":"https:\/\/www.humanium.org\/es\/apadrinar-a-un-nino\/comprender-el-apadrinamiento-de-un-nino\/","url":"https:\/\/www.humanium.org\/es\/apadrinar-a-un-nino\/comprender-el-apadrinamiento-de-un-nino\/","name":"Comprender el apadrinamiento de un ni\u00f1o - Humanium","isPartOf":{"@id":"https:\/\/www.humanium.org\/es\/#website"},"datePublished":"2015-12-09T17:59:08+00:00","dateModified":"2025-12-13T21:21:05+00:00","breadcrumb":{"@id":"https:\/\/www.humanium.org\/es\/apadrinar-a-un-nino\/comprender-el-apadrinamiento-de-un-nino\/#breadcrumb"},"inLanguage":"es","potentialAction":[{"@type":"ReadAction","target":["https:\/\/www.humanium.org\/es\/apadrinar-a-un-nino\/comprender-el-apadrinamiento-de-un-nino\/"]}]},{"@type":"BreadcrumbList","@id":"https:\/\/www.humanium.org\/es\/apadrinar-a-un-nino\/comprender-el-apadrinamiento-de-un-nino\/#breadcrumb","itemListElement":[{"@type":"ListItem","position":1,"name":"Home","item":"https:\/\/www.humanium.org\/es\/"},{"@type":"ListItem","position":2,"name":"Apadrinar a un ni\u00f1o","item":"https:\/\/www.humanium.org\/es\/apadrinar-a-un-nino\/"},{"@type":"ListItem","position":3,"name":"Comprender el apadrinamiento de un ni\u00f1o"}]},{"@type":"WebSite","@id":"https:\/\/www.humanium.org\/es\/#website","url":"https:\/\/www.humanium.org\/es\/","name":"Humanium","description":"\u00a1Los ni\u00f1os primero!","potentialAction":[{"@type":"SearchAction","target":{"@type":"EntryPoint","urlTemplate":"https:\/\/www.humanium.org\/es\/?s={search_term_string}"},"query-input":{"@type":"PropertyValueSpecification","valueRequired":true,"valueName":"search_term_string"}}],"inLanguage":"es"}]}},"_links":{"self":[{"href":"https:\/\/www.humanium.org\/es\/wp-json\/wp\/v2\/pages\/7921","targetHints":{"allow":["GET"]}}],"collection":[{"href":"https:\/\/www.humanium.org\/es\/wp-json\/wp\/v2\/pages"}],"about":[{"href":"https:\/\/www.humanium.org\/es\/wp-json\/wp\/v2\/types\/page"}],"author":[{"embeddable":true,"href":"https:\/\/www.humanium.org\/es\/wp-json\/wp\/v2\/users\/1"}],"replies":[{"embeddable":true,"href":"https:\/\/www.humanium.org\/es\/wp-json\/wp\/v2\/comments?post=7921"}],"version-history":[{"count":2,"href":"https:\/\/www.humanium.org\/es\/wp-json\/wp\/v2\/pages\/7921\/revisions"}],"predecessor-version":[{"id":21268,"href":"https:\/\/www.humanium.org\/es\/wp-json\/wp\/v2\/pages\/7921\/revisions\/21268"}],"up":[{"embeddable":true,"href":"https:\/\/www.humanium.org\/es\/wp-json\/wp\/v2\/pages\/7659"}],"wp:attachment":[{"href":"https:\/\/www.humanium.org\/es\/wp-json\/wp\/v2\/media?parent=7921"}],"curies":[{"name":"wp","href":"https:\/\/api.w.org\/{rel}","templated":true}]}}