{"id":7923,"date":"2015-12-09T18:00:36","date_gmt":"2015-12-09T18:00:36","guid":{"rendered":"http:\/\/www.humanium.org\/es\/?page_id=7923"},"modified":"2025-12-13T21:21:05","modified_gmt":"2025-12-13T21:21:05","slug":"por-que-evitar-el-apadrinamiento-individual-nominativo","status":"publish","type":"page","link":"https:\/\/www.humanium.org\/es\/apadrinar-a-un-nino\/por-que-evitar-el-apadrinamiento-individual-nominativo\/","title":{"rendered":"Por qu\u00e9 evitar el apadrinamiento individual nominativo?"},"content":{"rendered":"<h1>Por qu\u00e9 evitar el apadrinamiento individual nominativo?<\/h1>\n<p><strong>El apadrinamiento individual presenta m\u00faltiples inconvenientes no solo para los ni\u00f1os apadrinados, sino adem\u00e1s para el donante y la organizaci\u00f3n. <\/strong><\/p>\n<h3>&gt; Los inconvenientes de una relaci\u00f3n privilegiada entre los padrinos y los ni\u00f1os apadrinados<\/h3>\n<h4>Expectativas no satisfechas<\/h4>\n<p>El apadrinamiento individual tiene la particularidad de generar una relaci\u00f3n personal entre el donante y el ni\u00f1o apadrinado. Esta relaci\u00f3n, a menudo percibida como beneficiosa para el ni\u00f1o, puede generar expectativas en el ni\u00f1o o ni\u00f1a y en el padrino o madrina que no podr\u00e1n ser satisfechas. Las dos partes pueden crearse falsas ilusiones y el ni\u00f1o o ni\u00f1a corre el riesgo de ver aumentadas sus frustraciones cada vez m\u00e1s.<\/p>\n<h4>Una ayuda fr\u00e1gil<\/h4>\n<p>El apadrinamiento individual puede tambi\u00e9n traer dificultades considerables para el ni\u00f1o o ni\u00f1a en caso de incumplimiento o retirada del padrino o madrina. En efecto, si el donante decide suspender su patrocinio y la organizaci\u00f3n no encuentra un padrino o madrina de reemplazo, el ni\u00f1o o ni\u00f1a puede encontrarse, de la noche a la ma\u00f1ana, sin ninguna ayuda exterior, y todos sus esfuerzos habr\u00e1n sido en vano.<\/p>\n<h4>La influencia de los padrinos<\/h4>\n<p>Adem\u00e1s, los padrinos pueden pensar que disponen de un derecho legal sobre el ni\u00f1o o ni\u00f1a o, al menos, del derecho de influenciar su desarrollo personal y espiritual. Adicionalmente, numerosas organizaciones exigen a los ni\u00f1os y ni\u00f1as apadrinados(as) que sigan una formaci\u00f3n religiosa, de modo de mantener la misma orientaci\u00f3n religiosa que sus padrinos o madrinas.<\/p>\n<h4>Un intercambio de cartas inadaptadas<\/h4>\n<p>Pese a la relectura que hagan los miembros de la ONG, las cartas intercambiadas entre el padrino o la madrina y el ni\u00f1o o ni\u00f1a pueden ser culturalmente inapropiadas. En efecto, en muchos casos el intercambio de cartas no toma en cuenta el contexto cultural en el que vive el ni\u00f1o o ni\u00f1a, generando as\u00ed confusiones para el ni\u00f1o o ni\u00f1a apadrinado(a).<\/p>\n<p>Solo los ni\u00f1os apadrinados reciben ayuda, lo cual tiene consecuencias&#8230;<\/p>\n<h4>Celos y envidias<\/h4>\n<p>Otro inconveniente del apadrinamiento individual nominativo es que est\u00e1 dirigido solo a un ni\u00f1o o ni\u00f1a. Este tipo de apadrinamiento puede, por lo tanto, generar celos de otros ni\u00f1os que no reciben ninguna ayuda. Estos ni\u00f1os no apadrinados pueden pensar que son \u00ab indignos \u00bb de recibir ayuda, lo cual puede hacer que su confianza en ellos mismos disminuya. Adem\u00e1s, en un mismo curso, un profesor puede tender a enfocar su atenci\u00f3n en los ni\u00f1os o ni\u00f1as apadrinados, dejando a los otros de lado.<\/p>\n<p>Los ni\u00f1os apadrinados pueden desarrollar un sentimiento de culpabilidad frente a sus compa\u00f1eros. Este enfoque trae, en consecuencia, la persistencia de las inequidades; la comunidad en su conjunto no es apoyada en su desarrollo.<\/p>\n<h4>Tensiones familiares<\/h4>\n<p>Con el apadrinamiento individual, los padres de los ni\u00f1os apadrinados pueden sentirse humillados al no poder responder a las necesidades de su ni\u00f1o o ni\u00f1a, y de que un extranjero se encargue, en vez de ellos. Ellos pueden, a su vez, sentirse frustrados por el hecho de que solo uno de sus ni\u00f1os reciba la ayuda. Los hermanos de los ni\u00f1os apadrinados pueden tambi\u00e9n desarrollar sentimientos de envidia. En consecuencia, los ni\u00f1os apadrinados pueden encontrarse aislados de su familia y sus amigos.<\/p>\n<h4>Ayuda ineficaz<\/h4>\n<p>En la mayor parte de los casos, los ni\u00f1os apadrinados, despu\u00e9s de sus estudios, no puede encontrar en su propio pueblo un empleo que corresponda a su formaci\u00f3n. Por ello, a menudo ellos deben dejarlo para ir a trabajar en la ciudad, renunciando entonces de ser de ayuda para su comunidad. No obstante, ellos pueden preferir quedarse en el pueblo, pero con la frustraci\u00f3n de no poder encontrar un empleo apropiado a su esfuerzo. Los otros ni\u00f1os pueden, en consecuencia, desalentarse y no seguir sus estudios; m\u00e1s a\u00fan, los ni\u00f1os apadrinados pueden sentirse obligados a seguir sus estudios solo para recibir la ayuda. En tales circunstancias, ser\u00eda preferible para ellos y sus familias que aprendan un oficio en su pueblo y que comiencen a desempe\u00f1arse en \u00e9l desde la adolescencia.<\/p>\n<h3>&gt; El apadrinamiento individual nominativo: una cultura de dependencia<\/h3>\n<h4>Relaci\u00f3n paternalista<\/h4>\n<p>La relaci\u00f3n entre los padrinos y los ni\u00f1os apadrinados es, a menudo, una relaci\u00f3n basada en el paternalismo. En efecto, el padrino o madrina puede buscar el ejercicio de una cierta influencia, entendida como autoridad, sobre el ni\u00f1o o ni\u00f1a. Las iniciativas personales de parte del ni\u00f1o pueden no ser alentadas, lo cual impide que la relaci\u00f3n trascienda al asistencialismo. Adem\u00e1s, la ONG exige \u2013en la mayor parte de los casos- que los ni\u00f1os env\u00eden cartas regularmente a sus padrinos, en las cuales los ni\u00f1os deben mostrar constantemente una cierta gratitud. Ello perpet\u00faa los estereotipos negativos sobre los habitantes del Tercer Mundo, presentados como personas \u201cpasivas\u201d y \u201casistidas\u201d.<\/p>\n<h4>Un freno a las iniciativas locales<\/h4>\n<p>Con el apadrinamiento individual, las familias no son incentivadas al desarrollo de iniciativas sostenibles para superar la pobreza. En efecto, este \u201cdinero ca\u00eddo del cielo\u201d puede desincentivar a las familias a trabajar. El apadrinamiento individual es, en efecto, una forma de asistencia que no lleva consigo el desarrollo sustentable de los pueblos.<\/p>\n<p>El apadrinamiento individual puede, por lo tanto, generar celos y envidias en el entorno del apadrinado, que lo integrar\u00e1 deficientemente en el contexto social y generar\u00e1 problemas desde el punto de vista de la sustentabilidad del desarrollo.<\/p>\n<p><strong>Humanium se compromete a respetar la \u00e9tica de la protecci\u00f3n del ni\u00f1o y asegura una forma de apadrinamiento sustentable, eficaz y justa.<\/strong><\/p>\n<p><strong>Para saber m\u00e1s: <\/strong> <a href=\"https:\/\/www.humanium.org\/es\/apadrinar-a-un-nino\/ventajas-de-apadrinar-un-nino-a-traves-de-humanium\/\">Las ventajas del apadrinamiento con Humanium<\/a><\/p>\n<p><strong><a href=\"https:\/\/www.humanium.org\/es\/apadrinar-a-un-nino\/\">APADRINE AHORA MISMO &gt;&gt;&gt; &gt;&gt;&gt;<br \/>\n<\/a><\/strong><\/p>\n","protected":false},"excerpt":{"rendered":"<p>Por qu\u00e9 evitar el apadrinamiento individual nominativo? El apadrinamiento individual presenta m\u00faltiples inconvenientes no solo para los ni\u00f1os apadrinados, sino adem\u00e1s para el donante y la organizaci\u00f3n. &gt; Los inconvenientes de una relaci\u00f3n privilegiada entre los padrinos y los ni\u00f1os apadrinados Expectativas no satisfechas El apadrinamiento individual tiene la particularidad de generar una relaci\u00f3n personal [&hellip;]<\/p>\n","protected":false},"author":1,"featured_media":0,"parent":7659,"menu_order":0,"comment_status":"closed","ping_status":"closed","template":"","meta":{"footnotes":""},"class_list":["post-7923","page","type-page","status-publish","hentry"],"yoast_head":"<!-- This site is optimized with the Yoast SEO plugin v26.5 - https:\/\/yoast.com\/wordpress\/plugins\/seo\/ -->\n<title>Por qu\u00e9 evitar el apadrinamiento individual nominativo? - Humanium<\/title>\n<meta name=\"robots\" content=\"index, follow, max-snippet:-1, max-image-preview:large, max-video-preview:-1\" \/>\n<link rel=\"canonical\" href=\"https:\/\/www.humanium.org\/es\/apadrinar-a-un-nino\/por-que-evitar-el-apadrinamiento-individual-nominativo\/\" \/>\n<meta property=\"og:locale\" content=\"es_ES\" \/>\n<meta property=\"og:type\" content=\"article\" \/>\n<meta property=\"og:title\" content=\"Por qu\u00e9 evitar el apadrinamiento individual nominativo? - Humanium\" \/>\n<meta property=\"og:description\" content=\"Por qu\u00e9 evitar el apadrinamiento individual nominativo? El apadrinamiento individual presenta m\u00faltiples inconvenientes no solo para los ni\u00f1os apadrinados, sino adem\u00e1s para el donante y la organizaci\u00f3n. &gt; Los inconvenientes de una relaci\u00f3n privilegiada entre los padrinos y los ni\u00f1os apadrinados Expectativas no satisfechas El apadrinamiento individual tiene la particularidad de generar una relaci\u00f3n personal [&hellip;]\" \/>\n<meta property=\"og:url\" content=\"https:\/\/www.humanium.org\/es\/apadrinar-a-un-nino\/por-que-evitar-el-apadrinamiento-individual-nominativo\/\" \/>\n<meta property=\"og:site_name\" content=\"Humanium\" \/>\n<meta property=\"article:modified_time\" content=\"2025-12-13T21:21:05+00:00\" \/>\n<meta name=\"twitter:card\" content=\"summary_large_image\" \/>\n<meta name=\"twitter:label1\" content=\"Tiempo de lectura\" \/>\n\t<meta name=\"twitter:data1\" content=\"5 minutos\" \/>\n<script type=\"application\/ld+json\" class=\"yoast-schema-graph\">{\"@context\":\"https:\/\/schema.org\",\"@graph\":[{\"@type\":\"WebPage\",\"@id\":\"https:\/\/www.humanium.org\/es\/apadrinar-a-un-nino\/por-que-evitar-el-apadrinamiento-individual-nominativo\/\",\"url\":\"https:\/\/www.humanium.org\/es\/apadrinar-a-un-nino\/por-que-evitar-el-apadrinamiento-individual-nominativo\/\",\"name\":\"Por qu\u00e9 evitar el apadrinamiento individual nominativo? - Humanium\",\"isPartOf\":{\"@id\":\"https:\/\/www.humanium.org\/es\/#website\"},\"datePublished\":\"2015-12-09T18:00:36+00:00\",\"dateModified\":\"2025-12-13T21:21:05+00:00\",\"breadcrumb\":{\"@id\":\"https:\/\/www.humanium.org\/es\/apadrinar-a-un-nino\/por-que-evitar-el-apadrinamiento-individual-nominativo\/#breadcrumb\"},\"inLanguage\":\"es\",\"potentialAction\":[{\"@type\":\"ReadAction\",\"target\":[\"https:\/\/www.humanium.org\/es\/apadrinar-a-un-nino\/por-que-evitar-el-apadrinamiento-individual-nominativo\/\"]}]},{\"@type\":\"BreadcrumbList\",\"@id\":\"https:\/\/www.humanium.org\/es\/apadrinar-a-un-nino\/por-que-evitar-el-apadrinamiento-individual-nominativo\/#breadcrumb\",\"itemListElement\":[{\"@type\":\"ListItem\",\"position\":1,\"name\":\"Home\",\"item\":\"https:\/\/www.humanium.org\/es\/\"},{\"@type\":\"ListItem\",\"position\":2,\"name\":\"Apadrinar a un ni\u00f1o\",\"item\":\"https:\/\/www.humanium.org\/es\/apadrinar-a-un-nino\/\"},{\"@type\":\"ListItem\",\"position\":3,\"name\":\"Por qu\u00e9 evitar el apadrinamiento individual nominativo?\"}]},{\"@type\":\"WebSite\",\"@id\":\"https:\/\/www.humanium.org\/es\/#website\",\"url\":\"https:\/\/www.humanium.org\/es\/\",\"name\":\"Humanium\",\"description\":\"\u00a1Los ni\u00f1os primero!\",\"potentialAction\":[{\"@type\":\"SearchAction\",\"target\":{\"@type\":\"EntryPoint\",\"urlTemplate\":\"https:\/\/www.humanium.org\/es\/?s={search_term_string}\"},\"query-input\":{\"@type\":\"PropertyValueSpecification\",\"valueRequired\":true,\"valueName\":\"search_term_string\"}}],\"inLanguage\":\"es\"}]}<\/script>\n<!-- \/ Yoast SEO plugin. -->","yoast_head_json":{"title":"Por qu\u00e9 evitar el apadrinamiento individual nominativo? - Humanium","robots":{"index":"index","follow":"follow","max-snippet":"max-snippet:-1","max-image-preview":"max-image-preview:large","max-video-preview":"max-video-preview:-1"},"canonical":"https:\/\/www.humanium.org\/es\/apadrinar-a-un-nino\/por-que-evitar-el-apadrinamiento-individual-nominativo\/","og_locale":"es_ES","og_type":"article","og_title":"Por qu\u00e9 evitar el apadrinamiento individual nominativo? - Humanium","og_description":"Por qu\u00e9 evitar el apadrinamiento individual nominativo? El apadrinamiento individual presenta m\u00faltiples inconvenientes no solo para los ni\u00f1os apadrinados, sino adem\u00e1s para el donante y la organizaci\u00f3n. &gt; Los inconvenientes de una relaci\u00f3n privilegiada entre los padrinos y los ni\u00f1os apadrinados Expectativas no satisfechas El apadrinamiento individual tiene la particularidad de generar una relaci\u00f3n personal [&hellip;]","og_url":"https:\/\/www.humanium.org\/es\/apadrinar-a-un-nino\/por-que-evitar-el-apadrinamiento-individual-nominativo\/","og_site_name":"Humanium","article_modified_time":"2025-12-13T21:21:05+00:00","twitter_card":"summary_large_image","twitter_misc":{"Tiempo de lectura":"5 minutos"},"schema":{"@context":"https:\/\/schema.org","@graph":[{"@type":"WebPage","@id":"https:\/\/www.humanium.org\/es\/apadrinar-a-un-nino\/por-que-evitar-el-apadrinamiento-individual-nominativo\/","url":"https:\/\/www.humanium.org\/es\/apadrinar-a-un-nino\/por-que-evitar-el-apadrinamiento-individual-nominativo\/","name":"Por qu\u00e9 evitar el apadrinamiento individual nominativo? - Humanium","isPartOf":{"@id":"https:\/\/www.humanium.org\/es\/#website"},"datePublished":"2015-12-09T18:00:36+00:00","dateModified":"2025-12-13T21:21:05+00:00","breadcrumb":{"@id":"https:\/\/www.humanium.org\/es\/apadrinar-a-un-nino\/por-que-evitar-el-apadrinamiento-individual-nominativo\/#breadcrumb"},"inLanguage":"es","potentialAction":[{"@type":"ReadAction","target":["https:\/\/www.humanium.org\/es\/apadrinar-a-un-nino\/por-que-evitar-el-apadrinamiento-individual-nominativo\/"]}]},{"@type":"BreadcrumbList","@id":"https:\/\/www.humanium.org\/es\/apadrinar-a-un-nino\/por-que-evitar-el-apadrinamiento-individual-nominativo\/#breadcrumb","itemListElement":[{"@type":"ListItem","position":1,"name":"Home","item":"https:\/\/www.humanium.org\/es\/"},{"@type":"ListItem","position":2,"name":"Apadrinar a un ni\u00f1o","item":"https:\/\/www.humanium.org\/es\/apadrinar-a-un-nino\/"},{"@type":"ListItem","position":3,"name":"Por qu\u00e9 evitar el apadrinamiento individual nominativo?"}]},{"@type":"WebSite","@id":"https:\/\/www.humanium.org\/es\/#website","url":"https:\/\/www.humanium.org\/es\/","name":"Humanium","description":"\u00a1Los ni\u00f1os primero!","potentialAction":[{"@type":"SearchAction","target":{"@type":"EntryPoint","urlTemplate":"https:\/\/www.humanium.org\/es\/?s={search_term_string}"},"query-input":{"@type":"PropertyValueSpecification","valueRequired":true,"valueName":"search_term_string"}}],"inLanguage":"es"}]}},"_links":{"self":[{"href":"https:\/\/www.humanium.org\/es\/wp-json\/wp\/v2\/pages\/7923","targetHints":{"allow":["GET"]}}],"collection":[{"href":"https:\/\/www.humanium.org\/es\/wp-json\/wp\/v2\/pages"}],"about":[{"href":"https:\/\/www.humanium.org\/es\/wp-json\/wp\/v2\/types\/page"}],"author":[{"embeddable":true,"href":"https:\/\/www.humanium.org\/es\/wp-json\/wp\/v2\/users\/1"}],"replies":[{"embeddable":true,"href":"https:\/\/www.humanium.org\/es\/wp-json\/wp\/v2\/comments?post=7923"}],"version-history":[{"count":6,"href":"https:\/\/www.humanium.org\/es\/wp-json\/wp\/v2\/pages\/7923\/revisions"}],"predecessor-version":[{"id":21274,"href":"https:\/\/www.humanium.org\/es\/wp-json\/wp\/v2\/pages\/7923\/revisions\/21274"}],"up":[{"embeddable":true,"href":"https:\/\/www.humanium.org\/es\/wp-json\/wp\/v2\/pages\/7659"}],"wp:attachment":[{"href":"https:\/\/www.humanium.org\/es\/wp-json\/wp\/v2\/media?parent=7923"}],"curies":[{"name":"wp","href":"https:\/\/api.w.org\/{rel}","templated":true}]}}